{"id":20255,"date":"2026-04-03T18:53:59","date_gmt":"2026-04-03T16:53:59","guid":{"rendered":"https:\/\/monguide.net\/?page_id=20255"},"modified":"2026-04-03T18:55:34","modified_gmt":"2026-04-03T16:55:34","slug":"mariage-2","status":"publish","type":"page","link":"https:\/\/monguide.net\/fr\/mariage-2\/","title":{"rendered":"Mariage"},"content":{"rendered":"<div data-elementor-type=\"wp-page\" data-elementor-id=\"20255\" class=\"elementor elementor-20255\" data-elementor-post-type=\"page\">\n\t\t\t\t<div class=\"elementor-element elementor-element-ade5a9a e-flex e-con-boxed e-con e-parent\" data-id=\"ade5a9a\" data-element_type=\"container\" data-e-type=\"container\">\n\t\t\t\t\t<div class=\"e-con-inner\">\n\t\t<div class=\"elementor-element elementor-element-45708fb e-con-full e-flex e-con e-child\" data-id=\"45708fb\" data-element_type=\"container\" data-e-type=\"container\">\n\t\t\t\t<div class=\"elementor-element elementor-element-88de8d1 elementor-headline--style-highlight elementor-widget elementor-widget-animated-headline\" data-id=\"88de8d1\" data-element_type=\"widget\" data-e-type=\"widget\" data-settings=\"{&quot;highlighted_text&quot;:&quot;Mariage&quot;,&quot;headline_style&quot;:&quot;highlight&quot;,&quot;marker&quot;:&quot;circle&quot;,&quot;loop&quot;:&quot;yes&quot;,&quot;highlight_animation_duration&quot;:1200,&quot;highlight_iteration_delay&quot;:8000}\" data-widget_type=\"animated-headline.default\">\n\t\t\t\t<div class=\"elementor-widget-container\">\n\t\t\t\t\t\t\t<h3 class=\"elementor-headline\">\n\t\t\t\t\t<span class=\"elementor-headline-plain-text elementor-headline-text-wrapper\">Notre s\u00e9lection de livre en <\/span>\n\t\t\t\t<span class=\"elementor-headline-dynamic-wrapper elementor-headline-text-wrapper\">\n\t\t\t\t\t<span class=\"elementor-headline-dynamic-text elementor-headline-text-active\">Mariage<\/span>\n\t\t\t\t<\/span>\n\t\t\t\t<\/h3>\n\t\t\t\t\t\t<\/div>\n\t\t\t\t<\/div>\n\t\t\n\t\t<div class=\"elementor-element elementor-element-74e6a6d hidden-border-bottom-product-yes arrow-style-1 elementor-widget elementor-widget-bookory-products\" data-id=\"74e6a6d\" data-element_type=\"widget\" data-e-type=\"widget\" data-widget_type=\"bookory-products.default\">\n\t\t\t\t<div class=\"elementor-widget-container\">\n\t\t\t\t\t<div class=\"woocommerce columns-4  woocommerce-overflow columns-tablet-2 columns-mobile-1\"><div class=\"woocommerce-notices-wrapper\"><\/div><p class=\"woocommerce-result-count\" role=\"alert\" aria-relevant=\"all\" >\n\t2\u00a0r\u00e9sultats affich\u00e9s<\/p>\n<form class=\"woocommerce-ordering\" method=\"get\" action=\"\">\n\t\t<select\n\t\tname=\"orderby\"\n\t\tclass=\"orderby\"\n\t\t\t\t\taria-label=\"Commande\" data-no-translation-aria-label=\"\"\n\t\t\t>\n\t\t\t\t\t<option value=\"menu_order\"  selected='selected' data-no-translation=\"\" data-trp-gettext=\"\">Tri par d\u00e9faut<\/option>\n\t\t\t\t\t<option value=\"popularity\" data-no-translation=\"\" data-trp-gettext=\"\" >Tri par popularit\u00e9<\/option>\n\t\t\t\t\t<option value=\"rating\" data-no-translation=\"\" data-trp-gettext=\"\" >Tri par notes moyennes<\/option>\n\t\t\t\t\t<option value=\"date\" data-no-translation=\"\" data-trp-gettext=\"\" >Tri du plus r\u00e9cent au plus ancien<\/option>\n\t\t\t\t\t<option value=\"price\" data-no-translation=\"\" data-trp-gettext=\"\" >Tri par tarif croissant<\/option>\n\t\t\t\t\t<option value=\"price-desc\" data-no-translation=\"\" data-trp-gettext=\"\" >Tri par tarif d\u00e9croissant<\/option>\n\t\t\t<\/select>\n\t<input type=\"hidden\" name=\"paged\" value=\"1\" \/>\n\t<input type=\"hidden\" name=\"trp-form-language\" value=\"fr\"\/><\/form>\n<ul class=\"products columns-4\">\n\n<li class=\"product-style-default add-to-wishlist-after_add_to_cart product type-product post-20521 status-publish first instock product_cat-amour product_cat-carrousel product_cat-citations product_cat-drague product_cat-famille product_cat-le-developpement-personnel product_cat-mariage product_cat-pdf has-post-thumbnail sale downloadable shipping-taxable purchasable product-type-simple\">\n        <div class=\"product-block\">\n        <div class=\"product-transition\">\n            \n\t<span class=\"onsale\">-48%<\/span>\n\t<div class=\"product-image\"><img fetchpriority=\"high\" decoding=\"async\" width=\"300\" height=\"300\" src=\"https:\/\/monguide.net\/wp-content\/uploads\/2026\/04\/COUVERTURE-TOP-300x300.png\" class=\"attachment-woocommerce_thumbnail size-woocommerce_thumbnail\" alt=\"1500 SMS IRRESISTIBLE POUR FAIRE TOMBER AMOUREUX (SE)\" srcset=\"https:\/\/monguide.net\/wp-content\/uploads\/2026\/04\/COUVERTURE-TOP-300x300.png 300w, https:\/\/monguide.net\/wp-content\/uploads\/2026\/04\/COUVERTURE-TOP-150x150.png 150w, https:\/\/monguide.net\/wp-content\/uploads\/2026\/04\/COUVERTURE-TOP-100x100.png 100w, https:\/\/monguide.net\/wp-content\/uploads\/2026\/04\/COUVERTURE-TOP-50x50.png 50w, https:\/\/monguide.net\/wp-content\/uploads\/2026\/04\/COUVERTURE-TOP-460x460.png 460w\" sizes=\"(max-width: 300px) 100vw, 300px\" \/><\/div>            <div class=\"group-action\">\n                <div class=\"shop-action vertical\">\n                    <button class=\"woosw-btn woosw-btn-20521\" data-id=\"20521\" data-product_name=\"1500 SMS IRRESISTIBLE POUR FAIRE TOMBER AMOUREUX (SE)\" data-product_image=\"https:\/\/monguide.net\/wp-content\/uploads\/2026\/04\/COUVERTURE-TOP-150x150.png\" aria-label=\"Add to wishlist\">Add to wishlist<\/button><button class=\"woosq-btn woosq-btn-20521\" data-id=\"20521\" data-effect=\"mfp-3d-unfold\" data-context=\"default\">Quick view<\/button>                    <div class=\"opal-add-to-cart-button\">\n                        <a href=\"\/fr\/wp-json\/wp\/v2\/pages\/20255?add-to-cart=20521\" aria-describedby=\"woocommerce_loop_add_to_cart_link_describedby_20521\" data-quantity=\"1\" class=\"button product_type_simple add_to_cart_button ajax_add_to_cart\" data-product_id=\"20521\" data-product_sku=\"\" aria-label=\"Ajouter au panier\u00a0: \u201c1500 SMS IRRESISTIBLE POUR FAIRE TOMBER AMOUREUX (SE)\u201d\" rel=\"nofollow\" data-success_message=\"\u00ab\u00a01500 SMS IRRESISTIBLE POUR FAIRE TOMBER AMOUREUX (SE)\u00a0\u00bb a \u00e9t\u00e9 ajout\u00e9 \u00e0 votre panier\" role=\"button\" data-no-translation=\"\" data-trp-gettext=\"\" data-no-translation-aria-label=\"\" data-no-translation-data-success_message=\"\">Ajouter au panier<\/a>\t<span id=\"woocommerce_loop_add_to_cart_link_describedby_20521\" class=\"screen-reader-text\">\n\t\t\t<\/span>\n                    <\/div>\n                                    <\/div>\n            <\/div>\n            <a href=\"https:\/\/monguide.net\/fr\/produit\/1500-sms-irresistible-pour-faire-tomber-amoureux-se\/\" class=\"woocommerce-LoopProduct-link woocommerce-loop-product__link\"><\/a>        <\/div>\n        <div class=\"product-caption\">\n            <h3 class=\"woocommerce-loop-product__title\"><a href=\"https:\/\/monguide.net\/fr\/produit\/1500-sms-irresistible-pour-faire-tomber-amoureux-se\/\">1500 SMS IRRESISTIBLE POUR FAIRE TOMBER AMOUREUX (SE)<\/a><\/h3><div class=\"count-review\"><div class=\"star-rating\"><\/div><span>0<\/span><\/div>\n\t<span class=\"price\"><del aria-hidden=\"true\"><span class=\"woocommerce-Price-amount amount\"><bdi>23&nbsp;<span class=\"woocommerce-Price-currencySymbol\">&euro;<\/span><\/bdi><\/span><\/del> <span class=\"screen-reader-text\" data-no-translation=\"\" data-trp-gettext=\"\">Le prix initial \u00e9tait\u00a0: 23&nbsp;&euro;.<\/span><ins aria-hidden=\"true\"><span class=\"woocommerce-Price-amount amount\"><bdi>12&nbsp;<span class=\"woocommerce-Price-currencySymbol\">&euro;<\/span><\/bdi><\/span><\/ins><span class=\"screen-reader-text\" data-no-translation=\"\" data-trp-gettext=\"\">Le prix actuel est\u00a0: 12&nbsp;&euro;.<\/span><\/span>\n        <\/div>\n    <\/div>\n    \n<div\n\tclass=\"yith-wcwl-add-to-wishlist add-to-wishlist-20521 yith-wcwl-add-to-wishlist--link-style wishlist-fragment on-first-load\"\n\tdata-fragment-ref=\"20521\"\n\tdata-fragment-options=\"{&quot;base_url&quot;:&quot;&quot;,&quot;product_id&quot;:20521,&quot;parent_product_id&quot;:0,&quot;product_type&quot;:&quot;simple&quot;,&quot;is_single&quot;:false,&quot;in_default_wishlist&quot;:false,&quot;show_view&quot;:false,&quot;browse_wishlist_text&quot;:&quot;Voir la liste d\\u2019envies&quot;,&quot;already_in_wishslist_text&quot;:&quot;Le produit est d\\u00e9j\\u00e0 dans votre liste de souhaits\\u00a0!&quot;,&quot;product_added_text&quot;:&quot;Produit ajout\\u00e9 !&quot;,&quot;available_multi_wishlist&quot;:false,&quot;disable_wishlist&quot;:false,&quot;show_count&quot;:false,&quot;ajax_loading&quot;:false,&quot;loop_position&quot;:&quot;after_add_to_cart&quot;,&quot;item&quot;:&quot;add_to_wishlist&quot;}\"\n>\n\t\t\t\n\t\t\t<!-- ADD TO WISHLIST -->\n\t\t\t\n<div class=\"yith-wcwl-add-button\">\n\t\t<a\n\t\thref=\"?add_to_wishlist=20521&#038;_wpnonce=be2db47181\"\n\t\tclass=\"add_to_wishlist single_add_to_wishlist\"\n\t\tdata-product-id=\"20521\"\n\t\tdata-product-type=\"simple\"\n\t\tdata-original-product-id=\"0\"\n\t\tdata-title=\"Ajouter \u00e0 la liste d\u2019envies\"\n\t\trel=\"nofollow\"\n\t>\n\t\t<svg id=\"yith-wcwl-icon-heart-outline\" class=\"yith-wcwl-icon-svg\" fill=\"none\" stroke-width=\"1.5\" stroke=\"currentColor\" viewbox=\"0 0 24 24\" xmlns=\"http:\/\/www.w3.org\/2000\/svg\">\n  <path stroke-linecap=\"round\" stroke-linejoin=\"round\" d=\"M21 8.25c0-2.485-2.099-4.5-4.688-4.5-1.935 0-3.597 1.126-4.312 2.733-.715-1.607-2.377-2.733-4.313-2.733C5.1 3.75 3 5.765 3 8.25c0 7.22 9 12 9 12s9-4.78 9-12Z\"><\/path>\n<\/svg>\t\t<span>Ajouter \u00e0 la liste d\u2019envies<\/span>\n\t<\/a>\n<\/div>\n\n\t\t\t<!-- COUNT TEXT -->\n\t\t\t\n\t\t\t<\/div>\n<\/li>\n<li class=\"product-style-default add-to-wishlist-after_add_to_cart product type-product post-20508 status-publish instock product_cat-communication product_cat-connaissances product_cat-drague product_cat-famille product_cat-la-psychologie product_cat-le-developpement-personnel product_cat-mariage product_cat-pdf product_cat-psychologie has-post-thumbnail sale downloadable shipping-taxable purchasable product-type-simple\">\n        <div class=\"product-block\">\n        <div class=\"product-transition\">\n            \n\t<span class=\"onsale\">-65%<\/span>\n\t<div class=\"product-image\"><img decoding=\"async\" width=\"300\" height=\"300\" src=\"https:\/\/monguide.net\/wp-content\/uploads\/2026\/04\/COMPRENDRE-LES-FEMMES-300x300.png\" class=\"attachment-woocommerce_thumbnail size-woocommerce_thumbnail\" alt=\"COMPRENDRE LES FEMMES\" srcset=\"https:\/\/monguide.net\/wp-content\/uploads\/2026\/04\/COMPRENDRE-LES-FEMMES-300x300.png 300w, https:\/\/monguide.net\/wp-content\/uploads\/2026\/04\/COMPRENDRE-LES-FEMMES-150x150.png 150w, https:\/\/monguide.net\/wp-content\/uploads\/2026\/04\/COMPRENDRE-LES-FEMMES-100x100.png 100w, https:\/\/monguide.net\/wp-content\/uploads\/2026\/04\/COMPRENDRE-LES-FEMMES-50x50.png 50w, https:\/\/monguide.net\/wp-content\/uploads\/2026\/04\/COMPRENDRE-LES-FEMMES-460x460.png 460w\" sizes=\"(max-width: 300px) 100vw, 300px\" \/><\/div>            <div class=\"group-action\">\n                <div class=\"shop-action vertical\">\n                    <button class=\"woosw-btn woosw-btn-20508\" data-id=\"20508\" data-product_name=\"COMPRENDRE LES FEMMES\" data-product_image=\"https:\/\/monguide.net\/wp-content\/uploads\/2026\/04\/COMPRENDRE-LES-FEMMES-150x150.png\" aria-label=\"Add to wishlist\">Add to wishlist<\/button><button class=\"woosq-btn woosq-btn-20508\" data-id=\"20508\" data-effect=\"mfp-3d-unfold\" data-context=\"default\">Quick view<\/button>                    <div class=\"opal-add-to-cart-button\">\n                        <a href=\"\/fr\/wp-json\/wp\/v2\/pages\/20255?add-to-cart=20508\" aria-describedby=\"woocommerce_loop_add_to_cart_link_describedby_20508\" data-quantity=\"1\" class=\"button product_type_simple add_to_cart_button ajax_add_to_cart\" data-product_id=\"20508\" data-product_sku=\"\" aria-label=\"Ajouter au panier\u00a0: \u201cCOMPRENDRE LES FEMMES\u201d\" rel=\"nofollow\" data-success_message=\"\u00ab\u00a0COMPRENDRE LES FEMMES\u00a0\u00bb a \u00e9t\u00e9 ajout\u00e9 \u00e0 votre panier\" role=\"button\" data-no-translation=\"\" data-trp-gettext=\"\" data-no-translation-aria-label=\"\" data-no-translation-data-success_message=\"\">Ajouter au panier<\/a>\t<span id=\"woocommerce_loop_add_to_cart_link_describedby_20508\" class=\"screen-reader-text\">\n\t\t\t<\/span>\n                    <\/div>\n                                    <\/div>\n            <\/div>\n            <a href=\"https:\/\/monguide.net\/fr\/produit\/comprendre-les-femmes\/\" class=\"woocommerce-LoopProduct-link woocommerce-loop-product__link\"><\/a>        <\/div>\n        <div class=\"product-caption\">\n            <h3 class=\"woocommerce-loop-product__title\"><a href=\"https:\/\/monguide.net\/fr\/produit\/comprendre-les-femmes\/\">COMPRENDRE LES FEMMES<\/a><\/h3><div class=\"count-review\"><div class=\"star-rating\"><\/div><span>0<\/span><\/div>\n\t<span class=\"price\"><del aria-hidden=\"true\"><span class=\"woocommerce-Price-amount amount\"><bdi>20&nbsp;<span class=\"woocommerce-Price-currencySymbol\">&euro;<\/span><\/bdi><\/span><\/del> <span class=\"screen-reader-text\" data-no-translation=\"\" data-trp-gettext=\"\">Le prix initial \u00e9tait\u00a0: 20&nbsp;&euro;.<\/span><ins aria-hidden=\"true\"><span class=\"woocommerce-Price-amount amount\"><bdi>7&nbsp;<span class=\"woocommerce-Price-currencySymbol\">&euro;<\/span><\/bdi><\/span><\/ins><span class=\"screen-reader-text\" data-no-translation=\"\" data-trp-gettext=\"\">Le prix actuel est\u00a0: 7&nbsp;&euro;.<\/span><\/span>\n        <\/div>\n    <\/div>\n    \n<div\n\tclass=\"yith-wcwl-add-to-wishlist add-to-wishlist-20508 yith-wcwl-add-to-wishlist--link-style wishlist-fragment on-first-load\"\n\tdata-fragment-ref=\"20508\"\n\tdata-fragment-options=\"{&quot;base_url&quot;:&quot;&quot;,&quot;product_id&quot;:20508,&quot;parent_product_id&quot;:0,&quot;product_type&quot;:&quot;simple&quot;,&quot;is_single&quot;:false,&quot;in_default_wishlist&quot;:false,&quot;show_view&quot;:false,&quot;browse_wishlist_text&quot;:&quot;Voir la liste d\\u2019envies&quot;,&quot;already_in_wishslist_text&quot;:&quot;Le produit est d\\u00e9j\\u00e0 dans votre liste de souhaits\\u00a0!&quot;,&quot;product_added_text&quot;:&quot;Produit ajout\\u00e9 !&quot;,&quot;available_multi_wishlist&quot;:false,&quot;disable_wishlist&quot;:false,&quot;show_count&quot;:false,&quot;ajax_loading&quot;:false,&quot;loop_position&quot;:&quot;after_add_to_cart&quot;,&quot;item&quot;:&quot;add_to_wishlist&quot;}\"\n>\n\t\t\t\n\t\t\t<!-- ADD TO WISHLIST -->\n\t\t\t\n<div class=\"yith-wcwl-add-button\">\n\t\t<a\n\t\thref=\"?add_to_wishlist=20508&#038;_wpnonce=be2db47181\"\n\t\tclass=\"add_to_wishlist single_add_to_wishlist\"\n\t\tdata-product-id=\"20508\"\n\t\tdata-product-type=\"simple\"\n\t\tdata-original-product-id=\"0\"\n\t\tdata-title=\"Ajouter \u00e0 la liste d\u2019envies\"\n\t\trel=\"nofollow\"\n\t>\n\t\t<svg id=\"yith-wcwl-icon-heart-outline\" class=\"yith-wcwl-icon-svg\" fill=\"none\" stroke-width=\"1.5\" stroke=\"currentColor\" viewbox=\"0 0 24 24\" xmlns=\"http:\/\/www.w3.org\/2000\/svg\">\n  <path stroke-linecap=\"round\" stroke-linejoin=\"round\" d=\"M21 8.25c0-2.485-2.099-4.5-4.688-4.5-1.935 0-3.597 1.126-4.312 2.733-.715-1.607-2.377-2.733-4.313-2.733C5.1 3.75 3 5.765 3 8.25c0 7.22 9 12 9 12s9-4.78 9-12Z\"><\/path>\n<\/svg>\t\t<span>Ajouter \u00e0 la liste d\u2019envies<\/span>\n\t<\/a>\n<\/div>\n\n\t\t\t<!-- COUNT TEXT -->\n\t\t\t\n\t\t\t<\/div>\n<\/li>\n<\/ul>\n<nav class=\"woocommerce-pagination\">\n    <\/nav>\n<\/div>\t\t\t\t<\/div>\n\t\t\t\t<\/div>\n\t\t\t\t<\/div>\n\t\t\t\t\t<\/div>\n\t\t\t\t<\/div>\n\t\t\t\t<\/div>","protected":false},"excerpt":{"rendered":"<p>Notre s\u00e9lection de livre en Mariage<\/p>","protected":false},"author":3,"featured_media":0,"parent":0,"menu_order":0,"comment_status":"closed","ping_status":"closed","template":"","meta":{"footnotes":""},"class_list":["post-20255","page","type-page","status-publish","hentry"],"yoast_head":"<!-- This site is optimized with the Yoast SEO plugin v27.4 - https:\/\/yoast.com\/product\/yoast-seo-wordpress\/ -->\n<title>Mariage - Mon Guide<\/title>\n<meta name=\"robots\" content=\"index, follow, max-snippet:-1, max-image-preview:large, max-video-preview:-1\" \/>\n<link rel=\"canonical\" href=\"https:\/\/monguide.net\/fr\/mariage-2\/\" \/>\n<meta property=\"og:locale\" content=\"fr_FR\" \/>\n<meta property=\"og:type\" content=\"article\" \/>\n<meta property=\"og:title\" content=\"Mariage - Mon Guide\" \/>\n<meta property=\"og:description\" content=\"Notre s\u00e9lection de livre en Mariage\" \/>\n<meta property=\"og:url\" content=\"https:\/\/monguide.net\/fr\/mariage-2\/\" \/>\n<meta property=\"og:site_name\" content=\"Mon Guide\" \/>\n<meta property=\"article:publisher\" content=\"https:\/\/web.facebook.com\/profile.php?id=61558559594373&amp;ref=embed_page\" \/>\n<meta property=\"article:modified_time\" content=\"2026-04-03T16:55:34+00:00\" \/>\n<meta name=\"twitter:card\" content=\"summary_large_image\" \/>\n<meta name=\"twitter:label1\" content=\"Dur\u00e9e de lecture estim\u00e9e\" \/>\n\t<meta name=\"twitter:data1\" content=\"1 minute\" \/>\n<script type=\"application\/ld+json\" class=\"yoast-schema-graph\">{\"@context\":\"https:\\\/\\\/schema.org\",\"@graph\":[{\"@type\":\"WebPage\",\"@id\":\"https:\\\/\\\/monguide.net\\\/mariage-2\\\/\",\"url\":\"https:\\\/\\\/monguide.net\\\/mariage-2\\\/\",\"name\":\"Mariage - Mon Guide\",\"isPartOf\":{\"@id\":\"https:\\\/\\\/monguide.net\\\/#website\"},\"datePublished\":\"2026-04-03T16:53:59+00:00\",\"dateModified\":\"2026-04-03T16:55:34+00:00\",\"breadcrumb\":{\"@id\":\"https:\\\/\\\/monguide.net\\\/mariage-2\\\/#breadcrumb\"},\"inLanguage\":\"fr-FR\",\"potentialAction\":[{\"@type\":\"ReadAction\",\"target\":[\"https:\\\/\\\/monguide.net\\\/mariage-2\\\/\"]}]},{\"@type\":\"BreadcrumbList\",\"@id\":\"https:\\\/\\\/monguide.net\\\/mariage-2\\\/#breadcrumb\",\"itemListElement\":[{\"@type\":\"ListItem\",\"position\":1,\"name\":\"Accueil\",\"item\":\"https:\\\/\\\/monguide.net\\\/\"},{\"@type\":\"ListItem\",\"position\":2,\"name\":\"Mariage\"}]},{\"@type\":\"WebSite\",\"@id\":\"https:\\\/\\\/monguide.net\\\/#website\",\"url\":\"https:\\\/\\\/monguide.net\\\/\",\"name\":\"Mon Guide\",\"description\":\"La boussole du monde. Tous vos livres et ebook \u00e0 un endroit\",\"publisher\":{\"@id\":\"https:\\\/\\\/monguide.net\\\/#organization\"},\"potentialAction\":[{\"@type\":\"SearchAction\",\"target\":{\"@type\":\"EntryPoint\",\"urlTemplate\":\"https:\\\/\\\/monguide.net\\\/?s={search_term_string}\"},\"query-input\":{\"@type\":\"PropertyValueSpecification\",\"valueRequired\":true,\"valueName\":\"search_term_string\"}}],\"inLanguage\":\"fr-FR\"},{\"@type\":\"Organization\",\"@id\":\"https:\\\/\\\/monguide.net\\\/#organization\",\"name\":\"Mon Guide\",\"url\":\"https:\\\/\\\/monguide.net\\\/\",\"logo\":{\"@type\":\"ImageObject\",\"inLanguage\":\"fr-FR\",\"@id\":\"https:\\\/\\\/monguide.net\\\/#\\\/schema\\\/logo\\\/image\\\/\",\"url\":\"http:\\\/\\\/monguide.net\\\/wp-content\\\/uploads\\\/2024\\\/05\\\/Favicon.png\",\"contentUrl\":\"http:\\\/\\\/monguide.net\\\/wp-content\\\/uploads\\\/2024\\\/05\\\/Favicon.png\",\"width\":512,\"height\":512,\"caption\":\"Mon Guide\"},\"image\":{\"@id\":\"https:\\\/\\\/monguide.net\\\/#\\\/schema\\\/logo\\\/image\\\/\"},\"sameAs\":[\"https:\\\/\\\/web.facebook.com\\\/profile.php?id=61558559594373&ref=embed_page\"]}]}<\/script>\n<!-- \/ Yoast SEO plugin. -->","yoast_head_json":{"title":"Mariage - Mon Guide","robots":{"index":"index","follow":"follow","max-snippet":"max-snippet:-1","max-image-preview":"max-image-preview:large","max-video-preview":"max-video-preview:-1"},"canonical":"https:\/\/monguide.net\/fr\/mariage-2\/","og_locale":"fr_FR","og_type":"article","og_title":"Mariage - Mon Guide","og_description":"Notre s\u00e9lection de livre en Mariage","og_url":"https:\/\/monguide.net\/fr\/mariage-2\/","og_site_name":"Mon Guide","article_publisher":"https:\/\/web.facebook.com\/profile.php?id=61558559594373&ref=embed_page","article_modified_time":"2026-04-03T16:55:34+00:00","twitter_card":"summary_large_image","twitter_misc":{"Dur\u00e9e de lecture estim\u00e9e":"1 minute"},"schema":{"@context":"https:\/\/schema.org","@graph":[{"@type":"WebPage","@id":"https:\/\/monguide.net\/mariage-2\/","url":"https:\/\/monguide.net\/mariage-2\/","name":"Mariage - Mon Guide","isPartOf":{"@id":"https:\/\/monguide.net\/#website"},"datePublished":"2026-04-03T16:53:59+00:00","dateModified":"2026-04-03T16:55:34+00:00","breadcrumb":{"@id":"https:\/\/monguide.net\/mariage-2\/#breadcrumb"},"inLanguage":"fr-FR","potentialAction":[{"@type":"ReadAction","target":["https:\/\/monguide.net\/mariage-2\/"]}]},{"@type":"BreadcrumbList","@id":"https:\/\/monguide.net\/mariage-2\/#breadcrumb","itemListElement":[{"@type":"ListItem","position":1,"name":"Accueil","item":"https:\/\/monguide.net\/"},{"@type":"ListItem","position":2,"name":"Mariage"}]},{"@type":"WebSite","@id":"https:\/\/monguide.net\/#website","url":"https:\/\/monguide.net\/","name":"Mon Guide","description":"La boussole du monde. Tous vos livres et ebook \u00e0 un endroit","publisher":{"@id":"https:\/\/monguide.net\/#organization"},"potentialAction":[{"@type":"SearchAction","target":{"@type":"EntryPoint","urlTemplate":"https:\/\/monguide.net\/?s={search_term_string}"},"query-input":{"@type":"PropertyValueSpecification","valueRequired":true,"valueName":"search_term_string"}}],"inLanguage":"fr-FR"},{"@type":"Organization","@id":"https:\/\/monguide.net\/#organization","name":"Mon Guide","url":"https:\/\/monguide.net\/","logo":{"@type":"ImageObject","inLanguage":"fr-FR","@id":"https:\/\/monguide.net\/#\/schema\/logo\/image\/","url":"https:\/\/monguide.net\/wp-content\/uploads\/2024\/05\/Favicon.png","contentUrl":"https:\/\/monguide.net\/wp-content\/uploads\/2024\/05\/Favicon.png","width":512,"height":512,"caption":"Mon Guide"},"image":{"@id":"https:\/\/monguide.net\/#\/schema\/logo\/image\/"},"sameAs":["https:\/\/web.facebook.com\/profile.php?id=61558559594373&ref=embed_page"]}]}},"jetpack_sharing_enabled":true,"_links":{"self":[{"href":"https:\/\/monguide.net\/fr\/wp-json\/wp\/v2\/pages\/20255","targetHints":{"allow":["GET"]}}],"collection":[{"href":"https:\/\/monguide.net\/fr\/wp-json\/wp\/v2\/pages"}],"about":[{"href":"https:\/\/monguide.net\/fr\/wp-json\/wp\/v2\/types\/page"}],"author":[{"embeddable":true,"href":"https:\/\/monguide.net\/fr\/wp-json\/wp\/v2\/users\/3"}],"replies":[{"embeddable":true,"href":"https:\/\/monguide.net\/fr\/wp-json\/wp\/v2\/comments?post=20255"}],"version-history":[{"count":0,"href":"https:\/\/monguide.net\/fr\/wp-json\/wp\/v2\/pages\/20255\/revisions"}],"wp:attachment":[{"href":"https:\/\/monguide.net\/fr\/wp-json\/wp\/v2\/media?parent=20255"}],"curies":[{"name":"wp","href":"https:\/\/api.w.org\/{rel}","templated":true}]}}