{"id":16182,"date":"2024-05-09T20:00:05","date_gmt":"2024-05-09T18:00:05","guid":{"rendered":"https:\/\/monguide.net\/?post_type=product&#038;p=16182"},"modified":"2026-03-27T11:32:10","modified_gmt":"2026-03-27T10:32:10","slug":"osez-faire-lamour-au-bureau","status":"publish","type":"product","link":"https:\/\/monguide.net\/fr\/produit\/osez-faire-lamour-au-bureau\/","title":{"rendered":"Osez faire l&#8217;amour au bureau"},"content":{"rendered":"<p>Depuis que la grande majorit\u00e9 des urbains \u0153uvrent dans le \u00ab secteur tertiaire \u00bb, le bureau est devenu l\u2019un des lieux les plus propices aux rencontres amoureuses et s\u2019y envoyer en l\u2019air, le fantasme le plus r\u00e9pandu chez les Fran\u00e7ais. Tout, dans le fonctionnement des entreprises, semble pousser les hommes et les femmes qui y travaillent \u00e0 nouer des relations intimes. Mais du simple flirt entre coll\u00e8gues au passage \u00e0 l\u2019acte, il y a un grand pas ! Les endroits con\u00e7us pour travailler ne se pr\u00eatent pas naturellement aux activit\u00e9s sexuelles clandestines. Ce guide gentiment subversif vous donne quelques conseils pour assouvir vos d\u00e9sirs au boulot (avec qui faire l\u2019amour selon l\u2019organigramme de l\u2019entreprise, comment choisir le lieu le plus appropri\u00e9), propose un Kama Sutra du bureau\u2026 et il vous donne surtout un conseil essentiel : prudence!<\/p>","protected":false},"excerpt":{"rendered":"<p>Depuis que la grande majorit\u00e9 des urbains \u0153uvrent dans le \u00ab secteur tertiaire \u00bb, le bureau est devenu l\u2019un des lieux les plus propices aux rencontres amoureuses et s\u2019y envoyer en l\u2019air, le fantasme le plus r\u00e9pandu chez les Fran\u00e7ais. Tout, dans le fonctionnement des entreprises, semble pousser les hommes et les femmes qui y travaillent \u00e0 nouer des relations intimes. Mais du simple flirt entre coll\u00e8gues au passage \u00e0 l\u2019acte, il y a un grand pas ! Les endroits con\u00e7us pour travailler ne se pr\u00eatent pas naturellement aux activit\u00e9s sexuelles clandestines. Ce guide<br \/>\ngentiment subversif vous donne quelques conseils pour assouvir vos d\u00e9sirs au boulot (avec qui faire l\u2019amour selon l\u2019organigramme de l\u2019entreprise, comment choisir le lieu le plus appropri\u00e9), propose un Kama Sutra du bureau\u2026 et il vous donne surtout un conseil essentiel : prudence<\/p>","protected":false},"featured_media":16180,"comment_status":"open","ping_status":"closed","template":"","meta":[],"product_cat":[84,317],"product_tag":[],"class_list":{"0":"post-16182","1":"product","2":"type-product","3":"status-publish","4":"has-post-thumbnail","6":"product_cat-amour","7":"product_cat-pdf","9":"first","10":"instock","11":"sale","12":"downloadable","13":"shipping-taxable","14":"purchasable","15":"product-type-simple","16":"add-to-wishlist-after_add_to_cart"},"yoast_head":"<!-- This site is optimized with the Yoast SEO plugin v27.4 - https:\/\/yoast.com\/product\/yoast-seo-wordpress\/ -->\n<title>Osez faire l&#039;amour au bureau - Mon Guide<\/title>\n<meta name=\"robots\" content=\"index, follow, max-snippet:-1, max-image-preview:large, max-video-preview:-1\" \/>\n<link rel=\"canonical\" href=\"https:\/\/monguide.net\/fr\/produit\/osez-faire-lamour-au-bureau\/\" \/>\n<meta property=\"og:locale\" content=\"fr_FR\" \/>\n<meta property=\"og:type\" content=\"article\" \/>\n<meta property=\"og:title\" content=\"Osez faire l&#039;amour au bureau - Mon Guide\" \/>\n<meta property=\"og:description\" content=\"Depuis que la grande majorit\u00e9 des urbains \u0153uvrent dans le \u00ab secteur tertiaire \u00bb, le bureau est devenu l\u2019un des lieux les plus propices aux rencontres amoureuses et s\u2019y envoyer en l\u2019air, le fantasme le plus r\u00e9pandu chez les Fran\u00e7ais. Tout, dans le fonctionnement des entreprises, semble pousser les hommes et les femmes qui y travaillent \u00e0 nouer des relations intimes. Mais du simple flirt entre coll\u00e8gues au passage \u00e0 l\u2019acte, il y a un grand pas ! Les endroits con\u00e7us pour travailler ne se pr\u00eatent pas naturellement aux activit\u00e9s sexuelles clandestines. Ce guide gentiment subversif vous donne quelques conseils pour assouvir vos d\u00e9sirs au boulot (avec qui faire l\u2019amour selon l\u2019organigramme de l\u2019entreprise, comment choisir le lieu le plus appropri\u00e9), propose un Kama Sutra du bureau\u2026 et il vous donne surtout un conseil essentiel : prudence\" \/>\n<meta property=\"og:url\" content=\"https:\/\/monguide.net\/fr\/produit\/osez-faire-lamour-au-bureau\/\" \/>\n<meta property=\"og:site_name\" content=\"Mon Guide\" \/>\n<meta property=\"article:publisher\" content=\"https:\/\/web.facebook.com\/profile.php?id=61558559594373&amp;ref=embed_page\" \/>\n<meta property=\"article:modified_time\" content=\"2026-03-27T10:32:10+00:00\" \/>\n<meta property=\"og:image\" content=\"https:\/\/monguide.net\/wp-content\/uploads\/2024\/05\/COUVERTURE-9.jpg\" \/>\n\t<meta property=\"og:image:width\" content=\"1240\" \/>\n\t<meta property=\"og:image:height\" content=\"1755\" \/>\n\t<meta property=\"og:image:type\" content=\"image\/jpeg\" \/>\n<meta name=\"twitter:card\" content=\"summary_large_image\" \/>\n<meta name=\"twitter:label1\" content=\"Dur\u00e9e de lecture estim\u00e9e\" \/>\n\t<meta name=\"twitter:data1\" content=\"1 minute\" \/>\n<script type=\"application\/ld+json\" class=\"yoast-schema-graph\">{\"@context\":\"https:\\\/\\\/schema.org\",\"@graph\":[{\"@type\":\"WebPage\",\"@id\":\"https:\\\/\\\/monguide.net\\\/produit\\\/osez-faire-lamour-au-bureau\\\/\",\"url\":\"https:\\\/\\\/monguide.net\\\/produit\\\/osez-faire-lamour-au-bureau\\\/\",\"name\":\"Osez faire l'amour au bureau - Mon Guide\",\"isPartOf\":{\"@id\":\"https:\\\/\\\/monguide.net\\\/#website\"},\"primaryImageOfPage\":{\"@id\":\"https:\\\/\\\/monguide.net\\\/produit\\\/osez-faire-lamour-au-bureau\\\/#primaryimage\"},\"image\":{\"@id\":\"https:\\\/\\\/monguide.net\\\/produit\\\/osez-faire-lamour-au-bureau\\\/#primaryimage\"},\"thumbnailUrl\":\"https:\\\/\\\/monguide.net\\\/wp-content\\\/uploads\\\/2024\\\/05\\\/COUVERTURE-9.jpg\",\"datePublished\":\"2024-05-09T18:00:05+00:00\",\"dateModified\":\"2026-03-27T10:32:10+00:00\",\"breadcrumb\":{\"@id\":\"https:\\\/\\\/monguide.net\\\/produit\\\/osez-faire-lamour-au-bureau\\\/#breadcrumb\"},\"inLanguage\":\"fr-FR\",\"potentialAction\":[{\"@type\":\"ReadAction\",\"target\":[\"https:\\\/\\\/monguide.net\\\/produit\\\/osez-faire-lamour-au-bureau\\\/\"]}]},{\"@type\":\"ImageObject\",\"inLanguage\":\"fr-FR\",\"@id\":\"https:\\\/\\\/monguide.net\\\/produit\\\/osez-faire-lamour-au-bureau\\\/#primaryimage\",\"url\":\"https:\\\/\\\/monguide.net\\\/wp-content\\\/uploads\\\/2024\\\/05\\\/COUVERTURE-9.jpg\",\"contentUrl\":\"https:\\\/\\\/monguide.net\\\/wp-content\\\/uploads\\\/2024\\\/05\\\/COUVERTURE-9.jpg\",\"width\":1240,\"height\":1755},{\"@type\":\"BreadcrumbList\",\"@id\":\"https:\\\/\\\/monguide.net\\\/produit\\\/osez-faire-lamour-au-bureau\\\/#breadcrumb\",\"itemListElement\":[{\"@type\":\"ListItem\",\"position\":1,\"name\":\"Accueil\",\"item\":\"https:\\\/\\\/monguide.net\\\/\"},{\"@type\":\"ListItem\",\"position\":2,\"name\":\"Boutique\",\"item\":\"https:\\\/\\\/monguide.net\\\/shop\\\/\"},{\"@type\":\"ListItem\",\"position\":3,\"name\":\"Osez faire l&#8217;amour au bureau\"}]},{\"@type\":\"WebSite\",\"@id\":\"https:\\\/\\\/monguide.net\\\/#website\",\"url\":\"https:\\\/\\\/monguide.net\\\/\",\"name\":\"Mon Guide\",\"description\":\"La boussole du monde. Tous vos livres et ebook \u00e0 un endroit\",\"publisher\":{\"@id\":\"https:\\\/\\\/monguide.net\\\/#organization\"},\"potentialAction\":[{\"@type\":\"SearchAction\",\"target\":{\"@type\":\"EntryPoint\",\"urlTemplate\":\"https:\\\/\\\/monguide.net\\\/?s={search_term_string}\"},\"query-input\":{\"@type\":\"PropertyValueSpecification\",\"valueRequired\":true,\"valueName\":\"search_term_string\"}}],\"inLanguage\":\"fr-FR\"},{\"@type\":\"Organization\",\"@id\":\"https:\\\/\\\/monguide.net\\\/#organization\",\"name\":\"Mon Guide\",\"url\":\"https:\\\/\\\/monguide.net\\\/\",\"logo\":{\"@type\":\"ImageObject\",\"inLanguage\":\"fr-FR\",\"@id\":\"https:\\\/\\\/monguide.net\\\/#\\\/schema\\\/logo\\\/image\\\/\",\"url\":\"http:\\\/\\\/monguide.net\\\/wp-content\\\/uploads\\\/2024\\\/05\\\/Favicon.png\",\"contentUrl\":\"http:\\\/\\\/monguide.net\\\/wp-content\\\/uploads\\\/2024\\\/05\\\/Favicon.png\",\"width\":512,\"height\":512,\"caption\":\"Mon Guide\"},\"image\":{\"@id\":\"https:\\\/\\\/monguide.net\\\/#\\\/schema\\\/logo\\\/image\\\/\"},\"sameAs\":[\"https:\\\/\\\/web.facebook.com\\\/profile.php?id=61558559594373&ref=embed_page\"]}]}<\/script>\n<!-- \/ Yoast SEO plugin. -->","yoast_head_json":{"title":"Osez faire l'amour au bureau - Mon Guide","robots":{"index":"index","follow":"follow","max-snippet":"max-snippet:-1","max-image-preview":"max-image-preview:large","max-video-preview":"max-video-preview:-1"},"canonical":"https:\/\/monguide.net\/fr\/produit\/osez-faire-lamour-au-bureau\/","og_locale":"fr_FR","og_type":"article","og_title":"Osez faire l'amour au bureau - Mon Guide","og_description":"Depuis que la grande majorit\u00e9 des urbains \u0153uvrent dans le \u00ab secteur tertiaire \u00bb, le bureau est devenu l\u2019un des lieux les plus propices aux rencontres amoureuses et s\u2019y envoyer en l\u2019air, le fantasme le plus r\u00e9pandu chez les Fran\u00e7ais. Tout, dans le fonctionnement des entreprises, semble pousser les hommes et les femmes qui y travaillent \u00e0 nouer des relations intimes. Mais du simple flirt entre coll\u00e8gues au passage \u00e0 l\u2019acte, il y a un grand pas ! Les endroits con\u00e7us pour travailler ne se pr\u00eatent pas naturellement aux activit\u00e9s sexuelles clandestines. Ce guide gentiment subversif vous donne quelques conseils pour assouvir vos d\u00e9sirs au boulot (avec qui faire l\u2019amour selon l\u2019organigramme de l\u2019entreprise, comment choisir le lieu le plus appropri\u00e9), propose un Kama Sutra du bureau\u2026 et il vous donne surtout un conseil essentiel : prudence","og_url":"https:\/\/monguide.net\/fr\/produit\/osez-faire-lamour-au-bureau\/","og_site_name":"Mon Guide","article_publisher":"https:\/\/web.facebook.com\/profile.php?id=61558559594373&ref=embed_page","article_modified_time":"2026-03-27T10:32:10+00:00","og_image":[{"width":1240,"height":1755,"url":"https:\/\/monguide.net\/wp-content\/uploads\/2024\/05\/COUVERTURE-9.jpg","type":"image\/jpeg"}],"twitter_card":"summary_large_image","twitter_misc":{"Dur\u00e9e de lecture estim\u00e9e":"1 minute"},"schema":{"@context":"https:\/\/schema.org","@graph":[{"@type":"WebPage","@id":"https:\/\/monguide.net\/produit\/osez-faire-lamour-au-bureau\/","url":"https:\/\/monguide.net\/produit\/osez-faire-lamour-au-bureau\/","name":"Osez faire l'amour au bureau - Mon Guide","isPartOf":{"@id":"https:\/\/monguide.net\/#website"},"primaryImageOfPage":{"@id":"https:\/\/monguide.net\/produit\/osez-faire-lamour-au-bureau\/#primaryimage"},"image":{"@id":"https:\/\/monguide.net\/produit\/osez-faire-lamour-au-bureau\/#primaryimage"},"thumbnailUrl":"https:\/\/monguide.net\/wp-content\/uploads\/2024\/05\/COUVERTURE-9.jpg","datePublished":"2024-05-09T18:00:05+00:00","dateModified":"2026-03-27T10:32:10+00:00","breadcrumb":{"@id":"https:\/\/monguide.net\/produit\/osez-faire-lamour-au-bureau\/#breadcrumb"},"inLanguage":"fr-FR","potentialAction":[{"@type":"ReadAction","target":["https:\/\/monguide.net\/produit\/osez-faire-lamour-au-bureau\/"]}]},{"@type":"ImageObject","inLanguage":"fr-FR","@id":"https:\/\/monguide.net\/produit\/osez-faire-lamour-au-bureau\/#primaryimage","url":"https:\/\/monguide.net\/wp-content\/uploads\/2024\/05\/COUVERTURE-9.jpg","contentUrl":"https:\/\/monguide.net\/wp-content\/uploads\/2024\/05\/COUVERTURE-9.jpg","width":1240,"height":1755},{"@type":"BreadcrumbList","@id":"https:\/\/monguide.net\/produit\/osez-faire-lamour-au-bureau\/#breadcrumb","itemListElement":[{"@type":"ListItem","position":1,"name":"Accueil","item":"https:\/\/monguide.net\/"},{"@type":"ListItem","position":2,"name":"Boutique","item":"https:\/\/monguide.net\/shop\/"},{"@type":"ListItem","position":3,"name":"Osez faire l&#8217;amour au bureau"}]},{"@type":"WebSite","@id":"https:\/\/monguide.net\/#website","url":"https:\/\/monguide.net\/","name":"Mon Guide","description":"La boussole du monde. Tous vos livres et ebook \u00e0 un endroit","publisher":{"@id":"https:\/\/monguide.net\/#organization"},"potentialAction":[{"@type":"SearchAction","target":{"@type":"EntryPoint","urlTemplate":"https:\/\/monguide.net\/?s={search_term_string}"},"query-input":{"@type":"PropertyValueSpecification","valueRequired":true,"valueName":"search_term_string"}}],"inLanguage":"fr-FR"},{"@type":"Organization","@id":"https:\/\/monguide.net\/#organization","name":"Mon Guide","url":"https:\/\/monguide.net\/","logo":{"@type":"ImageObject","inLanguage":"fr-FR","@id":"https:\/\/monguide.net\/#\/schema\/logo\/image\/","url":"https:\/\/monguide.net\/wp-content\/uploads\/2024\/05\/Favicon.png","contentUrl":"https:\/\/monguide.net\/wp-content\/uploads\/2024\/05\/Favicon.png","width":512,"height":512,"caption":"Mon Guide"},"image":{"@id":"https:\/\/monguide.net\/#\/schema\/logo\/image\/"},"sameAs":["https:\/\/web.facebook.com\/profile.php?id=61558559594373&ref=embed_page"]}]}},"jetpack_sharing_enabled":true,"_links":{"self":[{"href":"https:\/\/monguide.net\/fr\/wp-json\/wp\/v2\/product\/16182","targetHints":{"allow":["GET"]}}],"collection":[{"href":"https:\/\/monguide.net\/fr\/wp-json\/wp\/v2\/product"}],"about":[{"href":"https:\/\/monguide.net\/fr\/wp-json\/wp\/v2\/types\/product"}],"replies":[{"embeddable":true,"href":"https:\/\/monguide.net\/fr\/wp-json\/wp\/v2\/comments?post=16182"}],"version-history":[{"count":0,"href":"https:\/\/monguide.net\/fr\/wp-json\/wp\/v2\/product\/16182\/revisions"}],"wp:featuredmedia":[{"embeddable":true,"href":"https:\/\/monguide.net\/fr\/wp-json\/wp\/v2\/media\/16180"}],"wp:attachment":[{"href":"https:\/\/monguide.net\/fr\/wp-json\/wp\/v2\/media?parent=16182"}],"wp:term":[{"taxonomy":"product_cat","embeddable":true,"href":"https:\/\/monguide.net\/fr\/wp-json\/wp\/v2\/product_cat?post=16182"},{"taxonomy":"product_tag","embeddable":true,"href":"https:\/\/monguide.net\/fr\/wp-json\/wp\/v2\/product_tag?post=16182"}],"curies":[{"name":"wp","href":"https:\/\/api.w.org\/{rel}","templated":true}]}}