{"id":16252,"date":"2024-05-10T11:26:32","date_gmt":"2024-05-10T09:26:32","guid":{"rendered":"https:\/\/monguide.net\/?post_type=product&#038;p=16252"},"modified":"2026-03-27T11:32:11","modified_gmt":"2026-03-27T10:32:11","slug":"livre-audio-developpez-votre-leadership","status":"publish","type":"product","link":"https:\/\/monguide.net\/fr\/produit\/livre-audio-developpez-votre-leadership\/","title":{"rendered":"D\u00e9veloppez votre leadership &#8211; Livre audio"},"content":{"rendered":"<p>Dans cet ouvrage, vous d\u00e9couvrirez les fondements du leadership que John Maxwell a utilis\u00e9s en tant que pasteur et dirigeant d&#8217;entreprise pendant plus de quarante ans. Ces m\u00eames principes et pratiques sont valables pour les leaders de tous les jours dans tous les domaines de la vie. C&#8217;est une noble vocation de diriger un groupe &#8211; une famille, une \u00e9glise, une organisation \u00e0 but non lucratif, une entreprise &#8211; et les principes intemporels de ce livre apporteront un changement positif dans votre vie et dans celles de ceux qui vous entourent. Apr\u00e8s avoir \u00e9cout\u00e9 ce livre vous allez apprendre:<\/p>","protected":false},"excerpt":{"rendered":"<p>Dans ce livre audio de 01h28 au format mp3 devenez un leader aujourd&#8217;hui ! Le best-seller de New York Times <span class=\"a-text-italic\">D\u00e9veloppez votre leadership<\/span>\u00a0est le premier et le plus c\u00e9l\u00e8bre livre de John \u0421.Maxwell &#8211; un conf\u00e9rencier am\u00e9ricain, entra\u00eeneur et expert en leadership &#8211; qui s&#8217;est vendu plus d&#8217;un million d&#8217;exemplaires.<\/p>","protected":false},"featured_media":16254,"comment_status":"open","ping_status":"closed","template":"","meta":[],"product_cat":[316,92],"product_tag":[],"class_list":{"0":"post-16252","1":"product","2":"type-product","3":"status-publish","4":"has-post-thumbnail","6":"product_cat-audio","7":"product_cat-le-developpement-personnel","9":"first","10":"instock","11":"sale","12":"downloadable","13":"shipping-taxable","14":"purchasable","15":"product-type-simple","16":"add-to-wishlist-after_add_to_cart"},"yoast_head":"<!-- This site is optimized with the Yoast SEO plugin v27.4 - https:\/\/yoast.com\/product\/yoast-seo-wordpress\/ -->\n<title>D\u00e9veloppez votre leadership - Livre audio - Mon Guide<\/title>\n<meta name=\"robots\" content=\"index, follow, max-snippet:-1, max-image-preview:large, max-video-preview:-1\" \/>\n<link rel=\"canonical\" href=\"https:\/\/monguide.net\/fr\/produit\/livre-audio-developpez-votre-leadership\/\" \/>\n<meta property=\"og:locale\" content=\"fr_FR\" \/>\n<meta property=\"og:type\" content=\"article\" \/>\n<meta property=\"og:title\" content=\"D\u00e9veloppez votre leadership - Livre audio - Mon Guide\" \/>\n<meta property=\"og:description\" content=\"Dans ce livre audio de 01h28 au format mp3 devenez un leader aujourd&#039;hui ! Le best-seller de New York Times D\u00e9veloppez votre leadership\u00a0est le premier et le plus c\u00e9l\u00e8bre livre de John \u0421.Maxwell - un conf\u00e9rencier am\u00e9ricain, entra\u00eeneur et expert en leadership - qui s&#039;est vendu plus d&#039;un million d&#039;exemplaires.\" \/>\n<meta property=\"og:url\" content=\"https:\/\/monguide.net\/fr\/produit\/livre-audio-developpez-votre-leadership\/\" \/>\n<meta property=\"og:site_name\" content=\"Mon Guide\" \/>\n<meta property=\"article:publisher\" content=\"https:\/\/web.facebook.com\/profile.php?id=61558559594373&amp;ref=embed_page\" \/>\n<meta property=\"article:modified_time\" content=\"2026-03-27T10:32:11+00:00\" \/>\n<meta property=\"og:image\" content=\"https:\/\/monguide.net\/wp-content\/uploads\/2024\/05\/COUVERTURE-DEVELOPPEZ-VOTRE-LEADERSHIP.jpg\" \/>\n\t<meta property=\"og:image:width\" content=\"1500\" \/>\n\t<meta property=\"og:image:height\" content=\"1500\" \/>\n\t<meta property=\"og:image:type\" content=\"image\/jpeg\" \/>\n<meta name=\"twitter:card\" content=\"summary_large_image\" \/>\n<meta name=\"twitter:label1\" content=\"Dur\u00e9e de lecture estim\u00e9e\" \/>\n\t<meta name=\"twitter:data1\" content=\"1 minute\" \/>\n<script type=\"application\/ld+json\" class=\"yoast-schema-graph\">{\"@context\":\"https:\\\/\\\/schema.org\",\"@graph\":[{\"@type\":\"WebPage\",\"@id\":\"https:\\\/\\\/monguide.net\\\/produit\\\/livre-audio-developpez-votre-leadership\\\/\",\"url\":\"https:\\\/\\\/monguide.net\\\/produit\\\/livre-audio-developpez-votre-leadership\\\/\",\"name\":\"D\u00e9veloppez votre leadership - Livre audio - Mon Guide\",\"isPartOf\":{\"@id\":\"https:\\\/\\\/monguide.net\\\/#website\"},\"primaryImageOfPage\":{\"@id\":\"https:\\\/\\\/monguide.net\\\/produit\\\/livre-audio-developpez-votre-leadership\\\/#primaryimage\"},\"image\":{\"@id\":\"https:\\\/\\\/monguide.net\\\/produit\\\/livre-audio-developpez-votre-leadership\\\/#primaryimage\"},\"thumbnailUrl\":\"https:\\\/\\\/monguide.net\\\/wp-content\\\/uploads\\\/2024\\\/05\\\/COUVERTURE-DEVELOPPEZ-VOTRE-LEADERSHIP.jpg\",\"datePublished\":\"2024-05-10T09:26:32+00:00\",\"dateModified\":\"2026-03-27T10:32:11+00:00\",\"breadcrumb\":{\"@id\":\"https:\\\/\\\/monguide.net\\\/produit\\\/livre-audio-developpez-votre-leadership\\\/#breadcrumb\"},\"inLanguage\":\"fr-FR\",\"potentialAction\":[{\"@type\":\"ReadAction\",\"target\":[\"https:\\\/\\\/monguide.net\\\/produit\\\/livre-audio-developpez-votre-leadership\\\/\"]}]},{\"@type\":\"ImageObject\",\"inLanguage\":\"fr-FR\",\"@id\":\"https:\\\/\\\/monguide.net\\\/produit\\\/livre-audio-developpez-votre-leadership\\\/#primaryimage\",\"url\":\"https:\\\/\\\/monguide.net\\\/wp-content\\\/uploads\\\/2024\\\/05\\\/COUVERTURE-DEVELOPPEZ-VOTRE-LEADERSHIP.jpg\",\"contentUrl\":\"https:\\\/\\\/monguide.net\\\/wp-content\\\/uploads\\\/2024\\\/05\\\/COUVERTURE-DEVELOPPEZ-VOTRE-LEADERSHIP.jpg\",\"width\":1500,\"height\":1500},{\"@type\":\"BreadcrumbList\",\"@id\":\"https:\\\/\\\/monguide.net\\\/produit\\\/livre-audio-developpez-votre-leadership\\\/#breadcrumb\",\"itemListElement\":[{\"@type\":\"ListItem\",\"position\":1,\"name\":\"Accueil\",\"item\":\"https:\\\/\\\/monguide.net\\\/\"},{\"@type\":\"ListItem\",\"position\":2,\"name\":\"Boutique\",\"item\":\"https:\\\/\\\/monguide.net\\\/shop\\\/\"},{\"@type\":\"ListItem\",\"position\":3,\"name\":\"D\u00e9veloppez votre leadership &#8211; Livre audio\"}]},{\"@type\":\"WebSite\",\"@id\":\"https:\\\/\\\/monguide.net\\\/#website\",\"url\":\"https:\\\/\\\/monguide.net\\\/\",\"name\":\"Mon Guide\",\"description\":\"La boussole du monde. Tous vos livres et ebook \u00e0 un endroit\",\"publisher\":{\"@id\":\"https:\\\/\\\/monguide.net\\\/#organization\"},\"potentialAction\":[{\"@type\":\"SearchAction\",\"target\":{\"@type\":\"EntryPoint\",\"urlTemplate\":\"https:\\\/\\\/monguide.net\\\/?s={search_term_string}\"},\"query-input\":{\"@type\":\"PropertyValueSpecification\",\"valueRequired\":true,\"valueName\":\"search_term_string\"}}],\"inLanguage\":\"fr-FR\"},{\"@type\":\"Organization\",\"@id\":\"https:\\\/\\\/monguide.net\\\/#organization\",\"name\":\"Mon Guide\",\"url\":\"https:\\\/\\\/monguide.net\\\/\",\"logo\":{\"@type\":\"ImageObject\",\"inLanguage\":\"fr-FR\",\"@id\":\"https:\\\/\\\/monguide.net\\\/#\\\/schema\\\/logo\\\/image\\\/\",\"url\":\"http:\\\/\\\/monguide.net\\\/wp-content\\\/uploads\\\/2024\\\/05\\\/Favicon.png\",\"contentUrl\":\"http:\\\/\\\/monguide.net\\\/wp-content\\\/uploads\\\/2024\\\/05\\\/Favicon.png\",\"width\":512,\"height\":512,\"caption\":\"Mon Guide\"},\"image\":{\"@id\":\"https:\\\/\\\/monguide.net\\\/#\\\/schema\\\/logo\\\/image\\\/\"},\"sameAs\":[\"https:\\\/\\\/web.facebook.com\\\/profile.php?id=61558559594373&ref=embed_page\"]}]}<\/script>\n<!-- \/ Yoast SEO plugin. -->","yoast_head_json":{"title":"D\u00e9veloppez votre leadership - Livre audio - Mon Guide","robots":{"index":"index","follow":"follow","max-snippet":"max-snippet:-1","max-image-preview":"max-image-preview:large","max-video-preview":"max-video-preview:-1"},"canonical":"https:\/\/monguide.net\/fr\/produit\/livre-audio-developpez-votre-leadership\/","og_locale":"fr_FR","og_type":"article","og_title":"D\u00e9veloppez votre leadership - Livre audio - Mon Guide","og_description":"Dans ce livre audio de 01h28 au format mp3 devenez un leader aujourd'hui ! Le best-seller de New York Times D\u00e9veloppez votre leadership\u00a0est le premier et le plus c\u00e9l\u00e8bre livre de John \u0421.Maxwell - un conf\u00e9rencier am\u00e9ricain, entra\u00eeneur et expert en leadership - qui s'est vendu plus d'un million d'exemplaires.","og_url":"https:\/\/monguide.net\/fr\/produit\/livre-audio-developpez-votre-leadership\/","og_site_name":"Mon Guide","article_publisher":"https:\/\/web.facebook.com\/profile.php?id=61558559594373&ref=embed_page","article_modified_time":"2026-03-27T10:32:11+00:00","og_image":[{"width":1500,"height":1500,"url":"https:\/\/monguide.net\/wp-content\/uploads\/2024\/05\/COUVERTURE-DEVELOPPEZ-VOTRE-LEADERSHIP.jpg","type":"image\/jpeg"}],"twitter_card":"summary_large_image","twitter_misc":{"Dur\u00e9e de lecture estim\u00e9e":"1 minute"},"schema":{"@context":"https:\/\/schema.org","@graph":[{"@type":"WebPage","@id":"https:\/\/monguide.net\/produit\/livre-audio-developpez-votre-leadership\/","url":"https:\/\/monguide.net\/produit\/livre-audio-developpez-votre-leadership\/","name":"D\u00e9veloppez votre leadership - Livre audio - Mon Guide","isPartOf":{"@id":"https:\/\/monguide.net\/#website"},"primaryImageOfPage":{"@id":"https:\/\/monguide.net\/produit\/livre-audio-developpez-votre-leadership\/#primaryimage"},"image":{"@id":"https:\/\/monguide.net\/produit\/livre-audio-developpez-votre-leadership\/#primaryimage"},"thumbnailUrl":"https:\/\/monguide.net\/wp-content\/uploads\/2024\/05\/COUVERTURE-DEVELOPPEZ-VOTRE-LEADERSHIP.jpg","datePublished":"2024-05-10T09:26:32+00:00","dateModified":"2026-03-27T10:32:11+00:00","breadcrumb":{"@id":"https:\/\/monguide.net\/produit\/livre-audio-developpez-votre-leadership\/#breadcrumb"},"inLanguage":"fr-FR","potentialAction":[{"@type":"ReadAction","target":["https:\/\/monguide.net\/produit\/livre-audio-developpez-votre-leadership\/"]}]},{"@type":"ImageObject","inLanguage":"fr-FR","@id":"https:\/\/monguide.net\/produit\/livre-audio-developpez-votre-leadership\/#primaryimage","url":"https:\/\/monguide.net\/wp-content\/uploads\/2024\/05\/COUVERTURE-DEVELOPPEZ-VOTRE-LEADERSHIP.jpg","contentUrl":"https:\/\/monguide.net\/wp-content\/uploads\/2024\/05\/COUVERTURE-DEVELOPPEZ-VOTRE-LEADERSHIP.jpg","width":1500,"height":1500},{"@type":"BreadcrumbList","@id":"https:\/\/monguide.net\/produit\/livre-audio-developpez-votre-leadership\/#breadcrumb","itemListElement":[{"@type":"ListItem","position":1,"name":"Accueil","item":"https:\/\/monguide.net\/"},{"@type":"ListItem","position":2,"name":"Boutique","item":"https:\/\/monguide.net\/shop\/"},{"@type":"ListItem","position":3,"name":"D\u00e9veloppez votre leadership &#8211; Livre audio"}]},{"@type":"WebSite","@id":"https:\/\/monguide.net\/#website","url":"https:\/\/monguide.net\/","name":"Mon Guide","description":"La boussole du monde. Tous vos livres et ebook \u00e0 un endroit","publisher":{"@id":"https:\/\/monguide.net\/#organization"},"potentialAction":[{"@type":"SearchAction","target":{"@type":"EntryPoint","urlTemplate":"https:\/\/monguide.net\/?s={search_term_string}"},"query-input":{"@type":"PropertyValueSpecification","valueRequired":true,"valueName":"search_term_string"}}],"inLanguage":"fr-FR"},{"@type":"Organization","@id":"https:\/\/monguide.net\/#organization","name":"Mon Guide","url":"https:\/\/monguide.net\/","logo":{"@type":"ImageObject","inLanguage":"fr-FR","@id":"https:\/\/monguide.net\/#\/schema\/logo\/image\/","url":"https:\/\/monguide.net\/wp-content\/uploads\/2024\/05\/Favicon.png","contentUrl":"https:\/\/monguide.net\/wp-content\/uploads\/2024\/05\/Favicon.png","width":512,"height":512,"caption":"Mon Guide"},"image":{"@id":"https:\/\/monguide.net\/#\/schema\/logo\/image\/"},"sameAs":["https:\/\/web.facebook.com\/profile.php?id=61558559594373&ref=embed_page"]}]}},"jetpack_sharing_enabled":true,"_links":{"self":[{"href":"https:\/\/monguide.net\/fr\/wp-json\/wp\/v2\/product\/16252","targetHints":{"allow":["GET"]}}],"collection":[{"href":"https:\/\/monguide.net\/fr\/wp-json\/wp\/v2\/product"}],"about":[{"href":"https:\/\/monguide.net\/fr\/wp-json\/wp\/v2\/types\/product"}],"replies":[{"embeddable":true,"href":"https:\/\/monguide.net\/fr\/wp-json\/wp\/v2\/comments?post=16252"}],"version-history":[{"count":0,"href":"https:\/\/monguide.net\/fr\/wp-json\/wp\/v2\/product\/16252\/revisions"}],"wp:featuredmedia":[{"embeddable":true,"href":"https:\/\/monguide.net\/fr\/wp-json\/wp\/v2\/media\/16254"}],"wp:attachment":[{"href":"https:\/\/monguide.net\/fr\/wp-json\/wp\/v2\/media?parent=16252"}],"wp:term":[{"taxonomy":"product_cat","embeddable":true,"href":"https:\/\/monguide.net\/fr\/wp-json\/wp\/v2\/product_cat?post=16252"},{"taxonomy":"product_tag","embeddable":true,"href":"https:\/\/monguide.net\/fr\/wp-json\/wp\/v2\/product_tag?post=16252"}],"curies":[{"name":"wp","href":"https:\/\/api.w.org\/{rel}","templated":true}]}}