{"id":16519,"date":"2024-05-12T05:49:14","date_gmt":"2024-05-12T03:49:14","guid":{"rendered":"https:\/\/monguide.net\/?post_type=product&#038;p=16519"},"modified":"2026-03-27T11:32:14","modified_gmt":"2026-03-27T10:32:14","slug":"livre-audio-avalez-le-crapaud","status":"publish","type":"product","link":"https:\/\/monguide.net\/fr\/produit\/livre-audio-avalez-le-crapaud\/","title":{"rendered":"Avalez le crapaud &#8211; Livre audio"},"content":{"rendered":"<p>Brian Tracy, l&#8217;auteur \u00e0 succ\u00e8s de plus d&#8217;une douzaine de livres, dont\u00a0Maximum Achievement,\u00a0Advanced Selling Strategies\u00a0et\u00a0The 100 Absolutely Unbreakable Laws of Business Success, pr\u00e9sente un petit guide qui abonde en conseils pratiques pour aider chacun \u00e0 optimiser son temps et ainsi cesser de tout remettre au lendemain ! Selon un vieil adage, si vous commencez chaque journ\u00e9e en avalant un crapaud vivant, vous aurez la satisfaction de savoir que c&#8217;est probablement la pire chose que vous aurez \u00e0 faire de toute la journ\u00e9e.<\/p>\n<p>Avalez le crapaud !\u00a0vous indique comment porter tous vos efforts sur l&#8217;organisation de votre temps, ainsi que sur les taches cruciales que vous risquez le plus de reporter au lendemain. Dans le style tr\u00e8s \u00e9nergique qui le caract\u00e9rise, l&#8217;auteur va droit \u00e0 l&#8217;essentiel pour une bonne gestion personnelle du temps : l&#8217;esprit de d\u00e9cision, la discipline et la d\u00e9termination. Il d\u00e9taille vingt et une \u00e9tapes pratiques et r\u00e9alisables qui vous aideront \u00e0 cesser de tout remettre au lendemain, pour accomplir davantage de taches importantes &#8211; aujourd&#8217;hui m\u00eame !<\/p>\n<p>Dans cet audio, vous apprendrez :<\/p>\n<ul>\n<li>A accomplir davantage de taches importantes aujourd&#8217;hui m\u00eame ;<\/li>\n<li>Tous les bienfaits d&#8217;avaler un &#8220;crapaud&#8221; chaque matin ;<\/li>\n<li>Comment s&#8217;en tenir aux taches \u00e0 valeur ajout\u00e9e ;<\/li>\n<li>A pratiquer la procrastination cr\u00e9ative ;<\/li>\n<li>Comment motivez-vous \u00e0 agir.<\/li>\n<\/ul>","protected":false},"excerpt":{"rendered":"<p>Dans cet enregistrement de 02h51 minutes au format mp3, Brian Tracy\u00a0vous indique comment porter tous vos efforts sur l&#8217;organisation de votre temps, ainsi que sur les taches cruciales que vous risquez le plus de reporter au lendemain. Dans le style tr\u00e8s \u00e9nergique qui le caract\u00e9rise, l&#8217;auteur va droit \u00e0 l&#8217;essentiel pour une bonne gestion personnelle du temps : l&#8217;esprit de d\u00e9cision, la discipline et la d\u00e9termination. Il d\u00e9taille vingt et une \u00e9tapes pratiques et r\u00e9alisables qui vous aideront \u00e0 cesser de tout remettre au lendemain, pour accomplir davantage de taches importantes &#8211; aujourd&#8217;hui m\u00eame !<\/p>","protected":false},"featured_media":16520,"comment_status":"open","ping_status":"closed","template":"","meta":[],"product_cat":[316,92],"product_tag":[],"class_list":{"0":"post-16519","1":"product","2":"type-product","3":"status-publish","4":"has-post-thumbnail","6":"product_cat-audio","7":"product_cat-le-developpement-personnel","9":"first","10":"instock","11":"sale","12":"downloadable","13":"shipping-taxable","14":"purchasable","15":"product-type-simple","16":"add-to-wishlist-after_add_to_cart"},"yoast_head":"<!-- This site is optimized with the Yoast SEO plugin v27.4 - https:\/\/yoast.com\/product\/yoast-seo-wordpress\/ -->\n<title>Avalez le crapaud - Livre audio - Mon Guide<\/title>\n<meta name=\"robots\" content=\"index, follow, max-snippet:-1, max-image-preview:large, max-video-preview:-1\" \/>\n<link rel=\"canonical\" href=\"https:\/\/monguide.net\/fr\/produit\/livre-audio-avalez-le-crapaud\/\" \/>\n<meta property=\"og:locale\" content=\"fr_FR\" \/>\n<meta property=\"og:type\" content=\"article\" \/>\n<meta property=\"og:title\" content=\"Avalez le crapaud - Livre audio - Mon Guide\" \/>\n<meta property=\"og:description\" content=\"Dans cet enregistrement de 02h51 minutes au format mp3, Brian Tracy\u00a0vous indique comment porter tous vos efforts sur l&#039;organisation de votre temps, ainsi que sur les taches cruciales que vous risquez le plus de reporter au lendemain. Dans le style tr\u00e8s \u00e9nergique qui le caract\u00e9rise, l&#039;auteur va droit \u00e0 l&#039;essentiel pour une bonne gestion personnelle du temps : l&#039;esprit de d\u00e9cision, la discipline et la d\u00e9termination. Il d\u00e9taille vingt et une \u00e9tapes pratiques et r\u00e9alisables qui vous aideront \u00e0 cesser de tout remettre au lendemain, pour accomplir davantage de taches importantes - aujourd&#039;hui m\u00eame !\" \/>\n<meta property=\"og:url\" content=\"https:\/\/monguide.net\/fr\/produit\/livre-audio-avalez-le-crapaud\/\" \/>\n<meta property=\"og:site_name\" content=\"Mon Guide\" \/>\n<meta property=\"article:publisher\" content=\"https:\/\/web.facebook.com\/profile.php?id=61558559594373&amp;ref=embed_page\" \/>\n<meta property=\"article:modified_time\" content=\"2026-03-27T10:32:14+00:00\" \/>\n<meta property=\"og:image\" content=\"https:\/\/monguide.net\/wp-content\/uploads\/2024\/05\/COUVERTURE-23.jpg\" \/>\n\t<meta property=\"og:image:width\" content=\"1500\" \/>\n\t<meta property=\"og:image:height\" content=\"1500\" \/>\n\t<meta property=\"og:image:type\" content=\"image\/jpeg\" \/>\n<meta name=\"twitter:card\" content=\"summary_large_image\" \/>\n<meta name=\"twitter:label1\" content=\"Dur\u00e9e de lecture estim\u00e9e\" \/>\n\t<meta name=\"twitter:data1\" content=\"2 minutes\" \/>\n<script type=\"application\/ld+json\" class=\"yoast-schema-graph\">{\"@context\":\"https:\\\/\\\/schema.org\",\"@graph\":[{\"@type\":\"WebPage\",\"@id\":\"https:\\\/\\\/monguide.net\\\/produit\\\/livre-audio-avalez-le-crapaud\\\/\",\"url\":\"https:\\\/\\\/monguide.net\\\/produit\\\/livre-audio-avalez-le-crapaud\\\/\",\"name\":\"Avalez le crapaud - Livre audio - Mon Guide\",\"isPartOf\":{\"@id\":\"https:\\\/\\\/monguide.net\\\/#website\"},\"primaryImageOfPage\":{\"@id\":\"https:\\\/\\\/monguide.net\\\/produit\\\/livre-audio-avalez-le-crapaud\\\/#primaryimage\"},\"image\":{\"@id\":\"https:\\\/\\\/monguide.net\\\/produit\\\/livre-audio-avalez-le-crapaud\\\/#primaryimage\"},\"thumbnailUrl\":\"https:\\\/\\\/monguide.net\\\/wp-content\\\/uploads\\\/2024\\\/05\\\/COUVERTURE-23.jpg\",\"datePublished\":\"2024-05-12T03:49:14+00:00\",\"dateModified\":\"2026-03-27T10:32:14+00:00\",\"breadcrumb\":{\"@id\":\"https:\\\/\\\/monguide.net\\\/produit\\\/livre-audio-avalez-le-crapaud\\\/#breadcrumb\"},\"inLanguage\":\"fr-FR\",\"potentialAction\":[{\"@type\":\"ReadAction\",\"target\":[\"https:\\\/\\\/monguide.net\\\/produit\\\/livre-audio-avalez-le-crapaud\\\/\"]}]},{\"@type\":\"ImageObject\",\"inLanguage\":\"fr-FR\",\"@id\":\"https:\\\/\\\/monguide.net\\\/produit\\\/livre-audio-avalez-le-crapaud\\\/#primaryimage\",\"url\":\"https:\\\/\\\/monguide.net\\\/wp-content\\\/uploads\\\/2024\\\/05\\\/COUVERTURE-23.jpg\",\"contentUrl\":\"https:\\\/\\\/monguide.net\\\/wp-content\\\/uploads\\\/2024\\\/05\\\/COUVERTURE-23.jpg\",\"width\":1500,\"height\":1500},{\"@type\":\"BreadcrumbList\",\"@id\":\"https:\\\/\\\/monguide.net\\\/produit\\\/livre-audio-avalez-le-crapaud\\\/#breadcrumb\",\"itemListElement\":[{\"@type\":\"ListItem\",\"position\":1,\"name\":\"Accueil\",\"item\":\"https:\\\/\\\/monguide.net\\\/\"},{\"@type\":\"ListItem\",\"position\":2,\"name\":\"Boutique\",\"item\":\"https:\\\/\\\/monguide.net\\\/shop\\\/\"},{\"@type\":\"ListItem\",\"position\":3,\"name\":\"Avalez le crapaud &#8211; Livre audio\"}]},{\"@type\":\"WebSite\",\"@id\":\"https:\\\/\\\/monguide.net\\\/#website\",\"url\":\"https:\\\/\\\/monguide.net\\\/\",\"name\":\"Mon Guide\",\"description\":\"La boussole du monde. Tous vos livres et ebook \u00e0 un endroit\",\"publisher\":{\"@id\":\"https:\\\/\\\/monguide.net\\\/#organization\"},\"potentialAction\":[{\"@type\":\"SearchAction\",\"target\":{\"@type\":\"EntryPoint\",\"urlTemplate\":\"https:\\\/\\\/monguide.net\\\/?s={search_term_string}\"},\"query-input\":{\"@type\":\"PropertyValueSpecification\",\"valueRequired\":true,\"valueName\":\"search_term_string\"}}],\"inLanguage\":\"fr-FR\"},{\"@type\":\"Organization\",\"@id\":\"https:\\\/\\\/monguide.net\\\/#organization\",\"name\":\"Mon Guide\",\"url\":\"https:\\\/\\\/monguide.net\\\/\",\"logo\":{\"@type\":\"ImageObject\",\"inLanguage\":\"fr-FR\",\"@id\":\"https:\\\/\\\/monguide.net\\\/#\\\/schema\\\/logo\\\/image\\\/\",\"url\":\"http:\\\/\\\/monguide.net\\\/wp-content\\\/uploads\\\/2024\\\/05\\\/Favicon.png\",\"contentUrl\":\"http:\\\/\\\/monguide.net\\\/wp-content\\\/uploads\\\/2024\\\/05\\\/Favicon.png\",\"width\":512,\"height\":512,\"caption\":\"Mon Guide\"},\"image\":{\"@id\":\"https:\\\/\\\/monguide.net\\\/#\\\/schema\\\/logo\\\/image\\\/\"},\"sameAs\":[\"https:\\\/\\\/web.facebook.com\\\/profile.php?id=61558559594373&ref=embed_page\"]}]}<\/script>\n<!-- \/ Yoast SEO plugin. -->","yoast_head_json":{"title":"Avalez le crapaud - Livre audio - Mon Guide","robots":{"index":"index","follow":"follow","max-snippet":"max-snippet:-1","max-image-preview":"max-image-preview:large","max-video-preview":"max-video-preview:-1"},"canonical":"https:\/\/monguide.net\/fr\/produit\/livre-audio-avalez-le-crapaud\/","og_locale":"fr_FR","og_type":"article","og_title":"Avalez le crapaud - Livre audio - Mon Guide","og_description":"Dans cet enregistrement de 02h51 minutes au format mp3, Brian Tracy\u00a0vous indique comment porter tous vos efforts sur l'organisation de votre temps, ainsi que sur les taches cruciales que vous risquez le plus de reporter au lendemain. Dans le style tr\u00e8s \u00e9nergique qui le caract\u00e9rise, l'auteur va droit \u00e0 l'essentiel pour une bonne gestion personnelle du temps : l'esprit de d\u00e9cision, la discipline et la d\u00e9termination. Il d\u00e9taille vingt et une \u00e9tapes pratiques et r\u00e9alisables qui vous aideront \u00e0 cesser de tout remettre au lendemain, pour accomplir davantage de taches importantes - aujourd'hui m\u00eame !","og_url":"https:\/\/monguide.net\/fr\/produit\/livre-audio-avalez-le-crapaud\/","og_site_name":"Mon Guide","article_publisher":"https:\/\/web.facebook.com\/profile.php?id=61558559594373&ref=embed_page","article_modified_time":"2026-03-27T10:32:14+00:00","og_image":[{"width":1500,"height":1500,"url":"https:\/\/monguide.net\/wp-content\/uploads\/2024\/05\/COUVERTURE-23.jpg","type":"image\/jpeg"}],"twitter_card":"summary_large_image","twitter_misc":{"Dur\u00e9e de lecture estim\u00e9e":"2 minutes"},"schema":{"@context":"https:\/\/schema.org","@graph":[{"@type":"WebPage","@id":"https:\/\/monguide.net\/produit\/livre-audio-avalez-le-crapaud\/","url":"https:\/\/monguide.net\/produit\/livre-audio-avalez-le-crapaud\/","name":"Avalez le crapaud - Livre audio - Mon Guide","isPartOf":{"@id":"https:\/\/monguide.net\/#website"},"primaryImageOfPage":{"@id":"https:\/\/monguide.net\/produit\/livre-audio-avalez-le-crapaud\/#primaryimage"},"image":{"@id":"https:\/\/monguide.net\/produit\/livre-audio-avalez-le-crapaud\/#primaryimage"},"thumbnailUrl":"https:\/\/monguide.net\/wp-content\/uploads\/2024\/05\/COUVERTURE-23.jpg","datePublished":"2024-05-12T03:49:14+00:00","dateModified":"2026-03-27T10:32:14+00:00","breadcrumb":{"@id":"https:\/\/monguide.net\/produit\/livre-audio-avalez-le-crapaud\/#breadcrumb"},"inLanguage":"fr-FR","potentialAction":[{"@type":"ReadAction","target":["https:\/\/monguide.net\/produit\/livre-audio-avalez-le-crapaud\/"]}]},{"@type":"ImageObject","inLanguage":"fr-FR","@id":"https:\/\/monguide.net\/produit\/livre-audio-avalez-le-crapaud\/#primaryimage","url":"https:\/\/monguide.net\/wp-content\/uploads\/2024\/05\/COUVERTURE-23.jpg","contentUrl":"https:\/\/monguide.net\/wp-content\/uploads\/2024\/05\/COUVERTURE-23.jpg","width":1500,"height":1500},{"@type":"BreadcrumbList","@id":"https:\/\/monguide.net\/produit\/livre-audio-avalez-le-crapaud\/#breadcrumb","itemListElement":[{"@type":"ListItem","position":1,"name":"Accueil","item":"https:\/\/monguide.net\/"},{"@type":"ListItem","position":2,"name":"Boutique","item":"https:\/\/monguide.net\/shop\/"},{"@type":"ListItem","position":3,"name":"Avalez le crapaud &#8211; Livre audio"}]},{"@type":"WebSite","@id":"https:\/\/monguide.net\/#website","url":"https:\/\/monguide.net\/","name":"Mon Guide","description":"La boussole du monde. Tous vos livres et ebook \u00e0 un endroit","publisher":{"@id":"https:\/\/monguide.net\/#organization"},"potentialAction":[{"@type":"SearchAction","target":{"@type":"EntryPoint","urlTemplate":"https:\/\/monguide.net\/?s={search_term_string}"},"query-input":{"@type":"PropertyValueSpecification","valueRequired":true,"valueName":"search_term_string"}}],"inLanguage":"fr-FR"},{"@type":"Organization","@id":"https:\/\/monguide.net\/#organization","name":"Mon Guide","url":"https:\/\/monguide.net\/","logo":{"@type":"ImageObject","inLanguage":"fr-FR","@id":"https:\/\/monguide.net\/#\/schema\/logo\/image\/","url":"https:\/\/monguide.net\/wp-content\/uploads\/2024\/05\/Favicon.png","contentUrl":"https:\/\/monguide.net\/wp-content\/uploads\/2024\/05\/Favicon.png","width":512,"height":512,"caption":"Mon Guide"},"image":{"@id":"https:\/\/monguide.net\/#\/schema\/logo\/image\/"},"sameAs":["https:\/\/web.facebook.com\/profile.php?id=61558559594373&ref=embed_page"]}]}},"jetpack_sharing_enabled":true,"_links":{"self":[{"href":"https:\/\/monguide.net\/fr\/wp-json\/wp\/v2\/product\/16519","targetHints":{"allow":["GET"]}}],"collection":[{"href":"https:\/\/monguide.net\/fr\/wp-json\/wp\/v2\/product"}],"about":[{"href":"https:\/\/monguide.net\/fr\/wp-json\/wp\/v2\/types\/product"}],"replies":[{"embeddable":true,"href":"https:\/\/monguide.net\/fr\/wp-json\/wp\/v2\/comments?post=16519"}],"version-history":[{"count":0,"href":"https:\/\/monguide.net\/fr\/wp-json\/wp\/v2\/product\/16519\/revisions"}],"wp:featuredmedia":[{"embeddable":true,"href":"https:\/\/monguide.net\/fr\/wp-json\/wp\/v2\/media\/16520"}],"wp:attachment":[{"href":"https:\/\/monguide.net\/fr\/wp-json\/wp\/v2\/media?parent=16519"}],"wp:term":[{"taxonomy":"product_cat","embeddable":true,"href":"https:\/\/monguide.net\/fr\/wp-json\/wp\/v2\/product_cat?post=16519"},{"taxonomy":"product_tag","embeddable":true,"href":"https:\/\/monguide.net\/fr\/wp-json\/wp\/v2\/product_tag?post=16519"}],"curies":[{"name":"wp","href":"https:\/\/api.w.org\/{rel}","templated":true}]}}