{"id":16526,"date":"2024-05-12T06:00:24","date_gmt":"2024-05-12T04:00:24","guid":{"rendered":"https:\/\/monguide.net\/?post_type=product&#038;p=16526"},"modified":"2026-03-27T11:32:14","modified_gmt":"2026-03-27T10:32:14","slug":"livre-audio-convaincre-en-moins-de-2-minutes","status":"publish","type":"product","link":"https:\/\/monguide.net\/fr\/produit\/livre-audio-convaincre-en-moins-de-2-minutes\/","title":{"rendered":"Convaincre en moins de 2 minutes &#8211; Livre audio"},"content":{"rendered":"<p>Au travail, on ne choisit ni ses coll\u00e8gues, ni ses sup\u00e9rieurs, ni ses clients. Alors comment communiquer efficacement lorsque votre interlocuteur vous d\u00e9stabilise ? Gr\u00e2ce \u00e0 une technique ayant fait ses preuves, l&#8217;auteur explique, \u00e9tape par \u00e9tape, toutes les cl\u00e9s d&#8217;une communication r\u00e9ussie :<br \/>\n&#8211; Adapter son mode de communication \u00e0 la personnalit\u00e9 de son interlocuteur afin d&#8217;\u00e9tablir instantan\u00e9ment cr\u00e9dibilit\u00e9 et autorit\u00e9 ;<br \/>\n&#8211; Transmettre clairement et en 10 secondes chrono l&#8217;id\u00e9e directrice de son expos\u00e9 et capter l&#8217;attention de son auditoire ;<br \/>\n&#8211; optimiser chaque opportunit\u00e9 professionnelle.<\/p>","protected":false},"excerpt":{"rendered":"<p>Dans cet enregistrement de 03h11 au format m4a, l\u2019auteur nous apprends \u00e0\u00a0:<\/p>\n<p>&#8211; Adapter son mode de communication \u00e0 la personnalit\u00e9 de son interlocuteur afin d&#8217;\u00e9tablir instantan\u00e9ment cr\u00e9dibilit\u00e9 et autorit\u00e9 ;<br \/>\n&#8211; Transmettre clairement et en 10 secondes chrono l&#8217;id\u00e9e directrice de son expos\u00e9 et capter l&#8217;attention de son auditoire ;<br \/>\n&#8211; optimiser chaque opportunit\u00e9 professionnelle.<\/p>","protected":false},"featured_media":16527,"comment_status":"open","ping_status":"closed","template":"","meta":[],"product_cat":[316,92],"product_tag":[],"class_list":{"0":"post-16526","1":"product","2":"type-product","3":"status-publish","4":"has-post-thumbnail","6":"product_cat-audio","7":"product_cat-le-developpement-personnel","9":"first","10":"instock","11":"sale","12":"downloadable","13":"shipping-taxable","14":"purchasable","15":"product-type-simple","16":"add-to-wishlist-after_add_to_cart"},"yoast_head":"<!-- This site is optimized with the Yoast SEO plugin v27.4 - https:\/\/yoast.com\/product\/yoast-seo-wordpress\/ -->\n<title>Convaincre en moins de 2 minutes - Livre audio - Mon Guide<\/title>\n<meta name=\"robots\" content=\"index, follow, max-snippet:-1, max-image-preview:large, max-video-preview:-1\" \/>\n<link rel=\"canonical\" href=\"https:\/\/monguide.net\/fr\/produit\/livre-audio-convaincre-en-moins-de-2-minutes\/\" \/>\n<meta property=\"og:locale\" content=\"fr_FR\" \/>\n<meta property=\"og:type\" content=\"article\" \/>\n<meta property=\"og:title\" content=\"Convaincre en moins de 2 minutes - Livre audio - Mon Guide\" \/>\n<meta property=\"og:description\" content=\"Dans cet enregistrement de 03h11 au format m4a, l\u2019auteur nous apprends \u00e0\u00a0:  - Adapter son mode de communication \u00e0 la personnalit\u00e9 de son interlocuteur afin d&#039;\u00e9tablir instantan\u00e9ment cr\u00e9dibilit\u00e9 et autorit\u00e9 ; - Transmettre clairement et en 10 secondes chrono l&#039;id\u00e9e directrice de son expos\u00e9 et capter l&#039;attention de son auditoire ; - optimiser chaque opportunit\u00e9 professionnelle.\" \/>\n<meta property=\"og:url\" content=\"https:\/\/monguide.net\/fr\/produit\/livre-audio-convaincre-en-moins-de-2-minutes\/\" \/>\n<meta property=\"og:site_name\" content=\"Mon Guide\" \/>\n<meta property=\"article:publisher\" content=\"https:\/\/web.facebook.com\/profile.php?id=61558559594373&amp;ref=embed_page\" \/>\n<meta property=\"article:modified_time\" content=\"2026-03-27T10:32:14+00:00\" \/>\n<meta property=\"og:image\" content=\"https:\/\/monguide.net\/wp-content\/uploads\/2024\/05\/COUVERTURE-24.jpg\" \/>\n\t<meta property=\"og:image:width\" content=\"500\" \/>\n\t<meta property=\"og:image:height\" content=\"500\" \/>\n\t<meta property=\"og:image:type\" content=\"image\/jpeg\" \/>\n<meta name=\"twitter:card\" content=\"summary_large_image\" \/>\n<meta name=\"twitter:label1\" content=\"Dur\u00e9e de lecture estim\u00e9e\" \/>\n\t<meta name=\"twitter:data1\" content=\"1 minute\" \/>\n<script type=\"application\/ld+json\" class=\"yoast-schema-graph\">{\"@context\":\"https:\\\/\\\/schema.org\",\"@graph\":[{\"@type\":\"WebPage\",\"@id\":\"https:\\\/\\\/monguide.net\\\/produit\\\/livre-audio-convaincre-en-moins-de-2-minutes\\\/\",\"url\":\"https:\\\/\\\/monguide.net\\\/produit\\\/livre-audio-convaincre-en-moins-de-2-minutes\\\/\",\"name\":\"Convaincre en moins de 2 minutes - Livre audio - Mon Guide\",\"isPartOf\":{\"@id\":\"https:\\\/\\\/monguide.net\\\/#website\"},\"primaryImageOfPage\":{\"@id\":\"https:\\\/\\\/monguide.net\\\/produit\\\/livre-audio-convaincre-en-moins-de-2-minutes\\\/#primaryimage\"},\"image\":{\"@id\":\"https:\\\/\\\/monguide.net\\\/produit\\\/livre-audio-convaincre-en-moins-de-2-minutes\\\/#primaryimage\"},\"thumbnailUrl\":\"https:\\\/\\\/monguide.net\\\/wp-content\\\/uploads\\\/2024\\\/05\\\/COUVERTURE-24.jpg\",\"datePublished\":\"2024-05-12T04:00:24+00:00\",\"dateModified\":\"2026-03-27T10:32:14+00:00\",\"breadcrumb\":{\"@id\":\"https:\\\/\\\/monguide.net\\\/produit\\\/livre-audio-convaincre-en-moins-de-2-minutes\\\/#breadcrumb\"},\"inLanguage\":\"fr-FR\",\"potentialAction\":[{\"@type\":\"ReadAction\",\"target\":[\"https:\\\/\\\/monguide.net\\\/produit\\\/livre-audio-convaincre-en-moins-de-2-minutes\\\/\"]}]},{\"@type\":\"ImageObject\",\"inLanguage\":\"fr-FR\",\"@id\":\"https:\\\/\\\/monguide.net\\\/produit\\\/livre-audio-convaincre-en-moins-de-2-minutes\\\/#primaryimage\",\"url\":\"https:\\\/\\\/monguide.net\\\/wp-content\\\/uploads\\\/2024\\\/05\\\/COUVERTURE-24.jpg\",\"contentUrl\":\"https:\\\/\\\/monguide.net\\\/wp-content\\\/uploads\\\/2024\\\/05\\\/COUVERTURE-24.jpg\",\"width\":500,\"height\":500,\"caption\":\"Version 1.0.0\"},{\"@type\":\"BreadcrumbList\",\"@id\":\"https:\\\/\\\/monguide.net\\\/produit\\\/livre-audio-convaincre-en-moins-de-2-minutes\\\/#breadcrumb\",\"itemListElement\":[{\"@type\":\"ListItem\",\"position\":1,\"name\":\"Accueil\",\"item\":\"https:\\\/\\\/monguide.net\\\/\"},{\"@type\":\"ListItem\",\"position\":2,\"name\":\"Boutique\",\"item\":\"https:\\\/\\\/monguide.net\\\/shop\\\/\"},{\"@type\":\"ListItem\",\"position\":3,\"name\":\"Convaincre en moins de 2 minutes &#8211; Livre audio\"}]},{\"@type\":\"WebSite\",\"@id\":\"https:\\\/\\\/monguide.net\\\/#website\",\"url\":\"https:\\\/\\\/monguide.net\\\/\",\"name\":\"Mon Guide\",\"description\":\"La boussole du monde. Tous vos livres et ebook \u00e0 un endroit\",\"publisher\":{\"@id\":\"https:\\\/\\\/monguide.net\\\/#organization\"},\"potentialAction\":[{\"@type\":\"SearchAction\",\"target\":{\"@type\":\"EntryPoint\",\"urlTemplate\":\"https:\\\/\\\/monguide.net\\\/?s={search_term_string}\"},\"query-input\":{\"@type\":\"PropertyValueSpecification\",\"valueRequired\":true,\"valueName\":\"search_term_string\"}}],\"inLanguage\":\"fr-FR\"},{\"@type\":\"Organization\",\"@id\":\"https:\\\/\\\/monguide.net\\\/#organization\",\"name\":\"Mon Guide\",\"url\":\"https:\\\/\\\/monguide.net\\\/\",\"logo\":{\"@type\":\"ImageObject\",\"inLanguage\":\"fr-FR\",\"@id\":\"https:\\\/\\\/monguide.net\\\/#\\\/schema\\\/logo\\\/image\\\/\",\"url\":\"http:\\\/\\\/monguide.net\\\/wp-content\\\/uploads\\\/2024\\\/05\\\/Favicon.png\",\"contentUrl\":\"http:\\\/\\\/monguide.net\\\/wp-content\\\/uploads\\\/2024\\\/05\\\/Favicon.png\",\"width\":512,\"height\":512,\"caption\":\"Mon Guide\"},\"image\":{\"@id\":\"https:\\\/\\\/monguide.net\\\/#\\\/schema\\\/logo\\\/image\\\/\"},\"sameAs\":[\"https:\\\/\\\/web.facebook.com\\\/profile.php?id=61558559594373&ref=embed_page\"]}]}<\/script>\n<!-- \/ Yoast SEO plugin. -->","yoast_head_json":{"title":"Convaincre en moins de 2 minutes - Livre audio - Mon Guide","robots":{"index":"index","follow":"follow","max-snippet":"max-snippet:-1","max-image-preview":"max-image-preview:large","max-video-preview":"max-video-preview:-1"},"canonical":"https:\/\/monguide.net\/fr\/produit\/livre-audio-convaincre-en-moins-de-2-minutes\/","og_locale":"fr_FR","og_type":"article","og_title":"Convaincre en moins de 2 minutes - Livre audio - Mon Guide","og_description":"Dans cet enregistrement de 03h11 au format m4a, l\u2019auteur nous apprends \u00e0\u00a0:  - Adapter son mode de communication \u00e0 la personnalit\u00e9 de son interlocuteur afin d'\u00e9tablir instantan\u00e9ment cr\u00e9dibilit\u00e9 et autorit\u00e9 ; - Transmettre clairement et en 10 secondes chrono l'id\u00e9e directrice de son expos\u00e9 et capter l'attention de son auditoire ; - optimiser chaque opportunit\u00e9 professionnelle.","og_url":"https:\/\/monguide.net\/fr\/produit\/livre-audio-convaincre-en-moins-de-2-minutes\/","og_site_name":"Mon Guide","article_publisher":"https:\/\/web.facebook.com\/profile.php?id=61558559594373&ref=embed_page","article_modified_time":"2026-03-27T10:32:14+00:00","og_image":[{"width":500,"height":500,"url":"https:\/\/monguide.net\/wp-content\/uploads\/2024\/05\/COUVERTURE-24.jpg","type":"image\/jpeg"}],"twitter_card":"summary_large_image","twitter_misc":{"Dur\u00e9e de lecture estim\u00e9e":"1 minute"},"schema":{"@context":"https:\/\/schema.org","@graph":[{"@type":"WebPage","@id":"https:\/\/monguide.net\/produit\/livre-audio-convaincre-en-moins-de-2-minutes\/","url":"https:\/\/monguide.net\/produit\/livre-audio-convaincre-en-moins-de-2-minutes\/","name":"Convaincre en moins de 2 minutes - Livre audio - Mon Guide","isPartOf":{"@id":"https:\/\/monguide.net\/#website"},"primaryImageOfPage":{"@id":"https:\/\/monguide.net\/produit\/livre-audio-convaincre-en-moins-de-2-minutes\/#primaryimage"},"image":{"@id":"https:\/\/monguide.net\/produit\/livre-audio-convaincre-en-moins-de-2-minutes\/#primaryimage"},"thumbnailUrl":"https:\/\/monguide.net\/wp-content\/uploads\/2024\/05\/COUVERTURE-24.jpg","datePublished":"2024-05-12T04:00:24+00:00","dateModified":"2026-03-27T10:32:14+00:00","breadcrumb":{"@id":"https:\/\/monguide.net\/produit\/livre-audio-convaincre-en-moins-de-2-minutes\/#breadcrumb"},"inLanguage":"fr-FR","potentialAction":[{"@type":"ReadAction","target":["https:\/\/monguide.net\/produit\/livre-audio-convaincre-en-moins-de-2-minutes\/"]}]},{"@type":"ImageObject","inLanguage":"fr-FR","@id":"https:\/\/monguide.net\/produit\/livre-audio-convaincre-en-moins-de-2-minutes\/#primaryimage","url":"https:\/\/monguide.net\/wp-content\/uploads\/2024\/05\/COUVERTURE-24.jpg","contentUrl":"https:\/\/monguide.net\/wp-content\/uploads\/2024\/05\/COUVERTURE-24.jpg","width":500,"height":500,"caption":"Version 1.0.0"},{"@type":"BreadcrumbList","@id":"https:\/\/monguide.net\/produit\/livre-audio-convaincre-en-moins-de-2-minutes\/#breadcrumb","itemListElement":[{"@type":"ListItem","position":1,"name":"Accueil","item":"https:\/\/monguide.net\/"},{"@type":"ListItem","position":2,"name":"Boutique","item":"https:\/\/monguide.net\/shop\/"},{"@type":"ListItem","position":3,"name":"Convaincre en moins de 2 minutes &#8211; Livre audio"}]},{"@type":"WebSite","@id":"https:\/\/monguide.net\/#website","url":"https:\/\/monguide.net\/","name":"Mon Guide","description":"La boussole du monde. Tous vos livres et ebook \u00e0 un endroit","publisher":{"@id":"https:\/\/monguide.net\/#organization"},"potentialAction":[{"@type":"SearchAction","target":{"@type":"EntryPoint","urlTemplate":"https:\/\/monguide.net\/?s={search_term_string}"},"query-input":{"@type":"PropertyValueSpecification","valueRequired":true,"valueName":"search_term_string"}}],"inLanguage":"fr-FR"},{"@type":"Organization","@id":"https:\/\/monguide.net\/#organization","name":"Mon Guide","url":"https:\/\/monguide.net\/","logo":{"@type":"ImageObject","inLanguage":"fr-FR","@id":"https:\/\/monguide.net\/#\/schema\/logo\/image\/","url":"https:\/\/monguide.net\/wp-content\/uploads\/2024\/05\/Favicon.png","contentUrl":"https:\/\/monguide.net\/wp-content\/uploads\/2024\/05\/Favicon.png","width":512,"height":512,"caption":"Mon Guide"},"image":{"@id":"https:\/\/monguide.net\/#\/schema\/logo\/image\/"},"sameAs":["https:\/\/web.facebook.com\/profile.php?id=61558559594373&ref=embed_page"]}]}},"jetpack_sharing_enabled":true,"_links":{"self":[{"href":"https:\/\/monguide.net\/fr\/wp-json\/wp\/v2\/product\/16526","targetHints":{"allow":["GET"]}}],"collection":[{"href":"https:\/\/monguide.net\/fr\/wp-json\/wp\/v2\/product"}],"about":[{"href":"https:\/\/monguide.net\/fr\/wp-json\/wp\/v2\/types\/product"}],"replies":[{"embeddable":true,"href":"https:\/\/monguide.net\/fr\/wp-json\/wp\/v2\/comments?post=16526"}],"version-history":[{"count":0,"href":"https:\/\/monguide.net\/fr\/wp-json\/wp\/v2\/product\/16526\/revisions"}],"wp:featuredmedia":[{"embeddable":true,"href":"https:\/\/monguide.net\/fr\/wp-json\/wp\/v2\/media\/16527"}],"wp:attachment":[{"href":"https:\/\/monguide.net\/fr\/wp-json\/wp\/v2\/media?parent=16526"}],"wp:term":[{"taxonomy":"product_cat","embeddable":true,"href":"https:\/\/monguide.net\/fr\/wp-json\/wp\/v2\/product_cat?post=16526"},{"taxonomy":"product_tag","embeddable":true,"href":"https:\/\/monguide.net\/fr\/wp-json\/wp\/v2\/product_tag?post=16526"}],"curies":[{"name":"wp","href":"https:\/\/api.w.org\/{rel}","templated":true}]}}