{"id":16844,"date":"2024-05-19T23:32:57","date_gmt":"2024-05-19T21:32:57","guid":{"rendered":"https:\/\/monguide.net\/?post_type=product&#038;p=16844"},"modified":"2026-03-27T11:32:19","modified_gmt":"2026-03-27T10:32:19","slug":"les-fiches-outils-du-marketing","status":"publish","type":"product","link":"https:\/\/monguide.net\/fr\/produit\/les-fiches-outils-du-marketing\/","title":{"rendered":"Les fiches outils du marketing"},"content":{"rendered":"<p>Pratique et base sur l&#8217;exp\u00e9rience, ce guide op\u00e9rationnel complet pr\u00e9sente en\u00a0<span class=\"a-text-bold\">100 fiches<\/span>\u00a0les outils performants et les pratiques indispensables au marketing d&#8217;aujourd&#8217;hui.<\/p>\n<ul class=\"a-unordered-list a-vertical\">\n<li><span class=\"a-list-item\">B\u00e2tir une strat\u00e9gie marketing coh\u00e9rente et gagnante<\/span><\/li>\n<li><span class=\"a-list-item\">Elaborer et piloter un plan marketing<\/span><\/li>\n<li><span class=\"a-list-item\">Innover et cr\u00e9er de la valeur\u00a0: sur les marques et pour les clients<\/span><\/li>\n<li><span class=\"a-list-item\">Int\u00e9grer le digital et le webmarketing<\/span><\/li>\n<li><span class=\"a-list-item\">Optimiser l&#8217;exp\u00e9rience client et construire une relation durable<\/span><\/li>\n<li><span class=\"a-list-item\">Exploiter les leviers op\u00e9rationnels actuels<\/span><\/li>\n<li><span class=\"a-list-item\">Motiver, animer et valoriser les talents de son \u00e9quipe;<\/span><\/li>\n<\/ul>\n<p>Format: PDF<\/p>\n<p>Nombre de page: 389<\/p>","protected":false},"excerpt":{"rendered":"<ul class=\"a-unordered-list a-vertical\">\n<li><span class=\"a-list-item\">B\u00e2tir une strat\u00e9gie marketing coh\u00e9rente et gagnante<\/span><\/li>\n<li><span class=\"a-list-item\">Elaborer et piloter un plan marketing<\/span><\/li>\n<li><span class=\"a-list-item\">Innover et cr\u00e9er de la valeur\u00a0: sur les marques et pour les clients<\/span><\/li>\n<li><span class=\"a-list-item\">Int\u00e9grer le digital et le webmarketing<\/span><\/li>\n<li><span class=\"a-list-item\">Optimiser l&#8217;exp\u00e9rience client et construire une relation durable<\/span><\/li>\n<li><span class=\"a-list-item\">Exploiter les leviers op\u00e9rationnels actuels<\/span><\/li>\n<li><span class=\"a-list-item\">Motiver, animer et valoriser les talents de son \u00e9quipe<\/span><\/li>\n<\/ul>","protected":false},"featured_media":16845,"comment_status":"open","ping_status":"closed","template":"","meta":[],"product_cat":[86,317],"product_tag":[],"class_list":{"0":"post-16844","1":"product","2":"type-product","3":"status-publish","4":"has-post-thumbnail","6":"product_cat-marketing","7":"product_cat-pdf","9":"first","10":"instock","11":"sale","12":"downloadable","13":"shipping-taxable","14":"purchasable","15":"product-type-simple","16":"add-to-wishlist-after_add_to_cart"},"yoast_head":"<!-- This site is optimized with the Yoast SEO plugin v27.4 - https:\/\/yoast.com\/product\/yoast-seo-wordpress\/ -->\n<title>Les fiches outils du marketing - Mon Guide<\/title>\n<meta name=\"robots\" content=\"index, follow, max-snippet:-1, max-image-preview:large, max-video-preview:-1\" \/>\n<link rel=\"canonical\" href=\"https:\/\/monguide.net\/fr\/produit\/les-fiches-outils-du-marketing\/\" \/>\n<meta property=\"og:locale\" content=\"fr_FR\" \/>\n<meta property=\"og:type\" content=\"article\" \/>\n<meta property=\"og:title\" content=\"Les fiches outils du marketing - Mon Guide\" \/>\n<meta property=\"og:description\" content=\"B\u00e2tir une strat\u00e9gie marketing coh\u00e9rente et gagnante  Elaborer et piloter un plan marketing  Innover et cr\u00e9er de la valeur\u00a0: sur les marques et pour les clients  Int\u00e9grer le digital et le webmarketing  Optimiser l&#039;exp\u00e9rience client et construire une relation durable  Exploiter les leviers op\u00e9rationnels actuels  Motiver, animer et valoriser les talents de son \u00e9quipe\" \/>\n<meta property=\"og:url\" content=\"https:\/\/monguide.net\/fr\/produit\/les-fiches-outils-du-marketing\/\" \/>\n<meta property=\"og:site_name\" content=\"Mon Guide\" \/>\n<meta property=\"article:publisher\" content=\"https:\/\/web.facebook.com\/profile.php?id=61558559594373&amp;ref=embed_page\" \/>\n<meta property=\"article:modified_time\" content=\"2026-03-27T10:32:19+00:00\" \/>\n<meta property=\"og:image\" content=\"https:\/\/monguide.net\/wp-content\/uploads\/2024\/05\/COUVERTURE-FICHE-OUTIL-DU-MARKETING.jpg\" \/>\n\t<meta property=\"og:image:width\" content=\"1186\" \/>\n\t<meta property=\"og:image:height\" content=\"1208\" \/>\n\t<meta property=\"og:image:type\" content=\"image\/jpeg\" \/>\n<meta name=\"twitter:card\" content=\"summary_large_image\" \/>\n<meta name=\"twitter:label1\" content=\"Dur\u00e9e de lecture estim\u00e9e\" \/>\n\t<meta name=\"twitter:data1\" content=\"1 minute\" \/>\n<script type=\"application\/ld+json\" class=\"yoast-schema-graph\">{\"@context\":\"https:\\\/\\\/schema.org\",\"@graph\":[{\"@type\":\"WebPage\",\"@id\":\"https:\\\/\\\/monguide.net\\\/produit\\\/les-fiches-outils-du-marketing\\\/\",\"url\":\"https:\\\/\\\/monguide.net\\\/produit\\\/les-fiches-outils-du-marketing\\\/\",\"name\":\"Les fiches outils du marketing - Mon Guide\",\"isPartOf\":{\"@id\":\"https:\\\/\\\/monguide.net\\\/#website\"},\"primaryImageOfPage\":{\"@id\":\"https:\\\/\\\/monguide.net\\\/produit\\\/les-fiches-outils-du-marketing\\\/#primaryimage\"},\"image\":{\"@id\":\"https:\\\/\\\/monguide.net\\\/produit\\\/les-fiches-outils-du-marketing\\\/#primaryimage\"},\"thumbnailUrl\":\"https:\\\/\\\/monguide.net\\\/wp-content\\\/uploads\\\/2024\\\/05\\\/COUVERTURE-FICHE-OUTIL-DU-MARKETING.jpg\",\"datePublished\":\"2024-05-19T21:32:57+00:00\",\"dateModified\":\"2026-03-27T10:32:19+00:00\",\"breadcrumb\":{\"@id\":\"https:\\\/\\\/monguide.net\\\/produit\\\/les-fiches-outils-du-marketing\\\/#breadcrumb\"},\"inLanguage\":\"fr-FR\",\"potentialAction\":[{\"@type\":\"ReadAction\",\"target\":[\"https:\\\/\\\/monguide.net\\\/produit\\\/les-fiches-outils-du-marketing\\\/\"]}]},{\"@type\":\"ImageObject\",\"inLanguage\":\"fr-FR\",\"@id\":\"https:\\\/\\\/monguide.net\\\/produit\\\/les-fiches-outils-du-marketing\\\/#primaryimage\",\"url\":\"https:\\\/\\\/monguide.net\\\/wp-content\\\/uploads\\\/2024\\\/05\\\/COUVERTURE-FICHE-OUTIL-DU-MARKETING.jpg\",\"contentUrl\":\"https:\\\/\\\/monguide.net\\\/wp-content\\\/uploads\\\/2024\\\/05\\\/COUVERTURE-FICHE-OUTIL-DU-MARKETING.jpg\",\"width\":1186,\"height\":1208},{\"@type\":\"BreadcrumbList\",\"@id\":\"https:\\\/\\\/monguide.net\\\/produit\\\/les-fiches-outils-du-marketing\\\/#breadcrumb\",\"itemListElement\":[{\"@type\":\"ListItem\",\"position\":1,\"name\":\"Accueil\",\"item\":\"https:\\\/\\\/monguide.net\\\/\"},{\"@type\":\"ListItem\",\"position\":2,\"name\":\"Boutique\",\"item\":\"https:\\\/\\\/monguide.net\\\/shop\\\/\"},{\"@type\":\"ListItem\",\"position\":3,\"name\":\"Les fiches outils du marketing\"}]},{\"@type\":\"WebSite\",\"@id\":\"https:\\\/\\\/monguide.net\\\/#website\",\"url\":\"https:\\\/\\\/monguide.net\\\/\",\"name\":\"Mon Guide\",\"description\":\"La boussole du monde. Tous vos livres et ebook \u00e0 un endroit\",\"publisher\":{\"@id\":\"https:\\\/\\\/monguide.net\\\/#organization\"},\"potentialAction\":[{\"@type\":\"SearchAction\",\"target\":{\"@type\":\"EntryPoint\",\"urlTemplate\":\"https:\\\/\\\/monguide.net\\\/?s={search_term_string}\"},\"query-input\":{\"@type\":\"PropertyValueSpecification\",\"valueRequired\":true,\"valueName\":\"search_term_string\"}}],\"inLanguage\":\"fr-FR\"},{\"@type\":\"Organization\",\"@id\":\"https:\\\/\\\/monguide.net\\\/#organization\",\"name\":\"Mon Guide\",\"url\":\"https:\\\/\\\/monguide.net\\\/\",\"logo\":{\"@type\":\"ImageObject\",\"inLanguage\":\"fr-FR\",\"@id\":\"https:\\\/\\\/monguide.net\\\/#\\\/schema\\\/logo\\\/image\\\/\",\"url\":\"http:\\\/\\\/monguide.net\\\/wp-content\\\/uploads\\\/2024\\\/05\\\/Favicon.png\",\"contentUrl\":\"http:\\\/\\\/monguide.net\\\/wp-content\\\/uploads\\\/2024\\\/05\\\/Favicon.png\",\"width\":512,\"height\":512,\"caption\":\"Mon Guide\"},\"image\":{\"@id\":\"https:\\\/\\\/monguide.net\\\/#\\\/schema\\\/logo\\\/image\\\/\"},\"sameAs\":[\"https:\\\/\\\/web.facebook.com\\\/profile.php?id=61558559594373&ref=embed_page\"]}]}<\/script>\n<!-- \/ Yoast SEO plugin. -->","yoast_head_json":{"title":"Les fiches outils du marketing - Mon Guide","robots":{"index":"index","follow":"follow","max-snippet":"max-snippet:-1","max-image-preview":"max-image-preview:large","max-video-preview":"max-video-preview:-1"},"canonical":"https:\/\/monguide.net\/fr\/produit\/les-fiches-outils-du-marketing\/","og_locale":"fr_FR","og_type":"article","og_title":"Les fiches outils du marketing - Mon Guide","og_description":"B\u00e2tir une strat\u00e9gie marketing coh\u00e9rente et gagnante  Elaborer et piloter un plan marketing  Innover et cr\u00e9er de la valeur\u00a0: sur les marques et pour les clients  Int\u00e9grer le digital et le webmarketing  Optimiser l'exp\u00e9rience client et construire une relation durable  Exploiter les leviers op\u00e9rationnels actuels  Motiver, animer et valoriser les talents de son \u00e9quipe","og_url":"https:\/\/monguide.net\/fr\/produit\/les-fiches-outils-du-marketing\/","og_site_name":"Mon Guide","article_publisher":"https:\/\/web.facebook.com\/profile.php?id=61558559594373&ref=embed_page","article_modified_time":"2026-03-27T10:32:19+00:00","og_image":[{"width":1186,"height":1208,"url":"https:\/\/monguide.net\/wp-content\/uploads\/2024\/05\/COUVERTURE-FICHE-OUTIL-DU-MARKETING.jpg","type":"image\/jpeg"}],"twitter_card":"summary_large_image","twitter_misc":{"Dur\u00e9e de lecture estim\u00e9e":"1 minute"},"schema":{"@context":"https:\/\/schema.org","@graph":[{"@type":"WebPage","@id":"https:\/\/monguide.net\/produit\/les-fiches-outils-du-marketing\/","url":"https:\/\/monguide.net\/produit\/les-fiches-outils-du-marketing\/","name":"Les fiches outils du marketing - Mon Guide","isPartOf":{"@id":"https:\/\/monguide.net\/#website"},"primaryImageOfPage":{"@id":"https:\/\/monguide.net\/produit\/les-fiches-outils-du-marketing\/#primaryimage"},"image":{"@id":"https:\/\/monguide.net\/produit\/les-fiches-outils-du-marketing\/#primaryimage"},"thumbnailUrl":"https:\/\/monguide.net\/wp-content\/uploads\/2024\/05\/COUVERTURE-FICHE-OUTIL-DU-MARKETING.jpg","datePublished":"2024-05-19T21:32:57+00:00","dateModified":"2026-03-27T10:32:19+00:00","breadcrumb":{"@id":"https:\/\/monguide.net\/produit\/les-fiches-outils-du-marketing\/#breadcrumb"},"inLanguage":"fr-FR","potentialAction":[{"@type":"ReadAction","target":["https:\/\/monguide.net\/produit\/les-fiches-outils-du-marketing\/"]}]},{"@type":"ImageObject","inLanguage":"fr-FR","@id":"https:\/\/monguide.net\/produit\/les-fiches-outils-du-marketing\/#primaryimage","url":"https:\/\/monguide.net\/wp-content\/uploads\/2024\/05\/COUVERTURE-FICHE-OUTIL-DU-MARKETING.jpg","contentUrl":"https:\/\/monguide.net\/wp-content\/uploads\/2024\/05\/COUVERTURE-FICHE-OUTIL-DU-MARKETING.jpg","width":1186,"height":1208},{"@type":"BreadcrumbList","@id":"https:\/\/monguide.net\/produit\/les-fiches-outils-du-marketing\/#breadcrumb","itemListElement":[{"@type":"ListItem","position":1,"name":"Accueil","item":"https:\/\/monguide.net\/"},{"@type":"ListItem","position":2,"name":"Boutique","item":"https:\/\/monguide.net\/shop\/"},{"@type":"ListItem","position":3,"name":"Les fiches outils du marketing"}]},{"@type":"WebSite","@id":"https:\/\/monguide.net\/#website","url":"https:\/\/monguide.net\/","name":"Mon Guide","description":"La boussole du monde. Tous vos livres et ebook \u00e0 un endroit","publisher":{"@id":"https:\/\/monguide.net\/#organization"},"potentialAction":[{"@type":"SearchAction","target":{"@type":"EntryPoint","urlTemplate":"https:\/\/monguide.net\/?s={search_term_string}"},"query-input":{"@type":"PropertyValueSpecification","valueRequired":true,"valueName":"search_term_string"}}],"inLanguage":"fr-FR"},{"@type":"Organization","@id":"https:\/\/monguide.net\/#organization","name":"Mon Guide","url":"https:\/\/monguide.net\/","logo":{"@type":"ImageObject","inLanguage":"fr-FR","@id":"https:\/\/monguide.net\/#\/schema\/logo\/image\/","url":"https:\/\/monguide.net\/wp-content\/uploads\/2024\/05\/Favicon.png","contentUrl":"https:\/\/monguide.net\/wp-content\/uploads\/2024\/05\/Favicon.png","width":512,"height":512,"caption":"Mon Guide"},"image":{"@id":"https:\/\/monguide.net\/#\/schema\/logo\/image\/"},"sameAs":["https:\/\/web.facebook.com\/profile.php?id=61558559594373&ref=embed_page"]}]}},"jetpack_sharing_enabled":true,"_links":{"self":[{"href":"https:\/\/monguide.net\/fr\/wp-json\/wp\/v2\/product\/16844","targetHints":{"allow":["GET"]}}],"collection":[{"href":"https:\/\/monguide.net\/fr\/wp-json\/wp\/v2\/product"}],"about":[{"href":"https:\/\/monguide.net\/fr\/wp-json\/wp\/v2\/types\/product"}],"replies":[{"embeddable":true,"href":"https:\/\/monguide.net\/fr\/wp-json\/wp\/v2\/comments?post=16844"}],"version-history":[{"count":0,"href":"https:\/\/monguide.net\/fr\/wp-json\/wp\/v2\/product\/16844\/revisions"}],"wp:featuredmedia":[{"embeddable":true,"href":"https:\/\/monguide.net\/fr\/wp-json\/wp\/v2\/media\/16845"}],"wp:attachment":[{"href":"https:\/\/monguide.net\/fr\/wp-json\/wp\/v2\/media?parent=16844"}],"wp:term":[{"taxonomy":"product_cat","embeddable":true,"href":"https:\/\/monguide.net\/fr\/wp-json\/wp\/v2\/product_cat?post=16844"},{"taxonomy":"product_tag","embeddable":true,"href":"https:\/\/monguide.net\/fr\/wp-json\/wp\/v2\/product_tag?post=16844"}],"curies":[{"name":"wp","href":"https:\/\/api.w.org\/{rel}","templated":true}]}}