{"id":16852,"date":"2024-05-20T10:44:22","date_gmt":"2024-05-20T08:44:22","guid":{"rendered":"https:\/\/monguide.net\/?post_type=product&#038;p=16852"},"modified":"2026-03-27T11:32:20","modified_gmt":"2026-03-27T10:32:20","slug":"marketing-b-to-b-principes-et-outils-de-la-stratagie-a-la-vente","status":"publish","type":"product","link":"https:\/\/monguide.net\/fr\/produit\/marketing-b-to-b-principes-et-outils-de-la-stratagie-a-la-vente\/","title":{"rendered":"Mark\u00e9ting B to B &#8211; principes et outils de la strat\u00e9gie \u00e0 la vente"},"content":{"rendered":"<p>Une mine d&#8217;informations \u00e0 l&#8217;usage des professionnels et futurs professionnels. Comment \u00e9laborer une strat\u00e9gie marketing pour des produits ou services destin\u00e9s aux entreprises ? Comment \u00e9tudier le march\u00e9, d\u00e9terminer les nouveaux produits, les lancer avec succ\u00e8s aupr\u00e8s des professionnels ? Comment instaurer une relation client positive et durable avec des acheteurs exp\u00e9riment\u00e9s ? Ces enjeux sont de taille puisque le business to business (B to B ou B2B) repr\u00e9sente un chiffre d&#8217;affaires nettement sup\u00e9rieur au business to consumer (B to C).<br \/>\nCet ouvrage propose un panorama des concepts th\u00e9oriques (analyse strat\u00e9gique, processus d innovation&#8230;) et des pratiques (usage d Internet, m\u00e9thodes et outils de vente&#8230;) du B to B. \u00c9tay\u00e9 de nombreux exemples, \u00e9tudes de cas et t\u00e9moignages, enrichis dans cette seconde \u00e9dition, il permet de cerner concr\u00e8tement tous les aspects de ce marketing sp\u00e9cifique.<br \/>\nLa centaine d&#8217;outils op\u00e9rationnels propos\u00e9s fait de ce manuel une v\u00e9ritable mine d&#8217;informations \u00e0 l&#8217;usage des \u00e9tudiants, mais aussi des professionnels.<br \/>\nDes ressources compl\u00e9mentaires (plans, tableaux de bord&#8230;)<br \/>\n\u00ab Une vision compl\u00e8te des concepts th\u00e9oriques du marketing B to B \u00bb<\/p>\n<p>Format: PDF<\/p>\n<p>Nombre de page: 257<\/p>","protected":false},"excerpt":{"rendered":"<p>Cet ouvrage disponible en t\u00e9l\u00e9chargement au format PDF de 257 pages propose un panorama des concepts th\u00e9oriques (analyse strat\u00e9gique, processus d&#8217;innovation&#8230;) et des pratiques (usage d&#8217;Internet, m\u00e9thodes et outils de vente&#8230;) du B to B. \u00c9tay\u00e9 de nombreux exemples, \u00e9tudes de cas et t\u00e9moignages, enrichis dans cette seconde \u00e9dition, il permet de cerner concr\u00e8tement tous les aspects de ce marketing sp\u00e9cifique.<br \/>\nLa centaine d&#8217;outils op\u00e9rationnels propos\u00e9s fait de ce manuel une v\u00e9ritable mine d&#8217;informations \u00e0 l&#8217;usage des \u00e9tudiants, mais aussi des professionnels.<br \/>\nDes ressources compl\u00e9mentaires (plans, tableaux de bord&#8230;)<br \/>\n\u00ab Une vision compl\u00e8te des concepts th\u00e9oriques du marketing B to B \u00bb<\/p>","protected":false},"featured_media":16854,"comment_status":"open","ping_status":"closed","template":"","meta":[],"product_cat":[87,74,86,317],"product_tag":[],"class_list":{"0":"post-16852","1":"product","2":"type-product","3":"status-publish","4":"has-post-thumbnail","6":"product_cat-business","7":"product_cat-education","8":"product_cat-marketing","9":"product_cat-pdf","11":"first","12":"instock","13":"sale","14":"downloadable","15":"shipping-taxable","16":"purchasable","17":"product-type-simple","18":"add-to-wishlist-after_add_to_cart"},"yoast_head":"<!-- This site is optimized with the Yoast SEO plugin v27.4 - https:\/\/yoast.com\/product\/yoast-seo-wordpress\/ -->\n<title>Mark\u00e9ting B to B - principes et outils de la strat\u00e9gie \u00e0 la vente - Mon Guide<\/title>\n<meta name=\"robots\" content=\"index, follow, max-snippet:-1, max-image-preview:large, max-video-preview:-1\" \/>\n<link rel=\"canonical\" href=\"https:\/\/monguide.net\/fr\/produit\/marketing-b-to-b-principes-et-outils-de-la-stratagie-a-la-vente\/\" \/>\n<meta property=\"og:locale\" content=\"fr_FR\" \/>\n<meta property=\"og:type\" content=\"article\" \/>\n<meta property=\"og:title\" content=\"Mark\u00e9ting B to B - principes et outils de la strat\u00e9gie \u00e0 la vente - Mon Guide\" \/>\n<meta property=\"og:description\" content=\"Cet ouvrage disponible en t\u00e9l\u00e9chargement au format PDF de 257 pages propose un panorama des concepts th\u00e9oriques (analyse strat\u00e9gique, processus d&#039;innovation...) et des pratiques (usage d&#039;Internet, m\u00e9thodes et outils de vente...) du B to B. \u00c9tay\u00e9 de nombreux exemples, \u00e9tudes de cas et t\u00e9moignages, enrichis dans cette seconde \u00e9dition, il permet de cerner concr\u00e8tement tous les aspects de ce marketing sp\u00e9cifique. La centaine d&#039;outils op\u00e9rationnels propos\u00e9s fait de ce manuel une v\u00e9ritable mine d&#039;informations \u00e0 l&#039;usage des \u00e9tudiants, mais aussi des professionnels. Des ressources compl\u00e9mentaires (plans, tableaux de bord...) \u00ab Une vision compl\u00e8te des concepts th\u00e9oriques du marketing B to B \u00bb\" \/>\n<meta property=\"og:url\" content=\"https:\/\/monguide.net\/fr\/produit\/marketing-b-to-b-principes-et-outils-de-la-stratagie-a-la-vente\/\" \/>\n<meta property=\"og:site_name\" content=\"Mon Guide\" \/>\n<meta property=\"article:publisher\" content=\"https:\/\/web.facebook.com\/profile.php?id=61558559594373&amp;ref=embed_page\" \/>\n<meta property=\"article:modified_time\" content=\"2026-03-27T10:32:20+00:00\" \/>\n<meta property=\"og:image\" content=\"https:\/\/monguide.net\/wp-content\/uploads\/2024\/05\/COUVERTURE-MARKETING-B-TO-B.jpg\" \/>\n\t<meta property=\"og:image:width\" content=\"1003\" \/>\n\t<meta property=\"og:image:height\" content=\"1500\" \/>\n\t<meta property=\"og:image:type\" content=\"image\/jpeg\" \/>\n<meta name=\"twitter:card\" content=\"summary_large_image\" \/>\n<meta name=\"twitter:label1\" content=\"Dur\u00e9e de lecture estim\u00e9e\" \/>\n\t<meta name=\"twitter:data1\" content=\"2 minutes\" \/>\n<script type=\"application\/ld+json\" class=\"yoast-schema-graph\">{\"@context\":\"https:\\\/\\\/schema.org\",\"@graph\":[{\"@type\":\"WebPage\",\"@id\":\"https:\\\/\\\/monguide.net\\\/produit\\\/marketing-b-to-b-principes-et-outils-de-la-stratagie-a-la-vente\\\/\",\"url\":\"https:\\\/\\\/monguide.net\\\/produit\\\/marketing-b-to-b-principes-et-outils-de-la-stratagie-a-la-vente\\\/\",\"name\":\"Mark\u00e9ting B to B - principes et outils de la strat\u00e9gie \u00e0 la vente - Mon Guide\",\"isPartOf\":{\"@id\":\"https:\\\/\\\/monguide.net\\\/#website\"},\"primaryImageOfPage\":{\"@id\":\"https:\\\/\\\/monguide.net\\\/produit\\\/marketing-b-to-b-principes-et-outils-de-la-stratagie-a-la-vente\\\/#primaryimage\"},\"image\":{\"@id\":\"https:\\\/\\\/monguide.net\\\/produit\\\/marketing-b-to-b-principes-et-outils-de-la-stratagie-a-la-vente\\\/#primaryimage\"},\"thumbnailUrl\":\"https:\\\/\\\/monguide.net\\\/wp-content\\\/uploads\\\/2024\\\/05\\\/COUVERTURE-MARKETING-B-TO-B.jpg\",\"datePublished\":\"2024-05-20T08:44:22+00:00\",\"dateModified\":\"2026-03-27T10:32:20+00:00\",\"breadcrumb\":{\"@id\":\"https:\\\/\\\/monguide.net\\\/produit\\\/marketing-b-to-b-principes-et-outils-de-la-stratagie-a-la-vente\\\/#breadcrumb\"},\"inLanguage\":\"fr-FR\",\"potentialAction\":[{\"@type\":\"ReadAction\",\"target\":[\"https:\\\/\\\/monguide.net\\\/produit\\\/marketing-b-to-b-principes-et-outils-de-la-stratagie-a-la-vente\\\/\"]}]},{\"@type\":\"ImageObject\",\"inLanguage\":\"fr-FR\",\"@id\":\"https:\\\/\\\/monguide.net\\\/produit\\\/marketing-b-to-b-principes-et-outils-de-la-stratagie-a-la-vente\\\/#primaryimage\",\"url\":\"https:\\\/\\\/monguide.net\\\/wp-content\\\/uploads\\\/2024\\\/05\\\/COUVERTURE-MARKETING-B-TO-B.jpg\",\"contentUrl\":\"https:\\\/\\\/monguide.net\\\/wp-content\\\/uploads\\\/2024\\\/05\\\/COUVERTURE-MARKETING-B-TO-B.jpg\",\"width\":1003,\"height\":1500},{\"@type\":\"BreadcrumbList\",\"@id\":\"https:\\\/\\\/monguide.net\\\/produit\\\/marketing-b-to-b-principes-et-outils-de-la-stratagie-a-la-vente\\\/#breadcrumb\",\"itemListElement\":[{\"@type\":\"ListItem\",\"position\":1,\"name\":\"Accueil\",\"item\":\"https:\\\/\\\/monguide.net\\\/\"},{\"@type\":\"ListItem\",\"position\":2,\"name\":\"Boutique\",\"item\":\"https:\\\/\\\/monguide.net\\\/shop\\\/\"},{\"@type\":\"ListItem\",\"position\":3,\"name\":\"Mark\u00e9ting B to B &#8211; principes et outils de la strat\u00e9gie \u00e0 la vente\"}]},{\"@type\":\"WebSite\",\"@id\":\"https:\\\/\\\/monguide.net\\\/#website\",\"url\":\"https:\\\/\\\/monguide.net\\\/\",\"name\":\"Mon Guide\",\"description\":\"La boussole du monde. Tous vos livres et ebook \u00e0 un endroit\",\"publisher\":{\"@id\":\"https:\\\/\\\/monguide.net\\\/#organization\"},\"potentialAction\":[{\"@type\":\"SearchAction\",\"target\":{\"@type\":\"EntryPoint\",\"urlTemplate\":\"https:\\\/\\\/monguide.net\\\/?s={search_term_string}\"},\"query-input\":{\"@type\":\"PropertyValueSpecification\",\"valueRequired\":true,\"valueName\":\"search_term_string\"}}],\"inLanguage\":\"fr-FR\"},{\"@type\":\"Organization\",\"@id\":\"https:\\\/\\\/monguide.net\\\/#organization\",\"name\":\"Mon Guide\",\"url\":\"https:\\\/\\\/monguide.net\\\/\",\"logo\":{\"@type\":\"ImageObject\",\"inLanguage\":\"fr-FR\",\"@id\":\"https:\\\/\\\/monguide.net\\\/#\\\/schema\\\/logo\\\/image\\\/\",\"url\":\"http:\\\/\\\/monguide.net\\\/wp-content\\\/uploads\\\/2024\\\/05\\\/Favicon.png\",\"contentUrl\":\"http:\\\/\\\/monguide.net\\\/wp-content\\\/uploads\\\/2024\\\/05\\\/Favicon.png\",\"width\":512,\"height\":512,\"caption\":\"Mon Guide\"},\"image\":{\"@id\":\"https:\\\/\\\/monguide.net\\\/#\\\/schema\\\/logo\\\/image\\\/\"},\"sameAs\":[\"https:\\\/\\\/web.facebook.com\\\/profile.php?id=61558559594373&ref=embed_page\"]}]}<\/script>\n<!-- \/ Yoast SEO plugin. -->","yoast_head_json":{"title":"Mark\u00e9ting B to B - principes et outils de la strat\u00e9gie \u00e0 la vente - Mon Guide","robots":{"index":"index","follow":"follow","max-snippet":"max-snippet:-1","max-image-preview":"max-image-preview:large","max-video-preview":"max-video-preview:-1"},"canonical":"https:\/\/monguide.net\/fr\/produit\/marketing-b-to-b-principes-et-outils-de-la-stratagie-a-la-vente\/","og_locale":"fr_FR","og_type":"article","og_title":"Mark\u00e9ting B to B - principes et outils de la strat\u00e9gie \u00e0 la vente - Mon Guide","og_description":"Cet ouvrage disponible en t\u00e9l\u00e9chargement au format PDF de 257 pages propose un panorama des concepts th\u00e9oriques (analyse strat\u00e9gique, processus d'innovation...) et des pratiques (usage d'Internet, m\u00e9thodes et outils de vente...) du B to B. \u00c9tay\u00e9 de nombreux exemples, \u00e9tudes de cas et t\u00e9moignages, enrichis dans cette seconde \u00e9dition, il permet de cerner concr\u00e8tement tous les aspects de ce marketing sp\u00e9cifique. La centaine d'outils op\u00e9rationnels propos\u00e9s fait de ce manuel une v\u00e9ritable mine d'informations \u00e0 l'usage des \u00e9tudiants, mais aussi des professionnels. Des ressources compl\u00e9mentaires (plans, tableaux de bord...) \u00ab Une vision compl\u00e8te des concepts th\u00e9oriques du marketing B to B \u00bb","og_url":"https:\/\/monguide.net\/fr\/produit\/marketing-b-to-b-principes-et-outils-de-la-stratagie-a-la-vente\/","og_site_name":"Mon Guide","article_publisher":"https:\/\/web.facebook.com\/profile.php?id=61558559594373&ref=embed_page","article_modified_time":"2026-03-27T10:32:20+00:00","og_image":[{"width":1003,"height":1500,"url":"https:\/\/monguide.net\/wp-content\/uploads\/2024\/05\/COUVERTURE-MARKETING-B-TO-B.jpg","type":"image\/jpeg"}],"twitter_card":"summary_large_image","twitter_misc":{"Dur\u00e9e de lecture estim\u00e9e":"2 minutes"},"schema":{"@context":"https:\/\/schema.org","@graph":[{"@type":"WebPage","@id":"https:\/\/monguide.net\/produit\/marketing-b-to-b-principes-et-outils-de-la-stratagie-a-la-vente\/","url":"https:\/\/monguide.net\/produit\/marketing-b-to-b-principes-et-outils-de-la-stratagie-a-la-vente\/","name":"Mark\u00e9ting B to B - principes et outils de la strat\u00e9gie \u00e0 la vente - Mon Guide","isPartOf":{"@id":"https:\/\/monguide.net\/#website"},"primaryImageOfPage":{"@id":"https:\/\/monguide.net\/produit\/marketing-b-to-b-principes-et-outils-de-la-stratagie-a-la-vente\/#primaryimage"},"image":{"@id":"https:\/\/monguide.net\/produit\/marketing-b-to-b-principes-et-outils-de-la-stratagie-a-la-vente\/#primaryimage"},"thumbnailUrl":"https:\/\/monguide.net\/wp-content\/uploads\/2024\/05\/COUVERTURE-MARKETING-B-TO-B.jpg","datePublished":"2024-05-20T08:44:22+00:00","dateModified":"2026-03-27T10:32:20+00:00","breadcrumb":{"@id":"https:\/\/monguide.net\/produit\/marketing-b-to-b-principes-et-outils-de-la-stratagie-a-la-vente\/#breadcrumb"},"inLanguage":"fr-FR","potentialAction":[{"@type":"ReadAction","target":["https:\/\/monguide.net\/produit\/marketing-b-to-b-principes-et-outils-de-la-stratagie-a-la-vente\/"]}]},{"@type":"ImageObject","inLanguage":"fr-FR","@id":"https:\/\/monguide.net\/produit\/marketing-b-to-b-principes-et-outils-de-la-stratagie-a-la-vente\/#primaryimage","url":"https:\/\/monguide.net\/wp-content\/uploads\/2024\/05\/COUVERTURE-MARKETING-B-TO-B.jpg","contentUrl":"https:\/\/monguide.net\/wp-content\/uploads\/2024\/05\/COUVERTURE-MARKETING-B-TO-B.jpg","width":1003,"height":1500},{"@type":"BreadcrumbList","@id":"https:\/\/monguide.net\/produit\/marketing-b-to-b-principes-et-outils-de-la-stratagie-a-la-vente\/#breadcrumb","itemListElement":[{"@type":"ListItem","position":1,"name":"Accueil","item":"https:\/\/monguide.net\/"},{"@type":"ListItem","position":2,"name":"Boutique","item":"https:\/\/monguide.net\/shop\/"},{"@type":"ListItem","position":3,"name":"Mark\u00e9ting B to B &#8211; principes et outils de la strat\u00e9gie \u00e0 la vente"}]},{"@type":"WebSite","@id":"https:\/\/monguide.net\/#website","url":"https:\/\/monguide.net\/","name":"Mon Guide","description":"La boussole du monde. Tous vos livres et ebook \u00e0 un endroit","publisher":{"@id":"https:\/\/monguide.net\/#organization"},"potentialAction":[{"@type":"SearchAction","target":{"@type":"EntryPoint","urlTemplate":"https:\/\/monguide.net\/?s={search_term_string}"},"query-input":{"@type":"PropertyValueSpecification","valueRequired":true,"valueName":"search_term_string"}}],"inLanguage":"fr-FR"},{"@type":"Organization","@id":"https:\/\/monguide.net\/#organization","name":"Mon Guide","url":"https:\/\/monguide.net\/","logo":{"@type":"ImageObject","inLanguage":"fr-FR","@id":"https:\/\/monguide.net\/#\/schema\/logo\/image\/","url":"https:\/\/monguide.net\/wp-content\/uploads\/2024\/05\/Favicon.png","contentUrl":"https:\/\/monguide.net\/wp-content\/uploads\/2024\/05\/Favicon.png","width":512,"height":512,"caption":"Mon Guide"},"image":{"@id":"https:\/\/monguide.net\/#\/schema\/logo\/image\/"},"sameAs":["https:\/\/web.facebook.com\/profile.php?id=61558559594373&ref=embed_page"]}]}},"jetpack_sharing_enabled":true,"_links":{"self":[{"href":"https:\/\/monguide.net\/fr\/wp-json\/wp\/v2\/product\/16852","targetHints":{"allow":["GET"]}}],"collection":[{"href":"https:\/\/monguide.net\/fr\/wp-json\/wp\/v2\/product"}],"about":[{"href":"https:\/\/monguide.net\/fr\/wp-json\/wp\/v2\/types\/product"}],"replies":[{"embeddable":true,"href":"https:\/\/monguide.net\/fr\/wp-json\/wp\/v2\/comments?post=16852"}],"version-history":[{"count":0,"href":"https:\/\/monguide.net\/fr\/wp-json\/wp\/v2\/product\/16852\/revisions"}],"wp:featuredmedia":[{"embeddable":true,"href":"https:\/\/monguide.net\/fr\/wp-json\/wp\/v2\/media\/16854"}],"wp:attachment":[{"href":"https:\/\/monguide.net\/fr\/wp-json\/wp\/v2\/media?parent=16852"}],"wp:term":[{"taxonomy":"product_cat","embeddable":true,"href":"https:\/\/monguide.net\/fr\/wp-json\/wp\/v2\/product_cat?post=16852"},{"taxonomy":"product_tag","embeddable":true,"href":"https:\/\/monguide.net\/fr\/wp-json\/wp\/v2\/product_tag?post=16852"}],"curies":[{"name":"wp","href":"https:\/\/api.w.org\/{rel}","templated":true}]}}