{"id":16856,"date":"2024-05-20T11:26:15","date_gmt":"2024-05-20T09:26:15","guid":{"rendered":"https:\/\/monguide.net\/?post_type=product&#038;p=16856"},"modified":"2026-03-27T11:32:20","modified_gmt":"2026-03-27T10:32:20","slug":"marketing-de-lagroalimentaire-environnement-strategies-et-plans-daction","status":"publish","type":"product","link":"https:\/\/monguide.net\/fr\/produit\/marketing-de-lagroalimentaire-environnement-strategies-et-plans-daction\/","title":{"rendered":"Marketing de l&#8217;agro-alimentaire &#8211; environnement strat\u00e9gies et plans d&#8217;actions"},"content":{"rendered":"<p><span class=\"a-text-bold\">L&#8217;industrie agroalimentaire est l&#8217;un des premiers secteurs d&#8217;activit\u00e9 en France<\/span>. Cet ouvrage de 452 pages disponible en t\u00e9l\u00e9charge ment au format PDF met l&#8217;accent sur les sp\u00e9cificit\u00e9s du marketing du secteur agro-alimentaire : comportement des consommateurs, risque alimentaire et gestion de la qualit\u00e9, marque propre et MDD, actions de promotion et de communication, commercialisation et internationalisation&#8230;<br \/>\n<span class=\"a-text-bold\">Largement illustr\u00e9 et nourri de cas d&#8217;entreprises, ce livre privil\u00e9gie l&#8217;orientation pratique, stimule la r\u00e9flexion strat\u00e9gique et aide les prises de d\u00e9cisions op\u00e9rationnelles.<\/span><br \/>\nCette\u00a0<span class=\"a-text-bold\">3e \u00e9dition<\/span>, enti\u00e8rement revue et mise \u00e0 jour, propose de\u00a0<span class=\"a-text-bold\">nouveaux exemples<\/span>, expose l<span class=\"a-text-bold\">&#8216;impact des nouvelles technologies et du digital<\/span>\u00a0et\u00a0<span class=\"a-text-bold\">renforce la place accord\u00e9e au prix<\/span><\/p>","protected":false},"excerpt":{"rendered":"<p>Cet ouvrage de 452 pages disponible en t\u00e9l\u00e9charge ment au format PDF met l&#8217;accent sur les sp\u00e9cificit\u00e9s du marketing du secteur agro-alimentaire : comportement des consommateurs, risque alimentaire et gestion de la qualit\u00e9, marque propre et MDD, actions de promotion et de communication, commercialisation et internationalisation&#8230;<br \/>\n<span class=\"a-text-bold\">Largement illustr\u00e9 et nourri de cas d&#8217;entreprises, ce livre privil\u00e9gie l&#8217;orientation pratique, stimule la r\u00e9flexion strat\u00e9gique et aide les prises de d\u00e9cisions op\u00e9rationnelles.<\/span><br \/>\nCette\u00a0<span class=\"a-text-bold\">3e \u00e9dition<\/span>, enti\u00e8rement revue et mise \u00e0 jour, propose de\u00a0<span class=\"a-text-bold\">nouveaux exemples<\/span>, expose l<span class=\"a-text-bold\">&#8216;impact des nouvelles technologies et du digital<\/span>\u00a0et\u00a0<span class=\"a-text-bold\">renforce la place accord\u00e9e au prix.<\/span><\/p>","protected":false},"featured_media":16857,"comment_status":"open","ping_status":"closed","template":"","meta":[],"product_cat":[86,317],"product_tag":[],"class_list":{"0":"post-16856","1":"product","2":"type-product","3":"status-publish","4":"has-post-thumbnail","6":"product_cat-marketing","7":"product_cat-pdf","9":"first","10":"instock","11":"sale","12":"downloadable","13":"shipping-taxable","14":"purchasable","15":"product-type-simple","16":"add-to-wishlist-after_add_to_cart"},"yoast_head":"<!-- This site is optimized with the Yoast SEO plugin v27.4 - https:\/\/yoast.com\/product\/yoast-seo-wordpress\/ -->\n<title>Marketing de l&#039;agro-alimentaire - environnement strat\u00e9gies et plans d&#039;actions - Mon Guide<\/title>\n<meta name=\"robots\" content=\"index, follow, max-snippet:-1, max-image-preview:large, max-video-preview:-1\" \/>\n<link rel=\"canonical\" href=\"https:\/\/monguide.net\/fr\/produit\/marketing-de-lagroalimentaire-environnement-strategies-et-plans-daction\/\" \/>\n<meta property=\"og:locale\" content=\"fr_FR\" \/>\n<meta property=\"og:type\" content=\"article\" \/>\n<meta property=\"og:title\" content=\"Marketing de l&#039;agro-alimentaire - environnement strat\u00e9gies et plans d&#039;actions - Mon Guide\" \/>\n<meta property=\"og:description\" content=\"Cet ouvrage de 452 pages disponible en t\u00e9l\u00e9charge ment au format PDF met l&#039;accent sur les sp\u00e9cificit\u00e9s du marketing du secteur agro-alimentaire : comportement des consommateurs, risque alimentaire et gestion de la qualit\u00e9, marque propre et MDD, actions de promotion et de communication, commercialisation et internationalisation... Largement illustr\u00e9 et nourri de cas d&#039;entreprises, ce livre privil\u00e9gie l&#039;orientation pratique, stimule la r\u00e9flexion strat\u00e9gique et aide les prises de d\u00e9cisions op\u00e9rationnelles. Cette\u00a03e \u00e9dition, enti\u00e8rement revue et mise \u00e0 jour, propose de\u00a0nouveaux exemples, expose l&#039;impact des nouvelles technologies et du digital\u00a0et\u00a0renforce la place accord\u00e9e au prix.\" \/>\n<meta property=\"og:url\" content=\"https:\/\/monguide.net\/fr\/produit\/marketing-de-lagroalimentaire-environnement-strategies-et-plans-daction\/\" \/>\n<meta property=\"og:site_name\" content=\"Mon Guide\" \/>\n<meta property=\"article:publisher\" content=\"https:\/\/web.facebook.com\/profile.php?id=61558559594373&amp;ref=embed_page\" \/>\n<meta property=\"article:modified_time\" content=\"2026-03-27T10:32:20+00:00\" \/>\n<meta property=\"og:image\" content=\"https:\/\/monguide.net\/wp-content\/uploads\/2024\/05\/COUVERTURE-MARKETING-AGROALIMENTAIRE.jpg\" \/>\n\t<meta property=\"og:image:width\" content=\"1063\" \/>\n\t<meta property=\"og:image:height\" content=\"1500\" \/>\n\t<meta property=\"og:image:type\" content=\"image\/jpeg\" \/>\n<meta name=\"twitter:card\" content=\"summary_large_image\" \/>\n<meta name=\"twitter:label1\" content=\"Dur\u00e9e de lecture estim\u00e9e\" \/>\n\t<meta name=\"twitter:data1\" content=\"1 minute\" \/>\n<script type=\"application\/ld+json\" class=\"yoast-schema-graph\">{\"@context\":\"https:\\\/\\\/schema.org\",\"@graph\":[{\"@type\":\"WebPage\",\"@id\":\"https:\\\/\\\/monguide.net\\\/produit\\\/marketing-de-lagroalimentaire-environnement-strategies-et-plans-daction\\\/\",\"url\":\"https:\\\/\\\/monguide.net\\\/produit\\\/marketing-de-lagroalimentaire-environnement-strategies-et-plans-daction\\\/\",\"name\":\"Marketing de l'agro-alimentaire - environnement strat\u00e9gies et plans d'actions - Mon Guide\",\"isPartOf\":{\"@id\":\"https:\\\/\\\/monguide.net\\\/#website\"},\"primaryImageOfPage\":{\"@id\":\"https:\\\/\\\/monguide.net\\\/produit\\\/marketing-de-lagroalimentaire-environnement-strategies-et-plans-daction\\\/#primaryimage\"},\"image\":{\"@id\":\"https:\\\/\\\/monguide.net\\\/produit\\\/marketing-de-lagroalimentaire-environnement-strategies-et-plans-daction\\\/#primaryimage\"},\"thumbnailUrl\":\"https:\\\/\\\/monguide.net\\\/wp-content\\\/uploads\\\/2024\\\/05\\\/COUVERTURE-MARKETING-AGROALIMENTAIRE.jpg\",\"datePublished\":\"2024-05-20T09:26:15+00:00\",\"dateModified\":\"2026-03-27T10:32:20+00:00\",\"breadcrumb\":{\"@id\":\"https:\\\/\\\/monguide.net\\\/produit\\\/marketing-de-lagroalimentaire-environnement-strategies-et-plans-daction\\\/#breadcrumb\"},\"inLanguage\":\"fr-FR\",\"potentialAction\":[{\"@type\":\"ReadAction\",\"target\":[\"https:\\\/\\\/monguide.net\\\/produit\\\/marketing-de-lagroalimentaire-environnement-strategies-et-plans-daction\\\/\"]}]},{\"@type\":\"ImageObject\",\"inLanguage\":\"fr-FR\",\"@id\":\"https:\\\/\\\/monguide.net\\\/produit\\\/marketing-de-lagroalimentaire-environnement-strategies-et-plans-daction\\\/#primaryimage\",\"url\":\"https:\\\/\\\/monguide.net\\\/wp-content\\\/uploads\\\/2024\\\/05\\\/COUVERTURE-MARKETING-AGROALIMENTAIRE.jpg\",\"contentUrl\":\"https:\\\/\\\/monguide.net\\\/wp-content\\\/uploads\\\/2024\\\/05\\\/COUVERTURE-MARKETING-AGROALIMENTAIRE.jpg\",\"width\":1063,\"height\":1500},{\"@type\":\"BreadcrumbList\",\"@id\":\"https:\\\/\\\/monguide.net\\\/produit\\\/marketing-de-lagroalimentaire-environnement-strategies-et-plans-daction\\\/#breadcrumb\",\"itemListElement\":[{\"@type\":\"ListItem\",\"position\":1,\"name\":\"Accueil\",\"item\":\"https:\\\/\\\/monguide.net\\\/\"},{\"@type\":\"ListItem\",\"position\":2,\"name\":\"Boutique\",\"item\":\"https:\\\/\\\/monguide.net\\\/shop\\\/\"},{\"@type\":\"ListItem\",\"position\":3,\"name\":\"Marketing de l&#8217;agro-alimentaire &#8211; environnement strat\u00e9gies et plans d&#8217;actions\"}]},{\"@type\":\"WebSite\",\"@id\":\"https:\\\/\\\/monguide.net\\\/#website\",\"url\":\"https:\\\/\\\/monguide.net\\\/\",\"name\":\"Mon Guide\",\"description\":\"La boussole du monde. Tous vos livres et ebook \u00e0 un endroit\",\"publisher\":{\"@id\":\"https:\\\/\\\/monguide.net\\\/#organization\"},\"potentialAction\":[{\"@type\":\"SearchAction\",\"target\":{\"@type\":\"EntryPoint\",\"urlTemplate\":\"https:\\\/\\\/monguide.net\\\/?s={search_term_string}\"},\"query-input\":{\"@type\":\"PropertyValueSpecification\",\"valueRequired\":true,\"valueName\":\"search_term_string\"}}],\"inLanguage\":\"fr-FR\"},{\"@type\":\"Organization\",\"@id\":\"https:\\\/\\\/monguide.net\\\/#organization\",\"name\":\"Mon Guide\",\"url\":\"https:\\\/\\\/monguide.net\\\/\",\"logo\":{\"@type\":\"ImageObject\",\"inLanguage\":\"fr-FR\",\"@id\":\"https:\\\/\\\/monguide.net\\\/#\\\/schema\\\/logo\\\/image\\\/\",\"url\":\"http:\\\/\\\/monguide.net\\\/wp-content\\\/uploads\\\/2024\\\/05\\\/Favicon.png\",\"contentUrl\":\"http:\\\/\\\/monguide.net\\\/wp-content\\\/uploads\\\/2024\\\/05\\\/Favicon.png\",\"width\":512,\"height\":512,\"caption\":\"Mon Guide\"},\"image\":{\"@id\":\"https:\\\/\\\/monguide.net\\\/#\\\/schema\\\/logo\\\/image\\\/\"},\"sameAs\":[\"https:\\\/\\\/web.facebook.com\\\/profile.php?id=61558559594373&ref=embed_page\"]}]}<\/script>\n<!-- \/ Yoast SEO plugin. -->","yoast_head_json":{"title":"Marketing de l'agro-alimentaire - environnement strat\u00e9gies et plans d'actions - Mon Guide","robots":{"index":"index","follow":"follow","max-snippet":"max-snippet:-1","max-image-preview":"max-image-preview:large","max-video-preview":"max-video-preview:-1"},"canonical":"https:\/\/monguide.net\/fr\/produit\/marketing-de-lagroalimentaire-environnement-strategies-et-plans-daction\/","og_locale":"fr_FR","og_type":"article","og_title":"Marketing de l'agro-alimentaire - environnement strat\u00e9gies et plans d'actions - Mon Guide","og_description":"Cet ouvrage de 452 pages disponible en t\u00e9l\u00e9charge ment au format PDF met l'accent sur les sp\u00e9cificit\u00e9s du marketing du secteur agro-alimentaire : comportement des consommateurs, risque alimentaire et gestion de la qualit\u00e9, marque propre et MDD, actions de promotion et de communication, commercialisation et internationalisation... Largement illustr\u00e9 et nourri de cas d'entreprises, ce livre privil\u00e9gie l'orientation pratique, stimule la r\u00e9flexion strat\u00e9gique et aide les prises de d\u00e9cisions op\u00e9rationnelles. Cette\u00a03e \u00e9dition, enti\u00e8rement revue et mise \u00e0 jour, propose de\u00a0nouveaux exemples, expose l'impact des nouvelles technologies et du digital\u00a0et\u00a0renforce la place accord\u00e9e au prix.","og_url":"https:\/\/monguide.net\/fr\/produit\/marketing-de-lagroalimentaire-environnement-strategies-et-plans-daction\/","og_site_name":"Mon Guide","article_publisher":"https:\/\/web.facebook.com\/profile.php?id=61558559594373&ref=embed_page","article_modified_time":"2026-03-27T10:32:20+00:00","og_image":[{"width":1063,"height":1500,"url":"https:\/\/monguide.net\/wp-content\/uploads\/2024\/05\/COUVERTURE-MARKETING-AGROALIMENTAIRE.jpg","type":"image\/jpeg"}],"twitter_card":"summary_large_image","twitter_misc":{"Dur\u00e9e de lecture estim\u00e9e":"1 minute"},"schema":{"@context":"https:\/\/schema.org","@graph":[{"@type":"WebPage","@id":"https:\/\/monguide.net\/produit\/marketing-de-lagroalimentaire-environnement-strategies-et-plans-daction\/","url":"https:\/\/monguide.net\/produit\/marketing-de-lagroalimentaire-environnement-strategies-et-plans-daction\/","name":"Marketing de l'agro-alimentaire - environnement strat\u00e9gies et plans d'actions - Mon Guide","isPartOf":{"@id":"https:\/\/monguide.net\/#website"},"primaryImageOfPage":{"@id":"https:\/\/monguide.net\/produit\/marketing-de-lagroalimentaire-environnement-strategies-et-plans-daction\/#primaryimage"},"image":{"@id":"https:\/\/monguide.net\/produit\/marketing-de-lagroalimentaire-environnement-strategies-et-plans-daction\/#primaryimage"},"thumbnailUrl":"https:\/\/monguide.net\/wp-content\/uploads\/2024\/05\/COUVERTURE-MARKETING-AGROALIMENTAIRE.jpg","datePublished":"2024-05-20T09:26:15+00:00","dateModified":"2026-03-27T10:32:20+00:00","breadcrumb":{"@id":"https:\/\/monguide.net\/produit\/marketing-de-lagroalimentaire-environnement-strategies-et-plans-daction\/#breadcrumb"},"inLanguage":"fr-FR","potentialAction":[{"@type":"ReadAction","target":["https:\/\/monguide.net\/produit\/marketing-de-lagroalimentaire-environnement-strategies-et-plans-daction\/"]}]},{"@type":"ImageObject","inLanguage":"fr-FR","@id":"https:\/\/monguide.net\/produit\/marketing-de-lagroalimentaire-environnement-strategies-et-plans-daction\/#primaryimage","url":"https:\/\/monguide.net\/wp-content\/uploads\/2024\/05\/COUVERTURE-MARKETING-AGROALIMENTAIRE.jpg","contentUrl":"https:\/\/monguide.net\/wp-content\/uploads\/2024\/05\/COUVERTURE-MARKETING-AGROALIMENTAIRE.jpg","width":1063,"height":1500},{"@type":"BreadcrumbList","@id":"https:\/\/monguide.net\/produit\/marketing-de-lagroalimentaire-environnement-strategies-et-plans-daction\/#breadcrumb","itemListElement":[{"@type":"ListItem","position":1,"name":"Accueil","item":"https:\/\/monguide.net\/"},{"@type":"ListItem","position":2,"name":"Boutique","item":"https:\/\/monguide.net\/shop\/"},{"@type":"ListItem","position":3,"name":"Marketing de l&#8217;agro-alimentaire &#8211; environnement strat\u00e9gies et plans d&#8217;actions"}]},{"@type":"WebSite","@id":"https:\/\/monguide.net\/#website","url":"https:\/\/monguide.net\/","name":"Mon Guide","description":"La boussole du monde. Tous vos livres et ebook \u00e0 un endroit","publisher":{"@id":"https:\/\/monguide.net\/#organization"},"potentialAction":[{"@type":"SearchAction","target":{"@type":"EntryPoint","urlTemplate":"https:\/\/monguide.net\/?s={search_term_string}"},"query-input":{"@type":"PropertyValueSpecification","valueRequired":true,"valueName":"search_term_string"}}],"inLanguage":"fr-FR"},{"@type":"Organization","@id":"https:\/\/monguide.net\/#organization","name":"Mon Guide","url":"https:\/\/monguide.net\/","logo":{"@type":"ImageObject","inLanguage":"fr-FR","@id":"https:\/\/monguide.net\/#\/schema\/logo\/image\/","url":"https:\/\/monguide.net\/wp-content\/uploads\/2024\/05\/Favicon.png","contentUrl":"https:\/\/monguide.net\/wp-content\/uploads\/2024\/05\/Favicon.png","width":512,"height":512,"caption":"Mon Guide"},"image":{"@id":"https:\/\/monguide.net\/#\/schema\/logo\/image\/"},"sameAs":["https:\/\/web.facebook.com\/profile.php?id=61558559594373&ref=embed_page"]}]}},"jetpack_sharing_enabled":true,"_links":{"self":[{"href":"https:\/\/monguide.net\/fr\/wp-json\/wp\/v2\/product\/16856","targetHints":{"allow":["GET"]}}],"collection":[{"href":"https:\/\/monguide.net\/fr\/wp-json\/wp\/v2\/product"}],"about":[{"href":"https:\/\/monguide.net\/fr\/wp-json\/wp\/v2\/types\/product"}],"replies":[{"embeddable":true,"href":"https:\/\/monguide.net\/fr\/wp-json\/wp\/v2\/comments?post=16856"}],"version-history":[{"count":0,"href":"https:\/\/monguide.net\/fr\/wp-json\/wp\/v2\/product\/16856\/revisions"}],"wp:featuredmedia":[{"embeddable":true,"href":"https:\/\/monguide.net\/fr\/wp-json\/wp\/v2\/media\/16857"}],"wp:attachment":[{"href":"https:\/\/monguide.net\/fr\/wp-json\/wp\/v2\/media?parent=16856"}],"wp:term":[{"taxonomy":"product_cat","embeddable":true,"href":"https:\/\/monguide.net\/fr\/wp-json\/wp\/v2\/product_cat?post=16856"},{"taxonomy":"product_tag","embeddable":true,"href":"https:\/\/monguide.net\/fr\/wp-json\/wp\/v2\/product_tag?post=16856"}],"curies":[{"name":"wp","href":"https:\/\/api.w.org\/{rel}","templated":true}]}}