{"id":16877,"date":"2024-05-20T14:41:15","date_gmt":"2024-05-20T12:41:15","guid":{"rendered":"https:\/\/monguide.net\/?post_type=product&#038;p=16877"},"modified":"2026-03-27T11:32:21","modified_gmt":"2026-03-27T10:32:21","slug":"le-marketing-digital-pour-les-nuls","status":"publish","type":"product","link":"https:\/\/monguide.net\/fr\/produit\/le-marketing-digital-pour-les-nuls\/","title":{"rendered":"Le marketing pour les nuls"},"content":{"rendered":"<p>Des millions d&#8217;utilisateurs d&#8217;internet sont juste \u00e0 port\u00e9e de clic de vous et votre entreprise alors \u00e0 vous de jouer maintenant.<br \/>\nCe livre va vous faire d\u00e9couvrir les diff\u00e9rentes mani\u00e8res de mettre en \u0153uvre une strat\u00e9gie marketing sur Internet. Vous apprendrez \u00e0 mettre en valeur vos produits ou vos services sur Internet ainsi qu&#8217;\u00e0 toucher votre c\u0153ur de cible au plus juste.<\/p>\n<p><span class=\"a-text-bold\">Au programme :<\/span><br \/>\n<span class=\"a-text-bold\">&#8211; La strat\u00e9gie de l&#8217;emailing<\/span><br \/>\n<span class=\"a-text-bold\">&#8211; Smartphones et p\u00e9riph\u00e9riques connect\u00e9s<\/span><br \/>\n<span class=\"a-text-bold\">&#8211; Comment s&#8217;appuyer sur les communaut\u00e9s pour faire passer vos messages marketing<\/span><br \/>\n<span class=\"a-text-bold\">&#8211; Les blogs<\/span><br \/>\n<span class=\"a-text-bold\">&#8211; Rendre un site plus attractif<\/span><br \/>\n<span class=\"a-text-bold\">&#8211; Utiliser YouTube<\/span><br \/>\n<span class=\"a-text-bold\">&#8211; Facebook et Twitter<\/span><br \/>\n<span class=\"a-text-bold\">&#8211; Glossaire<\/span><\/p>\n<p>Format: PDF<\/p>\n<p>Nombre de page: 373<\/p>","protected":false},"excerpt":{"rendered":"<p>Ce livre de 373 pages au format PDF disponible en t\u00e9l\u00e9chargement uniquement va vous faire d\u00e9couvrir les diff\u00e9rentes mani\u00e8res de mettre en \u0153uvre une strat\u00e9gie marketing sur Internet. Vous apprendrez \u00e0 mettre en valeur vos produits ou vos services sur Internet ainsi qu&#8217;\u00e0 toucher votre c\u0153ur de cible au plus juste.<\/p>\n<p><span class=\"a-text-bold\">Vous trouverez dans ce livre le programme suivant:<\/span><\/p>\n<p><span class=\"a-text-bold\">&#8211; La strat\u00e9gie de l&#8217;emailing<\/span><br \/>\n<span class=\"a-text-bold\">&#8211; Smartphones et p\u00e9riph\u00e9riques connect\u00e9s<\/span><br \/>\n<span class=\"a-text-bold\">&#8211; Comment s&#8217;appuyer sur les communaut\u00e9s pour faire passer vos messages marketing<\/span><br \/>\n<span class=\"a-text-bold\">&#8211; Les blogs<\/span><br \/>\n<span class=\"a-text-bold\">&#8211; Rendre un site plus attractif<\/span><br \/>\n<span class=\"a-text-bold\">&#8211; Utiliser YouTube<\/span><br \/>\n<span class=\"a-text-bold\">&#8211; Facebook et Twitter<\/span><br \/>\n<span class=\"a-text-bold\">&#8211; Glossaire<\/span><\/p>","protected":false},"featured_media":16878,"comment_status":"open","ping_status":"closed","template":"","meta":[],"product_cat":[130,86,317],"product_tag":[],"class_list":{"0":"post-16877","1":"product","2":"type-product","3":"status-publish","4":"has-post-thumbnail","6":"product_cat-entrepreneuriat","7":"product_cat-marketing","8":"product_cat-pdf","10":"first","11":"instock","12":"sale","13":"downloadable","14":"shipping-taxable","15":"purchasable","16":"product-type-simple","17":"add-to-wishlist-after_add_to_cart"},"yoast_head":"<!-- This site is optimized with the Yoast SEO plugin v27.4 - https:\/\/yoast.com\/product\/yoast-seo-wordpress\/ -->\n<title>Le marketing pour les nuls - Mon Guide<\/title>\n<meta name=\"robots\" content=\"index, follow, max-snippet:-1, max-image-preview:large, max-video-preview:-1\" \/>\n<link rel=\"canonical\" href=\"https:\/\/monguide.net\/fr\/produit\/le-marketing-digital-pour-les-nuls\/\" \/>\n<meta property=\"og:locale\" content=\"fr_FR\" \/>\n<meta property=\"og:type\" content=\"article\" \/>\n<meta property=\"og:title\" content=\"Le marketing pour les nuls - Mon Guide\" \/>\n<meta property=\"og:description\" content=\"Ce livre de 373 pages au format PDF disponible en t\u00e9l\u00e9chargement uniquement va vous faire d\u00e9couvrir les diff\u00e9rentes mani\u00e8res de mettre en \u0153uvre une strat\u00e9gie marketing sur Internet. Vous apprendrez \u00e0 mettre en valeur vos produits ou vos services sur Internet ainsi qu&#039;\u00e0 toucher votre c\u0153ur de cible au plus juste.  Vous trouverez dans ce livre le programme suivant:  - La strat\u00e9gie de l&#039;emailing - Smartphones et p\u00e9riph\u00e9riques connect\u00e9s - Comment s&#039;appuyer sur les communaut\u00e9s pour faire passer vos messages marketing - Les blogs - Rendre un site plus attractif - Utiliser YouTube - Facebook et Twitter - Glossaire\" \/>\n<meta property=\"og:url\" content=\"https:\/\/monguide.net\/fr\/produit\/le-marketing-digital-pour-les-nuls\/\" \/>\n<meta property=\"og:site_name\" content=\"Mon Guide\" \/>\n<meta property=\"article:publisher\" content=\"https:\/\/web.facebook.com\/profile.php?id=61558559594373&amp;ref=embed_page\" \/>\n<meta property=\"article:modified_time\" content=\"2026-03-27T10:32:21+00:00\" \/>\n<meta property=\"og:image\" content=\"https:\/\/monguide.net\/wp-content\/uploads\/2024\/05\/COUVERTURE-MARKETING-DIGITAL-POUR-LES-NULS.jpg\" \/>\n\t<meta property=\"og:image:width\" content=\"1239\" \/>\n\t<meta property=\"og:image:height\" content=\"1500\" \/>\n\t<meta property=\"og:image:type\" content=\"image\/jpeg\" \/>\n<meta name=\"twitter:card\" content=\"summary_large_image\" \/>\n<meta name=\"twitter:label1\" content=\"Dur\u00e9e de lecture estim\u00e9e\" \/>\n\t<meta name=\"twitter:data1\" content=\"1 minute\" \/>\n<script type=\"application\/ld+json\" class=\"yoast-schema-graph\">{\"@context\":\"https:\\\/\\\/schema.org\",\"@graph\":[{\"@type\":\"WebPage\",\"@id\":\"https:\\\/\\\/monguide.net\\\/produit\\\/le-marketing-digital-pour-les-nuls\\\/\",\"url\":\"https:\\\/\\\/monguide.net\\\/produit\\\/le-marketing-digital-pour-les-nuls\\\/\",\"name\":\"Le marketing pour les nuls - Mon Guide\",\"isPartOf\":{\"@id\":\"https:\\\/\\\/monguide.net\\\/#website\"},\"primaryImageOfPage\":{\"@id\":\"https:\\\/\\\/monguide.net\\\/produit\\\/le-marketing-digital-pour-les-nuls\\\/#primaryimage\"},\"image\":{\"@id\":\"https:\\\/\\\/monguide.net\\\/produit\\\/le-marketing-digital-pour-les-nuls\\\/#primaryimage\"},\"thumbnailUrl\":\"https:\\\/\\\/monguide.net\\\/wp-content\\\/uploads\\\/2024\\\/05\\\/COUVERTURE-MARKETING-DIGITAL-POUR-LES-NULS.jpg\",\"datePublished\":\"2024-05-20T12:41:15+00:00\",\"dateModified\":\"2026-03-27T10:32:21+00:00\",\"breadcrumb\":{\"@id\":\"https:\\\/\\\/monguide.net\\\/produit\\\/le-marketing-digital-pour-les-nuls\\\/#breadcrumb\"},\"inLanguage\":\"fr-FR\",\"potentialAction\":[{\"@type\":\"ReadAction\",\"target\":[\"https:\\\/\\\/monguide.net\\\/produit\\\/le-marketing-digital-pour-les-nuls\\\/\"]}]},{\"@type\":\"ImageObject\",\"inLanguage\":\"fr-FR\",\"@id\":\"https:\\\/\\\/monguide.net\\\/produit\\\/le-marketing-digital-pour-les-nuls\\\/#primaryimage\",\"url\":\"https:\\\/\\\/monguide.net\\\/wp-content\\\/uploads\\\/2024\\\/05\\\/COUVERTURE-MARKETING-DIGITAL-POUR-LES-NULS.jpg\",\"contentUrl\":\"https:\\\/\\\/monguide.net\\\/wp-content\\\/uploads\\\/2024\\\/05\\\/COUVERTURE-MARKETING-DIGITAL-POUR-LES-NULS.jpg\",\"width\":1239,\"height\":1500},{\"@type\":\"BreadcrumbList\",\"@id\":\"https:\\\/\\\/monguide.net\\\/produit\\\/le-marketing-digital-pour-les-nuls\\\/#breadcrumb\",\"itemListElement\":[{\"@type\":\"ListItem\",\"position\":1,\"name\":\"Accueil\",\"item\":\"https:\\\/\\\/monguide.net\\\/\"},{\"@type\":\"ListItem\",\"position\":2,\"name\":\"Boutique\",\"item\":\"https:\\\/\\\/monguide.net\\\/shop\\\/\"},{\"@type\":\"ListItem\",\"position\":3,\"name\":\"Le marketing pour les nuls\"}]},{\"@type\":\"WebSite\",\"@id\":\"https:\\\/\\\/monguide.net\\\/#website\",\"url\":\"https:\\\/\\\/monguide.net\\\/\",\"name\":\"Mon Guide\",\"description\":\"La boussole du monde. Tous vos livres et ebook \u00e0 un endroit\",\"publisher\":{\"@id\":\"https:\\\/\\\/monguide.net\\\/#organization\"},\"potentialAction\":[{\"@type\":\"SearchAction\",\"target\":{\"@type\":\"EntryPoint\",\"urlTemplate\":\"https:\\\/\\\/monguide.net\\\/?s={search_term_string}\"},\"query-input\":{\"@type\":\"PropertyValueSpecification\",\"valueRequired\":true,\"valueName\":\"search_term_string\"}}],\"inLanguage\":\"fr-FR\"},{\"@type\":\"Organization\",\"@id\":\"https:\\\/\\\/monguide.net\\\/#organization\",\"name\":\"Mon Guide\",\"url\":\"https:\\\/\\\/monguide.net\\\/\",\"logo\":{\"@type\":\"ImageObject\",\"inLanguage\":\"fr-FR\",\"@id\":\"https:\\\/\\\/monguide.net\\\/#\\\/schema\\\/logo\\\/image\\\/\",\"url\":\"http:\\\/\\\/monguide.net\\\/wp-content\\\/uploads\\\/2024\\\/05\\\/Favicon.png\",\"contentUrl\":\"http:\\\/\\\/monguide.net\\\/wp-content\\\/uploads\\\/2024\\\/05\\\/Favicon.png\",\"width\":512,\"height\":512,\"caption\":\"Mon Guide\"},\"image\":{\"@id\":\"https:\\\/\\\/monguide.net\\\/#\\\/schema\\\/logo\\\/image\\\/\"},\"sameAs\":[\"https:\\\/\\\/web.facebook.com\\\/profile.php?id=61558559594373&ref=embed_page\"]}]}<\/script>\n<!-- \/ Yoast SEO plugin. -->","yoast_head_json":{"title":"Le marketing pour les nuls - Mon Guide","robots":{"index":"index","follow":"follow","max-snippet":"max-snippet:-1","max-image-preview":"max-image-preview:large","max-video-preview":"max-video-preview:-1"},"canonical":"https:\/\/monguide.net\/fr\/produit\/le-marketing-digital-pour-les-nuls\/","og_locale":"fr_FR","og_type":"article","og_title":"Le marketing pour les nuls - Mon Guide","og_description":"Ce livre de 373 pages au format PDF disponible en t\u00e9l\u00e9chargement uniquement va vous faire d\u00e9couvrir les diff\u00e9rentes mani\u00e8res de mettre en \u0153uvre une strat\u00e9gie marketing sur Internet. Vous apprendrez \u00e0 mettre en valeur vos produits ou vos services sur Internet ainsi qu'\u00e0 toucher votre c\u0153ur de cible au plus juste.  Vous trouverez dans ce livre le programme suivant:  - La strat\u00e9gie de l'emailing - Smartphones et p\u00e9riph\u00e9riques connect\u00e9s - Comment s'appuyer sur les communaut\u00e9s pour faire passer vos messages marketing - Les blogs - Rendre un site plus attractif - Utiliser YouTube - Facebook et Twitter - Glossaire","og_url":"https:\/\/monguide.net\/fr\/produit\/le-marketing-digital-pour-les-nuls\/","og_site_name":"Mon Guide","article_publisher":"https:\/\/web.facebook.com\/profile.php?id=61558559594373&ref=embed_page","article_modified_time":"2026-03-27T10:32:21+00:00","og_image":[{"width":1239,"height":1500,"url":"https:\/\/monguide.net\/wp-content\/uploads\/2024\/05\/COUVERTURE-MARKETING-DIGITAL-POUR-LES-NULS.jpg","type":"image\/jpeg"}],"twitter_card":"summary_large_image","twitter_misc":{"Dur\u00e9e de lecture estim\u00e9e":"1 minute"},"schema":{"@context":"https:\/\/schema.org","@graph":[{"@type":"WebPage","@id":"https:\/\/monguide.net\/produit\/le-marketing-digital-pour-les-nuls\/","url":"https:\/\/monguide.net\/produit\/le-marketing-digital-pour-les-nuls\/","name":"Le marketing pour les nuls - Mon Guide","isPartOf":{"@id":"https:\/\/monguide.net\/#website"},"primaryImageOfPage":{"@id":"https:\/\/monguide.net\/produit\/le-marketing-digital-pour-les-nuls\/#primaryimage"},"image":{"@id":"https:\/\/monguide.net\/produit\/le-marketing-digital-pour-les-nuls\/#primaryimage"},"thumbnailUrl":"https:\/\/monguide.net\/wp-content\/uploads\/2024\/05\/COUVERTURE-MARKETING-DIGITAL-POUR-LES-NULS.jpg","datePublished":"2024-05-20T12:41:15+00:00","dateModified":"2026-03-27T10:32:21+00:00","breadcrumb":{"@id":"https:\/\/monguide.net\/produit\/le-marketing-digital-pour-les-nuls\/#breadcrumb"},"inLanguage":"fr-FR","potentialAction":[{"@type":"ReadAction","target":["https:\/\/monguide.net\/produit\/le-marketing-digital-pour-les-nuls\/"]}]},{"@type":"ImageObject","inLanguage":"fr-FR","@id":"https:\/\/monguide.net\/produit\/le-marketing-digital-pour-les-nuls\/#primaryimage","url":"https:\/\/monguide.net\/wp-content\/uploads\/2024\/05\/COUVERTURE-MARKETING-DIGITAL-POUR-LES-NULS.jpg","contentUrl":"https:\/\/monguide.net\/wp-content\/uploads\/2024\/05\/COUVERTURE-MARKETING-DIGITAL-POUR-LES-NULS.jpg","width":1239,"height":1500},{"@type":"BreadcrumbList","@id":"https:\/\/monguide.net\/produit\/le-marketing-digital-pour-les-nuls\/#breadcrumb","itemListElement":[{"@type":"ListItem","position":1,"name":"Accueil","item":"https:\/\/monguide.net\/"},{"@type":"ListItem","position":2,"name":"Boutique","item":"https:\/\/monguide.net\/shop\/"},{"@type":"ListItem","position":3,"name":"Le marketing pour les nuls"}]},{"@type":"WebSite","@id":"https:\/\/monguide.net\/#website","url":"https:\/\/monguide.net\/","name":"Mon Guide","description":"La boussole du monde. Tous vos livres et ebook \u00e0 un endroit","publisher":{"@id":"https:\/\/monguide.net\/#organization"},"potentialAction":[{"@type":"SearchAction","target":{"@type":"EntryPoint","urlTemplate":"https:\/\/monguide.net\/?s={search_term_string}"},"query-input":{"@type":"PropertyValueSpecification","valueRequired":true,"valueName":"search_term_string"}}],"inLanguage":"fr-FR"},{"@type":"Organization","@id":"https:\/\/monguide.net\/#organization","name":"Mon Guide","url":"https:\/\/monguide.net\/","logo":{"@type":"ImageObject","inLanguage":"fr-FR","@id":"https:\/\/monguide.net\/#\/schema\/logo\/image\/","url":"https:\/\/monguide.net\/wp-content\/uploads\/2024\/05\/Favicon.png","contentUrl":"https:\/\/monguide.net\/wp-content\/uploads\/2024\/05\/Favicon.png","width":512,"height":512,"caption":"Mon Guide"},"image":{"@id":"https:\/\/monguide.net\/#\/schema\/logo\/image\/"},"sameAs":["https:\/\/web.facebook.com\/profile.php?id=61558559594373&ref=embed_page"]}]}},"jetpack_sharing_enabled":true,"_links":{"self":[{"href":"https:\/\/monguide.net\/fr\/wp-json\/wp\/v2\/product\/16877","targetHints":{"allow":["GET"]}}],"collection":[{"href":"https:\/\/monguide.net\/fr\/wp-json\/wp\/v2\/product"}],"about":[{"href":"https:\/\/monguide.net\/fr\/wp-json\/wp\/v2\/types\/product"}],"replies":[{"embeddable":true,"href":"https:\/\/monguide.net\/fr\/wp-json\/wp\/v2\/comments?post=16877"}],"version-history":[{"count":0,"href":"https:\/\/monguide.net\/fr\/wp-json\/wp\/v2\/product\/16877\/revisions"}],"wp:featuredmedia":[{"embeddable":true,"href":"https:\/\/monguide.net\/fr\/wp-json\/wp\/v2\/media\/16878"}],"wp:attachment":[{"href":"https:\/\/monguide.net\/fr\/wp-json\/wp\/v2\/media?parent=16877"}],"wp:term":[{"taxonomy":"product_cat","embeddable":true,"href":"https:\/\/monguide.net\/fr\/wp-json\/wp\/v2\/product_cat?post=16877"},{"taxonomy":"product_tag","embeddable":true,"href":"https:\/\/monguide.net\/fr\/wp-json\/wp\/v2\/product_tag?post=16877"}],"curies":[{"name":"wp","href":"https:\/\/api.w.org\/{rel}","templated":true}]}}