{"id":16890,"date":"2024-05-20T15:35:30","date_gmt":"2024-05-20T13:35:30","guid":{"rendered":"https:\/\/monguide.net\/?post_type=product&#038;p=16890"},"modified":"2026-03-27T11:32:21","modified_gmt":"2026-03-27T10:32:21","slug":"les-interventions-en-psychologie-de-la-sante","status":"publish","type":"product","link":"https:\/\/monguide.net\/fr\/produit\/les-interventions-en-psychologie-de-la-sante\/","title":{"rendered":"Les interventions en psychologie de la sant\u00e9"},"content":{"rendered":"<p>Cet ouvrage au format PDF de 312 page pr\u00e9sente les diff\u00e9rentes interventions du psychologue en psychologie de la sant\u00e9 (exemples : comment un psychologue doit-il intervenir aupr\u00e8s d&#8217;un patient canc\u00e9reux ? ou cardiaque ? ou d&#8217;un patient amput\u00e9 suite \u00e0 un accident ?).<br \/>\nIl est le projet du cours annuel de l&#8217;auteur qui a divis\u00e9 son auditoire en diff\u00e9rents groupes, chacun travaillant \u00e0 la r\u00e9daction d&#8217;un chapitre en particulier.<br \/>\nChaque chapitre (13 au total) est construit sur le m\u00eame mod\u00e8le \u00e0 partir d&#8217;entretiens men\u00e9s avec deux experts et deux patients : pr\u00e9sentation du trouble ou de la maladie, prise en charge, lectures conseill\u00e9es.<\/p>","protected":false},"excerpt":{"rendered":"<p>Cet ouvrage au format PDF de 312 page pr\u00e9sente les diff\u00e9rentes interventions du psychologue en psychologie de la sant\u00e9 (exemples : comment un psychologue doit-il intervenir aupr\u00e8s d&#8217;un patient canc\u00e9reux ? ou cardiaque ? ou d&#8217;un patient amput\u00e9 suite \u00e0 un accident ?).<br \/>\nIl est le projet du cours annuel de l&#8217;auteur qui a divis\u00e9 son auditoire en diff\u00e9rents groupes, chacun travaillant \u00e0 la r\u00e9daction d&#8217;un chapitre en particulier.<br \/>\nChaque chapitre (13 au total) est construit sur le m\u00eame mod\u00e8le \u00e0 partir d&#8217;entretiens men\u00e9s avec deux experts et deux patients : pr\u00e9sentation du trouble ou de la maladie, prise en charge, lectures conseill\u00e9es.<\/p>","protected":false},"featured_media":16891,"comment_status":"open","ping_status":"closed","template":"","meta":[],"product_cat":[317,387],"product_tag":[],"class_list":{"0":"post-16890","1":"product","2":"type-product","3":"status-publish","4":"has-post-thumbnail","6":"product_cat-pdf","7":"product_cat-psychologie","9":"first","10":"instock","11":"sale","12":"downloadable","13":"shipping-taxable","14":"purchasable","15":"product-type-simple","16":"add-to-wishlist-after_add_to_cart"},"yoast_head":"<!-- This site is optimized with the Yoast SEO plugin v27.4 - https:\/\/yoast.com\/product\/yoast-seo-wordpress\/ -->\n<title>Les interventions en psychologie de la sant\u00e9 - Mon Guide<\/title>\n<meta name=\"robots\" content=\"index, follow, max-snippet:-1, max-image-preview:large, max-video-preview:-1\" \/>\n<link rel=\"canonical\" href=\"https:\/\/monguide.net\/fr\/produit\/les-interventions-en-psychologie-de-la-sante\/\" \/>\n<meta property=\"og:locale\" content=\"fr_FR\" \/>\n<meta property=\"og:type\" content=\"article\" \/>\n<meta property=\"og:title\" content=\"Les interventions en psychologie de la sant\u00e9 - Mon Guide\" \/>\n<meta property=\"og:description\" content=\"Cet ouvrage au format PDF de 312 page pr\u00e9sente les diff\u00e9rentes interventions du psychologue en psychologie de la sant\u00e9 (exemples : comment un psychologue doit-il intervenir aupr\u00e8s d&#039;un patient canc\u00e9reux ? ou cardiaque ? ou d&#039;un patient amput\u00e9 suite \u00e0 un accident ?). Il est le projet du cours annuel de l&#039;auteur qui a divis\u00e9 son auditoire en diff\u00e9rents groupes, chacun travaillant \u00e0 la r\u00e9daction d&#039;un chapitre en particulier. Chaque chapitre (13 au total) est construit sur le m\u00eame mod\u00e8le \u00e0 partir d&#039;entretiens men\u00e9s avec deux experts et deux patients : pr\u00e9sentation du trouble ou de la maladie, prise en charge, lectures conseill\u00e9es.\" \/>\n<meta property=\"og:url\" content=\"https:\/\/monguide.net\/fr\/produit\/les-interventions-en-psychologie-de-la-sante\/\" \/>\n<meta property=\"og:site_name\" content=\"Mon Guide\" \/>\n<meta property=\"article:publisher\" content=\"https:\/\/web.facebook.com\/profile.php?id=61558559594373&amp;ref=embed_page\" \/>\n<meta property=\"article:modified_time\" content=\"2026-03-27T10:32:21+00:00\" \/>\n<meta property=\"og:image\" content=\"https:\/\/monguide.net\/wp-content\/uploads\/2024\/05\/COUVERTURE-LES-INTERVENTIONS-EN-PSYCHOLOGIE-DE-LA-SANTE.jpg\" \/>\n\t<meta property=\"og:image:width\" content=\"963\" \/>\n\t<meta property=\"og:image:height\" content=\"1500\" \/>\n\t<meta property=\"og:image:type\" content=\"image\/jpeg\" \/>\n<meta name=\"twitter:card\" content=\"summary_large_image\" \/>\n<meta name=\"twitter:label1\" content=\"Dur\u00e9e de lecture estim\u00e9e\" \/>\n\t<meta name=\"twitter:data1\" content=\"1 minute\" \/>\n<script type=\"application\/ld+json\" class=\"yoast-schema-graph\">{\"@context\":\"https:\\\/\\\/schema.org\",\"@graph\":[{\"@type\":\"WebPage\",\"@id\":\"https:\\\/\\\/monguide.net\\\/produit\\\/les-interventions-en-psychologie-de-la-sante\\\/\",\"url\":\"https:\\\/\\\/monguide.net\\\/produit\\\/les-interventions-en-psychologie-de-la-sante\\\/\",\"name\":\"Les interventions en psychologie de la sant\u00e9 - Mon Guide\",\"isPartOf\":{\"@id\":\"https:\\\/\\\/monguide.net\\\/#website\"},\"primaryImageOfPage\":{\"@id\":\"https:\\\/\\\/monguide.net\\\/produit\\\/les-interventions-en-psychologie-de-la-sante\\\/#primaryimage\"},\"image\":{\"@id\":\"https:\\\/\\\/monguide.net\\\/produit\\\/les-interventions-en-psychologie-de-la-sante\\\/#primaryimage\"},\"thumbnailUrl\":\"https:\\\/\\\/monguide.net\\\/wp-content\\\/uploads\\\/2024\\\/05\\\/COUVERTURE-LES-INTERVENTIONS-EN-PSYCHOLOGIE-DE-LA-SANTE.jpg\",\"datePublished\":\"2024-05-20T13:35:30+00:00\",\"dateModified\":\"2026-03-27T10:32:21+00:00\",\"breadcrumb\":{\"@id\":\"https:\\\/\\\/monguide.net\\\/produit\\\/les-interventions-en-psychologie-de-la-sante\\\/#breadcrumb\"},\"inLanguage\":\"fr-FR\",\"potentialAction\":[{\"@type\":\"ReadAction\",\"target\":[\"https:\\\/\\\/monguide.net\\\/produit\\\/les-interventions-en-psychologie-de-la-sante\\\/\"]}]},{\"@type\":\"ImageObject\",\"inLanguage\":\"fr-FR\",\"@id\":\"https:\\\/\\\/monguide.net\\\/produit\\\/les-interventions-en-psychologie-de-la-sante\\\/#primaryimage\",\"url\":\"https:\\\/\\\/monguide.net\\\/wp-content\\\/uploads\\\/2024\\\/05\\\/COUVERTURE-LES-INTERVENTIONS-EN-PSYCHOLOGIE-DE-LA-SANTE.jpg\",\"contentUrl\":\"https:\\\/\\\/monguide.net\\\/wp-content\\\/uploads\\\/2024\\\/05\\\/COUVERTURE-LES-INTERVENTIONS-EN-PSYCHOLOGIE-DE-LA-SANTE.jpg\",\"width\":963,\"height\":1500},{\"@type\":\"BreadcrumbList\",\"@id\":\"https:\\\/\\\/monguide.net\\\/produit\\\/les-interventions-en-psychologie-de-la-sante\\\/#breadcrumb\",\"itemListElement\":[{\"@type\":\"ListItem\",\"position\":1,\"name\":\"Accueil\",\"item\":\"https:\\\/\\\/monguide.net\\\/\"},{\"@type\":\"ListItem\",\"position\":2,\"name\":\"Boutique\",\"item\":\"https:\\\/\\\/monguide.net\\\/shop\\\/\"},{\"@type\":\"ListItem\",\"position\":3,\"name\":\"Les interventions en psychologie de la sant\u00e9\"}]},{\"@type\":\"WebSite\",\"@id\":\"https:\\\/\\\/monguide.net\\\/#website\",\"url\":\"https:\\\/\\\/monguide.net\\\/\",\"name\":\"Mon Guide\",\"description\":\"La boussole du monde. Tous vos livres et ebook \u00e0 un endroit\",\"publisher\":{\"@id\":\"https:\\\/\\\/monguide.net\\\/#organization\"},\"potentialAction\":[{\"@type\":\"SearchAction\",\"target\":{\"@type\":\"EntryPoint\",\"urlTemplate\":\"https:\\\/\\\/monguide.net\\\/?s={search_term_string}\"},\"query-input\":{\"@type\":\"PropertyValueSpecification\",\"valueRequired\":true,\"valueName\":\"search_term_string\"}}],\"inLanguage\":\"fr-FR\"},{\"@type\":\"Organization\",\"@id\":\"https:\\\/\\\/monguide.net\\\/#organization\",\"name\":\"Mon Guide\",\"url\":\"https:\\\/\\\/monguide.net\\\/\",\"logo\":{\"@type\":\"ImageObject\",\"inLanguage\":\"fr-FR\",\"@id\":\"https:\\\/\\\/monguide.net\\\/#\\\/schema\\\/logo\\\/image\\\/\",\"url\":\"http:\\\/\\\/monguide.net\\\/wp-content\\\/uploads\\\/2024\\\/05\\\/Favicon.png\",\"contentUrl\":\"http:\\\/\\\/monguide.net\\\/wp-content\\\/uploads\\\/2024\\\/05\\\/Favicon.png\",\"width\":512,\"height\":512,\"caption\":\"Mon Guide\"},\"image\":{\"@id\":\"https:\\\/\\\/monguide.net\\\/#\\\/schema\\\/logo\\\/image\\\/\"},\"sameAs\":[\"https:\\\/\\\/web.facebook.com\\\/profile.php?id=61558559594373&ref=embed_page\"]}]}<\/script>\n<!-- \/ Yoast SEO plugin. -->","yoast_head_json":{"title":"Les interventions en psychologie de la sant\u00e9 - Mon Guide","robots":{"index":"index","follow":"follow","max-snippet":"max-snippet:-1","max-image-preview":"max-image-preview:large","max-video-preview":"max-video-preview:-1"},"canonical":"https:\/\/monguide.net\/fr\/produit\/les-interventions-en-psychologie-de-la-sante\/","og_locale":"fr_FR","og_type":"article","og_title":"Les interventions en psychologie de la sant\u00e9 - Mon Guide","og_description":"Cet ouvrage au format PDF de 312 page pr\u00e9sente les diff\u00e9rentes interventions du psychologue en psychologie de la sant\u00e9 (exemples : comment un psychologue doit-il intervenir aupr\u00e8s d'un patient canc\u00e9reux ? ou cardiaque ? ou d'un patient amput\u00e9 suite \u00e0 un accident ?). Il est le projet du cours annuel de l'auteur qui a divis\u00e9 son auditoire en diff\u00e9rents groupes, chacun travaillant \u00e0 la r\u00e9daction d'un chapitre en particulier. Chaque chapitre (13 au total) est construit sur le m\u00eame mod\u00e8le \u00e0 partir d'entretiens men\u00e9s avec deux experts et deux patients : pr\u00e9sentation du trouble ou de la maladie, prise en charge, lectures conseill\u00e9es.","og_url":"https:\/\/monguide.net\/fr\/produit\/les-interventions-en-psychologie-de-la-sante\/","og_site_name":"Mon Guide","article_publisher":"https:\/\/web.facebook.com\/profile.php?id=61558559594373&ref=embed_page","article_modified_time":"2026-03-27T10:32:21+00:00","og_image":[{"width":963,"height":1500,"url":"https:\/\/monguide.net\/wp-content\/uploads\/2024\/05\/COUVERTURE-LES-INTERVENTIONS-EN-PSYCHOLOGIE-DE-LA-SANTE.jpg","type":"image\/jpeg"}],"twitter_card":"summary_large_image","twitter_misc":{"Dur\u00e9e de lecture estim\u00e9e":"1 minute"},"schema":{"@context":"https:\/\/schema.org","@graph":[{"@type":"WebPage","@id":"https:\/\/monguide.net\/produit\/les-interventions-en-psychologie-de-la-sante\/","url":"https:\/\/monguide.net\/produit\/les-interventions-en-psychologie-de-la-sante\/","name":"Les interventions en psychologie de la sant\u00e9 - Mon Guide","isPartOf":{"@id":"https:\/\/monguide.net\/#website"},"primaryImageOfPage":{"@id":"https:\/\/monguide.net\/produit\/les-interventions-en-psychologie-de-la-sante\/#primaryimage"},"image":{"@id":"https:\/\/monguide.net\/produit\/les-interventions-en-psychologie-de-la-sante\/#primaryimage"},"thumbnailUrl":"https:\/\/monguide.net\/wp-content\/uploads\/2024\/05\/COUVERTURE-LES-INTERVENTIONS-EN-PSYCHOLOGIE-DE-LA-SANTE.jpg","datePublished":"2024-05-20T13:35:30+00:00","dateModified":"2026-03-27T10:32:21+00:00","breadcrumb":{"@id":"https:\/\/monguide.net\/produit\/les-interventions-en-psychologie-de-la-sante\/#breadcrumb"},"inLanguage":"fr-FR","potentialAction":[{"@type":"ReadAction","target":["https:\/\/monguide.net\/produit\/les-interventions-en-psychologie-de-la-sante\/"]}]},{"@type":"ImageObject","inLanguage":"fr-FR","@id":"https:\/\/monguide.net\/produit\/les-interventions-en-psychologie-de-la-sante\/#primaryimage","url":"https:\/\/monguide.net\/wp-content\/uploads\/2024\/05\/COUVERTURE-LES-INTERVENTIONS-EN-PSYCHOLOGIE-DE-LA-SANTE.jpg","contentUrl":"https:\/\/monguide.net\/wp-content\/uploads\/2024\/05\/COUVERTURE-LES-INTERVENTIONS-EN-PSYCHOLOGIE-DE-LA-SANTE.jpg","width":963,"height":1500},{"@type":"BreadcrumbList","@id":"https:\/\/monguide.net\/produit\/les-interventions-en-psychologie-de-la-sante\/#breadcrumb","itemListElement":[{"@type":"ListItem","position":1,"name":"Accueil","item":"https:\/\/monguide.net\/"},{"@type":"ListItem","position":2,"name":"Boutique","item":"https:\/\/monguide.net\/shop\/"},{"@type":"ListItem","position":3,"name":"Les interventions en psychologie de la sant\u00e9"}]},{"@type":"WebSite","@id":"https:\/\/monguide.net\/#website","url":"https:\/\/monguide.net\/","name":"Mon Guide","description":"La boussole du monde. Tous vos livres et ebook \u00e0 un endroit","publisher":{"@id":"https:\/\/monguide.net\/#organization"},"potentialAction":[{"@type":"SearchAction","target":{"@type":"EntryPoint","urlTemplate":"https:\/\/monguide.net\/?s={search_term_string}"},"query-input":{"@type":"PropertyValueSpecification","valueRequired":true,"valueName":"search_term_string"}}],"inLanguage":"fr-FR"},{"@type":"Organization","@id":"https:\/\/monguide.net\/#organization","name":"Mon Guide","url":"https:\/\/monguide.net\/","logo":{"@type":"ImageObject","inLanguage":"fr-FR","@id":"https:\/\/monguide.net\/#\/schema\/logo\/image\/","url":"https:\/\/monguide.net\/wp-content\/uploads\/2024\/05\/Favicon.png","contentUrl":"https:\/\/monguide.net\/wp-content\/uploads\/2024\/05\/Favicon.png","width":512,"height":512,"caption":"Mon Guide"},"image":{"@id":"https:\/\/monguide.net\/#\/schema\/logo\/image\/"},"sameAs":["https:\/\/web.facebook.com\/profile.php?id=61558559594373&ref=embed_page"]}]}},"jetpack_sharing_enabled":true,"_links":{"self":[{"href":"https:\/\/monguide.net\/fr\/wp-json\/wp\/v2\/product\/16890","targetHints":{"allow":["GET"]}}],"collection":[{"href":"https:\/\/monguide.net\/fr\/wp-json\/wp\/v2\/product"}],"about":[{"href":"https:\/\/monguide.net\/fr\/wp-json\/wp\/v2\/types\/product"}],"replies":[{"embeddable":true,"href":"https:\/\/monguide.net\/fr\/wp-json\/wp\/v2\/comments?post=16890"}],"version-history":[{"count":0,"href":"https:\/\/monguide.net\/fr\/wp-json\/wp\/v2\/product\/16890\/revisions"}],"wp:featuredmedia":[{"embeddable":true,"href":"https:\/\/monguide.net\/fr\/wp-json\/wp\/v2\/media\/16891"}],"wp:attachment":[{"href":"https:\/\/monguide.net\/fr\/wp-json\/wp\/v2\/media?parent=16890"}],"wp:term":[{"taxonomy":"product_cat","embeddable":true,"href":"https:\/\/monguide.net\/fr\/wp-json\/wp\/v2\/product_cat?post=16890"},{"taxonomy":"product_tag","embeddable":true,"href":"https:\/\/monguide.net\/fr\/wp-json\/wp\/v2\/product_tag?post=16890"}],"curies":[{"name":"wp","href":"https:\/\/api.w.org\/{rel}","templated":true}]}}