{"id":16905,"date":"2024-05-20T16:49:34","date_gmt":"2024-05-20T14:49:34","guid":{"rendered":"https:\/\/monguide.net\/?post_type=product&#038;p=16905"},"modified":"2026-03-27T11:32:22","modified_gmt":"2026-03-27T10:32:22","slug":"lalimentation-au-fil-des-saison-petit-guide-du-bien-etre","status":"publish","type":"product","link":"https:\/\/monguide.net\/fr\/produit\/lalimentation-au-fil-des-saison-petit-guide-du-bien-etre\/","title":{"rendered":"L&#8221;alimentation au fil des saisons &#8211; Petit guide du bien \u00eatre"},"content":{"rendered":"<p>Les saisons affectent l&#8217;existence de tout un chacun, quels soient. le mode de vie, l&#8217;\u00e2ge, l&#8217;activit\u00e9 ou la r\u00e9gion du monde o\u00f9 nous vivons.<br \/>\nQue nous en ayons conscience ou non, leur perp\u00e9tuel renouvellement sert de cadre \u00e0 notre univers quotidien. Les saisons fa\u00e7onnent notre environnement sonore, visuel et olfactif, influant sur nos occupations, nos humeurs et la mani\u00e8re de nous habiller.<\/p>\n<p>Format: PDF<\/p>\n<p>Nombre de page: 61<\/p>\n<p>Disponible en t\u00e9l\u00e9chargement uniquement<\/p>","protected":false},"excerpt":{"rendered":"<p>LES SAISONS affectent l&#8217;existence de tout un chacun, quels soient. le mode de vie, l&#8217;\u00e2ge, l&#8217;activit\u00e9 ou la r\u00e9gion du monde o\u00f9 nous vivons.<br \/>\nQue nous en ayons conscience ou non, leur perp\u00e9tuel renouvellement sert de cadre \u00e0 notre univers quotidien. Les saisons fa\u00e7onnent notre environnement sonore, visuel et olfactif, influant sur nos occupations, nos humeurs et la mani\u00e8re de nous habiller.<\/p>\n<p>Ce petit guide du bien-\u00eatre de 61 pages au format PDF est disponible en t\u00e9l\u00e9chargement uniquement.<\/p>","protected":false},"featured_media":16906,"comment_status":"open","ping_status":"closed","template":"","meta":[],"product_cat":[80,317,73],"product_tag":[],"class_list":{"0":"post-16905","1":"product","2":"type-product","3":"status-publish","4":"has-post-thumbnail","6":"product_cat-cuisine","7":"product_cat-pdf","8":"product_cat-sante-et-bien-etre","10":"first","11":"instock","12":"sale","13":"downloadable","14":"shipping-taxable","15":"purchasable","16":"product-type-simple","17":"add-to-wishlist-after_add_to_cart"},"yoast_head":"<!-- This site is optimized with the Yoast SEO plugin v27.4 - https:\/\/yoast.com\/product\/yoast-seo-wordpress\/ -->\n<title>L&#039;&#039;alimentation au fil des saisons - Petit guide du bien \u00eatre - Mon Guide<\/title>\n<meta name=\"robots\" content=\"index, follow, max-snippet:-1, max-image-preview:large, max-video-preview:-1\" \/>\n<link rel=\"canonical\" href=\"https:\/\/monguide.net\/fr\/produit\/lalimentation-au-fil-des-saison-petit-guide-du-bien-etre\/\" \/>\n<meta property=\"og:locale\" content=\"fr_FR\" \/>\n<meta property=\"og:type\" content=\"article\" \/>\n<meta property=\"og:title\" content=\"L&#039;&#039;alimentation au fil des saisons - Petit guide du bien \u00eatre - Mon Guide\" \/>\n<meta property=\"og:description\" content=\"LES SAISONS affectent l&#039;existence de tout un chacun, quels soient. le mode de vie, l&#039;\u00e2ge, l&#039;activit\u00e9 ou la r\u00e9gion du monde o\u00f9 nous vivons. Que nous en ayons conscience ou non, leur perp\u00e9tuel renouvellement sert de cadre \u00e0 notre univers quotidien. Les saisons fa\u00e7onnent notre environnement sonore, visuel et olfactif, influant sur nos occupations, nos humeurs et la mani\u00e8re de nous habiller.  Ce petit guide du bien-\u00eatre de 61 pages au format PDF est disponible en t\u00e9l\u00e9chargement uniquement.\" \/>\n<meta property=\"og:url\" content=\"https:\/\/monguide.net\/fr\/produit\/lalimentation-au-fil-des-saison-petit-guide-du-bien-etre\/\" \/>\n<meta property=\"og:site_name\" content=\"Mon Guide\" \/>\n<meta property=\"article:publisher\" content=\"https:\/\/web.facebook.com\/profile.php?id=61558559594373&amp;ref=embed_page\" \/>\n<meta property=\"article:modified_time\" content=\"2026-03-27T10:32:22+00:00\" \/>\n<meta property=\"og:image\" content=\"https:\/\/monguide.net\/wp-content\/uploads\/2024\/05\/LALIMENT-TATION-AU-FIL-DES-SAISONS.jpg\" \/>\n\t<meta property=\"og:image:width\" content=\"329\" \/>\n\t<meta property=\"og:image:height\" content=\"480\" \/>\n\t<meta property=\"og:image:type\" content=\"image\/jpeg\" \/>\n<meta name=\"twitter:card\" content=\"summary_large_image\" \/>\n<meta name=\"twitter:label1\" content=\"Dur\u00e9e de lecture estim\u00e9e\" \/>\n\t<meta name=\"twitter:data1\" content=\"1 minute\" \/>\n<script type=\"application\/ld+json\" class=\"yoast-schema-graph\">{\"@context\":\"https:\\\/\\\/schema.org\",\"@graph\":[{\"@type\":\"WebPage\",\"@id\":\"https:\\\/\\\/monguide.net\\\/produit\\\/lalimentation-au-fil-des-saison-petit-guide-du-bien-etre\\\/\",\"url\":\"https:\\\/\\\/monguide.net\\\/produit\\\/lalimentation-au-fil-des-saison-petit-guide-du-bien-etre\\\/\",\"name\":\"L''alimentation au fil des saisons - Petit guide du bien \u00eatre - Mon Guide\",\"isPartOf\":{\"@id\":\"https:\\\/\\\/monguide.net\\\/#website\"},\"primaryImageOfPage\":{\"@id\":\"https:\\\/\\\/monguide.net\\\/produit\\\/lalimentation-au-fil-des-saison-petit-guide-du-bien-etre\\\/#primaryimage\"},\"image\":{\"@id\":\"https:\\\/\\\/monguide.net\\\/produit\\\/lalimentation-au-fil-des-saison-petit-guide-du-bien-etre\\\/#primaryimage\"},\"thumbnailUrl\":\"https:\\\/\\\/monguide.net\\\/wp-content\\\/uploads\\\/2024\\\/05\\\/LALIMENT-TATION-AU-FIL-DES-SAISONS.jpg\",\"datePublished\":\"2024-05-20T14:49:34+00:00\",\"dateModified\":\"2026-03-27T10:32:22+00:00\",\"breadcrumb\":{\"@id\":\"https:\\\/\\\/monguide.net\\\/produit\\\/lalimentation-au-fil-des-saison-petit-guide-du-bien-etre\\\/#breadcrumb\"},\"inLanguage\":\"fr-FR\",\"potentialAction\":[{\"@type\":\"ReadAction\",\"target\":[\"https:\\\/\\\/monguide.net\\\/produit\\\/lalimentation-au-fil-des-saison-petit-guide-du-bien-etre\\\/\"]}]},{\"@type\":\"ImageObject\",\"inLanguage\":\"fr-FR\",\"@id\":\"https:\\\/\\\/monguide.net\\\/produit\\\/lalimentation-au-fil-des-saison-petit-guide-du-bien-etre\\\/#primaryimage\",\"url\":\"https:\\\/\\\/monguide.net\\\/wp-content\\\/uploads\\\/2024\\\/05\\\/LALIMENT-TATION-AU-FIL-DES-SAISONS.jpg\",\"contentUrl\":\"https:\\\/\\\/monguide.net\\\/wp-content\\\/uploads\\\/2024\\\/05\\\/LALIMENT-TATION-AU-FIL-DES-SAISONS.jpg\",\"width\":329,\"height\":480},{\"@type\":\"BreadcrumbList\",\"@id\":\"https:\\\/\\\/monguide.net\\\/produit\\\/lalimentation-au-fil-des-saison-petit-guide-du-bien-etre\\\/#breadcrumb\",\"itemListElement\":[{\"@type\":\"ListItem\",\"position\":1,\"name\":\"Accueil\",\"item\":\"https:\\\/\\\/monguide.net\\\/\"},{\"@type\":\"ListItem\",\"position\":2,\"name\":\"Boutique\",\"item\":\"https:\\\/\\\/monguide.net\\\/shop\\\/\"},{\"@type\":\"ListItem\",\"position\":3,\"name\":\"L&#8221;alimentation au fil des saisons &#8211; Petit guide du bien \u00eatre\"}]},{\"@type\":\"WebSite\",\"@id\":\"https:\\\/\\\/monguide.net\\\/#website\",\"url\":\"https:\\\/\\\/monguide.net\\\/\",\"name\":\"Mon Guide\",\"description\":\"La boussole du monde. Tous vos livres et ebook \u00e0 un endroit\",\"publisher\":{\"@id\":\"https:\\\/\\\/monguide.net\\\/#organization\"},\"potentialAction\":[{\"@type\":\"SearchAction\",\"target\":{\"@type\":\"EntryPoint\",\"urlTemplate\":\"https:\\\/\\\/monguide.net\\\/?s={search_term_string}\"},\"query-input\":{\"@type\":\"PropertyValueSpecification\",\"valueRequired\":true,\"valueName\":\"search_term_string\"}}],\"inLanguage\":\"fr-FR\"},{\"@type\":\"Organization\",\"@id\":\"https:\\\/\\\/monguide.net\\\/#organization\",\"name\":\"Mon Guide\",\"url\":\"https:\\\/\\\/monguide.net\\\/\",\"logo\":{\"@type\":\"ImageObject\",\"inLanguage\":\"fr-FR\",\"@id\":\"https:\\\/\\\/monguide.net\\\/#\\\/schema\\\/logo\\\/image\\\/\",\"url\":\"http:\\\/\\\/monguide.net\\\/wp-content\\\/uploads\\\/2024\\\/05\\\/Favicon.png\",\"contentUrl\":\"http:\\\/\\\/monguide.net\\\/wp-content\\\/uploads\\\/2024\\\/05\\\/Favicon.png\",\"width\":512,\"height\":512,\"caption\":\"Mon Guide\"},\"image\":{\"@id\":\"https:\\\/\\\/monguide.net\\\/#\\\/schema\\\/logo\\\/image\\\/\"},\"sameAs\":[\"https:\\\/\\\/web.facebook.com\\\/profile.php?id=61558559594373&ref=embed_page\"]}]}<\/script>\n<!-- \/ Yoast SEO plugin. -->","yoast_head_json":{"title":"L''alimentation au fil des saisons - Petit guide du bien \u00eatre - Mon Guide","robots":{"index":"index","follow":"follow","max-snippet":"max-snippet:-1","max-image-preview":"max-image-preview:large","max-video-preview":"max-video-preview:-1"},"canonical":"https:\/\/monguide.net\/fr\/produit\/lalimentation-au-fil-des-saison-petit-guide-du-bien-etre\/","og_locale":"fr_FR","og_type":"article","og_title":"L''alimentation au fil des saisons - Petit guide du bien \u00eatre - Mon Guide","og_description":"LES SAISONS affectent l'existence de tout un chacun, quels soient. le mode de vie, l'\u00e2ge, l'activit\u00e9 ou la r\u00e9gion du monde o\u00f9 nous vivons. Que nous en ayons conscience ou non, leur perp\u00e9tuel renouvellement sert de cadre \u00e0 notre univers quotidien. Les saisons fa\u00e7onnent notre environnement sonore, visuel et olfactif, influant sur nos occupations, nos humeurs et la mani\u00e8re de nous habiller.  Ce petit guide du bien-\u00eatre de 61 pages au format PDF est disponible en t\u00e9l\u00e9chargement uniquement.","og_url":"https:\/\/monguide.net\/fr\/produit\/lalimentation-au-fil-des-saison-petit-guide-du-bien-etre\/","og_site_name":"Mon Guide","article_publisher":"https:\/\/web.facebook.com\/profile.php?id=61558559594373&ref=embed_page","article_modified_time":"2026-03-27T10:32:22+00:00","og_image":[{"width":329,"height":480,"url":"https:\/\/monguide.net\/wp-content\/uploads\/2024\/05\/LALIMENT-TATION-AU-FIL-DES-SAISONS.jpg","type":"image\/jpeg"}],"twitter_card":"summary_large_image","twitter_misc":{"Dur\u00e9e de lecture estim\u00e9e":"1 minute"},"schema":{"@context":"https:\/\/schema.org","@graph":[{"@type":"WebPage","@id":"https:\/\/monguide.net\/produit\/lalimentation-au-fil-des-saison-petit-guide-du-bien-etre\/","url":"https:\/\/monguide.net\/produit\/lalimentation-au-fil-des-saison-petit-guide-du-bien-etre\/","name":"L''alimentation au fil des saisons - Petit guide du bien \u00eatre - Mon Guide","isPartOf":{"@id":"https:\/\/monguide.net\/#website"},"primaryImageOfPage":{"@id":"https:\/\/monguide.net\/produit\/lalimentation-au-fil-des-saison-petit-guide-du-bien-etre\/#primaryimage"},"image":{"@id":"https:\/\/monguide.net\/produit\/lalimentation-au-fil-des-saison-petit-guide-du-bien-etre\/#primaryimage"},"thumbnailUrl":"https:\/\/monguide.net\/wp-content\/uploads\/2024\/05\/LALIMENT-TATION-AU-FIL-DES-SAISONS.jpg","datePublished":"2024-05-20T14:49:34+00:00","dateModified":"2026-03-27T10:32:22+00:00","breadcrumb":{"@id":"https:\/\/monguide.net\/produit\/lalimentation-au-fil-des-saison-petit-guide-du-bien-etre\/#breadcrumb"},"inLanguage":"fr-FR","potentialAction":[{"@type":"ReadAction","target":["https:\/\/monguide.net\/produit\/lalimentation-au-fil-des-saison-petit-guide-du-bien-etre\/"]}]},{"@type":"ImageObject","inLanguage":"fr-FR","@id":"https:\/\/monguide.net\/produit\/lalimentation-au-fil-des-saison-petit-guide-du-bien-etre\/#primaryimage","url":"https:\/\/monguide.net\/wp-content\/uploads\/2024\/05\/LALIMENT-TATION-AU-FIL-DES-SAISONS.jpg","contentUrl":"https:\/\/monguide.net\/wp-content\/uploads\/2024\/05\/LALIMENT-TATION-AU-FIL-DES-SAISONS.jpg","width":329,"height":480},{"@type":"BreadcrumbList","@id":"https:\/\/monguide.net\/produit\/lalimentation-au-fil-des-saison-petit-guide-du-bien-etre\/#breadcrumb","itemListElement":[{"@type":"ListItem","position":1,"name":"Accueil","item":"https:\/\/monguide.net\/"},{"@type":"ListItem","position":2,"name":"Boutique","item":"https:\/\/monguide.net\/shop\/"},{"@type":"ListItem","position":3,"name":"L&#8221;alimentation au fil des saisons &#8211; Petit guide du bien \u00eatre"}]},{"@type":"WebSite","@id":"https:\/\/monguide.net\/#website","url":"https:\/\/monguide.net\/","name":"Mon Guide","description":"La boussole du monde. Tous vos livres et ebook \u00e0 un endroit","publisher":{"@id":"https:\/\/monguide.net\/#organization"},"potentialAction":[{"@type":"SearchAction","target":{"@type":"EntryPoint","urlTemplate":"https:\/\/monguide.net\/?s={search_term_string}"},"query-input":{"@type":"PropertyValueSpecification","valueRequired":true,"valueName":"search_term_string"}}],"inLanguage":"fr-FR"},{"@type":"Organization","@id":"https:\/\/monguide.net\/#organization","name":"Mon Guide","url":"https:\/\/monguide.net\/","logo":{"@type":"ImageObject","inLanguage":"fr-FR","@id":"https:\/\/monguide.net\/#\/schema\/logo\/image\/","url":"https:\/\/monguide.net\/wp-content\/uploads\/2024\/05\/Favicon.png","contentUrl":"https:\/\/monguide.net\/wp-content\/uploads\/2024\/05\/Favicon.png","width":512,"height":512,"caption":"Mon Guide"},"image":{"@id":"https:\/\/monguide.net\/#\/schema\/logo\/image\/"},"sameAs":["https:\/\/web.facebook.com\/profile.php?id=61558559594373&ref=embed_page"]}]}},"jetpack_sharing_enabled":true,"_links":{"self":[{"href":"https:\/\/monguide.net\/fr\/wp-json\/wp\/v2\/product\/16905","targetHints":{"allow":["GET"]}}],"collection":[{"href":"https:\/\/monguide.net\/fr\/wp-json\/wp\/v2\/product"}],"about":[{"href":"https:\/\/monguide.net\/fr\/wp-json\/wp\/v2\/types\/product"}],"replies":[{"embeddable":true,"href":"https:\/\/monguide.net\/fr\/wp-json\/wp\/v2\/comments?post=16905"}],"version-history":[{"count":0,"href":"https:\/\/monguide.net\/fr\/wp-json\/wp\/v2\/product\/16905\/revisions"}],"wp:featuredmedia":[{"embeddable":true,"href":"https:\/\/monguide.net\/fr\/wp-json\/wp\/v2\/media\/16906"}],"wp:attachment":[{"href":"https:\/\/monguide.net\/fr\/wp-json\/wp\/v2\/media?parent=16905"}],"wp:term":[{"taxonomy":"product_cat","embeddable":true,"href":"https:\/\/monguide.net\/fr\/wp-json\/wp\/v2\/product_cat?post=16905"},{"taxonomy":"product_tag","embeddable":true,"href":"https:\/\/monguide.net\/fr\/wp-json\/wp\/v2\/product_tag?post=16905"}],"curies":[{"name":"wp","href":"https:\/\/api.w.org\/{rel}","templated":true}]}}