{"id":16917,"date":"2024-05-20T18:23:14","date_gmt":"2024-05-20T16:23:14","guid":{"rendered":"https:\/\/monguide.net\/?post_type=product&#038;p=16917"},"modified":"2026-03-27T11:32:22","modified_gmt":"2026-03-27T10:32:22","slug":"les-effets-benefiques-des-animaux-sur-notre-sante","status":"publish","type":"product","link":"https:\/\/monguide.net\/fr\/produit\/les-effets-benefiques-des-animaux-sur-notre-sante\/","title":{"rendered":"Les effets b\u00e9n\u00e9fiques des animaux sur notre sant\u00e9"},"content":{"rendered":"<p>L\u2019effet positif des animaux sur notre sant\u00e9 est une r\u00e9alit\u00e9 ind\u00e9niable. Il n\u2019est qu\u2019\u00e0 voir l\u2019importance des animaux de compagnie dans notre environnement g\u00e9n\u00e9rateur de stress, d\u2019angoisse ou de solitude. De ce constat est n\u00e9e la zooth\u00e9rapie. Le champ d\u2019application de cette \u00ab th\u00e9rapie assist\u00e9e par l\u2019animal \u00bb utilis\u00e9e \u00e0 des fins pr\u00e9ventives ou en compl\u00e9ment des traitements traditionnels, tant sur le plan physiologique que psychologique, est tr\u00e8s diversifi\u00e9. Patients en r\u00e9\u00e9ducation fonctionnelle, malades atteints d\u2019affections coronariennes, personnes \u00e2g\u00e9es qui ont besoin d\u2019\u00eatre dynamis\u00e9es, et tous ceux qui souffrent de troubles de la communication et du comportement (autistes, handicap\u00e9s mentaux&#8230;) peuvent en b\u00e9n\u00e9ficier. De r\u00e9f\u00e9rence tr\u00e8s document\u00e9 t\u00e9moigne de la r\u00e9elle efficacit\u00e9 d\u2019une th\u00e9rapeutique qui ne pr\u00e9tend pas faire de l\u2019animal un \u00ab rem\u00e8de en soi \u00bb, mais un auxiliaire de sant\u00e9. Il ouvre des perspectives que les soignants ou les travailleurs sociaux ne doivent plus ignorer, tout en nous invitant \u00e0 repenser la place des animaux dans notre soci\u00e9t\u00e9 de plus en plus m\u00e9canis\u00e9e.<\/p>\n<p>Format: PDF<\/p>\n<p>Nombre de page: 254<\/p>","protected":false},"excerpt":{"rendered":"<p>Cet ouvrage de 254 pages au format PDF disponibles uniquement en t\u00e9l\u00e9chargement est un ouvrage de r\u00e9f\u00e9rence tr\u00e8s document\u00e9 t\u00e9moigne de la r\u00e9elle efficacit\u00e9 d\u2019une th\u00e9rapeutique qui ne pr\u00e9tend pas faire de l\u2019animal un \u00ab rem\u00e8de en soi \u00bb, mais un auxiliaire de sant\u00e9. Il ouvre des perspectives que les soignants ou les travailleurs sociaux ne doivent plus ignorer, tout en nous invitant \u00e0 repenser la place des animaux dans notre soci\u00e9t\u00e9 de plus en plus m\u00e9canis\u00e9e.<\/p>","protected":false},"featured_media":16918,"comment_status":"open","ping_status":"closed","template":"","meta":[],"product_cat":[397,317,73],"product_tag":[],"class_list":{"0":"post-16917","1":"product","2":"type-product","3":"status-publish","4":"has-post-thumbnail","6":"product_cat-animaux","7":"product_cat-pdf","8":"product_cat-sante-et-bien-etre","10":"first","11":"instock","12":"sale","13":"downloadable","14":"shipping-taxable","15":"purchasable","16":"product-type-simple","17":"add-to-wishlist-after_add_to_cart"},"yoast_head":"<!-- This site is optimized with the Yoast SEO plugin v27.4 - https:\/\/yoast.com\/product\/yoast-seo-wordpress\/ -->\n<title>Les effets b\u00e9n\u00e9fiques des animaux sur notre sant\u00e9 - Mon Guide<\/title>\n<meta name=\"robots\" content=\"index, follow, max-snippet:-1, max-image-preview:large, max-video-preview:-1\" \/>\n<link rel=\"canonical\" href=\"https:\/\/monguide.net\/fr\/produit\/les-effets-benefiques-des-animaux-sur-notre-sante\/\" \/>\n<meta property=\"og:locale\" content=\"fr_FR\" \/>\n<meta property=\"og:type\" content=\"article\" \/>\n<meta property=\"og:title\" content=\"Les effets b\u00e9n\u00e9fiques des animaux sur notre sant\u00e9 - Mon Guide\" \/>\n<meta property=\"og:description\" content=\"Cet ouvrage de 254 pages au format PDF disponibles uniquement en t\u00e9l\u00e9chargement est un ouvrage de r\u00e9f\u00e9rence tr\u00e8s document\u00e9 t\u00e9moigne de la r\u00e9elle efficacit\u00e9 d\u2019une th\u00e9rapeutique qui ne pr\u00e9tend pas faire de l\u2019animal un \u00ab rem\u00e8de en soi \u00bb, mais un auxiliaire de sant\u00e9. Il ouvre des perspectives que les soignants ou les travailleurs sociaux ne doivent plus ignorer, tout en nous invitant \u00e0 repenser la place des animaux dans notre soci\u00e9t\u00e9 de plus en plus m\u00e9canis\u00e9e.\" \/>\n<meta property=\"og:url\" content=\"https:\/\/monguide.net\/fr\/produit\/les-effets-benefiques-des-animaux-sur-notre-sante\/\" \/>\n<meta property=\"og:site_name\" content=\"Mon Guide\" \/>\n<meta property=\"article:publisher\" content=\"https:\/\/web.facebook.com\/profile.php?id=61558559594373&amp;ref=embed_page\" \/>\n<meta property=\"article:modified_time\" content=\"2026-03-27T10:32:22+00:00\" \/>\n<meta property=\"og:image\" content=\"https:\/\/monguide.net\/wp-content\/uploads\/2024\/05\/COUVERTURE-LES-EFFETS-BENEFIQUES-DES-ANIMAUX-SUR-NOTRE-SANTE.jpg\" \/>\n\t<meta property=\"og:image:width\" content=\"954\" \/>\n\t<meta property=\"og:image:height\" content=\"1500\" \/>\n\t<meta property=\"og:image:type\" content=\"image\/jpeg\" \/>\n<meta name=\"twitter:card\" content=\"summary_large_image\" \/>\n<meta name=\"twitter:label1\" content=\"Dur\u00e9e de lecture estim\u00e9e\" \/>\n\t<meta name=\"twitter:data1\" content=\"2 minutes\" \/>\n<script type=\"application\/ld+json\" class=\"yoast-schema-graph\">{\"@context\":\"https:\\\/\\\/schema.org\",\"@graph\":[{\"@type\":\"WebPage\",\"@id\":\"https:\\\/\\\/monguide.net\\\/produit\\\/les-effets-benefiques-des-animaux-sur-notre-sante\\\/\",\"url\":\"https:\\\/\\\/monguide.net\\\/produit\\\/les-effets-benefiques-des-animaux-sur-notre-sante\\\/\",\"name\":\"Les effets b\u00e9n\u00e9fiques des animaux sur notre sant\u00e9 - Mon Guide\",\"isPartOf\":{\"@id\":\"https:\\\/\\\/monguide.net\\\/#website\"},\"primaryImageOfPage\":{\"@id\":\"https:\\\/\\\/monguide.net\\\/produit\\\/les-effets-benefiques-des-animaux-sur-notre-sante\\\/#primaryimage\"},\"image\":{\"@id\":\"https:\\\/\\\/monguide.net\\\/produit\\\/les-effets-benefiques-des-animaux-sur-notre-sante\\\/#primaryimage\"},\"thumbnailUrl\":\"https:\\\/\\\/monguide.net\\\/wp-content\\\/uploads\\\/2024\\\/05\\\/COUVERTURE-LES-EFFETS-BENEFIQUES-DES-ANIMAUX-SUR-NOTRE-SANTE.jpg\",\"datePublished\":\"2024-05-20T16:23:14+00:00\",\"dateModified\":\"2026-03-27T10:32:22+00:00\",\"breadcrumb\":{\"@id\":\"https:\\\/\\\/monguide.net\\\/produit\\\/les-effets-benefiques-des-animaux-sur-notre-sante\\\/#breadcrumb\"},\"inLanguage\":\"fr-FR\",\"potentialAction\":[{\"@type\":\"ReadAction\",\"target\":[\"https:\\\/\\\/monguide.net\\\/produit\\\/les-effets-benefiques-des-animaux-sur-notre-sante\\\/\"]}]},{\"@type\":\"ImageObject\",\"inLanguage\":\"fr-FR\",\"@id\":\"https:\\\/\\\/monguide.net\\\/produit\\\/les-effets-benefiques-des-animaux-sur-notre-sante\\\/#primaryimage\",\"url\":\"https:\\\/\\\/monguide.net\\\/wp-content\\\/uploads\\\/2024\\\/05\\\/COUVERTURE-LES-EFFETS-BENEFIQUES-DES-ANIMAUX-SUR-NOTRE-SANTE.jpg\",\"contentUrl\":\"https:\\\/\\\/monguide.net\\\/wp-content\\\/uploads\\\/2024\\\/05\\\/COUVERTURE-LES-EFFETS-BENEFIQUES-DES-ANIMAUX-SUR-NOTRE-SANTE.jpg\",\"width\":954,\"height\":1500},{\"@type\":\"BreadcrumbList\",\"@id\":\"https:\\\/\\\/monguide.net\\\/produit\\\/les-effets-benefiques-des-animaux-sur-notre-sante\\\/#breadcrumb\",\"itemListElement\":[{\"@type\":\"ListItem\",\"position\":1,\"name\":\"Accueil\",\"item\":\"https:\\\/\\\/monguide.net\\\/\"},{\"@type\":\"ListItem\",\"position\":2,\"name\":\"Boutique\",\"item\":\"https:\\\/\\\/monguide.net\\\/shop\\\/\"},{\"@type\":\"ListItem\",\"position\":3,\"name\":\"Les effets b\u00e9n\u00e9fiques des animaux sur notre sant\u00e9\"}]},{\"@type\":\"WebSite\",\"@id\":\"https:\\\/\\\/monguide.net\\\/#website\",\"url\":\"https:\\\/\\\/monguide.net\\\/\",\"name\":\"Mon Guide\",\"description\":\"La boussole du monde. Tous vos livres et ebook \u00e0 un endroit\",\"publisher\":{\"@id\":\"https:\\\/\\\/monguide.net\\\/#organization\"},\"potentialAction\":[{\"@type\":\"SearchAction\",\"target\":{\"@type\":\"EntryPoint\",\"urlTemplate\":\"https:\\\/\\\/monguide.net\\\/?s={search_term_string}\"},\"query-input\":{\"@type\":\"PropertyValueSpecification\",\"valueRequired\":true,\"valueName\":\"search_term_string\"}}],\"inLanguage\":\"fr-FR\"},{\"@type\":\"Organization\",\"@id\":\"https:\\\/\\\/monguide.net\\\/#organization\",\"name\":\"Mon Guide\",\"url\":\"https:\\\/\\\/monguide.net\\\/\",\"logo\":{\"@type\":\"ImageObject\",\"inLanguage\":\"fr-FR\",\"@id\":\"https:\\\/\\\/monguide.net\\\/#\\\/schema\\\/logo\\\/image\\\/\",\"url\":\"http:\\\/\\\/monguide.net\\\/wp-content\\\/uploads\\\/2024\\\/05\\\/Favicon.png\",\"contentUrl\":\"http:\\\/\\\/monguide.net\\\/wp-content\\\/uploads\\\/2024\\\/05\\\/Favicon.png\",\"width\":512,\"height\":512,\"caption\":\"Mon Guide\"},\"image\":{\"@id\":\"https:\\\/\\\/monguide.net\\\/#\\\/schema\\\/logo\\\/image\\\/\"},\"sameAs\":[\"https:\\\/\\\/web.facebook.com\\\/profile.php?id=61558559594373&ref=embed_page\"]}]}<\/script>\n<!-- \/ Yoast SEO plugin. -->","yoast_head_json":{"title":"Les effets b\u00e9n\u00e9fiques des animaux sur notre sant\u00e9 - Mon Guide","robots":{"index":"index","follow":"follow","max-snippet":"max-snippet:-1","max-image-preview":"max-image-preview:large","max-video-preview":"max-video-preview:-1"},"canonical":"https:\/\/monguide.net\/fr\/produit\/les-effets-benefiques-des-animaux-sur-notre-sante\/","og_locale":"fr_FR","og_type":"article","og_title":"Les effets b\u00e9n\u00e9fiques des animaux sur notre sant\u00e9 - Mon Guide","og_description":"Cet ouvrage de 254 pages au format PDF disponibles uniquement en t\u00e9l\u00e9chargement est un ouvrage de r\u00e9f\u00e9rence tr\u00e8s document\u00e9 t\u00e9moigne de la r\u00e9elle efficacit\u00e9 d\u2019une th\u00e9rapeutique qui ne pr\u00e9tend pas faire de l\u2019animal un \u00ab rem\u00e8de en soi \u00bb, mais un auxiliaire de sant\u00e9. Il ouvre des perspectives que les soignants ou les travailleurs sociaux ne doivent plus ignorer, tout en nous invitant \u00e0 repenser la place des animaux dans notre soci\u00e9t\u00e9 de plus en plus m\u00e9canis\u00e9e.","og_url":"https:\/\/monguide.net\/fr\/produit\/les-effets-benefiques-des-animaux-sur-notre-sante\/","og_site_name":"Mon Guide","article_publisher":"https:\/\/web.facebook.com\/profile.php?id=61558559594373&ref=embed_page","article_modified_time":"2026-03-27T10:32:22+00:00","og_image":[{"width":954,"height":1500,"url":"https:\/\/monguide.net\/wp-content\/uploads\/2024\/05\/COUVERTURE-LES-EFFETS-BENEFIQUES-DES-ANIMAUX-SUR-NOTRE-SANTE.jpg","type":"image\/jpeg"}],"twitter_card":"summary_large_image","twitter_misc":{"Dur\u00e9e de lecture estim\u00e9e":"2 minutes"},"schema":{"@context":"https:\/\/schema.org","@graph":[{"@type":"WebPage","@id":"https:\/\/monguide.net\/produit\/les-effets-benefiques-des-animaux-sur-notre-sante\/","url":"https:\/\/monguide.net\/produit\/les-effets-benefiques-des-animaux-sur-notre-sante\/","name":"Les effets b\u00e9n\u00e9fiques des animaux sur notre sant\u00e9 - Mon Guide","isPartOf":{"@id":"https:\/\/monguide.net\/#website"},"primaryImageOfPage":{"@id":"https:\/\/monguide.net\/produit\/les-effets-benefiques-des-animaux-sur-notre-sante\/#primaryimage"},"image":{"@id":"https:\/\/monguide.net\/produit\/les-effets-benefiques-des-animaux-sur-notre-sante\/#primaryimage"},"thumbnailUrl":"https:\/\/monguide.net\/wp-content\/uploads\/2024\/05\/COUVERTURE-LES-EFFETS-BENEFIQUES-DES-ANIMAUX-SUR-NOTRE-SANTE.jpg","datePublished":"2024-05-20T16:23:14+00:00","dateModified":"2026-03-27T10:32:22+00:00","breadcrumb":{"@id":"https:\/\/monguide.net\/produit\/les-effets-benefiques-des-animaux-sur-notre-sante\/#breadcrumb"},"inLanguage":"fr-FR","potentialAction":[{"@type":"ReadAction","target":["https:\/\/monguide.net\/produit\/les-effets-benefiques-des-animaux-sur-notre-sante\/"]}]},{"@type":"ImageObject","inLanguage":"fr-FR","@id":"https:\/\/monguide.net\/produit\/les-effets-benefiques-des-animaux-sur-notre-sante\/#primaryimage","url":"https:\/\/monguide.net\/wp-content\/uploads\/2024\/05\/COUVERTURE-LES-EFFETS-BENEFIQUES-DES-ANIMAUX-SUR-NOTRE-SANTE.jpg","contentUrl":"https:\/\/monguide.net\/wp-content\/uploads\/2024\/05\/COUVERTURE-LES-EFFETS-BENEFIQUES-DES-ANIMAUX-SUR-NOTRE-SANTE.jpg","width":954,"height":1500},{"@type":"BreadcrumbList","@id":"https:\/\/monguide.net\/produit\/les-effets-benefiques-des-animaux-sur-notre-sante\/#breadcrumb","itemListElement":[{"@type":"ListItem","position":1,"name":"Accueil","item":"https:\/\/monguide.net\/"},{"@type":"ListItem","position":2,"name":"Boutique","item":"https:\/\/monguide.net\/shop\/"},{"@type":"ListItem","position":3,"name":"Les effets b\u00e9n\u00e9fiques des animaux sur notre sant\u00e9"}]},{"@type":"WebSite","@id":"https:\/\/monguide.net\/#website","url":"https:\/\/monguide.net\/","name":"Mon Guide","description":"La boussole du monde. Tous vos livres et ebook \u00e0 un endroit","publisher":{"@id":"https:\/\/monguide.net\/#organization"},"potentialAction":[{"@type":"SearchAction","target":{"@type":"EntryPoint","urlTemplate":"https:\/\/monguide.net\/?s={search_term_string}"},"query-input":{"@type":"PropertyValueSpecification","valueRequired":true,"valueName":"search_term_string"}}],"inLanguage":"fr-FR"},{"@type":"Organization","@id":"https:\/\/monguide.net\/#organization","name":"Mon Guide","url":"https:\/\/monguide.net\/","logo":{"@type":"ImageObject","inLanguage":"fr-FR","@id":"https:\/\/monguide.net\/#\/schema\/logo\/image\/","url":"https:\/\/monguide.net\/wp-content\/uploads\/2024\/05\/Favicon.png","contentUrl":"https:\/\/monguide.net\/wp-content\/uploads\/2024\/05\/Favicon.png","width":512,"height":512,"caption":"Mon Guide"},"image":{"@id":"https:\/\/monguide.net\/#\/schema\/logo\/image\/"},"sameAs":["https:\/\/web.facebook.com\/profile.php?id=61558559594373&ref=embed_page"]}]}},"jetpack_sharing_enabled":true,"_links":{"self":[{"href":"https:\/\/monguide.net\/fr\/wp-json\/wp\/v2\/product\/16917","targetHints":{"allow":["GET"]}}],"collection":[{"href":"https:\/\/monguide.net\/fr\/wp-json\/wp\/v2\/product"}],"about":[{"href":"https:\/\/monguide.net\/fr\/wp-json\/wp\/v2\/types\/product"}],"replies":[{"embeddable":true,"href":"https:\/\/monguide.net\/fr\/wp-json\/wp\/v2\/comments?post=16917"}],"version-history":[{"count":0,"href":"https:\/\/monguide.net\/fr\/wp-json\/wp\/v2\/product\/16917\/revisions"}],"wp:featuredmedia":[{"embeddable":true,"href":"https:\/\/monguide.net\/fr\/wp-json\/wp\/v2\/media\/16918"}],"wp:attachment":[{"href":"https:\/\/monguide.net\/fr\/wp-json\/wp\/v2\/media?parent=16917"}],"wp:term":[{"taxonomy":"product_cat","embeddable":true,"href":"https:\/\/monguide.net\/fr\/wp-json\/wp\/v2\/product_cat?post=16917"},{"taxonomy":"product_tag","embeddable":true,"href":"https:\/\/monguide.net\/fr\/wp-json\/wp\/v2\/product_tag?post=16917"}],"curies":[{"name":"wp","href":"https:\/\/api.w.org\/{rel}","templated":true}]}}