{"id":16934,"date":"2024-05-20T21:44:02","date_gmt":"2024-05-20T19:44:02","guid":{"rendered":"https:\/\/monguide.net\/?post_type=product&#038;p=16934"},"modified":"2026-03-27T11:32:23","modified_gmt":"2026-03-27T10:32:23","slug":"le-cerveau-endommage-comment-la-pollution-altere-notre-intelligence-et-notre-sante","status":"publish","type":"product","link":"https:\/\/monguide.net\/fr\/produit\/le-cerveau-endommage-comment-la-pollution-altere-notre-intelligence-et-notre-sante\/","title":{"rendered":"Le cerveau endommag\u00e9 &#8211; Comment la pollution alt\u00e8re notre intelligence et notre sant\u00e9"},"content":{"rendered":"<p><span class=\"a-text-bold\">L\u2019impact des polluants sur notre corps et sur nos capacit\u00e9s c\u00e9r\u00e9brales.<\/span><br \/>\nEn partant d\u2019observations concluant \u00e0 la pr\u00e9sence de diff\u00e9rentes substances polluantes dans notre environnement (pesticides, plastifiants, r\u00e9sidus de m\u00e9dicaments, etc), et en analysant des donn\u00e9es montrant leurs effets sur le d\u00e9veloppement hormonal, Barbara Demeneix est parvenue \u00e0 une conclusion inqui\u00e9tante : <span class=\"a-text-bold\">les capacit\u00e9s intellectuelles des g\u00e9n\u00e9rations futures sont s\u00e9rieusement compromises.<\/span><br \/>\nOn sait que les perturbateurs endocriniens affectent la reproduction et la fertilit\u00e9, ont une incidence sur les cancers, le d\u00e9veloppement du cerveau, le m\u00e9tabolisme et l\u2019\u00e9quilibre \u00e9nerg\u00e9tique. Des \u00e9tudes r\u00e9centes montrent que le nombre d\u2019enfants atteints de d\u00e9r\u00e8glements thyro\u00efdiens cong\u00e9nitaux, de d\u00e9sordres du spectre autistique ou d\u2019hyperactivit\u00e9 est en augmentation constante.<br \/>\n<span class=\"a-text-bold\">Et si les causes de tous ces maux \u00e9taient davantage environnementales que g\u00e9n\u00e9tiques ?<\/span>\u00a0Quelles solutions pouvons-nous mettre en \u0153uvre pour prot\u00e9ger les enfants, mais aussi les adultes, \u00e0 titre individuel \u2013 mais aussi et surtout collectif ?<\/p>\n<p>Format: PDF<\/p>\n<p>Nombre de page: 413<\/p>","protected":false},"excerpt":{"rendered":"<p>L&#8217;auteur dans cet ouvrage de 413 pages au format PDF disponible en t\u00e9l\u00e9chargement uniquement est parvenue \u00e0 une conclusion inqui\u00e9tante : <span class=\"a-text-bold\">les capacit\u00e9s intellectuelles des g\u00e9n\u00e9rations futures sont s\u00e9rieusement compromises.<\/span><br \/>\nOn sait que les perturbateurs endocriniens affectent la reproduction et la fertilit\u00e9, ont une incidence sur les cancers, le d\u00e9veloppement du cerveau, le m\u00e9tabolisme et l\u2019\u00e9quilibre \u00e9nerg\u00e9tique. Des \u00e9tudes r\u00e9centes montrent que le nombre d\u2019enfants atteints de d\u00e9r\u00e8glements thyro\u00efdiens cong\u00e9nitaux, de d\u00e9sordres du spectre autistique ou d\u2019hyperactivit\u00e9 est en augmentation constante.<br \/>\n<span class=\"a-text-bold\">Et si les causes de tous ces maux \u00e9taient davantage environnementales que g\u00e9n\u00e9tiques ?<\/span>\u00a0Quelles solutions pouvons-nous mettre en \u0153uvre pour prot\u00e9ger les enfants, mais aussi les adultes, \u00e0 titre individuel \u2013 mais aussi et surtout collectif ?<\/p>","protected":false},"featured_media":16935,"comment_status":"open","ping_status":"closed","template":"","meta":[],"product_cat":[317,73],"product_tag":[],"class_list":{"0":"post-16934","1":"product","2":"type-product","3":"status-publish","4":"has-post-thumbnail","6":"product_cat-pdf","7":"product_cat-sante-et-bien-etre","9":"first","10":"instock","11":"sale","12":"downloadable","13":"shipping-taxable","14":"purchasable","15":"product-type-simple","16":"add-to-wishlist-after_add_to_cart"},"yoast_head":"<!-- This site is optimized with the Yoast SEO plugin v27.4 - https:\/\/yoast.com\/product\/yoast-seo-wordpress\/ -->\n<title>Le cerveau endommag\u00e9 - Comment la pollution alt\u00e8re notre intelligence et notre sant\u00e9 - Mon Guide<\/title>\n<meta name=\"robots\" content=\"index, follow, max-snippet:-1, max-image-preview:large, max-video-preview:-1\" \/>\n<link rel=\"canonical\" href=\"https:\/\/monguide.net\/fr\/produit\/le-cerveau-endommage-comment-la-pollution-altere-notre-intelligence-et-notre-sante\/\" \/>\n<meta property=\"og:locale\" content=\"fr_FR\" \/>\n<meta property=\"og:type\" content=\"article\" \/>\n<meta property=\"og:title\" content=\"Le cerveau endommag\u00e9 - Comment la pollution alt\u00e8re notre intelligence et notre sant\u00e9 - Mon Guide\" \/>\n<meta property=\"og:description\" content=\"L&#039;auteur dans cet ouvrage de 413 pages au format PDF disponible en t\u00e9l\u00e9chargement uniquement est parvenue \u00e0 une conclusion inqui\u00e9tante : les capacit\u00e9s intellectuelles des g\u00e9n\u00e9rations futures sont s\u00e9rieusement compromises. On sait que les perturbateurs endocriniens affectent la reproduction et la fertilit\u00e9, ont une incidence sur les cancers, le d\u00e9veloppement du cerveau, le m\u00e9tabolisme et l\u2019\u00e9quilibre \u00e9nerg\u00e9tique. Des \u00e9tudes r\u00e9centes montrent que le nombre d\u2019enfants atteints de d\u00e9r\u00e8glements thyro\u00efdiens cong\u00e9nitaux, de d\u00e9sordres du spectre autistique ou d\u2019hyperactivit\u00e9 est en augmentation constante. Et si les causes de tous ces maux \u00e9taient davantage environnementales que g\u00e9n\u00e9tiques ?\u00a0Quelles solutions pouvons-nous mettre en \u0153uvre pour prot\u00e9ger les enfants, mais aussi les adultes, \u00e0 titre individuel \u2013 mais aussi et surtout collectif ?\" \/>\n<meta property=\"og:url\" content=\"https:\/\/monguide.net\/fr\/produit\/le-cerveau-endommage-comment-la-pollution-altere-notre-intelligence-et-notre-sante\/\" \/>\n<meta property=\"og:site_name\" content=\"Mon Guide\" \/>\n<meta property=\"article:publisher\" content=\"https:\/\/web.facebook.com\/profile.php?id=61558559594373&amp;ref=embed_page\" \/>\n<meta property=\"article:modified_time\" content=\"2026-03-27T10:32:23+00:00\" \/>\n<meta property=\"og:image\" content=\"https:\/\/monguide.net\/wp-content\/uploads\/2024\/05\/71-ElKeqJbL._SL1500_.jpg\" \/>\n\t<meta property=\"og:image:width\" content=\"966\" \/>\n\t<meta property=\"og:image:height\" content=\"1500\" \/>\n\t<meta property=\"og:image:type\" content=\"image\/jpeg\" \/>\n<meta name=\"twitter:card\" content=\"summary_large_image\" \/>\n<meta name=\"twitter:label1\" content=\"Dur\u00e9e de lecture estim\u00e9e\" \/>\n\t<meta name=\"twitter:data1\" content=\"1 minute\" \/>\n<script type=\"application\/ld+json\" class=\"yoast-schema-graph\">{\"@context\":\"https:\\\/\\\/schema.org\",\"@graph\":[{\"@type\":\"WebPage\",\"@id\":\"https:\\\/\\\/monguide.net\\\/produit\\\/le-cerveau-endommage-comment-la-pollution-altere-notre-intelligence-et-notre-sante\\\/\",\"url\":\"https:\\\/\\\/monguide.net\\\/produit\\\/le-cerveau-endommage-comment-la-pollution-altere-notre-intelligence-et-notre-sante\\\/\",\"name\":\"Le cerveau endommag\u00e9 - Comment la pollution alt\u00e8re notre intelligence et notre sant\u00e9 - Mon Guide\",\"isPartOf\":{\"@id\":\"https:\\\/\\\/monguide.net\\\/#website\"},\"primaryImageOfPage\":{\"@id\":\"https:\\\/\\\/monguide.net\\\/produit\\\/le-cerveau-endommage-comment-la-pollution-altere-notre-intelligence-et-notre-sante\\\/#primaryimage\"},\"image\":{\"@id\":\"https:\\\/\\\/monguide.net\\\/produit\\\/le-cerveau-endommage-comment-la-pollution-altere-notre-intelligence-et-notre-sante\\\/#primaryimage\"},\"thumbnailUrl\":\"https:\\\/\\\/monguide.net\\\/wp-content\\\/uploads\\\/2024\\\/05\\\/71-ElKeqJbL._SL1500_.jpg\",\"datePublished\":\"2024-05-20T19:44:02+00:00\",\"dateModified\":\"2026-03-27T10:32:23+00:00\",\"breadcrumb\":{\"@id\":\"https:\\\/\\\/monguide.net\\\/produit\\\/le-cerveau-endommage-comment-la-pollution-altere-notre-intelligence-et-notre-sante\\\/#breadcrumb\"},\"inLanguage\":\"fr-FR\",\"potentialAction\":[{\"@type\":\"ReadAction\",\"target\":[\"https:\\\/\\\/monguide.net\\\/produit\\\/le-cerveau-endommage-comment-la-pollution-altere-notre-intelligence-et-notre-sante\\\/\"]}]},{\"@type\":\"ImageObject\",\"inLanguage\":\"fr-FR\",\"@id\":\"https:\\\/\\\/monguide.net\\\/produit\\\/le-cerveau-endommage-comment-la-pollution-altere-notre-intelligence-et-notre-sante\\\/#primaryimage\",\"url\":\"https:\\\/\\\/monguide.net\\\/wp-content\\\/uploads\\\/2024\\\/05\\\/71-ElKeqJbL._SL1500_.jpg\",\"contentUrl\":\"https:\\\/\\\/monguide.net\\\/wp-content\\\/uploads\\\/2024\\\/05\\\/71-ElKeqJbL._SL1500_.jpg\",\"width\":966,\"height\":1500},{\"@type\":\"BreadcrumbList\",\"@id\":\"https:\\\/\\\/monguide.net\\\/produit\\\/le-cerveau-endommage-comment-la-pollution-altere-notre-intelligence-et-notre-sante\\\/#breadcrumb\",\"itemListElement\":[{\"@type\":\"ListItem\",\"position\":1,\"name\":\"Accueil\",\"item\":\"https:\\\/\\\/monguide.net\\\/\"},{\"@type\":\"ListItem\",\"position\":2,\"name\":\"Boutique\",\"item\":\"https:\\\/\\\/monguide.net\\\/shop\\\/\"},{\"@type\":\"ListItem\",\"position\":3,\"name\":\"Le cerveau endommag\u00e9 &#8211; Comment la pollution alt\u00e8re notre intelligence et notre sant\u00e9\"}]},{\"@type\":\"WebSite\",\"@id\":\"https:\\\/\\\/monguide.net\\\/#website\",\"url\":\"https:\\\/\\\/monguide.net\\\/\",\"name\":\"Mon Guide\",\"description\":\"La boussole du monde. Tous vos livres et ebook \u00e0 un endroit\",\"publisher\":{\"@id\":\"https:\\\/\\\/monguide.net\\\/#organization\"},\"potentialAction\":[{\"@type\":\"SearchAction\",\"target\":{\"@type\":\"EntryPoint\",\"urlTemplate\":\"https:\\\/\\\/monguide.net\\\/?s={search_term_string}\"},\"query-input\":{\"@type\":\"PropertyValueSpecification\",\"valueRequired\":true,\"valueName\":\"search_term_string\"}}],\"inLanguage\":\"fr-FR\"},{\"@type\":\"Organization\",\"@id\":\"https:\\\/\\\/monguide.net\\\/#organization\",\"name\":\"Mon Guide\",\"url\":\"https:\\\/\\\/monguide.net\\\/\",\"logo\":{\"@type\":\"ImageObject\",\"inLanguage\":\"fr-FR\",\"@id\":\"https:\\\/\\\/monguide.net\\\/#\\\/schema\\\/logo\\\/image\\\/\",\"url\":\"http:\\\/\\\/monguide.net\\\/wp-content\\\/uploads\\\/2024\\\/05\\\/Favicon.png\",\"contentUrl\":\"http:\\\/\\\/monguide.net\\\/wp-content\\\/uploads\\\/2024\\\/05\\\/Favicon.png\",\"width\":512,\"height\":512,\"caption\":\"Mon Guide\"},\"image\":{\"@id\":\"https:\\\/\\\/monguide.net\\\/#\\\/schema\\\/logo\\\/image\\\/\"},\"sameAs\":[\"https:\\\/\\\/web.facebook.com\\\/profile.php?id=61558559594373&ref=embed_page\"]}]}<\/script>\n<!-- \/ Yoast SEO plugin. -->","yoast_head_json":{"title":"Le cerveau endommag\u00e9 - Comment la pollution alt\u00e8re notre intelligence et notre sant\u00e9 - Mon Guide","robots":{"index":"index","follow":"follow","max-snippet":"max-snippet:-1","max-image-preview":"max-image-preview:large","max-video-preview":"max-video-preview:-1"},"canonical":"https:\/\/monguide.net\/fr\/produit\/le-cerveau-endommage-comment-la-pollution-altere-notre-intelligence-et-notre-sante\/","og_locale":"fr_FR","og_type":"article","og_title":"Le cerveau endommag\u00e9 - Comment la pollution alt\u00e8re notre intelligence et notre sant\u00e9 - Mon Guide","og_description":"L'auteur dans cet ouvrage de 413 pages au format PDF disponible en t\u00e9l\u00e9chargement uniquement est parvenue \u00e0 une conclusion inqui\u00e9tante : les capacit\u00e9s intellectuelles des g\u00e9n\u00e9rations futures sont s\u00e9rieusement compromises. On sait que les perturbateurs endocriniens affectent la reproduction et la fertilit\u00e9, ont une incidence sur les cancers, le d\u00e9veloppement du cerveau, le m\u00e9tabolisme et l\u2019\u00e9quilibre \u00e9nerg\u00e9tique. Des \u00e9tudes r\u00e9centes montrent que le nombre d\u2019enfants atteints de d\u00e9r\u00e8glements thyro\u00efdiens cong\u00e9nitaux, de d\u00e9sordres du spectre autistique ou d\u2019hyperactivit\u00e9 est en augmentation constante. Et si les causes de tous ces maux \u00e9taient davantage environnementales que g\u00e9n\u00e9tiques ?\u00a0Quelles solutions pouvons-nous mettre en \u0153uvre pour prot\u00e9ger les enfants, mais aussi les adultes, \u00e0 titre individuel \u2013 mais aussi et surtout collectif ?","og_url":"https:\/\/monguide.net\/fr\/produit\/le-cerveau-endommage-comment-la-pollution-altere-notre-intelligence-et-notre-sante\/","og_site_name":"Mon Guide","article_publisher":"https:\/\/web.facebook.com\/profile.php?id=61558559594373&ref=embed_page","article_modified_time":"2026-03-27T10:32:23+00:00","og_image":[{"width":966,"height":1500,"url":"https:\/\/monguide.net\/wp-content\/uploads\/2024\/05\/71-ElKeqJbL._SL1500_.jpg","type":"image\/jpeg"}],"twitter_card":"summary_large_image","twitter_misc":{"Dur\u00e9e de lecture estim\u00e9e":"1 minute"},"schema":{"@context":"https:\/\/schema.org","@graph":[{"@type":"WebPage","@id":"https:\/\/monguide.net\/produit\/le-cerveau-endommage-comment-la-pollution-altere-notre-intelligence-et-notre-sante\/","url":"https:\/\/monguide.net\/produit\/le-cerveau-endommage-comment-la-pollution-altere-notre-intelligence-et-notre-sante\/","name":"Le cerveau endommag\u00e9 - Comment la pollution alt\u00e8re notre intelligence et notre sant\u00e9 - Mon Guide","isPartOf":{"@id":"https:\/\/monguide.net\/#website"},"primaryImageOfPage":{"@id":"https:\/\/monguide.net\/produit\/le-cerveau-endommage-comment-la-pollution-altere-notre-intelligence-et-notre-sante\/#primaryimage"},"image":{"@id":"https:\/\/monguide.net\/produit\/le-cerveau-endommage-comment-la-pollution-altere-notre-intelligence-et-notre-sante\/#primaryimage"},"thumbnailUrl":"https:\/\/monguide.net\/wp-content\/uploads\/2024\/05\/71-ElKeqJbL._SL1500_.jpg","datePublished":"2024-05-20T19:44:02+00:00","dateModified":"2026-03-27T10:32:23+00:00","breadcrumb":{"@id":"https:\/\/monguide.net\/produit\/le-cerveau-endommage-comment-la-pollution-altere-notre-intelligence-et-notre-sante\/#breadcrumb"},"inLanguage":"fr-FR","potentialAction":[{"@type":"ReadAction","target":["https:\/\/monguide.net\/produit\/le-cerveau-endommage-comment-la-pollution-altere-notre-intelligence-et-notre-sante\/"]}]},{"@type":"ImageObject","inLanguage":"fr-FR","@id":"https:\/\/monguide.net\/produit\/le-cerveau-endommage-comment-la-pollution-altere-notre-intelligence-et-notre-sante\/#primaryimage","url":"https:\/\/monguide.net\/wp-content\/uploads\/2024\/05\/71-ElKeqJbL._SL1500_.jpg","contentUrl":"https:\/\/monguide.net\/wp-content\/uploads\/2024\/05\/71-ElKeqJbL._SL1500_.jpg","width":966,"height":1500},{"@type":"BreadcrumbList","@id":"https:\/\/monguide.net\/produit\/le-cerveau-endommage-comment-la-pollution-altere-notre-intelligence-et-notre-sante\/#breadcrumb","itemListElement":[{"@type":"ListItem","position":1,"name":"Accueil","item":"https:\/\/monguide.net\/"},{"@type":"ListItem","position":2,"name":"Boutique","item":"https:\/\/monguide.net\/shop\/"},{"@type":"ListItem","position":3,"name":"Le cerveau endommag\u00e9 &#8211; Comment la pollution alt\u00e8re notre intelligence et notre sant\u00e9"}]},{"@type":"WebSite","@id":"https:\/\/monguide.net\/#website","url":"https:\/\/monguide.net\/","name":"Mon Guide","description":"La boussole du monde. Tous vos livres et ebook \u00e0 un endroit","publisher":{"@id":"https:\/\/monguide.net\/#organization"},"potentialAction":[{"@type":"SearchAction","target":{"@type":"EntryPoint","urlTemplate":"https:\/\/monguide.net\/?s={search_term_string}"},"query-input":{"@type":"PropertyValueSpecification","valueRequired":true,"valueName":"search_term_string"}}],"inLanguage":"fr-FR"},{"@type":"Organization","@id":"https:\/\/monguide.net\/#organization","name":"Mon Guide","url":"https:\/\/monguide.net\/","logo":{"@type":"ImageObject","inLanguage":"fr-FR","@id":"https:\/\/monguide.net\/#\/schema\/logo\/image\/","url":"https:\/\/monguide.net\/wp-content\/uploads\/2024\/05\/Favicon.png","contentUrl":"https:\/\/monguide.net\/wp-content\/uploads\/2024\/05\/Favicon.png","width":512,"height":512,"caption":"Mon Guide"},"image":{"@id":"https:\/\/monguide.net\/#\/schema\/logo\/image\/"},"sameAs":["https:\/\/web.facebook.com\/profile.php?id=61558559594373&ref=embed_page"]}]}},"jetpack_sharing_enabled":true,"_links":{"self":[{"href":"https:\/\/monguide.net\/fr\/wp-json\/wp\/v2\/product\/16934","targetHints":{"allow":["GET"]}}],"collection":[{"href":"https:\/\/monguide.net\/fr\/wp-json\/wp\/v2\/product"}],"about":[{"href":"https:\/\/monguide.net\/fr\/wp-json\/wp\/v2\/types\/product"}],"replies":[{"embeddable":true,"href":"https:\/\/monguide.net\/fr\/wp-json\/wp\/v2\/comments?post=16934"}],"version-history":[{"count":0,"href":"https:\/\/monguide.net\/fr\/wp-json\/wp\/v2\/product\/16934\/revisions"}],"wp:featuredmedia":[{"embeddable":true,"href":"https:\/\/monguide.net\/fr\/wp-json\/wp\/v2\/media\/16935"}],"wp:attachment":[{"href":"https:\/\/monguide.net\/fr\/wp-json\/wp\/v2\/media?parent=16934"}],"wp:term":[{"taxonomy":"product_cat","embeddable":true,"href":"https:\/\/monguide.net\/fr\/wp-json\/wp\/v2\/product_cat?post=16934"},{"taxonomy":"product_tag","embeddable":true,"href":"https:\/\/monguide.net\/fr\/wp-json\/wp\/v2\/product_tag?post=16934"}],"curies":[{"name":"wp","href":"https:\/\/api.w.org\/{rel}","templated":true}]}}