{"id":16938,"date":"2024-05-20T22:21:35","date_gmt":"2024-05-20T20:21:35","guid":{"rendered":"https:\/\/monguide.net\/?post_type=product&#038;p=16938"},"modified":"2026-03-27T11:32:23","modified_gmt":"2026-03-27T10:32:23","slug":"le-quinoa-et-le-sarrasin-pour-votre-sante","status":"publish","type":"product","link":"https:\/\/monguide.net\/fr\/produit\/le-quinoa-et-le-sarrasin-pour-votre-sante\/","title":{"rendered":"Le quinoa et le sarrasin pour votre sant\u00e9"},"content":{"rendered":"<p>Dans Le quinoa et le sarrasin pour votre sant\u00e9, Colombe Plante rend hommage au quinoa et au sarrasin \u00e0 travers de nouvelles recettes simples et savoureuses, sans gluten, sans produits laitiers et sans \u0153ufs. Vous d\u00e9couvrirez dans ce livre, une suite de Cuisine sant\u00e9 sans gluten, des recettes \u00e9quilibr\u00e9es, \u00e0 haute valeur nutritive: boissons de quinoa ou de sarrasin, fromage de noix, yogourt, smoothies, salades et vinaigrettes, craquelins d\u00e9shydrat\u00e9s et pain, soupe, mets principaux, desserts\u2026 et, en prime, pour votre plaisir, des recettes de chocolat cru! Au fl des ann\u00e9es, la cr\u00e9ativit\u00e9 de Colombe Plante pour de nouvelles recettes n\u2019a cess\u00e9 de cro\u00eetre. Elle nous entra\u00eene encore une fois dans une aventure culinaire passionnante, remplie d\u2019exquises d\u00e9couvertes.<\/p>\n<p>Format: PDF<\/p>\n<p>Nombre de page: 212<\/p>","protected":false},"excerpt":{"rendered":"<p>Vous d\u00e9couvrirez dans ce livre de 212 pages au format PDF disponible uniquement en t\u00e9l\u00e9chargement, une suite de Cuisine sant\u00e9 sans gluten, des recettes \u00e9quilibr\u00e9es, \u00e0 haute valeur nutritive: boissons de quinoa ou de sarrasin, fromage de noix, yogourt, smoothies, salades et vinaigrettes, craquelins d\u00e9shydrat\u00e9s et pain, soupe, mets principaux, desserts\u2026 et, en prime, pour votre plaisir, des recettes de chocolat cru! Au fil des ann\u00e9es, la cr\u00e9ativit\u00e9 de Colombe Plante pour de nouvelles recettes n\u2019a cess\u00e9 de cro\u00eetre. Elle nous entra\u00eene encore une fois dans une aventure culinaire passionnante, remplie d\u2019exquises d\u00e9couvertes.<\/p>","protected":false},"featured_media":16941,"comment_status":"open","ping_status":"closed","template":"","meta":[],"product_cat":[80,317,73],"product_tag":[],"class_list":{"0":"post-16938","1":"product","2":"type-product","3":"status-publish","4":"has-post-thumbnail","6":"product_cat-cuisine","7":"product_cat-pdf","8":"product_cat-sante-et-bien-etre","10":"first","11":"instock","12":"sale","13":"downloadable","14":"shipping-taxable","15":"purchasable","16":"product-type-simple","17":"add-to-wishlist-after_add_to_cart"},"yoast_head":"<!-- This site is optimized with the Yoast SEO plugin v27.4 - https:\/\/yoast.com\/product\/yoast-seo-wordpress\/ -->\n<title>Le quinoa et le sarrasin pour votre sant\u00e9 - Mon Guide<\/title>\n<meta name=\"robots\" content=\"index, follow, max-snippet:-1, max-image-preview:large, max-video-preview:-1\" \/>\n<link rel=\"canonical\" href=\"https:\/\/monguide.net\/fr\/produit\/le-quinoa-et-le-sarrasin-pour-votre-sante\/\" \/>\n<meta property=\"og:locale\" content=\"fr_FR\" \/>\n<meta property=\"og:type\" content=\"article\" \/>\n<meta property=\"og:title\" content=\"Le quinoa et le sarrasin pour votre sant\u00e9 - Mon Guide\" \/>\n<meta property=\"og:description\" content=\"Vous d\u00e9couvrirez dans ce livre de 212 pages au format PDF disponible uniquement en t\u00e9l\u00e9chargement, une suite de Cuisine sant\u00e9 sans gluten, des recettes \u00e9quilibr\u00e9es, \u00e0 haute valeur nutritive: boissons de quinoa ou de sarrasin, fromage de noix, yogourt, smoothies, salades et vinaigrettes, craquelins d\u00e9shydrat\u00e9s et pain, soupe, mets principaux, desserts\u2026 et, en prime, pour votre plaisir, des recettes de chocolat cru! Au fil des ann\u00e9es, la cr\u00e9ativit\u00e9 de Colombe Plante pour de nouvelles recettes n\u2019a cess\u00e9 de cro\u00eetre. Elle nous entra\u00eene encore une fois dans une aventure culinaire passionnante, remplie d\u2019exquises d\u00e9couvertes.\" \/>\n<meta property=\"og:url\" content=\"https:\/\/monguide.net\/fr\/produit\/le-quinoa-et-le-sarrasin-pour-votre-sante\/\" \/>\n<meta property=\"og:site_name\" content=\"Mon Guide\" \/>\n<meta property=\"article:publisher\" content=\"https:\/\/web.facebook.com\/profile.php?id=61558559594373&amp;ref=embed_page\" \/>\n<meta property=\"article:modified_time\" content=\"2026-03-27T10:32:23+00:00\" \/>\n<meta property=\"og:image\" content=\"https:\/\/monguide.net\/wp-content\/uploads\/2024\/05\/91yeHFYh-5L._SL1500_.jpg\" \/>\n\t<meta property=\"og:image:width\" content=\"1013\" \/>\n\t<meta property=\"og:image:height\" content=\"1500\" \/>\n\t<meta property=\"og:image:type\" content=\"image\/jpeg\" \/>\n<meta name=\"twitter:card\" content=\"summary_large_image\" \/>\n<meta name=\"twitter:label1\" content=\"Dur\u00e9e de lecture estim\u00e9e\" \/>\n\t<meta name=\"twitter:data1\" content=\"1 minute\" \/>\n<script type=\"application\/ld+json\" class=\"yoast-schema-graph\">{\"@context\":\"https:\\\/\\\/schema.org\",\"@graph\":[{\"@type\":\"WebPage\",\"@id\":\"https:\\\/\\\/monguide.net\\\/produit\\\/le-quinoa-et-le-sarrasin-pour-votre-sante\\\/\",\"url\":\"https:\\\/\\\/monguide.net\\\/produit\\\/le-quinoa-et-le-sarrasin-pour-votre-sante\\\/\",\"name\":\"Le quinoa et le sarrasin pour votre sant\u00e9 - Mon Guide\",\"isPartOf\":{\"@id\":\"https:\\\/\\\/monguide.net\\\/#website\"},\"primaryImageOfPage\":{\"@id\":\"https:\\\/\\\/monguide.net\\\/produit\\\/le-quinoa-et-le-sarrasin-pour-votre-sante\\\/#primaryimage\"},\"image\":{\"@id\":\"https:\\\/\\\/monguide.net\\\/produit\\\/le-quinoa-et-le-sarrasin-pour-votre-sante\\\/#primaryimage\"},\"thumbnailUrl\":\"https:\\\/\\\/monguide.net\\\/wp-content\\\/uploads\\\/2024\\\/05\\\/91yeHFYh-5L._SL1500_.jpg\",\"datePublished\":\"2024-05-20T20:21:35+00:00\",\"dateModified\":\"2026-03-27T10:32:23+00:00\",\"breadcrumb\":{\"@id\":\"https:\\\/\\\/monguide.net\\\/produit\\\/le-quinoa-et-le-sarrasin-pour-votre-sante\\\/#breadcrumb\"},\"inLanguage\":\"fr-FR\",\"potentialAction\":[{\"@type\":\"ReadAction\",\"target\":[\"https:\\\/\\\/monguide.net\\\/produit\\\/le-quinoa-et-le-sarrasin-pour-votre-sante\\\/\"]}]},{\"@type\":\"ImageObject\",\"inLanguage\":\"fr-FR\",\"@id\":\"https:\\\/\\\/monguide.net\\\/produit\\\/le-quinoa-et-le-sarrasin-pour-votre-sante\\\/#primaryimage\",\"url\":\"https:\\\/\\\/monguide.net\\\/wp-content\\\/uploads\\\/2024\\\/05\\\/91yeHFYh-5L._SL1500_.jpg\",\"contentUrl\":\"https:\\\/\\\/monguide.net\\\/wp-content\\\/uploads\\\/2024\\\/05\\\/91yeHFYh-5L._SL1500_.jpg\",\"width\":1013,\"height\":1500},{\"@type\":\"BreadcrumbList\",\"@id\":\"https:\\\/\\\/monguide.net\\\/produit\\\/le-quinoa-et-le-sarrasin-pour-votre-sante\\\/#breadcrumb\",\"itemListElement\":[{\"@type\":\"ListItem\",\"position\":1,\"name\":\"Accueil\",\"item\":\"https:\\\/\\\/monguide.net\\\/\"},{\"@type\":\"ListItem\",\"position\":2,\"name\":\"Boutique\",\"item\":\"https:\\\/\\\/monguide.net\\\/shop\\\/\"},{\"@type\":\"ListItem\",\"position\":3,\"name\":\"Le quinoa et le sarrasin pour votre sant\u00e9\"}]},{\"@type\":\"WebSite\",\"@id\":\"https:\\\/\\\/monguide.net\\\/#website\",\"url\":\"https:\\\/\\\/monguide.net\\\/\",\"name\":\"Mon Guide\",\"description\":\"La boussole du monde. Tous vos livres et ebook \u00e0 un endroit\",\"publisher\":{\"@id\":\"https:\\\/\\\/monguide.net\\\/#organization\"},\"potentialAction\":[{\"@type\":\"SearchAction\",\"target\":{\"@type\":\"EntryPoint\",\"urlTemplate\":\"https:\\\/\\\/monguide.net\\\/?s={search_term_string}\"},\"query-input\":{\"@type\":\"PropertyValueSpecification\",\"valueRequired\":true,\"valueName\":\"search_term_string\"}}],\"inLanguage\":\"fr-FR\"},{\"@type\":\"Organization\",\"@id\":\"https:\\\/\\\/monguide.net\\\/#organization\",\"name\":\"Mon Guide\",\"url\":\"https:\\\/\\\/monguide.net\\\/\",\"logo\":{\"@type\":\"ImageObject\",\"inLanguage\":\"fr-FR\",\"@id\":\"https:\\\/\\\/monguide.net\\\/#\\\/schema\\\/logo\\\/image\\\/\",\"url\":\"http:\\\/\\\/monguide.net\\\/wp-content\\\/uploads\\\/2024\\\/05\\\/Favicon.png\",\"contentUrl\":\"http:\\\/\\\/monguide.net\\\/wp-content\\\/uploads\\\/2024\\\/05\\\/Favicon.png\",\"width\":512,\"height\":512,\"caption\":\"Mon Guide\"},\"image\":{\"@id\":\"https:\\\/\\\/monguide.net\\\/#\\\/schema\\\/logo\\\/image\\\/\"},\"sameAs\":[\"https:\\\/\\\/web.facebook.com\\\/profile.php?id=61558559594373&ref=embed_page\"]}]}<\/script>\n<!-- \/ Yoast SEO plugin. -->","yoast_head_json":{"title":"Le quinoa et le sarrasin pour votre sant\u00e9 - Mon Guide","robots":{"index":"index","follow":"follow","max-snippet":"max-snippet:-1","max-image-preview":"max-image-preview:large","max-video-preview":"max-video-preview:-1"},"canonical":"https:\/\/monguide.net\/fr\/produit\/le-quinoa-et-le-sarrasin-pour-votre-sante\/","og_locale":"fr_FR","og_type":"article","og_title":"Le quinoa et le sarrasin pour votre sant\u00e9 - Mon Guide","og_description":"Vous d\u00e9couvrirez dans ce livre de 212 pages au format PDF disponible uniquement en t\u00e9l\u00e9chargement, une suite de Cuisine sant\u00e9 sans gluten, des recettes \u00e9quilibr\u00e9es, \u00e0 haute valeur nutritive: boissons de quinoa ou de sarrasin, fromage de noix, yogourt, smoothies, salades et vinaigrettes, craquelins d\u00e9shydrat\u00e9s et pain, soupe, mets principaux, desserts\u2026 et, en prime, pour votre plaisir, des recettes de chocolat cru! Au fil des ann\u00e9es, la cr\u00e9ativit\u00e9 de Colombe Plante pour de nouvelles recettes n\u2019a cess\u00e9 de cro\u00eetre. Elle nous entra\u00eene encore une fois dans une aventure culinaire passionnante, remplie d\u2019exquises d\u00e9couvertes.","og_url":"https:\/\/monguide.net\/fr\/produit\/le-quinoa-et-le-sarrasin-pour-votre-sante\/","og_site_name":"Mon Guide","article_publisher":"https:\/\/web.facebook.com\/profile.php?id=61558559594373&ref=embed_page","article_modified_time":"2026-03-27T10:32:23+00:00","og_image":[{"width":1013,"height":1500,"url":"https:\/\/monguide.net\/wp-content\/uploads\/2024\/05\/91yeHFYh-5L._SL1500_.jpg","type":"image\/jpeg"}],"twitter_card":"summary_large_image","twitter_misc":{"Dur\u00e9e de lecture estim\u00e9e":"1 minute"},"schema":{"@context":"https:\/\/schema.org","@graph":[{"@type":"WebPage","@id":"https:\/\/monguide.net\/produit\/le-quinoa-et-le-sarrasin-pour-votre-sante\/","url":"https:\/\/monguide.net\/produit\/le-quinoa-et-le-sarrasin-pour-votre-sante\/","name":"Le quinoa et le sarrasin pour votre sant\u00e9 - Mon Guide","isPartOf":{"@id":"https:\/\/monguide.net\/#website"},"primaryImageOfPage":{"@id":"https:\/\/monguide.net\/produit\/le-quinoa-et-le-sarrasin-pour-votre-sante\/#primaryimage"},"image":{"@id":"https:\/\/monguide.net\/produit\/le-quinoa-et-le-sarrasin-pour-votre-sante\/#primaryimage"},"thumbnailUrl":"https:\/\/monguide.net\/wp-content\/uploads\/2024\/05\/91yeHFYh-5L._SL1500_.jpg","datePublished":"2024-05-20T20:21:35+00:00","dateModified":"2026-03-27T10:32:23+00:00","breadcrumb":{"@id":"https:\/\/monguide.net\/produit\/le-quinoa-et-le-sarrasin-pour-votre-sante\/#breadcrumb"},"inLanguage":"fr-FR","potentialAction":[{"@type":"ReadAction","target":["https:\/\/monguide.net\/produit\/le-quinoa-et-le-sarrasin-pour-votre-sante\/"]}]},{"@type":"ImageObject","inLanguage":"fr-FR","@id":"https:\/\/monguide.net\/produit\/le-quinoa-et-le-sarrasin-pour-votre-sante\/#primaryimage","url":"https:\/\/monguide.net\/wp-content\/uploads\/2024\/05\/91yeHFYh-5L._SL1500_.jpg","contentUrl":"https:\/\/monguide.net\/wp-content\/uploads\/2024\/05\/91yeHFYh-5L._SL1500_.jpg","width":1013,"height":1500},{"@type":"BreadcrumbList","@id":"https:\/\/monguide.net\/produit\/le-quinoa-et-le-sarrasin-pour-votre-sante\/#breadcrumb","itemListElement":[{"@type":"ListItem","position":1,"name":"Accueil","item":"https:\/\/monguide.net\/"},{"@type":"ListItem","position":2,"name":"Boutique","item":"https:\/\/monguide.net\/shop\/"},{"@type":"ListItem","position":3,"name":"Le quinoa et le sarrasin pour votre sant\u00e9"}]},{"@type":"WebSite","@id":"https:\/\/monguide.net\/#website","url":"https:\/\/monguide.net\/","name":"Mon Guide","description":"La boussole du monde. Tous vos livres et ebook \u00e0 un endroit","publisher":{"@id":"https:\/\/monguide.net\/#organization"},"potentialAction":[{"@type":"SearchAction","target":{"@type":"EntryPoint","urlTemplate":"https:\/\/monguide.net\/?s={search_term_string}"},"query-input":{"@type":"PropertyValueSpecification","valueRequired":true,"valueName":"search_term_string"}}],"inLanguage":"fr-FR"},{"@type":"Organization","@id":"https:\/\/monguide.net\/#organization","name":"Mon Guide","url":"https:\/\/monguide.net\/","logo":{"@type":"ImageObject","inLanguage":"fr-FR","@id":"https:\/\/monguide.net\/#\/schema\/logo\/image\/","url":"https:\/\/monguide.net\/wp-content\/uploads\/2024\/05\/Favicon.png","contentUrl":"https:\/\/monguide.net\/wp-content\/uploads\/2024\/05\/Favicon.png","width":512,"height":512,"caption":"Mon Guide"},"image":{"@id":"https:\/\/monguide.net\/#\/schema\/logo\/image\/"},"sameAs":["https:\/\/web.facebook.com\/profile.php?id=61558559594373&ref=embed_page"]}]}},"jetpack_sharing_enabled":true,"_links":{"self":[{"href":"https:\/\/monguide.net\/fr\/wp-json\/wp\/v2\/product\/16938","targetHints":{"allow":["GET"]}}],"collection":[{"href":"https:\/\/monguide.net\/fr\/wp-json\/wp\/v2\/product"}],"about":[{"href":"https:\/\/monguide.net\/fr\/wp-json\/wp\/v2\/types\/product"}],"replies":[{"embeddable":true,"href":"https:\/\/monguide.net\/fr\/wp-json\/wp\/v2\/comments?post=16938"}],"version-history":[{"count":0,"href":"https:\/\/monguide.net\/fr\/wp-json\/wp\/v2\/product\/16938\/revisions"}],"wp:featuredmedia":[{"embeddable":true,"href":"https:\/\/monguide.net\/fr\/wp-json\/wp\/v2\/media\/16941"}],"wp:attachment":[{"href":"https:\/\/monguide.net\/fr\/wp-json\/wp\/v2\/media?parent=16938"}],"wp:term":[{"taxonomy":"product_cat","embeddable":true,"href":"https:\/\/monguide.net\/fr\/wp-json\/wp\/v2\/product_cat?post=16938"},{"taxonomy":"product_tag","embeddable":true,"href":"https:\/\/monguide.net\/fr\/wp-json\/wp\/v2\/product_tag?post=16938"}],"curies":[{"name":"wp","href":"https:\/\/api.w.org\/{rel}","templated":true}]}}