{"id":17102,"date":"2024-05-23T21:07:17","date_gmt":"2024-05-23T19:07:17","guid":{"rendered":"https:\/\/monguide.net\/?post_type=product&#038;p=17102"},"modified":"2026-03-27T11:32:28","modified_gmt":"2026-03-27T10:32:28","slug":"la-tomate-160-recettes-a-base-de-tomate","status":"publish","type":"product","link":"https:\/\/monguide.net\/fr\/produit\/la-tomate-160-recettes-a-base-de-tomate\/","title":{"rendered":"La tomate -160 recettes \u00e0 base de tomate"},"content":{"rendered":"<p>Rouges, rondes et sucr\u00e9es, jaunes et fondantes, violettes en forme de c\u0153ur ou encore vertes et croquantes, les tomates sont l&#8217;un des fruits les plus app\u00e9tissants. Elles peuvent agr\u00e9menter de nombreuses recettes du monde entier. Ce livre de 258 pages au format PDF disponible uniquement en t\u00e9l\u00e9chargement apprend \u00e0 choisir ses tomates parmi une quarantaine de vari\u00e9t\u00e9s, \u00e0 les pr\u00e9parer et \u00e0 les conserver. Il propose ensuite de cuisiner des plats savoureux tels la Soupe glac\u00e9e \u00e0 la tomate et au poivron, la Salade de tomates, d&#8217;asperge et d&#8217;oranges, le goulash d&#8217;agneau aux tomates et aux poivrons ou la lotte marin\u00e9e au coulis de tomates. Et pourquoi ne pas accompagner ces mets de sauces, salsas et pains sp\u00e9ciaux \u00e0 base, de tomates ? Que l&#8217;on souhaite cultiver ses propres tomates ou ensoleiller ses repas, La Tomate est un guide pr\u00e9cieux pour d\u00e9couvrir ce fruit si g\u00e9n\u00e9reux et r\u00e9aliser avec facilit\u00e9 plus de 160 recettes parfum\u00e9es et inventives.<\/p>\n<p>Format: PDF<\/p>\n<p>Nombre de page: 258<\/p>","protected":false},"excerpt":{"rendered":"<p>Ce livre de 258 pages au format PDF disponible uniquement en t\u00e9l\u00e9chargement apprend \u00e0 choisir ses tomates parmi une quarantaine de vari\u00e9t\u00e9s, \u00e0 les pr\u00e9parer et \u00e0 les conserver. Il propose ensuite de cuisiner des plats savoureux tels la Soupe glac\u00e9e \u00e0 la tomate et au poivron, la Salade de tomates, d&#8217;asperge et d&#8217;oranges, le goulash d&#8217;agneau aux tomates et aux poivrons ou la lotte marin\u00e9e au coulis de tomates. Et pourquoi ne pas accompagner ces mets de sauces, salsas et pains sp\u00e9ciaux \u00e0 base, de tomates ? Que l&#8217;on souhaite cultiver ses propres tomates ou ensoleiller ses repas, La Tomate est un guide pr\u00e9cieux pour d\u00e9couvrir ce fruit si g\u00e9n\u00e9reux et r\u00e9aliser avec facilit\u00e9 plus de 160 recettes parfum\u00e9es et inventives.<\/p>","protected":false},"featured_media":17103,"comment_status":"open","ping_status":"closed","template":"","meta":[],"product_cat":[392,411,80,317],"product_tag":[],"class_list":{"0":"post-17102","1":"product","2":"type-product","3":"status-publish","4":"has-post-thumbnail","6":"product_cat-alimentation","7":"product_cat-carrousel","8":"product_cat-cuisine","9":"product_cat-pdf","11":"first","12":"instock","13":"sale","14":"downloadable","15":"shipping-taxable","16":"purchasable","17":"product-type-simple","18":"add-to-wishlist-after_add_to_cart"},"yoast_head":"<!-- This site is optimized with the Yoast SEO plugin v27.4 - https:\/\/yoast.com\/product\/yoast-seo-wordpress\/ -->\n<title>La tomate -160 recettes \u00e0 base de tomate - Mon Guide<\/title>\n<meta name=\"robots\" content=\"index, follow, max-snippet:-1, max-image-preview:large, max-video-preview:-1\" \/>\n<link rel=\"canonical\" href=\"https:\/\/monguide.net\/fr\/produit\/la-tomate-160-recettes-a-base-de-tomate\/\" \/>\n<meta property=\"og:locale\" content=\"fr_FR\" \/>\n<meta property=\"og:type\" content=\"article\" \/>\n<meta property=\"og:title\" content=\"La tomate -160 recettes \u00e0 base de tomate - Mon Guide\" \/>\n<meta property=\"og:description\" content=\"Ce livre de 258 pages au format PDF disponible uniquement en t\u00e9l\u00e9chargement apprend \u00e0 choisir ses tomates parmi une quarantaine de vari\u00e9t\u00e9s, \u00e0 les pr\u00e9parer et \u00e0 les conserver. Il propose ensuite de cuisiner des plats savoureux tels la Soupe glac\u00e9e \u00e0 la tomate et au poivron, la Salade de tomates, d&#039;asperge et d&#039;oranges, le goulash d&#039;agneau aux tomates et aux poivrons ou la lotte marin\u00e9e au coulis de tomates. Et pourquoi ne pas accompagner ces mets de sauces, salsas et pains sp\u00e9ciaux \u00e0 base, de tomates ? Que l&#039;on souhaite cultiver ses propres tomates ou ensoleiller ses repas, La Tomate est un guide pr\u00e9cieux pour d\u00e9couvrir ce fruit si g\u00e9n\u00e9reux et r\u00e9aliser avec facilit\u00e9 plus de 160 recettes parfum\u00e9es et inventives.\" \/>\n<meta property=\"og:url\" content=\"https:\/\/monguide.net\/fr\/produit\/la-tomate-160-recettes-a-base-de-tomate\/\" \/>\n<meta property=\"og:site_name\" content=\"Mon Guide\" \/>\n<meta property=\"article:publisher\" content=\"https:\/\/web.facebook.com\/profile.php?id=61558559594373&amp;ref=embed_page\" \/>\n<meta property=\"article:modified_time\" content=\"2026-03-27T10:32:28+00:00\" \/>\n<meta property=\"og:image\" content=\"https:\/\/monguide.net\/wp-content\/uploads\/2024\/05\/TOMATE.jpg\" \/>\n\t<meta property=\"og:image:width\" content=\"364\" \/>\n\t<meta property=\"og:image:height\" content=\"475\" \/>\n\t<meta property=\"og:image:type\" content=\"image\/jpeg\" \/>\n<meta name=\"twitter:card\" content=\"summary_large_image\" \/>\n<meta name=\"twitter:label1\" content=\"Dur\u00e9e de lecture estim\u00e9e\" \/>\n\t<meta name=\"twitter:data1\" content=\"2 minutes\" \/>\n<script type=\"application\/ld+json\" class=\"yoast-schema-graph\">{\"@context\":\"https:\\\/\\\/schema.org\",\"@graph\":[{\"@type\":\"WebPage\",\"@id\":\"https:\\\/\\\/monguide.net\\\/produit\\\/la-tomate-160-recettes-a-base-de-tomate\\\/\",\"url\":\"https:\\\/\\\/monguide.net\\\/produit\\\/la-tomate-160-recettes-a-base-de-tomate\\\/\",\"name\":\"La tomate -160 recettes \u00e0 base de tomate - Mon Guide\",\"isPartOf\":{\"@id\":\"https:\\\/\\\/monguide.net\\\/#website\"},\"primaryImageOfPage\":{\"@id\":\"https:\\\/\\\/monguide.net\\\/produit\\\/la-tomate-160-recettes-a-base-de-tomate\\\/#primaryimage\"},\"image\":{\"@id\":\"https:\\\/\\\/monguide.net\\\/produit\\\/la-tomate-160-recettes-a-base-de-tomate\\\/#primaryimage\"},\"thumbnailUrl\":\"https:\\\/\\\/monguide.net\\\/wp-content\\\/uploads\\\/2024\\\/05\\\/TOMATE.jpg\",\"datePublished\":\"2024-05-23T19:07:17+00:00\",\"dateModified\":\"2026-03-27T10:32:28+00:00\",\"breadcrumb\":{\"@id\":\"https:\\\/\\\/monguide.net\\\/produit\\\/la-tomate-160-recettes-a-base-de-tomate\\\/#breadcrumb\"},\"inLanguage\":\"fr-FR\",\"potentialAction\":[{\"@type\":\"ReadAction\",\"target\":[\"https:\\\/\\\/monguide.net\\\/produit\\\/la-tomate-160-recettes-a-base-de-tomate\\\/\"]}]},{\"@type\":\"ImageObject\",\"inLanguage\":\"fr-FR\",\"@id\":\"https:\\\/\\\/monguide.net\\\/produit\\\/la-tomate-160-recettes-a-base-de-tomate\\\/#primaryimage\",\"url\":\"https:\\\/\\\/monguide.net\\\/wp-content\\\/uploads\\\/2024\\\/05\\\/TOMATE.jpg\",\"contentUrl\":\"https:\\\/\\\/monguide.net\\\/wp-content\\\/uploads\\\/2024\\\/05\\\/TOMATE.jpg\",\"width\":364,\"height\":475,\"caption\":\"Version 1.0.0\"},{\"@type\":\"BreadcrumbList\",\"@id\":\"https:\\\/\\\/monguide.net\\\/produit\\\/la-tomate-160-recettes-a-base-de-tomate\\\/#breadcrumb\",\"itemListElement\":[{\"@type\":\"ListItem\",\"position\":1,\"name\":\"Accueil\",\"item\":\"https:\\\/\\\/monguide.net\\\/\"},{\"@type\":\"ListItem\",\"position\":2,\"name\":\"Boutique\",\"item\":\"https:\\\/\\\/monguide.net\\\/shop\\\/\"},{\"@type\":\"ListItem\",\"position\":3,\"name\":\"La tomate -160 recettes \u00e0 base de tomate\"}]},{\"@type\":\"WebSite\",\"@id\":\"https:\\\/\\\/monguide.net\\\/#website\",\"url\":\"https:\\\/\\\/monguide.net\\\/\",\"name\":\"Mon Guide\",\"description\":\"La boussole du monde. Tous vos livres et ebook \u00e0 un endroit\",\"publisher\":{\"@id\":\"https:\\\/\\\/monguide.net\\\/#organization\"},\"potentialAction\":[{\"@type\":\"SearchAction\",\"target\":{\"@type\":\"EntryPoint\",\"urlTemplate\":\"https:\\\/\\\/monguide.net\\\/?s={search_term_string}\"},\"query-input\":{\"@type\":\"PropertyValueSpecification\",\"valueRequired\":true,\"valueName\":\"search_term_string\"}}],\"inLanguage\":\"fr-FR\"},{\"@type\":\"Organization\",\"@id\":\"https:\\\/\\\/monguide.net\\\/#organization\",\"name\":\"Mon Guide\",\"url\":\"https:\\\/\\\/monguide.net\\\/\",\"logo\":{\"@type\":\"ImageObject\",\"inLanguage\":\"fr-FR\",\"@id\":\"https:\\\/\\\/monguide.net\\\/#\\\/schema\\\/logo\\\/image\\\/\",\"url\":\"http:\\\/\\\/monguide.net\\\/wp-content\\\/uploads\\\/2024\\\/05\\\/Favicon.png\",\"contentUrl\":\"http:\\\/\\\/monguide.net\\\/wp-content\\\/uploads\\\/2024\\\/05\\\/Favicon.png\",\"width\":512,\"height\":512,\"caption\":\"Mon Guide\"},\"image\":{\"@id\":\"https:\\\/\\\/monguide.net\\\/#\\\/schema\\\/logo\\\/image\\\/\"},\"sameAs\":[\"https:\\\/\\\/web.facebook.com\\\/profile.php?id=61558559594373&ref=embed_page\"]}]}<\/script>\n<!-- \/ Yoast SEO plugin. -->","yoast_head_json":{"title":"La tomate -160 recettes \u00e0 base de tomate - Mon Guide","robots":{"index":"index","follow":"follow","max-snippet":"max-snippet:-1","max-image-preview":"max-image-preview:large","max-video-preview":"max-video-preview:-1"},"canonical":"https:\/\/monguide.net\/fr\/produit\/la-tomate-160-recettes-a-base-de-tomate\/","og_locale":"fr_FR","og_type":"article","og_title":"La tomate -160 recettes \u00e0 base de tomate - Mon Guide","og_description":"Ce livre de 258 pages au format PDF disponible uniquement en t\u00e9l\u00e9chargement apprend \u00e0 choisir ses tomates parmi une quarantaine de vari\u00e9t\u00e9s, \u00e0 les pr\u00e9parer et \u00e0 les conserver. Il propose ensuite de cuisiner des plats savoureux tels la Soupe glac\u00e9e \u00e0 la tomate et au poivron, la Salade de tomates, d'asperge et d'oranges, le goulash d'agneau aux tomates et aux poivrons ou la lotte marin\u00e9e au coulis de tomates. Et pourquoi ne pas accompagner ces mets de sauces, salsas et pains sp\u00e9ciaux \u00e0 base, de tomates ? Que l'on souhaite cultiver ses propres tomates ou ensoleiller ses repas, La Tomate est un guide pr\u00e9cieux pour d\u00e9couvrir ce fruit si g\u00e9n\u00e9reux et r\u00e9aliser avec facilit\u00e9 plus de 160 recettes parfum\u00e9es et inventives.","og_url":"https:\/\/monguide.net\/fr\/produit\/la-tomate-160-recettes-a-base-de-tomate\/","og_site_name":"Mon Guide","article_publisher":"https:\/\/web.facebook.com\/profile.php?id=61558559594373&ref=embed_page","article_modified_time":"2026-03-27T10:32:28+00:00","og_image":[{"width":364,"height":475,"url":"https:\/\/monguide.net\/wp-content\/uploads\/2024\/05\/TOMATE.jpg","type":"image\/jpeg"}],"twitter_card":"summary_large_image","twitter_misc":{"Dur\u00e9e de lecture estim\u00e9e":"2 minutes"},"schema":{"@context":"https:\/\/schema.org","@graph":[{"@type":"WebPage","@id":"https:\/\/monguide.net\/produit\/la-tomate-160-recettes-a-base-de-tomate\/","url":"https:\/\/monguide.net\/produit\/la-tomate-160-recettes-a-base-de-tomate\/","name":"La tomate -160 recettes \u00e0 base de tomate - Mon Guide","isPartOf":{"@id":"https:\/\/monguide.net\/#website"},"primaryImageOfPage":{"@id":"https:\/\/monguide.net\/produit\/la-tomate-160-recettes-a-base-de-tomate\/#primaryimage"},"image":{"@id":"https:\/\/monguide.net\/produit\/la-tomate-160-recettes-a-base-de-tomate\/#primaryimage"},"thumbnailUrl":"https:\/\/monguide.net\/wp-content\/uploads\/2024\/05\/TOMATE.jpg","datePublished":"2024-05-23T19:07:17+00:00","dateModified":"2026-03-27T10:32:28+00:00","breadcrumb":{"@id":"https:\/\/monguide.net\/produit\/la-tomate-160-recettes-a-base-de-tomate\/#breadcrumb"},"inLanguage":"fr-FR","potentialAction":[{"@type":"ReadAction","target":["https:\/\/monguide.net\/produit\/la-tomate-160-recettes-a-base-de-tomate\/"]}]},{"@type":"ImageObject","inLanguage":"fr-FR","@id":"https:\/\/monguide.net\/produit\/la-tomate-160-recettes-a-base-de-tomate\/#primaryimage","url":"https:\/\/monguide.net\/wp-content\/uploads\/2024\/05\/TOMATE.jpg","contentUrl":"https:\/\/monguide.net\/wp-content\/uploads\/2024\/05\/TOMATE.jpg","width":364,"height":475,"caption":"Version 1.0.0"},{"@type":"BreadcrumbList","@id":"https:\/\/monguide.net\/produit\/la-tomate-160-recettes-a-base-de-tomate\/#breadcrumb","itemListElement":[{"@type":"ListItem","position":1,"name":"Accueil","item":"https:\/\/monguide.net\/"},{"@type":"ListItem","position":2,"name":"Boutique","item":"https:\/\/monguide.net\/shop\/"},{"@type":"ListItem","position":3,"name":"La tomate -160 recettes \u00e0 base de tomate"}]},{"@type":"WebSite","@id":"https:\/\/monguide.net\/#website","url":"https:\/\/monguide.net\/","name":"Mon Guide","description":"La boussole du monde. Tous vos livres et ebook \u00e0 un endroit","publisher":{"@id":"https:\/\/monguide.net\/#organization"},"potentialAction":[{"@type":"SearchAction","target":{"@type":"EntryPoint","urlTemplate":"https:\/\/monguide.net\/?s={search_term_string}"},"query-input":{"@type":"PropertyValueSpecification","valueRequired":true,"valueName":"search_term_string"}}],"inLanguage":"fr-FR"},{"@type":"Organization","@id":"https:\/\/monguide.net\/#organization","name":"Mon Guide","url":"https:\/\/monguide.net\/","logo":{"@type":"ImageObject","inLanguage":"fr-FR","@id":"https:\/\/monguide.net\/#\/schema\/logo\/image\/","url":"https:\/\/monguide.net\/wp-content\/uploads\/2024\/05\/Favicon.png","contentUrl":"https:\/\/monguide.net\/wp-content\/uploads\/2024\/05\/Favicon.png","width":512,"height":512,"caption":"Mon Guide"},"image":{"@id":"https:\/\/monguide.net\/#\/schema\/logo\/image\/"},"sameAs":["https:\/\/web.facebook.com\/profile.php?id=61558559594373&ref=embed_page"]}]}},"jetpack_sharing_enabled":true,"_links":{"self":[{"href":"https:\/\/monguide.net\/fr\/wp-json\/wp\/v2\/product\/17102","targetHints":{"allow":["GET"]}}],"collection":[{"href":"https:\/\/monguide.net\/fr\/wp-json\/wp\/v2\/product"}],"about":[{"href":"https:\/\/monguide.net\/fr\/wp-json\/wp\/v2\/types\/product"}],"replies":[{"embeddable":true,"href":"https:\/\/monguide.net\/fr\/wp-json\/wp\/v2\/comments?post=17102"}],"version-history":[{"count":0,"href":"https:\/\/monguide.net\/fr\/wp-json\/wp\/v2\/product\/17102\/revisions"}],"wp:featuredmedia":[{"embeddable":true,"href":"https:\/\/monguide.net\/fr\/wp-json\/wp\/v2\/media\/17103"}],"wp:attachment":[{"href":"https:\/\/monguide.net\/fr\/wp-json\/wp\/v2\/media?parent=17102"}],"wp:term":[{"taxonomy":"product_cat","embeddable":true,"href":"https:\/\/monguide.net\/fr\/wp-json\/wp\/v2\/product_cat?post=17102"},{"taxonomy":"product_tag","embeddable":true,"href":"https:\/\/monguide.net\/fr\/wp-json\/wp\/v2\/product_tag?post=17102"}],"curies":[{"name":"wp","href":"https:\/\/api.w.org\/{rel}","templated":true}]}}