{"id":17164,"date":"2024-05-24T18:13:33","date_gmt":"2024-05-24T16:13:33","guid":{"rendered":"https:\/\/monguide.net\/?post_type=product&#038;p=17164"},"modified":"2026-03-27T11:32:29","modified_gmt":"2026-03-27T10:32:29","slug":"manuel-dorthopedie-et-traitement-des-fratctures-des-animeaux-de-compagnie","status":"publish","type":"product","link":"https:\/\/monguide.net\/fr\/produit\/manuel-dorthopedie-et-traitement-des-fratctures-des-animeaux-de-compagnie\/","title":{"rendered":"Manuel d&#8217;orthop\u00e9die et traitement des fractures des animaux de compagnie"},"content":{"rendered":"<p>Ce manuel offre un panorama in\u00e9gal\u00e9 du diagnostic, de l&#8217;\u00e9tiologie et du traitement des affections de l&#8217;appareil locomoteur chez les animaux de compagnie. Int\u00e9gralement revu et mis \u00e0 jour, l&#8217;ouvrage pr\u00e9sente les derni\u00e8res avanc\u00e9es concernant les diff\u00e9rents types de fracture et leurs m\u00e9thodes d&#8217;immobilisation, les boiteries et ta chirurgie articulaire ainsi que les affections musculosquelettiques. Par ailleurs, il traite \u00e9galement de sujets d&#8217;actualit\u00e9 tels que les infections osseuses aigu\u00ebs et chroniques ; les transplantations ; les techniques de pose de plaque, de ligatures m\u00e9talliques et d&#8217;enclouage ; les greffes osseuses ; les chirurgies articulaires reconstructrices ; et l&#8217;ost\u00e9ochondrose. Dans cette 4e \u00e9dition, vous trouverez : Un nouveau chapitre sur les derni\u00e8res avanc\u00e9es les plus pointues en arthroscopie. Une profusion de nouvelles illustrations. Une nouvelle mise au point sur les fixations monocorticales par plaque et enclouage centrom\u00e9dullaire. Des discussions au sujet des fixateurs externes annulaires pour les fractures et les ost\u00e9otomies. Des informations sur les nouveaux coapteurs de fixateurs externes. Une organisation logique par section anatomique pour un acc\u00e8s rapide aux informations concernant les fractures et autres affections de chaque r\u00e9gion du corps. Des illustrations pas \u00e0 pas qui pr\u00e9sentent avec clart\u00e9 les diff\u00e9rents types de fractures et de techniques chirurgicales<\/p>\n<p>Format: PDF<\/p>\n<p>Nombre de page: 818<\/p>","protected":false},"excerpt":{"rendered":"<p>Ce manuel de 818 pages au format PDF, disponible uniquement en t\u00e9l\u00e9chargement offre un panorama in\u00e9gal\u00e9 du diagnostic, de l&#8217;\u00e9tiologie et du traitement des affections de l&#8217;appareil locomoteur chez les animaux de compagnie. Int\u00e9gralement revu et mis \u00e0 jour, l&#8217;ouvrage pr\u00e9sente les derni\u00e8res avanc\u00e9es concernant les diff\u00e9rents types de fracture et leurs m\u00e9thodes d&#8217;immobilisation, les boiteries et ta chirurgie articulaire ainsi que les affections musculosquelettiques. Par ailleurs, il traite \u00e9galement de sujets d&#8217;actualit\u00e9 tels que les infections osseuses aigu\u00ebs et chroniques ; les transplantations ; les techniques de pose de plaque, de ligatures m\u00e9talliques et d&#8217;enclouage ; les greffes osseuses ; les chirurgies articulaires reconstructrices ; et l&#8217;ost\u00e9ochondrose<\/p>","protected":false},"featured_media":17166,"comment_status":"open","ping_status":"closed","template":"","meta":[],"product_cat":[397,317,442],"product_tag":[],"class_list":{"0":"post-17164","1":"product","2":"type-product","3":"status-publish","4":"has-post-thumbnail","6":"product_cat-animaux","7":"product_cat-pdf","8":"product_cat-veterinaire","10":"first","11":"instock","12":"sale","13":"downloadable","14":"shipping-taxable","15":"purchasable","16":"product-type-simple","17":"add-to-wishlist-after_add_to_cart"},"yoast_head":"<!-- This site is optimized with the Yoast SEO plugin v27.4 - https:\/\/yoast.com\/product\/yoast-seo-wordpress\/ -->\n<title>Manuel d&#039;orthop\u00e9die et traitement des fractures des animaux de compagnie - Mon Guide<\/title>\n<meta name=\"robots\" content=\"index, follow, max-snippet:-1, max-image-preview:large, max-video-preview:-1\" \/>\n<link rel=\"canonical\" href=\"https:\/\/monguide.net\/fr\/produit\/manuel-dorthopedie-et-traitement-des-fratctures-des-animeaux-de-compagnie\/\" \/>\n<meta property=\"og:locale\" content=\"fr_FR\" \/>\n<meta property=\"og:type\" content=\"article\" \/>\n<meta property=\"og:title\" content=\"Manuel d&#039;orthop\u00e9die et traitement des fractures des animaux de compagnie - Mon Guide\" \/>\n<meta property=\"og:description\" content=\"Ce manuel de 818 pages au format PDF, disponible uniquement en t\u00e9l\u00e9chargement offre un panorama in\u00e9gal\u00e9 du diagnostic, de l&#039;\u00e9tiologie et du traitement des affections de l&#039;appareil locomoteur chez les animaux de compagnie. Int\u00e9gralement revu et mis \u00e0 jour, l&#039;ouvrage pr\u00e9sente les derni\u00e8res avanc\u00e9es concernant les diff\u00e9rents types de fracture et leurs m\u00e9thodes d&#039;immobilisation, les boiteries et ta chirurgie articulaire ainsi que les affections musculosquelettiques. Par ailleurs, il traite \u00e9galement de sujets d&#039;actualit\u00e9 tels que les infections osseuses aigu\u00ebs et chroniques ; les transplantations ; les techniques de pose de plaque, de ligatures m\u00e9talliques et d&#039;enclouage ; les greffes osseuses ; les chirurgies articulaires reconstructrices ; et l&#039;ost\u00e9ochondrose\" \/>\n<meta property=\"og:url\" content=\"https:\/\/monguide.net\/fr\/produit\/manuel-dorthopedie-et-traitement-des-fratctures-des-animeaux-de-compagnie\/\" \/>\n<meta property=\"og:site_name\" content=\"Mon Guide\" \/>\n<meta property=\"article:publisher\" content=\"https:\/\/web.facebook.com\/profile.php?id=61558559594373&amp;ref=embed_page\" \/>\n<meta property=\"article:modified_time\" content=\"2026-03-27T10:32:29+00:00\" \/>\n<meta property=\"og:image\" content=\"https:\/\/monguide.net\/wp-content\/uploads\/2024\/05\/MANUEL.jpg\" \/>\n\t<meta property=\"og:image:width\" content=\"350\" \/>\n\t<meta property=\"og:image:height\" content=\"500\" \/>\n\t<meta property=\"og:image:type\" content=\"image\/jpeg\" \/>\n<meta name=\"twitter:card\" content=\"summary_large_image\" \/>\n<meta name=\"twitter:label1\" content=\"Dur\u00e9e de lecture estim\u00e9e\" \/>\n\t<meta name=\"twitter:data1\" content=\"2 minutes\" \/>\n<script type=\"application\/ld+json\" class=\"yoast-schema-graph\">{\"@context\":\"https:\\\/\\\/schema.org\",\"@graph\":[{\"@type\":\"WebPage\",\"@id\":\"https:\\\/\\\/monguide.net\\\/produit\\\/manuel-dorthopedie-et-traitement-des-fratctures-des-animeaux-de-compagnie\\\/\",\"url\":\"https:\\\/\\\/monguide.net\\\/produit\\\/manuel-dorthopedie-et-traitement-des-fratctures-des-animeaux-de-compagnie\\\/\",\"name\":\"Manuel d'orthop\u00e9die et traitement des fractures des animaux de compagnie - Mon Guide\",\"isPartOf\":{\"@id\":\"https:\\\/\\\/monguide.net\\\/#website\"},\"primaryImageOfPage\":{\"@id\":\"https:\\\/\\\/monguide.net\\\/produit\\\/manuel-dorthopedie-et-traitement-des-fratctures-des-animeaux-de-compagnie\\\/#primaryimage\"},\"image\":{\"@id\":\"https:\\\/\\\/monguide.net\\\/produit\\\/manuel-dorthopedie-et-traitement-des-fratctures-des-animeaux-de-compagnie\\\/#primaryimage\"},\"thumbnailUrl\":\"https:\\\/\\\/monguide.net\\\/wp-content\\\/uploads\\\/2024\\\/05\\\/MANUEL.jpg\",\"datePublished\":\"2024-05-24T16:13:33+00:00\",\"dateModified\":\"2026-03-27T10:32:29+00:00\",\"breadcrumb\":{\"@id\":\"https:\\\/\\\/monguide.net\\\/produit\\\/manuel-dorthopedie-et-traitement-des-fratctures-des-animeaux-de-compagnie\\\/#breadcrumb\"},\"inLanguage\":\"fr-FR\",\"potentialAction\":[{\"@type\":\"ReadAction\",\"target\":[\"https:\\\/\\\/monguide.net\\\/produit\\\/manuel-dorthopedie-et-traitement-des-fratctures-des-animeaux-de-compagnie\\\/\"]}]},{\"@type\":\"ImageObject\",\"inLanguage\":\"fr-FR\",\"@id\":\"https:\\\/\\\/monguide.net\\\/produit\\\/manuel-dorthopedie-et-traitement-des-fratctures-des-animeaux-de-compagnie\\\/#primaryimage\",\"url\":\"https:\\\/\\\/monguide.net\\\/wp-content\\\/uploads\\\/2024\\\/05\\\/MANUEL.jpg\",\"contentUrl\":\"https:\\\/\\\/monguide.net\\\/wp-content\\\/uploads\\\/2024\\\/05\\\/MANUEL.jpg\",\"width\":350,\"height\":500,\"caption\":\"Version 1.0.0\"},{\"@type\":\"BreadcrumbList\",\"@id\":\"https:\\\/\\\/monguide.net\\\/produit\\\/manuel-dorthopedie-et-traitement-des-fratctures-des-animeaux-de-compagnie\\\/#breadcrumb\",\"itemListElement\":[{\"@type\":\"ListItem\",\"position\":1,\"name\":\"Accueil\",\"item\":\"https:\\\/\\\/monguide.net\\\/\"},{\"@type\":\"ListItem\",\"position\":2,\"name\":\"Boutique\",\"item\":\"https:\\\/\\\/monguide.net\\\/shop\\\/\"},{\"@type\":\"ListItem\",\"position\":3,\"name\":\"Manuel d&#8217;orthop\u00e9die et traitement des fractures des animaux de compagnie\"}]},{\"@type\":\"WebSite\",\"@id\":\"https:\\\/\\\/monguide.net\\\/#website\",\"url\":\"https:\\\/\\\/monguide.net\\\/\",\"name\":\"Mon Guide\",\"description\":\"La boussole du monde. Tous vos livres et ebook \u00e0 un endroit\",\"publisher\":{\"@id\":\"https:\\\/\\\/monguide.net\\\/#organization\"},\"potentialAction\":[{\"@type\":\"SearchAction\",\"target\":{\"@type\":\"EntryPoint\",\"urlTemplate\":\"https:\\\/\\\/monguide.net\\\/?s={search_term_string}\"},\"query-input\":{\"@type\":\"PropertyValueSpecification\",\"valueRequired\":true,\"valueName\":\"search_term_string\"}}],\"inLanguage\":\"fr-FR\"},{\"@type\":\"Organization\",\"@id\":\"https:\\\/\\\/monguide.net\\\/#organization\",\"name\":\"Mon Guide\",\"url\":\"https:\\\/\\\/monguide.net\\\/\",\"logo\":{\"@type\":\"ImageObject\",\"inLanguage\":\"fr-FR\",\"@id\":\"https:\\\/\\\/monguide.net\\\/#\\\/schema\\\/logo\\\/image\\\/\",\"url\":\"http:\\\/\\\/monguide.net\\\/wp-content\\\/uploads\\\/2024\\\/05\\\/Favicon.png\",\"contentUrl\":\"http:\\\/\\\/monguide.net\\\/wp-content\\\/uploads\\\/2024\\\/05\\\/Favicon.png\",\"width\":512,\"height\":512,\"caption\":\"Mon Guide\"},\"image\":{\"@id\":\"https:\\\/\\\/monguide.net\\\/#\\\/schema\\\/logo\\\/image\\\/\"},\"sameAs\":[\"https:\\\/\\\/web.facebook.com\\\/profile.php?id=61558559594373&ref=embed_page\"]}]}<\/script>\n<!-- \/ Yoast SEO plugin. -->","yoast_head_json":{"title":"Manuel d'orthop\u00e9die et traitement des fractures des animaux de compagnie - Mon Guide","robots":{"index":"index","follow":"follow","max-snippet":"max-snippet:-1","max-image-preview":"max-image-preview:large","max-video-preview":"max-video-preview:-1"},"canonical":"https:\/\/monguide.net\/fr\/produit\/manuel-dorthopedie-et-traitement-des-fratctures-des-animeaux-de-compagnie\/","og_locale":"fr_FR","og_type":"article","og_title":"Manuel d'orthop\u00e9die et traitement des fractures des animaux de compagnie - Mon Guide","og_description":"Ce manuel de 818 pages au format PDF, disponible uniquement en t\u00e9l\u00e9chargement offre un panorama in\u00e9gal\u00e9 du diagnostic, de l'\u00e9tiologie et du traitement des affections de l'appareil locomoteur chez les animaux de compagnie. Int\u00e9gralement revu et mis \u00e0 jour, l'ouvrage pr\u00e9sente les derni\u00e8res avanc\u00e9es concernant les diff\u00e9rents types de fracture et leurs m\u00e9thodes d'immobilisation, les boiteries et ta chirurgie articulaire ainsi que les affections musculosquelettiques. Par ailleurs, il traite \u00e9galement de sujets d'actualit\u00e9 tels que les infections osseuses aigu\u00ebs et chroniques ; les transplantations ; les techniques de pose de plaque, de ligatures m\u00e9talliques et d'enclouage ; les greffes osseuses ; les chirurgies articulaires reconstructrices ; et l'ost\u00e9ochondrose","og_url":"https:\/\/monguide.net\/fr\/produit\/manuel-dorthopedie-et-traitement-des-fratctures-des-animeaux-de-compagnie\/","og_site_name":"Mon Guide","article_publisher":"https:\/\/web.facebook.com\/profile.php?id=61558559594373&ref=embed_page","article_modified_time":"2026-03-27T10:32:29+00:00","og_image":[{"width":350,"height":500,"url":"https:\/\/monguide.net\/wp-content\/uploads\/2024\/05\/MANUEL.jpg","type":"image\/jpeg"}],"twitter_card":"summary_large_image","twitter_misc":{"Dur\u00e9e de lecture estim\u00e9e":"2 minutes"},"schema":{"@context":"https:\/\/schema.org","@graph":[{"@type":"WebPage","@id":"https:\/\/monguide.net\/produit\/manuel-dorthopedie-et-traitement-des-fratctures-des-animeaux-de-compagnie\/","url":"https:\/\/monguide.net\/produit\/manuel-dorthopedie-et-traitement-des-fratctures-des-animeaux-de-compagnie\/","name":"Manuel d'orthop\u00e9die et traitement des fractures des animaux de compagnie - Mon Guide","isPartOf":{"@id":"https:\/\/monguide.net\/#website"},"primaryImageOfPage":{"@id":"https:\/\/monguide.net\/produit\/manuel-dorthopedie-et-traitement-des-fratctures-des-animeaux-de-compagnie\/#primaryimage"},"image":{"@id":"https:\/\/monguide.net\/produit\/manuel-dorthopedie-et-traitement-des-fratctures-des-animeaux-de-compagnie\/#primaryimage"},"thumbnailUrl":"https:\/\/monguide.net\/wp-content\/uploads\/2024\/05\/MANUEL.jpg","datePublished":"2024-05-24T16:13:33+00:00","dateModified":"2026-03-27T10:32:29+00:00","breadcrumb":{"@id":"https:\/\/monguide.net\/produit\/manuel-dorthopedie-et-traitement-des-fratctures-des-animeaux-de-compagnie\/#breadcrumb"},"inLanguage":"fr-FR","potentialAction":[{"@type":"ReadAction","target":["https:\/\/monguide.net\/produit\/manuel-dorthopedie-et-traitement-des-fratctures-des-animeaux-de-compagnie\/"]}]},{"@type":"ImageObject","inLanguage":"fr-FR","@id":"https:\/\/monguide.net\/produit\/manuel-dorthopedie-et-traitement-des-fratctures-des-animeaux-de-compagnie\/#primaryimage","url":"https:\/\/monguide.net\/wp-content\/uploads\/2024\/05\/MANUEL.jpg","contentUrl":"https:\/\/monguide.net\/wp-content\/uploads\/2024\/05\/MANUEL.jpg","width":350,"height":500,"caption":"Version 1.0.0"},{"@type":"BreadcrumbList","@id":"https:\/\/monguide.net\/produit\/manuel-dorthopedie-et-traitement-des-fratctures-des-animeaux-de-compagnie\/#breadcrumb","itemListElement":[{"@type":"ListItem","position":1,"name":"Accueil","item":"https:\/\/monguide.net\/"},{"@type":"ListItem","position":2,"name":"Boutique","item":"https:\/\/monguide.net\/shop\/"},{"@type":"ListItem","position":3,"name":"Manuel d&#8217;orthop\u00e9die et traitement des fractures des animaux de compagnie"}]},{"@type":"WebSite","@id":"https:\/\/monguide.net\/#website","url":"https:\/\/monguide.net\/","name":"Mon Guide","description":"La boussole du monde. Tous vos livres et ebook \u00e0 un endroit","publisher":{"@id":"https:\/\/monguide.net\/#organization"},"potentialAction":[{"@type":"SearchAction","target":{"@type":"EntryPoint","urlTemplate":"https:\/\/monguide.net\/?s={search_term_string}"},"query-input":{"@type":"PropertyValueSpecification","valueRequired":true,"valueName":"search_term_string"}}],"inLanguage":"fr-FR"},{"@type":"Organization","@id":"https:\/\/monguide.net\/#organization","name":"Mon Guide","url":"https:\/\/monguide.net\/","logo":{"@type":"ImageObject","inLanguage":"fr-FR","@id":"https:\/\/monguide.net\/#\/schema\/logo\/image\/","url":"https:\/\/monguide.net\/wp-content\/uploads\/2024\/05\/Favicon.png","contentUrl":"https:\/\/monguide.net\/wp-content\/uploads\/2024\/05\/Favicon.png","width":512,"height":512,"caption":"Mon Guide"},"image":{"@id":"https:\/\/monguide.net\/#\/schema\/logo\/image\/"},"sameAs":["https:\/\/web.facebook.com\/profile.php?id=61558559594373&ref=embed_page"]}]}},"jetpack_sharing_enabled":true,"_links":{"self":[{"href":"https:\/\/monguide.net\/fr\/wp-json\/wp\/v2\/product\/17164","targetHints":{"allow":["GET"]}}],"collection":[{"href":"https:\/\/monguide.net\/fr\/wp-json\/wp\/v2\/product"}],"about":[{"href":"https:\/\/monguide.net\/fr\/wp-json\/wp\/v2\/types\/product"}],"replies":[{"embeddable":true,"href":"https:\/\/monguide.net\/fr\/wp-json\/wp\/v2\/comments?post=17164"}],"version-history":[{"count":0,"href":"https:\/\/monguide.net\/fr\/wp-json\/wp\/v2\/product\/17164\/revisions"}],"wp:featuredmedia":[{"embeddable":true,"href":"https:\/\/monguide.net\/fr\/wp-json\/wp\/v2\/media\/17166"}],"wp:attachment":[{"href":"https:\/\/monguide.net\/fr\/wp-json\/wp\/v2\/media?parent=17164"}],"wp:term":[{"taxonomy":"product_cat","embeddable":true,"href":"https:\/\/monguide.net\/fr\/wp-json\/wp\/v2\/product_cat?post=17164"},{"taxonomy":"product_tag","embeddable":true,"href":"https:\/\/monguide.net\/fr\/wp-json\/wp\/v2\/product_tag?post=17164"}],"curies":[{"name":"wp","href":"https:\/\/api.w.org\/{rel}","templated":true}]}}