{"id":17232,"date":"2024-05-26T19:03:21","date_gmt":"2024-05-26T17:03:21","guid":{"rendered":"https:\/\/monguide.net\/?post_type=product&#038;p=17232"},"modified":"2026-03-27T11:32:32","modified_gmt":"2026-03-27T10:32:32","slug":"comment-penser-chat","status":"publish","type":"product","link":"https:\/\/monguide.net\/fr\/produit\/comment-penser-chat\/","title":{"rendered":"Comment penser chat"},"content":{"rendered":"<p>&#8220;Regardez \u00e0 travers les yeux de votre chat. \u00c0 quoi le monde ressemble-t-il ?&#8221; Comment savoir qu&#8217;un chat vous envoie des signaux, comment les interpr\u00e9ter et comment lui r\u00e9pondre ? Comment \u00e9viter les ravages auxquels il se livre dans l\u2019appartement ? Quelle alimentation lui donner ? Un chat peut-il \u00eatre jaloux, et comment cela se manifeste-t-il ? Peut-on dresser son chat ? Quelle attitude adopter lorsqu\u2019une chatte attend des petits ? Comment savoir si son chat est malade et quels sont les premiers soins \u00e0 lui donner ? Du choix du bac \u00e0 liti\u00e8re \u00e0 celui d\u2019un bon v\u00e9t\u00e9rinaire, un guide amoureux, complet, clair et accessible pour \u00e9lever un chat \u00e9quilibr\u00e9.<\/p>\n<p>Format: PDF<\/p>\n<p>Nombre de page: 546<\/p>\n<p>Langue: Fran\u00e7ais<\/p>\n<p>Disponible uniquement en t\u00e9l\u00e9chargement<\/p>","protected":false},"excerpt":{"rendered":"<p>&#8220;Regardez \u00e0 travers les yeux de votre chat. \u00c0 quoi le monde ressemble-t-il ?&#8221; Comment savoir qu&#8217;un chat vous envoie des signaux, comment les interpr\u00e9ter et comment lui r\u00e9pondre ? Comment \u00e9viter les ravages auxquels il se livre dans l\u2019appartement ? Quelle alimentation lui donner ? Un chat peut-il \u00eatre jaloux, et comment cela se manifeste-t-il ? Peut-on dresser son chat ? Quelle attitude adopter lorsqu\u2019une chatte attend des petits ? Comment savoir si son chat est malade et quels sont les premiers soins \u00e0 lui donner ? Du choix du bac \u00e0 liti\u00e8re \u00e0 celui d\u2019un bon v\u00e9t\u00e9rinaire, un guide amoureux, complet, clair et accessible pour \u00e9lever un chat \u00e9quilibr\u00e9.<\/p>","protected":false},"featured_media":17233,"comment_status":"open","ping_status":"closed","template":"","meta":[],"product_cat":[397,317],"product_tag":[],"class_list":{"0":"post-17232","1":"product","2":"type-product","3":"status-publish","4":"has-post-thumbnail","6":"product_cat-animaux","7":"product_cat-pdf","9":"first","10":"instock","11":"sale","12":"downloadable","13":"shipping-taxable","14":"purchasable","15":"product-type-simple","16":"add-to-wishlist-after_add_to_cart"},"yoast_head":"<!-- This site is optimized with the Yoast SEO plugin v27.4 - https:\/\/yoast.com\/product\/yoast-seo-wordpress\/ -->\n<title>Comment penser chat - Mon Guide<\/title>\n<meta name=\"robots\" content=\"index, follow, max-snippet:-1, max-image-preview:large, max-video-preview:-1\" \/>\n<link rel=\"canonical\" href=\"https:\/\/monguide.net\/fr\/produit\/comment-penser-chat\/\" \/>\n<meta property=\"og:locale\" content=\"fr_FR\" \/>\n<meta property=\"og:type\" content=\"article\" \/>\n<meta property=\"og:title\" content=\"Comment penser chat - Mon Guide\" \/>\n<meta property=\"og:description\" content=\"&quot;Regardez \u00e0 travers les yeux de votre chat. \u00c0 quoi le monde ressemble-t-il ?&quot; Comment savoir qu&#039;un chat vous envoie des signaux, comment les interpr\u00e9ter et comment lui r\u00e9pondre ? Comment \u00e9viter les ravages auxquels il se livre dans l\u2019appartement ? Quelle alimentation lui donner ? Un chat peut-il \u00eatre jaloux, et comment cela se manifeste-t-il ? Peut-on dresser son chat ? Quelle attitude adopter lorsqu\u2019une chatte attend des petits ? Comment savoir si son chat est malade et quels sont les premiers soins \u00e0 lui donner ? Du choix du bac \u00e0 liti\u00e8re \u00e0 celui d\u2019un bon v\u00e9t\u00e9rinaire, un guide amoureux, complet, clair et accessible pour \u00e9lever un chat \u00e9quilibr\u00e9.\" \/>\n<meta property=\"og:url\" content=\"https:\/\/monguide.net\/fr\/produit\/comment-penser-chat\/\" \/>\n<meta property=\"og:site_name\" content=\"Mon Guide\" \/>\n<meta property=\"article:publisher\" content=\"https:\/\/web.facebook.com\/profile.php?id=61558559594373&amp;ref=embed_page\" \/>\n<meta property=\"article:modified_time\" content=\"2026-03-27T10:32:32+00:00\" \/>\n<meta property=\"og:image\" content=\"https:\/\/monguide.net\/wp-content\/uploads\/2024\/05\/COMMENT-PENSER-CHAT.jpg\" \/>\n\t<meta property=\"og:image:width\" content=\"666\" \/>\n\t<meta property=\"og:image:height\" content=\"1032\" \/>\n\t<meta property=\"og:image:type\" content=\"image\/jpeg\" \/>\n<meta name=\"twitter:card\" content=\"summary_large_image\" \/>\n<meta name=\"twitter:label1\" content=\"Dur\u00e9e de lecture estim\u00e9e\" \/>\n\t<meta name=\"twitter:data1\" content=\"1 minute\" \/>\n<script type=\"application\/ld+json\" class=\"yoast-schema-graph\">{\"@context\":\"https:\\\/\\\/schema.org\",\"@graph\":[{\"@type\":\"WebPage\",\"@id\":\"https:\\\/\\\/monguide.net\\\/produit\\\/comment-penser-chat\\\/\",\"url\":\"https:\\\/\\\/monguide.net\\\/produit\\\/comment-penser-chat\\\/\",\"name\":\"Comment penser chat - Mon Guide\",\"isPartOf\":{\"@id\":\"https:\\\/\\\/monguide.net\\\/#website\"},\"primaryImageOfPage\":{\"@id\":\"https:\\\/\\\/monguide.net\\\/produit\\\/comment-penser-chat\\\/#primaryimage\"},\"image\":{\"@id\":\"https:\\\/\\\/monguide.net\\\/produit\\\/comment-penser-chat\\\/#primaryimage\"},\"thumbnailUrl\":\"https:\\\/\\\/monguide.net\\\/wp-content\\\/uploads\\\/2024\\\/05\\\/COMMENT-PENSER-CHAT.jpg\",\"datePublished\":\"2024-05-26T17:03:21+00:00\",\"dateModified\":\"2026-03-27T10:32:32+00:00\",\"breadcrumb\":{\"@id\":\"https:\\\/\\\/monguide.net\\\/produit\\\/comment-penser-chat\\\/#breadcrumb\"},\"inLanguage\":\"fr-FR\",\"potentialAction\":[{\"@type\":\"ReadAction\",\"target\":[\"https:\\\/\\\/monguide.net\\\/produit\\\/comment-penser-chat\\\/\"]}]},{\"@type\":\"ImageObject\",\"inLanguage\":\"fr-FR\",\"@id\":\"https:\\\/\\\/monguide.net\\\/produit\\\/comment-penser-chat\\\/#primaryimage\",\"url\":\"https:\\\/\\\/monguide.net\\\/wp-content\\\/uploads\\\/2024\\\/05\\\/COMMENT-PENSER-CHAT.jpg\",\"contentUrl\":\"https:\\\/\\\/monguide.net\\\/wp-content\\\/uploads\\\/2024\\\/05\\\/COMMENT-PENSER-CHAT.jpg\",\"width\":666,\"height\":1032},{\"@type\":\"BreadcrumbList\",\"@id\":\"https:\\\/\\\/monguide.net\\\/produit\\\/comment-penser-chat\\\/#breadcrumb\",\"itemListElement\":[{\"@type\":\"ListItem\",\"position\":1,\"name\":\"Accueil\",\"item\":\"https:\\\/\\\/monguide.net\\\/\"},{\"@type\":\"ListItem\",\"position\":2,\"name\":\"Boutique\",\"item\":\"https:\\\/\\\/monguide.net\\\/shop\\\/\"},{\"@type\":\"ListItem\",\"position\":3,\"name\":\"Comment penser chat\"}]},{\"@type\":\"WebSite\",\"@id\":\"https:\\\/\\\/monguide.net\\\/#website\",\"url\":\"https:\\\/\\\/monguide.net\\\/\",\"name\":\"Mon Guide\",\"description\":\"La boussole du monde. Tous vos livres et ebook \u00e0 un endroit\",\"publisher\":{\"@id\":\"https:\\\/\\\/monguide.net\\\/#organization\"},\"potentialAction\":[{\"@type\":\"SearchAction\",\"target\":{\"@type\":\"EntryPoint\",\"urlTemplate\":\"https:\\\/\\\/monguide.net\\\/?s={search_term_string}\"},\"query-input\":{\"@type\":\"PropertyValueSpecification\",\"valueRequired\":true,\"valueName\":\"search_term_string\"}}],\"inLanguage\":\"fr-FR\"},{\"@type\":\"Organization\",\"@id\":\"https:\\\/\\\/monguide.net\\\/#organization\",\"name\":\"Mon Guide\",\"url\":\"https:\\\/\\\/monguide.net\\\/\",\"logo\":{\"@type\":\"ImageObject\",\"inLanguage\":\"fr-FR\",\"@id\":\"https:\\\/\\\/monguide.net\\\/#\\\/schema\\\/logo\\\/image\\\/\",\"url\":\"http:\\\/\\\/monguide.net\\\/wp-content\\\/uploads\\\/2024\\\/05\\\/Favicon.png\",\"contentUrl\":\"http:\\\/\\\/monguide.net\\\/wp-content\\\/uploads\\\/2024\\\/05\\\/Favicon.png\",\"width\":512,\"height\":512,\"caption\":\"Mon Guide\"},\"image\":{\"@id\":\"https:\\\/\\\/monguide.net\\\/#\\\/schema\\\/logo\\\/image\\\/\"},\"sameAs\":[\"https:\\\/\\\/web.facebook.com\\\/profile.php?id=61558559594373&ref=embed_page\"]}]}<\/script>\n<!-- \/ Yoast SEO plugin. -->","yoast_head_json":{"title":"Comment penser chat - Mon Guide","robots":{"index":"index","follow":"follow","max-snippet":"max-snippet:-1","max-image-preview":"max-image-preview:large","max-video-preview":"max-video-preview:-1"},"canonical":"https:\/\/monguide.net\/fr\/produit\/comment-penser-chat\/","og_locale":"fr_FR","og_type":"article","og_title":"Comment penser chat - Mon Guide","og_description":"\"Regardez \u00e0 travers les yeux de votre chat. \u00c0 quoi le monde ressemble-t-il ?\" Comment savoir qu'un chat vous envoie des signaux, comment les interpr\u00e9ter et comment lui r\u00e9pondre ? Comment \u00e9viter les ravages auxquels il se livre dans l\u2019appartement ? Quelle alimentation lui donner ? Un chat peut-il \u00eatre jaloux, et comment cela se manifeste-t-il ? Peut-on dresser son chat ? Quelle attitude adopter lorsqu\u2019une chatte attend des petits ? Comment savoir si son chat est malade et quels sont les premiers soins \u00e0 lui donner ? Du choix du bac \u00e0 liti\u00e8re \u00e0 celui d\u2019un bon v\u00e9t\u00e9rinaire, un guide amoureux, complet, clair et accessible pour \u00e9lever un chat \u00e9quilibr\u00e9.","og_url":"https:\/\/monguide.net\/fr\/produit\/comment-penser-chat\/","og_site_name":"Mon Guide","article_publisher":"https:\/\/web.facebook.com\/profile.php?id=61558559594373&ref=embed_page","article_modified_time":"2026-03-27T10:32:32+00:00","og_image":[{"width":666,"height":1032,"url":"https:\/\/monguide.net\/wp-content\/uploads\/2024\/05\/COMMENT-PENSER-CHAT.jpg","type":"image\/jpeg"}],"twitter_card":"summary_large_image","twitter_misc":{"Dur\u00e9e de lecture estim\u00e9e":"1 minute"},"schema":{"@context":"https:\/\/schema.org","@graph":[{"@type":"WebPage","@id":"https:\/\/monguide.net\/produit\/comment-penser-chat\/","url":"https:\/\/monguide.net\/produit\/comment-penser-chat\/","name":"Comment penser chat - Mon Guide","isPartOf":{"@id":"https:\/\/monguide.net\/#website"},"primaryImageOfPage":{"@id":"https:\/\/monguide.net\/produit\/comment-penser-chat\/#primaryimage"},"image":{"@id":"https:\/\/monguide.net\/produit\/comment-penser-chat\/#primaryimage"},"thumbnailUrl":"https:\/\/monguide.net\/wp-content\/uploads\/2024\/05\/COMMENT-PENSER-CHAT.jpg","datePublished":"2024-05-26T17:03:21+00:00","dateModified":"2026-03-27T10:32:32+00:00","breadcrumb":{"@id":"https:\/\/monguide.net\/produit\/comment-penser-chat\/#breadcrumb"},"inLanguage":"fr-FR","potentialAction":[{"@type":"ReadAction","target":["https:\/\/monguide.net\/produit\/comment-penser-chat\/"]}]},{"@type":"ImageObject","inLanguage":"fr-FR","@id":"https:\/\/monguide.net\/produit\/comment-penser-chat\/#primaryimage","url":"https:\/\/monguide.net\/wp-content\/uploads\/2024\/05\/COMMENT-PENSER-CHAT.jpg","contentUrl":"https:\/\/monguide.net\/wp-content\/uploads\/2024\/05\/COMMENT-PENSER-CHAT.jpg","width":666,"height":1032},{"@type":"BreadcrumbList","@id":"https:\/\/monguide.net\/produit\/comment-penser-chat\/#breadcrumb","itemListElement":[{"@type":"ListItem","position":1,"name":"Accueil","item":"https:\/\/monguide.net\/"},{"@type":"ListItem","position":2,"name":"Boutique","item":"https:\/\/monguide.net\/shop\/"},{"@type":"ListItem","position":3,"name":"Comment penser chat"}]},{"@type":"WebSite","@id":"https:\/\/monguide.net\/#website","url":"https:\/\/monguide.net\/","name":"Mon Guide","description":"La boussole du monde. Tous vos livres et ebook \u00e0 un endroit","publisher":{"@id":"https:\/\/monguide.net\/#organization"},"potentialAction":[{"@type":"SearchAction","target":{"@type":"EntryPoint","urlTemplate":"https:\/\/monguide.net\/?s={search_term_string}"},"query-input":{"@type":"PropertyValueSpecification","valueRequired":true,"valueName":"search_term_string"}}],"inLanguage":"fr-FR"},{"@type":"Organization","@id":"https:\/\/monguide.net\/#organization","name":"Mon Guide","url":"https:\/\/monguide.net\/","logo":{"@type":"ImageObject","inLanguage":"fr-FR","@id":"https:\/\/monguide.net\/#\/schema\/logo\/image\/","url":"https:\/\/monguide.net\/wp-content\/uploads\/2024\/05\/Favicon.png","contentUrl":"https:\/\/monguide.net\/wp-content\/uploads\/2024\/05\/Favicon.png","width":512,"height":512,"caption":"Mon Guide"},"image":{"@id":"https:\/\/monguide.net\/#\/schema\/logo\/image\/"},"sameAs":["https:\/\/web.facebook.com\/profile.php?id=61558559594373&ref=embed_page"]}]}},"jetpack_sharing_enabled":true,"_links":{"self":[{"href":"https:\/\/monguide.net\/fr\/wp-json\/wp\/v2\/product\/17232","targetHints":{"allow":["GET"]}}],"collection":[{"href":"https:\/\/monguide.net\/fr\/wp-json\/wp\/v2\/product"}],"about":[{"href":"https:\/\/monguide.net\/fr\/wp-json\/wp\/v2\/types\/product"}],"replies":[{"embeddable":true,"href":"https:\/\/monguide.net\/fr\/wp-json\/wp\/v2\/comments?post=17232"}],"version-history":[{"count":0,"href":"https:\/\/monguide.net\/fr\/wp-json\/wp\/v2\/product\/17232\/revisions"}],"wp:featuredmedia":[{"embeddable":true,"href":"https:\/\/monguide.net\/fr\/wp-json\/wp\/v2\/media\/17233"}],"wp:attachment":[{"href":"https:\/\/monguide.net\/fr\/wp-json\/wp\/v2\/media?parent=17232"}],"wp:term":[{"taxonomy":"product_cat","embeddable":true,"href":"https:\/\/monguide.net\/fr\/wp-json\/wp\/v2\/product_cat?post=17232"},{"taxonomy":"product_tag","embeddable":true,"href":"https:\/\/monguide.net\/fr\/wp-json\/wp\/v2\/product_tag?post=17232"}],"curies":[{"name":"wp","href":"https:\/\/api.w.org\/{rel}","templated":true}]}}