{"id":17236,"date":"2024-05-26T19:46:15","date_gmt":"2024-05-26T17:46:15","guid":{"rendered":"https:\/\/monguide.net\/?post_type=product&#038;p=17236"},"modified":"2026-03-27T11:32:32","modified_gmt":"2026-03-27T10:32:32","slug":"dans-la-tete-dun-chat","status":"publish","type":"product","link":"https:\/\/monguide.net\/fr\/produit\/dans-la-tete-dun-chat\/","title":{"rendered":"Dans la t\u00eate d&#8217;un chat"},"content":{"rendered":"<p>Si nous avions la capacit\u00e9 de nous projeter dans la t\u00eate d&#8217;un chat, comment verrions-nous le monde ?&#8230;<br \/>\nEn r\u00e9alit\u00e9, nous exp\u00e9rimenterions une aventure incroyable. La personnalit\u00e9 unique du chat et ses sens exceptionnels lui permettent d&#8217;appr\u00e9hender des \u00e9l\u00e9ments que nous ne percevons pas ; son intelligence et ses \u00e9motions font de lui un \u00eatre \u00e0 part.<br \/>\nDans ce guide de 244 pages au format PDF, disponible uniquement en t\u00e9l\u00e9chargement, Jessica Serra, sp\u00e9cialiste de la cognition animale, nous offre une exp\u00e9rience in\u00e9dite. Elle nous montre comment notre compagnon apprend, per\u00e7oit le temps ou appr\u00e9cie un certain type de musique, nous d\u00e9voile aussi ses talents insoup\u00e7onn\u00e9s de th\u00e9rapeute, ses facult\u00e9s d&#8217;orientation ph\u00e9nom\u00e9nales et m\u00eame sa capacit\u00e9 \u00e0 mener une double vie \u00e0 l&#8217;insu de son ma\u00eetre ! \u00c0 la lumi\u00e8re de l&#8217;histoire, l\u2019auteure explore enfin le lien si particulier qui unit le chat et l&#8217;homme.<\/p>\n<p>Format: PDF<\/p>\n<p>Nombre de page: 244<\/p>\n<p>Langue: Fran\u00e7ais<\/p>","protected":false},"excerpt":{"rendered":"<p>Dans ce guide de 244 pages au format PDF, disponible uniquement en t\u00e9l\u00e9chargement, Jessica Serra, sp\u00e9cialiste de la cognition animale, nous offre une exp\u00e9rience in\u00e9dite. Elle nous montre comment notre compagnon apprend, per\u00e7oit le temps ou appr\u00e9cie un certain type de musique, nous d\u00e9voile aussi ses talents insoup\u00e7onn\u00e9s de th\u00e9rapeute, ses facult\u00e9s d&#8217;orientation ph\u00e9nom\u00e9nales et m\u00eame sa capacit\u00e9 \u00e0 mener une double vie \u00e0 l&#8217;insu de son ma\u00eetre ! \u00c0 la lumi\u00e8re de l&#8217;histoire, l\u2019auteure explore enfin le lien si particulier qui unit le chat et l&#8217;homme.<\/p>","protected":false},"featured_media":17237,"comment_status":"open","ping_status":"closed","template":"","meta":[],"product_cat":[397,317],"product_tag":[],"class_list":{"0":"post-17236","1":"product","2":"type-product","3":"status-publish","4":"has-post-thumbnail","6":"product_cat-animaux","7":"product_cat-pdf","9":"first","10":"instock","11":"sale","12":"downloadable","13":"shipping-taxable","14":"purchasable","15":"product-type-simple","16":"add-to-wishlist-after_add_to_cart"},"yoast_head":"<!-- This site is optimized with the Yoast SEO plugin v27.4 - https:\/\/yoast.com\/product\/yoast-seo-wordpress\/ -->\n<title>Dans la t\u00eate d&#039;un chat - Mon Guide<\/title>\n<meta name=\"robots\" content=\"index, follow, max-snippet:-1, max-image-preview:large, max-video-preview:-1\" \/>\n<link rel=\"canonical\" href=\"https:\/\/monguide.net\/fr\/produit\/dans-la-tete-dun-chat\/\" \/>\n<meta property=\"og:locale\" content=\"fr_FR\" \/>\n<meta property=\"og:type\" content=\"article\" \/>\n<meta property=\"og:title\" content=\"Dans la t\u00eate d&#039;un chat - Mon Guide\" \/>\n<meta property=\"og:description\" content=\"Dans ce guide de 244 pages au format PDF, disponible uniquement en t\u00e9l\u00e9chargement, Jessica Serra, sp\u00e9cialiste de la cognition animale, nous offre une exp\u00e9rience in\u00e9dite. Elle nous montre comment notre compagnon apprend, per\u00e7oit le temps ou appr\u00e9cie un certain type de musique, nous d\u00e9voile aussi ses talents insoup\u00e7onn\u00e9s de th\u00e9rapeute, ses facult\u00e9s d&#039;orientation ph\u00e9nom\u00e9nales et m\u00eame sa capacit\u00e9 \u00e0 mener une double vie \u00e0 l&#039;insu de son ma\u00eetre ! \u00c0 la lumi\u00e8re de l&#039;histoire, l\u2019auteure explore enfin le lien si particulier qui unit le chat et l&#039;homme.\" \/>\n<meta property=\"og:url\" content=\"https:\/\/monguide.net\/fr\/produit\/dans-la-tete-dun-chat\/\" \/>\n<meta property=\"og:site_name\" content=\"Mon Guide\" \/>\n<meta property=\"article:publisher\" content=\"https:\/\/web.facebook.com\/profile.php?id=61558559594373&amp;ref=embed_page\" \/>\n<meta property=\"article:modified_time\" content=\"2026-03-27T10:32:32+00:00\" \/>\n<meta property=\"og:image\" content=\"https:\/\/monguide.net\/wp-content\/uploads\/2024\/05\/COUVERTURE-DANS-LA-TETE-D_UN-CHAT.jpeg\" \/>\n\t<meta property=\"og:image:width\" content=\"1654\" \/>\n\t<meta property=\"og:image:height\" content=\"2339\" \/>\n\t<meta property=\"og:image:type\" content=\"image\/jpeg\" \/>\n<meta name=\"twitter:card\" content=\"summary_large_image\" \/>\n<meta name=\"twitter:label1\" content=\"Dur\u00e9e de lecture estim\u00e9e\" \/>\n\t<meta name=\"twitter:data1\" content=\"1 minute\" \/>\n<script type=\"application\/ld+json\" class=\"yoast-schema-graph\">{\"@context\":\"https:\\\/\\\/schema.org\",\"@graph\":[{\"@type\":\"WebPage\",\"@id\":\"https:\\\/\\\/monguide.net\\\/produit\\\/dans-la-tete-dun-chat\\\/\",\"url\":\"https:\\\/\\\/monguide.net\\\/produit\\\/dans-la-tete-dun-chat\\\/\",\"name\":\"Dans la t\u00eate d'un chat - Mon Guide\",\"isPartOf\":{\"@id\":\"https:\\\/\\\/monguide.net\\\/#website\"},\"primaryImageOfPage\":{\"@id\":\"https:\\\/\\\/monguide.net\\\/produit\\\/dans-la-tete-dun-chat\\\/#primaryimage\"},\"image\":{\"@id\":\"https:\\\/\\\/monguide.net\\\/produit\\\/dans-la-tete-dun-chat\\\/#primaryimage\"},\"thumbnailUrl\":\"https:\\\/\\\/monguide.net\\\/wp-content\\\/uploads\\\/2024\\\/05\\\/COUVERTURE-DANS-LA-TETE-D_UN-CHAT.jpeg\",\"datePublished\":\"2024-05-26T17:46:15+00:00\",\"dateModified\":\"2026-03-27T10:32:32+00:00\",\"breadcrumb\":{\"@id\":\"https:\\\/\\\/monguide.net\\\/produit\\\/dans-la-tete-dun-chat\\\/#breadcrumb\"},\"inLanguage\":\"fr-FR\",\"potentialAction\":[{\"@type\":\"ReadAction\",\"target\":[\"https:\\\/\\\/monguide.net\\\/produit\\\/dans-la-tete-dun-chat\\\/\"]}]},{\"@type\":\"ImageObject\",\"inLanguage\":\"fr-FR\",\"@id\":\"https:\\\/\\\/monguide.net\\\/produit\\\/dans-la-tete-dun-chat\\\/#primaryimage\",\"url\":\"https:\\\/\\\/monguide.net\\\/wp-content\\\/uploads\\\/2024\\\/05\\\/COUVERTURE-DANS-LA-TETE-D_UN-CHAT.jpeg\",\"contentUrl\":\"https:\\\/\\\/monguide.net\\\/wp-content\\\/uploads\\\/2024\\\/05\\\/COUVERTURE-DANS-LA-TETE-D_UN-CHAT.jpeg\",\"width\":1654,\"height\":2339},{\"@type\":\"BreadcrumbList\",\"@id\":\"https:\\\/\\\/monguide.net\\\/produit\\\/dans-la-tete-dun-chat\\\/#breadcrumb\",\"itemListElement\":[{\"@type\":\"ListItem\",\"position\":1,\"name\":\"Accueil\",\"item\":\"https:\\\/\\\/monguide.net\\\/\"},{\"@type\":\"ListItem\",\"position\":2,\"name\":\"Boutique\",\"item\":\"https:\\\/\\\/monguide.net\\\/shop\\\/\"},{\"@type\":\"ListItem\",\"position\":3,\"name\":\"Dans la t\u00eate d&#8217;un chat\"}]},{\"@type\":\"WebSite\",\"@id\":\"https:\\\/\\\/monguide.net\\\/#website\",\"url\":\"https:\\\/\\\/monguide.net\\\/\",\"name\":\"Mon Guide\",\"description\":\"La boussole du monde. Tous vos livres et ebook \u00e0 un endroit\",\"publisher\":{\"@id\":\"https:\\\/\\\/monguide.net\\\/#organization\"},\"potentialAction\":[{\"@type\":\"SearchAction\",\"target\":{\"@type\":\"EntryPoint\",\"urlTemplate\":\"https:\\\/\\\/monguide.net\\\/?s={search_term_string}\"},\"query-input\":{\"@type\":\"PropertyValueSpecification\",\"valueRequired\":true,\"valueName\":\"search_term_string\"}}],\"inLanguage\":\"fr-FR\"},{\"@type\":\"Organization\",\"@id\":\"https:\\\/\\\/monguide.net\\\/#organization\",\"name\":\"Mon Guide\",\"url\":\"https:\\\/\\\/monguide.net\\\/\",\"logo\":{\"@type\":\"ImageObject\",\"inLanguage\":\"fr-FR\",\"@id\":\"https:\\\/\\\/monguide.net\\\/#\\\/schema\\\/logo\\\/image\\\/\",\"url\":\"http:\\\/\\\/monguide.net\\\/wp-content\\\/uploads\\\/2024\\\/05\\\/Favicon.png\",\"contentUrl\":\"http:\\\/\\\/monguide.net\\\/wp-content\\\/uploads\\\/2024\\\/05\\\/Favicon.png\",\"width\":512,\"height\":512,\"caption\":\"Mon Guide\"},\"image\":{\"@id\":\"https:\\\/\\\/monguide.net\\\/#\\\/schema\\\/logo\\\/image\\\/\"},\"sameAs\":[\"https:\\\/\\\/web.facebook.com\\\/profile.php?id=61558559594373&ref=embed_page\"]}]}<\/script>\n<!-- \/ Yoast SEO plugin. -->","yoast_head_json":{"title":"Dans la t\u00eate d'un chat - Mon Guide","robots":{"index":"index","follow":"follow","max-snippet":"max-snippet:-1","max-image-preview":"max-image-preview:large","max-video-preview":"max-video-preview:-1"},"canonical":"https:\/\/monguide.net\/fr\/produit\/dans-la-tete-dun-chat\/","og_locale":"fr_FR","og_type":"article","og_title":"Dans la t\u00eate d'un chat - Mon Guide","og_description":"Dans ce guide de 244 pages au format PDF, disponible uniquement en t\u00e9l\u00e9chargement, Jessica Serra, sp\u00e9cialiste de la cognition animale, nous offre une exp\u00e9rience in\u00e9dite. Elle nous montre comment notre compagnon apprend, per\u00e7oit le temps ou appr\u00e9cie un certain type de musique, nous d\u00e9voile aussi ses talents insoup\u00e7onn\u00e9s de th\u00e9rapeute, ses facult\u00e9s d'orientation ph\u00e9nom\u00e9nales et m\u00eame sa capacit\u00e9 \u00e0 mener une double vie \u00e0 l'insu de son ma\u00eetre ! \u00c0 la lumi\u00e8re de l'histoire, l\u2019auteure explore enfin le lien si particulier qui unit le chat et l'homme.","og_url":"https:\/\/monguide.net\/fr\/produit\/dans-la-tete-dun-chat\/","og_site_name":"Mon Guide","article_publisher":"https:\/\/web.facebook.com\/profile.php?id=61558559594373&ref=embed_page","article_modified_time":"2026-03-27T10:32:32+00:00","og_image":[{"width":1654,"height":2339,"url":"https:\/\/monguide.net\/wp-content\/uploads\/2024\/05\/COUVERTURE-DANS-LA-TETE-D_UN-CHAT.jpeg","type":"image\/jpeg"}],"twitter_card":"summary_large_image","twitter_misc":{"Dur\u00e9e de lecture estim\u00e9e":"1 minute"},"schema":{"@context":"https:\/\/schema.org","@graph":[{"@type":"WebPage","@id":"https:\/\/monguide.net\/produit\/dans-la-tete-dun-chat\/","url":"https:\/\/monguide.net\/produit\/dans-la-tete-dun-chat\/","name":"Dans la t\u00eate d'un chat - Mon Guide","isPartOf":{"@id":"https:\/\/monguide.net\/#website"},"primaryImageOfPage":{"@id":"https:\/\/monguide.net\/produit\/dans-la-tete-dun-chat\/#primaryimage"},"image":{"@id":"https:\/\/monguide.net\/produit\/dans-la-tete-dun-chat\/#primaryimage"},"thumbnailUrl":"https:\/\/monguide.net\/wp-content\/uploads\/2024\/05\/COUVERTURE-DANS-LA-TETE-D_UN-CHAT.jpeg","datePublished":"2024-05-26T17:46:15+00:00","dateModified":"2026-03-27T10:32:32+00:00","breadcrumb":{"@id":"https:\/\/monguide.net\/produit\/dans-la-tete-dun-chat\/#breadcrumb"},"inLanguage":"fr-FR","potentialAction":[{"@type":"ReadAction","target":["https:\/\/monguide.net\/produit\/dans-la-tete-dun-chat\/"]}]},{"@type":"ImageObject","inLanguage":"fr-FR","@id":"https:\/\/monguide.net\/produit\/dans-la-tete-dun-chat\/#primaryimage","url":"https:\/\/monguide.net\/wp-content\/uploads\/2024\/05\/COUVERTURE-DANS-LA-TETE-D_UN-CHAT.jpeg","contentUrl":"https:\/\/monguide.net\/wp-content\/uploads\/2024\/05\/COUVERTURE-DANS-LA-TETE-D_UN-CHAT.jpeg","width":1654,"height":2339},{"@type":"BreadcrumbList","@id":"https:\/\/monguide.net\/produit\/dans-la-tete-dun-chat\/#breadcrumb","itemListElement":[{"@type":"ListItem","position":1,"name":"Accueil","item":"https:\/\/monguide.net\/"},{"@type":"ListItem","position":2,"name":"Boutique","item":"https:\/\/monguide.net\/shop\/"},{"@type":"ListItem","position":3,"name":"Dans la t\u00eate d&#8217;un chat"}]},{"@type":"WebSite","@id":"https:\/\/monguide.net\/#website","url":"https:\/\/monguide.net\/","name":"Mon Guide","description":"La boussole du monde. Tous vos livres et ebook \u00e0 un endroit","publisher":{"@id":"https:\/\/monguide.net\/#organization"},"potentialAction":[{"@type":"SearchAction","target":{"@type":"EntryPoint","urlTemplate":"https:\/\/monguide.net\/?s={search_term_string}"},"query-input":{"@type":"PropertyValueSpecification","valueRequired":true,"valueName":"search_term_string"}}],"inLanguage":"fr-FR"},{"@type":"Organization","@id":"https:\/\/monguide.net\/#organization","name":"Mon Guide","url":"https:\/\/monguide.net\/","logo":{"@type":"ImageObject","inLanguage":"fr-FR","@id":"https:\/\/monguide.net\/#\/schema\/logo\/image\/","url":"https:\/\/monguide.net\/wp-content\/uploads\/2024\/05\/Favicon.png","contentUrl":"https:\/\/monguide.net\/wp-content\/uploads\/2024\/05\/Favicon.png","width":512,"height":512,"caption":"Mon Guide"},"image":{"@id":"https:\/\/monguide.net\/#\/schema\/logo\/image\/"},"sameAs":["https:\/\/web.facebook.com\/profile.php?id=61558559594373&ref=embed_page"]}]}},"jetpack_sharing_enabled":true,"_links":{"self":[{"href":"https:\/\/monguide.net\/fr\/wp-json\/wp\/v2\/product\/17236","targetHints":{"allow":["GET"]}}],"collection":[{"href":"https:\/\/monguide.net\/fr\/wp-json\/wp\/v2\/product"}],"about":[{"href":"https:\/\/monguide.net\/fr\/wp-json\/wp\/v2\/types\/product"}],"replies":[{"embeddable":true,"href":"https:\/\/monguide.net\/fr\/wp-json\/wp\/v2\/comments?post=17236"}],"version-history":[{"count":0,"href":"https:\/\/monguide.net\/fr\/wp-json\/wp\/v2\/product\/17236\/revisions"}],"wp:featuredmedia":[{"embeddable":true,"href":"https:\/\/monguide.net\/fr\/wp-json\/wp\/v2\/media\/17237"}],"wp:attachment":[{"href":"https:\/\/monguide.net\/fr\/wp-json\/wp\/v2\/media?parent=17236"}],"wp:term":[{"taxonomy":"product_cat","embeddable":true,"href":"https:\/\/monguide.net\/fr\/wp-json\/wp\/v2\/product_cat?post=17236"},{"taxonomy":"product_tag","embeddable":true,"href":"https:\/\/monguide.net\/fr\/wp-json\/wp\/v2\/product_tag?post=17236"}],"curies":[{"name":"wp","href":"https:\/\/api.w.org\/{rel}","templated":true}]}}