{"id":17289,"date":"2024-05-28T21:15:07","date_gmt":"2024-05-28T19:15:07","guid":{"rendered":"https:\/\/monguide.net\/?post_type=product&#038;p=17289"},"modified":"2026-03-27T11:32:34","modified_gmt":"2026-03-27T10:32:34","slug":"17289","status":"publish","type":"product","link":"https:\/\/monguide.net\/fr\/produit\/17289\/","title":{"rendered":"Le chat, L\u00e9gendes &#8211; mythes et pouvoirs magiques"},"content":{"rendered":"<p>Le c\u00f4t\u00e9 obscur du CHAT ! Pr\u00e9monition, capacit\u00e9s surnaturelles, on pr\u00eate souvent d&#8217;\u00e9tranges pouvoirs aux chats, dont la croyance populaire dit qu&#8217;ils seraient dot\u00e9s de sept vies. Certains, comme les chats noirs, font l&#8217;objet de superstitions particuli\u00e8res. Leur sont attribu\u00e9s de puissants pouvoirs, tant\u00f4t mal\u00e9fiques, tant\u00f4t b\u00e9n\u00e9fiques.<br \/>\nAu fil des si\u00e8cles, manuscrits et livres ont gard\u00e9 bien des souvenirs de ces liens privil\u00e9gi\u00e9s entre les chats et le surnaturel. Messagers des dieux dans l&#8217;\u00c9gypte antique, auteurs de pr\u00e9sages au moyen-\u00e2ge, les chats se retrouvent m\u00eame mentionn\u00e9s dans de nombreux proc\u00e8s en sorcellerie !<br \/>\nL&#8217;auteur vous propose des histoires de chats magiques, extraordinaires et diaboliques qui ne pourront vous laisser indiff\u00e9rents&#8230; Vous allez d\u00e9couvrir un autre visage du chat !<\/p>\n<p>Format: PDF<\/p>\n<p>Nombre de page: 367<\/p>\n<p>Langue: Fran\u00e7ais<\/p>","protected":false},"excerpt":{"rendered":"<p>Dans ce livre de 367 pages au format PDF, disponible uniquement en t\u00e9l\u00e9chargement, l&#8217;auteur vous propose des histoires de chats magiques, extraordinaires et diaboliques qui ne pourront vous laisser indiff\u00e9rents&#8230; Vous allez d\u00e9couvrir un autre visage du chat !<\/p>","protected":false},"featured_media":17290,"comment_status":"open","ping_status":"closed","template":"","meta":[],"product_cat":[397,317],"product_tag":[],"class_list":{"0":"post-17289","1":"product","2":"type-product","3":"status-publish","4":"has-post-thumbnail","6":"product_cat-animaux","7":"product_cat-pdf","9":"first","10":"instock","11":"sale","12":"downloadable","13":"shipping-taxable","14":"purchasable","15":"product-type-simple","16":"add-to-wishlist-after_add_to_cart"},"yoast_head":"<!-- This site is optimized with the Yoast SEO plugin v27.4 - https:\/\/yoast.com\/product\/yoast-seo-wordpress\/ -->\n<title>Le chat, L\u00e9gendes - mythes et pouvoirs magiques - Mon Guide<\/title>\n<meta name=\"robots\" content=\"index, follow, max-snippet:-1, max-image-preview:large, max-video-preview:-1\" \/>\n<link rel=\"canonical\" href=\"https:\/\/monguide.net\/fr\/produit\/17289\/\" \/>\n<meta property=\"og:locale\" content=\"fr_FR\" \/>\n<meta property=\"og:type\" content=\"article\" \/>\n<meta property=\"og:title\" content=\"Le chat, L\u00e9gendes - mythes et pouvoirs magiques - Mon Guide\" \/>\n<meta property=\"og:description\" content=\"Dans ce livre de 367 pages au format PDF, disponible uniquement en t\u00e9l\u00e9chargement, l&#039;auteur vous propose des histoires de chats magiques, extraordinaires et diaboliques qui ne pourront vous laisser indiff\u00e9rents... Vous allez d\u00e9couvrir un autre visage du chat !\" \/>\n<meta property=\"og:url\" content=\"https:\/\/monguide.net\/fr\/produit\/17289\/\" \/>\n<meta property=\"og:site_name\" content=\"Mon Guide\" \/>\n<meta property=\"article:publisher\" content=\"https:\/\/web.facebook.com\/profile.php?id=61558559594373&amp;ref=embed_page\" \/>\n<meta property=\"article:modified_time\" content=\"2026-03-27T10:32:34+00:00\" \/>\n<meta property=\"og:image\" content=\"https:\/\/monguide.net\/wp-content\/uploads\/2024\/05\/LEGENDE-CHAT.jpg\" \/>\n\t<meta property=\"og:image:width\" content=\"800\" \/>\n\t<meta property=\"og:image:height\" content=\"1282\" \/>\n\t<meta property=\"og:image:type\" content=\"image\/jpeg\" \/>\n<meta name=\"twitter:card\" content=\"summary_large_image\" \/>\n<meta name=\"twitter:label1\" content=\"Dur\u00e9e de lecture estim\u00e9e\" \/>\n\t<meta name=\"twitter:data1\" content=\"1 minute\" \/>\n<script type=\"application\/ld+json\" class=\"yoast-schema-graph\">{\"@context\":\"https:\\\/\\\/schema.org\",\"@graph\":[{\"@type\":\"WebPage\",\"@id\":\"https:\\\/\\\/monguide.net\\\/produit\\\/17289\\\/\",\"url\":\"https:\\\/\\\/monguide.net\\\/produit\\\/17289\\\/\",\"name\":\"Le chat, L\u00e9gendes - mythes et pouvoirs magiques - Mon Guide\",\"isPartOf\":{\"@id\":\"https:\\\/\\\/monguide.net\\\/#website\"},\"primaryImageOfPage\":{\"@id\":\"https:\\\/\\\/monguide.net\\\/produit\\\/17289\\\/#primaryimage\"},\"image\":{\"@id\":\"https:\\\/\\\/monguide.net\\\/produit\\\/17289\\\/#primaryimage\"},\"thumbnailUrl\":\"https:\\\/\\\/monguide.net\\\/wp-content\\\/uploads\\\/2024\\\/05\\\/LEGENDE-CHAT.jpg\",\"datePublished\":\"2024-05-28T19:15:07+00:00\",\"dateModified\":\"2026-03-27T10:32:34+00:00\",\"breadcrumb\":{\"@id\":\"https:\\\/\\\/monguide.net\\\/produit\\\/17289\\\/#breadcrumb\"},\"inLanguage\":\"fr-FR\",\"potentialAction\":[{\"@type\":\"ReadAction\",\"target\":[\"https:\\\/\\\/monguide.net\\\/produit\\\/17289\\\/\"]}]},{\"@type\":\"ImageObject\",\"inLanguage\":\"fr-FR\",\"@id\":\"https:\\\/\\\/monguide.net\\\/produit\\\/17289\\\/#primaryimage\",\"url\":\"https:\\\/\\\/monguide.net\\\/wp-content\\\/uploads\\\/2024\\\/05\\\/LEGENDE-CHAT.jpg\",\"contentUrl\":\"https:\\\/\\\/monguide.net\\\/wp-content\\\/uploads\\\/2024\\\/05\\\/LEGENDE-CHAT.jpg\",\"width\":800,\"height\":1282},{\"@type\":\"BreadcrumbList\",\"@id\":\"https:\\\/\\\/monguide.net\\\/produit\\\/17289\\\/#breadcrumb\",\"itemListElement\":[{\"@type\":\"ListItem\",\"position\":1,\"name\":\"Accueil\",\"item\":\"https:\\\/\\\/monguide.net\\\/\"},{\"@type\":\"ListItem\",\"position\":2,\"name\":\"Boutique\",\"item\":\"https:\\\/\\\/monguide.net\\\/shop\\\/\"},{\"@type\":\"ListItem\",\"position\":3,\"name\":\"Le chat, L\u00e9gendes &#8211; mythes et pouvoirs magiques\"}]},{\"@type\":\"WebSite\",\"@id\":\"https:\\\/\\\/monguide.net\\\/#website\",\"url\":\"https:\\\/\\\/monguide.net\\\/\",\"name\":\"Mon Guide\",\"description\":\"La boussole du monde. Tous vos livres et ebook \u00e0 un endroit\",\"publisher\":{\"@id\":\"https:\\\/\\\/monguide.net\\\/#organization\"},\"potentialAction\":[{\"@type\":\"SearchAction\",\"target\":{\"@type\":\"EntryPoint\",\"urlTemplate\":\"https:\\\/\\\/monguide.net\\\/?s={search_term_string}\"},\"query-input\":{\"@type\":\"PropertyValueSpecification\",\"valueRequired\":true,\"valueName\":\"search_term_string\"}}],\"inLanguage\":\"fr-FR\"},{\"@type\":\"Organization\",\"@id\":\"https:\\\/\\\/monguide.net\\\/#organization\",\"name\":\"Mon Guide\",\"url\":\"https:\\\/\\\/monguide.net\\\/\",\"logo\":{\"@type\":\"ImageObject\",\"inLanguage\":\"fr-FR\",\"@id\":\"https:\\\/\\\/monguide.net\\\/#\\\/schema\\\/logo\\\/image\\\/\",\"url\":\"http:\\\/\\\/monguide.net\\\/wp-content\\\/uploads\\\/2024\\\/05\\\/Favicon.png\",\"contentUrl\":\"http:\\\/\\\/monguide.net\\\/wp-content\\\/uploads\\\/2024\\\/05\\\/Favicon.png\",\"width\":512,\"height\":512,\"caption\":\"Mon Guide\"},\"image\":{\"@id\":\"https:\\\/\\\/monguide.net\\\/#\\\/schema\\\/logo\\\/image\\\/\"},\"sameAs\":[\"https:\\\/\\\/web.facebook.com\\\/profile.php?id=61558559594373&ref=embed_page\"]}]}<\/script>\n<!-- \/ Yoast SEO plugin. -->","yoast_head_json":{"title":"Le chat, L\u00e9gendes - mythes et pouvoirs magiques - Mon Guide","robots":{"index":"index","follow":"follow","max-snippet":"max-snippet:-1","max-image-preview":"max-image-preview:large","max-video-preview":"max-video-preview:-1"},"canonical":"https:\/\/monguide.net\/fr\/produit\/17289\/","og_locale":"fr_FR","og_type":"article","og_title":"Le chat, L\u00e9gendes - mythes et pouvoirs magiques - Mon Guide","og_description":"Dans ce livre de 367 pages au format PDF, disponible uniquement en t\u00e9l\u00e9chargement, l'auteur vous propose des histoires de chats magiques, extraordinaires et diaboliques qui ne pourront vous laisser indiff\u00e9rents... Vous allez d\u00e9couvrir un autre visage du chat !","og_url":"https:\/\/monguide.net\/fr\/produit\/17289\/","og_site_name":"Mon Guide","article_publisher":"https:\/\/web.facebook.com\/profile.php?id=61558559594373&ref=embed_page","article_modified_time":"2026-03-27T10:32:34+00:00","og_image":[{"width":800,"height":1282,"url":"https:\/\/monguide.net\/wp-content\/uploads\/2024\/05\/LEGENDE-CHAT.jpg","type":"image\/jpeg"}],"twitter_card":"summary_large_image","twitter_misc":{"Dur\u00e9e de lecture estim\u00e9e":"1 minute"},"schema":{"@context":"https:\/\/schema.org","@graph":[{"@type":"WebPage","@id":"https:\/\/monguide.net\/produit\/17289\/","url":"https:\/\/monguide.net\/produit\/17289\/","name":"Le chat, L\u00e9gendes - mythes et pouvoirs magiques - Mon Guide","isPartOf":{"@id":"https:\/\/monguide.net\/#website"},"primaryImageOfPage":{"@id":"https:\/\/monguide.net\/produit\/17289\/#primaryimage"},"image":{"@id":"https:\/\/monguide.net\/produit\/17289\/#primaryimage"},"thumbnailUrl":"https:\/\/monguide.net\/wp-content\/uploads\/2024\/05\/LEGENDE-CHAT.jpg","datePublished":"2024-05-28T19:15:07+00:00","dateModified":"2026-03-27T10:32:34+00:00","breadcrumb":{"@id":"https:\/\/monguide.net\/produit\/17289\/#breadcrumb"},"inLanguage":"fr-FR","potentialAction":[{"@type":"ReadAction","target":["https:\/\/monguide.net\/produit\/17289\/"]}]},{"@type":"ImageObject","inLanguage":"fr-FR","@id":"https:\/\/monguide.net\/produit\/17289\/#primaryimage","url":"https:\/\/monguide.net\/wp-content\/uploads\/2024\/05\/LEGENDE-CHAT.jpg","contentUrl":"https:\/\/monguide.net\/wp-content\/uploads\/2024\/05\/LEGENDE-CHAT.jpg","width":800,"height":1282},{"@type":"BreadcrumbList","@id":"https:\/\/monguide.net\/produit\/17289\/#breadcrumb","itemListElement":[{"@type":"ListItem","position":1,"name":"Accueil","item":"https:\/\/monguide.net\/"},{"@type":"ListItem","position":2,"name":"Boutique","item":"https:\/\/monguide.net\/shop\/"},{"@type":"ListItem","position":3,"name":"Le chat, L\u00e9gendes &#8211; mythes et pouvoirs magiques"}]},{"@type":"WebSite","@id":"https:\/\/monguide.net\/#website","url":"https:\/\/monguide.net\/","name":"Mon Guide","description":"La boussole du monde. Tous vos livres et ebook \u00e0 un endroit","publisher":{"@id":"https:\/\/monguide.net\/#organization"},"potentialAction":[{"@type":"SearchAction","target":{"@type":"EntryPoint","urlTemplate":"https:\/\/monguide.net\/?s={search_term_string}"},"query-input":{"@type":"PropertyValueSpecification","valueRequired":true,"valueName":"search_term_string"}}],"inLanguage":"fr-FR"},{"@type":"Organization","@id":"https:\/\/monguide.net\/#organization","name":"Mon Guide","url":"https:\/\/monguide.net\/","logo":{"@type":"ImageObject","inLanguage":"fr-FR","@id":"https:\/\/monguide.net\/#\/schema\/logo\/image\/","url":"https:\/\/monguide.net\/wp-content\/uploads\/2024\/05\/Favicon.png","contentUrl":"https:\/\/monguide.net\/wp-content\/uploads\/2024\/05\/Favicon.png","width":512,"height":512,"caption":"Mon Guide"},"image":{"@id":"https:\/\/monguide.net\/#\/schema\/logo\/image\/"},"sameAs":["https:\/\/web.facebook.com\/profile.php?id=61558559594373&ref=embed_page"]}]}},"jetpack_sharing_enabled":true,"_links":{"self":[{"href":"https:\/\/monguide.net\/fr\/wp-json\/wp\/v2\/product\/17289","targetHints":{"allow":["GET"]}}],"collection":[{"href":"https:\/\/monguide.net\/fr\/wp-json\/wp\/v2\/product"}],"about":[{"href":"https:\/\/monguide.net\/fr\/wp-json\/wp\/v2\/types\/product"}],"replies":[{"embeddable":true,"href":"https:\/\/monguide.net\/fr\/wp-json\/wp\/v2\/comments?post=17289"}],"version-history":[{"count":0,"href":"https:\/\/monguide.net\/fr\/wp-json\/wp\/v2\/product\/17289\/revisions"}],"wp:featuredmedia":[{"embeddable":true,"href":"https:\/\/monguide.net\/fr\/wp-json\/wp\/v2\/media\/17290"}],"wp:attachment":[{"href":"https:\/\/monguide.net\/fr\/wp-json\/wp\/v2\/media?parent=17289"}],"wp:term":[{"taxonomy":"product_cat","embeddable":true,"href":"https:\/\/monguide.net\/fr\/wp-json\/wp\/v2\/product_cat?post=17289"},{"taxonomy":"product_tag","embeddable":true,"href":"https:\/\/monguide.net\/fr\/wp-json\/wp\/v2\/product_tag?post=17289"}],"curies":[{"name":"wp","href":"https:\/\/api.w.org\/{rel}","templated":true}]}}