{"id":17294,"date":"2024-05-28T21:27:31","date_gmt":"2024-05-28T19:27:31","guid":{"rendered":"https:\/\/monguide.net\/?post_type=product&#038;p=17294"},"modified":"2026-03-27T11:32:34","modified_gmt":"2026-03-27T10:32:34","slug":"le-chat-feng-shui","status":"publish","type":"product","link":"https:\/\/monguide.net\/fr\/produit\/le-chat-feng-shui\/","title":{"rendered":"Le chat feng shui"},"content":{"rendered":"<p>Le feng shui, art mill\u00e9naire, est fond\u00e9 sur l&#8217;\u00e9tude de notre environnement et sur les influences propices ou n\u00e9fastes qui le transforment : un bon feng shui est source d&#8217;harmonie et de bonheur. En optimisant l&#8217;\u00e9nergie positive (&#8221; chi &#8220;) de votre foyer, vous r\u00e9colterez les fruits de vos efforts. Vos rapports avec les autres vont s&#8217;am\u00e9liorer, votre carri\u00e8re va d\u00e9marrer, votre vie de famille sera plus heureuse et vous conna\u00eetrez la prosp\u00e9rit\u00e9. Et pour cela, nul besoin de faire appel \u00e0 un ma\u00eetre feng shui pour vous conseiller car votre chat est un v\u00e9ritable expert dans ce domaine. Sa compr\u00e9hension instinctive du chi et sa capacit\u00e9 \u00e0 transmuter les \u00e9nergies n\u00e9gatives en \u00e9nergies positives vont changer votre vie. Ce guide permet de mieux comprendre les chats et de les aider \u00e0 transformer un foyer en un havre de paix. Et cette exp\u00e9rience ne se limite pas \u00e0 la maison, elle peut aussi s&#8217;appliquer au jardin. Le Chat Feng Shui vous offre la possibilit\u00e9 de cr\u00e9er, avec l&#8217;aide de votre chat, un espace de vie o\u00f9 il fait bon se d\u00e9tendre. Lisez ce livre ensemble.<\/p>\n<p>Format: PDF<\/p>\n<p>Nombre de page: 164<\/p>\n<p>Langue: Fran\u00e7ais<\/p>","protected":false},"excerpt":{"rendered":"<p>Ce guide de 164 pages au format PDF, disponible uniquement en t\u00e9l\u00e9chargement permet de mieux comprendre les chats et de les aider \u00e0 transformer un foyer en un havre de paix. Et cette exp\u00e9rience ne se limite pas \u00e0 la maison, elle peut aussi s&#8217;appliquer au jardin. Le Chat Feng Shui vous offre la possibilit\u00e9 de cr\u00e9er, avec l&#8217;aide de votre chat, un espace de vie o\u00f9 il fait bon se d\u00e9tendre.<\/p>","protected":false},"featured_media":17296,"comment_status":"open","ping_status":"closed","template":"","meta":[],"product_cat":[397,92,317],"product_tag":[],"class_list":{"0":"post-17294","1":"product","2":"type-product","3":"status-publish","4":"has-post-thumbnail","6":"product_cat-animaux","7":"product_cat-le-developpement-personnel","8":"product_cat-pdf","10":"first","11":"instock","12":"sale","13":"downloadable","14":"shipping-taxable","15":"purchasable","16":"product-type-simple","17":"add-to-wishlist-after_add_to_cart"},"yoast_head":"<!-- This site is optimized with the Yoast SEO plugin v27.4 - https:\/\/yoast.com\/product\/yoast-seo-wordpress\/ -->\n<title>Le chat feng shui - Mon Guide<\/title>\n<meta name=\"robots\" content=\"index, follow, max-snippet:-1, max-image-preview:large, max-video-preview:-1\" \/>\n<link rel=\"canonical\" href=\"https:\/\/monguide.net\/fr\/produit\/le-chat-feng-shui\/\" \/>\n<meta property=\"og:locale\" content=\"fr_FR\" \/>\n<meta property=\"og:type\" content=\"article\" \/>\n<meta property=\"og:title\" content=\"Le chat feng shui - Mon Guide\" \/>\n<meta property=\"og:description\" content=\"Ce guide de 164 pages au format PDF, disponible uniquement en t\u00e9l\u00e9chargement permet de mieux comprendre les chats et de les aider \u00e0 transformer un foyer en un havre de paix. Et cette exp\u00e9rience ne se limite pas \u00e0 la maison, elle peut aussi s&#039;appliquer au jardin. Le Chat Feng Shui vous offre la possibilit\u00e9 de cr\u00e9er, avec l&#039;aide de votre chat, un espace de vie o\u00f9 il fait bon se d\u00e9tendre.\" \/>\n<meta property=\"og:url\" content=\"https:\/\/monguide.net\/fr\/produit\/le-chat-feng-shui\/\" \/>\n<meta property=\"og:site_name\" content=\"Mon Guide\" \/>\n<meta property=\"article:publisher\" content=\"https:\/\/web.facebook.com\/profile.php?id=61558559594373&amp;ref=embed_page\" \/>\n<meta property=\"article:modified_time\" content=\"2026-03-27T10:32:34+00:00\" \/>\n<meta property=\"og:image\" content=\"https:\/\/monguide.net\/wp-content\/uploads\/2024\/05\/41TRf3K0BnL.jpg\" \/>\n\t<meta property=\"og:image:width\" content=\"342\" \/>\n\t<meta property=\"og:image:height\" content=\"500\" \/>\n\t<meta property=\"og:image:type\" content=\"image\/jpeg\" \/>\n<meta name=\"twitter:card\" content=\"summary_large_image\" \/>\n<meta name=\"twitter:label1\" content=\"Dur\u00e9e de lecture estim\u00e9e\" \/>\n\t<meta name=\"twitter:data1\" content=\"2 minutes\" \/>\n<script type=\"application\/ld+json\" class=\"yoast-schema-graph\">{\"@context\":\"https:\\\/\\\/schema.org\",\"@graph\":[{\"@type\":\"WebPage\",\"@id\":\"https:\\\/\\\/monguide.net\\\/produit\\\/le-chat-feng-shui\\\/\",\"url\":\"https:\\\/\\\/monguide.net\\\/produit\\\/le-chat-feng-shui\\\/\",\"name\":\"Le chat feng shui - Mon Guide\",\"isPartOf\":{\"@id\":\"https:\\\/\\\/monguide.net\\\/#website\"},\"primaryImageOfPage\":{\"@id\":\"https:\\\/\\\/monguide.net\\\/produit\\\/le-chat-feng-shui\\\/#primaryimage\"},\"image\":{\"@id\":\"https:\\\/\\\/monguide.net\\\/produit\\\/le-chat-feng-shui\\\/#primaryimage\"},\"thumbnailUrl\":\"https:\\\/\\\/monguide.net\\\/wp-content\\\/uploads\\\/2024\\\/05\\\/41TRf3K0BnL.jpg\",\"datePublished\":\"2024-05-28T19:27:31+00:00\",\"dateModified\":\"2026-03-27T10:32:34+00:00\",\"breadcrumb\":{\"@id\":\"https:\\\/\\\/monguide.net\\\/produit\\\/le-chat-feng-shui\\\/#breadcrumb\"},\"inLanguage\":\"fr-FR\",\"potentialAction\":[{\"@type\":\"ReadAction\",\"target\":[\"https:\\\/\\\/monguide.net\\\/produit\\\/le-chat-feng-shui\\\/\"]}]},{\"@type\":\"ImageObject\",\"inLanguage\":\"fr-FR\",\"@id\":\"https:\\\/\\\/monguide.net\\\/produit\\\/le-chat-feng-shui\\\/#primaryimage\",\"url\":\"https:\\\/\\\/monguide.net\\\/wp-content\\\/uploads\\\/2024\\\/05\\\/41TRf3K0BnL.jpg\",\"contentUrl\":\"https:\\\/\\\/monguide.net\\\/wp-content\\\/uploads\\\/2024\\\/05\\\/41TRf3K0BnL.jpg\",\"width\":342,\"height\":500,\"caption\":\"Version 1.0.0\"},{\"@type\":\"BreadcrumbList\",\"@id\":\"https:\\\/\\\/monguide.net\\\/produit\\\/le-chat-feng-shui\\\/#breadcrumb\",\"itemListElement\":[{\"@type\":\"ListItem\",\"position\":1,\"name\":\"Accueil\",\"item\":\"https:\\\/\\\/monguide.net\\\/\"},{\"@type\":\"ListItem\",\"position\":2,\"name\":\"Boutique\",\"item\":\"https:\\\/\\\/monguide.net\\\/shop\\\/\"},{\"@type\":\"ListItem\",\"position\":3,\"name\":\"Le chat feng shui\"}]},{\"@type\":\"WebSite\",\"@id\":\"https:\\\/\\\/monguide.net\\\/#website\",\"url\":\"https:\\\/\\\/monguide.net\\\/\",\"name\":\"Mon Guide\",\"description\":\"La boussole du monde. Tous vos livres et ebook \u00e0 un endroit\",\"publisher\":{\"@id\":\"https:\\\/\\\/monguide.net\\\/#organization\"},\"potentialAction\":[{\"@type\":\"SearchAction\",\"target\":{\"@type\":\"EntryPoint\",\"urlTemplate\":\"https:\\\/\\\/monguide.net\\\/?s={search_term_string}\"},\"query-input\":{\"@type\":\"PropertyValueSpecification\",\"valueRequired\":true,\"valueName\":\"search_term_string\"}}],\"inLanguage\":\"fr-FR\"},{\"@type\":\"Organization\",\"@id\":\"https:\\\/\\\/monguide.net\\\/#organization\",\"name\":\"Mon Guide\",\"url\":\"https:\\\/\\\/monguide.net\\\/\",\"logo\":{\"@type\":\"ImageObject\",\"inLanguage\":\"fr-FR\",\"@id\":\"https:\\\/\\\/monguide.net\\\/#\\\/schema\\\/logo\\\/image\\\/\",\"url\":\"http:\\\/\\\/monguide.net\\\/wp-content\\\/uploads\\\/2024\\\/05\\\/Favicon.png\",\"contentUrl\":\"http:\\\/\\\/monguide.net\\\/wp-content\\\/uploads\\\/2024\\\/05\\\/Favicon.png\",\"width\":512,\"height\":512,\"caption\":\"Mon Guide\"},\"image\":{\"@id\":\"https:\\\/\\\/monguide.net\\\/#\\\/schema\\\/logo\\\/image\\\/\"},\"sameAs\":[\"https:\\\/\\\/web.facebook.com\\\/profile.php?id=61558559594373&ref=embed_page\"]}]}<\/script>\n<!-- \/ Yoast SEO plugin. -->","yoast_head_json":{"title":"Le chat feng shui - Mon Guide","robots":{"index":"index","follow":"follow","max-snippet":"max-snippet:-1","max-image-preview":"max-image-preview:large","max-video-preview":"max-video-preview:-1"},"canonical":"https:\/\/monguide.net\/fr\/produit\/le-chat-feng-shui\/","og_locale":"fr_FR","og_type":"article","og_title":"Le chat feng shui - Mon Guide","og_description":"Ce guide de 164 pages au format PDF, disponible uniquement en t\u00e9l\u00e9chargement permet de mieux comprendre les chats et de les aider \u00e0 transformer un foyer en un havre de paix. Et cette exp\u00e9rience ne se limite pas \u00e0 la maison, elle peut aussi s'appliquer au jardin. Le Chat Feng Shui vous offre la possibilit\u00e9 de cr\u00e9er, avec l'aide de votre chat, un espace de vie o\u00f9 il fait bon se d\u00e9tendre.","og_url":"https:\/\/monguide.net\/fr\/produit\/le-chat-feng-shui\/","og_site_name":"Mon Guide","article_publisher":"https:\/\/web.facebook.com\/profile.php?id=61558559594373&ref=embed_page","article_modified_time":"2026-03-27T10:32:34+00:00","og_image":[{"width":342,"height":500,"url":"https:\/\/monguide.net\/wp-content\/uploads\/2024\/05\/41TRf3K0BnL.jpg","type":"image\/jpeg"}],"twitter_card":"summary_large_image","twitter_misc":{"Dur\u00e9e de lecture estim\u00e9e":"2 minutes"},"schema":{"@context":"https:\/\/schema.org","@graph":[{"@type":"WebPage","@id":"https:\/\/monguide.net\/produit\/le-chat-feng-shui\/","url":"https:\/\/monguide.net\/produit\/le-chat-feng-shui\/","name":"Le chat feng shui - Mon Guide","isPartOf":{"@id":"https:\/\/monguide.net\/#website"},"primaryImageOfPage":{"@id":"https:\/\/monguide.net\/produit\/le-chat-feng-shui\/#primaryimage"},"image":{"@id":"https:\/\/monguide.net\/produit\/le-chat-feng-shui\/#primaryimage"},"thumbnailUrl":"https:\/\/monguide.net\/wp-content\/uploads\/2024\/05\/41TRf3K0BnL.jpg","datePublished":"2024-05-28T19:27:31+00:00","dateModified":"2026-03-27T10:32:34+00:00","breadcrumb":{"@id":"https:\/\/monguide.net\/produit\/le-chat-feng-shui\/#breadcrumb"},"inLanguage":"fr-FR","potentialAction":[{"@type":"ReadAction","target":["https:\/\/monguide.net\/produit\/le-chat-feng-shui\/"]}]},{"@type":"ImageObject","inLanguage":"fr-FR","@id":"https:\/\/monguide.net\/produit\/le-chat-feng-shui\/#primaryimage","url":"https:\/\/monguide.net\/wp-content\/uploads\/2024\/05\/41TRf3K0BnL.jpg","contentUrl":"https:\/\/monguide.net\/wp-content\/uploads\/2024\/05\/41TRf3K0BnL.jpg","width":342,"height":500,"caption":"Version 1.0.0"},{"@type":"BreadcrumbList","@id":"https:\/\/monguide.net\/produit\/le-chat-feng-shui\/#breadcrumb","itemListElement":[{"@type":"ListItem","position":1,"name":"Accueil","item":"https:\/\/monguide.net\/"},{"@type":"ListItem","position":2,"name":"Boutique","item":"https:\/\/monguide.net\/shop\/"},{"@type":"ListItem","position":3,"name":"Le chat feng shui"}]},{"@type":"WebSite","@id":"https:\/\/monguide.net\/#website","url":"https:\/\/monguide.net\/","name":"Mon Guide","description":"La boussole du monde. Tous vos livres et ebook \u00e0 un endroit","publisher":{"@id":"https:\/\/monguide.net\/#organization"},"potentialAction":[{"@type":"SearchAction","target":{"@type":"EntryPoint","urlTemplate":"https:\/\/monguide.net\/?s={search_term_string}"},"query-input":{"@type":"PropertyValueSpecification","valueRequired":true,"valueName":"search_term_string"}}],"inLanguage":"fr-FR"},{"@type":"Organization","@id":"https:\/\/monguide.net\/#organization","name":"Mon Guide","url":"https:\/\/monguide.net\/","logo":{"@type":"ImageObject","inLanguage":"fr-FR","@id":"https:\/\/monguide.net\/#\/schema\/logo\/image\/","url":"https:\/\/monguide.net\/wp-content\/uploads\/2024\/05\/Favicon.png","contentUrl":"https:\/\/monguide.net\/wp-content\/uploads\/2024\/05\/Favicon.png","width":512,"height":512,"caption":"Mon Guide"},"image":{"@id":"https:\/\/monguide.net\/#\/schema\/logo\/image\/"},"sameAs":["https:\/\/web.facebook.com\/profile.php?id=61558559594373&ref=embed_page"]}]}},"jetpack_sharing_enabled":true,"_links":{"self":[{"href":"https:\/\/monguide.net\/fr\/wp-json\/wp\/v2\/product\/17294","targetHints":{"allow":["GET"]}}],"collection":[{"href":"https:\/\/monguide.net\/fr\/wp-json\/wp\/v2\/product"}],"about":[{"href":"https:\/\/monguide.net\/fr\/wp-json\/wp\/v2\/types\/product"}],"replies":[{"embeddable":true,"href":"https:\/\/monguide.net\/fr\/wp-json\/wp\/v2\/comments?post=17294"}],"version-history":[{"count":0,"href":"https:\/\/monguide.net\/fr\/wp-json\/wp\/v2\/product\/17294\/revisions"}],"wp:featuredmedia":[{"embeddable":true,"href":"https:\/\/monguide.net\/fr\/wp-json\/wp\/v2\/media\/17296"}],"wp:attachment":[{"href":"https:\/\/monguide.net\/fr\/wp-json\/wp\/v2\/media?parent=17294"}],"wp:term":[{"taxonomy":"product_cat","embeddable":true,"href":"https:\/\/monguide.net\/fr\/wp-json\/wp\/v2\/product_cat?post=17294"},{"taxonomy":"product_tag","embeddable":true,"href":"https:\/\/monguide.net\/fr\/wp-json\/wp\/v2\/product_tag?post=17294"}],"curies":[{"name":"wp","href":"https:\/\/api.w.org\/{rel}","templated":true}]}}