{"id":17324,"date":"2024-05-30T16:37:28","date_gmt":"2024-05-30T14:37:28","guid":{"rendered":"https:\/\/monguide.net\/?post_type=product&#038;p=17324"},"modified":"2026-03-27T11:32:34","modified_gmt":"2026-03-27T10:32:34","slug":"mon-cahier-mon-chat-moi","status":"publish","type":"product","link":"https:\/\/monguide.net\/fr\/produit\/mon-cahier-mon-chat-moi\/","title":{"rendered":"Mon cahier mon chat"},"content":{"rendered":"<p><span class=\"a-text-bold\">Un cahier en mode cat power, pour ronronner \u00e0 deux !<\/span><br \/>\nTout faire avec son chat, c&#8217;est possible ! Se comprendre d&#8217;un simple regard ou d&#8217;un simple miaulement, partager tous les jours une grosse c\u00e2lins party, se faire chouchouter \u00e0 deux, se looker, d\u00e9stresser, \u00eatre en forme&#8230; Bref, adopter un total cat lifestyle !<br \/>\n<span class=\"a-text-bold\">Au programme :<br \/>\nUne relation au top avec Mister ou Miss Chat,\u00a0<\/span>en apprenant \u00e0 le comprendre (miaulement, ronronnement, patonnage, langage corporel&#8230;), \u00e0 r\u00e9pondre \u00e0 ses besoins, \u00e0 le divertir (m\u00eame en notre absence). Pour d\u00e9velopper une relation complice et affectueuse tr\u00e8s forte.<br \/>\n<span class=\"a-text-bold\">Des cadeaux pour Mister ou Miss Chat,<\/span>\u00a0gr\u00e2ce aux jeux, m\u00e9thodes bien-\u00eatre, petits plats healthy, qui feront de lui un chat fashion, branch\u00e9 et \u00e9quilibr\u00e9.<br \/>\n<span class=\"a-text-bold\">Du cocooning avec Mister ou Miss Chat,<\/span>\u00a0gr\u00e2ce \u00e0 la ronron th\u00e9rapie et \u00e0 toutes les m\u00e9thodes pour d\u00e9stresser, d\u00e9velopper son bien-\u00eatre et booster son efficacit\u00e9.<br \/>\n<span class=\"a-text-bold\">Le cat lifestyle,<\/span>\u00a0avec les accessoires, les activit\u00e9s, les v\u00eatements, les geekeries, pour tout partager !<br \/>\n<span class=\"a-text-bold\">Toutes les astuces de pro\u00a0<\/span>(liti\u00e8re, cat-sitting), DIY (griffoir, arbre \u00e0 chat, cabane), accessoires, pour r\u00e9pondre \u00e0 toutes les situations du quotidien.<\/p>\n<p>Format: PDF<\/p>\n<p>Nombre de page: 169<\/p>\n<p>Langue: Fran\u00e7ais<\/p>","protected":false},"excerpt":{"rendered":"<p><span class=\"a-text-bold\">D\u00e9couvrez dans ce guide de 169 pages au format PDF, disponible uniquement en t\u00e9l\u00e9chargement toutes les astuces pour ronronner avec votre chat ou chatte !<\/span><br \/>\nTout faire avec son chat, c&#8217;est possible ! Se comprendre d&#8217;un simple regard ou d&#8217;un simple miaulement, partager tous les jours une grosse c\u00e2lins party, se faire chouchouter \u00e0 deux, se looker, d\u00e9stresser, \u00eatre en forme&#8230; Bref, adopter un total cat lifestyle !<\/p>","protected":false},"featured_media":17326,"comment_status":"open","ping_status":"closed","template":"","meta":[],"product_cat":[397,411,317],"product_tag":[],"class_list":{"0":"post-17324","1":"product","2":"type-product","3":"status-publish","4":"has-post-thumbnail","6":"product_cat-animaux","7":"product_cat-carrousel","8":"product_cat-pdf","10":"first","11":"instock","12":"sale","13":"downloadable","14":"shipping-taxable","15":"purchasable","16":"product-type-simple","17":"add-to-wishlist-after_add_to_cart"},"yoast_head":"<!-- This site is optimized with the Yoast SEO plugin v27.4 - https:\/\/yoast.com\/product\/yoast-seo-wordpress\/ -->\n<title>Mon cahier mon chat - Mon Guide<\/title>\n<meta name=\"robots\" content=\"index, follow, max-snippet:-1, max-image-preview:large, max-video-preview:-1\" \/>\n<link rel=\"canonical\" href=\"https:\/\/monguide.net\/fr\/produit\/mon-cahier-mon-chat-moi\/\" \/>\n<meta property=\"og:locale\" content=\"fr_FR\" \/>\n<meta property=\"og:type\" content=\"article\" \/>\n<meta property=\"og:title\" content=\"Mon cahier mon chat - Mon Guide\" \/>\n<meta property=\"og:description\" content=\"D\u00e9couvrez dans ce guide de 169 pages au format PDF, disponible uniquement en t\u00e9l\u00e9chargement toutes les astuces pour ronronner avec votre chat ou chatte ! Tout faire avec son chat, c&#039;est possible ! Se comprendre d&#039;un simple regard ou d&#039;un simple miaulement, partager tous les jours une grosse c\u00e2lins party, se faire chouchouter \u00e0 deux, se looker, d\u00e9stresser, \u00eatre en forme... Bref, adopter un total cat lifestyle !\" \/>\n<meta property=\"og:url\" content=\"https:\/\/monguide.net\/fr\/produit\/mon-cahier-mon-chat-moi\/\" \/>\n<meta property=\"og:site_name\" content=\"Mon Guide\" \/>\n<meta property=\"article:publisher\" content=\"https:\/\/web.facebook.com\/profile.php?id=61558559594373&amp;ref=embed_page\" \/>\n<meta property=\"article:modified_time\" content=\"2026-03-27T10:32:34+00:00\" \/>\n<meta property=\"og:image\" content=\"https:\/\/monguide.net\/wp-content\/uploads\/2024\/05\/MON-CAHIER-MOIN-CHAT-ET-MOI.jpg\" \/>\n\t<meta property=\"og:image:width\" content=\"800\" \/>\n\t<meta property=\"og:image:height\" content=\"1028\" \/>\n\t<meta property=\"og:image:type\" content=\"image\/jpeg\" \/>\n<meta name=\"twitter:card\" content=\"summary_large_image\" \/>\n<meta name=\"twitter:label1\" content=\"Dur\u00e9e de lecture estim\u00e9e\" \/>\n\t<meta name=\"twitter:data1\" content=\"2 minutes\" \/>\n<script type=\"application\/ld+json\" class=\"yoast-schema-graph\">{\"@context\":\"https:\\\/\\\/schema.org\",\"@graph\":[{\"@type\":\"WebPage\",\"@id\":\"https:\\\/\\\/monguide.net\\\/produit\\\/mon-cahier-mon-chat-moi\\\/\",\"url\":\"https:\\\/\\\/monguide.net\\\/produit\\\/mon-cahier-mon-chat-moi\\\/\",\"name\":\"Mon cahier mon chat - Mon Guide\",\"isPartOf\":{\"@id\":\"https:\\\/\\\/monguide.net\\\/#website\"},\"primaryImageOfPage\":{\"@id\":\"https:\\\/\\\/monguide.net\\\/produit\\\/mon-cahier-mon-chat-moi\\\/#primaryimage\"},\"image\":{\"@id\":\"https:\\\/\\\/monguide.net\\\/produit\\\/mon-cahier-mon-chat-moi\\\/#primaryimage\"},\"thumbnailUrl\":\"https:\\\/\\\/monguide.net\\\/wp-content\\\/uploads\\\/2024\\\/05\\\/MON-CAHIER-MOIN-CHAT-ET-MOI.jpg\",\"datePublished\":\"2024-05-30T14:37:28+00:00\",\"dateModified\":\"2026-03-27T10:32:34+00:00\",\"breadcrumb\":{\"@id\":\"https:\\\/\\\/monguide.net\\\/produit\\\/mon-cahier-mon-chat-moi\\\/#breadcrumb\"},\"inLanguage\":\"fr-FR\",\"potentialAction\":[{\"@type\":\"ReadAction\",\"target\":[\"https:\\\/\\\/monguide.net\\\/produit\\\/mon-cahier-mon-chat-moi\\\/\"]}]},{\"@type\":\"ImageObject\",\"inLanguage\":\"fr-FR\",\"@id\":\"https:\\\/\\\/monguide.net\\\/produit\\\/mon-cahier-mon-chat-moi\\\/#primaryimage\",\"url\":\"https:\\\/\\\/monguide.net\\\/wp-content\\\/uploads\\\/2024\\\/05\\\/MON-CAHIER-MOIN-CHAT-ET-MOI.jpg\",\"contentUrl\":\"https:\\\/\\\/monguide.net\\\/wp-content\\\/uploads\\\/2024\\\/05\\\/MON-CAHIER-MOIN-CHAT-ET-MOI.jpg\",\"width\":800,\"height\":1028},{\"@type\":\"BreadcrumbList\",\"@id\":\"https:\\\/\\\/monguide.net\\\/produit\\\/mon-cahier-mon-chat-moi\\\/#breadcrumb\",\"itemListElement\":[{\"@type\":\"ListItem\",\"position\":1,\"name\":\"Accueil\",\"item\":\"https:\\\/\\\/monguide.net\\\/\"},{\"@type\":\"ListItem\",\"position\":2,\"name\":\"Boutique\",\"item\":\"https:\\\/\\\/monguide.net\\\/shop\\\/\"},{\"@type\":\"ListItem\",\"position\":3,\"name\":\"Mon cahier mon chat\"}]},{\"@type\":\"WebSite\",\"@id\":\"https:\\\/\\\/monguide.net\\\/#website\",\"url\":\"https:\\\/\\\/monguide.net\\\/\",\"name\":\"Mon Guide\",\"description\":\"La boussole du monde. Tous vos livres et ebook \u00e0 un endroit\",\"publisher\":{\"@id\":\"https:\\\/\\\/monguide.net\\\/#organization\"},\"potentialAction\":[{\"@type\":\"SearchAction\",\"target\":{\"@type\":\"EntryPoint\",\"urlTemplate\":\"https:\\\/\\\/monguide.net\\\/?s={search_term_string}\"},\"query-input\":{\"@type\":\"PropertyValueSpecification\",\"valueRequired\":true,\"valueName\":\"search_term_string\"}}],\"inLanguage\":\"fr-FR\"},{\"@type\":\"Organization\",\"@id\":\"https:\\\/\\\/monguide.net\\\/#organization\",\"name\":\"Mon Guide\",\"url\":\"https:\\\/\\\/monguide.net\\\/\",\"logo\":{\"@type\":\"ImageObject\",\"inLanguage\":\"fr-FR\",\"@id\":\"https:\\\/\\\/monguide.net\\\/#\\\/schema\\\/logo\\\/image\\\/\",\"url\":\"http:\\\/\\\/monguide.net\\\/wp-content\\\/uploads\\\/2024\\\/05\\\/Favicon.png\",\"contentUrl\":\"http:\\\/\\\/monguide.net\\\/wp-content\\\/uploads\\\/2024\\\/05\\\/Favicon.png\",\"width\":512,\"height\":512,\"caption\":\"Mon Guide\"},\"image\":{\"@id\":\"https:\\\/\\\/monguide.net\\\/#\\\/schema\\\/logo\\\/image\\\/\"},\"sameAs\":[\"https:\\\/\\\/web.facebook.com\\\/profile.php?id=61558559594373&ref=embed_page\"]}]}<\/script>\n<!-- \/ Yoast SEO plugin. -->","yoast_head_json":{"title":"Mon cahier mon chat - Mon Guide","robots":{"index":"index","follow":"follow","max-snippet":"max-snippet:-1","max-image-preview":"max-image-preview:large","max-video-preview":"max-video-preview:-1"},"canonical":"https:\/\/monguide.net\/fr\/produit\/mon-cahier-mon-chat-moi\/","og_locale":"fr_FR","og_type":"article","og_title":"Mon cahier mon chat - Mon Guide","og_description":"D\u00e9couvrez dans ce guide de 169 pages au format PDF, disponible uniquement en t\u00e9l\u00e9chargement toutes les astuces pour ronronner avec votre chat ou chatte ! Tout faire avec son chat, c'est possible ! Se comprendre d'un simple regard ou d'un simple miaulement, partager tous les jours une grosse c\u00e2lins party, se faire chouchouter \u00e0 deux, se looker, d\u00e9stresser, \u00eatre en forme... Bref, adopter un total cat lifestyle !","og_url":"https:\/\/monguide.net\/fr\/produit\/mon-cahier-mon-chat-moi\/","og_site_name":"Mon Guide","article_publisher":"https:\/\/web.facebook.com\/profile.php?id=61558559594373&ref=embed_page","article_modified_time":"2026-03-27T10:32:34+00:00","og_image":[{"width":800,"height":1028,"url":"https:\/\/monguide.net\/wp-content\/uploads\/2024\/05\/MON-CAHIER-MOIN-CHAT-ET-MOI.jpg","type":"image\/jpeg"}],"twitter_card":"summary_large_image","twitter_misc":{"Dur\u00e9e de lecture estim\u00e9e":"2 minutes"},"schema":{"@context":"https:\/\/schema.org","@graph":[{"@type":"WebPage","@id":"https:\/\/monguide.net\/produit\/mon-cahier-mon-chat-moi\/","url":"https:\/\/monguide.net\/produit\/mon-cahier-mon-chat-moi\/","name":"Mon cahier mon chat - Mon Guide","isPartOf":{"@id":"https:\/\/monguide.net\/#website"},"primaryImageOfPage":{"@id":"https:\/\/monguide.net\/produit\/mon-cahier-mon-chat-moi\/#primaryimage"},"image":{"@id":"https:\/\/monguide.net\/produit\/mon-cahier-mon-chat-moi\/#primaryimage"},"thumbnailUrl":"https:\/\/monguide.net\/wp-content\/uploads\/2024\/05\/MON-CAHIER-MOIN-CHAT-ET-MOI.jpg","datePublished":"2024-05-30T14:37:28+00:00","dateModified":"2026-03-27T10:32:34+00:00","breadcrumb":{"@id":"https:\/\/monguide.net\/produit\/mon-cahier-mon-chat-moi\/#breadcrumb"},"inLanguage":"fr-FR","potentialAction":[{"@type":"ReadAction","target":["https:\/\/monguide.net\/produit\/mon-cahier-mon-chat-moi\/"]}]},{"@type":"ImageObject","inLanguage":"fr-FR","@id":"https:\/\/monguide.net\/produit\/mon-cahier-mon-chat-moi\/#primaryimage","url":"https:\/\/monguide.net\/wp-content\/uploads\/2024\/05\/MON-CAHIER-MOIN-CHAT-ET-MOI.jpg","contentUrl":"https:\/\/monguide.net\/wp-content\/uploads\/2024\/05\/MON-CAHIER-MOIN-CHAT-ET-MOI.jpg","width":800,"height":1028},{"@type":"BreadcrumbList","@id":"https:\/\/monguide.net\/produit\/mon-cahier-mon-chat-moi\/#breadcrumb","itemListElement":[{"@type":"ListItem","position":1,"name":"Accueil","item":"https:\/\/monguide.net\/"},{"@type":"ListItem","position":2,"name":"Boutique","item":"https:\/\/monguide.net\/shop\/"},{"@type":"ListItem","position":3,"name":"Mon cahier mon chat"}]},{"@type":"WebSite","@id":"https:\/\/monguide.net\/#website","url":"https:\/\/monguide.net\/","name":"Mon Guide","description":"La boussole du monde. Tous vos livres et ebook \u00e0 un endroit","publisher":{"@id":"https:\/\/monguide.net\/#organization"},"potentialAction":[{"@type":"SearchAction","target":{"@type":"EntryPoint","urlTemplate":"https:\/\/monguide.net\/?s={search_term_string}"},"query-input":{"@type":"PropertyValueSpecification","valueRequired":true,"valueName":"search_term_string"}}],"inLanguage":"fr-FR"},{"@type":"Organization","@id":"https:\/\/monguide.net\/#organization","name":"Mon Guide","url":"https:\/\/monguide.net\/","logo":{"@type":"ImageObject","inLanguage":"fr-FR","@id":"https:\/\/monguide.net\/#\/schema\/logo\/image\/","url":"https:\/\/monguide.net\/wp-content\/uploads\/2024\/05\/Favicon.png","contentUrl":"https:\/\/monguide.net\/wp-content\/uploads\/2024\/05\/Favicon.png","width":512,"height":512,"caption":"Mon Guide"},"image":{"@id":"https:\/\/monguide.net\/#\/schema\/logo\/image\/"},"sameAs":["https:\/\/web.facebook.com\/profile.php?id=61558559594373&ref=embed_page"]}]}},"jetpack_sharing_enabled":true,"_links":{"self":[{"href":"https:\/\/monguide.net\/fr\/wp-json\/wp\/v2\/product\/17324","targetHints":{"allow":["GET"]}}],"collection":[{"href":"https:\/\/monguide.net\/fr\/wp-json\/wp\/v2\/product"}],"about":[{"href":"https:\/\/monguide.net\/fr\/wp-json\/wp\/v2\/types\/product"}],"replies":[{"embeddable":true,"href":"https:\/\/monguide.net\/fr\/wp-json\/wp\/v2\/comments?post=17324"}],"version-history":[{"count":0,"href":"https:\/\/monguide.net\/fr\/wp-json\/wp\/v2\/product\/17324\/revisions"}],"wp:featuredmedia":[{"embeddable":true,"href":"https:\/\/monguide.net\/fr\/wp-json\/wp\/v2\/media\/17326"}],"wp:attachment":[{"href":"https:\/\/monguide.net\/fr\/wp-json\/wp\/v2\/media?parent=17324"}],"wp:term":[{"taxonomy":"product_cat","embeddable":true,"href":"https:\/\/monguide.net\/fr\/wp-json\/wp\/v2\/product_cat?post=17324"},{"taxonomy":"product_tag","embeddable":true,"href":"https:\/\/monguide.net\/fr\/wp-json\/wp\/v2\/product_tag?post=17324"}],"curies":[{"name":"wp","href":"https:\/\/api.w.org\/{rel}","templated":true}]}}