{"id":17334,"date":"2024-05-30T17:03:55","date_gmt":"2024-05-30T15:03:55","guid":{"rendered":"https:\/\/monguide.net\/?post_type=product&#038;p=17334"},"modified":"2026-03-27T11:32:35","modified_gmt":"2026-03-27T10:32:35","slug":"mon-chat-est-jaloux","status":"publish","type":"product","link":"https:\/\/monguide.net\/fr\/produit\/mon-chat-est-jaloux\/","title":{"rendered":"Mon chat est jaloux"},"content":{"rendered":"<p><span class=\"a-text-bold\">Votre chat n&#8217;aime que vous ? Il snobe votre conjoint ? Il vous fuit depuis l&#8217;arriv\u00e9e de b\u00e9b\u00e9 ? Quand vous \u00eates de sortie, il se venge sur les plantes vertes ? Il a \u00e9lu domicile dans le jardin pour ne pas croiser votre nouveau chaton ?<\/span><\/p>\n<p>Dominique Lachap\u00e8le et Nicolas Massai, v\u00e9t\u00e9rinaires comportementalistes, d\u00e9cryptent la jalousie de votre chat et vous livrent les outils pour l&#8217;apaiser dans toutes les situations. Quelle que soit l&#8217;origine de son comportement, vous saurez comment :<\/p>\n<ul class=\"a-unordered-list a-vertical\">\n<li><span class=\"a-list-item\">Pr\u00e9venir les risques d&#8217;hyperattachement<\/span><\/li>\n<li><span class=\"a-list-item\">Aider votre chat \u00e0 rester seul<\/span><\/li>\n<li><span class=\"a-list-item\">Le resocialiser progressivement<\/span><\/li>\n<li><span class=\"a-list-item\">Contr\u00f4ler son \u00e9motivit\u00e9<\/span><\/li>\n<li><span class=\"a-list-item\">G\u00e9rer la relation avec les enfants<\/span><\/li>\n<li><span class=\"a-list-item\">Le pr\u00e9parer \u00e0 l&#8217;arriv\u00e9e d&#8217;un cong\u00e9n\u00e8re<\/span><\/li>\n<\/ul>\n<p>Format: PDF<\/p>\n<p>Nombre de page: 175<\/p>\n<p>Langue: Fran\u00e7ais<\/p>","protected":false},"excerpt":{"rendered":"<p>Dominique Lachap\u00e8le et Nicolas Massai, v\u00e9t\u00e9rinaires comportementalistes, d\u00e9cryptent dans ce guide de 175 pages au format PDF, disponible uniquement en t\u00e9l\u00e9chargement, la jalousie de votre chat et vous livrent les outils pour l&#8217;apaiser dans toutes les situations. Quelle que soit l&#8217;origine de son comportement, vous saurez comment :<\/p>\n<ul class=\"a-unordered-list a-vertical\">\n<li><span class=\"a-list-item\">Pr\u00e9venir les risques d&#8217;hyperattachement<\/span><\/li>\n<li><span class=\"a-list-item\">Aider votre chat \u00e0 rester seul<\/span><\/li>\n<li><span class=\"a-list-item\">Le resocialiser progressivement<\/span><\/li>\n<li><span class=\"a-list-item\">Contr\u00f4ler son \u00e9motivit\u00e9<\/span><\/li>\n<li><span class=\"a-list-item\">G\u00e9rer la relation avec les enfants<\/span><\/li>\n<li><span class=\"a-list-item\">Le pr\u00e9parer \u00e0 l&#8217;arriv\u00e9e d&#8217;un cong\u00e9n\u00e8re<\/span><\/li>\n<\/ul>","protected":false},"featured_media":17335,"comment_status":"open","ping_status":"closed","template":"","meta":[],"product_cat":[397,317],"product_tag":[],"class_list":{"0":"post-17334","1":"product","2":"type-product","3":"status-publish","4":"has-post-thumbnail","6":"product_cat-animaux","7":"product_cat-pdf","9":"first","10":"instock","11":"sale","12":"downloadable","13":"shipping-taxable","14":"purchasable","15":"product-type-simple","16":"add-to-wishlist-after_add_to_cart"},"yoast_head":"<!-- This site is optimized with the Yoast SEO plugin v27.4 - https:\/\/yoast.com\/product\/yoast-seo-wordpress\/ -->\n<title>Mon chat est jaloux - Mon Guide<\/title>\n<meta name=\"robots\" content=\"index, follow, max-snippet:-1, max-image-preview:large, max-video-preview:-1\" \/>\n<link rel=\"canonical\" href=\"https:\/\/monguide.net\/fr\/produit\/mon-chat-est-jaloux\/\" \/>\n<meta property=\"og:locale\" content=\"fr_FR\" \/>\n<meta property=\"og:type\" content=\"article\" \/>\n<meta property=\"og:title\" content=\"Mon chat est jaloux - Mon Guide\" \/>\n<meta property=\"og:description\" content=\"Dominique Lachap\u00e8le et Nicolas Massai, v\u00e9t\u00e9rinaires comportementalistes, d\u00e9cryptent dans ce guide de 175 pages au format PDF, disponible uniquement en t\u00e9l\u00e9chargement, la jalousie de votre chat et vous livrent les outils pour l&#039;apaiser dans toutes les situations. Quelle que soit l&#039;origine de son comportement, vous saurez comment :   Pr\u00e9venir les risques d&#039;hyperattachement  Aider votre chat \u00e0 rester seul  Le resocialiser progressivement  Contr\u00f4ler son \u00e9motivit\u00e9  G\u00e9rer la relation avec les enfants  Le pr\u00e9parer \u00e0 l&#039;arriv\u00e9e d&#039;un cong\u00e9n\u00e8re\" \/>\n<meta property=\"og:url\" content=\"https:\/\/monguide.net\/fr\/produit\/mon-chat-est-jaloux\/\" \/>\n<meta property=\"og:site_name\" content=\"Mon Guide\" \/>\n<meta property=\"article:publisher\" content=\"https:\/\/web.facebook.com\/profile.php?id=61558559594373&amp;ref=embed_page\" \/>\n<meta property=\"article:modified_time\" content=\"2026-03-27T10:32:35+00:00\" \/>\n<meta property=\"og:image\" content=\"https:\/\/monguide.net\/wp-content\/uploads\/2024\/05\/mon-chat-est-jaloux.jpg\" \/>\n\t<meta property=\"og:image:width\" content=\"987\" \/>\n\t<meta property=\"og:image:height\" content=\"1500\" \/>\n\t<meta property=\"og:image:type\" content=\"image\/jpeg\" \/>\n<meta name=\"twitter:card\" content=\"summary_large_image\" \/>\n<meta name=\"twitter:label1\" content=\"Dur\u00e9e de lecture estim\u00e9e\" \/>\n\t<meta name=\"twitter:data1\" content=\"1 minute\" \/>\n<script type=\"application\/ld+json\" class=\"yoast-schema-graph\">{\"@context\":\"https:\\\/\\\/schema.org\",\"@graph\":[{\"@type\":\"WebPage\",\"@id\":\"https:\\\/\\\/monguide.net\\\/produit\\\/mon-chat-est-jaloux\\\/\",\"url\":\"https:\\\/\\\/monguide.net\\\/produit\\\/mon-chat-est-jaloux\\\/\",\"name\":\"Mon chat est jaloux - Mon Guide\",\"isPartOf\":{\"@id\":\"https:\\\/\\\/monguide.net\\\/#website\"},\"primaryImageOfPage\":{\"@id\":\"https:\\\/\\\/monguide.net\\\/produit\\\/mon-chat-est-jaloux\\\/#primaryimage\"},\"image\":{\"@id\":\"https:\\\/\\\/monguide.net\\\/produit\\\/mon-chat-est-jaloux\\\/#primaryimage\"},\"thumbnailUrl\":\"https:\\\/\\\/monguide.net\\\/wp-content\\\/uploads\\\/2024\\\/05\\\/mon-chat-est-jaloux.jpg\",\"datePublished\":\"2024-05-30T15:03:55+00:00\",\"dateModified\":\"2026-03-27T10:32:35+00:00\",\"breadcrumb\":{\"@id\":\"https:\\\/\\\/monguide.net\\\/produit\\\/mon-chat-est-jaloux\\\/#breadcrumb\"},\"inLanguage\":\"fr-FR\",\"potentialAction\":[{\"@type\":\"ReadAction\",\"target\":[\"https:\\\/\\\/monguide.net\\\/produit\\\/mon-chat-est-jaloux\\\/\"]}]},{\"@type\":\"ImageObject\",\"inLanguage\":\"fr-FR\",\"@id\":\"https:\\\/\\\/monguide.net\\\/produit\\\/mon-chat-est-jaloux\\\/#primaryimage\",\"url\":\"https:\\\/\\\/monguide.net\\\/wp-content\\\/uploads\\\/2024\\\/05\\\/mon-chat-est-jaloux.jpg\",\"contentUrl\":\"https:\\\/\\\/monguide.net\\\/wp-content\\\/uploads\\\/2024\\\/05\\\/mon-chat-est-jaloux.jpg\",\"width\":987,\"height\":1500},{\"@type\":\"BreadcrumbList\",\"@id\":\"https:\\\/\\\/monguide.net\\\/produit\\\/mon-chat-est-jaloux\\\/#breadcrumb\",\"itemListElement\":[{\"@type\":\"ListItem\",\"position\":1,\"name\":\"Accueil\",\"item\":\"https:\\\/\\\/monguide.net\\\/\"},{\"@type\":\"ListItem\",\"position\":2,\"name\":\"Boutique\",\"item\":\"https:\\\/\\\/monguide.net\\\/shop\\\/\"},{\"@type\":\"ListItem\",\"position\":3,\"name\":\"Mon chat est jaloux\"}]},{\"@type\":\"WebSite\",\"@id\":\"https:\\\/\\\/monguide.net\\\/#website\",\"url\":\"https:\\\/\\\/monguide.net\\\/\",\"name\":\"Mon Guide\",\"description\":\"La boussole du monde. Tous vos livres et ebook \u00e0 un endroit\",\"publisher\":{\"@id\":\"https:\\\/\\\/monguide.net\\\/#organization\"},\"potentialAction\":[{\"@type\":\"SearchAction\",\"target\":{\"@type\":\"EntryPoint\",\"urlTemplate\":\"https:\\\/\\\/monguide.net\\\/?s={search_term_string}\"},\"query-input\":{\"@type\":\"PropertyValueSpecification\",\"valueRequired\":true,\"valueName\":\"search_term_string\"}}],\"inLanguage\":\"fr-FR\"},{\"@type\":\"Organization\",\"@id\":\"https:\\\/\\\/monguide.net\\\/#organization\",\"name\":\"Mon Guide\",\"url\":\"https:\\\/\\\/monguide.net\\\/\",\"logo\":{\"@type\":\"ImageObject\",\"inLanguage\":\"fr-FR\",\"@id\":\"https:\\\/\\\/monguide.net\\\/#\\\/schema\\\/logo\\\/image\\\/\",\"url\":\"http:\\\/\\\/monguide.net\\\/wp-content\\\/uploads\\\/2024\\\/05\\\/Favicon.png\",\"contentUrl\":\"http:\\\/\\\/monguide.net\\\/wp-content\\\/uploads\\\/2024\\\/05\\\/Favicon.png\",\"width\":512,\"height\":512,\"caption\":\"Mon Guide\"},\"image\":{\"@id\":\"https:\\\/\\\/monguide.net\\\/#\\\/schema\\\/logo\\\/image\\\/\"},\"sameAs\":[\"https:\\\/\\\/web.facebook.com\\\/profile.php?id=61558559594373&ref=embed_page\"]}]}<\/script>\n<!-- \/ Yoast SEO plugin. -->","yoast_head_json":{"title":"Mon chat est jaloux - Mon Guide","robots":{"index":"index","follow":"follow","max-snippet":"max-snippet:-1","max-image-preview":"max-image-preview:large","max-video-preview":"max-video-preview:-1"},"canonical":"https:\/\/monguide.net\/fr\/produit\/mon-chat-est-jaloux\/","og_locale":"fr_FR","og_type":"article","og_title":"Mon chat est jaloux - Mon Guide","og_description":"Dominique Lachap\u00e8le et Nicolas Massai, v\u00e9t\u00e9rinaires comportementalistes, d\u00e9cryptent dans ce guide de 175 pages au format PDF, disponible uniquement en t\u00e9l\u00e9chargement, la jalousie de votre chat et vous livrent les outils pour l'apaiser dans toutes les situations. Quelle que soit l'origine de son comportement, vous saurez comment :   Pr\u00e9venir les risques d'hyperattachement  Aider votre chat \u00e0 rester seul  Le resocialiser progressivement  Contr\u00f4ler son \u00e9motivit\u00e9  G\u00e9rer la relation avec les enfants  Le pr\u00e9parer \u00e0 l'arriv\u00e9e d'un cong\u00e9n\u00e8re","og_url":"https:\/\/monguide.net\/fr\/produit\/mon-chat-est-jaloux\/","og_site_name":"Mon Guide","article_publisher":"https:\/\/web.facebook.com\/profile.php?id=61558559594373&ref=embed_page","article_modified_time":"2026-03-27T10:32:35+00:00","og_image":[{"width":987,"height":1500,"url":"https:\/\/monguide.net\/wp-content\/uploads\/2024\/05\/mon-chat-est-jaloux.jpg","type":"image\/jpeg"}],"twitter_card":"summary_large_image","twitter_misc":{"Dur\u00e9e de lecture estim\u00e9e":"1 minute"},"schema":{"@context":"https:\/\/schema.org","@graph":[{"@type":"WebPage","@id":"https:\/\/monguide.net\/produit\/mon-chat-est-jaloux\/","url":"https:\/\/monguide.net\/produit\/mon-chat-est-jaloux\/","name":"Mon chat est jaloux - Mon Guide","isPartOf":{"@id":"https:\/\/monguide.net\/#website"},"primaryImageOfPage":{"@id":"https:\/\/monguide.net\/produit\/mon-chat-est-jaloux\/#primaryimage"},"image":{"@id":"https:\/\/monguide.net\/produit\/mon-chat-est-jaloux\/#primaryimage"},"thumbnailUrl":"https:\/\/monguide.net\/wp-content\/uploads\/2024\/05\/mon-chat-est-jaloux.jpg","datePublished":"2024-05-30T15:03:55+00:00","dateModified":"2026-03-27T10:32:35+00:00","breadcrumb":{"@id":"https:\/\/monguide.net\/produit\/mon-chat-est-jaloux\/#breadcrumb"},"inLanguage":"fr-FR","potentialAction":[{"@type":"ReadAction","target":["https:\/\/monguide.net\/produit\/mon-chat-est-jaloux\/"]}]},{"@type":"ImageObject","inLanguage":"fr-FR","@id":"https:\/\/monguide.net\/produit\/mon-chat-est-jaloux\/#primaryimage","url":"https:\/\/monguide.net\/wp-content\/uploads\/2024\/05\/mon-chat-est-jaloux.jpg","contentUrl":"https:\/\/monguide.net\/wp-content\/uploads\/2024\/05\/mon-chat-est-jaloux.jpg","width":987,"height":1500},{"@type":"BreadcrumbList","@id":"https:\/\/monguide.net\/produit\/mon-chat-est-jaloux\/#breadcrumb","itemListElement":[{"@type":"ListItem","position":1,"name":"Accueil","item":"https:\/\/monguide.net\/"},{"@type":"ListItem","position":2,"name":"Boutique","item":"https:\/\/monguide.net\/shop\/"},{"@type":"ListItem","position":3,"name":"Mon chat est jaloux"}]},{"@type":"WebSite","@id":"https:\/\/monguide.net\/#website","url":"https:\/\/monguide.net\/","name":"Mon Guide","description":"La boussole du monde. Tous vos livres et ebook \u00e0 un endroit","publisher":{"@id":"https:\/\/monguide.net\/#organization"},"potentialAction":[{"@type":"SearchAction","target":{"@type":"EntryPoint","urlTemplate":"https:\/\/monguide.net\/?s={search_term_string}"},"query-input":{"@type":"PropertyValueSpecification","valueRequired":true,"valueName":"search_term_string"}}],"inLanguage":"fr-FR"},{"@type":"Organization","@id":"https:\/\/monguide.net\/#organization","name":"Mon Guide","url":"https:\/\/monguide.net\/","logo":{"@type":"ImageObject","inLanguage":"fr-FR","@id":"https:\/\/monguide.net\/#\/schema\/logo\/image\/","url":"https:\/\/monguide.net\/wp-content\/uploads\/2024\/05\/Favicon.png","contentUrl":"https:\/\/monguide.net\/wp-content\/uploads\/2024\/05\/Favicon.png","width":512,"height":512,"caption":"Mon Guide"},"image":{"@id":"https:\/\/monguide.net\/#\/schema\/logo\/image\/"},"sameAs":["https:\/\/web.facebook.com\/profile.php?id=61558559594373&ref=embed_page"]}]}},"jetpack_sharing_enabled":true,"_links":{"self":[{"href":"https:\/\/monguide.net\/fr\/wp-json\/wp\/v2\/product\/17334","targetHints":{"allow":["GET"]}}],"collection":[{"href":"https:\/\/monguide.net\/fr\/wp-json\/wp\/v2\/product"}],"about":[{"href":"https:\/\/monguide.net\/fr\/wp-json\/wp\/v2\/types\/product"}],"replies":[{"embeddable":true,"href":"https:\/\/monguide.net\/fr\/wp-json\/wp\/v2\/comments?post=17334"}],"version-history":[{"count":0,"href":"https:\/\/monguide.net\/fr\/wp-json\/wp\/v2\/product\/17334\/revisions"}],"wp:featuredmedia":[{"embeddable":true,"href":"https:\/\/monguide.net\/fr\/wp-json\/wp\/v2\/media\/17335"}],"wp:attachment":[{"href":"https:\/\/monguide.net\/fr\/wp-json\/wp\/v2\/media?parent=17334"}],"wp:term":[{"taxonomy":"product_cat","embeddable":true,"href":"https:\/\/monguide.net\/fr\/wp-json\/wp\/v2\/product_cat?post=17334"},{"taxonomy":"product_tag","embeddable":true,"href":"https:\/\/monguide.net\/fr\/wp-json\/wp\/v2\/product_tag?post=17334"}],"curies":[{"name":"wp","href":"https:\/\/api.w.org\/{rel}","templated":true}]}}