{"id":17423,"date":"2024-06-02T17:59:08","date_gmt":"2024-06-02T15:59:08","guid":{"rendered":"https:\/\/monguide.net\/?post_type=product&#038;p=17423"},"modified":"2026-03-27T11:33:55","modified_gmt":"2026-03-27T10:33:55","slug":"guide-anti-arnaque-sur-internet","status":"publish","type":"product","link":"https:\/\/monguide.net\/fr\/produit\/guide-anti-arnaque-sur-internet\/","title":{"rendered":"Guide anti arnaque sur internet"},"content":{"rendered":"<p><span class=\"a-text-bold\">PERSONNE<\/span>\u00a0n&#8217;est \u00e0 l&#8217;abri. Solange \u00e9tait persuad\u00e9e d&#8217;avoir fait une bonne affaire, tout comme Dominique d&#8217;ailleurs, mais ils ont vite d\u00e9chant\u00e9. Marianne, elle, pensait avoir trouv\u00e9 le grand amour mais son prince n&#8217;avait en fait rien de charmant. Adopter une petite boule de poil, Lucie en r\u00eavait\u00a0! Son r\u00eave s&#8217;est pourtant tr\u00e8s vite transform\u00e9 en cauchemar&#8230;<\/p>\n<p>Leur point commun ?\u00a0<span class=\"a-text-bold\">Ils se sont tous fait arnaquer sur Internet. <\/span>Depuis sa d\u00e9mocratisation, le Net est rapidement devenu un terrain de chasse id\u00e9al pour les arnaqueurs sans scrupule. Mais comment faire pour rep\u00e9rer ces truands des temps modernes qui se cachent derri\u00e8re leurs \u00e9crans\u00a0?<\/p>\n<p><span class=\"a-text-italic\">Le guide anti-arnaque<\/span> vous aide \u00e0 contourner les pi\u00e8ges tendus par ces escrocs 2.0.<\/p>\n<p>Ce manuel d\u00e9crypte les dangers d&#8217;Internet et r\u00e9sume de mani\u00e8re simple les points essentiels \u00e0 retenir pour que vous surfiez en toute tranquillit\u00e9.<\/p>\n<p>Format: PDF<\/p>\n<p>Nombre de page: 178<\/p>\n<p>Langue: Fran\u00e7ais<\/p>","protected":false},"excerpt":{"rendered":"<p><span class=\"a-text-italic\">Ce guide de 178 pages, au format PDF, disponible uniquement en t\u00e9l\u00e9chargement, <\/span>vous aide \u00e0 contourner les pi\u00e8ges tendus par ces escrocs 2.0.<\/p>\n<p>Ce manuel d\u00e9crypte les dangers d&#8217;Internet et r\u00e9sume de mani\u00e8re simple les points essentiels \u00e0 retenir pour que vous surfiez en toute tranquillit\u00e9.<\/p>","protected":false},"featured_media":17425,"comment_status":"open","ping_status":"closed","template":"","meta":[],"product_cat":[411,91,463,92,317],"product_tag":[],"class_list":{"0":"post-17423","1":"product","2":"type-product","3":"status-publish","4":"has-post-thumbnail","6":"product_cat-carrousel","7":"product_cat-confiance-en-soi","8":"product_cat-connaissances","9":"product_cat-le-developpement-personnel","10":"product_cat-pdf","12":"first","13":"instock","14":"sale","15":"downloadable","16":"shipping-taxable","17":"purchasable","18":"product-type-simple","19":"add-to-wishlist-after_add_to_cart"},"yoast_head":"<!-- This site is optimized with the Yoast SEO plugin v27.4 - https:\/\/yoast.com\/product\/yoast-seo-wordpress\/ -->\n<title>Guide anti arnaque sur internet - Mon Guide<\/title>\n<meta name=\"robots\" content=\"index, follow, max-snippet:-1, max-image-preview:large, max-video-preview:-1\" \/>\n<link rel=\"canonical\" href=\"https:\/\/monguide.net\/fr\/produit\/guide-anti-arnaque-sur-internet\/\" \/>\n<meta property=\"og:locale\" content=\"fr_FR\" \/>\n<meta property=\"og:type\" content=\"article\" \/>\n<meta property=\"og:title\" content=\"Guide anti arnaque sur internet - Mon Guide\" \/>\n<meta property=\"og:description\" content=\"Ce guide de 178 pages, au format PDF, disponible uniquement en t\u00e9l\u00e9chargement, vous aide \u00e0 contourner les pi\u00e8ges tendus par ces escrocs 2.0.  Ce manuel d\u00e9crypte les dangers d&#039;Internet et r\u00e9sume de mani\u00e8re simple les points essentiels \u00e0 retenir pour que vous surfiez en toute tranquillit\u00e9.\" \/>\n<meta property=\"og:url\" content=\"https:\/\/monguide.net\/fr\/produit\/guide-anti-arnaque-sur-internet\/\" \/>\n<meta property=\"og:site_name\" content=\"Mon Guide\" \/>\n<meta property=\"article:publisher\" content=\"https:\/\/web.facebook.com\/profile.php?id=61558559594373&amp;ref=embed_page\" \/>\n<meta property=\"article:modified_time\" content=\"2026-03-27T10:33:55+00:00\" \/>\n<meta property=\"og:image\" content=\"https:\/\/monguide.net\/wp-content\/uploads\/2024\/06\/GUIDE-ANTIARNAQUE.jpg\" \/>\n\t<meta property=\"og:image:width\" content=\"963\" \/>\n\t<meta property=\"og:image:height\" content=\"1500\" \/>\n\t<meta property=\"og:image:type\" content=\"image\/jpeg\" \/>\n<meta name=\"twitter:card\" content=\"summary_large_image\" \/>\n<meta name=\"twitter:label1\" content=\"Dur\u00e9e de lecture estim\u00e9e\" \/>\n\t<meta name=\"twitter:data1\" content=\"1 minute\" \/>\n<script type=\"application\/ld+json\" class=\"yoast-schema-graph\">{\"@context\":\"https:\\\/\\\/schema.org\",\"@graph\":[{\"@type\":\"WebPage\",\"@id\":\"https:\\\/\\\/monguide.net\\\/produit\\\/guide-anti-arnaque-sur-internet\\\/\",\"url\":\"https:\\\/\\\/monguide.net\\\/produit\\\/guide-anti-arnaque-sur-internet\\\/\",\"name\":\"Guide anti arnaque sur internet - Mon Guide\",\"isPartOf\":{\"@id\":\"https:\\\/\\\/monguide.net\\\/#website\"},\"primaryImageOfPage\":{\"@id\":\"https:\\\/\\\/monguide.net\\\/produit\\\/guide-anti-arnaque-sur-internet\\\/#primaryimage\"},\"image\":{\"@id\":\"https:\\\/\\\/monguide.net\\\/produit\\\/guide-anti-arnaque-sur-internet\\\/#primaryimage\"},\"thumbnailUrl\":\"https:\\\/\\\/monguide.net\\\/wp-content\\\/uploads\\\/2024\\\/06\\\/GUIDE-ANTIARNAQUE.jpg\",\"datePublished\":\"2024-06-02T15:59:08+00:00\",\"dateModified\":\"2026-03-27T10:33:55+00:00\",\"breadcrumb\":{\"@id\":\"https:\\\/\\\/monguide.net\\\/produit\\\/guide-anti-arnaque-sur-internet\\\/#breadcrumb\"},\"inLanguage\":\"fr-FR\",\"potentialAction\":[{\"@type\":\"ReadAction\",\"target\":[\"https:\\\/\\\/monguide.net\\\/produit\\\/guide-anti-arnaque-sur-internet\\\/\"]}]},{\"@type\":\"ImageObject\",\"inLanguage\":\"fr-FR\",\"@id\":\"https:\\\/\\\/monguide.net\\\/produit\\\/guide-anti-arnaque-sur-internet\\\/#primaryimage\",\"url\":\"https:\\\/\\\/monguide.net\\\/wp-content\\\/uploads\\\/2024\\\/06\\\/GUIDE-ANTIARNAQUE.jpg\",\"contentUrl\":\"https:\\\/\\\/monguide.net\\\/wp-content\\\/uploads\\\/2024\\\/06\\\/GUIDE-ANTIARNAQUE.jpg\",\"width\":963,\"height\":1500},{\"@type\":\"BreadcrumbList\",\"@id\":\"https:\\\/\\\/monguide.net\\\/produit\\\/guide-anti-arnaque-sur-internet\\\/#breadcrumb\",\"itemListElement\":[{\"@type\":\"ListItem\",\"position\":1,\"name\":\"Accueil\",\"item\":\"https:\\\/\\\/monguide.net\\\/\"},{\"@type\":\"ListItem\",\"position\":2,\"name\":\"Boutique\",\"item\":\"https:\\\/\\\/monguide.net\\\/shop\\\/\"},{\"@type\":\"ListItem\",\"position\":3,\"name\":\"Guide anti arnaque sur internet\"}]},{\"@type\":\"WebSite\",\"@id\":\"https:\\\/\\\/monguide.net\\\/#website\",\"url\":\"https:\\\/\\\/monguide.net\\\/\",\"name\":\"Mon Guide\",\"description\":\"La boussole du monde. Tous vos livres et ebook \u00e0 un endroit\",\"publisher\":{\"@id\":\"https:\\\/\\\/monguide.net\\\/#organization\"},\"potentialAction\":[{\"@type\":\"SearchAction\",\"target\":{\"@type\":\"EntryPoint\",\"urlTemplate\":\"https:\\\/\\\/monguide.net\\\/?s={search_term_string}\"},\"query-input\":{\"@type\":\"PropertyValueSpecification\",\"valueRequired\":true,\"valueName\":\"search_term_string\"}}],\"inLanguage\":\"fr-FR\"},{\"@type\":\"Organization\",\"@id\":\"https:\\\/\\\/monguide.net\\\/#organization\",\"name\":\"Mon Guide\",\"url\":\"https:\\\/\\\/monguide.net\\\/\",\"logo\":{\"@type\":\"ImageObject\",\"inLanguage\":\"fr-FR\",\"@id\":\"https:\\\/\\\/monguide.net\\\/#\\\/schema\\\/logo\\\/image\\\/\",\"url\":\"http:\\\/\\\/monguide.net\\\/wp-content\\\/uploads\\\/2024\\\/05\\\/Favicon.png\",\"contentUrl\":\"http:\\\/\\\/monguide.net\\\/wp-content\\\/uploads\\\/2024\\\/05\\\/Favicon.png\",\"width\":512,\"height\":512,\"caption\":\"Mon Guide\"},\"image\":{\"@id\":\"https:\\\/\\\/monguide.net\\\/#\\\/schema\\\/logo\\\/image\\\/\"},\"sameAs\":[\"https:\\\/\\\/web.facebook.com\\\/profile.php?id=61558559594373&ref=embed_page\"]}]}<\/script>\n<!-- \/ Yoast SEO plugin. -->","yoast_head_json":{"title":"Guide anti arnaque sur internet - Mon Guide","robots":{"index":"index","follow":"follow","max-snippet":"max-snippet:-1","max-image-preview":"max-image-preview:large","max-video-preview":"max-video-preview:-1"},"canonical":"https:\/\/monguide.net\/fr\/produit\/guide-anti-arnaque-sur-internet\/","og_locale":"fr_FR","og_type":"article","og_title":"Guide anti arnaque sur internet - Mon Guide","og_description":"Ce guide de 178 pages, au format PDF, disponible uniquement en t\u00e9l\u00e9chargement, vous aide \u00e0 contourner les pi\u00e8ges tendus par ces escrocs 2.0.  Ce manuel d\u00e9crypte les dangers d'Internet et r\u00e9sume de mani\u00e8re simple les points essentiels \u00e0 retenir pour que vous surfiez en toute tranquillit\u00e9.","og_url":"https:\/\/monguide.net\/fr\/produit\/guide-anti-arnaque-sur-internet\/","og_site_name":"Mon Guide","article_publisher":"https:\/\/web.facebook.com\/profile.php?id=61558559594373&ref=embed_page","article_modified_time":"2026-03-27T10:33:55+00:00","og_image":[{"width":963,"height":1500,"url":"https:\/\/monguide.net\/wp-content\/uploads\/2024\/06\/GUIDE-ANTIARNAQUE.jpg","type":"image\/jpeg"}],"twitter_card":"summary_large_image","twitter_misc":{"Dur\u00e9e de lecture estim\u00e9e":"1 minute"},"schema":{"@context":"https:\/\/schema.org","@graph":[{"@type":"WebPage","@id":"https:\/\/monguide.net\/produit\/guide-anti-arnaque-sur-internet\/","url":"https:\/\/monguide.net\/produit\/guide-anti-arnaque-sur-internet\/","name":"Guide anti arnaque sur internet - Mon Guide","isPartOf":{"@id":"https:\/\/monguide.net\/#website"},"primaryImageOfPage":{"@id":"https:\/\/monguide.net\/produit\/guide-anti-arnaque-sur-internet\/#primaryimage"},"image":{"@id":"https:\/\/monguide.net\/produit\/guide-anti-arnaque-sur-internet\/#primaryimage"},"thumbnailUrl":"https:\/\/monguide.net\/wp-content\/uploads\/2024\/06\/GUIDE-ANTIARNAQUE.jpg","datePublished":"2024-06-02T15:59:08+00:00","dateModified":"2026-03-27T10:33:55+00:00","breadcrumb":{"@id":"https:\/\/monguide.net\/produit\/guide-anti-arnaque-sur-internet\/#breadcrumb"},"inLanguage":"fr-FR","potentialAction":[{"@type":"ReadAction","target":["https:\/\/monguide.net\/produit\/guide-anti-arnaque-sur-internet\/"]}]},{"@type":"ImageObject","inLanguage":"fr-FR","@id":"https:\/\/monguide.net\/produit\/guide-anti-arnaque-sur-internet\/#primaryimage","url":"https:\/\/monguide.net\/wp-content\/uploads\/2024\/06\/GUIDE-ANTIARNAQUE.jpg","contentUrl":"https:\/\/monguide.net\/wp-content\/uploads\/2024\/06\/GUIDE-ANTIARNAQUE.jpg","width":963,"height":1500},{"@type":"BreadcrumbList","@id":"https:\/\/monguide.net\/produit\/guide-anti-arnaque-sur-internet\/#breadcrumb","itemListElement":[{"@type":"ListItem","position":1,"name":"Accueil","item":"https:\/\/monguide.net\/"},{"@type":"ListItem","position":2,"name":"Boutique","item":"https:\/\/monguide.net\/shop\/"},{"@type":"ListItem","position":3,"name":"Guide anti arnaque sur internet"}]},{"@type":"WebSite","@id":"https:\/\/monguide.net\/#website","url":"https:\/\/monguide.net\/","name":"Mon Guide","description":"La boussole du monde. Tous vos livres et ebook \u00e0 un endroit","publisher":{"@id":"https:\/\/monguide.net\/#organization"},"potentialAction":[{"@type":"SearchAction","target":{"@type":"EntryPoint","urlTemplate":"https:\/\/monguide.net\/?s={search_term_string}"},"query-input":{"@type":"PropertyValueSpecification","valueRequired":true,"valueName":"search_term_string"}}],"inLanguage":"fr-FR"},{"@type":"Organization","@id":"https:\/\/monguide.net\/#organization","name":"Mon Guide","url":"https:\/\/monguide.net\/","logo":{"@type":"ImageObject","inLanguage":"fr-FR","@id":"https:\/\/monguide.net\/#\/schema\/logo\/image\/","url":"https:\/\/monguide.net\/wp-content\/uploads\/2024\/05\/Favicon.png","contentUrl":"https:\/\/monguide.net\/wp-content\/uploads\/2024\/05\/Favicon.png","width":512,"height":512,"caption":"Mon Guide"},"image":{"@id":"https:\/\/monguide.net\/#\/schema\/logo\/image\/"},"sameAs":["https:\/\/web.facebook.com\/profile.php?id=61558559594373&ref=embed_page"]}]}},"jetpack_sharing_enabled":true,"_links":{"self":[{"href":"https:\/\/monguide.net\/fr\/wp-json\/wp\/v2\/product\/17423","targetHints":{"allow":["GET"]}}],"collection":[{"href":"https:\/\/monguide.net\/fr\/wp-json\/wp\/v2\/product"}],"about":[{"href":"https:\/\/monguide.net\/fr\/wp-json\/wp\/v2\/types\/product"}],"replies":[{"embeddable":true,"href":"https:\/\/monguide.net\/fr\/wp-json\/wp\/v2\/comments?post=17423"}],"version-history":[{"count":0,"href":"https:\/\/monguide.net\/fr\/wp-json\/wp\/v2\/product\/17423\/revisions"}],"wp:featuredmedia":[{"embeddable":true,"href":"https:\/\/monguide.net\/fr\/wp-json\/wp\/v2\/media\/17425"}],"wp:attachment":[{"href":"https:\/\/monguide.net\/fr\/wp-json\/wp\/v2\/media?parent=17423"}],"wp:term":[{"taxonomy":"product_cat","embeddable":true,"href":"https:\/\/monguide.net\/fr\/wp-json\/wp\/v2\/product_cat?post=17423"},{"taxonomy":"product_tag","embeddable":true,"href":"https:\/\/monguide.net\/fr\/wp-json\/wp\/v2\/product_tag?post=17423"}],"curies":[{"name":"wp","href":"https:\/\/api.w.org\/{rel}","templated":true}]}}