{"id":17553,"date":"2024-06-06T19:07:46","date_gmt":"2024-06-06T17:07:46","guid":{"rendered":"https:\/\/monguide.net\/?post_type=product&#038;p=17553"},"modified":"2026-03-27T11:34:00","modified_gmt":"2026-03-27T10:34:00","slug":"la-pulsion-cest-plus-fort-que-moi","status":"publish","type":"product","link":"https:\/\/monguide.net\/fr\/produit\/la-pulsion-cest-plus-fort-que-moi\/","title":{"rendered":"La pulsion, c&#8217;est plus fort que moi"},"content":{"rendered":"<p>&#8220;C&#8217;est plus fort que moi&#8221;, &#8220;je n&#8217;ai pas pu me retenir&#8221;&#8230; Qu&#8217;il s&#8217;agisse d&#8217;un fou rire ou d&#8217;une crise de col\u00e8re, nous avons tous fait l&#8217;exp\u00e9rience de ces d\u00e9bordements irr\u00e9pressibles d&#8217;\u00e9nergie. La psychanalyse parle de pulsions. Si un simple fou rire ne porte pas \u00e0 cons\u00e9quences, l&#8217;\u00e9vacuation de nos pulsions peut prendre des chemins plus pernicieux\u00a0: actes manqu\u00e9s, somatisation, transposition d&#8217;un sentiment d&#8217;amour en haine, etc.<\/p>\n<p>Qu&#8217;est-ce qu&#8217;une pulsion ? Quels sont ses m\u00e9canismes d&#8217;expression ? Sommes-nous tous \u00e9gaux face \u00e0 nos pulsions ? Ce guide fait le point sur la notion de pulsion en psychanalyse, en s&#8217;appuyant notamment sur les outils que Freud et ses successeurs nous ont l\u00e9gu\u00e9s. En prime, il nous invite \u00e0 reconna\u00eetre et canaliser nos propres pulsions, pour les mettre au service de nos projets et de nos ambitions.<\/p>\n<p>Format: PDF<\/p>\n<p>Nombre de page: 112<\/p>\n<p>Langue: Fran\u00e7ais<\/p>\n<p>&nbsp;<\/p>","protected":false},"excerpt":{"rendered":"<p>Qu&#8217;est-ce qu&#8217;une pulsion ? Quels sont ses m\u00e9canismes d&#8217;expression ? Sommes-nous tous \u00e9gaux face \u00e0 nos pulsions ? Ce guide de 112 pages au format PDF, disponible uniquement en t\u00e9l\u00e9chargement fait le point sur la notion de pulsion en psychanalyse, en s&#8217;appuyant notamment sur les outils que Freud et ses successeurs nous ont l\u00e9gu\u00e9s. En prime, il nous invite \u00e0 reconna\u00eetre et canaliser nos propres pulsions, pour les mettre au service de nos projets et de nos ambitions.<\/p>","protected":false},"featured_media":17556,"comment_status":"open","ping_status":"closed","template":"","meta":[],"product_cat":[91,463,92,317,387],"product_tag":[],"class_list":{"0":"post-17553","1":"product","2":"type-product","3":"status-publish","4":"has-post-thumbnail","6":"product_cat-confiance-en-soi","7":"product_cat-connaissances","8":"product_cat-le-developpement-personnel","9":"product_cat-pdf","10":"product_cat-psychologie","12":"first","13":"instock","14":"sale","15":"downloadable","16":"shipping-taxable","17":"purchasable","18":"product-type-simple","19":"add-to-wishlist-after_add_to_cart"},"yoast_head":"<!-- This site is optimized with the Yoast SEO plugin v27.4 - https:\/\/yoast.com\/product\/yoast-seo-wordpress\/ -->\n<title>La pulsion, c&#039;est plus fort que moi - Mon Guide<\/title>\n<meta name=\"robots\" content=\"index, follow, max-snippet:-1, max-image-preview:large, max-video-preview:-1\" \/>\n<link rel=\"canonical\" href=\"https:\/\/monguide.net\/fr\/produit\/la-pulsion-cest-plus-fort-que-moi\/\" \/>\n<meta property=\"og:locale\" content=\"fr_FR\" \/>\n<meta property=\"og:type\" content=\"article\" \/>\n<meta property=\"og:title\" content=\"La pulsion, c&#039;est plus fort que moi - Mon Guide\" \/>\n<meta property=\"og:description\" content=\"Qu&#039;est-ce qu&#039;une pulsion ? Quels sont ses m\u00e9canismes d&#039;expression ? Sommes-nous tous \u00e9gaux face \u00e0 nos pulsions ? Ce guide de 112 pages au format PDF, disponible uniquement en t\u00e9l\u00e9chargement fait le point sur la notion de pulsion en psychanalyse, en s&#039;appuyant notamment sur les outils que Freud et ses successeurs nous ont l\u00e9gu\u00e9s. En prime, il nous invite \u00e0 reconna\u00eetre et canaliser nos propres pulsions, pour les mettre au service de nos projets et de nos ambitions.\" \/>\n<meta property=\"og:url\" content=\"https:\/\/monguide.net\/fr\/produit\/la-pulsion-cest-plus-fort-que-moi\/\" \/>\n<meta property=\"og:site_name\" content=\"Mon Guide\" \/>\n<meta property=\"article:publisher\" content=\"https:\/\/web.facebook.com\/profile.php?id=61558559594373&amp;ref=embed_page\" \/>\n<meta property=\"article:modified_time\" content=\"2026-03-27T10:34:00+00:00\" \/>\n<meta property=\"og:image\" content=\"https:\/\/monguide.net\/wp-content\/uploads\/2024\/06\/LA-PULSION-CEST-PLUS-FORT-QUE-MOI.jpg\" \/>\n\t<meta property=\"og:image:width\" content=\"881\" \/>\n\t<meta property=\"og:image:height\" content=\"1360\" \/>\n\t<meta property=\"og:image:type\" content=\"image\/jpeg\" \/>\n<meta name=\"twitter:card\" content=\"summary_large_image\" \/>\n<meta name=\"twitter:label1\" content=\"Dur\u00e9e de lecture estim\u00e9e\" \/>\n\t<meta name=\"twitter:data1\" content=\"1 minute\" \/>\n<script type=\"application\/ld+json\" class=\"yoast-schema-graph\">{\"@context\":\"https:\\\/\\\/schema.org\",\"@graph\":[{\"@type\":\"WebPage\",\"@id\":\"https:\\\/\\\/monguide.net\\\/produit\\\/la-pulsion-cest-plus-fort-que-moi\\\/\",\"url\":\"https:\\\/\\\/monguide.net\\\/produit\\\/la-pulsion-cest-plus-fort-que-moi\\\/\",\"name\":\"La pulsion, c'est plus fort que moi - Mon Guide\",\"isPartOf\":{\"@id\":\"https:\\\/\\\/monguide.net\\\/#website\"},\"primaryImageOfPage\":{\"@id\":\"https:\\\/\\\/monguide.net\\\/produit\\\/la-pulsion-cest-plus-fort-que-moi\\\/#primaryimage\"},\"image\":{\"@id\":\"https:\\\/\\\/monguide.net\\\/produit\\\/la-pulsion-cest-plus-fort-que-moi\\\/#primaryimage\"},\"thumbnailUrl\":\"https:\\\/\\\/monguide.net\\\/wp-content\\\/uploads\\\/2024\\\/06\\\/LA-PULSION-CEST-PLUS-FORT-QUE-MOI.jpg\",\"datePublished\":\"2024-06-06T17:07:46+00:00\",\"dateModified\":\"2026-03-27T10:34:00+00:00\",\"breadcrumb\":{\"@id\":\"https:\\\/\\\/monguide.net\\\/produit\\\/la-pulsion-cest-plus-fort-que-moi\\\/#breadcrumb\"},\"inLanguage\":\"fr-FR\",\"potentialAction\":[{\"@type\":\"ReadAction\",\"target\":[\"https:\\\/\\\/monguide.net\\\/produit\\\/la-pulsion-cest-plus-fort-que-moi\\\/\"]}]},{\"@type\":\"ImageObject\",\"inLanguage\":\"fr-FR\",\"@id\":\"https:\\\/\\\/monguide.net\\\/produit\\\/la-pulsion-cest-plus-fort-que-moi\\\/#primaryimage\",\"url\":\"https:\\\/\\\/monguide.net\\\/wp-content\\\/uploads\\\/2024\\\/06\\\/LA-PULSION-CEST-PLUS-FORT-QUE-MOI.jpg\",\"contentUrl\":\"https:\\\/\\\/monguide.net\\\/wp-content\\\/uploads\\\/2024\\\/06\\\/LA-PULSION-CEST-PLUS-FORT-QUE-MOI.jpg\",\"width\":881,\"height\":1360},{\"@type\":\"BreadcrumbList\",\"@id\":\"https:\\\/\\\/monguide.net\\\/produit\\\/la-pulsion-cest-plus-fort-que-moi\\\/#breadcrumb\",\"itemListElement\":[{\"@type\":\"ListItem\",\"position\":1,\"name\":\"Accueil\",\"item\":\"https:\\\/\\\/monguide.net\\\/\"},{\"@type\":\"ListItem\",\"position\":2,\"name\":\"Boutique\",\"item\":\"https:\\\/\\\/monguide.net\\\/shop\\\/\"},{\"@type\":\"ListItem\",\"position\":3,\"name\":\"La pulsion, c&#8217;est plus fort que moi\"}]},{\"@type\":\"WebSite\",\"@id\":\"https:\\\/\\\/monguide.net\\\/#website\",\"url\":\"https:\\\/\\\/monguide.net\\\/\",\"name\":\"Mon Guide\",\"description\":\"La boussole du monde. Tous vos livres et ebook \u00e0 un endroit\",\"publisher\":{\"@id\":\"https:\\\/\\\/monguide.net\\\/#organization\"},\"potentialAction\":[{\"@type\":\"SearchAction\",\"target\":{\"@type\":\"EntryPoint\",\"urlTemplate\":\"https:\\\/\\\/monguide.net\\\/?s={search_term_string}\"},\"query-input\":{\"@type\":\"PropertyValueSpecification\",\"valueRequired\":true,\"valueName\":\"search_term_string\"}}],\"inLanguage\":\"fr-FR\"},{\"@type\":\"Organization\",\"@id\":\"https:\\\/\\\/monguide.net\\\/#organization\",\"name\":\"Mon Guide\",\"url\":\"https:\\\/\\\/monguide.net\\\/\",\"logo\":{\"@type\":\"ImageObject\",\"inLanguage\":\"fr-FR\",\"@id\":\"https:\\\/\\\/monguide.net\\\/#\\\/schema\\\/logo\\\/image\\\/\",\"url\":\"http:\\\/\\\/monguide.net\\\/wp-content\\\/uploads\\\/2024\\\/05\\\/Favicon.png\",\"contentUrl\":\"http:\\\/\\\/monguide.net\\\/wp-content\\\/uploads\\\/2024\\\/05\\\/Favicon.png\",\"width\":512,\"height\":512,\"caption\":\"Mon Guide\"},\"image\":{\"@id\":\"https:\\\/\\\/monguide.net\\\/#\\\/schema\\\/logo\\\/image\\\/\"},\"sameAs\":[\"https:\\\/\\\/web.facebook.com\\\/profile.php?id=61558559594373&ref=embed_page\"]}]}<\/script>\n<!-- \/ Yoast SEO plugin. -->","yoast_head_json":{"title":"La pulsion, c'est plus fort que moi - Mon Guide","robots":{"index":"index","follow":"follow","max-snippet":"max-snippet:-1","max-image-preview":"max-image-preview:large","max-video-preview":"max-video-preview:-1"},"canonical":"https:\/\/monguide.net\/fr\/produit\/la-pulsion-cest-plus-fort-que-moi\/","og_locale":"fr_FR","og_type":"article","og_title":"La pulsion, c'est plus fort que moi - Mon Guide","og_description":"Qu'est-ce qu'une pulsion ? Quels sont ses m\u00e9canismes d'expression ? Sommes-nous tous \u00e9gaux face \u00e0 nos pulsions ? Ce guide de 112 pages au format PDF, disponible uniquement en t\u00e9l\u00e9chargement fait le point sur la notion de pulsion en psychanalyse, en s'appuyant notamment sur les outils que Freud et ses successeurs nous ont l\u00e9gu\u00e9s. En prime, il nous invite \u00e0 reconna\u00eetre et canaliser nos propres pulsions, pour les mettre au service de nos projets et de nos ambitions.","og_url":"https:\/\/monguide.net\/fr\/produit\/la-pulsion-cest-plus-fort-que-moi\/","og_site_name":"Mon Guide","article_publisher":"https:\/\/web.facebook.com\/profile.php?id=61558559594373&ref=embed_page","article_modified_time":"2026-03-27T10:34:00+00:00","og_image":[{"width":881,"height":1360,"url":"https:\/\/monguide.net\/wp-content\/uploads\/2024\/06\/LA-PULSION-CEST-PLUS-FORT-QUE-MOI.jpg","type":"image\/jpeg"}],"twitter_card":"summary_large_image","twitter_misc":{"Dur\u00e9e de lecture estim\u00e9e":"1 minute"},"schema":{"@context":"https:\/\/schema.org","@graph":[{"@type":"WebPage","@id":"https:\/\/monguide.net\/produit\/la-pulsion-cest-plus-fort-que-moi\/","url":"https:\/\/monguide.net\/produit\/la-pulsion-cest-plus-fort-que-moi\/","name":"La pulsion, c'est plus fort que moi - Mon Guide","isPartOf":{"@id":"https:\/\/monguide.net\/#website"},"primaryImageOfPage":{"@id":"https:\/\/monguide.net\/produit\/la-pulsion-cest-plus-fort-que-moi\/#primaryimage"},"image":{"@id":"https:\/\/monguide.net\/produit\/la-pulsion-cest-plus-fort-que-moi\/#primaryimage"},"thumbnailUrl":"https:\/\/monguide.net\/wp-content\/uploads\/2024\/06\/LA-PULSION-CEST-PLUS-FORT-QUE-MOI.jpg","datePublished":"2024-06-06T17:07:46+00:00","dateModified":"2026-03-27T10:34:00+00:00","breadcrumb":{"@id":"https:\/\/monguide.net\/produit\/la-pulsion-cest-plus-fort-que-moi\/#breadcrumb"},"inLanguage":"fr-FR","potentialAction":[{"@type":"ReadAction","target":["https:\/\/monguide.net\/produit\/la-pulsion-cest-plus-fort-que-moi\/"]}]},{"@type":"ImageObject","inLanguage":"fr-FR","@id":"https:\/\/monguide.net\/produit\/la-pulsion-cest-plus-fort-que-moi\/#primaryimage","url":"https:\/\/monguide.net\/wp-content\/uploads\/2024\/06\/LA-PULSION-CEST-PLUS-FORT-QUE-MOI.jpg","contentUrl":"https:\/\/monguide.net\/wp-content\/uploads\/2024\/06\/LA-PULSION-CEST-PLUS-FORT-QUE-MOI.jpg","width":881,"height":1360},{"@type":"BreadcrumbList","@id":"https:\/\/monguide.net\/produit\/la-pulsion-cest-plus-fort-que-moi\/#breadcrumb","itemListElement":[{"@type":"ListItem","position":1,"name":"Accueil","item":"https:\/\/monguide.net\/"},{"@type":"ListItem","position":2,"name":"Boutique","item":"https:\/\/monguide.net\/shop\/"},{"@type":"ListItem","position":3,"name":"La pulsion, c&#8217;est plus fort que moi"}]},{"@type":"WebSite","@id":"https:\/\/monguide.net\/#website","url":"https:\/\/monguide.net\/","name":"Mon Guide","description":"La boussole du monde. Tous vos livres et ebook \u00e0 un endroit","publisher":{"@id":"https:\/\/monguide.net\/#organization"},"potentialAction":[{"@type":"SearchAction","target":{"@type":"EntryPoint","urlTemplate":"https:\/\/monguide.net\/?s={search_term_string}"},"query-input":{"@type":"PropertyValueSpecification","valueRequired":true,"valueName":"search_term_string"}}],"inLanguage":"fr-FR"},{"@type":"Organization","@id":"https:\/\/monguide.net\/#organization","name":"Mon Guide","url":"https:\/\/monguide.net\/","logo":{"@type":"ImageObject","inLanguage":"fr-FR","@id":"https:\/\/monguide.net\/#\/schema\/logo\/image\/","url":"https:\/\/monguide.net\/wp-content\/uploads\/2024\/05\/Favicon.png","contentUrl":"https:\/\/monguide.net\/wp-content\/uploads\/2024\/05\/Favicon.png","width":512,"height":512,"caption":"Mon Guide"},"image":{"@id":"https:\/\/monguide.net\/#\/schema\/logo\/image\/"},"sameAs":["https:\/\/web.facebook.com\/profile.php?id=61558559594373&ref=embed_page"]}]}},"jetpack_sharing_enabled":true,"_links":{"self":[{"href":"https:\/\/monguide.net\/fr\/wp-json\/wp\/v2\/product\/17553","targetHints":{"allow":["GET"]}}],"collection":[{"href":"https:\/\/monguide.net\/fr\/wp-json\/wp\/v2\/product"}],"about":[{"href":"https:\/\/monguide.net\/fr\/wp-json\/wp\/v2\/types\/product"}],"replies":[{"embeddable":true,"href":"https:\/\/monguide.net\/fr\/wp-json\/wp\/v2\/comments?post=17553"}],"version-history":[{"count":0,"href":"https:\/\/monguide.net\/fr\/wp-json\/wp\/v2\/product\/17553\/revisions"}],"wp:featuredmedia":[{"embeddable":true,"href":"https:\/\/monguide.net\/fr\/wp-json\/wp\/v2\/media\/17556"}],"wp:attachment":[{"href":"https:\/\/monguide.net\/fr\/wp-json\/wp\/v2\/media?parent=17553"}],"wp:term":[{"taxonomy":"product_cat","embeddable":true,"href":"https:\/\/monguide.net\/fr\/wp-json\/wp\/v2\/product_cat?post=17553"},{"taxonomy":"product_tag","embeddable":true,"href":"https:\/\/monguide.net\/fr\/wp-json\/wp\/v2\/product_tag?post=17553"}],"curies":[{"name":"wp","href":"https:\/\/api.w.org\/{rel}","templated":true}]}}