{"id":17636,"date":"2024-06-07T19:39:33","date_gmt":"2024-06-07T17:39:33","guid":{"rendered":"https:\/\/monguide.net\/?post_type=product&#038;p=17636"},"modified":"2026-03-27T11:34:02","modified_gmt":"2026-03-27T10:34:02","slug":"decouvrez-vos-superpouvoirs-chez-le-psy","status":"publish","type":"product","link":"https:\/\/monguide.net\/fr\/produit\/decouvrez-vos-superpouvoirs-chez-le-psy\/","title":{"rendered":"D\u00e9couvrez vos supers pouvoirs chez le Psy"},"content":{"rendered":"<p>Chacun poss\u00e8de des superpouvoirs dont il ne se sert pas\u00a0: le pouvoir de diriger sa vie, d&#8217;aimer et d&#8217;\u00eatre aim\u00e9, d&#8217;\u00eatre heureux et vivant plut\u00f4t que frustr\u00e9, prisonnier de mod\u00e8les impos\u00e9s. Mais le plus souvent, notre \u00e9ducation, les \u00e9v\u00e9nements de la vie nous laissent penser que le bonheur n&#8217;est pas pour nous. Certains s&#8217;accommodent des blessures du pass\u00e9 et s&#8217;organisent pour que la douleur soit supportable. D&#8217;autres la nient en privil\u00e9giant les signes ext\u00e9rieurs de r\u00e9ussite.<\/p>\n<p>Tous, nous avons le choix d&#8217;identifier nos blessures, d&#8217;affronter la souffrance, de faire le tri pour nous ouvrir le champ des possibles et d\u00e9gager une \u00e9nergie nouvelle, celle d&#8217;\u00eatre enfin soi-m\u00eame. Aller voir un psy, c&#8217;est reconna\u00eetre ses superpouvoirs et apprendre \u00e0 s&#8217;en servir. Il ne s&#8217;agit ni de &#8220;se faire des n\u0153uds&#8221; au cerveau pour le plaisir, ni de ressasser le pass\u00e9, mais de relever un d\u00e9fi dans l&#8217;agitation incessante du monde : celui d&#8217;instaurer en nous un \u00e9tat de paix et de clairvoyance.<\/p>\n<p>Format: PDF<\/p>\n<p>Nombre de page: 185<\/p>\n<p>Langue: Fran\u00e7ais<\/p>\n<p>&nbsp;<\/p>","protected":false},"excerpt":{"rendered":"<p>Chacun poss\u00e8de des superpouvoirs dont il ne se sert pas\u00a0: le pouvoir de diriger sa vie, d&#8217;aimer et d&#8217;\u00eatre aim\u00e9, d&#8217;\u00eatre heureux et vivant plut\u00f4t que frustr\u00e9, prisonnier de mod\u00e8les impos\u00e9s. Mais le plus souvent, notre \u00e9ducation, les \u00e9v\u00e9nements de la vie nous laissent penser que le bonheur n&#8217;est pas pour nous. Certains s&#8217;accommodent des blessures du pass\u00e9 et s&#8217;organisent pour que la douleur soit supportable. D&#8217;autres la nient en privil\u00e9giant les signes ext\u00e9rieurs de r\u00e9ussite.<\/p>","protected":false},"featured_media":17638,"comment_status":"open","ping_status":"closed","template":"","meta":[],"product_cat":[91,92,317,387],"product_tag":[],"class_list":{"0":"post-17636","1":"product","2":"type-product","3":"status-publish","4":"has-post-thumbnail","6":"product_cat-confiance-en-soi","7":"product_cat-le-developpement-personnel","8":"product_cat-pdf","9":"product_cat-psychologie","11":"first","12":"instock","13":"sale","14":"downloadable","15":"shipping-taxable","16":"purchasable","17":"product-type-simple","18":"add-to-wishlist-after_add_to_cart"},"yoast_head":"<!-- This site is optimized with the Yoast SEO plugin v27.4 - https:\/\/yoast.com\/product\/yoast-seo-wordpress\/ -->\n<title>D\u00e9couvrez vos supers pouvoirs chez le Psy - Mon Guide<\/title>\n<meta name=\"robots\" content=\"index, follow, max-snippet:-1, max-image-preview:large, max-video-preview:-1\" \/>\n<link rel=\"canonical\" href=\"https:\/\/monguide.net\/fr\/produit\/decouvrez-vos-superpouvoirs-chez-le-psy\/\" \/>\n<meta property=\"og:locale\" content=\"fr_FR\" \/>\n<meta property=\"og:type\" content=\"article\" \/>\n<meta property=\"og:title\" content=\"D\u00e9couvrez vos supers pouvoirs chez le Psy - Mon Guide\" \/>\n<meta property=\"og:description\" content=\"Chacun poss\u00e8de des superpouvoirs dont il ne se sert pas\u00a0: le pouvoir de diriger sa vie, d&#039;aimer et d&#039;\u00eatre aim\u00e9, d&#039;\u00eatre heureux et vivant plut\u00f4t que frustr\u00e9, prisonnier de mod\u00e8les impos\u00e9s. Mais le plus souvent, notre \u00e9ducation, les \u00e9v\u00e9nements de la vie nous laissent penser que le bonheur n&#039;est pas pour nous. Certains s&#039;accommodent des blessures du pass\u00e9 et s&#039;organisent pour que la douleur soit supportable. D&#039;autres la nient en privil\u00e9giant les signes ext\u00e9rieurs de r\u00e9ussite.\" \/>\n<meta property=\"og:url\" content=\"https:\/\/monguide.net\/fr\/produit\/decouvrez-vos-superpouvoirs-chez-le-psy\/\" \/>\n<meta property=\"og:site_name\" content=\"Mon Guide\" \/>\n<meta property=\"article:publisher\" content=\"https:\/\/web.facebook.com\/profile.php?id=61558559594373&amp;ref=embed_page\" \/>\n<meta property=\"article:modified_time\" content=\"2026-03-27T10:34:02+00:00\" \/>\n<meta property=\"og:image\" content=\"https:\/\/monguide.net\/wp-content\/uploads\/2024\/06\/DECOUVREZ-VOS-SUPERPOUVOIRS.jpg\" \/>\n\t<meta property=\"og:image:width\" content=\"959\" \/>\n\t<meta property=\"og:image:height\" content=\"1360\" \/>\n\t<meta property=\"og:image:type\" content=\"image\/jpeg\" \/>\n<meta name=\"twitter:card\" content=\"summary_large_image\" \/>\n<meta name=\"twitter:label1\" content=\"Dur\u00e9e de lecture estim\u00e9e\" \/>\n\t<meta name=\"twitter:data1\" content=\"2 minutes\" \/>\n<script type=\"application\/ld+json\" class=\"yoast-schema-graph\">{\"@context\":\"https:\\\/\\\/schema.org\",\"@graph\":[{\"@type\":\"WebPage\",\"@id\":\"https:\\\/\\\/monguide.net\\\/produit\\\/decouvrez-vos-superpouvoirs-chez-le-psy\\\/\",\"url\":\"https:\\\/\\\/monguide.net\\\/produit\\\/decouvrez-vos-superpouvoirs-chez-le-psy\\\/\",\"name\":\"D\u00e9couvrez vos supers pouvoirs chez le Psy - Mon Guide\",\"isPartOf\":{\"@id\":\"https:\\\/\\\/monguide.net\\\/#website\"},\"primaryImageOfPage\":{\"@id\":\"https:\\\/\\\/monguide.net\\\/produit\\\/decouvrez-vos-superpouvoirs-chez-le-psy\\\/#primaryimage\"},\"image\":{\"@id\":\"https:\\\/\\\/monguide.net\\\/produit\\\/decouvrez-vos-superpouvoirs-chez-le-psy\\\/#primaryimage\"},\"thumbnailUrl\":\"https:\\\/\\\/monguide.net\\\/wp-content\\\/uploads\\\/2024\\\/06\\\/DECOUVREZ-VOS-SUPERPOUVOIRS.jpg\",\"datePublished\":\"2024-06-07T17:39:33+00:00\",\"dateModified\":\"2026-03-27T10:34:02+00:00\",\"breadcrumb\":{\"@id\":\"https:\\\/\\\/monguide.net\\\/produit\\\/decouvrez-vos-superpouvoirs-chez-le-psy\\\/#breadcrumb\"},\"inLanguage\":\"fr-FR\",\"potentialAction\":[{\"@type\":\"ReadAction\",\"target\":[\"https:\\\/\\\/monguide.net\\\/produit\\\/decouvrez-vos-superpouvoirs-chez-le-psy\\\/\"]}]},{\"@type\":\"ImageObject\",\"inLanguage\":\"fr-FR\",\"@id\":\"https:\\\/\\\/monguide.net\\\/produit\\\/decouvrez-vos-superpouvoirs-chez-le-psy\\\/#primaryimage\",\"url\":\"https:\\\/\\\/monguide.net\\\/wp-content\\\/uploads\\\/2024\\\/06\\\/DECOUVREZ-VOS-SUPERPOUVOIRS.jpg\",\"contentUrl\":\"https:\\\/\\\/monguide.net\\\/wp-content\\\/uploads\\\/2024\\\/06\\\/DECOUVREZ-VOS-SUPERPOUVOIRS.jpg\",\"width\":959,\"height\":1360},{\"@type\":\"BreadcrumbList\",\"@id\":\"https:\\\/\\\/monguide.net\\\/produit\\\/decouvrez-vos-superpouvoirs-chez-le-psy\\\/#breadcrumb\",\"itemListElement\":[{\"@type\":\"ListItem\",\"position\":1,\"name\":\"Accueil\",\"item\":\"https:\\\/\\\/monguide.net\\\/\"},{\"@type\":\"ListItem\",\"position\":2,\"name\":\"Boutique\",\"item\":\"https:\\\/\\\/monguide.net\\\/shop\\\/\"},{\"@type\":\"ListItem\",\"position\":3,\"name\":\"D\u00e9couvrez vos supers pouvoirs chez le Psy\"}]},{\"@type\":\"WebSite\",\"@id\":\"https:\\\/\\\/monguide.net\\\/#website\",\"url\":\"https:\\\/\\\/monguide.net\\\/\",\"name\":\"Mon Guide\",\"description\":\"La boussole du monde. Tous vos livres et ebook \u00e0 un endroit\",\"publisher\":{\"@id\":\"https:\\\/\\\/monguide.net\\\/#organization\"},\"potentialAction\":[{\"@type\":\"SearchAction\",\"target\":{\"@type\":\"EntryPoint\",\"urlTemplate\":\"https:\\\/\\\/monguide.net\\\/?s={search_term_string}\"},\"query-input\":{\"@type\":\"PropertyValueSpecification\",\"valueRequired\":true,\"valueName\":\"search_term_string\"}}],\"inLanguage\":\"fr-FR\"},{\"@type\":\"Organization\",\"@id\":\"https:\\\/\\\/monguide.net\\\/#organization\",\"name\":\"Mon Guide\",\"url\":\"https:\\\/\\\/monguide.net\\\/\",\"logo\":{\"@type\":\"ImageObject\",\"inLanguage\":\"fr-FR\",\"@id\":\"https:\\\/\\\/monguide.net\\\/#\\\/schema\\\/logo\\\/image\\\/\",\"url\":\"http:\\\/\\\/monguide.net\\\/wp-content\\\/uploads\\\/2024\\\/05\\\/Favicon.png\",\"contentUrl\":\"http:\\\/\\\/monguide.net\\\/wp-content\\\/uploads\\\/2024\\\/05\\\/Favicon.png\",\"width\":512,\"height\":512,\"caption\":\"Mon Guide\"},\"image\":{\"@id\":\"https:\\\/\\\/monguide.net\\\/#\\\/schema\\\/logo\\\/image\\\/\"},\"sameAs\":[\"https:\\\/\\\/web.facebook.com\\\/profile.php?id=61558559594373&ref=embed_page\"]}]}<\/script>\n<!-- \/ Yoast SEO plugin. -->","yoast_head_json":{"title":"D\u00e9couvrez vos supers pouvoirs chez le Psy - Mon Guide","robots":{"index":"index","follow":"follow","max-snippet":"max-snippet:-1","max-image-preview":"max-image-preview:large","max-video-preview":"max-video-preview:-1"},"canonical":"https:\/\/monguide.net\/fr\/produit\/decouvrez-vos-superpouvoirs-chez-le-psy\/","og_locale":"fr_FR","og_type":"article","og_title":"D\u00e9couvrez vos supers pouvoirs chez le Psy - Mon Guide","og_description":"Chacun poss\u00e8de des superpouvoirs dont il ne se sert pas\u00a0: le pouvoir de diriger sa vie, d'aimer et d'\u00eatre aim\u00e9, d'\u00eatre heureux et vivant plut\u00f4t que frustr\u00e9, prisonnier de mod\u00e8les impos\u00e9s. Mais le plus souvent, notre \u00e9ducation, les \u00e9v\u00e9nements de la vie nous laissent penser que le bonheur n'est pas pour nous. Certains s'accommodent des blessures du pass\u00e9 et s'organisent pour que la douleur soit supportable. D'autres la nient en privil\u00e9giant les signes ext\u00e9rieurs de r\u00e9ussite.","og_url":"https:\/\/monguide.net\/fr\/produit\/decouvrez-vos-superpouvoirs-chez-le-psy\/","og_site_name":"Mon Guide","article_publisher":"https:\/\/web.facebook.com\/profile.php?id=61558559594373&ref=embed_page","article_modified_time":"2026-03-27T10:34:02+00:00","og_image":[{"width":959,"height":1360,"url":"https:\/\/monguide.net\/wp-content\/uploads\/2024\/06\/DECOUVREZ-VOS-SUPERPOUVOIRS.jpg","type":"image\/jpeg"}],"twitter_card":"summary_large_image","twitter_misc":{"Dur\u00e9e de lecture estim\u00e9e":"2 minutes"},"schema":{"@context":"https:\/\/schema.org","@graph":[{"@type":"WebPage","@id":"https:\/\/monguide.net\/produit\/decouvrez-vos-superpouvoirs-chez-le-psy\/","url":"https:\/\/monguide.net\/produit\/decouvrez-vos-superpouvoirs-chez-le-psy\/","name":"D\u00e9couvrez vos supers pouvoirs chez le Psy - Mon Guide","isPartOf":{"@id":"https:\/\/monguide.net\/#website"},"primaryImageOfPage":{"@id":"https:\/\/monguide.net\/produit\/decouvrez-vos-superpouvoirs-chez-le-psy\/#primaryimage"},"image":{"@id":"https:\/\/monguide.net\/produit\/decouvrez-vos-superpouvoirs-chez-le-psy\/#primaryimage"},"thumbnailUrl":"https:\/\/monguide.net\/wp-content\/uploads\/2024\/06\/DECOUVREZ-VOS-SUPERPOUVOIRS.jpg","datePublished":"2024-06-07T17:39:33+00:00","dateModified":"2026-03-27T10:34:02+00:00","breadcrumb":{"@id":"https:\/\/monguide.net\/produit\/decouvrez-vos-superpouvoirs-chez-le-psy\/#breadcrumb"},"inLanguage":"fr-FR","potentialAction":[{"@type":"ReadAction","target":["https:\/\/monguide.net\/produit\/decouvrez-vos-superpouvoirs-chez-le-psy\/"]}]},{"@type":"ImageObject","inLanguage":"fr-FR","@id":"https:\/\/monguide.net\/produit\/decouvrez-vos-superpouvoirs-chez-le-psy\/#primaryimage","url":"https:\/\/monguide.net\/wp-content\/uploads\/2024\/06\/DECOUVREZ-VOS-SUPERPOUVOIRS.jpg","contentUrl":"https:\/\/monguide.net\/wp-content\/uploads\/2024\/06\/DECOUVREZ-VOS-SUPERPOUVOIRS.jpg","width":959,"height":1360},{"@type":"BreadcrumbList","@id":"https:\/\/monguide.net\/produit\/decouvrez-vos-superpouvoirs-chez-le-psy\/#breadcrumb","itemListElement":[{"@type":"ListItem","position":1,"name":"Accueil","item":"https:\/\/monguide.net\/"},{"@type":"ListItem","position":2,"name":"Boutique","item":"https:\/\/monguide.net\/shop\/"},{"@type":"ListItem","position":3,"name":"D\u00e9couvrez vos supers pouvoirs chez le Psy"}]},{"@type":"WebSite","@id":"https:\/\/monguide.net\/#website","url":"https:\/\/monguide.net\/","name":"Mon Guide","description":"La boussole du monde. Tous vos livres et ebook \u00e0 un endroit","publisher":{"@id":"https:\/\/monguide.net\/#organization"},"potentialAction":[{"@type":"SearchAction","target":{"@type":"EntryPoint","urlTemplate":"https:\/\/monguide.net\/?s={search_term_string}"},"query-input":{"@type":"PropertyValueSpecification","valueRequired":true,"valueName":"search_term_string"}}],"inLanguage":"fr-FR"},{"@type":"Organization","@id":"https:\/\/monguide.net\/#organization","name":"Mon Guide","url":"https:\/\/monguide.net\/","logo":{"@type":"ImageObject","inLanguage":"fr-FR","@id":"https:\/\/monguide.net\/#\/schema\/logo\/image\/","url":"https:\/\/monguide.net\/wp-content\/uploads\/2024\/05\/Favicon.png","contentUrl":"https:\/\/monguide.net\/wp-content\/uploads\/2024\/05\/Favicon.png","width":512,"height":512,"caption":"Mon Guide"},"image":{"@id":"https:\/\/monguide.net\/#\/schema\/logo\/image\/"},"sameAs":["https:\/\/web.facebook.com\/profile.php?id=61558559594373&ref=embed_page"]}]}},"jetpack_sharing_enabled":true,"_links":{"self":[{"href":"https:\/\/monguide.net\/fr\/wp-json\/wp\/v2\/product\/17636","targetHints":{"allow":["GET"]}}],"collection":[{"href":"https:\/\/monguide.net\/fr\/wp-json\/wp\/v2\/product"}],"about":[{"href":"https:\/\/monguide.net\/fr\/wp-json\/wp\/v2\/types\/product"}],"replies":[{"embeddable":true,"href":"https:\/\/monguide.net\/fr\/wp-json\/wp\/v2\/comments?post=17636"}],"version-history":[{"count":0,"href":"https:\/\/monguide.net\/fr\/wp-json\/wp\/v2\/product\/17636\/revisions"}],"wp:featuredmedia":[{"embeddable":true,"href":"https:\/\/monguide.net\/fr\/wp-json\/wp\/v2\/media\/17638"}],"wp:attachment":[{"href":"https:\/\/monguide.net\/fr\/wp-json\/wp\/v2\/media?parent=17636"}],"wp:term":[{"taxonomy":"product_cat","embeddable":true,"href":"https:\/\/monguide.net\/fr\/wp-json\/wp\/v2\/product_cat?post=17636"},{"taxonomy":"product_tag","embeddable":true,"href":"https:\/\/monguide.net\/fr\/wp-json\/wp\/v2\/product_tag?post=17636"}],"curies":[{"name":"wp","href":"https:\/\/api.w.org\/{rel}","templated":true}]}}