{"id":17691,"date":"2024-06-08T11:11:46","date_gmt":"2024-06-08T09:11:46","guid":{"rendered":"https:\/\/monguide.net\/?post_type=product&#038;p=17691"},"modified":"2026-03-27T11:34:04","modified_gmt":"2026-03-27T10:34:04","slug":"confiance-illimitee-comment-reussir-et-choisir-sa-vie-en-toute-liberte","status":"publish","type":"product","link":"https:\/\/monguide.net\/fr\/produit\/confiance-illimitee-comment-reussir-et-choisir-sa-vie-en-toute-liberte\/","title":{"rendered":"Confiance illimit\u00e9e: Comment r\u00e9ussir et choisir sa vie en toute libert\u00e9"},"content":{"rendered":"<p>&#8220;Confiance Illimit\u00e9&#8221; d\u00e9voile les meilleures approches issues des derni\u00e8res recherches dans les domaines des neurosciences, du leadership et de la performance pour augmenter en quelques \u00e9tapes votre confiance et votre estime de vous. Malgr\u00e9 vos doutes, votre environnement, vos relations et votre situation, ma\u00eetrisez cette attitude int\u00e9rieure positive pour retrouver la libert\u00e9 d&#8217;action et la performance essentielle \u00e0 l&#8217;\u00e9volution de votre vie personnelle et professionnelle.<br \/>\nLa confiance en soi est la facult\u00e9 d\u2019agir \u00e0 bon escient et avec efficacit\u00e9 dans n\u2019importe quelle situation, quelle que soit la difficult\u00e9 pr\u00e9sent\u00e9e pour la personne qui l\u2019affronte.<br \/>\nLa confiance en soi n\u2019est pas une pilule miracle ou un produit magique qu\u2019on trouve entre deux coins de rue. La confiance n\u2019est pas non plus inn\u00e9e : elle s\u2019apprend. Elle se renforce. Ava Gardner s\u2019estimait pi\u00e8tre com\u00e9dienne et Marilyn Monroe ne se trouvait pas belle. Ces deux stars mondialement courtis\u00e9es n\u2019ont cess\u00e9 de regarder dans le regard des autres la confirmation de leur valeur. Et n\u2019allez pas croire que l\u2019argent ou le poste augmentent la confiance en soi.<br \/>\nLa confiance est \u00e0 travailler en vous-m\u00eame. Seulement 19% des patrons estiment avoir gagn\u00e9 en confiance en eux depuis qu\u2019ils sont chefs d\u2019entreprise.<\/p>\n<p>Format: PDF<\/p>\n<p>Nombre de page: 180<\/p>\n<p>Langue: Fran\u00e7ais<\/p>","protected":false},"excerpt":{"rendered":"<p>&#8220;Confiance Illimit\u00e9&#8221; guide de 180 pages, au format PDF, disponible uniquement en t\u00e9l\u00e9chargement d\u00e9voile les meilleures approches issues des derni\u00e8res recherches dans les domaines des neurosciences, du leadership et de la performance pour augmenter en quelques \u00e9tapes votre confiance et votre estime de vous. Malgr\u00e9 vos doutes, votre environnement, vos relations et votre situation, ma\u00eetrisez cette attitude int\u00e9rieure positive pour retrouver la libert\u00e9 d&#8217;action et la performance essentielle \u00e0 l&#8217;\u00e9volution de votre vie personnelle et professionnelle.<\/p>","protected":false},"featured_media":17693,"comment_status":"open","ping_status":"closed","template":"","meta":[],"product_cat":[91,92,317,387],"product_tag":[],"class_list":{"0":"post-17691","1":"product","2":"type-product","3":"status-publish","4":"has-post-thumbnail","6":"product_cat-confiance-en-soi","7":"product_cat-le-developpement-personnel","8":"product_cat-pdf","9":"product_cat-psychologie","11":"first","12":"instock","13":"sale","14":"downloadable","15":"shipping-taxable","16":"purchasable","17":"product-type-simple","18":"add-to-wishlist-after_add_to_cart"},"yoast_head":"<!-- This site is optimized with the Yoast SEO plugin v27.4 - https:\/\/yoast.com\/product\/yoast-seo-wordpress\/ -->\n<title>Confiance illimit\u00e9e: Comment r\u00e9ussir et choisir sa vie en toute libert\u00e9 - Mon Guide<\/title>\n<meta name=\"robots\" content=\"index, follow, max-snippet:-1, max-image-preview:large, max-video-preview:-1\" \/>\n<link rel=\"canonical\" href=\"https:\/\/monguide.net\/fr\/produit\/confiance-illimitee-comment-reussir-et-choisir-sa-vie-en-toute-liberte\/\" \/>\n<meta property=\"og:locale\" content=\"fr_FR\" \/>\n<meta property=\"og:type\" content=\"article\" \/>\n<meta property=\"og:title\" content=\"Confiance illimit\u00e9e: Comment r\u00e9ussir et choisir sa vie en toute libert\u00e9 - Mon Guide\" \/>\n<meta property=\"og:description\" content=\"&quot;Confiance Illimit\u00e9&quot; guide de 180 pages, au format PDF, disponible uniquement en t\u00e9l\u00e9chargement d\u00e9voile les meilleures approches issues des derni\u00e8res recherches dans les domaines des neurosciences, du leadership et de la performance pour augmenter en quelques \u00e9tapes votre confiance et votre estime de vous. Malgr\u00e9 vos doutes, votre environnement, vos relations et votre situation, ma\u00eetrisez cette attitude int\u00e9rieure positive pour retrouver la libert\u00e9 d&#039;action et la performance essentielle \u00e0 l&#039;\u00e9volution de votre vie personnelle et professionnelle.\" \/>\n<meta property=\"og:url\" content=\"https:\/\/monguide.net\/fr\/produit\/confiance-illimitee-comment-reussir-et-choisir-sa-vie-en-toute-liberte\/\" \/>\n<meta property=\"og:site_name\" content=\"Mon Guide\" \/>\n<meta property=\"article:publisher\" content=\"https:\/\/web.facebook.com\/profile.php?id=61558559594373&amp;ref=embed_page\" \/>\n<meta property=\"article:modified_time\" content=\"2026-03-27T10:34:04+00:00\" \/>\n<meta property=\"og:image\" content=\"https:\/\/monguide.net\/wp-content\/uploads\/2024\/06\/confiance-illimite.jpg\" \/>\n\t<meta property=\"og:image:width\" content=\"1000\" \/>\n\t<meta property=\"og:image:height\" content=\"1480\" \/>\n\t<meta property=\"og:image:type\" content=\"image\/jpeg\" \/>\n<meta name=\"twitter:card\" content=\"summary_large_image\" \/>\n<meta name=\"twitter:label1\" content=\"Dur\u00e9e de lecture estim\u00e9e\" \/>\n\t<meta name=\"twitter:data1\" content=\"2 minutes\" \/>\n<script type=\"application\/ld+json\" class=\"yoast-schema-graph\">{\"@context\":\"https:\\\/\\\/schema.org\",\"@graph\":[{\"@type\":\"WebPage\",\"@id\":\"https:\\\/\\\/monguide.net\\\/produit\\\/confiance-illimitee-comment-reussir-et-choisir-sa-vie-en-toute-liberte\\\/\",\"url\":\"https:\\\/\\\/monguide.net\\\/produit\\\/confiance-illimitee-comment-reussir-et-choisir-sa-vie-en-toute-liberte\\\/\",\"name\":\"Confiance illimit\u00e9e: Comment r\u00e9ussir et choisir sa vie en toute libert\u00e9 - Mon Guide\",\"isPartOf\":{\"@id\":\"https:\\\/\\\/monguide.net\\\/#website\"},\"primaryImageOfPage\":{\"@id\":\"https:\\\/\\\/monguide.net\\\/produit\\\/confiance-illimitee-comment-reussir-et-choisir-sa-vie-en-toute-liberte\\\/#primaryimage\"},\"image\":{\"@id\":\"https:\\\/\\\/monguide.net\\\/produit\\\/confiance-illimitee-comment-reussir-et-choisir-sa-vie-en-toute-liberte\\\/#primaryimage\"},\"thumbnailUrl\":\"https:\\\/\\\/monguide.net\\\/wp-content\\\/uploads\\\/2024\\\/06\\\/confiance-illimite.jpg\",\"datePublished\":\"2024-06-08T09:11:46+00:00\",\"dateModified\":\"2026-03-27T10:34:04+00:00\",\"breadcrumb\":{\"@id\":\"https:\\\/\\\/monguide.net\\\/produit\\\/confiance-illimitee-comment-reussir-et-choisir-sa-vie-en-toute-liberte\\\/#breadcrumb\"},\"inLanguage\":\"fr-FR\",\"potentialAction\":[{\"@type\":\"ReadAction\",\"target\":[\"https:\\\/\\\/monguide.net\\\/produit\\\/confiance-illimitee-comment-reussir-et-choisir-sa-vie-en-toute-liberte\\\/\"]}]},{\"@type\":\"ImageObject\",\"inLanguage\":\"fr-FR\",\"@id\":\"https:\\\/\\\/monguide.net\\\/produit\\\/confiance-illimitee-comment-reussir-et-choisir-sa-vie-en-toute-liberte\\\/#primaryimage\",\"url\":\"https:\\\/\\\/monguide.net\\\/wp-content\\\/uploads\\\/2024\\\/06\\\/confiance-illimite.jpg\",\"contentUrl\":\"https:\\\/\\\/monguide.net\\\/wp-content\\\/uploads\\\/2024\\\/06\\\/confiance-illimite.jpg\",\"width\":1000,\"height\":1480},{\"@type\":\"BreadcrumbList\",\"@id\":\"https:\\\/\\\/monguide.net\\\/produit\\\/confiance-illimitee-comment-reussir-et-choisir-sa-vie-en-toute-liberte\\\/#breadcrumb\",\"itemListElement\":[{\"@type\":\"ListItem\",\"position\":1,\"name\":\"Accueil\",\"item\":\"https:\\\/\\\/monguide.net\\\/\"},{\"@type\":\"ListItem\",\"position\":2,\"name\":\"Boutique\",\"item\":\"https:\\\/\\\/monguide.net\\\/shop\\\/\"},{\"@type\":\"ListItem\",\"position\":3,\"name\":\"Confiance illimit\u00e9e: Comment r\u00e9ussir et choisir sa vie en toute libert\u00e9\"}]},{\"@type\":\"WebSite\",\"@id\":\"https:\\\/\\\/monguide.net\\\/#website\",\"url\":\"https:\\\/\\\/monguide.net\\\/\",\"name\":\"Mon Guide\",\"description\":\"La boussole du monde. Tous vos livres et ebook \u00e0 un endroit\",\"publisher\":{\"@id\":\"https:\\\/\\\/monguide.net\\\/#organization\"},\"potentialAction\":[{\"@type\":\"SearchAction\",\"target\":{\"@type\":\"EntryPoint\",\"urlTemplate\":\"https:\\\/\\\/monguide.net\\\/?s={search_term_string}\"},\"query-input\":{\"@type\":\"PropertyValueSpecification\",\"valueRequired\":true,\"valueName\":\"search_term_string\"}}],\"inLanguage\":\"fr-FR\"},{\"@type\":\"Organization\",\"@id\":\"https:\\\/\\\/monguide.net\\\/#organization\",\"name\":\"Mon Guide\",\"url\":\"https:\\\/\\\/monguide.net\\\/\",\"logo\":{\"@type\":\"ImageObject\",\"inLanguage\":\"fr-FR\",\"@id\":\"https:\\\/\\\/monguide.net\\\/#\\\/schema\\\/logo\\\/image\\\/\",\"url\":\"http:\\\/\\\/monguide.net\\\/wp-content\\\/uploads\\\/2024\\\/05\\\/Favicon.png\",\"contentUrl\":\"http:\\\/\\\/monguide.net\\\/wp-content\\\/uploads\\\/2024\\\/05\\\/Favicon.png\",\"width\":512,\"height\":512,\"caption\":\"Mon Guide\"},\"image\":{\"@id\":\"https:\\\/\\\/monguide.net\\\/#\\\/schema\\\/logo\\\/image\\\/\"},\"sameAs\":[\"https:\\\/\\\/web.facebook.com\\\/profile.php?id=61558559594373&ref=embed_page\"]}]}<\/script>\n<!-- \/ Yoast SEO plugin. -->","yoast_head_json":{"title":"Confiance illimit\u00e9e: Comment r\u00e9ussir et choisir sa vie en toute libert\u00e9 - Mon Guide","robots":{"index":"index","follow":"follow","max-snippet":"max-snippet:-1","max-image-preview":"max-image-preview:large","max-video-preview":"max-video-preview:-1"},"canonical":"https:\/\/monguide.net\/fr\/produit\/confiance-illimitee-comment-reussir-et-choisir-sa-vie-en-toute-liberte\/","og_locale":"fr_FR","og_type":"article","og_title":"Confiance illimit\u00e9e: Comment r\u00e9ussir et choisir sa vie en toute libert\u00e9 - Mon Guide","og_description":"\"Confiance Illimit\u00e9\" guide de 180 pages, au format PDF, disponible uniquement en t\u00e9l\u00e9chargement d\u00e9voile les meilleures approches issues des derni\u00e8res recherches dans les domaines des neurosciences, du leadership et de la performance pour augmenter en quelques \u00e9tapes votre confiance et votre estime de vous. Malgr\u00e9 vos doutes, votre environnement, vos relations et votre situation, ma\u00eetrisez cette attitude int\u00e9rieure positive pour retrouver la libert\u00e9 d'action et la performance essentielle \u00e0 l'\u00e9volution de votre vie personnelle et professionnelle.","og_url":"https:\/\/monguide.net\/fr\/produit\/confiance-illimitee-comment-reussir-et-choisir-sa-vie-en-toute-liberte\/","og_site_name":"Mon Guide","article_publisher":"https:\/\/web.facebook.com\/profile.php?id=61558559594373&ref=embed_page","article_modified_time":"2026-03-27T10:34:04+00:00","og_image":[{"width":1000,"height":1480,"url":"https:\/\/monguide.net\/wp-content\/uploads\/2024\/06\/confiance-illimite.jpg","type":"image\/jpeg"}],"twitter_card":"summary_large_image","twitter_misc":{"Dur\u00e9e de lecture estim\u00e9e":"2 minutes"},"schema":{"@context":"https:\/\/schema.org","@graph":[{"@type":"WebPage","@id":"https:\/\/monguide.net\/produit\/confiance-illimitee-comment-reussir-et-choisir-sa-vie-en-toute-liberte\/","url":"https:\/\/monguide.net\/produit\/confiance-illimitee-comment-reussir-et-choisir-sa-vie-en-toute-liberte\/","name":"Confiance illimit\u00e9e: Comment r\u00e9ussir et choisir sa vie en toute libert\u00e9 - Mon Guide","isPartOf":{"@id":"https:\/\/monguide.net\/#website"},"primaryImageOfPage":{"@id":"https:\/\/monguide.net\/produit\/confiance-illimitee-comment-reussir-et-choisir-sa-vie-en-toute-liberte\/#primaryimage"},"image":{"@id":"https:\/\/monguide.net\/produit\/confiance-illimitee-comment-reussir-et-choisir-sa-vie-en-toute-liberte\/#primaryimage"},"thumbnailUrl":"https:\/\/monguide.net\/wp-content\/uploads\/2024\/06\/confiance-illimite.jpg","datePublished":"2024-06-08T09:11:46+00:00","dateModified":"2026-03-27T10:34:04+00:00","breadcrumb":{"@id":"https:\/\/monguide.net\/produit\/confiance-illimitee-comment-reussir-et-choisir-sa-vie-en-toute-liberte\/#breadcrumb"},"inLanguage":"fr-FR","potentialAction":[{"@type":"ReadAction","target":["https:\/\/monguide.net\/produit\/confiance-illimitee-comment-reussir-et-choisir-sa-vie-en-toute-liberte\/"]}]},{"@type":"ImageObject","inLanguage":"fr-FR","@id":"https:\/\/monguide.net\/produit\/confiance-illimitee-comment-reussir-et-choisir-sa-vie-en-toute-liberte\/#primaryimage","url":"https:\/\/monguide.net\/wp-content\/uploads\/2024\/06\/confiance-illimite.jpg","contentUrl":"https:\/\/monguide.net\/wp-content\/uploads\/2024\/06\/confiance-illimite.jpg","width":1000,"height":1480},{"@type":"BreadcrumbList","@id":"https:\/\/monguide.net\/produit\/confiance-illimitee-comment-reussir-et-choisir-sa-vie-en-toute-liberte\/#breadcrumb","itemListElement":[{"@type":"ListItem","position":1,"name":"Accueil","item":"https:\/\/monguide.net\/"},{"@type":"ListItem","position":2,"name":"Boutique","item":"https:\/\/monguide.net\/shop\/"},{"@type":"ListItem","position":3,"name":"Confiance illimit\u00e9e: Comment r\u00e9ussir et choisir sa vie en toute libert\u00e9"}]},{"@type":"WebSite","@id":"https:\/\/monguide.net\/#website","url":"https:\/\/monguide.net\/","name":"Mon Guide","description":"La boussole du monde. Tous vos livres et ebook \u00e0 un endroit","publisher":{"@id":"https:\/\/monguide.net\/#organization"},"potentialAction":[{"@type":"SearchAction","target":{"@type":"EntryPoint","urlTemplate":"https:\/\/monguide.net\/?s={search_term_string}"},"query-input":{"@type":"PropertyValueSpecification","valueRequired":true,"valueName":"search_term_string"}}],"inLanguage":"fr-FR"},{"@type":"Organization","@id":"https:\/\/monguide.net\/#organization","name":"Mon Guide","url":"https:\/\/monguide.net\/","logo":{"@type":"ImageObject","inLanguage":"fr-FR","@id":"https:\/\/monguide.net\/#\/schema\/logo\/image\/","url":"https:\/\/monguide.net\/wp-content\/uploads\/2024\/05\/Favicon.png","contentUrl":"https:\/\/monguide.net\/wp-content\/uploads\/2024\/05\/Favicon.png","width":512,"height":512,"caption":"Mon Guide"},"image":{"@id":"https:\/\/monguide.net\/#\/schema\/logo\/image\/"},"sameAs":["https:\/\/web.facebook.com\/profile.php?id=61558559594373&ref=embed_page"]}]}},"jetpack_sharing_enabled":true,"_links":{"self":[{"href":"https:\/\/monguide.net\/fr\/wp-json\/wp\/v2\/product\/17691","targetHints":{"allow":["GET"]}}],"collection":[{"href":"https:\/\/monguide.net\/fr\/wp-json\/wp\/v2\/product"}],"about":[{"href":"https:\/\/monguide.net\/fr\/wp-json\/wp\/v2\/types\/product"}],"replies":[{"embeddable":true,"href":"https:\/\/monguide.net\/fr\/wp-json\/wp\/v2\/comments?post=17691"}],"version-history":[{"count":0,"href":"https:\/\/monguide.net\/fr\/wp-json\/wp\/v2\/product\/17691\/revisions"}],"wp:featuredmedia":[{"embeddable":true,"href":"https:\/\/monguide.net\/fr\/wp-json\/wp\/v2\/media\/17693"}],"wp:attachment":[{"href":"https:\/\/monguide.net\/fr\/wp-json\/wp\/v2\/media?parent=17691"}],"wp:term":[{"taxonomy":"product_cat","embeddable":true,"href":"https:\/\/monguide.net\/fr\/wp-json\/wp\/v2\/product_cat?post=17691"},{"taxonomy":"product_tag","embeddable":true,"href":"https:\/\/monguide.net\/fr\/wp-json\/wp\/v2\/product_tag?post=17691"}],"curies":[{"name":"wp","href":"https:\/\/api.w.org\/{rel}","templated":true}]}}