{"id":17699,"date":"2024-06-08T12:27:16","date_gmt":"2024-06-08T10:27:16","guid":{"rendered":"https:\/\/monguide.net\/?post_type=product&#038;p=17699"},"modified":"2026-03-27T11:34:05","modified_gmt":"2026-03-27T10:34:05","slug":"miracle-morning","status":"publish","type":"product","link":"https:\/\/monguide.net\/fr\/produit\/miracle-morning\/","title":{"rendered":"Miracle Morning &#8211; Offrez vous un suppl\u00e9ment de vie"},"content":{"rendered":"<p>Debout ! Vous avez rendez-vous avez le succ\u00e8s.<br \/>\nQuel est le point commun entre Richard Branson, patron de Virgin, Anna Wintour, directrice du Vogue US, Tim Cook (Apple), Marissa Mayer (Yahoo !) ? Le succ\u00e8s ? Certainement. Un emploi du temps de ministre ? Aussi. Mais surtout un secret jusqu&#8217;ici bien gard\u00e9, et lumineux une fois r\u00e9v\u00e9l\u00e9. Toutes ces personnalit\u00e9s ont l&#8217;habitude de se lever avant l&#8217;aube, et de d\u00e9marrer leur journ\u00e9e par une \u00e0 deux heures rien qu&#8217;\u00e0 eux. Deux heures pour faire du sport, m\u00e9diter, se cultiver, mettre en route leur journ\u00e9e&#8230; Devenir meilleur, en somme !<br \/>\nSe lever t\u00f4t, d&#8217;accord, mais comment et pour quoi faire ?<br \/>\nAvant 8 heures imp\u00e9rativement, et d&#8217;un bond, sans se laisser la possibilit\u00e9 de tergiverser.<br \/>\nEn sachant tr\u00e8s clairement comment remplir cette heure ou ces deux heures que l&#8217;on s&#8217;offre, comme un &#8220;suppl\u00e9ment de vie&#8217;.<br \/>\nEn profitant de ce moment calme, sans t\u00e9l\u00e9phone ni mails, pendant que la maisonn\u00e9e dort, pour m\u00e9diter, faire du sport, \u00e9crire, lire mais surtout, pr\u00e9parer les objectifs de sa journ\u00e9e, \u00e0 chaque fois comme une nouvelle petite aventure \u00e0 entamer. Un livre motivant, inspirant, \u00e0 la port\u00e9e de tous.<\/p>\n<p>Format: PDF<\/p>\n<p>Nombre de page: 414<\/p>\n<p>Langue: Fran\u00e7ais<\/p>","protected":false},"excerpt":{"rendered":"<p>Debout ! Vous avez rendez-vous avez le succ\u00e8s.<br \/>\nQuel est le point commun entre Richard Branson, patron de Virgin, Anna Wintour, directrice du Vogue US, Tim Cook (Apple), Marissa Mayer (Yahoo !) ? Le succ\u00e8s ? Certainement. Un emploi du temps de ministre ? Aussi. Mais surtout un secret jusqu&#8217;ici bien gard\u00e9, et lumineux une fois r\u00e9v\u00e9l\u00e9. Toutes ces personnalit\u00e9s ont l&#8217;habitude de se lever avant l&#8217;aube, et de d\u00e9marrer leur journ\u00e9e par une \u00e0 deux heures rien qu&#8217;\u00e0 eux. Deux heures pour faire du sport, m\u00e9diter, se cultiver, mettre en route leur journ\u00e9e&#8230; Devenir meilleur, en somme !<br \/>\nSe lever t\u00f4t, d&#8217;accord, mais comment et pour quoi faire ?<\/p>","protected":false},"featured_media":17701,"comment_status":"open","ping_status":"closed","template":"","meta":[],"product_cat":[91,463,92,317,387],"product_tag":[],"class_list":{"0":"post-17699","1":"product","2":"type-product","3":"status-publish","4":"has-post-thumbnail","6":"product_cat-confiance-en-soi","7":"product_cat-connaissances","8":"product_cat-le-developpement-personnel","9":"product_cat-pdf","10":"product_cat-psychologie","12":"first","13":"instock","14":"sale","15":"downloadable","16":"shipping-taxable","17":"purchasable","18":"product-type-simple","19":"add-to-wishlist-after_add_to_cart"},"yoast_head":"<!-- This site is optimized with the Yoast SEO plugin v27.4 - https:\/\/yoast.com\/product\/yoast-seo-wordpress\/ -->\n<title>Miracle Morning - Offrez vous un suppl\u00e9ment de vie - Mon Guide<\/title>\n<meta name=\"robots\" content=\"index, follow, max-snippet:-1, max-image-preview:large, max-video-preview:-1\" \/>\n<link rel=\"canonical\" href=\"https:\/\/monguide.net\/fr\/produit\/miracle-morning\/\" \/>\n<meta property=\"og:locale\" content=\"fr_FR\" \/>\n<meta property=\"og:type\" content=\"article\" \/>\n<meta property=\"og:title\" content=\"Miracle Morning - Offrez vous un suppl\u00e9ment de vie - Mon Guide\" \/>\n<meta property=\"og:description\" content=\"Debout ! Vous avez rendez-vous avez le succ\u00e8s. Quel est le point commun entre Richard Branson, patron de Virgin, Anna Wintour, directrice du Vogue US, Tim Cook (Apple), Marissa Mayer (Yahoo !) ? Le succ\u00e8s ? Certainement. Un emploi du temps de ministre ? Aussi. Mais surtout un secret jusqu&#039;ici bien gard\u00e9, et lumineux une fois r\u00e9v\u00e9l\u00e9. Toutes ces personnalit\u00e9s ont l&#039;habitude de se lever avant l&#039;aube, et de d\u00e9marrer leur journ\u00e9e par une \u00e0 deux heures rien qu&#039;\u00e0 eux. Deux heures pour faire du sport, m\u00e9diter, se cultiver, mettre en route leur journ\u00e9e... Devenir meilleur, en somme ! Se lever t\u00f4t, d&#039;accord, mais comment et pour quoi faire ?\" \/>\n<meta property=\"og:url\" content=\"https:\/\/monguide.net\/fr\/produit\/miracle-morning\/\" \/>\n<meta property=\"og:site_name\" content=\"Mon Guide\" \/>\n<meta property=\"article:publisher\" content=\"https:\/\/web.facebook.com\/profile.php?id=61558559594373&amp;ref=embed_page\" \/>\n<meta property=\"article:modified_time\" content=\"2026-03-27T10:34:05+00:00\" \/>\n<meta property=\"og:image\" content=\"https:\/\/monguide.net\/wp-content\/uploads\/2024\/06\/MIRACLE-MORNING.jpg\" \/>\n\t<meta property=\"og:image:width\" content=\"932\" \/>\n\t<meta property=\"og:image:height\" content=\"1500\" \/>\n\t<meta property=\"og:image:type\" content=\"image\/jpeg\" \/>\n<meta name=\"twitter:card\" content=\"summary_large_image\" \/>\n<meta name=\"twitter:label1\" content=\"Dur\u00e9e de lecture estim\u00e9e\" \/>\n\t<meta name=\"twitter:data1\" content=\"2 minutes\" \/>\n<script type=\"application\/ld+json\" class=\"yoast-schema-graph\">{\"@context\":\"https:\\\/\\\/schema.org\",\"@graph\":[{\"@type\":\"WebPage\",\"@id\":\"https:\\\/\\\/monguide.net\\\/produit\\\/miracle-morning\\\/\",\"url\":\"https:\\\/\\\/monguide.net\\\/produit\\\/miracle-morning\\\/\",\"name\":\"Miracle Morning - Offrez vous un suppl\u00e9ment de vie - Mon Guide\",\"isPartOf\":{\"@id\":\"https:\\\/\\\/monguide.net\\\/#website\"},\"primaryImageOfPage\":{\"@id\":\"https:\\\/\\\/monguide.net\\\/produit\\\/miracle-morning\\\/#primaryimage\"},\"image\":{\"@id\":\"https:\\\/\\\/monguide.net\\\/produit\\\/miracle-morning\\\/#primaryimage\"},\"thumbnailUrl\":\"https:\\\/\\\/monguide.net\\\/wp-content\\\/uploads\\\/2024\\\/06\\\/MIRACLE-MORNING.jpg\",\"datePublished\":\"2024-06-08T10:27:16+00:00\",\"dateModified\":\"2026-03-27T10:34:05+00:00\",\"breadcrumb\":{\"@id\":\"https:\\\/\\\/monguide.net\\\/produit\\\/miracle-morning\\\/#breadcrumb\"},\"inLanguage\":\"fr-FR\",\"potentialAction\":[{\"@type\":\"ReadAction\",\"target\":[\"https:\\\/\\\/monguide.net\\\/produit\\\/miracle-morning\\\/\"]}]},{\"@type\":\"ImageObject\",\"inLanguage\":\"fr-FR\",\"@id\":\"https:\\\/\\\/monguide.net\\\/produit\\\/miracle-morning\\\/#primaryimage\",\"url\":\"https:\\\/\\\/monguide.net\\\/wp-content\\\/uploads\\\/2024\\\/06\\\/MIRACLE-MORNING.jpg\",\"contentUrl\":\"https:\\\/\\\/monguide.net\\\/wp-content\\\/uploads\\\/2024\\\/06\\\/MIRACLE-MORNING.jpg\",\"width\":932,\"height\":1500},{\"@type\":\"BreadcrumbList\",\"@id\":\"https:\\\/\\\/monguide.net\\\/produit\\\/miracle-morning\\\/#breadcrumb\",\"itemListElement\":[{\"@type\":\"ListItem\",\"position\":1,\"name\":\"Accueil\",\"item\":\"https:\\\/\\\/monguide.net\\\/\"},{\"@type\":\"ListItem\",\"position\":2,\"name\":\"Boutique\",\"item\":\"https:\\\/\\\/monguide.net\\\/shop\\\/\"},{\"@type\":\"ListItem\",\"position\":3,\"name\":\"Miracle Morning &#8211; Offrez vous un suppl\u00e9ment de vie\"}]},{\"@type\":\"WebSite\",\"@id\":\"https:\\\/\\\/monguide.net\\\/#website\",\"url\":\"https:\\\/\\\/monguide.net\\\/\",\"name\":\"Mon Guide\",\"description\":\"La boussole du monde. Tous vos livres et ebook \u00e0 un endroit\",\"publisher\":{\"@id\":\"https:\\\/\\\/monguide.net\\\/#organization\"},\"potentialAction\":[{\"@type\":\"SearchAction\",\"target\":{\"@type\":\"EntryPoint\",\"urlTemplate\":\"https:\\\/\\\/monguide.net\\\/?s={search_term_string}\"},\"query-input\":{\"@type\":\"PropertyValueSpecification\",\"valueRequired\":true,\"valueName\":\"search_term_string\"}}],\"inLanguage\":\"fr-FR\"},{\"@type\":\"Organization\",\"@id\":\"https:\\\/\\\/monguide.net\\\/#organization\",\"name\":\"Mon Guide\",\"url\":\"https:\\\/\\\/monguide.net\\\/\",\"logo\":{\"@type\":\"ImageObject\",\"inLanguage\":\"fr-FR\",\"@id\":\"https:\\\/\\\/monguide.net\\\/#\\\/schema\\\/logo\\\/image\\\/\",\"url\":\"http:\\\/\\\/monguide.net\\\/wp-content\\\/uploads\\\/2024\\\/05\\\/Favicon.png\",\"contentUrl\":\"http:\\\/\\\/monguide.net\\\/wp-content\\\/uploads\\\/2024\\\/05\\\/Favicon.png\",\"width\":512,\"height\":512,\"caption\":\"Mon Guide\"},\"image\":{\"@id\":\"https:\\\/\\\/monguide.net\\\/#\\\/schema\\\/logo\\\/image\\\/\"},\"sameAs\":[\"https:\\\/\\\/web.facebook.com\\\/profile.php?id=61558559594373&ref=embed_page\"]}]}<\/script>\n<!-- \/ Yoast SEO plugin. -->","yoast_head_json":{"title":"Miracle Morning - Offrez vous un suppl\u00e9ment de vie - Mon Guide","robots":{"index":"index","follow":"follow","max-snippet":"max-snippet:-1","max-image-preview":"max-image-preview:large","max-video-preview":"max-video-preview:-1"},"canonical":"https:\/\/monguide.net\/fr\/produit\/miracle-morning\/","og_locale":"fr_FR","og_type":"article","og_title":"Miracle Morning - Offrez vous un suppl\u00e9ment de vie - Mon Guide","og_description":"Debout ! Vous avez rendez-vous avez le succ\u00e8s. Quel est le point commun entre Richard Branson, patron de Virgin, Anna Wintour, directrice du Vogue US, Tim Cook (Apple), Marissa Mayer (Yahoo !) ? Le succ\u00e8s ? Certainement. Un emploi du temps de ministre ? Aussi. Mais surtout un secret jusqu'ici bien gard\u00e9, et lumineux une fois r\u00e9v\u00e9l\u00e9. Toutes ces personnalit\u00e9s ont l'habitude de se lever avant l'aube, et de d\u00e9marrer leur journ\u00e9e par une \u00e0 deux heures rien qu'\u00e0 eux. Deux heures pour faire du sport, m\u00e9diter, se cultiver, mettre en route leur journ\u00e9e... Devenir meilleur, en somme ! Se lever t\u00f4t, d'accord, mais comment et pour quoi faire ?","og_url":"https:\/\/monguide.net\/fr\/produit\/miracle-morning\/","og_site_name":"Mon Guide","article_publisher":"https:\/\/web.facebook.com\/profile.php?id=61558559594373&ref=embed_page","article_modified_time":"2026-03-27T10:34:05+00:00","og_image":[{"width":932,"height":1500,"url":"https:\/\/monguide.net\/wp-content\/uploads\/2024\/06\/MIRACLE-MORNING.jpg","type":"image\/jpeg"}],"twitter_card":"summary_large_image","twitter_misc":{"Dur\u00e9e de lecture estim\u00e9e":"2 minutes"},"schema":{"@context":"https:\/\/schema.org","@graph":[{"@type":"WebPage","@id":"https:\/\/monguide.net\/produit\/miracle-morning\/","url":"https:\/\/monguide.net\/produit\/miracle-morning\/","name":"Miracle Morning - Offrez vous un suppl\u00e9ment de vie - Mon Guide","isPartOf":{"@id":"https:\/\/monguide.net\/#website"},"primaryImageOfPage":{"@id":"https:\/\/monguide.net\/produit\/miracle-morning\/#primaryimage"},"image":{"@id":"https:\/\/monguide.net\/produit\/miracle-morning\/#primaryimage"},"thumbnailUrl":"https:\/\/monguide.net\/wp-content\/uploads\/2024\/06\/MIRACLE-MORNING.jpg","datePublished":"2024-06-08T10:27:16+00:00","dateModified":"2026-03-27T10:34:05+00:00","breadcrumb":{"@id":"https:\/\/monguide.net\/produit\/miracle-morning\/#breadcrumb"},"inLanguage":"fr-FR","potentialAction":[{"@type":"ReadAction","target":["https:\/\/monguide.net\/produit\/miracle-morning\/"]}]},{"@type":"ImageObject","inLanguage":"fr-FR","@id":"https:\/\/monguide.net\/produit\/miracle-morning\/#primaryimage","url":"https:\/\/monguide.net\/wp-content\/uploads\/2024\/06\/MIRACLE-MORNING.jpg","contentUrl":"https:\/\/monguide.net\/wp-content\/uploads\/2024\/06\/MIRACLE-MORNING.jpg","width":932,"height":1500},{"@type":"BreadcrumbList","@id":"https:\/\/monguide.net\/produit\/miracle-morning\/#breadcrumb","itemListElement":[{"@type":"ListItem","position":1,"name":"Accueil","item":"https:\/\/monguide.net\/"},{"@type":"ListItem","position":2,"name":"Boutique","item":"https:\/\/monguide.net\/shop\/"},{"@type":"ListItem","position":3,"name":"Miracle Morning &#8211; Offrez vous un suppl\u00e9ment de vie"}]},{"@type":"WebSite","@id":"https:\/\/monguide.net\/#website","url":"https:\/\/monguide.net\/","name":"Mon Guide","description":"La boussole du monde. Tous vos livres et ebook \u00e0 un endroit","publisher":{"@id":"https:\/\/monguide.net\/#organization"},"potentialAction":[{"@type":"SearchAction","target":{"@type":"EntryPoint","urlTemplate":"https:\/\/monguide.net\/?s={search_term_string}"},"query-input":{"@type":"PropertyValueSpecification","valueRequired":true,"valueName":"search_term_string"}}],"inLanguage":"fr-FR"},{"@type":"Organization","@id":"https:\/\/monguide.net\/#organization","name":"Mon Guide","url":"https:\/\/monguide.net\/","logo":{"@type":"ImageObject","inLanguage":"fr-FR","@id":"https:\/\/monguide.net\/#\/schema\/logo\/image\/","url":"https:\/\/monguide.net\/wp-content\/uploads\/2024\/05\/Favicon.png","contentUrl":"https:\/\/monguide.net\/wp-content\/uploads\/2024\/05\/Favicon.png","width":512,"height":512,"caption":"Mon Guide"},"image":{"@id":"https:\/\/monguide.net\/#\/schema\/logo\/image\/"},"sameAs":["https:\/\/web.facebook.com\/profile.php?id=61558559594373&ref=embed_page"]}]}},"jetpack_sharing_enabled":true,"_links":{"self":[{"href":"https:\/\/monguide.net\/fr\/wp-json\/wp\/v2\/product\/17699","targetHints":{"allow":["GET"]}}],"collection":[{"href":"https:\/\/monguide.net\/fr\/wp-json\/wp\/v2\/product"}],"about":[{"href":"https:\/\/monguide.net\/fr\/wp-json\/wp\/v2\/types\/product"}],"replies":[{"embeddable":true,"href":"https:\/\/monguide.net\/fr\/wp-json\/wp\/v2\/comments?post=17699"}],"version-history":[{"count":0,"href":"https:\/\/monguide.net\/fr\/wp-json\/wp\/v2\/product\/17699\/revisions"}],"wp:featuredmedia":[{"embeddable":true,"href":"https:\/\/monguide.net\/fr\/wp-json\/wp\/v2\/media\/17701"}],"wp:attachment":[{"href":"https:\/\/monguide.net\/fr\/wp-json\/wp\/v2\/media?parent=17699"}],"wp:term":[{"taxonomy":"product_cat","embeddable":true,"href":"https:\/\/monguide.net\/fr\/wp-json\/wp\/v2\/product_cat?post=17699"},{"taxonomy":"product_tag","embeddable":true,"href":"https:\/\/monguide.net\/fr\/wp-json\/wp\/v2\/product_tag?post=17699"}],"curies":[{"name":"wp","href":"https:\/\/api.w.org\/{rel}","templated":true}]}}