{"id":17721,"date":"2024-06-08T13:31:56","date_gmt":"2024-06-08T11:31:56","guid":{"rendered":"https:\/\/monguide.net\/?post_type=product&#038;p=17721"},"modified":"2026-03-27T11:34:05","modified_gmt":"2026-03-27T10:34:05","slug":"laffirmation-de-soi-par-le-jeu-de-role-en-therapie-comportementale-et-cognitive","status":"publish","type":"product","link":"https:\/\/monguide.net\/fr\/produit\/laffirmation-de-soi-par-le-jeu-de-role-en-therapie-comportementale-et-cognitive\/","title":{"rendered":"L&#8217;affirmation de soi par le jeu de r\u00f4le: En th\u00e9rapie comportementale et cognitive"},"content":{"rendered":"<p>L&#8217;affirmation de soi permet d&#8217;acqu\u00e9rir de nouvelles comp\u00e9tences communicationnelles et sociales et de corriger les conduites dysfonctionnelles. Le jeu de r\u00f4le en constitue un formidable outil qui vise \u00e0 am\u00e9liorer : la communication, l&#8217;aisance sociale, la d\u00e9couverte de soi. \u00e9ritable guide pratique et complet de l&#8217;affirmation de soi et de son usage par les jeux de r\u00f4le, cet ouvrage propose un panel d&#8217;outils valid\u00e9s scientifiquement, imm\u00e9diatement utilisables et op\u00e9rationnels, qui permettront \u00e0 la fois de monter des groupes d&#8217;affirmation de soi et d&#8217;aider individuellement des personnes \u00e0 ma\u00eetriser leurs difficult\u00e9s \u00e0 communiquer. Il pr\u00e9sente : des cas pratiques, des exemples d&#8217;exercice \u00e0 proposer aux patients, des r\u00e9f\u00e9rences scientifiques et des \u00e9chelles d&#8217;\u00e9valuation. Il s&#8217;adresse \u00e0 tous les professionnels qui souhaitent aider des personnes \u00e0 am\u00e9liorer leurs comp\u00e9tences relationnelles : psychologues, psychiatres, m\u00e9decins, \u00e9ducateurs, consultants, formateurs ou coach dans le domaine des relations humaines.<\/p>\n<p>Format: PDF<\/p>\n<p>Nombre de page: 169<\/p>\n<p>Langue: Fran\u00e7ais<\/p>","protected":false},"excerpt":{"rendered":"<p>guide pratique et complet de l&#8217;affirmation de soi et de son usage par les jeux de r\u00f4le, cet ouvrage de 169 pages, au format PDF, disponible uniquement en t\u00e9l\u00e9chargement propose un panel d&#8217;outils valid\u00e9s scientifiquement, imm\u00e9diatement utilisables et op\u00e9rationnels, qui permettront \u00e0 la fois de monter des groupes d&#8217;affirmation de soi et d&#8217;aider individuellement des personnes \u00e0 ma\u00eetriser leurs difficult\u00e9s \u00e0 communiquer. Il pr\u00e9sente : des cas pratiques, des exemples d&#8217;exercice \u00e0 proposer aux patients, des r\u00e9f\u00e9rences scientifiques et des \u00e9chelles d&#8217;\u00e9valuation.<\/p>","protected":false},"featured_media":17723,"comment_status":"open","ping_status":"closed","template":"","meta":[],"product_cat":[384,91,463,92,317,387],"product_tag":[],"class_list":{"0":"post-17721","1":"product","2":"type-product","3":"status-publish","4":"has-post-thumbnail","6":"product_cat-communication","7":"product_cat-confiance-en-soi","8":"product_cat-connaissances","9":"product_cat-le-developpement-personnel","10":"product_cat-pdf","11":"product_cat-psychologie","13":"first","14":"instock","15":"sale","16":"downloadable","17":"shipping-taxable","18":"purchasable","19":"product-type-simple","20":"add-to-wishlist-after_add_to_cart"},"yoast_head":"<!-- This site is optimized with the Yoast SEO plugin v27.4 - https:\/\/yoast.com\/product\/yoast-seo-wordpress\/ -->\n<title>L&#039;affirmation de soi par le jeu de r\u00f4le: En th\u00e9rapie comportementale et cognitive - Mon Guide<\/title>\n<meta name=\"robots\" content=\"index, follow, max-snippet:-1, max-image-preview:large, max-video-preview:-1\" \/>\n<link rel=\"canonical\" href=\"https:\/\/monguide.net\/fr\/produit\/laffirmation-de-soi-par-le-jeu-de-role-en-therapie-comportementale-et-cognitive\/\" \/>\n<meta property=\"og:locale\" content=\"fr_FR\" \/>\n<meta property=\"og:type\" content=\"article\" \/>\n<meta property=\"og:title\" content=\"L&#039;affirmation de soi par le jeu de r\u00f4le: En th\u00e9rapie comportementale et cognitive - Mon Guide\" \/>\n<meta property=\"og:description\" content=\"guide pratique et complet de l&#039;affirmation de soi et de son usage par les jeux de r\u00f4le, cet ouvrage de 169 pages, au format PDF, disponible uniquement en t\u00e9l\u00e9chargement propose un panel d&#039;outils valid\u00e9s scientifiquement, imm\u00e9diatement utilisables et op\u00e9rationnels, qui permettront \u00e0 la fois de monter des groupes d&#039;affirmation de soi et d&#039;aider individuellement des personnes \u00e0 ma\u00eetriser leurs difficult\u00e9s \u00e0 communiquer. Il pr\u00e9sente : des cas pratiques, des exemples d&#039;exercice \u00e0 proposer aux patients, des r\u00e9f\u00e9rences scientifiques et des \u00e9chelles d&#039;\u00e9valuation.\" \/>\n<meta property=\"og:url\" content=\"https:\/\/monguide.net\/fr\/produit\/laffirmation-de-soi-par-le-jeu-de-role-en-therapie-comportementale-et-cognitive\/\" \/>\n<meta property=\"og:site_name\" content=\"Mon Guide\" \/>\n<meta property=\"article:publisher\" content=\"https:\/\/web.facebook.com\/profile.php?id=61558559594373&amp;ref=embed_page\" \/>\n<meta property=\"article:modified_time\" content=\"2026-03-27T10:34:05+00:00\" \/>\n<meta property=\"og:image\" content=\"https:\/\/monguide.net\/wp-content\/uploads\/2024\/06\/affimation.jpg\" \/>\n\t<meta property=\"og:image:width\" content=\"317\" \/>\n\t<meta property=\"og:image:height\" content=\"500\" \/>\n\t<meta property=\"og:image:type\" content=\"image\/jpeg\" \/>\n<meta name=\"twitter:card\" content=\"summary_large_image\" \/>\n<meta name=\"twitter:label1\" content=\"Dur\u00e9e de lecture estim\u00e9e\" \/>\n\t<meta name=\"twitter:data1\" content=\"1 minute\" \/>\n<script type=\"application\/ld+json\" class=\"yoast-schema-graph\">{\"@context\":\"https:\\\/\\\/schema.org\",\"@graph\":[{\"@type\":\"WebPage\",\"@id\":\"https:\\\/\\\/monguide.net\\\/produit\\\/laffirmation-de-soi-par-le-jeu-de-role-en-therapie-comportementale-et-cognitive\\\/\",\"url\":\"https:\\\/\\\/monguide.net\\\/produit\\\/laffirmation-de-soi-par-le-jeu-de-role-en-therapie-comportementale-et-cognitive\\\/\",\"name\":\"L'affirmation de soi par le jeu de r\u00f4le: En th\u00e9rapie comportementale et cognitive - Mon Guide\",\"isPartOf\":{\"@id\":\"https:\\\/\\\/monguide.net\\\/#website\"},\"primaryImageOfPage\":{\"@id\":\"https:\\\/\\\/monguide.net\\\/produit\\\/laffirmation-de-soi-par-le-jeu-de-role-en-therapie-comportementale-et-cognitive\\\/#primaryimage\"},\"image\":{\"@id\":\"https:\\\/\\\/monguide.net\\\/produit\\\/laffirmation-de-soi-par-le-jeu-de-role-en-therapie-comportementale-et-cognitive\\\/#primaryimage\"},\"thumbnailUrl\":\"https:\\\/\\\/monguide.net\\\/wp-content\\\/uploads\\\/2024\\\/06\\\/affimation.jpg\",\"datePublished\":\"2024-06-08T11:31:56+00:00\",\"dateModified\":\"2026-03-27T10:34:05+00:00\",\"breadcrumb\":{\"@id\":\"https:\\\/\\\/monguide.net\\\/produit\\\/laffirmation-de-soi-par-le-jeu-de-role-en-therapie-comportementale-et-cognitive\\\/#breadcrumb\"},\"inLanguage\":\"fr-FR\",\"potentialAction\":[{\"@type\":\"ReadAction\",\"target\":[\"https:\\\/\\\/monguide.net\\\/produit\\\/laffirmation-de-soi-par-le-jeu-de-role-en-therapie-comportementale-et-cognitive\\\/\"]}]},{\"@type\":\"ImageObject\",\"inLanguage\":\"fr-FR\",\"@id\":\"https:\\\/\\\/monguide.net\\\/produit\\\/laffirmation-de-soi-par-le-jeu-de-role-en-therapie-comportementale-et-cognitive\\\/#primaryimage\",\"url\":\"https:\\\/\\\/monguide.net\\\/wp-content\\\/uploads\\\/2024\\\/06\\\/affimation.jpg\",\"contentUrl\":\"https:\\\/\\\/monguide.net\\\/wp-content\\\/uploads\\\/2024\\\/06\\\/affimation.jpg\",\"width\":317,\"height\":500,\"caption\":\"Version 1.0.0\"},{\"@type\":\"BreadcrumbList\",\"@id\":\"https:\\\/\\\/monguide.net\\\/produit\\\/laffirmation-de-soi-par-le-jeu-de-role-en-therapie-comportementale-et-cognitive\\\/#breadcrumb\",\"itemListElement\":[{\"@type\":\"ListItem\",\"position\":1,\"name\":\"Accueil\",\"item\":\"https:\\\/\\\/monguide.net\\\/\"},{\"@type\":\"ListItem\",\"position\":2,\"name\":\"Boutique\",\"item\":\"https:\\\/\\\/monguide.net\\\/shop\\\/\"},{\"@type\":\"ListItem\",\"position\":3,\"name\":\"L&#8217;affirmation de soi par le jeu de r\u00f4le: En th\u00e9rapie comportementale et cognitive\"}]},{\"@type\":\"WebSite\",\"@id\":\"https:\\\/\\\/monguide.net\\\/#website\",\"url\":\"https:\\\/\\\/monguide.net\\\/\",\"name\":\"Mon Guide\",\"description\":\"La boussole du monde. Tous vos livres et ebook \u00e0 un endroit\",\"publisher\":{\"@id\":\"https:\\\/\\\/monguide.net\\\/#organization\"},\"potentialAction\":[{\"@type\":\"SearchAction\",\"target\":{\"@type\":\"EntryPoint\",\"urlTemplate\":\"https:\\\/\\\/monguide.net\\\/?s={search_term_string}\"},\"query-input\":{\"@type\":\"PropertyValueSpecification\",\"valueRequired\":true,\"valueName\":\"search_term_string\"}}],\"inLanguage\":\"fr-FR\"},{\"@type\":\"Organization\",\"@id\":\"https:\\\/\\\/monguide.net\\\/#organization\",\"name\":\"Mon Guide\",\"url\":\"https:\\\/\\\/monguide.net\\\/\",\"logo\":{\"@type\":\"ImageObject\",\"inLanguage\":\"fr-FR\",\"@id\":\"https:\\\/\\\/monguide.net\\\/#\\\/schema\\\/logo\\\/image\\\/\",\"url\":\"http:\\\/\\\/monguide.net\\\/wp-content\\\/uploads\\\/2024\\\/05\\\/Favicon.png\",\"contentUrl\":\"http:\\\/\\\/monguide.net\\\/wp-content\\\/uploads\\\/2024\\\/05\\\/Favicon.png\",\"width\":512,\"height\":512,\"caption\":\"Mon Guide\"},\"image\":{\"@id\":\"https:\\\/\\\/monguide.net\\\/#\\\/schema\\\/logo\\\/image\\\/\"},\"sameAs\":[\"https:\\\/\\\/web.facebook.com\\\/profile.php?id=61558559594373&ref=embed_page\"]}]}<\/script>\n<!-- \/ Yoast SEO plugin. -->","yoast_head_json":{"title":"L'affirmation de soi par le jeu de r\u00f4le: En th\u00e9rapie comportementale et cognitive - Mon Guide","robots":{"index":"index","follow":"follow","max-snippet":"max-snippet:-1","max-image-preview":"max-image-preview:large","max-video-preview":"max-video-preview:-1"},"canonical":"https:\/\/monguide.net\/fr\/produit\/laffirmation-de-soi-par-le-jeu-de-role-en-therapie-comportementale-et-cognitive\/","og_locale":"fr_FR","og_type":"article","og_title":"L'affirmation de soi par le jeu de r\u00f4le: En th\u00e9rapie comportementale et cognitive - Mon Guide","og_description":"guide pratique et complet de l'affirmation de soi et de son usage par les jeux de r\u00f4le, cet ouvrage de 169 pages, au format PDF, disponible uniquement en t\u00e9l\u00e9chargement propose un panel d'outils valid\u00e9s scientifiquement, imm\u00e9diatement utilisables et op\u00e9rationnels, qui permettront \u00e0 la fois de monter des groupes d'affirmation de soi et d'aider individuellement des personnes \u00e0 ma\u00eetriser leurs difficult\u00e9s \u00e0 communiquer. Il pr\u00e9sente : des cas pratiques, des exemples d'exercice \u00e0 proposer aux patients, des r\u00e9f\u00e9rences scientifiques et des \u00e9chelles d'\u00e9valuation.","og_url":"https:\/\/monguide.net\/fr\/produit\/laffirmation-de-soi-par-le-jeu-de-role-en-therapie-comportementale-et-cognitive\/","og_site_name":"Mon Guide","article_publisher":"https:\/\/web.facebook.com\/profile.php?id=61558559594373&ref=embed_page","article_modified_time":"2026-03-27T10:34:05+00:00","og_image":[{"width":317,"height":500,"url":"https:\/\/monguide.net\/wp-content\/uploads\/2024\/06\/affimation.jpg","type":"image\/jpeg"}],"twitter_card":"summary_large_image","twitter_misc":{"Dur\u00e9e de lecture estim\u00e9e":"1 minute"},"schema":{"@context":"https:\/\/schema.org","@graph":[{"@type":"WebPage","@id":"https:\/\/monguide.net\/produit\/laffirmation-de-soi-par-le-jeu-de-role-en-therapie-comportementale-et-cognitive\/","url":"https:\/\/monguide.net\/produit\/laffirmation-de-soi-par-le-jeu-de-role-en-therapie-comportementale-et-cognitive\/","name":"L'affirmation de soi par le jeu de r\u00f4le: En th\u00e9rapie comportementale et cognitive - Mon Guide","isPartOf":{"@id":"https:\/\/monguide.net\/#website"},"primaryImageOfPage":{"@id":"https:\/\/monguide.net\/produit\/laffirmation-de-soi-par-le-jeu-de-role-en-therapie-comportementale-et-cognitive\/#primaryimage"},"image":{"@id":"https:\/\/monguide.net\/produit\/laffirmation-de-soi-par-le-jeu-de-role-en-therapie-comportementale-et-cognitive\/#primaryimage"},"thumbnailUrl":"https:\/\/monguide.net\/wp-content\/uploads\/2024\/06\/affimation.jpg","datePublished":"2024-06-08T11:31:56+00:00","dateModified":"2026-03-27T10:34:05+00:00","breadcrumb":{"@id":"https:\/\/monguide.net\/produit\/laffirmation-de-soi-par-le-jeu-de-role-en-therapie-comportementale-et-cognitive\/#breadcrumb"},"inLanguage":"fr-FR","potentialAction":[{"@type":"ReadAction","target":["https:\/\/monguide.net\/produit\/laffirmation-de-soi-par-le-jeu-de-role-en-therapie-comportementale-et-cognitive\/"]}]},{"@type":"ImageObject","inLanguage":"fr-FR","@id":"https:\/\/monguide.net\/produit\/laffirmation-de-soi-par-le-jeu-de-role-en-therapie-comportementale-et-cognitive\/#primaryimage","url":"https:\/\/monguide.net\/wp-content\/uploads\/2024\/06\/affimation.jpg","contentUrl":"https:\/\/monguide.net\/wp-content\/uploads\/2024\/06\/affimation.jpg","width":317,"height":500,"caption":"Version 1.0.0"},{"@type":"BreadcrumbList","@id":"https:\/\/monguide.net\/produit\/laffirmation-de-soi-par-le-jeu-de-role-en-therapie-comportementale-et-cognitive\/#breadcrumb","itemListElement":[{"@type":"ListItem","position":1,"name":"Accueil","item":"https:\/\/monguide.net\/"},{"@type":"ListItem","position":2,"name":"Boutique","item":"https:\/\/monguide.net\/shop\/"},{"@type":"ListItem","position":3,"name":"L&#8217;affirmation de soi par le jeu de r\u00f4le: En th\u00e9rapie comportementale et cognitive"}]},{"@type":"WebSite","@id":"https:\/\/monguide.net\/#website","url":"https:\/\/monguide.net\/","name":"Mon Guide","description":"La boussole du monde. Tous vos livres et ebook \u00e0 un endroit","publisher":{"@id":"https:\/\/monguide.net\/#organization"},"potentialAction":[{"@type":"SearchAction","target":{"@type":"EntryPoint","urlTemplate":"https:\/\/monguide.net\/?s={search_term_string}"},"query-input":{"@type":"PropertyValueSpecification","valueRequired":true,"valueName":"search_term_string"}}],"inLanguage":"fr-FR"},{"@type":"Organization","@id":"https:\/\/monguide.net\/#organization","name":"Mon Guide","url":"https:\/\/monguide.net\/","logo":{"@type":"ImageObject","inLanguage":"fr-FR","@id":"https:\/\/monguide.net\/#\/schema\/logo\/image\/","url":"https:\/\/monguide.net\/wp-content\/uploads\/2024\/05\/Favicon.png","contentUrl":"https:\/\/monguide.net\/wp-content\/uploads\/2024\/05\/Favicon.png","width":512,"height":512,"caption":"Mon Guide"},"image":{"@id":"https:\/\/monguide.net\/#\/schema\/logo\/image\/"},"sameAs":["https:\/\/web.facebook.com\/profile.php?id=61558559594373&ref=embed_page"]}]}},"jetpack_sharing_enabled":true,"_links":{"self":[{"href":"https:\/\/monguide.net\/fr\/wp-json\/wp\/v2\/product\/17721","targetHints":{"allow":["GET"]}}],"collection":[{"href":"https:\/\/monguide.net\/fr\/wp-json\/wp\/v2\/product"}],"about":[{"href":"https:\/\/monguide.net\/fr\/wp-json\/wp\/v2\/types\/product"}],"replies":[{"embeddable":true,"href":"https:\/\/monguide.net\/fr\/wp-json\/wp\/v2\/comments?post=17721"}],"version-history":[{"count":0,"href":"https:\/\/monguide.net\/fr\/wp-json\/wp\/v2\/product\/17721\/revisions"}],"wp:featuredmedia":[{"embeddable":true,"href":"https:\/\/monguide.net\/fr\/wp-json\/wp\/v2\/media\/17723"}],"wp:attachment":[{"href":"https:\/\/monguide.net\/fr\/wp-json\/wp\/v2\/media?parent=17721"}],"wp:term":[{"taxonomy":"product_cat","embeddable":true,"href":"https:\/\/monguide.net\/fr\/wp-json\/wp\/v2\/product_cat?post=17721"},{"taxonomy":"product_tag","embeddable":true,"href":"https:\/\/monguide.net\/fr\/wp-json\/wp\/v2\/product_tag?post=17721"}],"curies":[{"name":"wp","href":"https:\/\/api.w.org\/{rel}","templated":true}]}}