{"id":17768,"date":"2024-06-08T16:26:40","date_gmt":"2024-06-08T14:26:40","guid":{"rendered":"https:\/\/monguide.net\/?post_type=product&#038;p=17768"},"modified":"2026-03-27T11:34:07","modified_gmt":"2026-03-27T10:34:07","slug":"les-emotions","status":"publish","type":"product","link":"https:\/\/monguide.net\/fr\/produit\/les-emotions\/","title":{"rendered":"Les \u00e9motions"},"content":{"rendered":"<p>Positives ou n\u00e9gatives, les \u00e9motions occupent une place tr\u00e8s importante dans notre vie quotidienne.<\/p>\n<p>Lorsqu&#8217;elles ne sont pas ma\u00eetris\u00e9es, elles nous polluent souvent l&#8217;existence. Pour nous aider \u00e0 mieux vivre, ce livre propose une encyclop\u00e9die pratique des \u00e9motions\u00a0: il invite \u00e0 les identifier, \u00e0 les traverser et \u00e0 les utiliser de mani\u00e8re consciente. Synth\u00e9tique et efficace, il met \u00e0 notre disposition des moyens adapt\u00e9s pour ne plus subir ce qui nous arrive\u00a0:<\/p>\n<ul class=\"a-unordered-list a-vertical\">\n<li><span class=\"a-list-item\"><span class=\"a-text-bold\">Un dictionnaire \u00e9motionnel complet.<\/span><\/span><\/li>\n<li><span class=\"a-list-item\"><span class=\"a-text-bold\">Une bo\u00eete \u00e0 outils simple et vari\u00e9e.<\/span><\/span><\/li>\n<li><span class=\"a-list-item\"><span class=\"a-text-bold\">De nombreux exercices pratiques.<\/span><\/span><\/li>\n<\/ul>\n<p>Format: PDF<\/p>\n<p>Nombre de page: 365<\/p>\n<p>Langue: Fran\u00e7ais<\/p>","protected":false},"excerpt":{"rendered":"<p>Pour nous aider \u00e0 mieux vivre, ce guide de 365 pages, au format PDF, disponible uniquement en t\u00e9l\u00e9chargement, propose une encyclop\u00e9die pratique des \u00e9motions : il invite \u00e0 les identifier, \u00e0 les traverser et \u00e0 les utiliser de mani\u00e8re consciente. Synth\u00e9tique et efficace, il met \u00e0 notre disposition des moyens adapt\u00e9s pour ne plus subir ce qui nous arrive :<\/p>\n<ul class=\"a-unordered-list a-vertical\">\n<li><span class=\"a-list-item\"><span class=\"a-text-bold\">Un dictionnaire \u00e9motionnel complet.<\/span><\/span><\/li>\n<li><span class=\"a-list-item\"><span class=\"a-text-bold\">Une bo\u00eete \u00e0 outils simple et vari\u00e9e.<\/span><\/span><\/li>\n<li><span class=\"a-list-item\"><span class=\"a-text-bold\">De nombreux exercices pratiques.<\/span><\/span><\/li>\n<\/ul>","protected":false},"featured_media":17770,"comment_status":"open","ping_status":"closed","template":"","meta":[],"product_cat":[91,92,317,387],"product_tag":[],"class_list":{"0":"post-17768","1":"product","2":"type-product","3":"status-publish","4":"has-post-thumbnail","6":"product_cat-confiance-en-soi","7":"product_cat-le-developpement-personnel","8":"product_cat-pdf","9":"product_cat-psychologie","11":"first","12":"instock","13":"sale","14":"downloadable","15":"shipping-taxable","16":"purchasable","17":"product-type-simple","18":"add-to-wishlist-after_add_to_cart"},"yoast_head":"<!-- This site is optimized with the Yoast SEO plugin v27.4 - https:\/\/yoast.com\/product\/yoast-seo-wordpress\/ -->\n<title>Les \u00e9motions - Mon Guide<\/title>\n<meta name=\"robots\" content=\"index, follow, max-snippet:-1, max-image-preview:large, max-video-preview:-1\" \/>\n<link rel=\"canonical\" href=\"https:\/\/monguide.net\/fr\/produit\/les-emotions\/\" \/>\n<meta property=\"og:locale\" content=\"fr_FR\" \/>\n<meta property=\"og:type\" content=\"article\" \/>\n<meta property=\"og:title\" content=\"Les \u00e9motions - Mon Guide\" \/>\n<meta property=\"og:description\" content=\"Pour nous aider \u00e0 mieux vivre, ce guide de 365 pages, au format PDF, disponible uniquement en t\u00e9l\u00e9chargement, propose une encyclop\u00e9die pratique des \u00e9motions : il invite \u00e0 les identifier, \u00e0 les traverser et \u00e0 les utiliser de mani\u00e8re consciente. Synth\u00e9tique et efficace, il met \u00e0 notre disposition des moyens adapt\u00e9s pour ne plus subir ce qui nous arrive :   Un dictionnaire \u00e9motionnel complet.  Une bo\u00eete \u00e0 outils simple et vari\u00e9e.  De nombreux exercices pratiques.\" \/>\n<meta property=\"og:url\" content=\"https:\/\/monguide.net\/fr\/produit\/les-emotions\/\" \/>\n<meta property=\"og:site_name\" content=\"Mon Guide\" \/>\n<meta property=\"article:publisher\" content=\"https:\/\/web.facebook.com\/profile.php?id=61558559594373&amp;ref=embed_page\" \/>\n<meta property=\"article:modified_time\" content=\"2026-03-27T10:34:07+00:00\" \/>\n<meta property=\"og:image\" content=\"https:\/\/monguide.net\/wp-content\/uploads\/2024\/06\/les-emotions.jpg\" \/>\n\t<meta property=\"og:image:width\" content=\"1091\" \/>\n\t<meta property=\"og:image:height\" content=\"1500\" \/>\n\t<meta property=\"og:image:type\" content=\"image\/jpeg\" \/>\n<meta name=\"twitter:card\" content=\"summary_large_image\" \/>\n<meta name=\"twitter:label1\" content=\"Dur\u00e9e de lecture estim\u00e9e\" \/>\n\t<meta name=\"twitter:data1\" content=\"1 minute\" \/>\n<script type=\"application\/ld+json\" class=\"yoast-schema-graph\">{\"@context\":\"https:\\\/\\\/schema.org\",\"@graph\":[{\"@type\":\"WebPage\",\"@id\":\"https:\\\/\\\/monguide.net\\\/produit\\\/les-emotions\\\/\",\"url\":\"https:\\\/\\\/monguide.net\\\/produit\\\/les-emotions\\\/\",\"name\":\"Les \u00e9motions - Mon Guide\",\"isPartOf\":{\"@id\":\"https:\\\/\\\/monguide.net\\\/#website\"},\"primaryImageOfPage\":{\"@id\":\"https:\\\/\\\/monguide.net\\\/produit\\\/les-emotions\\\/#primaryimage\"},\"image\":{\"@id\":\"https:\\\/\\\/monguide.net\\\/produit\\\/les-emotions\\\/#primaryimage\"},\"thumbnailUrl\":\"https:\\\/\\\/monguide.net\\\/wp-content\\\/uploads\\\/2024\\\/06\\\/les-emotions.jpg\",\"datePublished\":\"2024-06-08T14:26:40+00:00\",\"dateModified\":\"2026-03-27T10:34:07+00:00\",\"breadcrumb\":{\"@id\":\"https:\\\/\\\/monguide.net\\\/produit\\\/les-emotions\\\/#breadcrumb\"},\"inLanguage\":\"fr-FR\",\"potentialAction\":[{\"@type\":\"ReadAction\",\"target\":[\"https:\\\/\\\/monguide.net\\\/produit\\\/les-emotions\\\/\"]}]},{\"@type\":\"ImageObject\",\"inLanguage\":\"fr-FR\",\"@id\":\"https:\\\/\\\/monguide.net\\\/produit\\\/les-emotions\\\/#primaryimage\",\"url\":\"https:\\\/\\\/monguide.net\\\/wp-content\\\/uploads\\\/2024\\\/06\\\/les-emotions.jpg\",\"contentUrl\":\"https:\\\/\\\/monguide.net\\\/wp-content\\\/uploads\\\/2024\\\/06\\\/les-emotions.jpg\",\"width\":1091,\"height\":1500},{\"@type\":\"BreadcrumbList\",\"@id\":\"https:\\\/\\\/monguide.net\\\/produit\\\/les-emotions\\\/#breadcrumb\",\"itemListElement\":[{\"@type\":\"ListItem\",\"position\":1,\"name\":\"Accueil\",\"item\":\"https:\\\/\\\/monguide.net\\\/\"},{\"@type\":\"ListItem\",\"position\":2,\"name\":\"Boutique\",\"item\":\"https:\\\/\\\/monguide.net\\\/shop\\\/\"},{\"@type\":\"ListItem\",\"position\":3,\"name\":\"Les \u00e9motions\"}]},{\"@type\":\"WebSite\",\"@id\":\"https:\\\/\\\/monguide.net\\\/#website\",\"url\":\"https:\\\/\\\/monguide.net\\\/\",\"name\":\"Mon Guide\",\"description\":\"La boussole du monde. Tous vos livres et ebook \u00e0 un endroit\",\"publisher\":{\"@id\":\"https:\\\/\\\/monguide.net\\\/#organization\"},\"potentialAction\":[{\"@type\":\"SearchAction\",\"target\":{\"@type\":\"EntryPoint\",\"urlTemplate\":\"https:\\\/\\\/monguide.net\\\/?s={search_term_string}\"},\"query-input\":{\"@type\":\"PropertyValueSpecification\",\"valueRequired\":true,\"valueName\":\"search_term_string\"}}],\"inLanguage\":\"fr-FR\"},{\"@type\":\"Organization\",\"@id\":\"https:\\\/\\\/monguide.net\\\/#organization\",\"name\":\"Mon Guide\",\"url\":\"https:\\\/\\\/monguide.net\\\/\",\"logo\":{\"@type\":\"ImageObject\",\"inLanguage\":\"fr-FR\",\"@id\":\"https:\\\/\\\/monguide.net\\\/#\\\/schema\\\/logo\\\/image\\\/\",\"url\":\"http:\\\/\\\/monguide.net\\\/wp-content\\\/uploads\\\/2024\\\/05\\\/Favicon.png\",\"contentUrl\":\"http:\\\/\\\/monguide.net\\\/wp-content\\\/uploads\\\/2024\\\/05\\\/Favicon.png\",\"width\":512,\"height\":512,\"caption\":\"Mon Guide\"},\"image\":{\"@id\":\"https:\\\/\\\/monguide.net\\\/#\\\/schema\\\/logo\\\/image\\\/\"},\"sameAs\":[\"https:\\\/\\\/web.facebook.com\\\/profile.php?id=61558559594373&ref=embed_page\"]}]}<\/script>\n<!-- \/ Yoast SEO plugin. -->","yoast_head_json":{"title":"Les \u00e9motions - Mon Guide","robots":{"index":"index","follow":"follow","max-snippet":"max-snippet:-1","max-image-preview":"max-image-preview:large","max-video-preview":"max-video-preview:-1"},"canonical":"https:\/\/monguide.net\/fr\/produit\/les-emotions\/","og_locale":"fr_FR","og_type":"article","og_title":"Les \u00e9motions - Mon Guide","og_description":"Pour nous aider \u00e0 mieux vivre, ce guide de 365 pages, au format PDF, disponible uniquement en t\u00e9l\u00e9chargement, propose une encyclop\u00e9die pratique des \u00e9motions : il invite \u00e0 les identifier, \u00e0 les traverser et \u00e0 les utiliser de mani\u00e8re consciente. Synth\u00e9tique et efficace, il met \u00e0 notre disposition des moyens adapt\u00e9s pour ne plus subir ce qui nous arrive :   Un dictionnaire \u00e9motionnel complet.  Une bo\u00eete \u00e0 outils simple et vari\u00e9e.  De nombreux exercices pratiques.","og_url":"https:\/\/monguide.net\/fr\/produit\/les-emotions\/","og_site_name":"Mon Guide","article_publisher":"https:\/\/web.facebook.com\/profile.php?id=61558559594373&ref=embed_page","article_modified_time":"2026-03-27T10:34:07+00:00","og_image":[{"width":1091,"height":1500,"url":"https:\/\/monguide.net\/wp-content\/uploads\/2024\/06\/les-emotions.jpg","type":"image\/jpeg"}],"twitter_card":"summary_large_image","twitter_misc":{"Dur\u00e9e de lecture estim\u00e9e":"1 minute"},"schema":{"@context":"https:\/\/schema.org","@graph":[{"@type":"WebPage","@id":"https:\/\/monguide.net\/produit\/les-emotions\/","url":"https:\/\/monguide.net\/produit\/les-emotions\/","name":"Les \u00e9motions - Mon Guide","isPartOf":{"@id":"https:\/\/monguide.net\/#website"},"primaryImageOfPage":{"@id":"https:\/\/monguide.net\/produit\/les-emotions\/#primaryimage"},"image":{"@id":"https:\/\/monguide.net\/produit\/les-emotions\/#primaryimage"},"thumbnailUrl":"https:\/\/monguide.net\/wp-content\/uploads\/2024\/06\/les-emotions.jpg","datePublished":"2024-06-08T14:26:40+00:00","dateModified":"2026-03-27T10:34:07+00:00","breadcrumb":{"@id":"https:\/\/monguide.net\/produit\/les-emotions\/#breadcrumb"},"inLanguage":"fr-FR","potentialAction":[{"@type":"ReadAction","target":["https:\/\/monguide.net\/produit\/les-emotions\/"]}]},{"@type":"ImageObject","inLanguage":"fr-FR","@id":"https:\/\/monguide.net\/produit\/les-emotions\/#primaryimage","url":"https:\/\/monguide.net\/wp-content\/uploads\/2024\/06\/les-emotions.jpg","contentUrl":"https:\/\/monguide.net\/wp-content\/uploads\/2024\/06\/les-emotions.jpg","width":1091,"height":1500},{"@type":"BreadcrumbList","@id":"https:\/\/monguide.net\/produit\/les-emotions\/#breadcrumb","itemListElement":[{"@type":"ListItem","position":1,"name":"Accueil","item":"https:\/\/monguide.net\/"},{"@type":"ListItem","position":2,"name":"Boutique","item":"https:\/\/monguide.net\/shop\/"},{"@type":"ListItem","position":3,"name":"Les \u00e9motions"}]},{"@type":"WebSite","@id":"https:\/\/monguide.net\/#website","url":"https:\/\/monguide.net\/","name":"Mon Guide","description":"La boussole du monde. Tous vos livres et ebook \u00e0 un endroit","publisher":{"@id":"https:\/\/monguide.net\/#organization"},"potentialAction":[{"@type":"SearchAction","target":{"@type":"EntryPoint","urlTemplate":"https:\/\/monguide.net\/?s={search_term_string}"},"query-input":{"@type":"PropertyValueSpecification","valueRequired":true,"valueName":"search_term_string"}}],"inLanguage":"fr-FR"},{"@type":"Organization","@id":"https:\/\/monguide.net\/#organization","name":"Mon Guide","url":"https:\/\/monguide.net\/","logo":{"@type":"ImageObject","inLanguage":"fr-FR","@id":"https:\/\/monguide.net\/#\/schema\/logo\/image\/","url":"https:\/\/monguide.net\/wp-content\/uploads\/2024\/05\/Favicon.png","contentUrl":"https:\/\/monguide.net\/wp-content\/uploads\/2024\/05\/Favicon.png","width":512,"height":512,"caption":"Mon Guide"},"image":{"@id":"https:\/\/monguide.net\/#\/schema\/logo\/image\/"},"sameAs":["https:\/\/web.facebook.com\/profile.php?id=61558559594373&ref=embed_page"]}]}},"jetpack_sharing_enabled":true,"_links":{"self":[{"href":"https:\/\/monguide.net\/fr\/wp-json\/wp\/v2\/product\/17768","targetHints":{"allow":["GET"]}}],"collection":[{"href":"https:\/\/monguide.net\/fr\/wp-json\/wp\/v2\/product"}],"about":[{"href":"https:\/\/monguide.net\/fr\/wp-json\/wp\/v2\/types\/product"}],"replies":[{"embeddable":true,"href":"https:\/\/monguide.net\/fr\/wp-json\/wp\/v2\/comments?post=17768"}],"version-history":[{"count":0,"href":"https:\/\/monguide.net\/fr\/wp-json\/wp\/v2\/product\/17768\/revisions"}],"wp:featuredmedia":[{"embeddable":true,"href":"https:\/\/monguide.net\/fr\/wp-json\/wp\/v2\/media\/17770"}],"wp:attachment":[{"href":"https:\/\/monguide.net\/fr\/wp-json\/wp\/v2\/media?parent=17768"}],"wp:term":[{"taxonomy":"product_cat","embeddable":true,"href":"https:\/\/monguide.net\/fr\/wp-json\/wp\/v2\/product_cat?post=17768"},{"taxonomy":"product_tag","embeddable":true,"href":"https:\/\/monguide.net\/fr\/wp-json\/wp\/v2\/product_tag?post=17768"}],"curies":[{"name":"wp","href":"https:\/\/api.w.org\/{rel}","templated":true}]}}