{"id":17850,"date":"2024-06-09T17:32:06","date_gmt":"2024-06-09T15:32:06","guid":{"rendered":"https:\/\/monguide.net\/?post_type=product&#038;p=17850"},"modified":"2026-03-27T11:34:09","modified_gmt":"2026-03-27T10:34:09","slug":"comment-obtenir-ce-que-vous-voulez","status":"publish","type":"product","link":"https:\/\/monguide.net\/fr\/produit\/comment-obtenir-ce-que-vous-voulez\/","title":{"rendered":"Comment obtenir ce que vous voulez"},"content":{"rendered":"<p>Pourquoi passer votre existence \u00e0 vous laisser mener par les autres, alors que vous pourriez, gr\u00e2ce aux plus formidables secrets de la psychologie, devenir celui ou celle qui d\u00e9cide&#8230; Au travail comme dans la vie personnelle, faites de votre esprit une arme redoutable !<\/p>\n<p>Dans ce guide, gr\u00e2ce \u00e0 des techniques simples et faciles \u00e0 appliquer (langage du corps, tournures de phrases, intonations..), d\u00e9couvrez comment :<br \/>\n&#8211; para\u00eetre irr\u00e9sistiblement attirant,<br \/>\n&#8211; savoir quand on vous ment,<br \/>\n&#8211; prendre instantan\u00e9ment le dessus quel que soit votre interlocuteur,<br \/>\n&#8211; faire changer d\u2019avis m\u00eame les personnes les plus obstin\u00e9es,<br \/>\n&#8211; formuler les critiques les plus dures sans jamais blesser,<br \/>\n&#8211; obtenir les confidences de qui vous voulez.<\/p>\n<p><span class=\"a-text-bold\">Ne restez plus impuissant ! Avec ce guide, prendre le contr\u00f4le de n\u2019importe quelle situation et diriger les choses comme vous l\u2019entendez, c\u2019est possible !<\/span><\/p>\n<p>Format: PDF<\/p>\n<p>Nombre de page: 256<\/p>\n<p>Langue: Fran\u00e7ais<\/p>","protected":false},"excerpt":{"rendered":"<p><span class=\"a-text-bold\">Ce guide de 256 pages, au format PDF, disponible uniquement en t\u00e9l\u00e9chargement, vous aider \u00e0 obtenir ce que vous voulez de qui vous voulez&#8230; et ne plus jamais vous sentir manipul\u00e9 ! <\/span><span class=\"a-text-bold\">Cessez de vous laisser manipuler et obtenez enfin ce que vous voulez !<\/span><\/p>","protected":false},"featured_media":17835,"comment_status":"open","ping_status":"closed","template":"","meta":[],"product_cat":[91,92,317,387],"product_tag":[],"class_list":{"0":"post-17850","1":"product","2":"type-product","3":"status-publish","4":"has-post-thumbnail","6":"product_cat-confiance-en-soi","7":"product_cat-le-developpement-personnel","8":"product_cat-pdf","9":"product_cat-psychologie","11":"first","12":"instock","13":"sale","14":"downloadable","15":"shipping-taxable","16":"purchasable","17":"product-type-simple","18":"add-to-wishlist-after_add_to_cart"},"yoast_head":"<!-- This site is optimized with the Yoast SEO plugin v27.4 - https:\/\/yoast.com\/product\/yoast-seo-wordpress\/ -->\n<title>Comment obtenir ce que vous voulez - Mon Guide<\/title>\n<meta name=\"robots\" content=\"index, follow, max-snippet:-1, max-image-preview:large, max-video-preview:-1\" \/>\n<link rel=\"canonical\" href=\"https:\/\/monguide.net\/fr\/produit\/comment-obtenir-ce-que-vous-voulez\/\" \/>\n<meta property=\"og:locale\" content=\"fr_FR\" \/>\n<meta property=\"og:type\" content=\"article\" \/>\n<meta property=\"og:title\" content=\"Comment obtenir ce que vous voulez - Mon Guide\" \/>\n<meta property=\"og:description\" content=\"Ce guide de 256 pages, au format PDF, disponible uniquement en t\u00e9l\u00e9chargement, vous aider \u00e0 obtenir ce que vous voulez de qui vous voulez... et ne plus jamais vous sentir manipul\u00e9 ! Cessez de vous laisser manipuler et obtenez enfin ce que vous voulez !\" \/>\n<meta property=\"og:url\" content=\"https:\/\/monguide.net\/fr\/produit\/comment-obtenir-ce-que-vous-voulez\/\" \/>\n<meta property=\"og:site_name\" content=\"Mon Guide\" \/>\n<meta property=\"article:publisher\" content=\"https:\/\/web.facebook.com\/profile.php?id=61558559594373&amp;ref=embed_page\" \/>\n<meta property=\"article:modified_time\" content=\"2026-03-27T10:34:09+00:00\" \/>\n<meta property=\"og:image\" content=\"https:\/\/monguide.net\/wp-content\/uploads\/2024\/06\/comment-obtenir-ce-que-vous-voulez-1.jpg\" \/>\n\t<meta property=\"og:image:width\" content=\"981\" \/>\n\t<meta property=\"og:image:height\" content=\"1500\" \/>\n\t<meta property=\"og:image:type\" content=\"image\/jpeg\" \/>\n<meta name=\"twitter:card\" content=\"summary_large_image\" \/>\n<meta name=\"twitter:label1\" content=\"Dur\u00e9e de lecture estim\u00e9e\" \/>\n\t<meta name=\"twitter:data1\" content=\"1 minute\" \/>\n<script type=\"application\/ld+json\" class=\"yoast-schema-graph\">{\"@context\":\"https:\\\/\\\/schema.org\",\"@graph\":[{\"@type\":\"WebPage\",\"@id\":\"https:\\\/\\\/monguide.net\\\/produit\\\/comment-obtenir-ce-que-vous-voulez\\\/\",\"url\":\"https:\\\/\\\/monguide.net\\\/produit\\\/comment-obtenir-ce-que-vous-voulez\\\/\",\"name\":\"Comment obtenir ce que vous voulez - Mon Guide\",\"isPartOf\":{\"@id\":\"https:\\\/\\\/monguide.net\\\/#website\"},\"primaryImageOfPage\":{\"@id\":\"https:\\\/\\\/monguide.net\\\/produit\\\/comment-obtenir-ce-que-vous-voulez\\\/#primaryimage\"},\"image\":{\"@id\":\"https:\\\/\\\/monguide.net\\\/produit\\\/comment-obtenir-ce-que-vous-voulez\\\/#primaryimage\"},\"thumbnailUrl\":\"https:\\\/\\\/monguide.net\\\/wp-content\\\/uploads\\\/2024\\\/06\\\/comment-obtenir-ce-que-vous-voulez-1.jpg\",\"datePublished\":\"2024-06-09T15:32:06+00:00\",\"dateModified\":\"2026-03-27T10:34:09+00:00\",\"breadcrumb\":{\"@id\":\"https:\\\/\\\/monguide.net\\\/produit\\\/comment-obtenir-ce-que-vous-voulez\\\/#breadcrumb\"},\"inLanguage\":\"fr-FR\",\"potentialAction\":[{\"@type\":\"ReadAction\",\"target\":[\"https:\\\/\\\/monguide.net\\\/produit\\\/comment-obtenir-ce-que-vous-voulez\\\/\"]}]},{\"@type\":\"ImageObject\",\"inLanguage\":\"fr-FR\",\"@id\":\"https:\\\/\\\/monguide.net\\\/produit\\\/comment-obtenir-ce-que-vous-voulez\\\/#primaryimage\",\"url\":\"https:\\\/\\\/monguide.net\\\/wp-content\\\/uploads\\\/2024\\\/06\\\/comment-obtenir-ce-que-vous-voulez-1.jpg\",\"contentUrl\":\"https:\\\/\\\/monguide.net\\\/wp-content\\\/uploads\\\/2024\\\/06\\\/comment-obtenir-ce-que-vous-voulez-1.jpg\",\"width\":981,\"height\":1500},{\"@type\":\"BreadcrumbList\",\"@id\":\"https:\\\/\\\/monguide.net\\\/produit\\\/comment-obtenir-ce-que-vous-voulez\\\/#breadcrumb\",\"itemListElement\":[{\"@type\":\"ListItem\",\"position\":1,\"name\":\"Accueil\",\"item\":\"https:\\\/\\\/monguide.net\\\/\"},{\"@type\":\"ListItem\",\"position\":2,\"name\":\"Boutique\",\"item\":\"https:\\\/\\\/monguide.net\\\/shop\\\/\"},{\"@type\":\"ListItem\",\"position\":3,\"name\":\"Comment obtenir ce que vous voulez\"}]},{\"@type\":\"WebSite\",\"@id\":\"https:\\\/\\\/monguide.net\\\/#website\",\"url\":\"https:\\\/\\\/monguide.net\\\/\",\"name\":\"Mon Guide\",\"description\":\"La boussole du monde. Tous vos livres et ebook \u00e0 un endroit\",\"publisher\":{\"@id\":\"https:\\\/\\\/monguide.net\\\/#organization\"},\"potentialAction\":[{\"@type\":\"SearchAction\",\"target\":{\"@type\":\"EntryPoint\",\"urlTemplate\":\"https:\\\/\\\/monguide.net\\\/?s={search_term_string}\"},\"query-input\":{\"@type\":\"PropertyValueSpecification\",\"valueRequired\":true,\"valueName\":\"search_term_string\"}}],\"inLanguage\":\"fr-FR\"},{\"@type\":\"Organization\",\"@id\":\"https:\\\/\\\/monguide.net\\\/#organization\",\"name\":\"Mon Guide\",\"url\":\"https:\\\/\\\/monguide.net\\\/\",\"logo\":{\"@type\":\"ImageObject\",\"inLanguage\":\"fr-FR\",\"@id\":\"https:\\\/\\\/monguide.net\\\/#\\\/schema\\\/logo\\\/image\\\/\",\"url\":\"http:\\\/\\\/monguide.net\\\/wp-content\\\/uploads\\\/2024\\\/05\\\/Favicon.png\",\"contentUrl\":\"http:\\\/\\\/monguide.net\\\/wp-content\\\/uploads\\\/2024\\\/05\\\/Favicon.png\",\"width\":512,\"height\":512,\"caption\":\"Mon Guide\"},\"image\":{\"@id\":\"https:\\\/\\\/monguide.net\\\/#\\\/schema\\\/logo\\\/image\\\/\"},\"sameAs\":[\"https:\\\/\\\/web.facebook.com\\\/profile.php?id=61558559594373&ref=embed_page\"]}]}<\/script>\n<!-- \/ Yoast SEO plugin. -->","yoast_head_json":{"title":"Comment obtenir ce que vous voulez - Mon Guide","robots":{"index":"index","follow":"follow","max-snippet":"max-snippet:-1","max-image-preview":"max-image-preview:large","max-video-preview":"max-video-preview:-1"},"canonical":"https:\/\/monguide.net\/fr\/produit\/comment-obtenir-ce-que-vous-voulez\/","og_locale":"fr_FR","og_type":"article","og_title":"Comment obtenir ce que vous voulez - Mon Guide","og_description":"Ce guide de 256 pages, au format PDF, disponible uniquement en t\u00e9l\u00e9chargement, vous aider \u00e0 obtenir ce que vous voulez de qui vous voulez... et ne plus jamais vous sentir manipul\u00e9 ! Cessez de vous laisser manipuler et obtenez enfin ce que vous voulez !","og_url":"https:\/\/monguide.net\/fr\/produit\/comment-obtenir-ce-que-vous-voulez\/","og_site_name":"Mon Guide","article_publisher":"https:\/\/web.facebook.com\/profile.php?id=61558559594373&ref=embed_page","article_modified_time":"2026-03-27T10:34:09+00:00","og_image":[{"width":981,"height":1500,"url":"https:\/\/monguide.net\/wp-content\/uploads\/2024\/06\/comment-obtenir-ce-que-vous-voulez-1.jpg","type":"image\/jpeg"}],"twitter_card":"summary_large_image","twitter_misc":{"Dur\u00e9e de lecture estim\u00e9e":"1 minute"},"schema":{"@context":"https:\/\/schema.org","@graph":[{"@type":"WebPage","@id":"https:\/\/monguide.net\/produit\/comment-obtenir-ce-que-vous-voulez\/","url":"https:\/\/monguide.net\/produit\/comment-obtenir-ce-que-vous-voulez\/","name":"Comment obtenir ce que vous voulez - Mon Guide","isPartOf":{"@id":"https:\/\/monguide.net\/#website"},"primaryImageOfPage":{"@id":"https:\/\/monguide.net\/produit\/comment-obtenir-ce-que-vous-voulez\/#primaryimage"},"image":{"@id":"https:\/\/monguide.net\/produit\/comment-obtenir-ce-que-vous-voulez\/#primaryimage"},"thumbnailUrl":"https:\/\/monguide.net\/wp-content\/uploads\/2024\/06\/comment-obtenir-ce-que-vous-voulez-1.jpg","datePublished":"2024-06-09T15:32:06+00:00","dateModified":"2026-03-27T10:34:09+00:00","breadcrumb":{"@id":"https:\/\/monguide.net\/produit\/comment-obtenir-ce-que-vous-voulez\/#breadcrumb"},"inLanguage":"fr-FR","potentialAction":[{"@type":"ReadAction","target":["https:\/\/monguide.net\/produit\/comment-obtenir-ce-que-vous-voulez\/"]}]},{"@type":"ImageObject","inLanguage":"fr-FR","@id":"https:\/\/monguide.net\/produit\/comment-obtenir-ce-que-vous-voulez\/#primaryimage","url":"https:\/\/monguide.net\/wp-content\/uploads\/2024\/06\/comment-obtenir-ce-que-vous-voulez-1.jpg","contentUrl":"https:\/\/monguide.net\/wp-content\/uploads\/2024\/06\/comment-obtenir-ce-que-vous-voulez-1.jpg","width":981,"height":1500},{"@type":"BreadcrumbList","@id":"https:\/\/monguide.net\/produit\/comment-obtenir-ce-que-vous-voulez\/#breadcrumb","itemListElement":[{"@type":"ListItem","position":1,"name":"Accueil","item":"https:\/\/monguide.net\/"},{"@type":"ListItem","position":2,"name":"Boutique","item":"https:\/\/monguide.net\/shop\/"},{"@type":"ListItem","position":3,"name":"Comment obtenir ce que vous voulez"}]},{"@type":"WebSite","@id":"https:\/\/monguide.net\/#website","url":"https:\/\/monguide.net\/","name":"Mon Guide","description":"La boussole du monde. Tous vos livres et ebook \u00e0 un endroit","publisher":{"@id":"https:\/\/monguide.net\/#organization"},"potentialAction":[{"@type":"SearchAction","target":{"@type":"EntryPoint","urlTemplate":"https:\/\/monguide.net\/?s={search_term_string}"},"query-input":{"@type":"PropertyValueSpecification","valueRequired":true,"valueName":"search_term_string"}}],"inLanguage":"fr-FR"},{"@type":"Organization","@id":"https:\/\/monguide.net\/#organization","name":"Mon Guide","url":"https:\/\/monguide.net\/","logo":{"@type":"ImageObject","inLanguage":"fr-FR","@id":"https:\/\/monguide.net\/#\/schema\/logo\/image\/","url":"https:\/\/monguide.net\/wp-content\/uploads\/2024\/05\/Favicon.png","contentUrl":"https:\/\/monguide.net\/wp-content\/uploads\/2024\/05\/Favicon.png","width":512,"height":512,"caption":"Mon Guide"},"image":{"@id":"https:\/\/monguide.net\/#\/schema\/logo\/image\/"},"sameAs":["https:\/\/web.facebook.com\/profile.php?id=61558559594373&ref=embed_page"]}]}},"jetpack_sharing_enabled":true,"_links":{"self":[{"href":"https:\/\/monguide.net\/fr\/wp-json\/wp\/v2\/product\/17850","targetHints":{"allow":["GET"]}}],"collection":[{"href":"https:\/\/monguide.net\/fr\/wp-json\/wp\/v2\/product"}],"about":[{"href":"https:\/\/monguide.net\/fr\/wp-json\/wp\/v2\/types\/product"}],"replies":[{"embeddable":true,"href":"https:\/\/monguide.net\/fr\/wp-json\/wp\/v2\/comments?post=17850"}],"version-history":[{"count":0,"href":"https:\/\/monguide.net\/fr\/wp-json\/wp\/v2\/product\/17850\/revisions"}],"wp:featuredmedia":[{"embeddable":true,"href":"https:\/\/monguide.net\/fr\/wp-json\/wp\/v2\/media\/17835"}],"wp:attachment":[{"href":"https:\/\/monguide.net\/fr\/wp-json\/wp\/v2\/media?parent=17850"}],"wp:term":[{"taxonomy":"product_cat","embeddable":true,"href":"https:\/\/monguide.net\/fr\/wp-json\/wp\/v2\/product_cat?post=17850"},{"taxonomy":"product_tag","embeddable":true,"href":"https:\/\/monguide.net\/fr\/wp-json\/wp\/v2\/product_tag?post=17850"}],"curies":[{"name":"wp","href":"https:\/\/api.w.org\/{rel}","templated":true}]}}