{"id":17894,"date":"2024-06-09T20:38:29","date_gmt":"2024-06-09T18:38:29","guid":{"rendered":"https:\/\/monguide.net\/?post_type=product&#038;p=17894"},"modified":"2026-03-27T11:34:11","modified_gmt":"2026-03-27T10:34:11","slug":"le-pouvoir-dans-les-organisations-les-references","status":"publish","type":"product","link":"https:\/\/monguide.net\/fr\/produit\/le-pouvoir-dans-les-organisations-les-references\/","title":{"rendered":"Le pouvoir dans les organisations: Les r\u00e9f\u00e9rences"},"content":{"rendered":"<p><span class=\"a-text-quote\">L&#8217;ouvrage de Henry MINTZBERG est une des plong\u00e9es les plus convaincantes dans les r\u00e9alit\u00e9s du pouvoir dans les entreprises. Il y met en lumi\u00e8re l&#8217;imbrication de l&#8217;autorit\u00e9, de l&#8217;id\u00e9ologie, de la comp\u00e9tence et de la politique pour d\u00e9finir six mod\u00e8les dominants. Et examine comment ces configurations de pouvoir peuvent \u00e9voluer.<\/span><\/p>\n<p>Sa grille de lecture est un outil exceptionnel pour comprendre avec finesse les jeux de pouvoir r\u00e9els dans les organisations. Elle int\u00e9ressera autant les chercheurs que les praticiens et les \u00e9tudiants.<\/p>\n<h4>Au sommaire<\/h4>\n<ul class=\"a-unordered-list a-vertical\">\n<li><span class=\"a-list-item\">Le pouvoir<\/span><\/li>\n<li><span class=\"a-list-item\">La litt\u00e9rature portant sur le management\u00a0: des butes au pouvoir<\/span><\/li>\n<li><span class=\"a-list-item\">Le jeu du pouvoir et des joueurs<\/span><\/li>\n<li><span class=\"a-list-item\">La coalition externe<\/span>\n<ul class=\"a-unordered-list a-vertical\">\n<li><span class=\"a-list-item\">Les d\u00e9tenteurs d&#8217;influences externes<\/span><\/li>\n<li><span class=\"a-list-item\">Les moyens externes d&#8217;influence<\/span><\/li>\n<li><span class=\"a-list-item\">Le conseil d&#8217;administration<\/span><\/li>\n<li><span class=\"a-list-item\">Trois coalitions externes de base<\/span><\/li>\n<\/ul>\n<\/li>\n<li><span class=\"a-list-item\">La coalition interne<\/span>\n<ul class=\"a-unordered-list a-vertical\">\n<li><span class=\"a-list-item\">L&#8217;\u00e9laboration de la coalition interne<\/span><\/li>\n<li><span class=\"a-list-item\">Les d\u00e9tenteurs d&#8217;influence<\/span><\/li>\n<li><span class=\"a-list-item\">Le syst\u00e8me d&#8217;autorit\u00e9<\/span><\/li>\n<li><span class=\"a-list-item\">Le syst\u00e8me d&#8217;id\u00e9ologie<\/span><\/li>\n<li><span class=\"a-list-item\">Le syst\u00e8me des comp\u00e9tences sp\u00e9cialis\u00e9es<\/span><\/li>\n<li><span class=\"a-list-item\">Le syst\u00e8me des politiques<\/span><\/li>\n<li><span class=\"a-list-item\">O\u00f9 l&#8217;on accorde les syst\u00e8mes d&#8217;influence qui sont dans la coalition interne<\/span><\/li>\n<\/ul>\n<\/li>\n<li><span class=\"a-list-item\">Buts organisationnels<\/span>\n<ul class=\"a-unordered-list a-vertical\">\n<li><span class=\"a-list-item\">D\u00e9termination des buts organisationnels<\/span><\/li>\n<li><span class=\"a-list-item\">Buts sp\u00e9cifiques dans les organisations<\/span><\/li>\n<\/ul>\n<\/li>\n<li><span class=\"a-list-item\">Les configurations du pouvoir<\/span>\n<ul class=\"a-unordered-list a-vertical\">\n<li><span class=\"a-list-item\">D\u00e9rivation des configurations \u00e0 partir des coalitions<\/span><\/li>\n<li><span class=\"a-list-item\">L&#8217;instrument<\/span><\/li>\n<li><span class=\"a-list-item\">Le syst\u00e8me clos<\/span><\/li>\n<li><span class=\"a-list-item\">L&#8217;autocratie<\/span><\/li>\n<li><span class=\"a-list-item\">Le missionnaire<\/span><\/li>\n<li><span class=\"a-list-item\">La m\u00e9ritocratie<\/span><\/li>\n<li><span class=\"a-list-item\">L&#8217;ar\u00e8ne politique<\/span><\/li>\n<li><span class=\"a-list-item\">Transitions entre les configurations de pouvoir<\/span><\/li>\n<\/ul>\n<\/li>\n<li><span class=\"a-list-item\">Bibliographie<\/span><\/li>\n<li><span class=\"a-list-item\">Index<\/span><\/li>\n<\/ul>\n<p>Format: PDF<\/p>\n<p>Nombre de page: 688<\/p>\n<p>Langue: Fran\u00e7ais<\/p>","protected":false},"excerpt":{"rendered":"<p>Depuis sa parution, ce livre de\u00a0 688 pages, au format PDF, disponible uniquement en t\u00e9l\u00e9chargement, fait r\u00e9f\u00e9rence dans le domaine du management et dans celui des sciences sociales et politiques. Il s&#8217;agit du troisi\u00e8me volet de la trilogie de Mintzberg consacr\u00e9e aux organisations, avec\u00a0<span class=\"a-text-italic\">Le manager au quotidien<\/span> et\u00a0<span class=\"a-text-italic\">Structure et dynamique des organisations.<\/span>\u00a0Il propose une analyse compl\u00e8te du pouvoir en pr\u00e9sentant successivement les acteurs int\u00e9rieurs et ext\u00e9rieurs, les diff\u00e9rentes formes de pouvoir, et comment ces \u00e9l\u00e9ments se combinent entre eux de mani\u00e8re dynamique.<\/p>","protected":false},"featured_media":17896,"comment_status":"open","ping_status":"closed","template":"","meta":[],"product_cat":[411,74,130,92,317,379,387],"product_tag":[],"class_list":{"0":"post-17894","1":"product","2":"type-product","3":"status-publish","4":"has-post-thumbnail","6":"product_cat-carrousel","7":"product_cat-education","8":"product_cat-entrepreneuriat","9":"product_cat-le-developpement-personnel","10":"product_cat-pdf","11":"product_cat-politique","12":"product_cat-psychologie","14":"first","15":"instock","16":"sale","17":"downloadable","18":"shipping-taxable","19":"purchasable","20":"product-type-simple","21":"add-to-wishlist-after_add_to_cart"},"yoast_head":"<!-- This site is optimized with the Yoast SEO plugin v27.4 - https:\/\/yoast.com\/product\/yoast-seo-wordpress\/ -->\n<title>Le pouvoir dans les organisations: Les r\u00e9f\u00e9rences - Mon Guide<\/title>\n<meta name=\"robots\" content=\"index, follow, max-snippet:-1, max-image-preview:large, max-video-preview:-1\" \/>\n<link rel=\"canonical\" href=\"https:\/\/monguide.net\/fr\/produit\/le-pouvoir-dans-les-organisations-les-references\/\" \/>\n<meta property=\"og:locale\" content=\"fr_FR\" \/>\n<meta property=\"og:type\" content=\"article\" \/>\n<meta property=\"og:title\" content=\"Le pouvoir dans les organisations: Les r\u00e9f\u00e9rences - Mon Guide\" \/>\n<meta property=\"og:description\" content=\"Depuis sa parution, ce livre de\u00a0 688 pages, au format PDF, disponible uniquement en t\u00e9l\u00e9chargement, fait r\u00e9f\u00e9rence dans le domaine du management et dans celui des sciences sociales et politiques. Il s&#039;agit du troisi\u00e8me volet de la trilogie de Mintzberg consacr\u00e9e aux organisations, avec\u00a0Le manager au quotidien et\u00a0Structure et dynamique des organisations.\u00a0Il propose une analyse compl\u00e8te du pouvoir en pr\u00e9sentant successivement les acteurs int\u00e9rieurs et ext\u00e9rieurs, les diff\u00e9rentes formes de pouvoir, et comment ces \u00e9l\u00e9ments se combinent entre eux de mani\u00e8re dynamique.\" \/>\n<meta property=\"og:url\" content=\"https:\/\/monguide.net\/fr\/produit\/le-pouvoir-dans-les-organisations-les-references\/\" \/>\n<meta property=\"og:site_name\" content=\"Mon Guide\" \/>\n<meta property=\"article:publisher\" content=\"https:\/\/web.facebook.com\/profile.php?id=61558559594373&amp;ref=embed_page\" \/>\n<meta property=\"article:modified_time\" content=\"2026-03-27T10:34:11+00:00\" \/>\n<meta property=\"og:image\" content=\"https:\/\/monguide.net\/wp-content\/uploads\/2024\/06\/LE-POUVOIR-DES-ORGANISATIONS.jpg\" \/>\n\t<meta property=\"og:image:width\" content=\"946\" \/>\n\t<meta property=\"og:image:height\" content=\"1360\" \/>\n\t<meta property=\"og:image:type\" content=\"image\/jpeg\" \/>\n<meta name=\"twitter:card\" content=\"summary_large_image\" \/>\n<meta name=\"twitter:label1\" content=\"Dur\u00e9e de lecture estim\u00e9e\" \/>\n\t<meta name=\"twitter:data1\" content=\"2 minutes\" \/>\n<script type=\"application\/ld+json\" class=\"yoast-schema-graph\">{\"@context\":\"https:\\\/\\\/schema.org\",\"@graph\":[{\"@type\":\"WebPage\",\"@id\":\"https:\\\/\\\/monguide.net\\\/produit\\\/le-pouvoir-dans-les-organisations-les-references\\\/\",\"url\":\"https:\\\/\\\/monguide.net\\\/produit\\\/le-pouvoir-dans-les-organisations-les-references\\\/\",\"name\":\"Le pouvoir dans les organisations: Les r\u00e9f\u00e9rences - Mon Guide\",\"isPartOf\":{\"@id\":\"https:\\\/\\\/monguide.net\\\/#website\"},\"primaryImageOfPage\":{\"@id\":\"https:\\\/\\\/monguide.net\\\/produit\\\/le-pouvoir-dans-les-organisations-les-references\\\/#primaryimage\"},\"image\":{\"@id\":\"https:\\\/\\\/monguide.net\\\/produit\\\/le-pouvoir-dans-les-organisations-les-references\\\/#primaryimage\"},\"thumbnailUrl\":\"https:\\\/\\\/monguide.net\\\/wp-content\\\/uploads\\\/2024\\\/06\\\/LE-POUVOIR-DES-ORGANISATIONS.jpg\",\"datePublished\":\"2024-06-09T18:38:29+00:00\",\"dateModified\":\"2026-03-27T10:34:11+00:00\",\"breadcrumb\":{\"@id\":\"https:\\\/\\\/monguide.net\\\/produit\\\/le-pouvoir-dans-les-organisations-les-references\\\/#breadcrumb\"},\"inLanguage\":\"fr-FR\",\"potentialAction\":[{\"@type\":\"ReadAction\",\"target\":[\"https:\\\/\\\/monguide.net\\\/produit\\\/le-pouvoir-dans-les-organisations-les-references\\\/\"]}]},{\"@type\":\"ImageObject\",\"inLanguage\":\"fr-FR\",\"@id\":\"https:\\\/\\\/monguide.net\\\/produit\\\/le-pouvoir-dans-les-organisations-les-references\\\/#primaryimage\",\"url\":\"https:\\\/\\\/monguide.net\\\/wp-content\\\/uploads\\\/2024\\\/06\\\/LE-POUVOIR-DES-ORGANISATIONS.jpg\",\"contentUrl\":\"https:\\\/\\\/monguide.net\\\/wp-content\\\/uploads\\\/2024\\\/06\\\/LE-POUVOIR-DES-ORGANISATIONS.jpg\",\"width\":946,\"height\":1360},{\"@type\":\"BreadcrumbList\",\"@id\":\"https:\\\/\\\/monguide.net\\\/produit\\\/le-pouvoir-dans-les-organisations-les-references\\\/#breadcrumb\",\"itemListElement\":[{\"@type\":\"ListItem\",\"position\":1,\"name\":\"Accueil\",\"item\":\"https:\\\/\\\/monguide.net\\\/\"},{\"@type\":\"ListItem\",\"position\":2,\"name\":\"Boutique\",\"item\":\"https:\\\/\\\/monguide.net\\\/shop\\\/\"},{\"@type\":\"ListItem\",\"position\":3,\"name\":\"Le pouvoir dans les organisations: Les r\u00e9f\u00e9rences\"}]},{\"@type\":\"WebSite\",\"@id\":\"https:\\\/\\\/monguide.net\\\/#website\",\"url\":\"https:\\\/\\\/monguide.net\\\/\",\"name\":\"Mon Guide\",\"description\":\"La boussole du monde. Tous vos livres et ebook \u00e0 un endroit\",\"publisher\":{\"@id\":\"https:\\\/\\\/monguide.net\\\/#organization\"},\"potentialAction\":[{\"@type\":\"SearchAction\",\"target\":{\"@type\":\"EntryPoint\",\"urlTemplate\":\"https:\\\/\\\/monguide.net\\\/?s={search_term_string}\"},\"query-input\":{\"@type\":\"PropertyValueSpecification\",\"valueRequired\":true,\"valueName\":\"search_term_string\"}}],\"inLanguage\":\"fr-FR\"},{\"@type\":\"Organization\",\"@id\":\"https:\\\/\\\/monguide.net\\\/#organization\",\"name\":\"Mon Guide\",\"url\":\"https:\\\/\\\/monguide.net\\\/\",\"logo\":{\"@type\":\"ImageObject\",\"inLanguage\":\"fr-FR\",\"@id\":\"https:\\\/\\\/monguide.net\\\/#\\\/schema\\\/logo\\\/image\\\/\",\"url\":\"http:\\\/\\\/monguide.net\\\/wp-content\\\/uploads\\\/2024\\\/05\\\/Favicon.png\",\"contentUrl\":\"http:\\\/\\\/monguide.net\\\/wp-content\\\/uploads\\\/2024\\\/05\\\/Favicon.png\",\"width\":512,\"height\":512,\"caption\":\"Mon Guide\"},\"image\":{\"@id\":\"https:\\\/\\\/monguide.net\\\/#\\\/schema\\\/logo\\\/image\\\/\"},\"sameAs\":[\"https:\\\/\\\/web.facebook.com\\\/profile.php?id=61558559594373&ref=embed_page\"]}]}<\/script>\n<!-- \/ Yoast SEO plugin. -->","yoast_head_json":{"title":"Le pouvoir dans les organisations: Les r\u00e9f\u00e9rences - Mon Guide","robots":{"index":"index","follow":"follow","max-snippet":"max-snippet:-1","max-image-preview":"max-image-preview:large","max-video-preview":"max-video-preview:-1"},"canonical":"https:\/\/monguide.net\/fr\/produit\/le-pouvoir-dans-les-organisations-les-references\/","og_locale":"fr_FR","og_type":"article","og_title":"Le pouvoir dans les organisations: Les r\u00e9f\u00e9rences - Mon Guide","og_description":"Depuis sa parution, ce livre de\u00a0 688 pages, au format PDF, disponible uniquement en t\u00e9l\u00e9chargement, fait r\u00e9f\u00e9rence dans le domaine du management et dans celui des sciences sociales et politiques. Il s'agit du troisi\u00e8me volet de la trilogie de Mintzberg consacr\u00e9e aux organisations, avec\u00a0Le manager au quotidien et\u00a0Structure et dynamique des organisations.\u00a0Il propose une analyse compl\u00e8te du pouvoir en pr\u00e9sentant successivement les acteurs int\u00e9rieurs et ext\u00e9rieurs, les diff\u00e9rentes formes de pouvoir, et comment ces \u00e9l\u00e9ments se combinent entre eux de mani\u00e8re dynamique.","og_url":"https:\/\/monguide.net\/fr\/produit\/le-pouvoir-dans-les-organisations-les-references\/","og_site_name":"Mon Guide","article_publisher":"https:\/\/web.facebook.com\/profile.php?id=61558559594373&ref=embed_page","article_modified_time":"2026-03-27T10:34:11+00:00","og_image":[{"width":946,"height":1360,"url":"https:\/\/monguide.net\/wp-content\/uploads\/2024\/06\/LE-POUVOIR-DES-ORGANISATIONS.jpg","type":"image\/jpeg"}],"twitter_card":"summary_large_image","twitter_misc":{"Dur\u00e9e de lecture estim\u00e9e":"2 minutes"},"schema":{"@context":"https:\/\/schema.org","@graph":[{"@type":"WebPage","@id":"https:\/\/monguide.net\/produit\/le-pouvoir-dans-les-organisations-les-references\/","url":"https:\/\/monguide.net\/produit\/le-pouvoir-dans-les-organisations-les-references\/","name":"Le pouvoir dans les organisations: Les r\u00e9f\u00e9rences - Mon Guide","isPartOf":{"@id":"https:\/\/monguide.net\/#website"},"primaryImageOfPage":{"@id":"https:\/\/monguide.net\/produit\/le-pouvoir-dans-les-organisations-les-references\/#primaryimage"},"image":{"@id":"https:\/\/monguide.net\/produit\/le-pouvoir-dans-les-organisations-les-references\/#primaryimage"},"thumbnailUrl":"https:\/\/monguide.net\/wp-content\/uploads\/2024\/06\/LE-POUVOIR-DES-ORGANISATIONS.jpg","datePublished":"2024-06-09T18:38:29+00:00","dateModified":"2026-03-27T10:34:11+00:00","breadcrumb":{"@id":"https:\/\/monguide.net\/produit\/le-pouvoir-dans-les-organisations-les-references\/#breadcrumb"},"inLanguage":"fr-FR","potentialAction":[{"@type":"ReadAction","target":["https:\/\/monguide.net\/produit\/le-pouvoir-dans-les-organisations-les-references\/"]}]},{"@type":"ImageObject","inLanguage":"fr-FR","@id":"https:\/\/monguide.net\/produit\/le-pouvoir-dans-les-organisations-les-references\/#primaryimage","url":"https:\/\/monguide.net\/wp-content\/uploads\/2024\/06\/LE-POUVOIR-DES-ORGANISATIONS.jpg","contentUrl":"https:\/\/monguide.net\/wp-content\/uploads\/2024\/06\/LE-POUVOIR-DES-ORGANISATIONS.jpg","width":946,"height":1360},{"@type":"BreadcrumbList","@id":"https:\/\/monguide.net\/produit\/le-pouvoir-dans-les-organisations-les-references\/#breadcrumb","itemListElement":[{"@type":"ListItem","position":1,"name":"Accueil","item":"https:\/\/monguide.net\/"},{"@type":"ListItem","position":2,"name":"Boutique","item":"https:\/\/monguide.net\/shop\/"},{"@type":"ListItem","position":3,"name":"Le pouvoir dans les organisations: Les r\u00e9f\u00e9rences"}]},{"@type":"WebSite","@id":"https:\/\/monguide.net\/#website","url":"https:\/\/monguide.net\/","name":"Mon Guide","description":"La boussole du monde. Tous vos livres et ebook \u00e0 un endroit","publisher":{"@id":"https:\/\/monguide.net\/#organization"},"potentialAction":[{"@type":"SearchAction","target":{"@type":"EntryPoint","urlTemplate":"https:\/\/monguide.net\/?s={search_term_string}"},"query-input":{"@type":"PropertyValueSpecification","valueRequired":true,"valueName":"search_term_string"}}],"inLanguage":"fr-FR"},{"@type":"Organization","@id":"https:\/\/monguide.net\/#organization","name":"Mon Guide","url":"https:\/\/monguide.net\/","logo":{"@type":"ImageObject","inLanguage":"fr-FR","@id":"https:\/\/monguide.net\/#\/schema\/logo\/image\/","url":"https:\/\/monguide.net\/wp-content\/uploads\/2024\/05\/Favicon.png","contentUrl":"https:\/\/monguide.net\/wp-content\/uploads\/2024\/05\/Favicon.png","width":512,"height":512,"caption":"Mon Guide"},"image":{"@id":"https:\/\/monguide.net\/#\/schema\/logo\/image\/"},"sameAs":["https:\/\/web.facebook.com\/profile.php?id=61558559594373&ref=embed_page"]}]}},"jetpack_sharing_enabled":true,"_links":{"self":[{"href":"https:\/\/monguide.net\/fr\/wp-json\/wp\/v2\/product\/17894","targetHints":{"allow":["GET"]}}],"collection":[{"href":"https:\/\/monguide.net\/fr\/wp-json\/wp\/v2\/product"}],"about":[{"href":"https:\/\/monguide.net\/fr\/wp-json\/wp\/v2\/types\/product"}],"replies":[{"embeddable":true,"href":"https:\/\/monguide.net\/fr\/wp-json\/wp\/v2\/comments?post=17894"}],"version-history":[{"count":0,"href":"https:\/\/monguide.net\/fr\/wp-json\/wp\/v2\/product\/17894\/revisions"}],"wp:featuredmedia":[{"embeddable":true,"href":"https:\/\/monguide.net\/fr\/wp-json\/wp\/v2\/media\/17896"}],"wp:attachment":[{"href":"https:\/\/monguide.net\/fr\/wp-json\/wp\/v2\/media?parent=17894"}],"wp:term":[{"taxonomy":"product_cat","embeddable":true,"href":"https:\/\/monguide.net\/fr\/wp-json\/wp\/v2\/product_cat?post=17894"},{"taxonomy":"product_tag","embeddable":true,"href":"https:\/\/monguide.net\/fr\/wp-json\/wp\/v2\/product_tag?post=17894"}],"curies":[{"name":"wp","href":"https:\/\/api.w.org\/{rel}","templated":true}]}}