{"id":17898,"date":"2024-06-09T21:31:14","date_gmt":"2024-06-09T19:31:14","guid":{"rendered":"https:\/\/monguide.net\/?post_type=product&#038;p=17898"},"modified":"2026-03-27T11:34:11","modified_gmt":"2026-03-27T10:34:11","slug":"reapprendre-a-voir-le-monde-merleau-ponty-face-au-miroir-lacanien","status":"publish","type":"product","link":"https:\/\/monguide.net\/fr\/produit\/reapprendre-a-voir-le-monde-merleau-ponty-face-au-miroir-lacanien\/","title":{"rendered":"R\u00e9apprendre A Voir Le Monde: Merleau-ponty Face Au Miroir Lacanien"},"content":{"rendered":"<p>\u00ab La vraie philosophie est de rapprendre \u00e0 voir le monde, et en ce sens une histoire racont\u00e9e peut signifier le monde avec autant de &#8220;p- fondeur&#8221; qu&#8217;un trait\u00e9 de philosophie. Nous prenons en main notre sort, nous devenons responsables de notre histoire par la r\u00e9flexion, mais aussi bien par une d\u00e9cision o\u00f9 nous engageons notre vie, et dans les deux cas\u00a0 il s&#8217;agit d&#8217;un acte violent qui se v\u00e9rifie en s&#8217;exer\u00e7ant .\u00bb Notre \u00e9tude aura pour t\u00e2che d&#8217;\u00e9lucider ce passage, \u00e9crit par Maurice Merleau-Ponty dans l&#8217;avant-propos de sa Ph\u00e9nom\u00e9nologie de la perception. S&#8217;agit-il d&#8217;une nouvelle notion de la philosophie comme apprentissage, non seulement d&#8217;un regard th\u00e9orique sur le monde, mais aussi et surtout d&#8217;un regard engag\u00e9, un regard qui est d\u00e9j\u00e0 dans le monde ? La philosophie pourra- elle nous apprendre comment \u00ab prendre en main notre sort \u00bb, comment faire de notre histoire personnelle une histoire racont\u00e9e, invent\u00e9e et cr\u00e9\u00e9e par la r\u00e9flexion ? Quelle pourrait donc \u00eatre cette r\u00e9flexion en tant qu&#8217;acte violent ? Est-ce une philosophie qui se m\u00eale \u00e0 la vie, qui se confond avec elle tout en la rappelant, en la r\u00e9apprenant, une fa\u00e7on oubli\u00e9e de regarder qui est en m\u00eame temps une fa\u00e7on oubli\u00e9e de vivre ? Et de quelle vie s&#8217;agit-il ? Celle du philosophe m\u00eame, de ses lecteurs ou de l&#8217;homme en tant que tel ?<\/p>\n<p>Format: PDF<\/p>\n<p>Nombre de page: 294<\/p>\n<p>Langue: Fran\u00e7ais<\/p>","protected":false},"excerpt":{"rendered":"<p>Notre \u00e9tude aura pour t\u00e2che d&#8217;\u00e9lucider ce passage, \u00e9crit par Maurice Merleau-Ponty dans l&#8217;avant-propos de sa Ph\u00e9nom\u00e9nologie de la perception. S&#8217;agit-il d&#8217;une nouvelle notion de la philosophie comme apprentissage, non seulement d&#8217;un regard th\u00e9orique sur le monde, mais aussi et surtout d&#8217;un regard engag\u00e9, un regard qui est d\u00e9j\u00e0 dans le monde ? La philosophie pourra- elle nous apprendre comment \u00ab prendre en main notre sort \u00bb<\/p>","protected":false},"featured_media":17900,"comment_status":"open","ping_status":"closed","template":"","meta":[],"product_cat":[411,317,564,387],"product_tag":[],"class_list":{"0":"post-17898","1":"product","2":"type-product","3":"status-publish","4":"has-post-thumbnail","6":"product_cat-carrousel","7":"product_cat-pdf","8":"product_cat-philosophie","9":"product_cat-psychologie","11":"first","12":"instock","13":"sale","14":"downloadable","15":"shipping-taxable","16":"purchasable","17":"product-type-simple","18":"add-to-wishlist-after_add_to_cart"},"yoast_head":"<!-- This site is optimized with the Yoast SEO plugin v27.4 - https:\/\/yoast.com\/product\/yoast-seo-wordpress\/ -->\n<title>R\u00e9apprendre A Voir Le Monde: Merleau-ponty Face Au Miroir Lacanien - Mon Guide<\/title>\n<meta name=\"robots\" content=\"index, follow, max-snippet:-1, max-image-preview:large, max-video-preview:-1\" \/>\n<link rel=\"canonical\" href=\"https:\/\/monguide.net\/fr\/produit\/reapprendre-a-voir-le-monde-merleau-ponty-face-au-miroir-lacanien\/\" \/>\n<meta property=\"og:locale\" content=\"fr_FR\" \/>\n<meta property=\"og:type\" content=\"article\" \/>\n<meta property=\"og:title\" content=\"R\u00e9apprendre A Voir Le Monde: Merleau-ponty Face Au Miroir Lacanien - Mon Guide\" \/>\n<meta property=\"og:description\" content=\"Notre \u00e9tude aura pour t\u00e2che d&#039;\u00e9lucider ce passage, \u00e9crit par Maurice Merleau-Ponty dans l&#039;avant-propos de sa Ph\u00e9nom\u00e9nologie de la perception. S&#039;agit-il d&#039;une nouvelle notion de la philosophie comme apprentissage, non seulement d&#039;un regard th\u00e9orique sur le monde, mais aussi et surtout d&#039;un regard engag\u00e9, un regard qui est d\u00e9j\u00e0 dans le monde ? La philosophie pourra- elle nous apprendre comment \u00ab prendre en main notre sort \u00bb\" \/>\n<meta property=\"og:url\" content=\"https:\/\/monguide.net\/fr\/produit\/reapprendre-a-voir-le-monde-merleau-ponty-face-au-miroir-lacanien\/\" \/>\n<meta property=\"og:site_name\" content=\"Mon Guide\" \/>\n<meta property=\"article:publisher\" content=\"https:\/\/web.facebook.com\/profile.php?id=61558559594373&amp;ref=embed_page\" \/>\n<meta property=\"article:modified_time\" content=\"2026-03-27T10:34:11+00:00\" \/>\n<meta property=\"og:image\" content=\"https:\/\/monguide.net\/wp-content\/uploads\/2024\/06\/reaprendre-a-voir-le-monde.jpg\" \/>\n\t<meta property=\"og:image:width\" content=\"827\" \/>\n\t<meta property=\"og:image:height\" content=\"1255\" \/>\n\t<meta property=\"og:image:type\" content=\"image\/jpeg\" \/>\n<meta name=\"twitter:card\" content=\"summary_large_image\" \/>\n<meta name=\"twitter:label1\" content=\"Dur\u00e9e de lecture estim\u00e9e\" \/>\n\t<meta name=\"twitter:data1\" content=\"2 minutes\" \/>\n<script type=\"application\/ld+json\" class=\"yoast-schema-graph\">{\"@context\":\"https:\\\/\\\/schema.org\",\"@graph\":[{\"@type\":\"WebPage\",\"@id\":\"https:\\\/\\\/monguide.net\\\/produit\\\/reapprendre-a-voir-le-monde-merleau-ponty-face-au-miroir-lacanien\\\/\",\"url\":\"https:\\\/\\\/monguide.net\\\/produit\\\/reapprendre-a-voir-le-monde-merleau-ponty-face-au-miroir-lacanien\\\/\",\"name\":\"R\u00e9apprendre A Voir Le Monde: Merleau-ponty Face Au Miroir Lacanien - Mon Guide\",\"isPartOf\":{\"@id\":\"https:\\\/\\\/monguide.net\\\/#website\"},\"primaryImageOfPage\":{\"@id\":\"https:\\\/\\\/monguide.net\\\/produit\\\/reapprendre-a-voir-le-monde-merleau-ponty-face-au-miroir-lacanien\\\/#primaryimage\"},\"image\":{\"@id\":\"https:\\\/\\\/monguide.net\\\/produit\\\/reapprendre-a-voir-le-monde-merleau-ponty-face-au-miroir-lacanien\\\/#primaryimage\"},\"thumbnailUrl\":\"https:\\\/\\\/monguide.net\\\/wp-content\\\/uploads\\\/2024\\\/06\\\/reaprendre-a-voir-le-monde.jpg\",\"datePublished\":\"2024-06-09T19:31:14+00:00\",\"dateModified\":\"2026-03-27T10:34:11+00:00\",\"breadcrumb\":{\"@id\":\"https:\\\/\\\/monguide.net\\\/produit\\\/reapprendre-a-voir-le-monde-merleau-ponty-face-au-miroir-lacanien\\\/#breadcrumb\"},\"inLanguage\":\"fr-FR\",\"potentialAction\":[{\"@type\":\"ReadAction\",\"target\":[\"https:\\\/\\\/monguide.net\\\/produit\\\/reapprendre-a-voir-le-monde-merleau-ponty-face-au-miroir-lacanien\\\/\"]}]},{\"@type\":\"ImageObject\",\"inLanguage\":\"fr-FR\",\"@id\":\"https:\\\/\\\/monguide.net\\\/produit\\\/reapprendre-a-voir-le-monde-merleau-ponty-face-au-miroir-lacanien\\\/#primaryimage\",\"url\":\"https:\\\/\\\/monguide.net\\\/wp-content\\\/uploads\\\/2024\\\/06\\\/reaprendre-a-voir-le-monde.jpg\",\"contentUrl\":\"https:\\\/\\\/monguide.net\\\/wp-content\\\/uploads\\\/2024\\\/06\\\/reaprendre-a-voir-le-monde.jpg\",\"width\":827,\"height\":1255},{\"@type\":\"BreadcrumbList\",\"@id\":\"https:\\\/\\\/monguide.net\\\/produit\\\/reapprendre-a-voir-le-monde-merleau-ponty-face-au-miroir-lacanien\\\/#breadcrumb\",\"itemListElement\":[{\"@type\":\"ListItem\",\"position\":1,\"name\":\"Accueil\",\"item\":\"https:\\\/\\\/monguide.net\\\/\"},{\"@type\":\"ListItem\",\"position\":2,\"name\":\"Boutique\",\"item\":\"https:\\\/\\\/monguide.net\\\/shop\\\/\"},{\"@type\":\"ListItem\",\"position\":3,\"name\":\"R\u00e9apprendre A Voir Le Monde: Merleau-ponty Face Au Miroir Lacanien\"}]},{\"@type\":\"WebSite\",\"@id\":\"https:\\\/\\\/monguide.net\\\/#website\",\"url\":\"https:\\\/\\\/monguide.net\\\/\",\"name\":\"Mon Guide\",\"description\":\"La boussole du monde. Tous vos livres et ebook \u00e0 un endroit\",\"publisher\":{\"@id\":\"https:\\\/\\\/monguide.net\\\/#organization\"},\"potentialAction\":[{\"@type\":\"SearchAction\",\"target\":{\"@type\":\"EntryPoint\",\"urlTemplate\":\"https:\\\/\\\/monguide.net\\\/?s={search_term_string}\"},\"query-input\":{\"@type\":\"PropertyValueSpecification\",\"valueRequired\":true,\"valueName\":\"search_term_string\"}}],\"inLanguage\":\"fr-FR\"},{\"@type\":\"Organization\",\"@id\":\"https:\\\/\\\/monguide.net\\\/#organization\",\"name\":\"Mon Guide\",\"url\":\"https:\\\/\\\/monguide.net\\\/\",\"logo\":{\"@type\":\"ImageObject\",\"inLanguage\":\"fr-FR\",\"@id\":\"https:\\\/\\\/monguide.net\\\/#\\\/schema\\\/logo\\\/image\\\/\",\"url\":\"http:\\\/\\\/monguide.net\\\/wp-content\\\/uploads\\\/2024\\\/05\\\/Favicon.png\",\"contentUrl\":\"http:\\\/\\\/monguide.net\\\/wp-content\\\/uploads\\\/2024\\\/05\\\/Favicon.png\",\"width\":512,\"height\":512,\"caption\":\"Mon Guide\"},\"image\":{\"@id\":\"https:\\\/\\\/monguide.net\\\/#\\\/schema\\\/logo\\\/image\\\/\"},\"sameAs\":[\"https:\\\/\\\/web.facebook.com\\\/profile.php?id=61558559594373&ref=embed_page\"]}]}<\/script>\n<!-- \/ Yoast SEO plugin. -->","yoast_head_json":{"title":"R\u00e9apprendre A Voir Le Monde: Merleau-ponty Face Au Miroir Lacanien - Mon Guide","robots":{"index":"index","follow":"follow","max-snippet":"max-snippet:-1","max-image-preview":"max-image-preview:large","max-video-preview":"max-video-preview:-1"},"canonical":"https:\/\/monguide.net\/fr\/produit\/reapprendre-a-voir-le-monde-merleau-ponty-face-au-miroir-lacanien\/","og_locale":"fr_FR","og_type":"article","og_title":"R\u00e9apprendre A Voir Le Monde: Merleau-ponty Face Au Miroir Lacanien - Mon Guide","og_description":"Notre \u00e9tude aura pour t\u00e2che d'\u00e9lucider ce passage, \u00e9crit par Maurice Merleau-Ponty dans l'avant-propos de sa Ph\u00e9nom\u00e9nologie de la perception. S'agit-il d'une nouvelle notion de la philosophie comme apprentissage, non seulement d'un regard th\u00e9orique sur le monde, mais aussi et surtout d'un regard engag\u00e9, un regard qui est d\u00e9j\u00e0 dans le monde ? La philosophie pourra- elle nous apprendre comment \u00ab prendre en main notre sort \u00bb","og_url":"https:\/\/monguide.net\/fr\/produit\/reapprendre-a-voir-le-monde-merleau-ponty-face-au-miroir-lacanien\/","og_site_name":"Mon Guide","article_publisher":"https:\/\/web.facebook.com\/profile.php?id=61558559594373&ref=embed_page","article_modified_time":"2026-03-27T10:34:11+00:00","og_image":[{"width":827,"height":1255,"url":"https:\/\/monguide.net\/wp-content\/uploads\/2024\/06\/reaprendre-a-voir-le-monde.jpg","type":"image\/jpeg"}],"twitter_card":"summary_large_image","twitter_misc":{"Dur\u00e9e de lecture estim\u00e9e":"2 minutes"},"schema":{"@context":"https:\/\/schema.org","@graph":[{"@type":"WebPage","@id":"https:\/\/monguide.net\/produit\/reapprendre-a-voir-le-monde-merleau-ponty-face-au-miroir-lacanien\/","url":"https:\/\/monguide.net\/produit\/reapprendre-a-voir-le-monde-merleau-ponty-face-au-miroir-lacanien\/","name":"R\u00e9apprendre A Voir Le Monde: Merleau-ponty Face Au Miroir Lacanien - Mon Guide","isPartOf":{"@id":"https:\/\/monguide.net\/#website"},"primaryImageOfPage":{"@id":"https:\/\/monguide.net\/produit\/reapprendre-a-voir-le-monde-merleau-ponty-face-au-miroir-lacanien\/#primaryimage"},"image":{"@id":"https:\/\/monguide.net\/produit\/reapprendre-a-voir-le-monde-merleau-ponty-face-au-miroir-lacanien\/#primaryimage"},"thumbnailUrl":"https:\/\/monguide.net\/wp-content\/uploads\/2024\/06\/reaprendre-a-voir-le-monde.jpg","datePublished":"2024-06-09T19:31:14+00:00","dateModified":"2026-03-27T10:34:11+00:00","breadcrumb":{"@id":"https:\/\/monguide.net\/produit\/reapprendre-a-voir-le-monde-merleau-ponty-face-au-miroir-lacanien\/#breadcrumb"},"inLanguage":"fr-FR","potentialAction":[{"@type":"ReadAction","target":["https:\/\/monguide.net\/produit\/reapprendre-a-voir-le-monde-merleau-ponty-face-au-miroir-lacanien\/"]}]},{"@type":"ImageObject","inLanguage":"fr-FR","@id":"https:\/\/monguide.net\/produit\/reapprendre-a-voir-le-monde-merleau-ponty-face-au-miroir-lacanien\/#primaryimage","url":"https:\/\/monguide.net\/wp-content\/uploads\/2024\/06\/reaprendre-a-voir-le-monde.jpg","contentUrl":"https:\/\/monguide.net\/wp-content\/uploads\/2024\/06\/reaprendre-a-voir-le-monde.jpg","width":827,"height":1255},{"@type":"BreadcrumbList","@id":"https:\/\/monguide.net\/produit\/reapprendre-a-voir-le-monde-merleau-ponty-face-au-miroir-lacanien\/#breadcrumb","itemListElement":[{"@type":"ListItem","position":1,"name":"Accueil","item":"https:\/\/monguide.net\/"},{"@type":"ListItem","position":2,"name":"Boutique","item":"https:\/\/monguide.net\/shop\/"},{"@type":"ListItem","position":3,"name":"R\u00e9apprendre A Voir Le Monde: Merleau-ponty Face Au Miroir Lacanien"}]},{"@type":"WebSite","@id":"https:\/\/monguide.net\/#website","url":"https:\/\/monguide.net\/","name":"Mon Guide","description":"La boussole du monde. Tous vos livres et ebook \u00e0 un endroit","publisher":{"@id":"https:\/\/monguide.net\/#organization"},"potentialAction":[{"@type":"SearchAction","target":{"@type":"EntryPoint","urlTemplate":"https:\/\/monguide.net\/?s={search_term_string}"},"query-input":{"@type":"PropertyValueSpecification","valueRequired":true,"valueName":"search_term_string"}}],"inLanguage":"fr-FR"},{"@type":"Organization","@id":"https:\/\/monguide.net\/#organization","name":"Mon Guide","url":"https:\/\/monguide.net\/","logo":{"@type":"ImageObject","inLanguage":"fr-FR","@id":"https:\/\/monguide.net\/#\/schema\/logo\/image\/","url":"https:\/\/monguide.net\/wp-content\/uploads\/2024\/05\/Favicon.png","contentUrl":"https:\/\/monguide.net\/wp-content\/uploads\/2024\/05\/Favicon.png","width":512,"height":512,"caption":"Mon Guide"},"image":{"@id":"https:\/\/monguide.net\/#\/schema\/logo\/image\/"},"sameAs":["https:\/\/web.facebook.com\/profile.php?id=61558559594373&ref=embed_page"]}]}},"jetpack_sharing_enabled":true,"_links":{"self":[{"href":"https:\/\/monguide.net\/fr\/wp-json\/wp\/v2\/product\/17898","targetHints":{"allow":["GET"]}}],"collection":[{"href":"https:\/\/monguide.net\/fr\/wp-json\/wp\/v2\/product"}],"about":[{"href":"https:\/\/monguide.net\/fr\/wp-json\/wp\/v2\/types\/product"}],"replies":[{"embeddable":true,"href":"https:\/\/monguide.net\/fr\/wp-json\/wp\/v2\/comments?post=17898"}],"version-history":[{"count":0,"href":"https:\/\/monguide.net\/fr\/wp-json\/wp\/v2\/product\/17898\/revisions"}],"wp:featuredmedia":[{"embeddable":true,"href":"https:\/\/monguide.net\/fr\/wp-json\/wp\/v2\/media\/17900"}],"wp:attachment":[{"href":"https:\/\/monguide.net\/fr\/wp-json\/wp\/v2\/media?parent=17898"}],"wp:term":[{"taxonomy":"product_cat","embeddable":true,"href":"https:\/\/monguide.net\/fr\/wp-json\/wp\/v2\/product_cat?post=17898"},{"taxonomy":"product_tag","embeddable":true,"href":"https:\/\/monguide.net\/fr\/wp-json\/wp\/v2\/product_tag?post=17898"}],"curies":[{"name":"wp","href":"https:\/\/api.w.org\/{rel}","templated":true}]}}