{"id":18056,"date":"2024-06-20T21:06:08","date_gmt":"2024-06-20T19:06:08","guid":{"rendered":"https:\/\/monguide.net\/?post_type=product&#038;p=18056"},"modified":"2026-03-27T11:34:17","modified_gmt":"2026-03-27T10:34:17","slug":"le-millionnaire-tome-2-un-conte-sur-la-magie-de-lesprit","status":"publish","type":"product","link":"https:\/\/monguide.net\/fr\/produit\/le-millionnaire-tome-2-un-conte-sur-la-magie-de-lesprit\/","title":{"rendered":"Le Millionnaire tome 2: Un conte sur la magie de l&#8217;esprit"},"content":{"rendered":"<p>Lorsque le jeune homme retrouve le g\u00e9n\u00e9reux philosophe, non seulement n&#8217;a-t-il pas fait fortune, mais il est condamn\u00e9, pour survivre, \u00e0 servir de l&#8217;essence au garage de son d\u00e9testable beau-p\u00e8re&#8230; L&#8217;excentrique millionnaire reprend alors, l\u00e0 o\u00f9 il l&#8217;avait laiss\u00e9e, l&#8217;\u00e9ducation philosophique et financi\u00e8re du jeune homme. \u00c0 travers des anecdotes et des exemples tir\u00e9s de l&#8217;histoire ancienne, il lui enseigne les vertus de l&#8217;audace, de la frugalit\u00e9, de la pers\u00e9v\u00e9rance et de l&#8217;imagination, source de toutes les richesses. Il lui montre surtout qu&#8217;il a besoin, pour se d\u00e9barrasser une fois pour toutes de ses probl\u00e8mes d&#8217;argent et prendre sa retraite dans cinq ans, de revenus passifs : une sorte de rivi\u00e8re d&#8217;argent qui coule constamment dans son compte, m\u00eame s&#8217;il est occup\u00e9 \u00e0 faire autre chose&#8230; voyager, jouer au golf ou \u00e9crire son premier roman !<\/p>\n<p>Format: PDF<\/p>\n<p>Nombre de page: 146<\/p>\n<p>Langue: Fran\u00e7ais<\/p>","protected":false},"excerpt":{"rendered":"<p>Lorsque le jeune homme retrouve le g\u00e9n\u00e9reux philosophe, non seulement n&#8217;a-t-il pas fait fortune, mais il est condamn\u00e9, pour survivre, \u00e0 servir de l&#8217;essence au garage de son d\u00e9testable beau-p\u00e8re&#8230; L&#8217;excentrique millionnaire reprend alors, l\u00e0 o\u00f9 il l&#8217;avait laiss\u00e9e, l&#8217;\u00e9ducation philosophique et financi\u00e8re du jeune homme. \u00c0 travers des anecdotes et des exemples tir\u00e9s de l&#8217;histoire ancienne, il lui enseigne les vertus de l&#8217;audace, de la frugalit\u00e9, de la pers\u00e9v\u00e9rance et de l&#8217;imagination, source de toutes les richesses.<\/p>","protected":false},"featured_media":18058,"comment_status":"open","ping_status":"closed","template":"","meta":[],"product_cat":[91,92,317],"product_tag":[],"class_list":{"0":"post-18056","1":"product","2":"type-product","3":"status-publish","4":"has-post-thumbnail","6":"product_cat-confiance-en-soi","7":"product_cat-le-developpement-personnel","8":"product_cat-pdf","10":"first","11":"instock","12":"sale","13":"downloadable","14":"shipping-taxable","15":"purchasable","16":"product-type-simple","17":"add-to-wishlist-after_add_to_cart"},"yoast_head":"<!-- This site is optimized with the Yoast SEO plugin v27.4 - https:\/\/yoast.com\/product\/yoast-seo-wordpress\/ -->\n<title>Le Millionnaire tome 2: Un conte sur la magie de l&#039;esprit - Mon Guide<\/title>\n<meta name=\"robots\" content=\"index, follow, max-snippet:-1, max-image-preview:large, max-video-preview:-1\" \/>\n<link rel=\"canonical\" href=\"https:\/\/monguide.net\/fr\/produit\/le-millionnaire-tome-2-un-conte-sur-la-magie-de-lesprit\/\" \/>\n<meta property=\"og:locale\" content=\"fr_FR\" \/>\n<meta property=\"og:type\" content=\"article\" \/>\n<meta property=\"og:title\" content=\"Le Millionnaire tome 2: Un conte sur la magie de l&#039;esprit - Mon Guide\" \/>\n<meta property=\"og:description\" content=\"Lorsque le jeune homme retrouve le g\u00e9n\u00e9reux philosophe, non seulement n&#039;a-t-il pas fait fortune, mais il est condamn\u00e9, pour survivre, \u00e0 servir de l&#039;essence au garage de son d\u00e9testable beau-p\u00e8re... L&#039;excentrique millionnaire reprend alors, l\u00e0 o\u00f9 il l&#039;avait laiss\u00e9e, l&#039;\u00e9ducation philosophique et financi\u00e8re du jeune homme. \u00c0 travers des anecdotes et des exemples tir\u00e9s de l&#039;histoire ancienne, il lui enseigne les vertus de l&#039;audace, de la frugalit\u00e9, de la pers\u00e9v\u00e9rance et de l&#039;imagination, source de toutes les richesses.\" \/>\n<meta property=\"og:url\" content=\"https:\/\/monguide.net\/fr\/produit\/le-millionnaire-tome-2-un-conte-sur-la-magie-de-lesprit\/\" \/>\n<meta property=\"og:site_name\" content=\"Mon Guide\" \/>\n<meta property=\"article:publisher\" content=\"https:\/\/web.facebook.com\/profile.php?id=61558559594373&amp;ref=embed_page\" \/>\n<meta property=\"article:modified_time\" content=\"2026-03-27T10:34:17+00:00\" \/>\n<meta property=\"og:image\" content=\"https:\/\/monguide.net\/wp-content\/uploads\/2024\/06\/LE-MILLIONNAIRE.jpg\" \/>\n\t<meta property=\"og:image:width\" content=\"1000\" \/>\n\t<meta property=\"og:image:height\" content=\"1456\" \/>\n\t<meta property=\"og:image:type\" content=\"image\/jpeg\" \/>\n<meta name=\"twitter:card\" content=\"summary_large_image\" \/>\n<meta name=\"twitter:label1\" content=\"Dur\u00e9e de lecture estim\u00e9e\" \/>\n\t<meta name=\"twitter:data1\" content=\"1 minute\" \/>\n<script type=\"application\/ld+json\" class=\"yoast-schema-graph\">{\"@context\":\"https:\\\/\\\/schema.org\",\"@graph\":[{\"@type\":\"WebPage\",\"@id\":\"https:\\\/\\\/monguide.net\\\/produit\\\/le-millionnaire-tome-2-un-conte-sur-la-magie-de-lesprit\\\/\",\"url\":\"https:\\\/\\\/monguide.net\\\/produit\\\/le-millionnaire-tome-2-un-conte-sur-la-magie-de-lesprit\\\/\",\"name\":\"Le Millionnaire tome 2: Un conte sur la magie de l'esprit - Mon Guide\",\"isPartOf\":{\"@id\":\"https:\\\/\\\/monguide.net\\\/#website\"},\"primaryImageOfPage\":{\"@id\":\"https:\\\/\\\/monguide.net\\\/produit\\\/le-millionnaire-tome-2-un-conte-sur-la-magie-de-lesprit\\\/#primaryimage\"},\"image\":{\"@id\":\"https:\\\/\\\/monguide.net\\\/produit\\\/le-millionnaire-tome-2-un-conte-sur-la-magie-de-lesprit\\\/#primaryimage\"},\"thumbnailUrl\":\"https:\\\/\\\/monguide.net\\\/wp-content\\\/uploads\\\/2024\\\/06\\\/LE-MILLIONNAIRE.jpg\",\"datePublished\":\"2024-06-20T19:06:08+00:00\",\"dateModified\":\"2026-03-27T10:34:17+00:00\",\"breadcrumb\":{\"@id\":\"https:\\\/\\\/monguide.net\\\/produit\\\/le-millionnaire-tome-2-un-conte-sur-la-magie-de-lesprit\\\/#breadcrumb\"},\"inLanguage\":\"fr-FR\",\"potentialAction\":[{\"@type\":\"ReadAction\",\"target\":[\"https:\\\/\\\/monguide.net\\\/produit\\\/le-millionnaire-tome-2-un-conte-sur-la-magie-de-lesprit\\\/\"]}]},{\"@type\":\"ImageObject\",\"inLanguage\":\"fr-FR\",\"@id\":\"https:\\\/\\\/monguide.net\\\/produit\\\/le-millionnaire-tome-2-un-conte-sur-la-magie-de-lesprit\\\/#primaryimage\",\"url\":\"https:\\\/\\\/monguide.net\\\/wp-content\\\/uploads\\\/2024\\\/06\\\/LE-MILLIONNAIRE.jpg\",\"contentUrl\":\"https:\\\/\\\/monguide.net\\\/wp-content\\\/uploads\\\/2024\\\/06\\\/LE-MILLIONNAIRE.jpg\",\"width\":1000,\"height\":1456},{\"@type\":\"BreadcrumbList\",\"@id\":\"https:\\\/\\\/monguide.net\\\/produit\\\/le-millionnaire-tome-2-un-conte-sur-la-magie-de-lesprit\\\/#breadcrumb\",\"itemListElement\":[{\"@type\":\"ListItem\",\"position\":1,\"name\":\"Accueil\",\"item\":\"https:\\\/\\\/monguide.net\\\/\"},{\"@type\":\"ListItem\",\"position\":2,\"name\":\"Boutique\",\"item\":\"https:\\\/\\\/monguide.net\\\/shop\\\/\"},{\"@type\":\"ListItem\",\"position\":3,\"name\":\"Le Millionnaire tome 2: Un conte sur la magie de l&#8217;esprit\"}]},{\"@type\":\"WebSite\",\"@id\":\"https:\\\/\\\/monguide.net\\\/#website\",\"url\":\"https:\\\/\\\/monguide.net\\\/\",\"name\":\"Mon Guide\",\"description\":\"La boussole du monde. Tous vos livres et ebook \u00e0 un endroit\",\"publisher\":{\"@id\":\"https:\\\/\\\/monguide.net\\\/#organization\"},\"potentialAction\":[{\"@type\":\"SearchAction\",\"target\":{\"@type\":\"EntryPoint\",\"urlTemplate\":\"https:\\\/\\\/monguide.net\\\/?s={search_term_string}\"},\"query-input\":{\"@type\":\"PropertyValueSpecification\",\"valueRequired\":true,\"valueName\":\"search_term_string\"}}],\"inLanguage\":\"fr-FR\"},{\"@type\":\"Organization\",\"@id\":\"https:\\\/\\\/monguide.net\\\/#organization\",\"name\":\"Mon Guide\",\"url\":\"https:\\\/\\\/monguide.net\\\/\",\"logo\":{\"@type\":\"ImageObject\",\"inLanguage\":\"fr-FR\",\"@id\":\"https:\\\/\\\/monguide.net\\\/#\\\/schema\\\/logo\\\/image\\\/\",\"url\":\"http:\\\/\\\/monguide.net\\\/wp-content\\\/uploads\\\/2024\\\/05\\\/Favicon.png\",\"contentUrl\":\"http:\\\/\\\/monguide.net\\\/wp-content\\\/uploads\\\/2024\\\/05\\\/Favicon.png\",\"width\":512,\"height\":512,\"caption\":\"Mon Guide\"},\"image\":{\"@id\":\"https:\\\/\\\/monguide.net\\\/#\\\/schema\\\/logo\\\/image\\\/\"},\"sameAs\":[\"https:\\\/\\\/web.facebook.com\\\/profile.php?id=61558559594373&ref=embed_page\"]}]}<\/script>\n<!-- \/ Yoast SEO plugin. -->","yoast_head_json":{"title":"Le Millionnaire tome 2: Un conte sur la magie de l'esprit - Mon Guide","robots":{"index":"index","follow":"follow","max-snippet":"max-snippet:-1","max-image-preview":"max-image-preview:large","max-video-preview":"max-video-preview:-1"},"canonical":"https:\/\/monguide.net\/fr\/produit\/le-millionnaire-tome-2-un-conte-sur-la-magie-de-lesprit\/","og_locale":"fr_FR","og_type":"article","og_title":"Le Millionnaire tome 2: Un conte sur la magie de l'esprit - Mon Guide","og_description":"Lorsque le jeune homme retrouve le g\u00e9n\u00e9reux philosophe, non seulement n'a-t-il pas fait fortune, mais il est condamn\u00e9, pour survivre, \u00e0 servir de l'essence au garage de son d\u00e9testable beau-p\u00e8re... L'excentrique millionnaire reprend alors, l\u00e0 o\u00f9 il l'avait laiss\u00e9e, l'\u00e9ducation philosophique et financi\u00e8re du jeune homme. \u00c0 travers des anecdotes et des exemples tir\u00e9s de l'histoire ancienne, il lui enseigne les vertus de l'audace, de la frugalit\u00e9, de la pers\u00e9v\u00e9rance et de l'imagination, source de toutes les richesses.","og_url":"https:\/\/monguide.net\/fr\/produit\/le-millionnaire-tome-2-un-conte-sur-la-magie-de-lesprit\/","og_site_name":"Mon Guide","article_publisher":"https:\/\/web.facebook.com\/profile.php?id=61558559594373&ref=embed_page","article_modified_time":"2026-03-27T10:34:17+00:00","og_image":[{"width":1000,"height":1456,"url":"https:\/\/monguide.net\/wp-content\/uploads\/2024\/06\/LE-MILLIONNAIRE.jpg","type":"image\/jpeg"}],"twitter_card":"summary_large_image","twitter_misc":{"Dur\u00e9e de lecture estim\u00e9e":"1 minute"},"schema":{"@context":"https:\/\/schema.org","@graph":[{"@type":"WebPage","@id":"https:\/\/monguide.net\/produit\/le-millionnaire-tome-2-un-conte-sur-la-magie-de-lesprit\/","url":"https:\/\/monguide.net\/produit\/le-millionnaire-tome-2-un-conte-sur-la-magie-de-lesprit\/","name":"Le Millionnaire tome 2: Un conte sur la magie de l'esprit - Mon Guide","isPartOf":{"@id":"https:\/\/monguide.net\/#website"},"primaryImageOfPage":{"@id":"https:\/\/monguide.net\/produit\/le-millionnaire-tome-2-un-conte-sur-la-magie-de-lesprit\/#primaryimage"},"image":{"@id":"https:\/\/monguide.net\/produit\/le-millionnaire-tome-2-un-conte-sur-la-magie-de-lesprit\/#primaryimage"},"thumbnailUrl":"https:\/\/monguide.net\/wp-content\/uploads\/2024\/06\/LE-MILLIONNAIRE.jpg","datePublished":"2024-06-20T19:06:08+00:00","dateModified":"2026-03-27T10:34:17+00:00","breadcrumb":{"@id":"https:\/\/monguide.net\/produit\/le-millionnaire-tome-2-un-conte-sur-la-magie-de-lesprit\/#breadcrumb"},"inLanguage":"fr-FR","potentialAction":[{"@type":"ReadAction","target":["https:\/\/monguide.net\/produit\/le-millionnaire-tome-2-un-conte-sur-la-magie-de-lesprit\/"]}]},{"@type":"ImageObject","inLanguage":"fr-FR","@id":"https:\/\/monguide.net\/produit\/le-millionnaire-tome-2-un-conte-sur-la-magie-de-lesprit\/#primaryimage","url":"https:\/\/monguide.net\/wp-content\/uploads\/2024\/06\/LE-MILLIONNAIRE.jpg","contentUrl":"https:\/\/monguide.net\/wp-content\/uploads\/2024\/06\/LE-MILLIONNAIRE.jpg","width":1000,"height":1456},{"@type":"BreadcrumbList","@id":"https:\/\/monguide.net\/produit\/le-millionnaire-tome-2-un-conte-sur-la-magie-de-lesprit\/#breadcrumb","itemListElement":[{"@type":"ListItem","position":1,"name":"Accueil","item":"https:\/\/monguide.net\/"},{"@type":"ListItem","position":2,"name":"Boutique","item":"https:\/\/monguide.net\/shop\/"},{"@type":"ListItem","position":3,"name":"Le Millionnaire tome 2: Un conte sur la magie de l&#8217;esprit"}]},{"@type":"WebSite","@id":"https:\/\/monguide.net\/#website","url":"https:\/\/monguide.net\/","name":"Mon Guide","description":"La boussole du monde. Tous vos livres et ebook \u00e0 un endroit","publisher":{"@id":"https:\/\/monguide.net\/#organization"},"potentialAction":[{"@type":"SearchAction","target":{"@type":"EntryPoint","urlTemplate":"https:\/\/monguide.net\/?s={search_term_string}"},"query-input":{"@type":"PropertyValueSpecification","valueRequired":true,"valueName":"search_term_string"}}],"inLanguage":"fr-FR"},{"@type":"Organization","@id":"https:\/\/monguide.net\/#organization","name":"Mon Guide","url":"https:\/\/monguide.net\/","logo":{"@type":"ImageObject","inLanguage":"fr-FR","@id":"https:\/\/monguide.net\/#\/schema\/logo\/image\/","url":"https:\/\/monguide.net\/wp-content\/uploads\/2024\/05\/Favicon.png","contentUrl":"https:\/\/monguide.net\/wp-content\/uploads\/2024\/05\/Favicon.png","width":512,"height":512,"caption":"Mon Guide"},"image":{"@id":"https:\/\/monguide.net\/#\/schema\/logo\/image\/"},"sameAs":["https:\/\/web.facebook.com\/profile.php?id=61558559594373&ref=embed_page"]}]}},"jetpack_sharing_enabled":true,"_links":{"self":[{"href":"https:\/\/monguide.net\/fr\/wp-json\/wp\/v2\/product\/18056","targetHints":{"allow":["GET"]}}],"collection":[{"href":"https:\/\/monguide.net\/fr\/wp-json\/wp\/v2\/product"}],"about":[{"href":"https:\/\/monguide.net\/fr\/wp-json\/wp\/v2\/types\/product"}],"replies":[{"embeddable":true,"href":"https:\/\/monguide.net\/fr\/wp-json\/wp\/v2\/comments?post=18056"}],"version-history":[{"count":0,"href":"https:\/\/monguide.net\/fr\/wp-json\/wp\/v2\/product\/18056\/revisions"}],"wp:featuredmedia":[{"embeddable":true,"href":"https:\/\/monguide.net\/fr\/wp-json\/wp\/v2\/media\/18058"}],"wp:attachment":[{"href":"https:\/\/monguide.net\/fr\/wp-json\/wp\/v2\/media?parent=18056"}],"wp:term":[{"taxonomy":"product_cat","embeddable":true,"href":"https:\/\/monguide.net\/fr\/wp-json\/wp\/v2\/product_cat?post=18056"},{"taxonomy":"product_tag","embeddable":true,"href":"https:\/\/monguide.net\/fr\/wp-json\/wp\/v2\/product_tag?post=18056"}],"curies":[{"name":"wp","href":"https:\/\/api.w.org\/{rel}","templated":true}]}}