{"id":18067,"date":"2024-06-20T21:32:10","date_gmt":"2024-06-20T19:32:10","guid":{"rendered":"https:\/\/monguide.net\/?post_type=product&#038;p=18067"},"modified":"2026-03-27T11:34:17","modified_gmt":"2026-03-27T10:34:17","slug":"precis-deconomie-objective","status":"publish","type":"product","link":"https:\/\/monguide.net\/fr\/produit\/precis-deconomie-objective\/","title":{"rendered":"Pr\u00e9cis d&#8217;\u00e9conomie objective"},"content":{"rendered":"<p>Les formations \u00e0 l&#8217;\u00e9conomie sont indispensables. Elles n&#8217;en sont pas moins redoutables car elles ont le pouvoir de trop faire entrer dans l&#8217;avenir \u00e0 reculons, en d\u00e9pit de l&#8217;impression contraire qu&#8217;on s&#8217;en donne.<br \/>\nPlusieurs probl\u00e8mes de grande importance collective, dont celui de la politique \u00e9conomique la plus favorable au plein-emploi, trouvent leurs plus solides solutions. La voie d&#8217;un changement d&#8217;id\u00e9es directrices sur toute une part de la vie sociale s&#8217;ouvre.<\/p>\n<p>Format: PDF<\/p>\n<p>Nombre de page: 382<\/p>\n<p>Langue: Fran\u00e7ais<\/p>","protected":false},"excerpt":{"rendered":"<p>Pour aussi incroyable que cela puisse para\u00eetre, la pens\u00e9e de l&#8217;\u00e9conomie a fui comme \u00e0 tire d&#8217;ailes la seule m\u00e9thode \u00e0 m\u00eame de faire franchir \u00e0 ses concepts de base le seuil \u00e0 partir duquel ils deviennent les fondements d&#8217;une science exacte. Cet ouvrage de 382 pages, au format PDF, disponible uniquement en t\u00e9l\u00e9chargement, rappelle cette m\u00e9thode puis l&#8217;applique. Le r\u00e9sultat est surprenant.<\/p>","protected":false},"featured_media":18069,"comment_status":"open","ping_status":"closed","template":"","meta":[],"product_cat":[411,114,98,317],"product_tag":[],"class_list":{"0":"post-18067","1":"product","2":"type-product","3":"status-publish","4":"has-post-thumbnail","6":"product_cat-carrousel","7":"product_cat-economie-et-gestion","8":"product_cat-la-finance","9":"product_cat-pdf","11":"first","12":"instock","13":"sale","14":"downloadable","15":"shipping-taxable","16":"purchasable","17":"product-type-simple","18":"add-to-wishlist-after_add_to_cart"},"yoast_head":"<!-- This site is optimized with the Yoast SEO plugin v27.4 - https:\/\/yoast.com\/product\/yoast-seo-wordpress\/ -->\n<title>Pr\u00e9cis d&#039;\u00e9conomie objective - Mon Guide<\/title>\n<meta name=\"robots\" content=\"index, follow, max-snippet:-1, max-image-preview:large, max-video-preview:-1\" \/>\n<link rel=\"canonical\" href=\"https:\/\/monguide.net\/fr\/produit\/precis-deconomie-objective\/\" \/>\n<meta property=\"og:locale\" content=\"fr_FR\" \/>\n<meta property=\"og:type\" content=\"article\" \/>\n<meta property=\"og:title\" content=\"Pr\u00e9cis d&#039;\u00e9conomie objective - Mon Guide\" \/>\n<meta property=\"og:description\" content=\"Pour aussi incroyable que cela puisse para\u00eetre, la pens\u00e9e de l&#039;\u00e9conomie a fui comme \u00e0 tire d&#039;ailes la seule m\u00e9thode \u00e0 m\u00eame de faire franchir \u00e0 ses concepts de base le seuil \u00e0 partir duquel ils deviennent les fondements d&#039;une science exacte. Cet ouvrage de 382 pages, au format PDF, disponible uniquement en t\u00e9l\u00e9chargement, rappelle cette m\u00e9thode puis l&#039;applique. Le r\u00e9sultat est surprenant.\" \/>\n<meta property=\"og:url\" content=\"https:\/\/monguide.net\/fr\/produit\/precis-deconomie-objective\/\" \/>\n<meta property=\"og:site_name\" content=\"Mon Guide\" \/>\n<meta property=\"article:publisher\" content=\"https:\/\/web.facebook.com\/profile.php?id=61558559594373&amp;ref=embed_page\" \/>\n<meta property=\"article:modified_time\" content=\"2026-03-27T10:34:17+00:00\" \/>\n<meta property=\"og:image\" content=\"https:\/\/monguide.net\/wp-content\/uploads\/2024\/06\/PRECIS-ECONOMIE.jpg\" \/>\n\t<meta property=\"og:image:width\" content=\"1068\" \/>\n\t<meta property=\"og:image:height\" content=\"1500\" \/>\n\t<meta property=\"og:image:type\" content=\"image\/jpeg\" \/>\n<meta name=\"twitter:card\" content=\"summary_large_image\" \/>\n<meta name=\"twitter:label1\" content=\"Dur\u00e9e de lecture estim\u00e9e\" \/>\n\t<meta name=\"twitter:data1\" content=\"1 minute\" \/>\n<script type=\"application\/ld+json\" class=\"yoast-schema-graph\">{\"@context\":\"https:\\\/\\\/schema.org\",\"@graph\":[{\"@type\":\"WebPage\",\"@id\":\"https:\\\/\\\/monguide.net\\\/produit\\\/precis-deconomie-objective\\\/\",\"url\":\"https:\\\/\\\/monguide.net\\\/produit\\\/precis-deconomie-objective\\\/\",\"name\":\"Pr\u00e9cis d'\u00e9conomie objective - Mon Guide\",\"isPartOf\":{\"@id\":\"https:\\\/\\\/monguide.net\\\/#website\"},\"primaryImageOfPage\":{\"@id\":\"https:\\\/\\\/monguide.net\\\/produit\\\/precis-deconomie-objective\\\/#primaryimage\"},\"image\":{\"@id\":\"https:\\\/\\\/monguide.net\\\/produit\\\/precis-deconomie-objective\\\/#primaryimage\"},\"thumbnailUrl\":\"https:\\\/\\\/monguide.net\\\/wp-content\\\/uploads\\\/2024\\\/06\\\/PRECIS-ECONOMIE.jpg\",\"datePublished\":\"2024-06-20T19:32:10+00:00\",\"dateModified\":\"2026-03-27T10:34:17+00:00\",\"breadcrumb\":{\"@id\":\"https:\\\/\\\/monguide.net\\\/produit\\\/precis-deconomie-objective\\\/#breadcrumb\"},\"inLanguage\":\"fr-FR\",\"potentialAction\":[{\"@type\":\"ReadAction\",\"target\":[\"https:\\\/\\\/monguide.net\\\/produit\\\/precis-deconomie-objective\\\/\"]}]},{\"@type\":\"ImageObject\",\"inLanguage\":\"fr-FR\",\"@id\":\"https:\\\/\\\/monguide.net\\\/produit\\\/precis-deconomie-objective\\\/#primaryimage\",\"url\":\"https:\\\/\\\/monguide.net\\\/wp-content\\\/uploads\\\/2024\\\/06\\\/PRECIS-ECONOMIE.jpg\",\"contentUrl\":\"https:\\\/\\\/monguide.net\\\/wp-content\\\/uploads\\\/2024\\\/06\\\/PRECIS-ECONOMIE.jpg\",\"width\":1068,\"height\":1500},{\"@type\":\"BreadcrumbList\",\"@id\":\"https:\\\/\\\/monguide.net\\\/produit\\\/precis-deconomie-objective\\\/#breadcrumb\",\"itemListElement\":[{\"@type\":\"ListItem\",\"position\":1,\"name\":\"Accueil\",\"item\":\"https:\\\/\\\/monguide.net\\\/\"},{\"@type\":\"ListItem\",\"position\":2,\"name\":\"Boutique\",\"item\":\"https:\\\/\\\/monguide.net\\\/shop\\\/\"},{\"@type\":\"ListItem\",\"position\":3,\"name\":\"Pr\u00e9cis d&#8217;\u00e9conomie objective\"}]},{\"@type\":\"WebSite\",\"@id\":\"https:\\\/\\\/monguide.net\\\/#website\",\"url\":\"https:\\\/\\\/monguide.net\\\/\",\"name\":\"Mon Guide\",\"description\":\"La boussole du monde. Tous vos livres et ebook \u00e0 un endroit\",\"publisher\":{\"@id\":\"https:\\\/\\\/monguide.net\\\/#organization\"},\"potentialAction\":[{\"@type\":\"SearchAction\",\"target\":{\"@type\":\"EntryPoint\",\"urlTemplate\":\"https:\\\/\\\/monguide.net\\\/?s={search_term_string}\"},\"query-input\":{\"@type\":\"PropertyValueSpecification\",\"valueRequired\":true,\"valueName\":\"search_term_string\"}}],\"inLanguage\":\"fr-FR\"},{\"@type\":\"Organization\",\"@id\":\"https:\\\/\\\/monguide.net\\\/#organization\",\"name\":\"Mon Guide\",\"url\":\"https:\\\/\\\/monguide.net\\\/\",\"logo\":{\"@type\":\"ImageObject\",\"inLanguage\":\"fr-FR\",\"@id\":\"https:\\\/\\\/monguide.net\\\/#\\\/schema\\\/logo\\\/image\\\/\",\"url\":\"http:\\\/\\\/monguide.net\\\/wp-content\\\/uploads\\\/2024\\\/05\\\/Favicon.png\",\"contentUrl\":\"http:\\\/\\\/monguide.net\\\/wp-content\\\/uploads\\\/2024\\\/05\\\/Favicon.png\",\"width\":512,\"height\":512,\"caption\":\"Mon Guide\"},\"image\":{\"@id\":\"https:\\\/\\\/monguide.net\\\/#\\\/schema\\\/logo\\\/image\\\/\"},\"sameAs\":[\"https:\\\/\\\/web.facebook.com\\\/profile.php?id=61558559594373&ref=embed_page\"]}]}<\/script>\n<!-- \/ Yoast SEO plugin. -->","yoast_head_json":{"title":"Pr\u00e9cis d'\u00e9conomie objective - Mon Guide","robots":{"index":"index","follow":"follow","max-snippet":"max-snippet:-1","max-image-preview":"max-image-preview:large","max-video-preview":"max-video-preview:-1"},"canonical":"https:\/\/monguide.net\/fr\/produit\/precis-deconomie-objective\/","og_locale":"fr_FR","og_type":"article","og_title":"Pr\u00e9cis d'\u00e9conomie objective - Mon Guide","og_description":"Pour aussi incroyable que cela puisse para\u00eetre, la pens\u00e9e de l'\u00e9conomie a fui comme \u00e0 tire d'ailes la seule m\u00e9thode \u00e0 m\u00eame de faire franchir \u00e0 ses concepts de base le seuil \u00e0 partir duquel ils deviennent les fondements d'une science exacte. Cet ouvrage de 382 pages, au format PDF, disponible uniquement en t\u00e9l\u00e9chargement, rappelle cette m\u00e9thode puis l'applique. Le r\u00e9sultat est surprenant.","og_url":"https:\/\/monguide.net\/fr\/produit\/precis-deconomie-objective\/","og_site_name":"Mon Guide","article_publisher":"https:\/\/web.facebook.com\/profile.php?id=61558559594373&ref=embed_page","article_modified_time":"2026-03-27T10:34:17+00:00","og_image":[{"width":1068,"height":1500,"url":"https:\/\/monguide.net\/wp-content\/uploads\/2024\/06\/PRECIS-ECONOMIE.jpg","type":"image\/jpeg"}],"twitter_card":"summary_large_image","twitter_misc":{"Dur\u00e9e de lecture estim\u00e9e":"1 minute"},"schema":{"@context":"https:\/\/schema.org","@graph":[{"@type":"WebPage","@id":"https:\/\/monguide.net\/produit\/precis-deconomie-objective\/","url":"https:\/\/monguide.net\/produit\/precis-deconomie-objective\/","name":"Pr\u00e9cis d'\u00e9conomie objective - Mon Guide","isPartOf":{"@id":"https:\/\/monguide.net\/#website"},"primaryImageOfPage":{"@id":"https:\/\/monguide.net\/produit\/precis-deconomie-objective\/#primaryimage"},"image":{"@id":"https:\/\/monguide.net\/produit\/precis-deconomie-objective\/#primaryimage"},"thumbnailUrl":"https:\/\/monguide.net\/wp-content\/uploads\/2024\/06\/PRECIS-ECONOMIE.jpg","datePublished":"2024-06-20T19:32:10+00:00","dateModified":"2026-03-27T10:34:17+00:00","breadcrumb":{"@id":"https:\/\/monguide.net\/produit\/precis-deconomie-objective\/#breadcrumb"},"inLanguage":"fr-FR","potentialAction":[{"@type":"ReadAction","target":["https:\/\/monguide.net\/produit\/precis-deconomie-objective\/"]}]},{"@type":"ImageObject","inLanguage":"fr-FR","@id":"https:\/\/monguide.net\/produit\/precis-deconomie-objective\/#primaryimage","url":"https:\/\/monguide.net\/wp-content\/uploads\/2024\/06\/PRECIS-ECONOMIE.jpg","contentUrl":"https:\/\/monguide.net\/wp-content\/uploads\/2024\/06\/PRECIS-ECONOMIE.jpg","width":1068,"height":1500},{"@type":"BreadcrumbList","@id":"https:\/\/monguide.net\/produit\/precis-deconomie-objective\/#breadcrumb","itemListElement":[{"@type":"ListItem","position":1,"name":"Accueil","item":"https:\/\/monguide.net\/"},{"@type":"ListItem","position":2,"name":"Boutique","item":"https:\/\/monguide.net\/shop\/"},{"@type":"ListItem","position":3,"name":"Pr\u00e9cis d&#8217;\u00e9conomie objective"}]},{"@type":"WebSite","@id":"https:\/\/monguide.net\/#website","url":"https:\/\/monguide.net\/","name":"Mon Guide","description":"La boussole du monde. Tous vos livres et ebook \u00e0 un endroit","publisher":{"@id":"https:\/\/monguide.net\/#organization"},"potentialAction":[{"@type":"SearchAction","target":{"@type":"EntryPoint","urlTemplate":"https:\/\/monguide.net\/?s={search_term_string}"},"query-input":{"@type":"PropertyValueSpecification","valueRequired":true,"valueName":"search_term_string"}}],"inLanguage":"fr-FR"},{"@type":"Organization","@id":"https:\/\/monguide.net\/#organization","name":"Mon Guide","url":"https:\/\/monguide.net\/","logo":{"@type":"ImageObject","inLanguage":"fr-FR","@id":"https:\/\/monguide.net\/#\/schema\/logo\/image\/","url":"https:\/\/monguide.net\/wp-content\/uploads\/2024\/05\/Favicon.png","contentUrl":"https:\/\/monguide.net\/wp-content\/uploads\/2024\/05\/Favicon.png","width":512,"height":512,"caption":"Mon Guide"},"image":{"@id":"https:\/\/monguide.net\/#\/schema\/logo\/image\/"},"sameAs":["https:\/\/web.facebook.com\/profile.php?id=61558559594373&ref=embed_page"]}]}},"jetpack_sharing_enabled":true,"_links":{"self":[{"href":"https:\/\/monguide.net\/fr\/wp-json\/wp\/v2\/product\/18067","targetHints":{"allow":["GET"]}}],"collection":[{"href":"https:\/\/monguide.net\/fr\/wp-json\/wp\/v2\/product"}],"about":[{"href":"https:\/\/monguide.net\/fr\/wp-json\/wp\/v2\/types\/product"}],"replies":[{"embeddable":true,"href":"https:\/\/monguide.net\/fr\/wp-json\/wp\/v2\/comments?post=18067"}],"version-history":[{"count":0,"href":"https:\/\/monguide.net\/fr\/wp-json\/wp\/v2\/product\/18067\/revisions"}],"wp:featuredmedia":[{"embeddable":true,"href":"https:\/\/monguide.net\/fr\/wp-json\/wp\/v2\/media\/18069"}],"wp:attachment":[{"href":"https:\/\/monguide.net\/fr\/wp-json\/wp\/v2\/media?parent=18067"}],"wp:term":[{"taxonomy":"product_cat","embeddable":true,"href":"https:\/\/monguide.net\/fr\/wp-json\/wp\/v2\/product_cat?post=18067"},{"taxonomy":"product_tag","embeddable":true,"href":"https:\/\/monguide.net\/fr\/wp-json\/wp\/v2\/product_tag?post=18067"}],"curies":[{"name":"wp","href":"https:\/\/api.w.org\/{rel}","templated":true}]}}