{"id":18411,"date":"2024-09-10T17:26:13","date_gmt":"2024-09-10T15:26:13","guid":{"rendered":"https:\/\/monguide.net\/?post_type=product&#038;p=18411"},"modified":"2026-03-27T11:34:21","modified_gmt":"2026-03-27T10:34:21","slug":"comment-reussir-une-negociation-nouvelle-edition-suivie-des-reponses-aux-questions-des-lecteurs","status":"publish","type":"product","link":"https:\/\/monguide.net\/fr\/produit\/comment-reussir-une-negociation-nouvelle-edition-suivie-des-reponses-aux-questions-des-lecteurs\/","title":{"rendered":"Comment r\u00e9ussir une n\u00e9gociation: Nouvelle \u00e9dition suivie des r\u00e9ponses aux questions des lecteurs"},"content":{"rendered":"<p>Quel que soit le domaine \u2013 famille, travail, relations internationales \u2013, et que nous en soyons conscients ou non, nous devons n\u00e9gocier. Or, trop souvent encore, les diff\u00e9rents sont \u00ab\u00a0r\u00e9gl\u00e9s\u00a0\u00bb \u00e0 l\u2019issue d\u2019une \u00e9preuve de force. R\u00e9sultat, en instaurant un vainqueur et un vaincu, on cr\u00e9e des risques de nouveaux conflits\u00a0: l\u2019actualit\u00e9 nous en apporte tous les jours des exemples criants.<\/p>\n<p>Avec plus de cinq millions d\u2019exemplaires vendus dans le monde depuis sa premi\u00e8re parution \u2013 aux \u00c9tats-Unis en 1981, en France en 1982 \u2013 le succ\u00e8s de ce livre ne se d\u00e9ment pas. Cette nouvelle \u00e9dition revue est compl\u00e9t\u00e9e par des r\u00e9ponses d\u00e9taill\u00e9es aux dix questions le plus souvent pos\u00e9es, comme\u00a0: la mani\u00e8re de n\u00e9gocier fait-elle r\u00e9ellement la diff\u00e9rence face \u00e0 une partie adverse plus puissante\u00a0? Que faire si les personnes elles-m\u00eames constituent le probl\u00e8me\u00a0? Comment adapter son approche en fonction de la personnalit\u00e9, du sexe, de l\u2019environnement culturel de l\u2019autre partie\u00a0? etc.<\/p>\n<p>&nbsp;<\/p>","protected":false},"excerpt":{"rendered":"<p>R\u00e9dig\u00e9 par des sp\u00e9cialistes am\u00e9ricains de la n\u00e9gociation et de la m\u00e9diation, ce livre de 135 pages, au format PDF, disponible uniquement en t\u00e9l\u00e9chargement, expose concr\u00e8tement des strat\u00e9gies \u00e9prouv\u00e9es pour apprendre \u00e0 n\u00e9gocier et parvenir \u00e0 un accord satisfaisant pour les deux parties.<\/p>","protected":false},"featured_media":18412,"comment_status":"open","ping_status":"closed","template":"","meta":[],"product_cat":[126,411,384,91,130,92,86,317],"product_tag":[],"class_list":{"0":"post-18411","1":"product","2":"type-product","3":"status-publish","4":"has-post-thumbnail","6":"product_cat-affaires","7":"product_cat-carrousel","8":"product_cat-communication","9":"product_cat-confiance-en-soi","10":"product_cat-entrepreneuriat","11":"product_cat-le-developpement-personnel","12":"product_cat-marketing","13":"product_cat-pdf","15":"first","16":"instock","17":"sale","18":"downloadable","19":"shipping-taxable","20":"purchasable","21":"product-type-simple","22":"add-to-wishlist-after_add_to_cart"},"yoast_head":"<!-- This site is optimized with the Yoast SEO plugin v27.4 - https:\/\/yoast.com\/product\/yoast-seo-wordpress\/ -->\n<title>Comment r\u00e9ussir une n\u00e9gociation: Nouvelle \u00e9dition suivie des r\u00e9ponses aux questions des lecteurs - Mon Guide<\/title>\n<meta name=\"robots\" content=\"index, follow, max-snippet:-1, max-image-preview:large, max-video-preview:-1\" \/>\n<link rel=\"canonical\" href=\"https:\/\/monguide.net\/fr\/produit\/comment-reussir-une-negociation-nouvelle-edition-suivie-des-reponses-aux-questions-des-lecteurs\/\" \/>\n<meta property=\"og:locale\" content=\"fr_FR\" \/>\n<meta property=\"og:type\" content=\"article\" \/>\n<meta property=\"og:title\" content=\"Comment r\u00e9ussir une n\u00e9gociation: Nouvelle \u00e9dition suivie des r\u00e9ponses aux questions des lecteurs - Mon Guide\" \/>\n<meta property=\"og:description\" content=\"R\u00e9dig\u00e9 par des sp\u00e9cialistes am\u00e9ricains de la n\u00e9gociation et de la m\u00e9diation, ce livre de 135 pages, au format PDF, disponible uniquement en t\u00e9l\u00e9chargement, expose concr\u00e8tement des strat\u00e9gies \u00e9prouv\u00e9es pour apprendre \u00e0 n\u00e9gocier et parvenir \u00e0 un accord satisfaisant pour les deux parties.\" \/>\n<meta property=\"og:url\" content=\"https:\/\/monguide.net\/fr\/produit\/comment-reussir-une-negociation-nouvelle-edition-suivie-des-reponses-aux-questions-des-lecteurs\/\" \/>\n<meta property=\"og:site_name\" content=\"Mon Guide\" \/>\n<meta property=\"article:publisher\" content=\"https:\/\/web.facebook.com\/profile.php?id=61558559594373&amp;ref=embed_page\" \/>\n<meta property=\"article:modified_time\" content=\"2026-03-27T10:34:21+00:00\" \/>\n<meta property=\"og:image\" content=\"https:\/\/monguide.net\/wp-content\/uploads\/2024\/09\/comment-reussir-une-negociation.jpg\" \/>\n\t<meta property=\"og:image:width\" content=\"800\" \/>\n\t<meta property=\"og:image:height\" content=\"1171\" \/>\n\t<meta property=\"og:image:type\" content=\"image\/jpeg\" \/>\n<meta name=\"twitter:card\" content=\"summary_large_image\" \/>\n<meta name=\"twitter:label1\" content=\"Dur\u00e9e de lecture estim\u00e9e\" \/>\n\t<meta name=\"twitter:data1\" content=\"1 minute\" \/>\n<script type=\"application\/ld+json\" class=\"yoast-schema-graph\">{\"@context\":\"https:\\\/\\\/schema.org\",\"@graph\":[{\"@type\":\"WebPage\",\"@id\":\"https:\\\/\\\/monguide.net\\\/produit\\\/comment-reussir-une-negociation-nouvelle-edition-suivie-des-reponses-aux-questions-des-lecteurs\\\/\",\"url\":\"https:\\\/\\\/monguide.net\\\/produit\\\/comment-reussir-une-negociation-nouvelle-edition-suivie-des-reponses-aux-questions-des-lecteurs\\\/\",\"name\":\"Comment r\u00e9ussir une n\u00e9gociation: Nouvelle \u00e9dition suivie des r\u00e9ponses aux questions des lecteurs - Mon Guide\",\"isPartOf\":{\"@id\":\"https:\\\/\\\/monguide.net\\\/#website\"},\"primaryImageOfPage\":{\"@id\":\"https:\\\/\\\/monguide.net\\\/produit\\\/comment-reussir-une-negociation-nouvelle-edition-suivie-des-reponses-aux-questions-des-lecteurs\\\/#primaryimage\"},\"image\":{\"@id\":\"https:\\\/\\\/monguide.net\\\/produit\\\/comment-reussir-une-negociation-nouvelle-edition-suivie-des-reponses-aux-questions-des-lecteurs\\\/#primaryimage\"},\"thumbnailUrl\":\"https:\\\/\\\/monguide.net\\\/wp-content\\\/uploads\\\/2024\\\/09\\\/comment-reussir-une-negociation.jpg\",\"datePublished\":\"2024-09-10T15:26:13+00:00\",\"dateModified\":\"2026-03-27T10:34:21+00:00\",\"breadcrumb\":{\"@id\":\"https:\\\/\\\/monguide.net\\\/produit\\\/comment-reussir-une-negociation-nouvelle-edition-suivie-des-reponses-aux-questions-des-lecteurs\\\/#breadcrumb\"},\"inLanguage\":\"fr-FR\",\"potentialAction\":[{\"@type\":\"ReadAction\",\"target\":[\"https:\\\/\\\/monguide.net\\\/produit\\\/comment-reussir-une-negociation-nouvelle-edition-suivie-des-reponses-aux-questions-des-lecteurs\\\/\"]}]},{\"@type\":\"ImageObject\",\"inLanguage\":\"fr-FR\",\"@id\":\"https:\\\/\\\/monguide.net\\\/produit\\\/comment-reussir-une-negociation-nouvelle-edition-suivie-des-reponses-aux-questions-des-lecteurs\\\/#primaryimage\",\"url\":\"https:\\\/\\\/monguide.net\\\/wp-content\\\/uploads\\\/2024\\\/09\\\/comment-reussir-une-negociation.jpg\",\"contentUrl\":\"https:\\\/\\\/monguide.net\\\/wp-content\\\/uploads\\\/2024\\\/09\\\/comment-reussir-une-negociation.jpg\",\"width\":800,\"height\":1171},{\"@type\":\"BreadcrumbList\",\"@id\":\"https:\\\/\\\/monguide.net\\\/produit\\\/comment-reussir-une-negociation-nouvelle-edition-suivie-des-reponses-aux-questions-des-lecteurs\\\/#breadcrumb\",\"itemListElement\":[{\"@type\":\"ListItem\",\"position\":1,\"name\":\"Accueil\",\"item\":\"https:\\\/\\\/monguide.net\\\/\"},{\"@type\":\"ListItem\",\"position\":2,\"name\":\"Boutique\",\"item\":\"https:\\\/\\\/monguide.net\\\/shop\\\/\"},{\"@type\":\"ListItem\",\"position\":3,\"name\":\"Comment r\u00e9ussir une n\u00e9gociation: Nouvelle \u00e9dition suivie des r\u00e9ponses aux questions des lecteurs\"}]},{\"@type\":\"WebSite\",\"@id\":\"https:\\\/\\\/monguide.net\\\/#website\",\"url\":\"https:\\\/\\\/monguide.net\\\/\",\"name\":\"Mon Guide\",\"description\":\"La boussole du monde. Tous vos livres et ebook \u00e0 un endroit\",\"publisher\":{\"@id\":\"https:\\\/\\\/monguide.net\\\/#organization\"},\"potentialAction\":[{\"@type\":\"SearchAction\",\"target\":{\"@type\":\"EntryPoint\",\"urlTemplate\":\"https:\\\/\\\/monguide.net\\\/?s={search_term_string}\"},\"query-input\":{\"@type\":\"PropertyValueSpecification\",\"valueRequired\":true,\"valueName\":\"search_term_string\"}}],\"inLanguage\":\"fr-FR\"},{\"@type\":\"Organization\",\"@id\":\"https:\\\/\\\/monguide.net\\\/#organization\",\"name\":\"Mon Guide\",\"url\":\"https:\\\/\\\/monguide.net\\\/\",\"logo\":{\"@type\":\"ImageObject\",\"inLanguage\":\"fr-FR\",\"@id\":\"https:\\\/\\\/monguide.net\\\/#\\\/schema\\\/logo\\\/image\\\/\",\"url\":\"http:\\\/\\\/monguide.net\\\/wp-content\\\/uploads\\\/2024\\\/05\\\/Favicon.png\",\"contentUrl\":\"http:\\\/\\\/monguide.net\\\/wp-content\\\/uploads\\\/2024\\\/05\\\/Favicon.png\",\"width\":512,\"height\":512,\"caption\":\"Mon Guide\"},\"image\":{\"@id\":\"https:\\\/\\\/monguide.net\\\/#\\\/schema\\\/logo\\\/image\\\/\"},\"sameAs\":[\"https:\\\/\\\/web.facebook.com\\\/profile.php?id=61558559594373&ref=embed_page\"]}]}<\/script>\n<!-- \/ Yoast SEO plugin. -->","yoast_head_json":{"title":"Comment r\u00e9ussir une n\u00e9gociation: Nouvelle \u00e9dition suivie des r\u00e9ponses aux questions des lecteurs - Mon Guide","robots":{"index":"index","follow":"follow","max-snippet":"max-snippet:-1","max-image-preview":"max-image-preview:large","max-video-preview":"max-video-preview:-1"},"canonical":"https:\/\/monguide.net\/fr\/produit\/comment-reussir-une-negociation-nouvelle-edition-suivie-des-reponses-aux-questions-des-lecteurs\/","og_locale":"fr_FR","og_type":"article","og_title":"Comment r\u00e9ussir une n\u00e9gociation: Nouvelle \u00e9dition suivie des r\u00e9ponses aux questions des lecteurs - Mon Guide","og_description":"R\u00e9dig\u00e9 par des sp\u00e9cialistes am\u00e9ricains de la n\u00e9gociation et de la m\u00e9diation, ce livre de 135 pages, au format PDF, disponible uniquement en t\u00e9l\u00e9chargement, expose concr\u00e8tement des strat\u00e9gies \u00e9prouv\u00e9es pour apprendre \u00e0 n\u00e9gocier et parvenir \u00e0 un accord satisfaisant pour les deux parties.","og_url":"https:\/\/monguide.net\/fr\/produit\/comment-reussir-une-negociation-nouvelle-edition-suivie-des-reponses-aux-questions-des-lecteurs\/","og_site_name":"Mon Guide","article_publisher":"https:\/\/web.facebook.com\/profile.php?id=61558559594373&ref=embed_page","article_modified_time":"2026-03-27T10:34:21+00:00","og_image":[{"width":800,"height":1171,"url":"https:\/\/monguide.net\/wp-content\/uploads\/2024\/09\/comment-reussir-une-negociation.jpg","type":"image\/jpeg"}],"twitter_card":"summary_large_image","twitter_misc":{"Dur\u00e9e de lecture estim\u00e9e":"1 minute"},"schema":{"@context":"https:\/\/schema.org","@graph":[{"@type":"WebPage","@id":"https:\/\/monguide.net\/produit\/comment-reussir-une-negociation-nouvelle-edition-suivie-des-reponses-aux-questions-des-lecteurs\/","url":"https:\/\/monguide.net\/produit\/comment-reussir-une-negociation-nouvelle-edition-suivie-des-reponses-aux-questions-des-lecteurs\/","name":"Comment r\u00e9ussir une n\u00e9gociation: Nouvelle \u00e9dition suivie des r\u00e9ponses aux questions des lecteurs - Mon Guide","isPartOf":{"@id":"https:\/\/monguide.net\/#website"},"primaryImageOfPage":{"@id":"https:\/\/monguide.net\/produit\/comment-reussir-une-negociation-nouvelle-edition-suivie-des-reponses-aux-questions-des-lecteurs\/#primaryimage"},"image":{"@id":"https:\/\/monguide.net\/produit\/comment-reussir-une-negociation-nouvelle-edition-suivie-des-reponses-aux-questions-des-lecteurs\/#primaryimage"},"thumbnailUrl":"https:\/\/monguide.net\/wp-content\/uploads\/2024\/09\/comment-reussir-une-negociation.jpg","datePublished":"2024-09-10T15:26:13+00:00","dateModified":"2026-03-27T10:34:21+00:00","breadcrumb":{"@id":"https:\/\/monguide.net\/produit\/comment-reussir-une-negociation-nouvelle-edition-suivie-des-reponses-aux-questions-des-lecteurs\/#breadcrumb"},"inLanguage":"fr-FR","potentialAction":[{"@type":"ReadAction","target":["https:\/\/monguide.net\/produit\/comment-reussir-une-negociation-nouvelle-edition-suivie-des-reponses-aux-questions-des-lecteurs\/"]}]},{"@type":"ImageObject","inLanguage":"fr-FR","@id":"https:\/\/monguide.net\/produit\/comment-reussir-une-negociation-nouvelle-edition-suivie-des-reponses-aux-questions-des-lecteurs\/#primaryimage","url":"https:\/\/monguide.net\/wp-content\/uploads\/2024\/09\/comment-reussir-une-negociation.jpg","contentUrl":"https:\/\/monguide.net\/wp-content\/uploads\/2024\/09\/comment-reussir-une-negociation.jpg","width":800,"height":1171},{"@type":"BreadcrumbList","@id":"https:\/\/monguide.net\/produit\/comment-reussir-une-negociation-nouvelle-edition-suivie-des-reponses-aux-questions-des-lecteurs\/#breadcrumb","itemListElement":[{"@type":"ListItem","position":1,"name":"Accueil","item":"https:\/\/monguide.net\/"},{"@type":"ListItem","position":2,"name":"Boutique","item":"https:\/\/monguide.net\/shop\/"},{"@type":"ListItem","position":3,"name":"Comment r\u00e9ussir une n\u00e9gociation: Nouvelle \u00e9dition suivie des r\u00e9ponses aux questions des lecteurs"}]},{"@type":"WebSite","@id":"https:\/\/monguide.net\/#website","url":"https:\/\/monguide.net\/","name":"Mon Guide","description":"La boussole du monde. Tous vos livres et ebook \u00e0 un endroit","publisher":{"@id":"https:\/\/monguide.net\/#organization"},"potentialAction":[{"@type":"SearchAction","target":{"@type":"EntryPoint","urlTemplate":"https:\/\/monguide.net\/?s={search_term_string}"},"query-input":{"@type":"PropertyValueSpecification","valueRequired":true,"valueName":"search_term_string"}}],"inLanguage":"fr-FR"},{"@type":"Organization","@id":"https:\/\/monguide.net\/#organization","name":"Mon Guide","url":"https:\/\/monguide.net\/","logo":{"@type":"ImageObject","inLanguage":"fr-FR","@id":"https:\/\/monguide.net\/#\/schema\/logo\/image\/","url":"https:\/\/monguide.net\/wp-content\/uploads\/2024\/05\/Favicon.png","contentUrl":"https:\/\/monguide.net\/wp-content\/uploads\/2024\/05\/Favicon.png","width":512,"height":512,"caption":"Mon Guide"},"image":{"@id":"https:\/\/monguide.net\/#\/schema\/logo\/image\/"},"sameAs":["https:\/\/web.facebook.com\/profile.php?id=61558559594373&ref=embed_page"]}]}},"jetpack_sharing_enabled":true,"_links":{"self":[{"href":"https:\/\/monguide.net\/fr\/wp-json\/wp\/v2\/product\/18411","targetHints":{"allow":["GET"]}}],"collection":[{"href":"https:\/\/monguide.net\/fr\/wp-json\/wp\/v2\/product"}],"about":[{"href":"https:\/\/monguide.net\/fr\/wp-json\/wp\/v2\/types\/product"}],"replies":[{"embeddable":true,"href":"https:\/\/monguide.net\/fr\/wp-json\/wp\/v2\/comments?post=18411"}],"version-history":[{"count":0,"href":"https:\/\/monguide.net\/fr\/wp-json\/wp\/v2\/product\/18411\/revisions"}],"wp:featuredmedia":[{"embeddable":true,"href":"https:\/\/monguide.net\/fr\/wp-json\/wp\/v2\/media\/18412"}],"wp:attachment":[{"href":"https:\/\/monguide.net\/fr\/wp-json\/wp\/v2\/media?parent=18411"}],"wp:term":[{"taxonomy":"product_cat","embeddable":true,"href":"https:\/\/monguide.net\/fr\/wp-json\/wp\/v2\/product_cat?post=18411"},{"taxonomy":"product_tag","embeddable":true,"href":"https:\/\/monguide.net\/fr\/wp-json\/wp\/v2\/product_tag?post=18411"}],"curies":[{"name":"wp","href":"https:\/\/api.w.org\/{rel}","templated":true}]}}