{"id":18428,"date":"2024-09-10T19:46:11","date_gmt":"2024-09-10T17:46:11","guid":{"rendered":"https:\/\/monguide.net\/?post_type=product&#038;p=18428"},"modified":"2026-03-27T11:35:50","modified_gmt":"2026-03-27T10:35:50","slug":"le-guide-commente-des-contrats-de-travail","status":"publish","type":"product","link":"https:\/\/monguide.net\/fr\/produit\/le-guide-commente-des-contrats-de-travail\/","title":{"rendered":"Le guide comment\u00e9 des contrats de travail"},"content":{"rendered":"<p>Au-del\u00e0 des dimensions politiques et sociologiques du d\u00e9bat sur les contrats de travail, il est frappant de constater combien des notions a priori aussi courantes que celles de &#8221; contrat \u00e0 dur\u00e9e ind\u00e9termin\u00e9e &#8221; ou de &#8221; p\u00e9riode d&#8217;essai &#8220;, pour ne citer qu&#8217;elles, sont source de fausses interpr\u00e9tations et de confusion. Dans un langage clair et accessible, l&#8217;auteur pr\u00e9sente dans une premi\u00e8re partie l&#8217;ensemble des contrats existants avec leurs possibilit\u00e9s de recours et les r\u00e8gles g\u00e9n\u00e9rales de mise en \u0153uvre. Dans une seconde partie, il fait une \u00e9tude comparative des aspects juridiques et \u00e9conomiques des principaux contrats et analyse leurs avantages et leurs limites. Le lecteur pourra ainsi choisir le contrat le plus adapt\u00e9 \u00e0 ses besoins.<\/p>\n<p>Format: PDF<\/p>\n<p>Nombre de page: 176<\/p>\n<p>Langue: Fran\u00e7ais<\/p>","protected":false},"excerpt":{"rendered":"<p>Destin\u00e9 aux PME et aux TPE qui doivent en permanence s&#8217;adapter et anticiper les \u00e9volutions des march\u00e9s et les attentes des clients, ce guide pratique de 176 pages, au format PDF, disponible uniquement en t\u00e9l\u00e9chargement, les aidera \u00e0 se rep\u00e9rer dans la profusion et la complexit\u00e9 des contrats de travail.<\/p>","protected":false},"featured_media":18430,"comment_status":"open","ping_status":"closed","template":"","meta":[],"product_cat":[463,130,317,380],"product_tag":[],"class_list":{"0":"post-18428","1":"product","2":"type-product","3":"status-publish","4":"has-post-thumbnail","6":"product_cat-connaissances","7":"product_cat-entrepreneuriat","8":"product_cat-pdf","9":"product_cat-ressources-humaines","11":"first","12":"instock","13":"sale","14":"downloadable","15":"shipping-taxable","16":"purchasable","17":"product-type-simple","18":"add-to-wishlist-after_add_to_cart"},"yoast_head":"<!-- This site is optimized with the Yoast SEO plugin v27.4 - https:\/\/yoast.com\/product\/yoast-seo-wordpress\/ -->\n<title>Le guide comment\u00e9 des contrats de travail - Mon Guide<\/title>\n<meta name=\"robots\" content=\"index, follow, max-snippet:-1, max-image-preview:large, max-video-preview:-1\" \/>\n<link rel=\"canonical\" href=\"https:\/\/monguide.net\/fr\/produit\/le-guide-commente-des-contrats-de-travail\/\" \/>\n<meta property=\"og:locale\" content=\"fr_FR\" \/>\n<meta property=\"og:type\" content=\"article\" \/>\n<meta property=\"og:title\" content=\"Le guide comment\u00e9 des contrats de travail - Mon Guide\" \/>\n<meta property=\"og:description\" content=\"Destin\u00e9 aux PME et aux TPE qui doivent en permanence s&#039;adapter et anticiper les \u00e9volutions des march\u00e9s et les attentes des clients, ce guide pratique de 176 pages, au format PDF, disponible uniquement en t\u00e9l\u00e9chargement, les aidera \u00e0 se rep\u00e9rer dans la profusion et la complexit\u00e9 des contrats de travail.\" \/>\n<meta property=\"og:url\" content=\"https:\/\/monguide.net\/fr\/produit\/le-guide-commente-des-contrats-de-travail\/\" \/>\n<meta property=\"og:site_name\" content=\"Mon Guide\" \/>\n<meta property=\"article:publisher\" content=\"https:\/\/web.facebook.com\/profile.php?id=61558559594373&amp;ref=embed_page\" \/>\n<meta property=\"article:modified_time\" content=\"2026-03-27T10:35:50+00:00\" \/>\n<meta property=\"og:image\" content=\"https:\/\/monguide.net\/wp-content\/uploads\/2024\/09\/Le-guide-commente-des-contrats-de-travail.jpg\" \/>\n\t<meta property=\"og:image:width\" content=\"369\" \/>\n\t<meta property=\"og:image:height\" content=\"500\" \/>\n\t<meta property=\"og:image:type\" content=\"image\/jpeg\" \/>\n<meta name=\"twitter:card\" content=\"summary_large_image\" \/>\n<meta name=\"twitter:label1\" content=\"Dur\u00e9e de lecture estim\u00e9e\" \/>\n\t<meta name=\"twitter:data1\" content=\"1 minute\" \/>\n<script type=\"application\/ld+json\" class=\"yoast-schema-graph\">{\"@context\":\"https:\\\/\\\/schema.org\",\"@graph\":[{\"@type\":\"WebPage\",\"@id\":\"https:\\\/\\\/monguide.net\\\/produit\\\/le-guide-commente-des-contrats-de-travail\\\/\",\"url\":\"https:\\\/\\\/monguide.net\\\/produit\\\/le-guide-commente-des-contrats-de-travail\\\/\",\"name\":\"Le guide comment\u00e9 des contrats de travail - Mon Guide\",\"isPartOf\":{\"@id\":\"https:\\\/\\\/monguide.net\\\/#website\"},\"primaryImageOfPage\":{\"@id\":\"https:\\\/\\\/monguide.net\\\/produit\\\/le-guide-commente-des-contrats-de-travail\\\/#primaryimage\"},\"image\":{\"@id\":\"https:\\\/\\\/monguide.net\\\/produit\\\/le-guide-commente-des-contrats-de-travail\\\/#primaryimage\"},\"thumbnailUrl\":\"https:\\\/\\\/monguide.net\\\/wp-content\\\/uploads\\\/2024\\\/09\\\/Le-guide-commente-des-contrats-de-travail.jpg\",\"datePublished\":\"2024-09-10T17:46:11+00:00\",\"dateModified\":\"2026-03-27T10:35:50+00:00\",\"breadcrumb\":{\"@id\":\"https:\\\/\\\/monguide.net\\\/produit\\\/le-guide-commente-des-contrats-de-travail\\\/#breadcrumb\"},\"inLanguage\":\"fr-FR\",\"potentialAction\":[{\"@type\":\"ReadAction\",\"target\":[\"https:\\\/\\\/monguide.net\\\/produit\\\/le-guide-commente-des-contrats-de-travail\\\/\"]}]},{\"@type\":\"ImageObject\",\"inLanguage\":\"fr-FR\",\"@id\":\"https:\\\/\\\/monguide.net\\\/produit\\\/le-guide-commente-des-contrats-de-travail\\\/#primaryimage\",\"url\":\"https:\\\/\\\/monguide.net\\\/wp-content\\\/uploads\\\/2024\\\/09\\\/Le-guide-commente-des-contrats-de-travail.jpg\",\"contentUrl\":\"https:\\\/\\\/monguide.net\\\/wp-content\\\/uploads\\\/2024\\\/09\\\/Le-guide-commente-des-contrats-de-travail.jpg\",\"width\":369,\"height\":500,\"caption\":\"Version 1.0.0\"},{\"@type\":\"BreadcrumbList\",\"@id\":\"https:\\\/\\\/monguide.net\\\/produit\\\/le-guide-commente-des-contrats-de-travail\\\/#breadcrumb\",\"itemListElement\":[{\"@type\":\"ListItem\",\"position\":1,\"name\":\"Accueil\",\"item\":\"https:\\\/\\\/monguide.net\\\/\"},{\"@type\":\"ListItem\",\"position\":2,\"name\":\"Boutique\",\"item\":\"https:\\\/\\\/monguide.net\\\/shop\\\/\"},{\"@type\":\"ListItem\",\"position\":3,\"name\":\"Le guide comment\u00e9 des contrats de travail\"}]},{\"@type\":\"WebSite\",\"@id\":\"https:\\\/\\\/monguide.net\\\/#website\",\"url\":\"https:\\\/\\\/monguide.net\\\/\",\"name\":\"Mon Guide\",\"description\":\"La boussole du monde. Tous vos livres et ebook \u00e0 un endroit\",\"publisher\":{\"@id\":\"https:\\\/\\\/monguide.net\\\/#organization\"},\"potentialAction\":[{\"@type\":\"SearchAction\",\"target\":{\"@type\":\"EntryPoint\",\"urlTemplate\":\"https:\\\/\\\/monguide.net\\\/?s={search_term_string}\"},\"query-input\":{\"@type\":\"PropertyValueSpecification\",\"valueRequired\":true,\"valueName\":\"search_term_string\"}}],\"inLanguage\":\"fr-FR\"},{\"@type\":\"Organization\",\"@id\":\"https:\\\/\\\/monguide.net\\\/#organization\",\"name\":\"Mon Guide\",\"url\":\"https:\\\/\\\/monguide.net\\\/\",\"logo\":{\"@type\":\"ImageObject\",\"inLanguage\":\"fr-FR\",\"@id\":\"https:\\\/\\\/monguide.net\\\/#\\\/schema\\\/logo\\\/image\\\/\",\"url\":\"http:\\\/\\\/monguide.net\\\/wp-content\\\/uploads\\\/2024\\\/05\\\/Favicon.png\",\"contentUrl\":\"http:\\\/\\\/monguide.net\\\/wp-content\\\/uploads\\\/2024\\\/05\\\/Favicon.png\",\"width\":512,\"height\":512,\"caption\":\"Mon Guide\"},\"image\":{\"@id\":\"https:\\\/\\\/monguide.net\\\/#\\\/schema\\\/logo\\\/image\\\/\"},\"sameAs\":[\"https:\\\/\\\/web.facebook.com\\\/profile.php?id=61558559594373&ref=embed_page\"]}]}<\/script>\n<!-- \/ Yoast SEO plugin. -->","yoast_head_json":{"title":"Le guide comment\u00e9 des contrats de travail - Mon Guide","robots":{"index":"index","follow":"follow","max-snippet":"max-snippet:-1","max-image-preview":"max-image-preview:large","max-video-preview":"max-video-preview:-1"},"canonical":"https:\/\/monguide.net\/fr\/produit\/le-guide-commente-des-contrats-de-travail\/","og_locale":"fr_FR","og_type":"article","og_title":"Le guide comment\u00e9 des contrats de travail - Mon Guide","og_description":"Destin\u00e9 aux PME et aux TPE qui doivent en permanence s'adapter et anticiper les \u00e9volutions des march\u00e9s et les attentes des clients, ce guide pratique de 176 pages, au format PDF, disponible uniquement en t\u00e9l\u00e9chargement, les aidera \u00e0 se rep\u00e9rer dans la profusion et la complexit\u00e9 des contrats de travail.","og_url":"https:\/\/monguide.net\/fr\/produit\/le-guide-commente-des-contrats-de-travail\/","og_site_name":"Mon Guide","article_publisher":"https:\/\/web.facebook.com\/profile.php?id=61558559594373&ref=embed_page","article_modified_time":"2026-03-27T10:35:50+00:00","og_image":[{"width":369,"height":500,"url":"https:\/\/monguide.net\/wp-content\/uploads\/2024\/09\/Le-guide-commente-des-contrats-de-travail.jpg","type":"image\/jpeg"}],"twitter_card":"summary_large_image","twitter_misc":{"Dur\u00e9e de lecture estim\u00e9e":"1 minute"},"schema":{"@context":"https:\/\/schema.org","@graph":[{"@type":"WebPage","@id":"https:\/\/monguide.net\/produit\/le-guide-commente-des-contrats-de-travail\/","url":"https:\/\/monguide.net\/produit\/le-guide-commente-des-contrats-de-travail\/","name":"Le guide comment\u00e9 des contrats de travail - Mon Guide","isPartOf":{"@id":"https:\/\/monguide.net\/#website"},"primaryImageOfPage":{"@id":"https:\/\/monguide.net\/produit\/le-guide-commente-des-contrats-de-travail\/#primaryimage"},"image":{"@id":"https:\/\/monguide.net\/produit\/le-guide-commente-des-contrats-de-travail\/#primaryimage"},"thumbnailUrl":"https:\/\/monguide.net\/wp-content\/uploads\/2024\/09\/Le-guide-commente-des-contrats-de-travail.jpg","datePublished":"2024-09-10T17:46:11+00:00","dateModified":"2026-03-27T10:35:50+00:00","breadcrumb":{"@id":"https:\/\/monguide.net\/produit\/le-guide-commente-des-contrats-de-travail\/#breadcrumb"},"inLanguage":"fr-FR","potentialAction":[{"@type":"ReadAction","target":["https:\/\/monguide.net\/produit\/le-guide-commente-des-contrats-de-travail\/"]}]},{"@type":"ImageObject","inLanguage":"fr-FR","@id":"https:\/\/monguide.net\/produit\/le-guide-commente-des-contrats-de-travail\/#primaryimage","url":"https:\/\/monguide.net\/wp-content\/uploads\/2024\/09\/Le-guide-commente-des-contrats-de-travail.jpg","contentUrl":"https:\/\/monguide.net\/wp-content\/uploads\/2024\/09\/Le-guide-commente-des-contrats-de-travail.jpg","width":369,"height":500,"caption":"Version 1.0.0"},{"@type":"BreadcrumbList","@id":"https:\/\/monguide.net\/produit\/le-guide-commente-des-contrats-de-travail\/#breadcrumb","itemListElement":[{"@type":"ListItem","position":1,"name":"Accueil","item":"https:\/\/monguide.net\/"},{"@type":"ListItem","position":2,"name":"Boutique","item":"https:\/\/monguide.net\/shop\/"},{"@type":"ListItem","position":3,"name":"Le guide comment\u00e9 des contrats de travail"}]},{"@type":"WebSite","@id":"https:\/\/monguide.net\/#website","url":"https:\/\/monguide.net\/","name":"Mon Guide","description":"La boussole du monde. Tous vos livres et ebook \u00e0 un endroit","publisher":{"@id":"https:\/\/monguide.net\/#organization"},"potentialAction":[{"@type":"SearchAction","target":{"@type":"EntryPoint","urlTemplate":"https:\/\/monguide.net\/?s={search_term_string}"},"query-input":{"@type":"PropertyValueSpecification","valueRequired":true,"valueName":"search_term_string"}}],"inLanguage":"fr-FR"},{"@type":"Organization","@id":"https:\/\/monguide.net\/#organization","name":"Mon Guide","url":"https:\/\/monguide.net\/","logo":{"@type":"ImageObject","inLanguage":"fr-FR","@id":"https:\/\/monguide.net\/#\/schema\/logo\/image\/","url":"https:\/\/monguide.net\/wp-content\/uploads\/2024\/05\/Favicon.png","contentUrl":"https:\/\/monguide.net\/wp-content\/uploads\/2024\/05\/Favicon.png","width":512,"height":512,"caption":"Mon Guide"},"image":{"@id":"https:\/\/monguide.net\/#\/schema\/logo\/image\/"},"sameAs":["https:\/\/web.facebook.com\/profile.php?id=61558559594373&ref=embed_page"]}]}},"jetpack_sharing_enabled":true,"_links":{"self":[{"href":"https:\/\/monguide.net\/fr\/wp-json\/wp\/v2\/product\/18428","targetHints":{"allow":["GET"]}}],"collection":[{"href":"https:\/\/monguide.net\/fr\/wp-json\/wp\/v2\/product"}],"about":[{"href":"https:\/\/monguide.net\/fr\/wp-json\/wp\/v2\/types\/product"}],"replies":[{"embeddable":true,"href":"https:\/\/monguide.net\/fr\/wp-json\/wp\/v2\/comments?post=18428"}],"version-history":[{"count":0,"href":"https:\/\/monguide.net\/fr\/wp-json\/wp\/v2\/product\/18428\/revisions"}],"wp:featuredmedia":[{"embeddable":true,"href":"https:\/\/monguide.net\/fr\/wp-json\/wp\/v2\/media\/18430"}],"wp:attachment":[{"href":"https:\/\/monguide.net\/fr\/wp-json\/wp\/v2\/media?parent=18428"}],"wp:term":[{"taxonomy":"product_cat","embeddable":true,"href":"https:\/\/monguide.net\/fr\/wp-json\/wp\/v2\/product_cat?post=18428"},{"taxonomy":"product_tag","embeddable":true,"href":"https:\/\/monguide.net\/fr\/wp-json\/wp\/v2\/product_tag?post=18428"}],"curies":[{"name":"wp","href":"https:\/\/api.w.org\/{rel}","templated":true}]}}