{"id":18626,"date":"2024-09-17T20:13:33","date_gmt":"2024-09-17T18:13:33","guid":{"rendered":"https:\/\/monguide.net\/?post_type=product&#038;p=18626"},"modified":"2026-03-27T11:35:54","modified_gmt":"2026-03-27T10:35:54","slug":"la-boite-a-outils-des-reseaux-sociaux-4e-edition","status":"publish","type":"product","link":"https:\/\/monguide.net\/fr\/produit\/la-boite-a-outils-des-reseaux-sociaux-4e-edition\/","title":{"rendered":"La Bo\u00eete \u00e0 outils des r\u00e9seaux sociaux &#8211; 4e \u00e9d."},"content":{"rendered":"<p>Trait\u00e9 de fa\u00e7on synth\u00e9tique, chaque outil est d\u00e9crit sur <span class=\"a-text-bold\">2 ou 4 pages<\/span>\u00a0par un sch\u00e9ma, l\u2019essentiel\u00a0<span class=\"a-text-bold\">en fran\u00e7ais et en anglais<\/span>, les objectifs, le contexte d\u2019utilisation, les\u00a0<span class=\"a-text-bold\">\u00e9tapes<\/span> de mise en \u0153uvre, les\u00a0<span class=\"a-text-bold\">avantages<\/span>\u00a0et les\u00a0<span class=\"a-text-bold\">pr\u00e9cautions<\/span>\u00a0\u00e0 prendre, ainsi que des\u00a0<span class=\"a-text-bold\">conseils m\u00e9thodologiques<\/span>. Certains outils sont compl\u00e9t\u00e9s d\u2019un approfondissement et d\u2019un cas d\u2019entreprise. Cette\u00a0<span class=\"a-text-bold\">4<\/span><span class=\"a-text-bold\"><sup>e<\/sup><\/span><span class=\"a-text-bold\">\u00a0\u00e9dition<\/span>, enti\u00e8rement mise \u00e0 jour, s\u2019enrichit de 5 outils et de nouveaux cas et exemples. Par ailleurs, des liens accessibles par QR code permettent d\u2019approfondir certains outils.<\/p>\n<p>Format: PDF<\/p>\n<p>Nombre de page: 263<\/p>\n<p>Langues: Fran\u00e7ais \/ Anglais<\/p>","protected":false},"excerpt":{"rendered":"<p>Comment \u00eatre au plus pr\u00e8s de vos clients gr\u00e2ce aux m\u00e9dias sociaux ? Quelles sont les grandes tendances de la communication en ligne ? Comment exploiter les r\u00e9seaux sociaux pour recruter et \u00eatre recrut\u00e9 ? Quels sont les crit\u00e8res pour cibler les plateformes les plus adapt\u00e9es ? Comment \u00e9valuer sa strat\u00e9gie communautaire ? D\u00e9couvrez les 54 outils et m\u00e9thodes indispensables dans ce guide de 263 pages, au format PDF, disponible uniquement en t\u00e9l\u00e9chargement pour aborder toutes les dimensions des r\u00e9seaux sociaux.<\/p>","protected":false},"featured_media":18644,"comment_status":"open","ping_status":"closed","template":"","meta":[],"product_cat":[722,130,86,364,127,317],"product_tag":[],"class_list":{"0":"post-18626","1":"product","2":"type-product","3":"status-publish","4":"has-post-thumbnail","6":"product_cat-e-commerce","7":"product_cat-entrepreneuriat","8":"product_cat-marketing","9":"product_cat-marketing-digital","10":"product_cat-marketing-en-ligne","11":"product_cat-pdf","13":"first","14":"instock","15":"sale","16":"downloadable","17":"shipping-taxable","18":"purchasable","19":"product-type-simple","20":"add-to-wishlist-after_add_to_cart"},"yoast_head":"<!-- This site is optimized with the Yoast SEO plugin v27.4 - https:\/\/yoast.com\/product\/yoast-seo-wordpress\/ -->\n<title>La Bo\u00eete \u00e0 outils des r\u00e9seaux sociaux - 4e \u00e9d. - Mon Guide<\/title>\n<meta name=\"robots\" content=\"index, follow, max-snippet:-1, max-image-preview:large, max-video-preview:-1\" \/>\n<link rel=\"canonical\" href=\"https:\/\/monguide.net\/fr\/produit\/la-boite-a-outils-des-reseaux-sociaux-4e-edition\/\" \/>\n<meta property=\"og:locale\" content=\"fr_FR\" \/>\n<meta property=\"og:type\" content=\"article\" \/>\n<meta property=\"og:title\" content=\"La Bo\u00eete \u00e0 outils des r\u00e9seaux sociaux - 4e \u00e9d. - Mon Guide\" \/>\n<meta property=\"og:description\" content=\"Comment \u00eatre au plus pr\u00e8s de vos clients gr\u00e2ce aux m\u00e9dias sociaux ? Quelles sont les grandes tendances de la communication en ligne ? Comment exploiter les r\u00e9seaux sociaux pour recruter et \u00eatre recrut\u00e9 ? Quels sont les crit\u00e8res pour cibler les plateformes les plus adapt\u00e9es ? Comment \u00e9valuer sa strat\u00e9gie communautaire ? D\u00e9couvrez les 54 outils et m\u00e9thodes indispensables dans ce guide de 263 pages, au format PDF, disponible uniquement en t\u00e9l\u00e9chargement pour aborder toutes les dimensions des r\u00e9seaux sociaux.\" \/>\n<meta property=\"og:url\" content=\"https:\/\/monguide.net\/fr\/produit\/la-boite-a-outils-des-reseaux-sociaux-4e-edition\/\" \/>\n<meta property=\"og:site_name\" content=\"Mon Guide\" \/>\n<meta property=\"article:publisher\" content=\"https:\/\/web.facebook.com\/profile.php?id=61558559594373&amp;ref=embed_page\" \/>\n<meta property=\"article:modified_time\" content=\"2026-03-27T10:35:54+00:00\" \/>\n<meta property=\"og:image\" content=\"https:\/\/monguide.net\/wp-content\/uploads\/2024\/09\/LA-BOITES-A-OUTILS-DES-RESEAUX-4.jpg\" \/>\n\t<meta property=\"og:image:width\" content=\"1188\" \/>\n\t<meta property=\"og:image:height\" content=\"1500\" \/>\n\t<meta property=\"og:image:type\" content=\"image\/jpeg\" \/>\n<meta name=\"twitter:card\" content=\"summary_large_image\" \/>\n<meta name=\"twitter:label1\" content=\"Dur\u00e9e de lecture estim\u00e9e\" \/>\n\t<meta name=\"twitter:data1\" content=\"1 minute\" \/>\n<script type=\"application\/ld+json\" class=\"yoast-schema-graph\">{\"@context\":\"https:\\\/\\\/schema.org\",\"@graph\":[{\"@type\":\"WebPage\",\"@id\":\"https:\\\/\\\/monguide.net\\\/produit\\\/la-boite-a-outils-des-reseaux-sociaux-4e-edition\\\/\",\"url\":\"https:\\\/\\\/monguide.net\\\/produit\\\/la-boite-a-outils-des-reseaux-sociaux-4e-edition\\\/\",\"name\":\"La Bo\u00eete \u00e0 outils des r\u00e9seaux sociaux - 4e \u00e9d. - Mon Guide\",\"isPartOf\":{\"@id\":\"https:\\\/\\\/monguide.net\\\/#website\"},\"primaryImageOfPage\":{\"@id\":\"https:\\\/\\\/monguide.net\\\/produit\\\/la-boite-a-outils-des-reseaux-sociaux-4e-edition\\\/#primaryimage\"},\"image\":{\"@id\":\"https:\\\/\\\/monguide.net\\\/produit\\\/la-boite-a-outils-des-reseaux-sociaux-4e-edition\\\/#primaryimage\"},\"thumbnailUrl\":\"https:\\\/\\\/monguide.net\\\/wp-content\\\/uploads\\\/2024\\\/09\\\/LA-BOITES-A-OUTILS-DES-RESEAUX-4.jpg\",\"datePublished\":\"2024-09-17T18:13:33+00:00\",\"dateModified\":\"2026-03-27T10:35:54+00:00\",\"breadcrumb\":{\"@id\":\"https:\\\/\\\/monguide.net\\\/produit\\\/la-boite-a-outils-des-reseaux-sociaux-4e-edition\\\/#breadcrumb\"},\"inLanguage\":\"fr-FR\",\"potentialAction\":[{\"@type\":\"ReadAction\",\"target\":[\"https:\\\/\\\/monguide.net\\\/produit\\\/la-boite-a-outils-des-reseaux-sociaux-4e-edition\\\/\"]}]},{\"@type\":\"ImageObject\",\"inLanguage\":\"fr-FR\",\"@id\":\"https:\\\/\\\/monguide.net\\\/produit\\\/la-boite-a-outils-des-reseaux-sociaux-4e-edition\\\/#primaryimage\",\"url\":\"https:\\\/\\\/monguide.net\\\/wp-content\\\/uploads\\\/2024\\\/09\\\/LA-BOITES-A-OUTILS-DES-RESEAUX-4.jpg\",\"contentUrl\":\"https:\\\/\\\/monguide.net\\\/wp-content\\\/uploads\\\/2024\\\/09\\\/LA-BOITES-A-OUTILS-DES-RESEAUX-4.jpg\",\"width\":1188,\"height\":1500},{\"@type\":\"BreadcrumbList\",\"@id\":\"https:\\\/\\\/monguide.net\\\/produit\\\/la-boite-a-outils-des-reseaux-sociaux-4e-edition\\\/#breadcrumb\",\"itemListElement\":[{\"@type\":\"ListItem\",\"position\":1,\"name\":\"Accueil\",\"item\":\"https:\\\/\\\/monguide.net\\\/\"},{\"@type\":\"ListItem\",\"position\":2,\"name\":\"Boutique\",\"item\":\"https:\\\/\\\/monguide.net\\\/shop\\\/\"},{\"@type\":\"ListItem\",\"position\":3,\"name\":\"La Bo\u00eete \u00e0 outils des r\u00e9seaux sociaux &#8211; 4e \u00e9d.\"}]},{\"@type\":\"WebSite\",\"@id\":\"https:\\\/\\\/monguide.net\\\/#website\",\"url\":\"https:\\\/\\\/monguide.net\\\/\",\"name\":\"Mon Guide\",\"description\":\"La boussole du monde. Tous vos livres et ebook \u00e0 un endroit\",\"publisher\":{\"@id\":\"https:\\\/\\\/monguide.net\\\/#organization\"},\"potentialAction\":[{\"@type\":\"SearchAction\",\"target\":{\"@type\":\"EntryPoint\",\"urlTemplate\":\"https:\\\/\\\/monguide.net\\\/?s={search_term_string}\"},\"query-input\":{\"@type\":\"PropertyValueSpecification\",\"valueRequired\":true,\"valueName\":\"search_term_string\"}}],\"inLanguage\":\"fr-FR\"},{\"@type\":\"Organization\",\"@id\":\"https:\\\/\\\/monguide.net\\\/#organization\",\"name\":\"Mon Guide\",\"url\":\"https:\\\/\\\/monguide.net\\\/\",\"logo\":{\"@type\":\"ImageObject\",\"inLanguage\":\"fr-FR\",\"@id\":\"https:\\\/\\\/monguide.net\\\/#\\\/schema\\\/logo\\\/image\\\/\",\"url\":\"http:\\\/\\\/monguide.net\\\/wp-content\\\/uploads\\\/2024\\\/05\\\/Favicon.png\",\"contentUrl\":\"http:\\\/\\\/monguide.net\\\/wp-content\\\/uploads\\\/2024\\\/05\\\/Favicon.png\",\"width\":512,\"height\":512,\"caption\":\"Mon Guide\"},\"image\":{\"@id\":\"https:\\\/\\\/monguide.net\\\/#\\\/schema\\\/logo\\\/image\\\/\"},\"sameAs\":[\"https:\\\/\\\/web.facebook.com\\\/profile.php?id=61558559594373&ref=embed_page\"]}]}<\/script>\n<!-- \/ Yoast SEO plugin. -->","yoast_head_json":{"title":"La Bo\u00eete \u00e0 outils des r\u00e9seaux sociaux - 4e \u00e9d. - Mon Guide","robots":{"index":"index","follow":"follow","max-snippet":"max-snippet:-1","max-image-preview":"max-image-preview:large","max-video-preview":"max-video-preview:-1"},"canonical":"https:\/\/monguide.net\/fr\/produit\/la-boite-a-outils-des-reseaux-sociaux-4e-edition\/","og_locale":"fr_FR","og_type":"article","og_title":"La Bo\u00eete \u00e0 outils des r\u00e9seaux sociaux - 4e \u00e9d. - Mon Guide","og_description":"Comment \u00eatre au plus pr\u00e8s de vos clients gr\u00e2ce aux m\u00e9dias sociaux ? Quelles sont les grandes tendances de la communication en ligne ? Comment exploiter les r\u00e9seaux sociaux pour recruter et \u00eatre recrut\u00e9 ? Quels sont les crit\u00e8res pour cibler les plateformes les plus adapt\u00e9es ? Comment \u00e9valuer sa strat\u00e9gie communautaire ? D\u00e9couvrez les 54 outils et m\u00e9thodes indispensables dans ce guide de 263 pages, au format PDF, disponible uniquement en t\u00e9l\u00e9chargement pour aborder toutes les dimensions des r\u00e9seaux sociaux.","og_url":"https:\/\/monguide.net\/fr\/produit\/la-boite-a-outils-des-reseaux-sociaux-4e-edition\/","og_site_name":"Mon Guide","article_publisher":"https:\/\/web.facebook.com\/profile.php?id=61558559594373&ref=embed_page","article_modified_time":"2026-03-27T10:35:54+00:00","og_image":[{"width":1188,"height":1500,"url":"https:\/\/monguide.net\/wp-content\/uploads\/2024\/09\/LA-BOITES-A-OUTILS-DES-RESEAUX-4.jpg","type":"image\/jpeg"}],"twitter_card":"summary_large_image","twitter_misc":{"Dur\u00e9e de lecture estim\u00e9e":"1 minute"},"schema":{"@context":"https:\/\/schema.org","@graph":[{"@type":"WebPage","@id":"https:\/\/monguide.net\/produit\/la-boite-a-outils-des-reseaux-sociaux-4e-edition\/","url":"https:\/\/monguide.net\/produit\/la-boite-a-outils-des-reseaux-sociaux-4e-edition\/","name":"La Bo\u00eete \u00e0 outils des r\u00e9seaux sociaux - 4e \u00e9d. - Mon Guide","isPartOf":{"@id":"https:\/\/monguide.net\/#website"},"primaryImageOfPage":{"@id":"https:\/\/monguide.net\/produit\/la-boite-a-outils-des-reseaux-sociaux-4e-edition\/#primaryimage"},"image":{"@id":"https:\/\/monguide.net\/produit\/la-boite-a-outils-des-reseaux-sociaux-4e-edition\/#primaryimage"},"thumbnailUrl":"https:\/\/monguide.net\/wp-content\/uploads\/2024\/09\/LA-BOITES-A-OUTILS-DES-RESEAUX-4.jpg","datePublished":"2024-09-17T18:13:33+00:00","dateModified":"2026-03-27T10:35:54+00:00","breadcrumb":{"@id":"https:\/\/monguide.net\/produit\/la-boite-a-outils-des-reseaux-sociaux-4e-edition\/#breadcrumb"},"inLanguage":"fr-FR","potentialAction":[{"@type":"ReadAction","target":["https:\/\/monguide.net\/produit\/la-boite-a-outils-des-reseaux-sociaux-4e-edition\/"]}]},{"@type":"ImageObject","inLanguage":"fr-FR","@id":"https:\/\/monguide.net\/produit\/la-boite-a-outils-des-reseaux-sociaux-4e-edition\/#primaryimage","url":"https:\/\/monguide.net\/wp-content\/uploads\/2024\/09\/LA-BOITES-A-OUTILS-DES-RESEAUX-4.jpg","contentUrl":"https:\/\/monguide.net\/wp-content\/uploads\/2024\/09\/LA-BOITES-A-OUTILS-DES-RESEAUX-4.jpg","width":1188,"height":1500},{"@type":"BreadcrumbList","@id":"https:\/\/monguide.net\/produit\/la-boite-a-outils-des-reseaux-sociaux-4e-edition\/#breadcrumb","itemListElement":[{"@type":"ListItem","position":1,"name":"Accueil","item":"https:\/\/monguide.net\/"},{"@type":"ListItem","position":2,"name":"Boutique","item":"https:\/\/monguide.net\/shop\/"},{"@type":"ListItem","position":3,"name":"La Bo\u00eete \u00e0 outils des r\u00e9seaux sociaux &#8211; 4e \u00e9d."}]},{"@type":"WebSite","@id":"https:\/\/monguide.net\/#website","url":"https:\/\/monguide.net\/","name":"Mon Guide","description":"La boussole du monde. Tous vos livres et ebook \u00e0 un endroit","publisher":{"@id":"https:\/\/monguide.net\/#organization"},"potentialAction":[{"@type":"SearchAction","target":{"@type":"EntryPoint","urlTemplate":"https:\/\/monguide.net\/?s={search_term_string}"},"query-input":{"@type":"PropertyValueSpecification","valueRequired":true,"valueName":"search_term_string"}}],"inLanguage":"fr-FR"},{"@type":"Organization","@id":"https:\/\/monguide.net\/#organization","name":"Mon Guide","url":"https:\/\/monguide.net\/","logo":{"@type":"ImageObject","inLanguage":"fr-FR","@id":"https:\/\/monguide.net\/#\/schema\/logo\/image\/","url":"https:\/\/monguide.net\/wp-content\/uploads\/2024\/05\/Favicon.png","contentUrl":"https:\/\/monguide.net\/wp-content\/uploads\/2024\/05\/Favicon.png","width":512,"height":512,"caption":"Mon Guide"},"image":{"@id":"https:\/\/monguide.net\/#\/schema\/logo\/image\/"},"sameAs":["https:\/\/web.facebook.com\/profile.php?id=61558559594373&ref=embed_page"]}]}},"jetpack_sharing_enabled":true,"_links":{"self":[{"href":"https:\/\/monguide.net\/fr\/wp-json\/wp\/v2\/product\/18626","targetHints":{"allow":["GET"]}}],"collection":[{"href":"https:\/\/monguide.net\/fr\/wp-json\/wp\/v2\/product"}],"about":[{"href":"https:\/\/monguide.net\/fr\/wp-json\/wp\/v2\/types\/product"}],"replies":[{"embeddable":true,"href":"https:\/\/monguide.net\/fr\/wp-json\/wp\/v2\/comments?post=18626"}],"version-history":[{"count":0,"href":"https:\/\/monguide.net\/fr\/wp-json\/wp\/v2\/product\/18626\/revisions"}],"wp:featuredmedia":[{"embeddable":true,"href":"https:\/\/monguide.net\/fr\/wp-json\/wp\/v2\/media\/18644"}],"wp:attachment":[{"href":"https:\/\/monguide.net\/fr\/wp-json\/wp\/v2\/media?parent=18626"}],"wp:term":[{"taxonomy":"product_cat","embeddable":true,"href":"https:\/\/monguide.net\/fr\/wp-json\/wp\/v2\/product_cat?post=18626"},{"taxonomy":"product_tag","embeddable":true,"href":"https:\/\/monguide.net\/fr\/wp-json\/wp\/v2\/product_tag?post=18626"}],"curies":[{"name":"wp","href":"https:\/\/api.w.org\/{rel}","templated":true}]}}