{"id":18655,"date":"2024-09-19T17:34:23","date_gmt":"2024-09-19T15:34:23","guid":{"rendered":"https:\/\/monguide.net\/?post_type=product&#038;p=18655"},"modified":"2026-03-27T11:35:54","modified_gmt":"2026-03-27T10:35:54","slug":"les-fiches-outils-du-webmarketing-85-fiches-operationnelles-95-conseils-personnalises-46-cas-pratiques-55-illustrations","status":"publish","type":"product","link":"https:\/\/monguide.net\/fr\/produit\/les-fiches-outils-du-webmarketing-85-fiches-operationnelles-95-conseils-personnalises-46-cas-pratiques-55-illustrations\/","title":{"rendered":"Les fiches outils du webmarketing: 85 fiches op\u00e9rationnelles &#8211; 95 conseils personnalis\u00e9s &#8211; 46 cas pratiques &#8211; 55 illustrations"},"content":{"rendered":"<div id=\"bookDescription_feature_div\" class=\"celwidget\" data-feature-name=\"bookDescription\" data-csa-c-type=\"widget\" data-csa-c-content-id=\"bookDescription\" data-csa-c-slot-id=\"bookDescription_feature_div\" data-csa-c-asin=\"\" data-csa-c-is-in-initial-active-row=\"false\" data-csa-c-id=\"efcphh-nz21qs-sl0fzu-a5bd1x\" data-cel-widget=\"bookDescription_feature_div\">\n<div class=\"a-expander-collapsed-height a-row a-expander-container a-spacing-base a-expander-partial-collapse-container\" data-a-expander-name=\"book_description_expander\" data-a-expander-collapsed-height=\"280\">\n<div class=\"a-expander-content a-expander-partial-collapse-content\" data-expanded=\"false\">\n<p>Pratique et bas\u00e9 sur l&#8217;exp\u00e9rience, ce guide op\u00e9rationnel complet pr\u00e9sente en 85 fiches les rep\u00e8res et les m\u00e9thodes indispensables \u00e0 la mise en \u0153uvre d&#8217;une strat\u00e9gie webmarketing performante.<\/p>\n<ul class=\"a-unordered-list a-vertical\">\n<li><span class=\"a-list-item\">Structurer sa d\u00e9marche webmarketing<\/span><\/li>\n<li><span class=\"a-list-item\">Cr\u00e9er et animer un site web, g\u00e9n\u00e9rer du trafic<\/span><\/li>\n<li><span class=\"a-list-item\">Piloter des campagnes display ou e-mailing<\/span><\/li>\n<li><span class=\"a-list-item\">Ma\u00eetriser les r\u00e9seaux sociaux<\/span><\/li>\n<li><span class=\"a-list-item\">Mettre en \u0153uvre et d\u00e9finir ses strat\u00e9gies d&#8217;influence ou de contenus<\/span><\/li>\n<li><span class=\"a-list-item\">Mesurer les r\u00e9sultats de ses actions<\/span><\/li>\n<li><span class=\"a-list-item\">Exploiter les donn\u00e9es clients<\/span><\/li>\n<\/ul>\n<p>Format: PDF<\/p>\n<p>Nombre de page: 331<\/p>\n<p>Langue: Fran\u00e7ais<\/p>\n<\/div>\n<\/div>\n<\/div>\n<div id=\"hushpuppyUpsell_feature_div\" class=\"celwidget\" data-feature-name=\"hushpuppyUpsell\" data-csa-c-type=\"widget\" data-csa-c-content-id=\"hushpuppyUpsell\" data-csa-c-slot-id=\"hushpuppyUpsell_feature_div\" data-csa-c-asin=\"\" data-csa-c-is-in-initial-active-row=\"false\" data-csa-c-id=\"m3xn1j-bvbekd-e0khfz-puv5h0\" data-cel-widget=\"hushpuppyUpsell_feature_div\"><\/div>\n<div id=\"richProductInformation_feature_div\" class=\"celwidget\" data-feature-name=\"richProductInformation\" data-csa-c-type=\"widget\" data-csa-c-content-id=\"richProductInformation\" data-csa-c-slot-id=\"richProductInformation_feature_div\" data-csa-c-asin=\"\" data-csa-c-is-in-initial-active-row=\"false\" data-csa-c-id=\"6b2dbl-zbrxbf-liu8qe-4rj2d6\" data-cel-widget=\"richProductInformation_feature_div\">\n<div id=\"rich_product_information\" class=\"a-section a-spacing-none celwidget\" data-csa-c-id=\"k5hh3r-sk3ibk-ds72gx-4illv7\" data-cel-widget=\"rich_product_information\"><\/div>\n<\/div>","protected":false},"excerpt":{"rendered":"<p>Pratique et bas\u00e9 sur l&#8217;exp\u00e9rience, ce guide op\u00e9rationnel complet de 331 pages, au format PDF, disponible uniquement en t\u00e9l\u00e9chargement, pr\u00e9sente en 85 fiches les rep\u00e8res et les m\u00e9thodes indispensables \u00e0 la mise en \u0153uvre d&#8217;une strat\u00e9gie webmarketing performante.<\/p>","protected":false},"featured_media":18657,"comment_status":"open","ping_status":"closed","template":"","meta":[],"product_cat":[463,722,130,128,55,104,86,364,127,317],"product_tag":[],"class_list":{"0":"post-18655","1":"product","2":"type-product","3":"status-publish","4":"has-post-thumbnail","6":"product_cat-connaissances","7":"product_cat-e-commerce","8":"product_cat-entrepreneuriat","9":"product_cat-gagner-de-largent-en-ligne","10":"product_cat-informatique","11":"product_cat-internet","12":"product_cat-marketing","13":"product_cat-marketing-digital","14":"product_cat-marketing-en-ligne","15":"product_cat-pdf","17":"first","18":"instock","19":"sale","20":"downloadable","21":"shipping-taxable","22":"purchasable","23":"product-type-simple","24":"add-to-wishlist-after_add_to_cart"},"yoast_head":"<!-- This site is optimized with the Yoast SEO plugin v27.4 - https:\/\/yoast.com\/product\/yoast-seo-wordpress\/ -->\n<title>Les fiches outils du webmarketing: 85 fiches op\u00e9rationnelles - 95 conseils personnalis\u00e9s - 46 cas pratiques - 55 illustrations - Mon Guide<\/title>\n<meta name=\"robots\" content=\"index, follow, max-snippet:-1, max-image-preview:large, max-video-preview:-1\" \/>\n<link rel=\"canonical\" href=\"https:\/\/monguide.net\/fr\/produit\/les-fiches-outils-du-webmarketing-85-fiches-operationnelles-95-conseils-personnalises-46-cas-pratiques-55-illustrations\/\" \/>\n<meta property=\"og:locale\" content=\"fr_FR\" \/>\n<meta property=\"og:type\" content=\"article\" \/>\n<meta property=\"og:title\" content=\"Les fiches outils du webmarketing: 85 fiches op\u00e9rationnelles - 95 conseils personnalis\u00e9s - 46 cas pratiques - 55 illustrations - Mon Guide\" \/>\n<meta property=\"og:description\" content=\"Pratique et bas\u00e9 sur l&#039;exp\u00e9rience, ce guide op\u00e9rationnel complet de 331 pages, au format PDF, disponible uniquement en t\u00e9l\u00e9chargement, pr\u00e9sente en 85 fiches les rep\u00e8res et les m\u00e9thodes indispensables \u00e0 la mise en \u0153uvre d&#039;une strat\u00e9gie webmarketing performante.\" \/>\n<meta property=\"og:url\" content=\"https:\/\/monguide.net\/fr\/produit\/les-fiches-outils-du-webmarketing-85-fiches-operationnelles-95-conseils-personnalises-46-cas-pratiques-55-illustrations\/\" \/>\n<meta property=\"og:site_name\" content=\"Mon Guide\" \/>\n<meta property=\"article:publisher\" content=\"https:\/\/web.facebook.com\/profile.php?id=61558559594373&amp;ref=embed_page\" \/>\n<meta property=\"article:modified_time\" content=\"2026-03-27T10:35:54+00:00\" \/>\n<meta property=\"og:image\" content=\"https:\/\/monguide.net\/wp-content\/uploads\/2024\/09\/WEBMARKETING.jpg\" \/>\n\t<meta property=\"og:image:width\" content=\"1185\" \/>\n\t<meta property=\"og:image:height\" content=\"1500\" \/>\n\t<meta property=\"og:image:type\" content=\"image\/jpeg\" \/>\n<meta name=\"twitter:card\" content=\"summary_large_image\" \/>\n<meta name=\"twitter:label1\" content=\"Dur\u00e9e de lecture estim\u00e9e\" \/>\n\t<meta name=\"twitter:data1\" content=\"1 minute\" \/>\n<script type=\"application\/ld+json\" class=\"yoast-schema-graph\">{\"@context\":\"https:\\\/\\\/schema.org\",\"@graph\":[{\"@type\":\"WebPage\",\"@id\":\"https:\\\/\\\/monguide.net\\\/produit\\\/les-fiches-outils-du-webmarketing-85-fiches-operationnelles-95-conseils-personnalises-46-cas-pratiques-55-illustrations\\\/\",\"url\":\"https:\\\/\\\/monguide.net\\\/produit\\\/les-fiches-outils-du-webmarketing-85-fiches-operationnelles-95-conseils-personnalises-46-cas-pratiques-55-illustrations\\\/\",\"name\":\"Les fiches outils du webmarketing: 85 fiches op\u00e9rationnelles - 95 conseils personnalis\u00e9s - 46 cas pratiques - 55 illustrations - Mon Guide\",\"isPartOf\":{\"@id\":\"https:\\\/\\\/monguide.net\\\/#website\"},\"primaryImageOfPage\":{\"@id\":\"https:\\\/\\\/monguide.net\\\/produit\\\/les-fiches-outils-du-webmarketing-85-fiches-operationnelles-95-conseils-personnalises-46-cas-pratiques-55-illustrations\\\/#primaryimage\"},\"image\":{\"@id\":\"https:\\\/\\\/monguide.net\\\/produit\\\/les-fiches-outils-du-webmarketing-85-fiches-operationnelles-95-conseils-personnalises-46-cas-pratiques-55-illustrations\\\/#primaryimage\"},\"thumbnailUrl\":\"https:\\\/\\\/monguide.net\\\/wp-content\\\/uploads\\\/2024\\\/09\\\/WEBMARKETING.jpg\",\"datePublished\":\"2024-09-19T15:34:23+00:00\",\"dateModified\":\"2026-03-27T10:35:54+00:00\",\"breadcrumb\":{\"@id\":\"https:\\\/\\\/monguide.net\\\/produit\\\/les-fiches-outils-du-webmarketing-85-fiches-operationnelles-95-conseils-personnalises-46-cas-pratiques-55-illustrations\\\/#breadcrumb\"},\"inLanguage\":\"fr-FR\",\"potentialAction\":[{\"@type\":\"ReadAction\",\"target\":[\"https:\\\/\\\/monguide.net\\\/produit\\\/les-fiches-outils-du-webmarketing-85-fiches-operationnelles-95-conseils-personnalises-46-cas-pratiques-55-illustrations\\\/\"]}]},{\"@type\":\"ImageObject\",\"inLanguage\":\"fr-FR\",\"@id\":\"https:\\\/\\\/monguide.net\\\/produit\\\/les-fiches-outils-du-webmarketing-85-fiches-operationnelles-95-conseils-personnalises-46-cas-pratiques-55-illustrations\\\/#primaryimage\",\"url\":\"https:\\\/\\\/monguide.net\\\/wp-content\\\/uploads\\\/2024\\\/09\\\/WEBMARKETING.jpg\",\"contentUrl\":\"https:\\\/\\\/monguide.net\\\/wp-content\\\/uploads\\\/2024\\\/09\\\/WEBMARKETING.jpg\",\"width\":1185,\"height\":1500},{\"@type\":\"BreadcrumbList\",\"@id\":\"https:\\\/\\\/monguide.net\\\/produit\\\/les-fiches-outils-du-webmarketing-85-fiches-operationnelles-95-conseils-personnalises-46-cas-pratiques-55-illustrations\\\/#breadcrumb\",\"itemListElement\":[{\"@type\":\"ListItem\",\"position\":1,\"name\":\"Accueil\",\"item\":\"https:\\\/\\\/monguide.net\\\/\"},{\"@type\":\"ListItem\",\"position\":2,\"name\":\"Boutique\",\"item\":\"https:\\\/\\\/monguide.net\\\/shop\\\/\"},{\"@type\":\"ListItem\",\"position\":3,\"name\":\"Les fiches outils du webmarketing: 85 fiches op\u00e9rationnelles &#8211; 95 conseils personnalis\u00e9s &#8211; 46 cas pratiques &#8211; 55 illustrations\"}]},{\"@type\":\"WebSite\",\"@id\":\"https:\\\/\\\/monguide.net\\\/#website\",\"url\":\"https:\\\/\\\/monguide.net\\\/\",\"name\":\"Mon Guide\",\"description\":\"La boussole du monde. Tous vos livres et ebook \u00e0 un endroit\",\"publisher\":{\"@id\":\"https:\\\/\\\/monguide.net\\\/#organization\"},\"potentialAction\":[{\"@type\":\"SearchAction\",\"target\":{\"@type\":\"EntryPoint\",\"urlTemplate\":\"https:\\\/\\\/monguide.net\\\/?s={search_term_string}\"},\"query-input\":{\"@type\":\"PropertyValueSpecification\",\"valueRequired\":true,\"valueName\":\"search_term_string\"}}],\"inLanguage\":\"fr-FR\"},{\"@type\":\"Organization\",\"@id\":\"https:\\\/\\\/monguide.net\\\/#organization\",\"name\":\"Mon Guide\",\"url\":\"https:\\\/\\\/monguide.net\\\/\",\"logo\":{\"@type\":\"ImageObject\",\"inLanguage\":\"fr-FR\",\"@id\":\"https:\\\/\\\/monguide.net\\\/#\\\/schema\\\/logo\\\/image\\\/\",\"url\":\"http:\\\/\\\/monguide.net\\\/wp-content\\\/uploads\\\/2024\\\/05\\\/Favicon.png\",\"contentUrl\":\"http:\\\/\\\/monguide.net\\\/wp-content\\\/uploads\\\/2024\\\/05\\\/Favicon.png\",\"width\":512,\"height\":512,\"caption\":\"Mon Guide\"},\"image\":{\"@id\":\"https:\\\/\\\/monguide.net\\\/#\\\/schema\\\/logo\\\/image\\\/\"},\"sameAs\":[\"https:\\\/\\\/web.facebook.com\\\/profile.php?id=61558559594373&ref=embed_page\"]}]}<\/script>\n<!-- \/ Yoast SEO plugin. -->","yoast_head_json":{"title":"Les fiches outils du webmarketing: 85 fiches op\u00e9rationnelles - 95 conseils personnalis\u00e9s - 46 cas pratiques - 55 illustrations - Mon Guide","robots":{"index":"index","follow":"follow","max-snippet":"max-snippet:-1","max-image-preview":"max-image-preview:large","max-video-preview":"max-video-preview:-1"},"canonical":"https:\/\/monguide.net\/fr\/produit\/les-fiches-outils-du-webmarketing-85-fiches-operationnelles-95-conseils-personnalises-46-cas-pratiques-55-illustrations\/","og_locale":"fr_FR","og_type":"article","og_title":"Les fiches outils du webmarketing: 85 fiches op\u00e9rationnelles - 95 conseils personnalis\u00e9s - 46 cas pratiques - 55 illustrations - Mon Guide","og_description":"Pratique et bas\u00e9 sur l'exp\u00e9rience, ce guide op\u00e9rationnel complet de 331 pages, au format PDF, disponible uniquement en t\u00e9l\u00e9chargement, pr\u00e9sente en 85 fiches les rep\u00e8res et les m\u00e9thodes indispensables \u00e0 la mise en \u0153uvre d'une strat\u00e9gie webmarketing performante.","og_url":"https:\/\/monguide.net\/fr\/produit\/les-fiches-outils-du-webmarketing-85-fiches-operationnelles-95-conseils-personnalises-46-cas-pratiques-55-illustrations\/","og_site_name":"Mon Guide","article_publisher":"https:\/\/web.facebook.com\/profile.php?id=61558559594373&ref=embed_page","article_modified_time":"2026-03-27T10:35:54+00:00","og_image":[{"width":1185,"height":1500,"url":"https:\/\/monguide.net\/wp-content\/uploads\/2024\/09\/WEBMARKETING.jpg","type":"image\/jpeg"}],"twitter_card":"summary_large_image","twitter_misc":{"Dur\u00e9e de lecture estim\u00e9e":"1 minute"},"schema":{"@context":"https:\/\/schema.org","@graph":[{"@type":"WebPage","@id":"https:\/\/monguide.net\/produit\/les-fiches-outils-du-webmarketing-85-fiches-operationnelles-95-conseils-personnalises-46-cas-pratiques-55-illustrations\/","url":"https:\/\/monguide.net\/produit\/les-fiches-outils-du-webmarketing-85-fiches-operationnelles-95-conseils-personnalises-46-cas-pratiques-55-illustrations\/","name":"Les fiches outils du webmarketing: 85 fiches op\u00e9rationnelles - 95 conseils personnalis\u00e9s - 46 cas pratiques - 55 illustrations - Mon Guide","isPartOf":{"@id":"https:\/\/monguide.net\/#website"},"primaryImageOfPage":{"@id":"https:\/\/monguide.net\/produit\/les-fiches-outils-du-webmarketing-85-fiches-operationnelles-95-conseils-personnalises-46-cas-pratiques-55-illustrations\/#primaryimage"},"image":{"@id":"https:\/\/monguide.net\/produit\/les-fiches-outils-du-webmarketing-85-fiches-operationnelles-95-conseils-personnalises-46-cas-pratiques-55-illustrations\/#primaryimage"},"thumbnailUrl":"https:\/\/monguide.net\/wp-content\/uploads\/2024\/09\/WEBMARKETING.jpg","datePublished":"2024-09-19T15:34:23+00:00","dateModified":"2026-03-27T10:35:54+00:00","breadcrumb":{"@id":"https:\/\/monguide.net\/produit\/les-fiches-outils-du-webmarketing-85-fiches-operationnelles-95-conseils-personnalises-46-cas-pratiques-55-illustrations\/#breadcrumb"},"inLanguage":"fr-FR","potentialAction":[{"@type":"ReadAction","target":["https:\/\/monguide.net\/produit\/les-fiches-outils-du-webmarketing-85-fiches-operationnelles-95-conseils-personnalises-46-cas-pratiques-55-illustrations\/"]}]},{"@type":"ImageObject","inLanguage":"fr-FR","@id":"https:\/\/monguide.net\/produit\/les-fiches-outils-du-webmarketing-85-fiches-operationnelles-95-conseils-personnalises-46-cas-pratiques-55-illustrations\/#primaryimage","url":"https:\/\/monguide.net\/wp-content\/uploads\/2024\/09\/WEBMARKETING.jpg","contentUrl":"https:\/\/monguide.net\/wp-content\/uploads\/2024\/09\/WEBMARKETING.jpg","width":1185,"height":1500},{"@type":"BreadcrumbList","@id":"https:\/\/monguide.net\/produit\/les-fiches-outils-du-webmarketing-85-fiches-operationnelles-95-conseils-personnalises-46-cas-pratiques-55-illustrations\/#breadcrumb","itemListElement":[{"@type":"ListItem","position":1,"name":"Accueil","item":"https:\/\/monguide.net\/"},{"@type":"ListItem","position":2,"name":"Boutique","item":"https:\/\/monguide.net\/shop\/"},{"@type":"ListItem","position":3,"name":"Les fiches outils du webmarketing: 85 fiches op\u00e9rationnelles &#8211; 95 conseils personnalis\u00e9s &#8211; 46 cas pratiques &#8211; 55 illustrations"}]},{"@type":"WebSite","@id":"https:\/\/monguide.net\/#website","url":"https:\/\/monguide.net\/","name":"Mon Guide","description":"La boussole du monde. Tous vos livres et ebook \u00e0 un endroit","publisher":{"@id":"https:\/\/monguide.net\/#organization"},"potentialAction":[{"@type":"SearchAction","target":{"@type":"EntryPoint","urlTemplate":"https:\/\/monguide.net\/?s={search_term_string}"},"query-input":{"@type":"PropertyValueSpecification","valueRequired":true,"valueName":"search_term_string"}}],"inLanguage":"fr-FR"},{"@type":"Organization","@id":"https:\/\/monguide.net\/#organization","name":"Mon Guide","url":"https:\/\/monguide.net\/","logo":{"@type":"ImageObject","inLanguage":"fr-FR","@id":"https:\/\/monguide.net\/#\/schema\/logo\/image\/","url":"https:\/\/monguide.net\/wp-content\/uploads\/2024\/05\/Favicon.png","contentUrl":"https:\/\/monguide.net\/wp-content\/uploads\/2024\/05\/Favicon.png","width":512,"height":512,"caption":"Mon Guide"},"image":{"@id":"https:\/\/monguide.net\/#\/schema\/logo\/image\/"},"sameAs":["https:\/\/web.facebook.com\/profile.php?id=61558559594373&ref=embed_page"]}]}},"jetpack_sharing_enabled":true,"_links":{"self":[{"href":"https:\/\/monguide.net\/fr\/wp-json\/wp\/v2\/product\/18655","targetHints":{"allow":["GET"]}}],"collection":[{"href":"https:\/\/monguide.net\/fr\/wp-json\/wp\/v2\/product"}],"about":[{"href":"https:\/\/monguide.net\/fr\/wp-json\/wp\/v2\/types\/product"}],"replies":[{"embeddable":true,"href":"https:\/\/monguide.net\/fr\/wp-json\/wp\/v2\/comments?post=18655"}],"version-history":[{"count":0,"href":"https:\/\/monguide.net\/fr\/wp-json\/wp\/v2\/product\/18655\/revisions"}],"wp:featuredmedia":[{"embeddable":true,"href":"https:\/\/monguide.net\/fr\/wp-json\/wp\/v2\/media\/18657"}],"wp:attachment":[{"href":"https:\/\/monguide.net\/fr\/wp-json\/wp\/v2\/media?parent=18655"}],"wp:term":[{"taxonomy":"product_cat","embeddable":true,"href":"https:\/\/monguide.net\/fr\/wp-json\/wp\/v2\/product_cat?post=18655"},{"taxonomy":"product_tag","embeddable":true,"href":"https:\/\/monguide.net\/fr\/wp-json\/wp\/v2\/product_tag?post=18655"}],"curies":[{"name":"wp","href":"https:\/\/api.w.org\/{rel}","templated":true}]}}