{"id":18682,"date":"2024-09-21T15:52:36","date_gmt":"2024-09-21T13:52:36","guid":{"rendered":"https:\/\/monguide.net\/?post_type=product&#038;p=18682"},"modified":"2026-03-27T11:35:55","modified_gmt":"2026-03-27T10:35:55","slug":"les-fiches-outils-des-reseaux-sociaux","status":"publish","type":"product","link":"https:\/\/monguide.net\/fr\/produit\/les-fiches-outils-des-reseaux-sociaux\/","title":{"rendered":"Les Fiches Outils Des R\u00e9seaux Sociaux"},"content":{"rendered":"<p>vous permettre de comprendre, ma\u00eetriser et utiliser les principaux r\u00e9seaux sociaux -Faire du marketing par l&#8217;image Blog ou site web Veille, animation, promotion, B\u00e2tir le strat\u00e9gie sur les r\u00e9seaux sociaux, formaliser la politique de conduite du changement et aussi lancer un nouveau produit ou un projet<\/p>\n<p>Format: PDF<\/p>\n<p>Nombre de page: 363<\/p>\n<p>Langue: Fran\u00e7ais<\/p>","protected":false},"excerpt":{"rendered":"<p>Ce guide op\u00e9rationnel complet de 363 pages, au format PDF, disponible uniquement en t\u00e9l\u00e9chargement, propose 91 fiches qui abordent de fa\u00e7on exhaustive l&#8217;univers des r\u00e9seaux sociaux pour une utilisation adapt\u00e9e \u00e0 la pratique professionnelle.<\/p>","protected":false},"featured_media":18684,"comment_status":"open","ping_status":"closed","template":"","meta":[],"product_cat":[55,104,364,127,317],"product_tag":[],"class_list":{"0":"post-18682","1":"product","2":"type-product","3":"status-publish","4":"has-post-thumbnail","6":"product_cat-informatique","7":"product_cat-internet","8":"product_cat-marketing-digital","9":"product_cat-marketing-en-ligne","10":"product_cat-pdf","12":"first","13":"instock","14":"sale","15":"downloadable","16":"shipping-taxable","17":"purchasable","18":"product-type-simple","19":"add-to-wishlist-after_add_to_cart"},"yoast_head":"<!-- This site is optimized with the Yoast SEO plugin v27.4 - https:\/\/yoast.com\/product\/yoast-seo-wordpress\/ -->\n<title>Les Fiches Outils Des R\u00e9seaux Sociaux - Mon Guide<\/title>\n<meta name=\"robots\" content=\"index, follow, max-snippet:-1, max-image-preview:large, max-video-preview:-1\" \/>\n<link rel=\"canonical\" href=\"https:\/\/monguide.net\/fr\/produit\/les-fiches-outils-des-reseaux-sociaux\/\" \/>\n<meta property=\"og:locale\" content=\"fr_FR\" \/>\n<meta property=\"og:type\" content=\"article\" \/>\n<meta property=\"og:title\" content=\"Les Fiches Outils Des R\u00e9seaux Sociaux - Mon Guide\" \/>\n<meta property=\"og:description\" content=\"Ce guide op\u00e9rationnel complet de 363 pages, au format PDF, disponible uniquement en t\u00e9l\u00e9chargement, propose 91 fiches qui abordent de fa\u00e7on exhaustive l&#039;univers des r\u00e9seaux sociaux pour une utilisation adapt\u00e9e \u00e0 la pratique professionnelle.\" \/>\n<meta property=\"og:url\" content=\"https:\/\/monguide.net\/fr\/produit\/les-fiches-outils-des-reseaux-sociaux\/\" \/>\n<meta property=\"og:site_name\" content=\"Mon Guide\" \/>\n<meta property=\"article:publisher\" content=\"https:\/\/web.facebook.com\/profile.php?id=61558559594373&amp;ref=embed_page\" \/>\n<meta property=\"article:modified_time\" content=\"2026-03-27T10:35:55+00:00\" \/>\n<meta property=\"og:image\" content=\"https:\/\/monguide.net\/wp-content\/uploads\/2024\/09\/LES-FICHES-OUTILS-DES-RESEAUX-SOCIAUX.jpg\" \/>\n\t<meta property=\"og:image:width\" content=\"600\" \/>\n\t<meta property=\"og:image:height\" content=\"1000\" \/>\n\t<meta property=\"og:image:type\" content=\"image\/jpeg\" \/>\n<meta name=\"twitter:card\" content=\"summary_large_image\" \/>\n<meta name=\"twitter:label1\" content=\"Dur\u00e9e de lecture estim\u00e9e\" \/>\n\t<meta name=\"twitter:data1\" content=\"1 minute\" \/>\n<script type=\"application\/ld+json\" class=\"yoast-schema-graph\">{\"@context\":\"https:\\\/\\\/schema.org\",\"@graph\":[{\"@type\":\"WebPage\",\"@id\":\"https:\\\/\\\/monguide.net\\\/produit\\\/les-fiches-outils-des-reseaux-sociaux\\\/\",\"url\":\"https:\\\/\\\/monguide.net\\\/produit\\\/les-fiches-outils-des-reseaux-sociaux\\\/\",\"name\":\"Les Fiches Outils Des R\u00e9seaux Sociaux - Mon Guide\",\"isPartOf\":{\"@id\":\"https:\\\/\\\/monguide.net\\\/#website\"},\"primaryImageOfPage\":{\"@id\":\"https:\\\/\\\/monguide.net\\\/produit\\\/les-fiches-outils-des-reseaux-sociaux\\\/#primaryimage\"},\"image\":{\"@id\":\"https:\\\/\\\/monguide.net\\\/produit\\\/les-fiches-outils-des-reseaux-sociaux\\\/#primaryimage\"},\"thumbnailUrl\":\"https:\\\/\\\/monguide.net\\\/wp-content\\\/uploads\\\/2024\\\/09\\\/LES-FICHES-OUTILS-DES-RESEAUX-SOCIAUX.jpg\",\"datePublished\":\"2024-09-21T13:52:36+00:00\",\"dateModified\":\"2026-03-27T10:35:55+00:00\",\"breadcrumb\":{\"@id\":\"https:\\\/\\\/monguide.net\\\/produit\\\/les-fiches-outils-des-reseaux-sociaux\\\/#breadcrumb\"},\"inLanguage\":\"fr-FR\",\"potentialAction\":[{\"@type\":\"ReadAction\",\"target\":[\"https:\\\/\\\/monguide.net\\\/produit\\\/les-fiches-outils-des-reseaux-sociaux\\\/\"]}]},{\"@type\":\"ImageObject\",\"inLanguage\":\"fr-FR\",\"@id\":\"https:\\\/\\\/monguide.net\\\/produit\\\/les-fiches-outils-des-reseaux-sociaux\\\/#primaryimage\",\"url\":\"https:\\\/\\\/monguide.net\\\/wp-content\\\/uploads\\\/2024\\\/09\\\/LES-FICHES-OUTILS-DES-RESEAUX-SOCIAUX.jpg\",\"contentUrl\":\"https:\\\/\\\/monguide.net\\\/wp-content\\\/uploads\\\/2024\\\/09\\\/LES-FICHES-OUTILS-DES-RESEAUX-SOCIAUX.jpg\",\"width\":600,\"height\":1000},{\"@type\":\"BreadcrumbList\",\"@id\":\"https:\\\/\\\/monguide.net\\\/produit\\\/les-fiches-outils-des-reseaux-sociaux\\\/#breadcrumb\",\"itemListElement\":[{\"@type\":\"ListItem\",\"position\":1,\"name\":\"Accueil\",\"item\":\"https:\\\/\\\/monguide.net\\\/\"},{\"@type\":\"ListItem\",\"position\":2,\"name\":\"Boutique\",\"item\":\"https:\\\/\\\/monguide.net\\\/shop\\\/\"},{\"@type\":\"ListItem\",\"position\":3,\"name\":\"Les Fiches Outils Des R\u00e9seaux Sociaux\"}]},{\"@type\":\"WebSite\",\"@id\":\"https:\\\/\\\/monguide.net\\\/#website\",\"url\":\"https:\\\/\\\/monguide.net\\\/\",\"name\":\"Mon Guide\",\"description\":\"La boussole du monde. Tous vos livres et ebook \u00e0 un endroit\",\"publisher\":{\"@id\":\"https:\\\/\\\/monguide.net\\\/#organization\"},\"potentialAction\":[{\"@type\":\"SearchAction\",\"target\":{\"@type\":\"EntryPoint\",\"urlTemplate\":\"https:\\\/\\\/monguide.net\\\/?s={search_term_string}\"},\"query-input\":{\"@type\":\"PropertyValueSpecification\",\"valueRequired\":true,\"valueName\":\"search_term_string\"}}],\"inLanguage\":\"fr-FR\"},{\"@type\":\"Organization\",\"@id\":\"https:\\\/\\\/monguide.net\\\/#organization\",\"name\":\"Mon Guide\",\"url\":\"https:\\\/\\\/monguide.net\\\/\",\"logo\":{\"@type\":\"ImageObject\",\"inLanguage\":\"fr-FR\",\"@id\":\"https:\\\/\\\/monguide.net\\\/#\\\/schema\\\/logo\\\/image\\\/\",\"url\":\"http:\\\/\\\/monguide.net\\\/wp-content\\\/uploads\\\/2024\\\/05\\\/Favicon.png\",\"contentUrl\":\"http:\\\/\\\/monguide.net\\\/wp-content\\\/uploads\\\/2024\\\/05\\\/Favicon.png\",\"width\":512,\"height\":512,\"caption\":\"Mon Guide\"},\"image\":{\"@id\":\"https:\\\/\\\/monguide.net\\\/#\\\/schema\\\/logo\\\/image\\\/\"},\"sameAs\":[\"https:\\\/\\\/web.facebook.com\\\/profile.php?id=61558559594373&ref=embed_page\"]}]}<\/script>\n<!-- \/ Yoast SEO plugin. -->","yoast_head_json":{"title":"Les Fiches Outils Des R\u00e9seaux Sociaux - Mon Guide","robots":{"index":"index","follow":"follow","max-snippet":"max-snippet:-1","max-image-preview":"max-image-preview:large","max-video-preview":"max-video-preview:-1"},"canonical":"https:\/\/monguide.net\/fr\/produit\/les-fiches-outils-des-reseaux-sociaux\/","og_locale":"fr_FR","og_type":"article","og_title":"Les Fiches Outils Des R\u00e9seaux Sociaux - Mon Guide","og_description":"Ce guide op\u00e9rationnel complet de 363 pages, au format PDF, disponible uniquement en t\u00e9l\u00e9chargement, propose 91 fiches qui abordent de fa\u00e7on exhaustive l'univers des r\u00e9seaux sociaux pour une utilisation adapt\u00e9e \u00e0 la pratique professionnelle.","og_url":"https:\/\/monguide.net\/fr\/produit\/les-fiches-outils-des-reseaux-sociaux\/","og_site_name":"Mon Guide","article_publisher":"https:\/\/web.facebook.com\/profile.php?id=61558559594373&ref=embed_page","article_modified_time":"2026-03-27T10:35:55+00:00","og_image":[{"width":600,"height":1000,"url":"https:\/\/monguide.net\/wp-content\/uploads\/2024\/09\/LES-FICHES-OUTILS-DES-RESEAUX-SOCIAUX.jpg","type":"image\/jpeg"}],"twitter_card":"summary_large_image","twitter_misc":{"Dur\u00e9e de lecture estim\u00e9e":"1 minute"},"schema":{"@context":"https:\/\/schema.org","@graph":[{"@type":"WebPage","@id":"https:\/\/monguide.net\/produit\/les-fiches-outils-des-reseaux-sociaux\/","url":"https:\/\/monguide.net\/produit\/les-fiches-outils-des-reseaux-sociaux\/","name":"Les Fiches Outils Des R\u00e9seaux Sociaux - Mon Guide","isPartOf":{"@id":"https:\/\/monguide.net\/#website"},"primaryImageOfPage":{"@id":"https:\/\/monguide.net\/produit\/les-fiches-outils-des-reseaux-sociaux\/#primaryimage"},"image":{"@id":"https:\/\/monguide.net\/produit\/les-fiches-outils-des-reseaux-sociaux\/#primaryimage"},"thumbnailUrl":"https:\/\/monguide.net\/wp-content\/uploads\/2024\/09\/LES-FICHES-OUTILS-DES-RESEAUX-SOCIAUX.jpg","datePublished":"2024-09-21T13:52:36+00:00","dateModified":"2026-03-27T10:35:55+00:00","breadcrumb":{"@id":"https:\/\/monguide.net\/produit\/les-fiches-outils-des-reseaux-sociaux\/#breadcrumb"},"inLanguage":"fr-FR","potentialAction":[{"@type":"ReadAction","target":["https:\/\/monguide.net\/produit\/les-fiches-outils-des-reseaux-sociaux\/"]}]},{"@type":"ImageObject","inLanguage":"fr-FR","@id":"https:\/\/monguide.net\/produit\/les-fiches-outils-des-reseaux-sociaux\/#primaryimage","url":"https:\/\/monguide.net\/wp-content\/uploads\/2024\/09\/LES-FICHES-OUTILS-DES-RESEAUX-SOCIAUX.jpg","contentUrl":"https:\/\/monguide.net\/wp-content\/uploads\/2024\/09\/LES-FICHES-OUTILS-DES-RESEAUX-SOCIAUX.jpg","width":600,"height":1000},{"@type":"BreadcrumbList","@id":"https:\/\/monguide.net\/produit\/les-fiches-outils-des-reseaux-sociaux\/#breadcrumb","itemListElement":[{"@type":"ListItem","position":1,"name":"Accueil","item":"https:\/\/monguide.net\/"},{"@type":"ListItem","position":2,"name":"Boutique","item":"https:\/\/monguide.net\/shop\/"},{"@type":"ListItem","position":3,"name":"Les Fiches Outils Des R\u00e9seaux Sociaux"}]},{"@type":"WebSite","@id":"https:\/\/monguide.net\/#website","url":"https:\/\/monguide.net\/","name":"Mon Guide","description":"La boussole du monde. Tous vos livres et ebook \u00e0 un endroit","publisher":{"@id":"https:\/\/monguide.net\/#organization"},"potentialAction":[{"@type":"SearchAction","target":{"@type":"EntryPoint","urlTemplate":"https:\/\/monguide.net\/?s={search_term_string}"},"query-input":{"@type":"PropertyValueSpecification","valueRequired":true,"valueName":"search_term_string"}}],"inLanguage":"fr-FR"},{"@type":"Organization","@id":"https:\/\/monguide.net\/#organization","name":"Mon Guide","url":"https:\/\/monguide.net\/","logo":{"@type":"ImageObject","inLanguage":"fr-FR","@id":"https:\/\/monguide.net\/#\/schema\/logo\/image\/","url":"https:\/\/monguide.net\/wp-content\/uploads\/2024\/05\/Favicon.png","contentUrl":"https:\/\/monguide.net\/wp-content\/uploads\/2024\/05\/Favicon.png","width":512,"height":512,"caption":"Mon Guide"},"image":{"@id":"https:\/\/monguide.net\/#\/schema\/logo\/image\/"},"sameAs":["https:\/\/web.facebook.com\/profile.php?id=61558559594373&ref=embed_page"]}]}},"jetpack_sharing_enabled":true,"_links":{"self":[{"href":"https:\/\/monguide.net\/fr\/wp-json\/wp\/v2\/product\/18682","targetHints":{"allow":["GET"]}}],"collection":[{"href":"https:\/\/monguide.net\/fr\/wp-json\/wp\/v2\/product"}],"about":[{"href":"https:\/\/monguide.net\/fr\/wp-json\/wp\/v2\/types\/product"}],"replies":[{"embeddable":true,"href":"https:\/\/monguide.net\/fr\/wp-json\/wp\/v2\/comments?post=18682"}],"version-history":[{"count":0,"href":"https:\/\/monguide.net\/fr\/wp-json\/wp\/v2\/product\/18682\/revisions"}],"wp:featuredmedia":[{"embeddable":true,"href":"https:\/\/monguide.net\/fr\/wp-json\/wp\/v2\/media\/18684"}],"wp:attachment":[{"href":"https:\/\/monguide.net\/fr\/wp-json\/wp\/v2\/media?parent=18682"}],"wp:term":[{"taxonomy":"product_cat","embeddable":true,"href":"https:\/\/monguide.net\/fr\/wp-json\/wp\/v2\/product_cat?post=18682"},{"taxonomy":"product_tag","embeddable":true,"href":"https:\/\/monguide.net\/fr\/wp-json\/wp\/v2\/product_tag?post=18682"}],"curies":[{"name":"wp","href":"https:\/\/api.w.org\/{rel}","templated":true}]}}