{"id":18752,"date":"2024-09-27T21:07:56","date_gmt":"2024-09-27T19:07:56","guid":{"rendered":"https:\/\/monguide.net\/?post_type=product&#038;p=18752"},"modified":"2026-03-27T11:35:58","modified_gmt":"2026-03-27T10:35:58","slug":"le-reengineering","status":"publish","type":"product","link":"https:\/\/monguide.net\/fr\/produit\/le-reengineering\/","title":{"rendered":"Le Reengineering"},"content":{"rendered":"<p>Ce que la division du travail a fait, le Reengineering doit le d\u00e9faire. Car nos organisations, fond\u00e9es sur la sp\u00e9cialisation et la r\u00e9p\u00e9titivit\u00e9 du travail d&#8217;une part, la hi\u00e9rarchie et le contr\u00f4le d&#8217;autre part, ne r\u00e9pondent plus aux exigences de notre environnement. Michael Hammer et James Champy proposent donc de r\u00e9inventer l&#8217;entreprise autour de ses processus op\u00e9rationnels, pour r\u00e9aliser des gains de performance majeurs : telle est l&#8217;essence du Reengineering. En reconfigurant transversalement l&#8217;organisation, le Reengineering permet en effet de r\u00e9aliser des gains spectaculaires sur les co\u00fbts, les d\u00e9lais, le service et la qualit\u00e9, et d\u00e9veloppe ainsi un nouvel avantage concurrentiel pour l&#8217;entreprise. Pour parvenir \u00e0 ces r\u00e9sultats, il ne suffit pas de raccommoder l&#8217;existant. Il faut au contraire revoir fondamentalement la nature du travail, remettre en question les r\u00e8gles \u00e9tablies et en d\u00e9finitive tous les aspects de l&#8217;organisation. Comme la plupart des r\u00e9volutions, le Reengineering a des racines profondes et lointaines. Depuis des ann\u00e9es, bien des entreprises ont, en t\u00e2tonnant, exp\u00e9riment\u00e9 ce cheminement. A partir de leurs propres observations de consultants, Hammer et Champy ont d\u00e9velopp\u00e9 et formalis\u00e9 une d\u00e9marche puissante de changement. Best-seller mondial et d\u00e9sormais classique de la litt\u00e9rature manag\u00e9riale, cet ouvrage pr\u00e9sente les principes, les acteurs et les m\u00e9thodes du Reengineering.<\/p>\n<p>Format: PDF<\/p>\n<p>Nombre de page: 249<\/p>\n<p>Langue: Fran\u00e7ais<\/p>","protected":false},"excerpt":{"rendered":"<p>Ce que la division du travail a fait, le Reengineering doit le d\u00e9faire. Car nos organisations, fond\u00e9es sur la sp\u00e9cialisation et la r\u00e9p\u00e9titivit\u00e9 du travail d&#8217;une part, la hi\u00e9rarchie et le contr\u00f4le d&#8217;autre part, ne r\u00e9pondent plus aux exigences de notre environnement. Michael Hammer et James Champy proposent donc de r\u00e9inventer l&#8217;entreprise autour de ses processus op\u00e9rationnels, pour r\u00e9aliser des gains de performance majeurs : telle est l&#8217;essence du Reengineering<\/p>","protected":false},"featured_media":18754,"comment_status":"open","ping_status":"closed","template":"","meta":[],"product_cat":[126,130],"product_tag":[],"class_list":{"0":"post-18752","1":"product","2":"type-product","3":"status-publish","4":"has-post-thumbnail","6":"product_cat-affaires","7":"product_cat-entrepreneuriat","9":"first","10":"instock","11":"sale","12":"downloadable","13":"shipping-taxable","14":"purchasable","15":"product-type-simple","16":"add-to-wishlist-after_add_to_cart"},"yoast_head":"<!-- This site is optimized with the Yoast SEO plugin v27.4 - https:\/\/yoast.com\/product\/yoast-seo-wordpress\/ -->\n<title>Le Reengineering - Mon Guide<\/title>\n<meta name=\"robots\" content=\"index, follow, max-snippet:-1, max-image-preview:large, max-video-preview:-1\" \/>\n<link rel=\"canonical\" href=\"https:\/\/monguide.net\/fr\/produit\/le-reengineering\/\" \/>\n<meta property=\"og:locale\" content=\"fr_FR\" \/>\n<meta property=\"og:type\" content=\"article\" \/>\n<meta property=\"og:title\" content=\"Le Reengineering - Mon Guide\" \/>\n<meta property=\"og:description\" content=\"Ce que la division du travail a fait, le Reengineering doit le d\u00e9faire. Car nos organisations, fond\u00e9es sur la sp\u00e9cialisation et la r\u00e9p\u00e9titivit\u00e9 du travail d&#039;une part, la hi\u00e9rarchie et le contr\u00f4le d&#039;autre part, ne r\u00e9pondent plus aux exigences de notre environnement. Michael Hammer et James Champy proposent donc de r\u00e9inventer l&#039;entreprise autour de ses processus op\u00e9rationnels, pour r\u00e9aliser des gains de performance majeurs : telle est l&#039;essence du Reengineering\" \/>\n<meta property=\"og:url\" content=\"https:\/\/monguide.net\/fr\/produit\/le-reengineering\/\" \/>\n<meta property=\"og:site_name\" content=\"Mon Guide\" \/>\n<meta property=\"article:publisher\" content=\"https:\/\/web.facebook.com\/profile.php?id=61558559594373&amp;ref=embed_page\" \/>\n<meta property=\"article:modified_time\" content=\"2026-03-27T10:35:58+00:00\" \/>\n<meta property=\"og:image\" content=\"https:\/\/monguide.net\/wp-content\/uploads\/2024\/09\/le-ree.jpg\" \/>\n\t<meta property=\"og:image:width\" content=\"948\" \/>\n\t<meta property=\"og:image:height\" content=\"1500\" \/>\n\t<meta property=\"og:image:type\" content=\"image\/jpeg\" \/>\n<meta name=\"twitter:card\" content=\"summary_large_image\" \/>\n<meta name=\"twitter:label1\" content=\"Dur\u00e9e de lecture estim\u00e9e\" \/>\n\t<meta name=\"twitter:data1\" content=\"2 minutes\" \/>\n<script type=\"application\/ld+json\" class=\"yoast-schema-graph\">{\"@context\":\"https:\\\/\\\/schema.org\",\"@graph\":[{\"@type\":\"WebPage\",\"@id\":\"https:\\\/\\\/monguide.net\\\/produit\\\/le-reengineering\\\/\",\"url\":\"https:\\\/\\\/monguide.net\\\/produit\\\/le-reengineering\\\/\",\"name\":\"Le Reengineering - Mon Guide\",\"isPartOf\":{\"@id\":\"https:\\\/\\\/monguide.net\\\/#website\"},\"primaryImageOfPage\":{\"@id\":\"https:\\\/\\\/monguide.net\\\/produit\\\/le-reengineering\\\/#primaryimage\"},\"image\":{\"@id\":\"https:\\\/\\\/monguide.net\\\/produit\\\/le-reengineering\\\/#primaryimage\"},\"thumbnailUrl\":\"https:\\\/\\\/monguide.net\\\/wp-content\\\/uploads\\\/2024\\\/09\\\/le-ree.jpg\",\"datePublished\":\"2024-09-27T19:07:56+00:00\",\"dateModified\":\"2026-03-27T10:35:58+00:00\",\"breadcrumb\":{\"@id\":\"https:\\\/\\\/monguide.net\\\/produit\\\/le-reengineering\\\/#breadcrumb\"},\"inLanguage\":\"fr-FR\",\"potentialAction\":[{\"@type\":\"ReadAction\",\"target\":[\"https:\\\/\\\/monguide.net\\\/produit\\\/le-reengineering\\\/\"]}]},{\"@type\":\"ImageObject\",\"inLanguage\":\"fr-FR\",\"@id\":\"https:\\\/\\\/monguide.net\\\/produit\\\/le-reengineering\\\/#primaryimage\",\"url\":\"https:\\\/\\\/monguide.net\\\/wp-content\\\/uploads\\\/2024\\\/09\\\/le-ree.jpg\",\"contentUrl\":\"https:\\\/\\\/monguide.net\\\/wp-content\\\/uploads\\\/2024\\\/09\\\/le-ree.jpg\",\"width\":948,\"height\":1500},{\"@type\":\"BreadcrumbList\",\"@id\":\"https:\\\/\\\/monguide.net\\\/produit\\\/le-reengineering\\\/#breadcrumb\",\"itemListElement\":[{\"@type\":\"ListItem\",\"position\":1,\"name\":\"Accueil\",\"item\":\"https:\\\/\\\/monguide.net\\\/\"},{\"@type\":\"ListItem\",\"position\":2,\"name\":\"Boutique\",\"item\":\"https:\\\/\\\/monguide.net\\\/shop\\\/\"},{\"@type\":\"ListItem\",\"position\":3,\"name\":\"Le Reengineering\"}]},{\"@type\":\"WebSite\",\"@id\":\"https:\\\/\\\/monguide.net\\\/#website\",\"url\":\"https:\\\/\\\/monguide.net\\\/\",\"name\":\"Mon Guide\",\"description\":\"La boussole du monde. Tous vos livres et ebook \u00e0 un endroit\",\"publisher\":{\"@id\":\"https:\\\/\\\/monguide.net\\\/#organization\"},\"potentialAction\":[{\"@type\":\"SearchAction\",\"target\":{\"@type\":\"EntryPoint\",\"urlTemplate\":\"https:\\\/\\\/monguide.net\\\/?s={search_term_string}\"},\"query-input\":{\"@type\":\"PropertyValueSpecification\",\"valueRequired\":true,\"valueName\":\"search_term_string\"}}],\"inLanguage\":\"fr-FR\"},{\"@type\":\"Organization\",\"@id\":\"https:\\\/\\\/monguide.net\\\/#organization\",\"name\":\"Mon Guide\",\"url\":\"https:\\\/\\\/monguide.net\\\/\",\"logo\":{\"@type\":\"ImageObject\",\"inLanguage\":\"fr-FR\",\"@id\":\"https:\\\/\\\/monguide.net\\\/#\\\/schema\\\/logo\\\/image\\\/\",\"url\":\"http:\\\/\\\/monguide.net\\\/wp-content\\\/uploads\\\/2024\\\/05\\\/Favicon.png\",\"contentUrl\":\"http:\\\/\\\/monguide.net\\\/wp-content\\\/uploads\\\/2024\\\/05\\\/Favicon.png\",\"width\":512,\"height\":512,\"caption\":\"Mon Guide\"},\"image\":{\"@id\":\"https:\\\/\\\/monguide.net\\\/#\\\/schema\\\/logo\\\/image\\\/\"},\"sameAs\":[\"https:\\\/\\\/web.facebook.com\\\/profile.php?id=61558559594373&ref=embed_page\"]}]}<\/script>\n<!-- \/ Yoast SEO plugin. -->","yoast_head_json":{"title":"Le Reengineering - Mon Guide","robots":{"index":"index","follow":"follow","max-snippet":"max-snippet:-1","max-image-preview":"max-image-preview:large","max-video-preview":"max-video-preview:-1"},"canonical":"https:\/\/monguide.net\/fr\/produit\/le-reengineering\/","og_locale":"fr_FR","og_type":"article","og_title":"Le Reengineering - Mon Guide","og_description":"Ce que la division du travail a fait, le Reengineering doit le d\u00e9faire. Car nos organisations, fond\u00e9es sur la sp\u00e9cialisation et la r\u00e9p\u00e9titivit\u00e9 du travail d'une part, la hi\u00e9rarchie et le contr\u00f4le d'autre part, ne r\u00e9pondent plus aux exigences de notre environnement. Michael Hammer et James Champy proposent donc de r\u00e9inventer l'entreprise autour de ses processus op\u00e9rationnels, pour r\u00e9aliser des gains de performance majeurs : telle est l'essence du Reengineering","og_url":"https:\/\/monguide.net\/fr\/produit\/le-reengineering\/","og_site_name":"Mon Guide","article_publisher":"https:\/\/web.facebook.com\/profile.php?id=61558559594373&ref=embed_page","article_modified_time":"2026-03-27T10:35:58+00:00","og_image":[{"width":948,"height":1500,"url":"https:\/\/monguide.net\/wp-content\/uploads\/2024\/09\/le-ree.jpg","type":"image\/jpeg"}],"twitter_card":"summary_large_image","twitter_misc":{"Dur\u00e9e de lecture estim\u00e9e":"2 minutes"},"schema":{"@context":"https:\/\/schema.org","@graph":[{"@type":"WebPage","@id":"https:\/\/monguide.net\/produit\/le-reengineering\/","url":"https:\/\/monguide.net\/produit\/le-reengineering\/","name":"Le Reengineering - Mon Guide","isPartOf":{"@id":"https:\/\/monguide.net\/#website"},"primaryImageOfPage":{"@id":"https:\/\/monguide.net\/produit\/le-reengineering\/#primaryimage"},"image":{"@id":"https:\/\/monguide.net\/produit\/le-reengineering\/#primaryimage"},"thumbnailUrl":"https:\/\/monguide.net\/wp-content\/uploads\/2024\/09\/le-ree.jpg","datePublished":"2024-09-27T19:07:56+00:00","dateModified":"2026-03-27T10:35:58+00:00","breadcrumb":{"@id":"https:\/\/monguide.net\/produit\/le-reengineering\/#breadcrumb"},"inLanguage":"fr-FR","potentialAction":[{"@type":"ReadAction","target":["https:\/\/monguide.net\/produit\/le-reengineering\/"]}]},{"@type":"ImageObject","inLanguage":"fr-FR","@id":"https:\/\/monguide.net\/produit\/le-reengineering\/#primaryimage","url":"https:\/\/monguide.net\/wp-content\/uploads\/2024\/09\/le-ree.jpg","contentUrl":"https:\/\/monguide.net\/wp-content\/uploads\/2024\/09\/le-ree.jpg","width":948,"height":1500},{"@type":"BreadcrumbList","@id":"https:\/\/monguide.net\/produit\/le-reengineering\/#breadcrumb","itemListElement":[{"@type":"ListItem","position":1,"name":"Accueil","item":"https:\/\/monguide.net\/"},{"@type":"ListItem","position":2,"name":"Boutique","item":"https:\/\/monguide.net\/shop\/"},{"@type":"ListItem","position":3,"name":"Le Reengineering"}]},{"@type":"WebSite","@id":"https:\/\/monguide.net\/#website","url":"https:\/\/monguide.net\/","name":"Mon Guide","description":"La boussole du monde. Tous vos livres et ebook \u00e0 un endroit","publisher":{"@id":"https:\/\/monguide.net\/#organization"},"potentialAction":[{"@type":"SearchAction","target":{"@type":"EntryPoint","urlTemplate":"https:\/\/monguide.net\/?s={search_term_string}"},"query-input":{"@type":"PropertyValueSpecification","valueRequired":true,"valueName":"search_term_string"}}],"inLanguage":"fr-FR"},{"@type":"Organization","@id":"https:\/\/monguide.net\/#organization","name":"Mon Guide","url":"https:\/\/monguide.net\/","logo":{"@type":"ImageObject","inLanguage":"fr-FR","@id":"https:\/\/monguide.net\/#\/schema\/logo\/image\/","url":"https:\/\/monguide.net\/wp-content\/uploads\/2024\/05\/Favicon.png","contentUrl":"https:\/\/monguide.net\/wp-content\/uploads\/2024\/05\/Favicon.png","width":512,"height":512,"caption":"Mon Guide"},"image":{"@id":"https:\/\/monguide.net\/#\/schema\/logo\/image\/"},"sameAs":["https:\/\/web.facebook.com\/profile.php?id=61558559594373&ref=embed_page"]}]}},"jetpack_sharing_enabled":true,"_links":{"self":[{"href":"https:\/\/monguide.net\/fr\/wp-json\/wp\/v2\/product\/18752","targetHints":{"allow":["GET"]}}],"collection":[{"href":"https:\/\/monguide.net\/fr\/wp-json\/wp\/v2\/product"}],"about":[{"href":"https:\/\/monguide.net\/fr\/wp-json\/wp\/v2\/types\/product"}],"replies":[{"embeddable":true,"href":"https:\/\/monguide.net\/fr\/wp-json\/wp\/v2\/comments?post=18752"}],"version-history":[{"count":0,"href":"https:\/\/monguide.net\/fr\/wp-json\/wp\/v2\/product\/18752\/revisions"}],"wp:featuredmedia":[{"embeddable":true,"href":"https:\/\/monguide.net\/fr\/wp-json\/wp\/v2\/media\/18754"}],"wp:attachment":[{"href":"https:\/\/monguide.net\/fr\/wp-json\/wp\/v2\/media?parent=18752"}],"wp:term":[{"taxonomy":"product_cat","embeddable":true,"href":"https:\/\/monguide.net\/fr\/wp-json\/wp\/v2\/product_cat?post=18752"},{"taxonomy":"product_tag","embeddable":true,"href":"https:\/\/monguide.net\/fr\/wp-json\/wp\/v2\/product_tag?post=18752"}],"curies":[{"name":"wp","href":"https:\/\/api.w.org\/{rel}","templated":true}]}}