{"id":18803,"date":"2024-09-28T09:19:03","date_gmt":"2024-09-28T07:19:03","guid":{"rendered":"https:\/\/monguide.net\/?post_type=product&#038;p=18803"},"modified":"2026-03-27T11:36:00","modified_gmt":"2026-03-27T10:36:00","slug":"la-gestion-des-risques-2e-ed","status":"publish","type":"product","link":"https:\/\/monguide.net\/fr\/produit\/la-gestion-des-risques-2e-ed\/","title":{"rendered":"La gestion des risques 2e Ed."},"content":{"rendered":"<p>Quels sont les risques auxquels les entreprises sont aujourd&#8217;hui confront\u00e9es ? Comment sont-elles susceptibles de les analyser et de les mesurer ? En quoi l&#8217;\u00e9volution des risques a-t-elle transform\u00e9 le management des organisations ? L&#8217;entr\u00e9e dans le XXIe si\u00e8cle a mis en \u00e9vidence l&#8217;importance des risques dans les soci\u00e9t\u00e9s modernes et en particulier dans les entreprises. Faillite de la gouvernance d&#8217;entreprise, d\u00e9veloppement du risque informationnel avec l&#8217;essor d&#8217;Internet, terrorisme obligent les entreprises \u00e0 investir le champ du management des risques et de la gestion des crises. Cr\u00e9ation d&#8217;une culture du risque, mise en place de cellules de veille&#8230;, les outils ne manquent pas pour comprendre et g\u00e9rer les risques.<\/p>\n<p>Format: PDF<\/p>\n<p>Nombre de page: 160<\/p>\n<p>Langue: Fran\u00e7ais<\/p>","protected":false},"excerpt":{"rendered":"<p>En s&#8217;appuyant sur les r\u00e9f\u00e9rences th\u00e9oriques et sur de nombreux exemples tir\u00e9s de l&#8217;actualit\u00e9 r\u00e9cente, cet ouvrage de 160 pages, au format PDF, disponible uniquement en t\u00e9l\u00e9chargement, apporte des r\u00e9ponses aux \u00e9tudiants en \u00e9conomie et gestion ainsi qu&#8217;aux professionnels du risque.<\/p>","protected":false},"featured_media":18805,"comment_status":"open","ping_status":"closed","template":"","meta":[],"product_cat":[126,130,317],"product_tag":[],"class_list":{"0":"post-18803","1":"product","2":"type-product","3":"status-publish","4":"has-post-thumbnail","6":"product_cat-affaires","7":"product_cat-entrepreneuriat","8":"product_cat-pdf","10":"first","11":"instock","12":"sale","13":"downloadable","14":"shipping-taxable","15":"purchasable","16":"product-type-simple","17":"add-to-wishlist-after_add_to_cart"},"yoast_head":"<!-- This site is optimized with the Yoast SEO plugin v27.4 - https:\/\/yoast.com\/product\/yoast-seo-wordpress\/ -->\n<title>La gestion des risques 2e Ed. - Mon Guide<\/title>\n<meta name=\"robots\" content=\"index, follow, max-snippet:-1, max-image-preview:large, max-video-preview:-1\" \/>\n<link rel=\"canonical\" href=\"https:\/\/monguide.net\/fr\/produit\/la-gestion-des-risques-2e-ed\/\" \/>\n<meta property=\"og:locale\" content=\"fr_FR\" \/>\n<meta property=\"og:type\" content=\"article\" \/>\n<meta property=\"og:title\" content=\"La gestion des risques 2e Ed. - Mon Guide\" \/>\n<meta property=\"og:description\" content=\"En s&#039;appuyant sur les r\u00e9f\u00e9rences th\u00e9oriques et sur de nombreux exemples tir\u00e9s de l&#039;actualit\u00e9 r\u00e9cente, cet ouvrage de 160 pages, au format PDF, disponible uniquement en t\u00e9l\u00e9chargement, apporte des r\u00e9ponses aux \u00e9tudiants en \u00e9conomie et gestion ainsi qu&#039;aux professionnels du risque.\" \/>\n<meta property=\"og:url\" content=\"https:\/\/monguide.net\/fr\/produit\/la-gestion-des-risques-2e-ed\/\" \/>\n<meta property=\"og:site_name\" content=\"Mon Guide\" \/>\n<meta property=\"article:publisher\" content=\"https:\/\/web.facebook.com\/profile.php?id=61558559594373&amp;ref=embed_page\" \/>\n<meta property=\"article:modified_time\" content=\"2026-03-27T10:36:00+00:00\" \/>\n<meta property=\"og:image\" content=\"https:\/\/monguide.net\/wp-content\/uploads\/2024\/09\/la-gestion-des-risques.jpg\" \/>\n\t<meta property=\"og:image:width\" content=\"350\" \/>\n\t<meta property=\"og:image:height\" content=\"500\" \/>\n\t<meta property=\"og:image:type\" content=\"image\/jpeg\" \/>\n<meta name=\"twitter:card\" content=\"summary_large_image\" \/>\n<meta name=\"twitter:label1\" content=\"Dur\u00e9e de lecture estim\u00e9e\" \/>\n\t<meta name=\"twitter:data1\" content=\"1 minute\" \/>\n<script type=\"application\/ld+json\" class=\"yoast-schema-graph\">{\"@context\":\"https:\\\/\\\/schema.org\",\"@graph\":[{\"@type\":\"WebPage\",\"@id\":\"https:\\\/\\\/monguide.net\\\/produit\\\/la-gestion-des-risques-2e-ed\\\/\",\"url\":\"https:\\\/\\\/monguide.net\\\/produit\\\/la-gestion-des-risques-2e-ed\\\/\",\"name\":\"La gestion des risques 2e Ed. - Mon Guide\",\"isPartOf\":{\"@id\":\"https:\\\/\\\/monguide.net\\\/#website\"},\"primaryImageOfPage\":{\"@id\":\"https:\\\/\\\/monguide.net\\\/produit\\\/la-gestion-des-risques-2e-ed\\\/#primaryimage\"},\"image\":{\"@id\":\"https:\\\/\\\/monguide.net\\\/produit\\\/la-gestion-des-risques-2e-ed\\\/#primaryimage\"},\"thumbnailUrl\":\"https:\\\/\\\/monguide.net\\\/wp-content\\\/uploads\\\/2024\\\/09\\\/la-gestion-des-risques.jpg\",\"datePublished\":\"2024-09-28T07:19:03+00:00\",\"dateModified\":\"2026-03-27T10:36:00+00:00\",\"breadcrumb\":{\"@id\":\"https:\\\/\\\/monguide.net\\\/produit\\\/la-gestion-des-risques-2e-ed\\\/#breadcrumb\"},\"inLanguage\":\"fr-FR\",\"potentialAction\":[{\"@type\":\"ReadAction\",\"target\":[\"https:\\\/\\\/monguide.net\\\/produit\\\/la-gestion-des-risques-2e-ed\\\/\"]}]},{\"@type\":\"ImageObject\",\"inLanguage\":\"fr-FR\",\"@id\":\"https:\\\/\\\/monguide.net\\\/produit\\\/la-gestion-des-risques-2e-ed\\\/#primaryimage\",\"url\":\"https:\\\/\\\/monguide.net\\\/wp-content\\\/uploads\\\/2024\\\/09\\\/la-gestion-des-risques.jpg\",\"contentUrl\":\"https:\\\/\\\/monguide.net\\\/wp-content\\\/uploads\\\/2024\\\/09\\\/la-gestion-des-risques.jpg\",\"width\":350,\"height\":500,\"caption\":\"Version 1.0.0\"},{\"@type\":\"BreadcrumbList\",\"@id\":\"https:\\\/\\\/monguide.net\\\/produit\\\/la-gestion-des-risques-2e-ed\\\/#breadcrumb\",\"itemListElement\":[{\"@type\":\"ListItem\",\"position\":1,\"name\":\"Accueil\",\"item\":\"https:\\\/\\\/monguide.net\\\/\"},{\"@type\":\"ListItem\",\"position\":2,\"name\":\"Boutique\",\"item\":\"https:\\\/\\\/monguide.net\\\/shop\\\/\"},{\"@type\":\"ListItem\",\"position\":3,\"name\":\"La gestion des risques 2e Ed.\"}]},{\"@type\":\"WebSite\",\"@id\":\"https:\\\/\\\/monguide.net\\\/#website\",\"url\":\"https:\\\/\\\/monguide.net\\\/\",\"name\":\"Mon Guide\",\"description\":\"La boussole du monde. Tous vos livres et ebook \u00e0 un endroit\",\"publisher\":{\"@id\":\"https:\\\/\\\/monguide.net\\\/#organization\"},\"potentialAction\":[{\"@type\":\"SearchAction\",\"target\":{\"@type\":\"EntryPoint\",\"urlTemplate\":\"https:\\\/\\\/monguide.net\\\/?s={search_term_string}\"},\"query-input\":{\"@type\":\"PropertyValueSpecification\",\"valueRequired\":true,\"valueName\":\"search_term_string\"}}],\"inLanguage\":\"fr-FR\"},{\"@type\":\"Organization\",\"@id\":\"https:\\\/\\\/monguide.net\\\/#organization\",\"name\":\"Mon Guide\",\"url\":\"https:\\\/\\\/monguide.net\\\/\",\"logo\":{\"@type\":\"ImageObject\",\"inLanguage\":\"fr-FR\",\"@id\":\"https:\\\/\\\/monguide.net\\\/#\\\/schema\\\/logo\\\/image\\\/\",\"url\":\"http:\\\/\\\/monguide.net\\\/wp-content\\\/uploads\\\/2024\\\/05\\\/Favicon.png\",\"contentUrl\":\"http:\\\/\\\/monguide.net\\\/wp-content\\\/uploads\\\/2024\\\/05\\\/Favicon.png\",\"width\":512,\"height\":512,\"caption\":\"Mon Guide\"},\"image\":{\"@id\":\"https:\\\/\\\/monguide.net\\\/#\\\/schema\\\/logo\\\/image\\\/\"},\"sameAs\":[\"https:\\\/\\\/web.facebook.com\\\/profile.php?id=61558559594373&ref=embed_page\"]}]}<\/script>\n<!-- \/ Yoast SEO plugin. -->","yoast_head_json":{"title":"La gestion des risques 2e Ed. - Mon Guide","robots":{"index":"index","follow":"follow","max-snippet":"max-snippet:-1","max-image-preview":"max-image-preview:large","max-video-preview":"max-video-preview:-1"},"canonical":"https:\/\/monguide.net\/fr\/produit\/la-gestion-des-risques-2e-ed\/","og_locale":"fr_FR","og_type":"article","og_title":"La gestion des risques 2e Ed. - Mon Guide","og_description":"En s'appuyant sur les r\u00e9f\u00e9rences th\u00e9oriques et sur de nombreux exemples tir\u00e9s de l'actualit\u00e9 r\u00e9cente, cet ouvrage de 160 pages, au format PDF, disponible uniquement en t\u00e9l\u00e9chargement, apporte des r\u00e9ponses aux \u00e9tudiants en \u00e9conomie et gestion ainsi qu'aux professionnels du risque.","og_url":"https:\/\/monguide.net\/fr\/produit\/la-gestion-des-risques-2e-ed\/","og_site_name":"Mon Guide","article_publisher":"https:\/\/web.facebook.com\/profile.php?id=61558559594373&ref=embed_page","article_modified_time":"2026-03-27T10:36:00+00:00","og_image":[{"width":350,"height":500,"url":"https:\/\/monguide.net\/wp-content\/uploads\/2024\/09\/la-gestion-des-risques.jpg","type":"image\/jpeg"}],"twitter_card":"summary_large_image","twitter_misc":{"Dur\u00e9e de lecture estim\u00e9e":"1 minute"},"schema":{"@context":"https:\/\/schema.org","@graph":[{"@type":"WebPage","@id":"https:\/\/monguide.net\/produit\/la-gestion-des-risques-2e-ed\/","url":"https:\/\/monguide.net\/produit\/la-gestion-des-risques-2e-ed\/","name":"La gestion des risques 2e Ed. - Mon Guide","isPartOf":{"@id":"https:\/\/monguide.net\/#website"},"primaryImageOfPage":{"@id":"https:\/\/monguide.net\/produit\/la-gestion-des-risques-2e-ed\/#primaryimage"},"image":{"@id":"https:\/\/monguide.net\/produit\/la-gestion-des-risques-2e-ed\/#primaryimage"},"thumbnailUrl":"https:\/\/monguide.net\/wp-content\/uploads\/2024\/09\/la-gestion-des-risques.jpg","datePublished":"2024-09-28T07:19:03+00:00","dateModified":"2026-03-27T10:36:00+00:00","breadcrumb":{"@id":"https:\/\/monguide.net\/produit\/la-gestion-des-risques-2e-ed\/#breadcrumb"},"inLanguage":"fr-FR","potentialAction":[{"@type":"ReadAction","target":["https:\/\/monguide.net\/produit\/la-gestion-des-risques-2e-ed\/"]}]},{"@type":"ImageObject","inLanguage":"fr-FR","@id":"https:\/\/monguide.net\/produit\/la-gestion-des-risques-2e-ed\/#primaryimage","url":"https:\/\/monguide.net\/wp-content\/uploads\/2024\/09\/la-gestion-des-risques.jpg","contentUrl":"https:\/\/monguide.net\/wp-content\/uploads\/2024\/09\/la-gestion-des-risques.jpg","width":350,"height":500,"caption":"Version 1.0.0"},{"@type":"BreadcrumbList","@id":"https:\/\/monguide.net\/produit\/la-gestion-des-risques-2e-ed\/#breadcrumb","itemListElement":[{"@type":"ListItem","position":1,"name":"Accueil","item":"https:\/\/monguide.net\/"},{"@type":"ListItem","position":2,"name":"Boutique","item":"https:\/\/monguide.net\/shop\/"},{"@type":"ListItem","position":3,"name":"La gestion des risques 2e Ed."}]},{"@type":"WebSite","@id":"https:\/\/monguide.net\/#website","url":"https:\/\/monguide.net\/","name":"Mon Guide","description":"La boussole du monde. Tous vos livres et ebook \u00e0 un endroit","publisher":{"@id":"https:\/\/monguide.net\/#organization"},"potentialAction":[{"@type":"SearchAction","target":{"@type":"EntryPoint","urlTemplate":"https:\/\/monguide.net\/?s={search_term_string}"},"query-input":{"@type":"PropertyValueSpecification","valueRequired":true,"valueName":"search_term_string"}}],"inLanguage":"fr-FR"},{"@type":"Organization","@id":"https:\/\/monguide.net\/#organization","name":"Mon Guide","url":"https:\/\/monguide.net\/","logo":{"@type":"ImageObject","inLanguage":"fr-FR","@id":"https:\/\/monguide.net\/#\/schema\/logo\/image\/","url":"https:\/\/monguide.net\/wp-content\/uploads\/2024\/05\/Favicon.png","contentUrl":"https:\/\/monguide.net\/wp-content\/uploads\/2024\/05\/Favicon.png","width":512,"height":512,"caption":"Mon Guide"},"image":{"@id":"https:\/\/monguide.net\/#\/schema\/logo\/image\/"},"sameAs":["https:\/\/web.facebook.com\/profile.php?id=61558559594373&ref=embed_page"]}]}},"jetpack_sharing_enabled":true,"_links":{"self":[{"href":"https:\/\/monguide.net\/fr\/wp-json\/wp\/v2\/product\/18803","targetHints":{"allow":["GET"]}}],"collection":[{"href":"https:\/\/monguide.net\/fr\/wp-json\/wp\/v2\/product"}],"about":[{"href":"https:\/\/monguide.net\/fr\/wp-json\/wp\/v2\/types\/product"}],"replies":[{"embeddable":true,"href":"https:\/\/monguide.net\/fr\/wp-json\/wp\/v2\/comments?post=18803"}],"version-history":[{"count":0,"href":"https:\/\/monguide.net\/fr\/wp-json\/wp\/v2\/product\/18803\/revisions"}],"wp:featuredmedia":[{"embeddable":true,"href":"https:\/\/monguide.net\/fr\/wp-json\/wp\/v2\/media\/18805"}],"wp:attachment":[{"href":"https:\/\/monguide.net\/fr\/wp-json\/wp\/v2\/media?parent=18803"}],"wp:term":[{"taxonomy":"product_cat","embeddable":true,"href":"https:\/\/monguide.net\/fr\/wp-json\/wp\/v2\/product_cat?post=18803"},{"taxonomy":"product_tag","embeddable":true,"href":"https:\/\/monguide.net\/fr\/wp-json\/wp\/v2\/product_tag?post=18803"}],"curies":[{"name":"wp","href":"https:\/\/api.w.org\/{rel}","templated":true}]}}