{"id":18878,"date":"2024-09-29T13:43:19","date_gmt":"2024-09-29T11:43:19","guid":{"rendered":"https:\/\/monguide.net\/?post_type=product&#038;p=18878"},"modified":"2026-03-27T11:36:02","modified_gmt":"2026-03-27T10:36:02","slug":"qualite-en-production-de-liso-9000-a-six-sigma","status":"publish","type":"product","link":"https:\/\/monguide.net\/fr\/produit\/qualite-en-production-de-liso-9000-a-six-sigma\/","title":{"rendered":"Qualit\u00e9 en production: De l&#8217;ISO 9000 \u00e0 Six Sigma"},"content":{"rendered":"<h4>Un ouvrage de r\u00e9f\u00e9rence et de synth\u00e8se<\/h4>\n<ul class=\"a-unordered-list a-vertical\">\n<li><span class=\"a-list-item\"><span class=\"a-text-bold\">Simple<\/span>\u00a0: les connaissances de base n\u00e9cessaires \u00e0 l&#8217;application des concepts qualit\u00e9 dans une entreprise de production<\/span><\/li>\n<li><span class=\"a-list-item\"><span class=\"a-text-bold\">Global<\/span>\u00a0: un panorama des diff\u00e9rentes m\u00e9thodes utilis\u00e9es dans les entreprises<\/span><\/li>\n<li><span class=\"a-list-item\"><span class=\"a-text-bold\">Op\u00e9rationnel<\/span>\u00a0: les outils indispensables \u00e0 la mise en place d&#8217;un syst\u00e8me qualit\u00e9<\/span><\/li>\n<li><span class=\"a-list-item\"><span class=\"a-text-bold\">Concret et pr\u00e9cis<\/span>\u00a0: de tr\u00e8s nombreux exemples<\/span><\/li>\n<\/ul>\n<p>La qualit\u00e9 est une condition indispensable pour pr\u00e9senter un produit sur le march\u00e9. Pour obtenir cette qualit\u00e9, l&#8217;entreprise doit structurer son organisation autour d&#8217;un mod\u00e8le, souvent la norme ISO 9001. Mais elle doit \u00e9galement mettre en \u009cuvre des m\u00e9thodes et des outils pour accro\u00eetre sa performance.<\/p>\n<p>Ce livre expose les connaissances de base n\u00e9cessaires \u00e0 l&#8217;application des concepts &#8220;qualit\u00e9&#8221; dans une entreprise de production et donne une image globale des diff\u00e9rentes m\u00e9thodes actuellement utilis\u00e9es dans les entreprises.<\/p>\n<p>La premi\u00e8re partie de l&#8217;ouvrage est consacr\u00e9e au syst\u00e8me de management de la qualit\u00e9 fond\u00e9e sur une d\u00e9marche orient\u00e9e client et sur la ma\u00eetrise des processus. Elle aborde notamment le mod\u00e8le ISO 9001, &#8220;Syst\u00e8mes de management de la qualit\u00e9\u00a0: Exigences&#8221;, les r\u00e9f\u00e9rentiels de l&#8217;industrie automobile, la ma\u00eetrise des documents et l&#8217;automa\u00eetrise au niveau du poste de travail.<\/p>\n<p>La seconde partie est ax\u00e9e sur les m\u00e9thodes et les outils de la qualit\u00e9\u00a0: outils de r\u00e9solution de probl\u00e8me, OFD, plans d&#8217;exp\u00e9riences, AMDEC, MSP, contr\u00f4le de r\u00e9ception, fonction m\u00e9trologique (GRR, GUM) et l&#8217;approche &#8220;Six Sigma&#8221; qui permet d&#8217;obtenir l&#8217;am\u00e9lioration par perc\u00e9e.<\/p>\n<p>Format: PDF<\/p>\n<p>Nombre de page: 408<\/p>\n<p>Langue: Fran\u00e7ais<\/p>","protected":false},"excerpt":{"rendered":"<p>Cet ouvrage de 408 pages, au format PDF, disponible uniquement en t\u00e9l\u00e9chargement, s&#8217;adresse ainsi :<\/p>\n<ul class=\"a-unordered-list a-vertical\">\n<li><span class=\"a-list-item\">aux professionnels, cadres et techniciens travaillant dans un contexte de production<\/span><\/li>\n<li><span class=\"a-list-item\">aux enseignants et \u00e9tudiants pour la pr\u00e9paration des BTS, DUT, IUP des secteurs industriels et des \u00e9coles d&#8217;ing\u00e9nieurs.<\/span><\/li>\n<\/ul>","protected":false},"featured_media":18880,"comment_status":"open","ping_status":"closed","template":"","meta":[],"product_cat":[126,130,317],"product_tag":[],"class_list":{"0":"post-18878","1":"product","2":"type-product","3":"status-publish","4":"has-post-thumbnail","6":"product_cat-affaires","7":"product_cat-entrepreneuriat","8":"product_cat-pdf","10":"first","11":"instock","12":"sale","13":"downloadable","14":"shipping-taxable","15":"purchasable","16":"product-type-simple","17":"add-to-wishlist-after_add_to_cart"},"yoast_head":"<!-- This site is optimized with the Yoast SEO plugin v27.4 - https:\/\/yoast.com\/product\/yoast-seo-wordpress\/ -->\n<title>Qualit\u00e9 en production: De l&#039;ISO 9000 \u00e0 Six Sigma - Mon Guide<\/title>\n<meta name=\"robots\" content=\"index, follow, max-snippet:-1, max-image-preview:large, max-video-preview:-1\" \/>\n<link rel=\"canonical\" href=\"https:\/\/monguide.net\/fr\/produit\/qualite-en-production-de-liso-9000-a-six-sigma\/\" \/>\n<meta property=\"og:locale\" content=\"fr_FR\" \/>\n<meta property=\"og:type\" content=\"article\" \/>\n<meta property=\"og:title\" content=\"Qualit\u00e9 en production: De l&#039;ISO 9000 \u00e0 Six Sigma - Mon Guide\" \/>\n<meta property=\"og:description\" content=\"Cet ouvrage de 408 pages, au format PDF, disponible uniquement en t\u00e9l\u00e9chargement, s&#039;adresse ainsi :   aux professionnels, cadres et techniciens travaillant dans un contexte de production  aux enseignants et \u00e9tudiants pour la pr\u00e9paration des BTS, DUT, IUP des secteurs industriels et des \u00e9coles d&#039;ing\u00e9nieurs.\" \/>\n<meta property=\"og:url\" content=\"https:\/\/monguide.net\/fr\/produit\/qualite-en-production-de-liso-9000-a-six-sigma\/\" \/>\n<meta property=\"og:site_name\" content=\"Mon Guide\" \/>\n<meta property=\"article:publisher\" content=\"https:\/\/web.facebook.com\/profile.php?id=61558559594373&amp;ref=embed_page\" \/>\n<meta property=\"article:modified_time\" content=\"2026-03-27T10:36:02+00:00\" \/>\n<meta property=\"og:image\" content=\"https:\/\/monguide.net\/wp-content\/uploads\/2024\/09\/Qualite-en-production.jpg\" \/>\n\t<meta property=\"og:image:width\" content=\"946\" \/>\n\t<meta property=\"og:image:height\" content=\"1360\" \/>\n\t<meta property=\"og:image:type\" content=\"image\/jpeg\" \/>\n<meta name=\"twitter:card\" content=\"summary_large_image\" \/>\n<meta name=\"twitter:label1\" content=\"Dur\u00e9e de lecture estim\u00e9e\" \/>\n\t<meta name=\"twitter:data1\" content=\"2 minutes\" \/>\n<script type=\"application\/ld+json\" class=\"yoast-schema-graph\">{\"@context\":\"https:\\\/\\\/schema.org\",\"@graph\":[{\"@type\":\"WebPage\",\"@id\":\"https:\\\/\\\/monguide.net\\\/produit\\\/qualite-en-production-de-liso-9000-a-six-sigma\\\/\",\"url\":\"https:\\\/\\\/monguide.net\\\/produit\\\/qualite-en-production-de-liso-9000-a-six-sigma\\\/\",\"name\":\"Qualit\u00e9 en production: De l'ISO 9000 \u00e0 Six Sigma - Mon Guide\",\"isPartOf\":{\"@id\":\"https:\\\/\\\/monguide.net\\\/#website\"},\"primaryImageOfPage\":{\"@id\":\"https:\\\/\\\/monguide.net\\\/produit\\\/qualite-en-production-de-liso-9000-a-six-sigma\\\/#primaryimage\"},\"image\":{\"@id\":\"https:\\\/\\\/monguide.net\\\/produit\\\/qualite-en-production-de-liso-9000-a-six-sigma\\\/#primaryimage\"},\"thumbnailUrl\":\"https:\\\/\\\/monguide.net\\\/wp-content\\\/uploads\\\/2024\\\/09\\\/Qualite-en-production.jpg\",\"datePublished\":\"2024-09-29T11:43:19+00:00\",\"dateModified\":\"2026-03-27T10:36:02+00:00\",\"breadcrumb\":{\"@id\":\"https:\\\/\\\/monguide.net\\\/produit\\\/qualite-en-production-de-liso-9000-a-six-sigma\\\/#breadcrumb\"},\"inLanguage\":\"fr-FR\",\"potentialAction\":[{\"@type\":\"ReadAction\",\"target\":[\"https:\\\/\\\/monguide.net\\\/produit\\\/qualite-en-production-de-liso-9000-a-six-sigma\\\/\"]}]},{\"@type\":\"ImageObject\",\"inLanguage\":\"fr-FR\",\"@id\":\"https:\\\/\\\/monguide.net\\\/produit\\\/qualite-en-production-de-liso-9000-a-six-sigma\\\/#primaryimage\",\"url\":\"https:\\\/\\\/monguide.net\\\/wp-content\\\/uploads\\\/2024\\\/09\\\/Qualite-en-production.jpg\",\"contentUrl\":\"https:\\\/\\\/monguide.net\\\/wp-content\\\/uploads\\\/2024\\\/09\\\/Qualite-en-production.jpg\",\"width\":946,\"height\":1360},{\"@type\":\"BreadcrumbList\",\"@id\":\"https:\\\/\\\/monguide.net\\\/produit\\\/qualite-en-production-de-liso-9000-a-six-sigma\\\/#breadcrumb\",\"itemListElement\":[{\"@type\":\"ListItem\",\"position\":1,\"name\":\"Accueil\",\"item\":\"https:\\\/\\\/monguide.net\\\/\"},{\"@type\":\"ListItem\",\"position\":2,\"name\":\"Boutique\",\"item\":\"https:\\\/\\\/monguide.net\\\/shop\\\/\"},{\"@type\":\"ListItem\",\"position\":3,\"name\":\"Qualit\u00e9 en production: De l&#8217;ISO 9000 \u00e0 Six Sigma\"}]},{\"@type\":\"WebSite\",\"@id\":\"https:\\\/\\\/monguide.net\\\/#website\",\"url\":\"https:\\\/\\\/monguide.net\\\/\",\"name\":\"Mon Guide\",\"description\":\"La boussole du monde. Tous vos livres et ebook \u00e0 un endroit\",\"publisher\":{\"@id\":\"https:\\\/\\\/monguide.net\\\/#organization\"},\"potentialAction\":[{\"@type\":\"SearchAction\",\"target\":{\"@type\":\"EntryPoint\",\"urlTemplate\":\"https:\\\/\\\/monguide.net\\\/?s={search_term_string}\"},\"query-input\":{\"@type\":\"PropertyValueSpecification\",\"valueRequired\":true,\"valueName\":\"search_term_string\"}}],\"inLanguage\":\"fr-FR\"},{\"@type\":\"Organization\",\"@id\":\"https:\\\/\\\/monguide.net\\\/#organization\",\"name\":\"Mon Guide\",\"url\":\"https:\\\/\\\/monguide.net\\\/\",\"logo\":{\"@type\":\"ImageObject\",\"inLanguage\":\"fr-FR\",\"@id\":\"https:\\\/\\\/monguide.net\\\/#\\\/schema\\\/logo\\\/image\\\/\",\"url\":\"http:\\\/\\\/monguide.net\\\/wp-content\\\/uploads\\\/2024\\\/05\\\/Favicon.png\",\"contentUrl\":\"http:\\\/\\\/monguide.net\\\/wp-content\\\/uploads\\\/2024\\\/05\\\/Favicon.png\",\"width\":512,\"height\":512,\"caption\":\"Mon Guide\"},\"image\":{\"@id\":\"https:\\\/\\\/monguide.net\\\/#\\\/schema\\\/logo\\\/image\\\/\"},\"sameAs\":[\"https:\\\/\\\/web.facebook.com\\\/profile.php?id=61558559594373&ref=embed_page\"]}]}<\/script>\n<!-- \/ Yoast SEO plugin. -->","yoast_head_json":{"title":"Qualit\u00e9 en production: De l'ISO 9000 \u00e0 Six Sigma - Mon Guide","robots":{"index":"index","follow":"follow","max-snippet":"max-snippet:-1","max-image-preview":"max-image-preview:large","max-video-preview":"max-video-preview:-1"},"canonical":"https:\/\/monguide.net\/fr\/produit\/qualite-en-production-de-liso-9000-a-six-sigma\/","og_locale":"fr_FR","og_type":"article","og_title":"Qualit\u00e9 en production: De l'ISO 9000 \u00e0 Six Sigma - Mon Guide","og_description":"Cet ouvrage de 408 pages, au format PDF, disponible uniquement en t\u00e9l\u00e9chargement, s'adresse ainsi :   aux professionnels, cadres et techniciens travaillant dans un contexte de production  aux enseignants et \u00e9tudiants pour la pr\u00e9paration des BTS, DUT, IUP des secteurs industriels et des \u00e9coles d'ing\u00e9nieurs.","og_url":"https:\/\/monguide.net\/fr\/produit\/qualite-en-production-de-liso-9000-a-six-sigma\/","og_site_name":"Mon Guide","article_publisher":"https:\/\/web.facebook.com\/profile.php?id=61558559594373&ref=embed_page","article_modified_time":"2026-03-27T10:36:02+00:00","og_image":[{"width":946,"height":1360,"url":"https:\/\/monguide.net\/wp-content\/uploads\/2024\/09\/Qualite-en-production.jpg","type":"image\/jpeg"}],"twitter_card":"summary_large_image","twitter_misc":{"Dur\u00e9e de lecture estim\u00e9e":"2 minutes"},"schema":{"@context":"https:\/\/schema.org","@graph":[{"@type":"WebPage","@id":"https:\/\/monguide.net\/produit\/qualite-en-production-de-liso-9000-a-six-sigma\/","url":"https:\/\/monguide.net\/produit\/qualite-en-production-de-liso-9000-a-six-sigma\/","name":"Qualit\u00e9 en production: De l'ISO 9000 \u00e0 Six Sigma - Mon Guide","isPartOf":{"@id":"https:\/\/monguide.net\/#website"},"primaryImageOfPage":{"@id":"https:\/\/monguide.net\/produit\/qualite-en-production-de-liso-9000-a-six-sigma\/#primaryimage"},"image":{"@id":"https:\/\/monguide.net\/produit\/qualite-en-production-de-liso-9000-a-six-sigma\/#primaryimage"},"thumbnailUrl":"https:\/\/monguide.net\/wp-content\/uploads\/2024\/09\/Qualite-en-production.jpg","datePublished":"2024-09-29T11:43:19+00:00","dateModified":"2026-03-27T10:36:02+00:00","breadcrumb":{"@id":"https:\/\/monguide.net\/produit\/qualite-en-production-de-liso-9000-a-six-sigma\/#breadcrumb"},"inLanguage":"fr-FR","potentialAction":[{"@type":"ReadAction","target":["https:\/\/monguide.net\/produit\/qualite-en-production-de-liso-9000-a-six-sigma\/"]}]},{"@type":"ImageObject","inLanguage":"fr-FR","@id":"https:\/\/monguide.net\/produit\/qualite-en-production-de-liso-9000-a-six-sigma\/#primaryimage","url":"https:\/\/monguide.net\/wp-content\/uploads\/2024\/09\/Qualite-en-production.jpg","contentUrl":"https:\/\/monguide.net\/wp-content\/uploads\/2024\/09\/Qualite-en-production.jpg","width":946,"height":1360},{"@type":"BreadcrumbList","@id":"https:\/\/monguide.net\/produit\/qualite-en-production-de-liso-9000-a-six-sigma\/#breadcrumb","itemListElement":[{"@type":"ListItem","position":1,"name":"Accueil","item":"https:\/\/monguide.net\/"},{"@type":"ListItem","position":2,"name":"Boutique","item":"https:\/\/monguide.net\/shop\/"},{"@type":"ListItem","position":3,"name":"Qualit\u00e9 en production: De l&#8217;ISO 9000 \u00e0 Six Sigma"}]},{"@type":"WebSite","@id":"https:\/\/monguide.net\/#website","url":"https:\/\/monguide.net\/","name":"Mon Guide","description":"La boussole du monde. Tous vos livres et ebook \u00e0 un endroit","publisher":{"@id":"https:\/\/monguide.net\/#organization"},"potentialAction":[{"@type":"SearchAction","target":{"@type":"EntryPoint","urlTemplate":"https:\/\/monguide.net\/?s={search_term_string}"},"query-input":{"@type":"PropertyValueSpecification","valueRequired":true,"valueName":"search_term_string"}}],"inLanguage":"fr-FR"},{"@type":"Organization","@id":"https:\/\/monguide.net\/#organization","name":"Mon Guide","url":"https:\/\/monguide.net\/","logo":{"@type":"ImageObject","inLanguage":"fr-FR","@id":"https:\/\/monguide.net\/#\/schema\/logo\/image\/","url":"https:\/\/monguide.net\/wp-content\/uploads\/2024\/05\/Favicon.png","contentUrl":"https:\/\/monguide.net\/wp-content\/uploads\/2024\/05\/Favicon.png","width":512,"height":512,"caption":"Mon Guide"},"image":{"@id":"https:\/\/monguide.net\/#\/schema\/logo\/image\/"},"sameAs":["https:\/\/web.facebook.com\/profile.php?id=61558559594373&ref=embed_page"]}]}},"jetpack_sharing_enabled":true,"_links":{"self":[{"href":"https:\/\/monguide.net\/fr\/wp-json\/wp\/v2\/product\/18878","targetHints":{"allow":["GET"]}}],"collection":[{"href":"https:\/\/monguide.net\/fr\/wp-json\/wp\/v2\/product"}],"about":[{"href":"https:\/\/monguide.net\/fr\/wp-json\/wp\/v2\/types\/product"}],"replies":[{"embeddable":true,"href":"https:\/\/monguide.net\/fr\/wp-json\/wp\/v2\/comments?post=18878"}],"version-history":[{"count":0,"href":"https:\/\/monguide.net\/fr\/wp-json\/wp\/v2\/product\/18878\/revisions"}],"wp:featuredmedia":[{"embeddable":true,"href":"https:\/\/monguide.net\/fr\/wp-json\/wp\/v2\/media\/18880"}],"wp:attachment":[{"href":"https:\/\/monguide.net\/fr\/wp-json\/wp\/v2\/media?parent=18878"}],"wp:term":[{"taxonomy":"product_cat","embeddable":true,"href":"https:\/\/monguide.net\/fr\/wp-json\/wp\/v2\/product_cat?post=18878"},{"taxonomy":"product_tag","embeddable":true,"href":"https:\/\/monguide.net\/fr\/wp-json\/wp\/v2\/product_tag?post=18878"}],"curies":[{"name":"wp","href":"https:\/\/api.w.org\/{rel}","templated":true}]}}