{"id":18882,"date":"2024-09-29T13:54:19","date_gmt":"2024-09-29T11:54:19","guid":{"rendered":"https:\/\/monguide.net\/?post_type=product&#038;p=18882"},"modified":"2026-03-27T11:36:02","modified_gmt":"2026-03-27T10:36:02","slug":"reinventer-lentrepreneuriat-pour-soi-pour-nous-pour-eux","status":"publish","type":"product","link":"https:\/\/monguide.net\/fr\/produit\/reinventer-lentrepreneuriat-pour-soi-pour-nous-pour-eux\/","title":{"rendered":"R\u00e9inventer l&#8217;entrepreneuriat: Pour soi, pour nous, pour eux"},"content":{"rendered":"<p>Cr\u00e9er son entreprise, fonder une coop\u00e9rative, lancer une entreprise d&#8217;insertion&#8230; quelles ressemblances, mais aussi quelles diff\u00e9rences ? Comment distinguer, rep\u00e9rer, mod\u00e9liser, relier les trois logiques de ces engagements, leurs \u00e9volutions possibles voire leurs d\u00e9rives \u00e9vitables, mais aussi leurs coop\u00e9rations r\u00e9elles et leurs hybridations innovantes ? Et si ces trois dimensions tant \u00e9thiques que juridiques structuraient les relations \u00e0 l&#8217;int\u00e9rieur m\u00eame de toute entreprise ?<\/p>\n<p>Format: PDF<\/p>\n<p>Nombre de page: 187<\/p>\n<p>Langue: Fran\u00e7ais<\/p>","protected":false},"excerpt":{"rendered":"<p>Cr\u00e9er son entreprise, fonder une coop\u00e9rative, lancer une entreprise d&#8217;insertion&#8230; quelles ressemblances, mais aussi quelles diff\u00e9rences ? Comment distinguer, rep\u00e9rer, mod\u00e9liser, relier les trois logiques de ces engagements, leurs \u00e9volutions possibles voire leurs d\u00e9rives \u00e9vitables, mais aussi leurs coop\u00e9rations r\u00e9elles et leurs hybridations innovantes ? Et si ces trois dimensions tant \u00e9thiques que juridiques structuraient les relations \u00e0 l&#8217;int\u00e9rieur m\u00eame de toute entreprise ?<\/p>","protected":false},"featured_media":18884,"comment_status":"open","ping_status":"closed","template":"","meta":[],"product_cat":[126,130,317],"product_tag":[],"class_list":{"0":"post-18882","1":"product","2":"type-product","3":"status-publish","4":"has-post-thumbnail","6":"product_cat-affaires","7":"product_cat-entrepreneuriat","8":"product_cat-pdf","10":"first","11":"instock","12":"sale","13":"downloadable","14":"shipping-taxable","15":"purchasable","16":"product-type-simple","17":"add-to-wishlist-after_add_to_cart"},"yoast_head":"<!-- This site is optimized with the Yoast SEO plugin v27.4 - https:\/\/yoast.com\/product\/yoast-seo-wordpress\/ -->\n<title>R\u00e9inventer l&#039;entrepreneuriat: Pour soi, pour nous, pour eux - Mon Guide<\/title>\n<meta name=\"robots\" content=\"index, follow, max-snippet:-1, max-image-preview:large, max-video-preview:-1\" \/>\n<link rel=\"canonical\" href=\"https:\/\/monguide.net\/fr\/produit\/reinventer-lentrepreneuriat-pour-soi-pour-nous-pour-eux\/\" \/>\n<meta property=\"og:locale\" content=\"fr_FR\" \/>\n<meta property=\"og:type\" content=\"article\" \/>\n<meta property=\"og:title\" content=\"R\u00e9inventer l&#039;entrepreneuriat: Pour soi, pour nous, pour eux - Mon Guide\" \/>\n<meta property=\"og:description\" content=\"Cr\u00e9er son entreprise, fonder une coop\u00e9rative, lancer une entreprise d&#039;insertion... quelles ressemblances, mais aussi quelles diff\u00e9rences ? Comment distinguer, rep\u00e9rer, mod\u00e9liser, relier les trois logiques de ces engagements, leurs \u00e9volutions possibles voire leurs d\u00e9rives \u00e9vitables, mais aussi leurs coop\u00e9rations r\u00e9elles et leurs hybridations innovantes ? Et si ces trois dimensions tant \u00e9thiques que juridiques structuraient les relations \u00e0 l&#039;int\u00e9rieur m\u00eame de toute entreprise ?\" \/>\n<meta property=\"og:url\" content=\"https:\/\/monguide.net\/fr\/produit\/reinventer-lentrepreneuriat-pour-soi-pour-nous-pour-eux\/\" \/>\n<meta property=\"og:site_name\" content=\"Mon Guide\" \/>\n<meta property=\"article:publisher\" content=\"https:\/\/web.facebook.com\/profile.php?id=61558559594373&amp;ref=embed_page\" \/>\n<meta property=\"article:modified_time\" content=\"2026-03-27T10:36:02+00:00\" \/>\n<meta property=\"og:image\" content=\"https:\/\/monguide.net\/wp-content\/uploads\/2024\/09\/Reinventer-lentreprenariat.jpg\" \/>\n\t<meta property=\"og:image:width\" content=\"999\" \/>\n\t<meta property=\"og:image:height\" content=\"1500\" \/>\n\t<meta property=\"og:image:type\" content=\"image\/jpeg\" \/>\n<meta name=\"twitter:card\" content=\"summary_large_image\" \/>\n<meta name=\"twitter:label1\" content=\"Dur\u00e9e de lecture estim\u00e9e\" \/>\n\t<meta name=\"twitter:data1\" content=\"1 minute\" \/>\n<script type=\"application\/ld+json\" class=\"yoast-schema-graph\">{\"@context\":\"https:\\\/\\\/schema.org\",\"@graph\":[{\"@type\":\"WebPage\",\"@id\":\"https:\\\/\\\/monguide.net\\\/produit\\\/reinventer-lentrepreneuriat-pour-soi-pour-nous-pour-eux\\\/\",\"url\":\"https:\\\/\\\/monguide.net\\\/produit\\\/reinventer-lentrepreneuriat-pour-soi-pour-nous-pour-eux\\\/\",\"name\":\"R\u00e9inventer l'entrepreneuriat: Pour soi, pour nous, pour eux - Mon Guide\",\"isPartOf\":{\"@id\":\"https:\\\/\\\/monguide.net\\\/#website\"},\"primaryImageOfPage\":{\"@id\":\"https:\\\/\\\/monguide.net\\\/produit\\\/reinventer-lentrepreneuriat-pour-soi-pour-nous-pour-eux\\\/#primaryimage\"},\"image\":{\"@id\":\"https:\\\/\\\/monguide.net\\\/produit\\\/reinventer-lentrepreneuriat-pour-soi-pour-nous-pour-eux\\\/#primaryimage\"},\"thumbnailUrl\":\"https:\\\/\\\/monguide.net\\\/wp-content\\\/uploads\\\/2024\\\/09\\\/Reinventer-lentreprenariat.jpg\",\"datePublished\":\"2024-09-29T11:54:19+00:00\",\"dateModified\":\"2026-03-27T10:36:02+00:00\",\"breadcrumb\":{\"@id\":\"https:\\\/\\\/monguide.net\\\/produit\\\/reinventer-lentrepreneuriat-pour-soi-pour-nous-pour-eux\\\/#breadcrumb\"},\"inLanguage\":\"fr-FR\",\"potentialAction\":[{\"@type\":\"ReadAction\",\"target\":[\"https:\\\/\\\/monguide.net\\\/produit\\\/reinventer-lentrepreneuriat-pour-soi-pour-nous-pour-eux\\\/\"]}]},{\"@type\":\"ImageObject\",\"inLanguage\":\"fr-FR\",\"@id\":\"https:\\\/\\\/monguide.net\\\/produit\\\/reinventer-lentrepreneuriat-pour-soi-pour-nous-pour-eux\\\/#primaryimage\",\"url\":\"https:\\\/\\\/monguide.net\\\/wp-content\\\/uploads\\\/2024\\\/09\\\/Reinventer-lentreprenariat.jpg\",\"contentUrl\":\"https:\\\/\\\/monguide.net\\\/wp-content\\\/uploads\\\/2024\\\/09\\\/Reinventer-lentreprenariat.jpg\",\"width\":999,\"height\":1500},{\"@type\":\"BreadcrumbList\",\"@id\":\"https:\\\/\\\/monguide.net\\\/produit\\\/reinventer-lentrepreneuriat-pour-soi-pour-nous-pour-eux\\\/#breadcrumb\",\"itemListElement\":[{\"@type\":\"ListItem\",\"position\":1,\"name\":\"Accueil\",\"item\":\"https:\\\/\\\/monguide.net\\\/\"},{\"@type\":\"ListItem\",\"position\":2,\"name\":\"Boutique\",\"item\":\"https:\\\/\\\/monguide.net\\\/shop\\\/\"},{\"@type\":\"ListItem\",\"position\":3,\"name\":\"R\u00e9inventer l&#8217;entrepreneuriat: Pour soi, pour nous, pour eux\"}]},{\"@type\":\"WebSite\",\"@id\":\"https:\\\/\\\/monguide.net\\\/#website\",\"url\":\"https:\\\/\\\/monguide.net\\\/\",\"name\":\"Mon Guide\",\"description\":\"La boussole du monde. Tous vos livres et ebook \u00e0 un endroit\",\"publisher\":{\"@id\":\"https:\\\/\\\/monguide.net\\\/#organization\"},\"potentialAction\":[{\"@type\":\"SearchAction\",\"target\":{\"@type\":\"EntryPoint\",\"urlTemplate\":\"https:\\\/\\\/monguide.net\\\/?s={search_term_string}\"},\"query-input\":{\"@type\":\"PropertyValueSpecification\",\"valueRequired\":true,\"valueName\":\"search_term_string\"}}],\"inLanguage\":\"fr-FR\"},{\"@type\":\"Organization\",\"@id\":\"https:\\\/\\\/monguide.net\\\/#organization\",\"name\":\"Mon Guide\",\"url\":\"https:\\\/\\\/monguide.net\\\/\",\"logo\":{\"@type\":\"ImageObject\",\"inLanguage\":\"fr-FR\",\"@id\":\"https:\\\/\\\/monguide.net\\\/#\\\/schema\\\/logo\\\/image\\\/\",\"url\":\"http:\\\/\\\/monguide.net\\\/wp-content\\\/uploads\\\/2024\\\/05\\\/Favicon.png\",\"contentUrl\":\"http:\\\/\\\/monguide.net\\\/wp-content\\\/uploads\\\/2024\\\/05\\\/Favicon.png\",\"width\":512,\"height\":512,\"caption\":\"Mon Guide\"},\"image\":{\"@id\":\"https:\\\/\\\/monguide.net\\\/#\\\/schema\\\/logo\\\/image\\\/\"},\"sameAs\":[\"https:\\\/\\\/web.facebook.com\\\/profile.php?id=61558559594373&ref=embed_page\"]}]}<\/script>\n<!-- \/ Yoast SEO plugin. -->","yoast_head_json":{"title":"R\u00e9inventer l'entrepreneuriat: Pour soi, pour nous, pour eux - Mon Guide","robots":{"index":"index","follow":"follow","max-snippet":"max-snippet:-1","max-image-preview":"max-image-preview:large","max-video-preview":"max-video-preview:-1"},"canonical":"https:\/\/monguide.net\/fr\/produit\/reinventer-lentrepreneuriat-pour-soi-pour-nous-pour-eux\/","og_locale":"fr_FR","og_type":"article","og_title":"R\u00e9inventer l'entrepreneuriat: Pour soi, pour nous, pour eux - Mon Guide","og_description":"Cr\u00e9er son entreprise, fonder une coop\u00e9rative, lancer une entreprise d'insertion... quelles ressemblances, mais aussi quelles diff\u00e9rences ? Comment distinguer, rep\u00e9rer, mod\u00e9liser, relier les trois logiques de ces engagements, leurs \u00e9volutions possibles voire leurs d\u00e9rives \u00e9vitables, mais aussi leurs coop\u00e9rations r\u00e9elles et leurs hybridations innovantes ? Et si ces trois dimensions tant \u00e9thiques que juridiques structuraient les relations \u00e0 l'int\u00e9rieur m\u00eame de toute entreprise ?","og_url":"https:\/\/monguide.net\/fr\/produit\/reinventer-lentrepreneuriat-pour-soi-pour-nous-pour-eux\/","og_site_name":"Mon Guide","article_publisher":"https:\/\/web.facebook.com\/profile.php?id=61558559594373&ref=embed_page","article_modified_time":"2026-03-27T10:36:02+00:00","og_image":[{"width":999,"height":1500,"url":"https:\/\/monguide.net\/wp-content\/uploads\/2024\/09\/Reinventer-lentreprenariat.jpg","type":"image\/jpeg"}],"twitter_card":"summary_large_image","twitter_misc":{"Dur\u00e9e de lecture estim\u00e9e":"1 minute"},"schema":{"@context":"https:\/\/schema.org","@graph":[{"@type":"WebPage","@id":"https:\/\/monguide.net\/produit\/reinventer-lentrepreneuriat-pour-soi-pour-nous-pour-eux\/","url":"https:\/\/monguide.net\/produit\/reinventer-lentrepreneuriat-pour-soi-pour-nous-pour-eux\/","name":"R\u00e9inventer l'entrepreneuriat: Pour soi, pour nous, pour eux - Mon Guide","isPartOf":{"@id":"https:\/\/monguide.net\/#website"},"primaryImageOfPage":{"@id":"https:\/\/monguide.net\/produit\/reinventer-lentrepreneuriat-pour-soi-pour-nous-pour-eux\/#primaryimage"},"image":{"@id":"https:\/\/monguide.net\/produit\/reinventer-lentrepreneuriat-pour-soi-pour-nous-pour-eux\/#primaryimage"},"thumbnailUrl":"https:\/\/monguide.net\/wp-content\/uploads\/2024\/09\/Reinventer-lentreprenariat.jpg","datePublished":"2024-09-29T11:54:19+00:00","dateModified":"2026-03-27T10:36:02+00:00","breadcrumb":{"@id":"https:\/\/monguide.net\/produit\/reinventer-lentrepreneuriat-pour-soi-pour-nous-pour-eux\/#breadcrumb"},"inLanguage":"fr-FR","potentialAction":[{"@type":"ReadAction","target":["https:\/\/monguide.net\/produit\/reinventer-lentrepreneuriat-pour-soi-pour-nous-pour-eux\/"]}]},{"@type":"ImageObject","inLanguage":"fr-FR","@id":"https:\/\/monguide.net\/produit\/reinventer-lentrepreneuriat-pour-soi-pour-nous-pour-eux\/#primaryimage","url":"https:\/\/monguide.net\/wp-content\/uploads\/2024\/09\/Reinventer-lentreprenariat.jpg","contentUrl":"https:\/\/monguide.net\/wp-content\/uploads\/2024\/09\/Reinventer-lentreprenariat.jpg","width":999,"height":1500},{"@type":"BreadcrumbList","@id":"https:\/\/monguide.net\/produit\/reinventer-lentrepreneuriat-pour-soi-pour-nous-pour-eux\/#breadcrumb","itemListElement":[{"@type":"ListItem","position":1,"name":"Accueil","item":"https:\/\/monguide.net\/"},{"@type":"ListItem","position":2,"name":"Boutique","item":"https:\/\/monguide.net\/shop\/"},{"@type":"ListItem","position":3,"name":"R\u00e9inventer l&#8217;entrepreneuriat: Pour soi, pour nous, pour eux"}]},{"@type":"WebSite","@id":"https:\/\/monguide.net\/#website","url":"https:\/\/monguide.net\/","name":"Mon Guide","description":"La boussole du monde. Tous vos livres et ebook \u00e0 un endroit","publisher":{"@id":"https:\/\/monguide.net\/#organization"},"potentialAction":[{"@type":"SearchAction","target":{"@type":"EntryPoint","urlTemplate":"https:\/\/monguide.net\/?s={search_term_string}"},"query-input":{"@type":"PropertyValueSpecification","valueRequired":true,"valueName":"search_term_string"}}],"inLanguage":"fr-FR"},{"@type":"Organization","@id":"https:\/\/monguide.net\/#organization","name":"Mon Guide","url":"https:\/\/monguide.net\/","logo":{"@type":"ImageObject","inLanguage":"fr-FR","@id":"https:\/\/monguide.net\/#\/schema\/logo\/image\/","url":"https:\/\/monguide.net\/wp-content\/uploads\/2024\/05\/Favicon.png","contentUrl":"https:\/\/monguide.net\/wp-content\/uploads\/2024\/05\/Favicon.png","width":512,"height":512,"caption":"Mon Guide"},"image":{"@id":"https:\/\/monguide.net\/#\/schema\/logo\/image\/"},"sameAs":["https:\/\/web.facebook.com\/profile.php?id=61558559594373&ref=embed_page"]}]}},"jetpack_sharing_enabled":true,"_links":{"self":[{"href":"https:\/\/monguide.net\/fr\/wp-json\/wp\/v2\/product\/18882","targetHints":{"allow":["GET"]}}],"collection":[{"href":"https:\/\/monguide.net\/fr\/wp-json\/wp\/v2\/product"}],"about":[{"href":"https:\/\/monguide.net\/fr\/wp-json\/wp\/v2\/types\/product"}],"replies":[{"embeddable":true,"href":"https:\/\/monguide.net\/fr\/wp-json\/wp\/v2\/comments?post=18882"}],"version-history":[{"count":0,"href":"https:\/\/monguide.net\/fr\/wp-json\/wp\/v2\/product\/18882\/revisions"}],"wp:featuredmedia":[{"embeddable":true,"href":"https:\/\/monguide.net\/fr\/wp-json\/wp\/v2\/media\/18884"}],"wp:attachment":[{"href":"https:\/\/monguide.net\/fr\/wp-json\/wp\/v2\/media?parent=18882"}],"wp:term":[{"taxonomy":"product_cat","embeddable":true,"href":"https:\/\/monguide.net\/fr\/wp-json\/wp\/v2\/product_cat?post=18882"},{"taxonomy":"product_tag","embeddable":true,"href":"https:\/\/monguide.net\/fr\/wp-json\/wp\/v2\/product_tag?post=18882"}],"curies":[{"name":"wp","href":"https:\/\/api.w.org\/{rel}","templated":true}]}}