{"id":18894,"date":"2024-09-29T18:17:23","date_gmt":"2024-09-29T16:17:23","guid":{"rendered":"https:\/\/monguide.net\/?post_type=product&#038;p=18894"},"modified":"2026-03-27T11:36:03","modified_gmt":"2026-03-27T10:36:03","slug":"comment-les-riches-detruisent-la-planete","status":"publish","type":"product","link":"https:\/\/monguide.net\/fr\/produit\/comment-les-riches-detruisent-la-planete\/","title":{"rendered":"Comment les riches d\u00e9truisent la plan\u00e8te"},"content":{"rendered":"<p>Nous sommes \u00e0 un moment de l&#8217;Histoire qui pose un d\u00e9fi radicalement nouveau \u00e0 l&#8217;esp\u00e8ce humaine : pour la premi\u00e8re fois, son prodigieux dynamisme se heurte aux limites de la biosph\u00e8re et met en danger son avenir. Vivre ce moment signifie que nous devons trouver collectivement les moyens d&#8217;orienter diff\u00e9remment cette \u00e9nergie humaine et cette volont\u00e9 de progr\u00e8s. C&#8217;est un d\u00e9fi magnifique, mais redoutable.<\/p>\n<p>Format: PDF<\/p>\n<p>Nombre de page: 149<\/p>\n<p>Langue: Fran\u00e7ais<\/p>","protected":false},"excerpt":{"rendered":"<p>Nous sommes \u00e0 un moment de l&#8217;Histoire qui pose un d\u00e9fi radicalement nouveau \u00e0 l&#8217;esp\u00e8ce humaine : pour la premi\u00e8re fois, son prodigieux dynamisme se heurte aux limites de la biosph\u00e8re et met en danger son avenir. Vivre ce moment signifie que nous devons trouver collectivement les moyens d&#8217;orienter diff\u00e9remment cette \u00e9nergie humaine et cette volont\u00e9 de progr\u00e8s. C&#8217;est un d\u00e9fi magnifique, mais redoutable.<\/p>","protected":false},"featured_media":18896,"comment_status":"open","ping_status":"closed","template":"","meta":[],"product_cat":[317,379],"product_tag":[],"class_list":{"0":"post-18894","1":"product","2":"type-product","3":"status-publish","4":"has-post-thumbnail","6":"product_cat-pdf","7":"product_cat-politique","9":"first","10":"instock","11":"sale","12":"downloadable","13":"shipping-taxable","14":"purchasable","15":"product-type-simple","16":"add-to-wishlist-after_add_to_cart"},"yoast_head":"<!-- This site is optimized with the Yoast SEO plugin v27.4 - https:\/\/yoast.com\/product\/yoast-seo-wordpress\/ -->\n<title>Comment les riches d\u00e9truisent la plan\u00e8te - Mon Guide<\/title>\n<meta name=\"robots\" content=\"index, follow, max-snippet:-1, max-image-preview:large, max-video-preview:-1\" \/>\n<link rel=\"canonical\" href=\"https:\/\/monguide.net\/fr\/produit\/comment-les-riches-detruisent-la-planete\/\" \/>\n<meta property=\"og:locale\" content=\"fr_FR\" \/>\n<meta property=\"og:type\" content=\"article\" \/>\n<meta property=\"og:title\" content=\"Comment les riches d\u00e9truisent la plan\u00e8te - Mon Guide\" \/>\n<meta property=\"og:description\" content=\"Nous sommes \u00e0 un moment de l&#039;Histoire qui pose un d\u00e9fi radicalement nouveau \u00e0 l&#039;esp\u00e8ce humaine : pour la premi\u00e8re fois, son prodigieux dynamisme se heurte aux limites de la biosph\u00e8re et met en danger son avenir. Vivre ce moment signifie que nous devons trouver collectivement les moyens d&#039;orienter diff\u00e9remment cette \u00e9nergie humaine et cette volont\u00e9 de progr\u00e8s. C&#039;est un d\u00e9fi magnifique, mais redoutable.\" \/>\n<meta property=\"og:url\" content=\"https:\/\/monguide.net\/fr\/produit\/comment-les-riches-detruisent-la-planete\/\" \/>\n<meta property=\"og:site_name\" content=\"Mon Guide\" \/>\n<meta property=\"article:publisher\" content=\"https:\/\/web.facebook.com\/profile.php?id=61558559594373&amp;ref=embed_page\" \/>\n<meta property=\"article:modified_time\" content=\"2026-03-27T10:36:03+00:00\" \/>\n<meta property=\"og:image\" content=\"https:\/\/monguide.net\/wp-content\/uploads\/2024\/09\/Comment-les-riches-detruisent-la-planete.jpg\" \/>\n\t<meta property=\"og:image:width\" content=\"1025\" \/>\n\t<meta property=\"og:image:height\" content=\"1500\" \/>\n\t<meta property=\"og:image:type\" content=\"image\/jpeg\" \/>\n<meta name=\"twitter:card\" content=\"summary_large_image\" \/>\n<meta name=\"twitter:label1\" content=\"Dur\u00e9e de lecture estim\u00e9e\" \/>\n\t<meta name=\"twitter:data1\" content=\"1 minute\" \/>\n<script type=\"application\/ld+json\" class=\"yoast-schema-graph\">{\"@context\":\"https:\\\/\\\/schema.org\",\"@graph\":[{\"@type\":\"WebPage\",\"@id\":\"https:\\\/\\\/monguide.net\\\/produit\\\/comment-les-riches-detruisent-la-planete\\\/\",\"url\":\"https:\\\/\\\/monguide.net\\\/produit\\\/comment-les-riches-detruisent-la-planete\\\/\",\"name\":\"Comment les riches d\u00e9truisent la plan\u00e8te - Mon Guide\",\"isPartOf\":{\"@id\":\"https:\\\/\\\/monguide.net\\\/#website\"},\"primaryImageOfPage\":{\"@id\":\"https:\\\/\\\/monguide.net\\\/produit\\\/comment-les-riches-detruisent-la-planete\\\/#primaryimage\"},\"image\":{\"@id\":\"https:\\\/\\\/monguide.net\\\/produit\\\/comment-les-riches-detruisent-la-planete\\\/#primaryimage\"},\"thumbnailUrl\":\"https:\\\/\\\/monguide.net\\\/wp-content\\\/uploads\\\/2024\\\/09\\\/Comment-les-riches-detruisent-la-planete.jpg\",\"datePublished\":\"2024-09-29T16:17:23+00:00\",\"dateModified\":\"2026-03-27T10:36:03+00:00\",\"breadcrumb\":{\"@id\":\"https:\\\/\\\/monguide.net\\\/produit\\\/comment-les-riches-detruisent-la-planete\\\/#breadcrumb\"},\"inLanguage\":\"fr-FR\",\"potentialAction\":[{\"@type\":\"ReadAction\",\"target\":[\"https:\\\/\\\/monguide.net\\\/produit\\\/comment-les-riches-detruisent-la-planete\\\/\"]}]},{\"@type\":\"ImageObject\",\"inLanguage\":\"fr-FR\",\"@id\":\"https:\\\/\\\/monguide.net\\\/produit\\\/comment-les-riches-detruisent-la-planete\\\/#primaryimage\",\"url\":\"https:\\\/\\\/monguide.net\\\/wp-content\\\/uploads\\\/2024\\\/09\\\/Comment-les-riches-detruisent-la-planete.jpg\",\"contentUrl\":\"https:\\\/\\\/monguide.net\\\/wp-content\\\/uploads\\\/2024\\\/09\\\/Comment-les-riches-detruisent-la-planete.jpg\",\"width\":1025,\"height\":1500},{\"@type\":\"BreadcrumbList\",\"@id\":\"https:\\\/\\\/monguide.net\\\/produit\\\/comment-les-riches-detruisent-la-planete\\\/#breadcrumb\",\"itemListElement\":[{\"@type\":\"ListItem\",\"position\":1,\"name\":\"Accueil\",\"item\":\"https:\\\/\\\/monguide.net\\\/\"},{\"@type\":\"ListItem\",\"position\":2,\"name\":\"Boutique\",\"item\":\"https:\\\/\\\/monguide.net\\\/shop\\\/\"},{\"@type\":\"ListItem\",\"position\":3,\"name\":\"Comment les riches d\u00e9truisent la plan\u00e8te\"}]},{\"@type\":\"WebSite\",\"@id\":\"https:\\\/\\\/monguide.net\\\/#website\",\"url\":\"https:\\\/\\\/monguide.net\\\/\",\"name\":\"Mon Guide\",\"description\":\"La boussole du monde. Tous vos livres et ebook \u00e0 un endroit\",\"publisher\":{\"@id\":\"https:\\\/\\\/monguide.net\\\/#organization\"},\"potentialAction\":[{\"@type\":\"SearchAction\",\"target\":{\"@type\":\"EntryPoint\",\"urlTemplate\":\"https:\\\/\\\/monguide.net\\\/?s={search_term_string}\"},\"query-input\":{\"@type\":\"PropertyValueSpecification\",\"valueRequired\":true,\"valueName\":\"search_term_string\"}}],\"inLanguage\":\"fr-FR\"},{\"@type\":\"Organization\",\"@id\":\"https:\\\/\\\/monguide.net\\\/#organization\",\"name\":\"Mon Guide\",\"url\":\"https:\\\/\\\/monguide.net\\\/\",\"logo\":{\"@type\":\"ImageObject\",\"inLanguage\":\"fr-FR\",\"@id\":\"https:\\\/\\\/monguide.net\\\/#\\\/schema\\\/logo\\\/image\\\/\",\"url\":\"http:\\\/\\\/monguide.net\\\/wp-content\\\/uploads\\\/2024\\\/05\\\/Favicon.png\",\"contentUrl\":\"http:\\\/\\\/monguide.net\\\/wp-content\\\/uploads\\\/2024\\\/05\\\/Favicon.png\",\"width\":512,\"height\":512,\"caption\":\"Mon Guide\"},\"image\":{\"@id\":\"https:\\\/\\\/monguide.net\\\/#\\\/schema\\\/logo\\\/image\\\/\"},\"sameAs\":[\"https:\\\/\\\/web.facebook.com\\\/profile.php?id=61558559594373&ref=embed_page\"]}]}<\/script>\n<!-- \/ Yoast SEO plugin. -->","yoast_head_json":{"title":"Comment les riches d\u00e9truisent la plan\u00e8te - Mon Guide","robots":{"index":"index","follow":"follow","max-snippet":"max-snippet:-1","max-image-preview":"max-image-preview:large","max-video-preview":"max-video-preview:-1"},"canonical":"https:\/\/monguide.net\/fr\/produit\/comment-les-riches-detruisent-la-planete\/","og_locale":"fr_FR","og_type":"article","og_title":"Comment les riches d\u00e9truisent la plan\u00e8te - Mon Guide","og_description":"Nous sommes \u00e0 un moment de l'Histoire qui pose un d\u00e9fi radicalement nouveau \u00e0 l'esp\u00e8ce humaine : pour la premi\u00e8re fois, son prodigieux dynamisme se heurte aux limites de la biosph\u00e8re et met en danger son avenir. Vivre ce moment signifie que nous devons trouver collectivement les moyens d'orienter diff\u00e9remment cette \u00e9nergie humaine et cette volont\u00e9 de progr\u00e8s. C'est un d\u00e9fi magnifique, mais redoutable.","og_url":"https:\/\/monguide.net\/fr\/produit\/comment-les-riches-detruisent-la-planete\/","og_site_name":"Mon Guide","article_publisher":"https:\/\/web.facebook.com\/profile.php?id=61558559594373&ref=embed_page","article_modified_time":"2026-03-27T10:36:03+00:00","og_image":[{"width":1025,"height":1500,"url":"https:\/\/monguide.net\/wp-content\/uploads\/2024\/09\/Comment-les-riches-detruisent-la-planete.jpg","type":"image\/jpeg"}],"twitter_card":"summary_large_image","twitter_misc":{"Dur\u00e9e de lecture estim\u00e9e":"1 minute"},"schema":{"@context":"https:\/\/schema.org","@graph":[{"@type":"WebPage","@id":"https:\/\/monguide.net\/produit\/comment-les-riches-detruisent-la-planete\/","url":"https:\/\/monguide.net\/produit\/comment-les-riches-detruisent-la-planete\/","name":"Comment les riches d\u00e9truisent la plan\u00e8te - Mon Guide","isPartOf":{"@id":"https:\/\/monguide.net\/#website"},"primaryImageOfPage":{"@id":"https:\/\/monguide.net\/produit\/comment-les-riches-detruisent-la-planete\/#primaryimage"},"image":{"@id":"https:\/\/monguide.net\/produit\/comment-les-riches-detruisent-la-planete\/#primaryimage"},"thumbnailUrl":"https:\/\/monguide.net\/wp-content\/uploads\/2024\/09\/Comment-les-riches-detruisent-la-planete.jpg","datePublished":"2024-09-29T16:17:23+00:00","dateModified":"2026-03-27T10:36:03+00:00","breadcrumb":{"@id":"https:\/\/monguide.net\/produit\/comment-les-riches-detruisent-la-planete\/#breadcrumb"},"inLanguage":"fr-FR","potentialAction":[{"@type":"ReadAction","target":["https:\/\/monguide.net\/produit\/comment-les-riches-detruisent-la-planete\/"]}]},{"@type":"ImageObject","inLanguage":"fr-FR","@id":"https:\/\/monguide.net\/produit\/comment-les-riches-detruisent-la-planete\/#primaryimage","url":"https:\/\/monguide.net\/wp-content\/uploads\/2024\/09\/Comment-les-riches-detruisent-la-planete.jpg","contentUrl":"https:\/\/monguide.net\/wp-content\/uploads\/2024\/09\/Comment-les-riches-detruisent-la-planete.jpg","width":1025,"height":1500},{"@type":"BreadcrumbList","@id":"https:\/\/monguide.net\/produit\/comment-les-riches-detruisent-la-planete\/#breadcrumb","itemListElement":[{"@type":"ListItem","position":1,"name":"Accueil","item":"https:\/\/monguide.net\/"},{"@type":"ListItem","position":2,"name":"Boutique","item":"https:\/\/monguide.net\/shop\/"},{"@type":"ListItem","position":3,"name":"Comment les riches d\u00e9truisent la plan\u00e8te"}]},{"@type":"WebSite","@id":"https:\/\/monguide.net\/#website","url":"https:\/\/monguide.net\/","name":"Mon Guide","description":"La boussole du monde. Tous vos livres et ebook \u00e0 un endroit","publisher":{"@id":"https:\/\/monguide.net\/#organization"},"potentialAction":[{"@type":"SearchAction","target":{"@type":"EntryPoint","urlTemplate":"https:\/\/monguide.net\/?s={search_term_string}"},"query-input":{"@type":"PropertyValueSpecification","valueRequired":true,"valueName":"search_term_string"}}],"inLanguage":"fr-FR"},{"@type":"Organization","@id":"https:\/\/monguide.net\/#organization","name":"Mon Guide","url":"https:\/\/monguide.net\/","logo":{"@type":"ImageObject","inLanguage":"fr-FR","@id":"https:\/\/monguide.net\/#\/schema\/logo\/image\/","url":"https:\/\/monguide.net\/wp-content\/uploads\/2024\/05\/Favicon.png","contentUrl":"https:\/\/monguide.net\/wp-content\/uploads\/2024\/05\/Favicon.png","width":512,"height":512,"caption":"Mon Guide"},"image":{"@id":"https:\/\/monguide.net\/#\/schema\/logo\/image\/"},"sameAs":["https:\/\/web.facebook.com\/profile.php?id=61558559594373&ref=embed_page"]}]}},"jetpack_sharing_enabled":true,"_links":{"self":[{"href":"https:\/\/monguide.net\/fr\/wp-json\/wp\/v2\/product\/18894","targetHints":{"allow":["GET"]}}],"collection":[{"href":"https:\/\/monguide.net\/fr\/wp-json\/wp\/v2\/product"}],"about":[{"href":"https:\/\/monguide.net\/fr\/wp-json\/wp\/v2\/types\/product"}],"replies":[{"embeddable":true,"href":"https:\/\/monguide.net\/fr\/wp-json\/wp\/v2\/comments?post=18894"}],"version-history":[{"count":0,"href":"https:\/\/monguide.net\/fr\/wp-json\/wp\/v2\/product\/18894\/revisions"}],"wp:featuredmedia":[{"embeddable":true,"href":"https:\/\/monguide.net\/fr\/wp-json\/wp\/v2\/media\/18896"}],"wp:attachment":[{"href":"https:\/\/monguide.net\/fr\/wp-json\/wp\/v2\/media?parent=18894"}],"wp:term":[{"taxonomy":"product_cat","embeddable":true,"href":"https:\/\/monguide.net\/fr\/wp-json\/wp\/v2\/product_cat?post=18894"},{"taxonomy":"product_tag","embeddable":true,"href":"https:\/\/monguide.net\/fr\/wp-json\/wp\/v2\/product_tag?post=18894"}],"curies":[{"name":"wp","href":"https:\/\/api.w.org\/{rel}","templated":true}]}}