{"id":18898,"date":"2024-09-29T18:31:07","date_gmt":"2024-09-29T16:31:07","guid":{"rendered":"https:\/\/monguide.net\/?post_type=product&#038;p=18898"},"modified":"2026-03-27T11:36:03","modified_gmt":"2026-03-27T10:36:03","slug":"petites-lecons-de-diplomatie-ruses-et-stratagemes-des-grands-de-ce-monde-a-lusage-de-tous","status":"publish","type":"product","link":"https:\/\/monguide.net\/fr\/produit\/petites-lecons-de-diplomatie-ruses-et-stratagemes-des-grands-de-ce-monde-a-lusage-de-tous\/","title":{"rendered":"Petites le\u00e7ons de diplomatie. Ruses et stratag\u00e8mes des grands de ce monde \u00e0 l&#8217;usage de tous"},"content":{"rendered":"<p>Tordre le bras de son ami, renier ses promesses sans en avoir l\u2019air, jouer de la menace pour impressionner, nouer les bonnes alliances, \u00e9viter les quiproquos d\u00e9sastreux\u2026 La diplomatie est un art qu\u2019il faut manier avec habilet\u00e9 pour parvenir \u00e0 ses fins. En 13 le\u00e7ons, Fr\u00e9d\u00e9ric Encel d\u00e9crypte les strat\u00e9gies, souvent contestables, des grands de ce monde. Celles qui font et d\u00e9font les puissances. Il nous d\u00e9voile les arcanes du pouvoir et nous permet de plonger au c\u0153ur des relations internationales, aux c\u00f4t\u00e9s de Barack Obama, Vladimir Poutine, Fran\u00e7ois Hollande et Bachar el-Assad. L\u00e0 o\u00f9 tout, ou presque, est permis. Une source d\u2019inspiration universelle !<\/p>\n<p>Format: PDF<\/p>\n<p>Nombre de page: 117<\/p>\n<p>Langue: Fran\u00e7ais<\/p>","protected":false},"excerpt":{"rendered":"<p>En 13 le\u00e7ons, Fr\u00e9d\u00e9ric Encel d\u00e9crypte dans cet ouvrage de 117 pages, au format PDF, disponible uniquement en t\u00e9l\u00e9chargement, les strat\u00e9gies, souvent contestables, des grands de ce monde. Celles qui font et d\u00e9font les puissances. Il nous d\u00e9voile les arcanes du pouvoir et nous permet de plonger au c\u0153ur des relations internationales,<\/p>","protected":false},"featured_media":18900,"comment_status":"open","ping_status":"closed","template":"","meta":[],"product_cat":[317,379],"product_tag":[],"class_list":{"0":"post-18898","1":"product","2":"type-product","3":"status-publish","4":"has-post-thumbnail","6":"product_cat-pdf","7":"product_cat-politique","9":"first","10":"instock","11":"sale","12":"downloadable","13":"shipping-taxable","14":"purchasable","15":"product-type-simple","16":"add-to-wishlist-after_add_to_cart"},"yoast_head":"<!-- This site is optimized with the Yoast SEO plugin v27.4 - https:\/\/yoast.com\/product\/yoast-seo-wordpress\/ -->\n<title>Petites le\u00e7ons de diplomatie. Ruses et stratag\u00e8mes des grands de ce monde \u00e0 l&#039;usage de tous - Mon Guide<\/title>\n<meta name=\"robots\" content=\"index, follow, max-snippet:-1, max-image-preview:large, max-video-preview:-1\" \/>\n<link rel=\"canonical\" href=\"https:\/\/monguide.net\/fr\/produit\/petites-lecons-de-diplomatie-ruses-et-stratagemes-des-grands-de-ce-monde-a-lusage-de-tous\/\" \/>\n<meta property=\"og:locale\" content=\"fr_FR\" \/>\n<meta property=\"og:type\" content=\"article\" \/>\n<meta property=\"og:title\" content=\"Petites le\u00e7ons de diplomatie. Ruses et stratag\u00e8mes des grands de ce monde \u00e0 l&#039;usage de tous - Mon Guide\" \/>\n<meta property=\"og:description\" content=\"En 13 le\u00e7ons, Fr\u00e9d\u00e9ric Encel d\u00e9crypte dans cet ouvrage de 117 pages, au format PDF, disponible uniquement en t\u00e9l\u00e9chargement, les strat\u00e9gies, souvent contestables, des grands de ce monde. Celles qui font et d\u00e9font les puissances. Il nous d\u00e9voile les arcanes du pouvoir et nous permet de plonger au c\u0153ur des relations internationales,\" \/>\n<meta property=\"og:url\" content=\"https:\/\/monguide.net\/fr\/produit\/petites-lecons-de-diplomatie-ruses-et-stratagemes-des-grands-de-ce-monde-a-lusage-de-tous\/\" \/>\n<meta property=\"og:site_name\" content=\"Mon Guide\" \/>\n<meta property=\"article:publisher\" content=\"https:\/\/web.facebook.com\/profile.php?id=61558559594373&amp;ref=embed_page\" \/>\n<meta property=\"article:modified_time\" content=\"2026-03-27T10:36:03+00:00\" \/>\n<meta property=\"og:image\" content=\"https:\/\/monguide.net\/wp-content\/uploads\/2024\/09\/Petites-lecons-de-diplomatie.jpg\" \/>\n\t<meta property=\"og:image:width\" content=\"952\" \/>\n\t<meta property=\"og:image:height\" content=\"1500\" \/>\n\t<meta property=\"og:image:type\" content=\"image\/jpeg\" \/>\n<meta name=\"twitter:card\" content=\"summary_large_image\" \/>\n<meta name=\"twitter:label1\" content=\"Dur\u00e9e de lecture estim\u00e9e\" \/>\n\t<meta name=\"twitter:data1\" content=\"1 minute\" \/>\n<script type=\"application\/ld+json\" class=\"yoast-schema-graph\">{\"@context\":\"https:\\\/\\\/schema.org\",\"@graph\":[{\"@type\":\"WebPage\",\"@id\":\"https:\\\/\\\/monguide.net\\\/produit\\\/petites-lecons-de-diplomatie-ruses-et-stratagemes-des-grands-de-ce-monde-a-lusage-de-tous\\\/\",\"url\":\"https:\\\/\\\/monguide.net\\\/produit\\\/petites-lecons-de-diplomatie-ruses-et-stratagemes-des-grands-de-ce-monde-a-lusage-de-tous\\\/\",\"name\":\"Petites le\u00e7ons de diplomatie. Ruses et stratag\u00e8mes des grands de ce monde \u00e0 l'usage de tous - Mon Guide\",\"isPartOf\":{\"@id\":\"https:\\\/\\\/monguide.net\\\/#website\"},\"primaryImageOfPage\":{\"@id\":\"https:\\\/\\\/monguide.net\\\/produit\\\/petites-lecons-de-diplomatie-ruses-et-stratagemes-des-grands-de-ce-monde-a-lusage-de-tous\\\/#primaryimage\"},\"image\":{\"@id\":\"https:\\\/\\\/monguide.net\\\/produit\\\/petites-lecons-de-diplomatie-ruses-et-stratagemes-des-grands-de-ce-monde-a-lusage-de-tous\\\/#primaryimage\"},\"thumbnailUrl\":\"https:\\\/\\\/monguide.net\\\/wp-content\\\/uploads\\\/2024\\\/09\\\/Petites-lecons-de-diplomatie.jpg\",\"datePublished\":\"2024-09-29T16:31:07+00:00\",\"dateModified\":\"2026-03-27T10:36:03+00:00\",\"breadcrumb\":{\"@id\":\"https:\\\/\\\/monguide.net\\\/produit\\\/petites-lecons-de-diplomatie-ruses-et-stratagemes-des-grands-de-ce-monde-a-lusage-de-tous\\\/#breadcrumb\"},\"inLanguage\":\"fr-FR\",\"potentialAction\":[{\"@type\":\"ReadAction\",\"target\":[\"https:\\\/\\\/monguide.net\\\/produit\\\/petites-lecons-de-diplomatie-ruses-et-stratagemes-des-grands-de-ce-monde-a-lusage-de-tous\\\/\"]}]},{\"@type\":\"ImageObject\",\"inLanguage\":\"fr-FR\",\"@id\":\"https:\\\/\\\/monguide.net\\\/produit\\\/petites-lecons-de-diplomatie-ruses-et-stratagemes-des-grands-de-ce-monde-a-lusage-de-tous\\\/#primaryimage\",\"url\":\"https:\\\/\\\/monguide.net\\\/wp-content\\\/uploads\\\/2024\\\/09\\\/Petites-lecons-de-diplomatie.jpg\",\"contentUrl\":\"https:\\\/\\\/monguide.net\\\/wp-content\\\/uploads\\\/2024\\\/09\\\/Petites-lecons-de-diplomatie.jpg\",\"width\":952,\"height\":1500},{\"@type\":\"BreadcrumbList\",\"@id\":\"https:\\\/\\\/monguide.net\\\/produit\\\/petites-lecons-de-diplomatie-ruses-et-stratagemes-des-grands-de-ce-monde-a-lusage-de-tous\\\/#breadcrumb\",\"itemListElement\":[{\"@type\":\"ListItem\",\"position\":1,\"name\":\"Accueil\",\"item\":\"https:\\\/\\\/monguide.net\\\/\"},{\"@type\":\"ListItem\",\"position\":2,\"name\":\"Boutique\",\"item\":\"https:\\\/\\\/monguide.net\\\/shop\\\/\"},{\"@type\":\"ListItem\",\"position\":3,\"name\":\"Petites le\u00e7ons de diplomatie. Ruses et stratag\u00e8mes des grands de ce monde \u00e0 l&#8217;usage de tous\"}]},{\"@type\":\"WebSite\",\"@id\":\"https:\\\/\\\/monguide.net\\\/#website\",\"url\":\"https:\\\/\\\/monguide.net\\\/\",\"name\":\"Mon Guide\",\"description\":\"La boussole du monde. Tous vos livres et ebook \u00e0 un endroit\",\"publisher\":{\"@id\":\"https:\\\/\\\/monguide.net\\\/#organization\"},\"potentialAction\":[{\"@type\":\"SearchAction\",\"target\":{\"@type\":\"EntryPoint\",\"urlTemplate\":\"https:\\\/\\\/monguide.net\\\/?s={search_term_string}\"},\"query-input\":{\"@type\":\"PropertyValueSpecification\",\"valueRequired\":true,\"valueName\":\"search_term_string\"}}],\"inLanguage\":\"fr-FR\"},{\"@type\":\"Organization\",\"@id\":\"https:\\\/\\\/monguide.net\\\/#organization\",\"name\":\"Mon Guide\",\"url\":\"https:\\\/\\\/monguide.net\\\/\",\"logo\":{\"@type\":\"ImageObject\",\"inLanguage\":\"fr-FR\",\"@id\":\"https:\\\/\\\/monguide.net\\\/#\\\/schema\\\/logo\\\/image\\\/\",\"url\":\"http:\\\/\\\/monguide.net\\\/wp-content\\\/uploads\\\/2024\\\/05\\\/Favicon.png\",\"contentUrl\":\"http:\\\/\\\/monguide.net\\\/wp-content\\\/uploads\\\/2024\\\/05\\\/Favicon.png\",\"width\":512,\"height\":512,\"caption\":\"Mon Guide\"},\"image\":{\"@id\":\"https:\\\/\\\/monguide.net\\\/#\\\/schema\\\/logo\\\/image\\\/\"},\"sameAs\":[\"https:\\\/\\\/web.facebook.com\\\/profile.php?id=61558559594373&ref=embed_page\"]}]}<\/script>\n<!-- \/ Yoast SEO plugin. -->","yoast_head_json":{"title":"Petites le\u00e7ons de diplomatie. Ruses et stratag\u00e8mes des grands de ce monde \u00e0 l'usage de tous - Mon Guide","robots":{"index":"index","follow":"follow","max-snippet":"max-snippet:-1","max-image-preview":"max-image-preview:large","max-video-preview":"max-video-preview:-1"},"canonical":"https:\/\/monguide.net\/fr\/produit\/petites-lecons-de-diplomatie-ruses-et-stratagemes-des-grands-de-ce-monde-a-lusage-de-tous\/","og_locale":"fr_FR","og_type":"article","og_title":"Petites le\u00e7ons de diplomatie. Ruses et stratag\u00e8mes des grands de ce monde \u00e0 l'usage de tous - Mon Guide","og_description":"En 13 le\u00e7ons, Fr\u00e9d\u00e9ric Encel d\u00e9crypte dans cet ouvrage de 117 pages, au format PDF, disponible uniquement en t\u00e9l\u00e9chargement, les strat\u00e9gies, souvent contestables, des grands de ce monde. Celles qui font et d\u00e9font les puissances. Il nous d\u00e9voile les arcanes du pouvoir et nous permet de plonger au c\u0153ur des relations internationales,","og_url":"https:\/\/monguide.net\/fr\/produit\/petites-lecons-de-diplomatie-ruses-et-stratagemes-des-grands-de-ce-monde-a-lusage-de-tous\/","og_site_name":"Mon Guide","article_publisher":"https:\/\/web.facebook.com\/profile.php?id=61558559594373&ref=embed_page","article_modified_time":"2026-03-27T10:36:03+00:00","og_image":[{"width":952,"height":1500,"url":"https:\/\/monguide.net\/wp-content\/uploads\/2024\/09\/Petites-lecons-de-diplomatie.jpg","type":"image\/jpeg"}],"twitter_card":"summary_large_image","twitter_misc":{"Dur\u00e9e de lecture estim\u00e9e":"1 minute"},"schema":{"@context":"https:\/\/schema.org","@graph":[{"@type":"WebPage","@id":"https:\/\/monguide.net\/produit\/petites-lecons-de-diplomatie-ruses-et-stratagemes-des-grands-de-ce-monde-a-lusage-de-tous\/","url":"https:\/\/monguide.net\/produit\/petites-lecons-de-diplomatie-ruses-et-stratagemes-des-grands-de-ce-monde-a-lusage-de-tous\/","name":"Petites le\u00e7ons de diplomatie. Ruses et stratag\u00e8mes des grands de ce monde \u00e0 l'usage de tous - Mon Guide","isPartOf":{"@id":"https:\/\/monguide.net\/#website"},"primaryImageOfPage":{"@id":"https:\/\/monguide.net\/produit\/petites-lecons-de-diplomatie-ruses-et-stratagemes-des-grands-de-ce-monde-a-lusage-de-tous\/#primaryimage"},"image":{"@id":"https:\/\/monguide.net\/produit\/petites-lecons-de-diplomatie-ruses-et-stratagemes-des-grands-de-ce-monde-a-lusage-de-tous\/#primaryimage"},"thumbnailUrl":"https:\/\/monguide.net\/wp-content\/uploads\/2024\/09\/Petites-lecons-de-diplomatie.jpg","datePublished":"2024-09-29T16:31:07+00:00","dateModified":"2026-03-27T10:36:03+00:00","breadcrumb":{"@id":"https:\/\/monguide.net\/produit\/petites-lecons-de-diplomatie-ruses-et-stratagemes-des-grands-de-ce-monde-a-lusage-de-tous\/#breadcrumb"},"inLanguage":"fr-FR","potentialAction":[{"@type":"ReadAction","target":["https:\/\/monguide.net\/produit\/petites-lecons-de-diplomatie-ruses-et-stratagemes-des-grands-de-ce-monde-a-lusage-de-tous\/"]}]},{"@type":"ImageObject","inLanguage":"fr-FR","@id":"https:\/\/monguide.net\/produit\/petites-lecons-de-diplomatie-ruses-et-stratagemes-des-grands-de-ce-monde-a-lusage-de-tous\/#primaryimage","url":"https:\/\/monguide.net\/wp-content\/uploads\/2024\/09\/Petites-lecons-de-diplomatie.jpg","contentUrl":"https:\/\/monguide.net\/wp-content\/uploads\/2024\/09\/Petites-lecons-de-diplomatie.jpg","width":952,"height":1500},{"@type":"BreadcrumbList","@id":"https:\/\/monguide.net\/produit\/petites-lecons-de-diplomatie-ruses-et-stratagemes-des-grands-de-ce-monde-a-lusage-de-tous\/#breadcrumb","itemListElement":[{"@type":"ListItem","position":1,"name":"Accueil","item":"https:\/\/monguide.net\/"},{"@type":"ListItem","position":2,"name":"Boutique","item":"https:\/\/monguide.net\/shop\/"},{"@type":"ListItem","position":3,"name":"Petites le\u00e7ons de diplomatie. Ruses et stratag\u00e8mes des grands de ce monde \u00e0 l&#8217;usage de tous"}]},{"@type":"WebSite","@id":"https:\/\/monguide.net\/#website","url":"https:\/\/monguide.net\/","name":"Mon Guide","description":"La boussole du monde. Tous vos livres et ebook \u00e0 un endroit","publisher":{"@id":"https:\/\/monguide.net\/#organization"},"potentialAction":[{"@type":"SearchAction","target":{"@type":"EntryPoint","urlTemplate":"https:\/\/monguide.net\/?s={search_term_string}"},"query-input":{"@type":"PropertyValueSpecification","valueRequired":true,"valueName":"search_term_string"}}],"inLanguage":"fr-FR"},{"@type":"Organization","@id":"https:\/\/monguide.net\/#organization","name":"Mon Guide","url":"https:\/\/monguide.net\/","logo":{"@type":"ImageObject","inLanguage":"fr-FR","@id":"https:\/\/monguide.net\/#\/schema\/logo\/image\/","url":"https:\/\/monguide.net\/wp-content\/uploads\/2024\/05\/Favicon.png","contentUrl":"https:\/\/monguide.net\/wp-content\/uploads\/2024\/05\/Favicon.png","width":512,"height":512,"caption":"Mon Guide"},"image":{"@id":"https:\/\/monguide.net\/#\/schema\/logo\/image\/"},"sameAs":["https:\/\/web.facebook.com\/profile.php?id=61558559594373&ref=embed_page"]}]}},"jetpack_sharing_enabled":true,"_links":{"self":[{"href":"https:\/\/monguide.net\/fr\/wp-json\/wp\/v2\/product\/18898","targetHints":{"allow":["GET"]}}],"collection":[{"href":"https:\/\/monguide.net\/fr\/wp-json\/wp\/v2\/product"}],"about":[{"href":"https:\/\/monguide.net\/fr\/wp-json\/wp\/v2\/types\/product"}],"replies":[{"embeddable":true,"href":"https:\/\/monguide.net\/fr\/wp-json\/wp\/v2\/comments?post=18898"}],"version-history":[{"count":0,"href":"https:\/\/monguide.net\/fr\/wp-json\/wp\/v2\/product\/18898\/revisions"}],"wp:featuredmedia":[{"embeddable":true,"href":"https:\/\/monguide.net\/fr\/wp-json\/wp\/v2\/media\/18900"}],"wp:attachment":[{"href":"https:\/\/monguide.net\/fr\/wp-json\/wp\/v2\/media?parent=18898"}],"wp:term":[{"taxonomy":"product_cat","embeddable":true,"href":"https:\/\/monguide.net\/fr\/wp-json\/wp\/v2\/product_cat?post=18898"},{"taxonomy":"product_tag","embeddable":true,"href":"https:\/\/monguide.net\/fr\/wp-json\/wp\/v2\/product_tag?post=18898"}],"curies":[{"name":"wp","href":"https:\/\/api.w.org\/{rel}","templated":true}]}}