{"id":18915,"date":"2024-09-29T19:56:45","date_gmt":"2024-09-29T17:56:45","guid":{"rendered":"https:\/\/monguide.net\/?post_type=product&#038;p=18915"},"modified":"2026-03-27T11:36:03","modified_gmt":"2026-03-27T10:36:03","slug":"les-9-defis-du-manager","status":"publish","type":"product","link":"https:\/\/monguide.net\/fr\/produit\/les-9-defis-du-manager\/","title":{"rendered":"Les 9 d\u00e9fis du manager"},"content":{"rendered":"<p>Cette histoire est la v\u00f4tre : celle d&#8217;un manager qui doit \u00e0 la fois g\u00e9rer des enjeux quotidiens et de long terme, rechercher la rentabilit\u00e9 tout en veillant \u00e0 la mobilisation de ses collaborateurs, s&#8217;investir sans compter dans l&#8217;entreprise&#8230; tout en apprenant \u00e0 g\u00e9rer son stress et \u00e0 piloter judicieusement sa carri\u00e8re entre les promesses d&#8217;avancement et les tentations de la &#8221; start-up &#8220;. Comme le h\u00e9ros de ce r\u00e9cit, vous rencontrez sur votre chemin des obstacles de toute nature pour concilier vies personnelle et professionnelle ; comme lui vous devez trouver quotidiennement des solutions \u00e0 des probl\u00e8mes toujours impr\u00e9vus, et, \u00e0 chaque fois, diff\u00e9rents. V\u00e9ritable roman d&#8217;entreprise,;<\/p>\n<p>Format: PDF<\/p>\n<p>Nombre de page: 233<\/p>\n<p>Langue: Fran\u00e7ais<\/p>","protected":false},"excerpt":{"rendered":"<p>Ce livre de 233 pages, au format PDF, disponible uniquement en t\u00e9l\u00e9chargement, s&#8217;adresse \u00e0 tous les managers. En le lisant, non seulement ils se reconna\u00eetront souvent, mais ils apprendront aussi \u00e0 mieux affronter les neufs d\u00e9fis r\u00e9currents du manager : &#8211; Communiquer clairement, &#8211; Animer les r\u00e9unions, &#8211; G\u00e9rer son stress, &#8211; Se former, &#8211; Faire entendre sa voix au comit\u00e9 de direction, &#8211; Redoubler d&#8217;imagination pour mobiliser ses collaborateurs, &#8211; Mener les entretiens annuels d&#8217;\u00e9valuation, &#8211; &#8221; Recadrer &#8221; un collaborateur qui s&#8217;\u00e9loigne des objectifs, &#8211; Progresser tous les jours.<\/p>","protected":false},"featured_media":18917,"comment_status":"open","ping_status":"closed","template":"","meta":[],"product_cat":[126,130,317],"product_tag":[],"class_list":{"0":"post-18915","1":"product","2":"type-product","3":"status-publish","4":"has-post-thumbnail","6":"product_cat-affaires","7":"product_cat-entrepreneuriat","8":"product_cat-pdf","10":"first","11":"instock","12":"sale","13":"downloadable","14":"shipping-taxable","15":"purchasable","16":"product-type-simple","17":"add-to-wishlist-after_add_to_cart"},"yoast_head":"<!-- This site is optimized with the Yoast SEO plugin v27.4 - https:\/\/yoast.com\/product\/yoast-seo-wordpress\/ -->\n<title>Les 9 d\u00e9fis du manager - Mon Guide<\/title>\n<meta name=\"robots\" content=\"index, follow, max-snippet:-1, max-image-preview:large, max-video-preview:-1\" \/>\n<link rel=\"canonical\" href=\"https:\/\/monguide.net\/fr\/produit\/les-9-defis-du-manager\/\" \/>\n<meta property=\"og:locale\" content=\"fr_FR\" \/>\n<meta property=\"og:type\" content=\"article\" \/>\n<meta property=\"og:title\" content=\"Les 9 d\u00e9fis du manager - Mon Guide\" \/>\n<meta property=\"og:description\" content=\"Ce livre de 233 pages, au format PDF, disponible uniquement en t\u00e9l\u00e9chargement, s&#039;adresse \u00e0 tous les managers. En le lisant, non seulement ils se reconna\u00eetront souvent, mais ils apprendront aussi \u00e0 mieux affronter les neufs d\u00e9fis r\u00e9currents du manager : - Communiquer clairement, - Animer les r\u00e9unions, - G\u00e9rer son stress, - Se former, - Faire entendre sa voix au comit\u00e9 de direction, - Redoubler d&#039;imagination pour mobiliser ses collaborateurs, - Mener les entretiens annuels d&#039;\u00e9valuation, - &quot; Recadrer &quot; un collaborateur qui s&#039;\u00e9loigne des objectifs, - Progresser tous les jours.\" \/>\n<meta property=\"og:url\" content=\"https:\/\/monguide.net\/fr\/produit\/les-9-defis-du-manager\/\" \/>\n<meta property=\"og:site_name\" content=\"Mon Guide\" \/>\n<meta property=\"article:publisher\" content=\"https:\/\/web.facebook.com\/profile.php?id=61558559594373&amp;ref=embed_page\" \/>\n<meta property=\"article:modified_time\" content=\"2026-03-27T10:36:03+00:00\" \/>\n<meta property=\"og:image\" content=\"https:\/\/monguide.net\/wp-content\/uploads\/2024\/09\/Les-9-defis-du-manager.jpg\" \/>\n\t<meta property=\"og:image:width\" content=\"946\" \/>\n\t<meta property=\"og:image:height\" content=\"1500\" \/>\n\t<meta property=\"og:image:type\" content=\"image\/jpeg\" \/>\n<meta name=\"twitter:card\" content=\"summary_large_image\" \/>\n<meta name=\"twitter:label1\" content=\"Dur\u00e9e de lecture estim\u00e9e\" \/>\n\t<meta name=\"twitter:data1\" content=\"1 minute\" \/>\n<script type=\"application\/ld+json\" class=\"yoast-schema-graph\">{\"@context\":\"https:\\\/\\\/schema.org\",\"@graph\":[{\"@type\":\"WebPage\",\"@id\":\"https:\\\/\\\/monguide.net\\\/produit\\\/les-9-defis-du-manager\\\/\",\"url\":\"https:\\\/\\\/monguide.net\\\/produit\\\/les-9-defis-du-manager\\\/\",\"name\":\"Les 9 d\u00e9fis du manager - Mon Guide\",\"isPartOf\":{\"@id\":\"https:\\\/\\\/monguide.net\\\/#website\"},\"primaryImageOfPage\":{\"@id\":\"https:\\\/\\\/monguide.net\\\/produit\\\/les-9-defis-du-manager\\\/#primaryimage\"},\"image\":{\"@id\":\"https:\\\/\\\/monguide.net\\\/produit\\\/les-9-defis-du-manager\\\/#primaryimage\"},\"thumbnailUrl\":\"https:\\\/\\\/monguide.net\\\/wp-content\\\/uploads\\\/2024\\\/09\\\/Les-9-defis-du-manager.jpg\",\"datePublished\":\"2024-09-29T17:56:45+00:00\",\"dateModified\":\"2026-03-27T10:36:03+00:00\",\"breadcrumb\":{\"@id\":\"https:\\\/\\\/monguide.net\\\/produit\\\/les-9-defis-du-manager\\\/#breadcrumb\"},\"inLanguage\":\"fr-FR\",\"potentialAction\":[{\"@type\":\"ReadAction\",\"target\":[\"https:\\\/\\\/monguide.net\\\/produit\\\/les-9-defis-du-manager\\\/\"]}]},{\"@type\":\"ImageObject\",\"inLanguage\":\"fr-FR\",\"@id\":\"https:\\\/\\\/monguide.net\\\/produit\\\/les-9-defis-du-manager\\\/#primaryimage\",\"url\":\"https:\\\/\\\/monguide.net\\\/wp-content\\\/uploads\\\/2024\\\/09\\\/Les-9-defis-du-manager.jpg\",\"contentUrl\":\"https:\\\/\\\/monguide.net\\\/wp-content\\\/uploads\\\/2024\\\/09\\\/Les-9-defis-du-manager.jpg\",\"width\":946,\"height\":1500},{\"@type\":\"BreadcrumbList\",\"@id\":\"https:\\\/\\\/monguide.net\\\/produit\\\/les-9-defis-du-manager\\\/#breadcrumb\",\"itemListElement\":[{\"@type\":\"ListItem\",\"position\":1,\"name\":\"Accueil\",\"item\":\"https:\\\/\\\/monguide.net\\\/\"},{\"@type\":\"ListItem\",\"position\":2,\"name\":\"Boutique\",\"item\":\"https:\\\/\\\/monguide.net\\\/shop\\\/\"},{\"@type\":\"ListItem\",\"position\":3,\"name\":\"Les 9 d\u00e9fis du manager\"}]},{\"@type\":\"WebSite\",\"@id\":\"https:\\\/\\\/monguide.net\\\/#website\",\"url\":\"https:\\\/\\\/monguide.net\\\/\",\"name\":\"Mon Guide\",\"description\":\"La boussole du monde. Tous vos livres et ebook \u00e0 un endroit\",\"publisher\":{\"@id\":\"https:\\\/\\\/monguide.net\\\/#organization\"},\"potentialAction\":[{\"@type\":\"SearchAction\",\"target\":{\"@type\":\"EntryPoint\",\"urlTemplate\":\"https:\\\/\\\/monguide.net\\\/?s={search_term_string}\"},\"query-input\":{\"@type\":\"PropertyValueSpecification\",\"valueRequired\":true,\"valueName\":\"search_term_string\"}}],\"inLanguage\":\"fr-FR\"},{\"@type\":\"Organization\",\"@id\":\"https:\\\/\\\/monguide.net\\\/#organization\",\"name\":\"Mon Guide\",\"url\":\"https:\\\/\\\/monguide.net\\\/\",\"logo\":{\"@type\":\"ImageObject\",\"inLanguage\":\"fr-FR\",\"@id\":\"https:\\\/\\\/monguide.net\\\/#\\\/schema\\\/logo\\\/image\\\/\",\"url\":\"http:\\\/\\\/monguide.net\\\/wp-content\\\/uploads\\\/2024\\\/05\\\/Favicon.png\",\"contentUrl\":\"http:\\\/\\\/monguide.net\\\/wp-content\\\/uploads\\\/2024\\\/05\\\/Favicon.png\",\"width\":512,\"height\":512,\"caption\":\"Mon Guide\"},\"image\":{\"@id\":\"https:\\\/\\\/monguide.net\\\/#\\\/schema\\\/logo\\\/image\\\/\"},\"sameAs\":[\"https:\\\/\\\/web.facebook.com\\\/profile.php?id=61558559594373&ref=embed_page\"]}]}<\/script>\n<!-- \/ Yoast SEO plugin. -->","yoast_head_json":{"title":"Les 9 d\u00e9fis du manager - Mon Guide","robots":{"index":"index","follow":"follow","max-snippet":"max-snippet:-1","max-image-preview":"max-image-preview:large","max-video-preview":"max-video-preview:-1"},"canonical":"https:\/\/monguide.net\/fr\/produit\/les-9-defis-du-manager\/","og_locale":"fr_FR","og_type":"article","og_title":"Les 9 d\u00e9fis du manager - Mon Guide","og_description":"Ce livre de 233 pages, au format PDF, disponible uniquement en t\u00e9l\u00e9chargement, s'adresse \u00e0 tous les managers. En le lisant, non seulement ils se reconna\u00eetront souvent, mais ils apprendront aussi \u00e0 mieux affronter les neufs d\u00e9fis r\u00e9currents du manager : - Communiquer clairement, - Animer les r\u00e9unions, - G\u00e9rer son stress, - Se former, - Faire entendre sa voix au comit\u00e9 de direction, - Redoubler d'imagination pour mobiliser ses collaborateurs, - Mener les entretiens annuels d'\u00e9valuation, - \" Recadrer \" un collaborateur qui s'\u00e9loigne des objectifs, - Progresser tous les jours.","og_url":"https:\/\/monguide.net\/fr\/produit\/les-9-defis-du-manager\/","og_site_name":"Mon Guide","article_publisher":"https:\/\/web.facebook.com\/profile.php?id=61558559594373&ref=embed_page","article_modified_time":"2026-03-27T10:36:03+00:00","og_image":[{"width":946,"height":1500,"url":"https:\/\/monguide.net\/wp-content\/uploads\/2024\/09\/Les-9-defis-du-manager.jpg","type":"image\/jpeg"}],"twitter_card":"summary_large_image","twitter_misc":{"Dur\u00e9e de lecture estim\u00e9e":"1 minute"},"schema":{"@context":"https:\/\/schema.org","@graph":[{"@type":"WebPage","@id":"https:\/\/monguide.net\/produit\/les-9-defis-du-manager\/","url":"https:\/\/monguide.net\/produit\/les-9-defis-du-manager\/","name":"Les 9 d\u00e9fis du manager - Mon Guide","isPartOf":{"@id":"https:\/\/monguide.net\/#website"},"primaryImageOfPage":{"@id":"https:\/\/monguide.net\/produit\/les-9-defis-du-manager\/#primaryimage"},"image":{"@id":"https:\/\/monguide.net\/produit\/les-9-defis-du-manager\/#primaryimage"},"thumbnailUrl":"https:\/\/monguide.net\/wp-content\/uploads\/2024\/09\/Les-9-defis-du-manager.jpg","datePublished":"2024-09-29T17:56:45+00:00","dateModified":"2026-03-27T10:36:03+00:00","breadcrumb":{"@id":"https:\/\/monguide.net\/produit\/les-9-defis-du-manager\/#breadcrumb"},"inLanguage":"fr-FR","potentialAction":[{"@type":"ReadAction","target":["https:\/\/monguide.net\/produit\/les-9-defis-du-manager\/"]}]},{"@type":"ImageObject","inLanguage":"fr-FR","@id":"https:\/\/monguide.net\/produit\/les-9-defis-du-manager\/#primaryimage","url":"https:\/\/monguide.net\/wp-content\/uploads\/2024\/09\/Les-9-defis-du-manager.jpg","contentUrl":"https:\/\/monguide.net\/wp-content\/uploads\/2024\/09\/Les-9-defis-du-manager.jpg","width":946,"height":1500},{"@type":"BreadcrumbList","@id":"https:\/\/monguide.net\/produit\/les-9-defis-du-manager\/#breadcrumb","itemListElement":[{"@type":"ListItem","position":1,"name":"Accueil","item":"https:\/\/monguide.net\/"},{"@type":"ListItem","position":2,"name":"Boutique","item":"https:\/\/monguide.net\/shop\/"},{"@type":"ListItem","position":3,"name":"Les 9 d\u00e9fis du manager"}]},{"@type":"WebSite","@id":"https:\/\/monguide.net\/#website","url":"https:\/\/monguide.net\/","name":"Mon Guide","description":"La boussole du monde. Tous vos livres et ebook \u00e0 un endroit","publisher":{"@id":"https:\/\/monguide.net\/#organization"},"potentialAction":[{"@type":"SearchAction","target":{"@type":"EntryPoint","urlTemplate":"https:\/\/monguide.net\/?s={search_term_string}"},"query-input":{"@type":"PropertyValueSpecification","valueRequired":true,"valueName":"search_term_string"}}],"inLanguage":"fr-FR"},{"@type":"Organization","@id":"https:\/\/monguide.net\/#organization","name":"Mon Guide","url":"https:\/\/monguide.net\/","logo":{"@type":"ImageObject","inLanguage":"fr-FR","@id":"https:\/\/monguide.net\/#\/schema\/logo\/image\/","url":"https:\/\/monguide.net\/wp-content\/uploads\/2024\/05\/Favicon.png","contentUrl":"https:\/\/monguide.net\/wp-content\/uploads\/2024\/05\/Favicon.png","width":512,"height":512,"caption":"Mon Guide"},"image":{"@id":"https:\/\/monguide.net\/#\/schema\/logo\/image\/"},"sameAs":["https:\/\/web.facebook.com\/profile.php?id=61558559594373&ref=embed_page"]}]}},"jetpack_sharing_enabled":true,"_links":{"self":[{"href":"https:\/\/monguide.net\/fr\/wp-json\/wp\/v2\/product\/18915","targetHints":{"allow":["GET"]}}],"collection":[{"href":"https:\/\/monguide.net\/fr\/wp-json\/wp\/v2\/product"}],"about":[{"href":"https:\/\/monguide.net\/fr\/wp-json\/wp\/v2\/types\/product"}],"replies":[{"embeddable":true,"href":"https:\/\/monguide.net\/fr\/wp-json\/wp\/v2\/comments?post=18915"}],"version-history":[{"count":0,"href":"https:\/\/monguide.net\/fr\/wp-json\/wp\/v2\/product\/18915\/revisions"}],"wp:featuredmedia":[{"embeddable":true,"href":"https:\/\/monguide.net\/fr\/wp-json\/wp\/v2\/media\/18917"}],"wp:attachment":[{"href":"https:\/\/monguide.net\/fr\/wp-json\/wp\/v2\/media?parent=18915"}],"wp:term":[{"taxonomy":"product_cat","embeddable":true,"href":"https:\/\/monguide.net\/fr\/wp-json\/wp\/v2\/product_cat?post=18915"},{"taxonomy":"product_tag","embeddable":true,"href":"https:\/\/monguide.net\/fr\/wp-json\/wp\/v2\/product_tag?post=18915"}],"curies":[{"name":"wp","href":"https:\/\/api.w.org\/{rel}","templated":true}]}}