{"id":18919,"date":"2024-09-29T20:14:09","date_gmt":"2024-09-29T18:14:09","guid":{"rendered":"https:\/\/monguide.net\/?post_type=product&#038;p=18919"},"modified":"2026-03-27T11:36:03","modified_gmt":"2026-03-27T10:36:03","slug":"esclave-de-daech","status":"publish","type":"product","link":"https:\/\/monguide.net\/fr\/produit\/esclave-de-daech\/","title":{"rendered":"Esclave de Daech"},"content":{"rendered":"<p>Jinan ne pouvait imaginer qu\u2019elle serait captur\u00e9e avec sa famille le 4 ao\u00fbt par les combattants de Daech, et que bient\u00f4t, elle serait s\u00e9par\u00e9e d\u2019elle. Ni qu\u2019elle allait vivre pendant trois mois l\u2019enfer, celui de l\u2019asservissement. Au d\u00e9but de l\u2019hiver 2014, Jinan rencontre par hasard Thierry Oberl\u00e9, grand reporter au Figaro. Elle lui raconte son histoire, timidement, avec pudeur et sinc\u00e9rit\u00e9. Ses mots pr\u00e9cis et justes masquent sa d\u00e9tresse. Jinan est une rescap\u00e9e. Elle a dix-huit ans, mais en para\u00eet plus, elle est une jeune mari\u00e9e. Sa voix fluette tranche avec la force de son caract\u00e8re et sa d\u00e9termination. Vendue \u00e0 deux \u00ab combattants\u00bb, un flic et un imam, elle a \u00e9t\u00e9 tortur\u00e9e et s\u00e9questr\u00e9e. Et contrainte de se convertir \u00e0 l\u2019islam, comme toutes les captives des djihadistes. L\u2019esclavage sexuel est, pour Daech, tout ce que m\u00e9ritent ces m\u00e9cr\u00e9antes. Jinan a eu de la chance. Elle a r\u00e9ussi \u00e0 s\u2019enfuir. Sa gu\u00e9rison passera par ce t\u00e9moignage, pour elle et pour toutes les femmes qui ont subi le m\u00eame sort, parfois en y laissant la vie.<\/p>\n<p>Format: PDF<\/p>\n<p>Nombre de page: 509<\/p>\n<p>Langue: Fran\u00e7ais<\/p>","protected":false},"excerpt":{"rendered":"<p>\u00ab Daech est entr\u00e9 dans le village ! Daech attaque ! \u00bb Jinan s\u2019attendait \u00e0 devoir partir un jour ou l\u2019autre dans la pr\u00e9cipitation. Un sentiment de danger imminent s\u2019\u00e9tait r\u00e9pandu dans la r\u00e9gion d\u00e8s le d\u00e9but de l\u2019\u00e9t\u00e9 2014 et, avec lui, l\u2019impression terrifiante qu\u2019un monde allait s\u2019effondrer : le sien. Celui des y\u00e9zidis, habitant au pied des monts Sinjar, dans le nord de l\u2019Irak, non loin de la fronti\u00e8re syrienne. L\u2019offensive des djihadistes de l\u2019\u00c9tat islamique cible les minorit\u00e9s religieuses et ethniques.<\/p>","protected":false},"featured_media":18921,"comment_status":"open","ping_status":"closed","template":"","meta":[],"product_cat":[317,379],"product_tag":[],"class_list":{"0":"post-18919","1":"product","2":"type-product","3":"status-publish","4":"has-post-thumbnail","6":"product_cat-pdf","7":"product_cat-politique","9":"first","10":"instock","11":"sale","12":"downloadable","13":"shipping-taxable","14":"purchasable","15":"product-type-simple","16":"add-to-wishlist-after_add_to_cart"},"yoast_head":"<!-- This site is optimized with the Yoast SEO plugin v27.4 - https:\/\/yoast.com\/product\/yoast-seo-wordpress\/ -->\n<title>Esclave de Daech - Mon Guide<\/title>\n<meta name=\"robots\" content=\"index, follow, max-snippet:-1, max-image-preview:large, max-video-preview:-1\" \/>\n<link rel=\"canonical\" href=\"https:\/\/monguide.net\/fr\/produit\/esclave-de-daech\/\" \/>\n<meta property=\"og:locale\" content=\"fr_FR\" \/>\n<meta property=\"og:type\" content=\"article\" \/>\n<meta property=\"og:title\" content=\"Esclave de Daech - Mon Guide\" \/>\n<meta property=\"og:description\" content=\"\u00ab Daech est entr\u00e9 dans le village ! Daech attaque ! \u00bb Jinan s\u2019attendait \u00e0 devoir partir un jour ou l\u2019autre dans la pr\u00e9cipitation. Un sentiment de danger imminent s\u2019\u00e9tait r\u00e9pandu dans la r\u00e9gion d\u00e8s le d\u00e9but de l\u2019\u00e9t\u00e9 2014 et, avec lui, l\u2019impression terrifiante qu\u2019un monde allait s\u2019effondrer : le sien. Celui des y\u00e9zidis, habitant au pied des monts Sinjar, dans le nord de l\u2019Irak, non loin de la fronti\u00e8re syrienne. L\u2019offensive des djihadistes de l\u2019\u00c9tat islamique cible les minorit\u00e9s religieuses et ethniques.\" \/>\n<meta property=\"og:url\" content=\"https:\/\/monguide.net\/fr\/produit\/esclave-de-daech\/\" \/>\n<meta property=\"og:site_name\" content=\"Mon Guide\" \/>\n<meta property=\"article:publisher\" content=\"https:\/\/web.facebook.com\/profile.php?id=61558559594373&amp;ref=embed_page\" \/>\n<meta property=\"article:modified_time\" content=\"2026-03-27T10:36:03+00:00\" \/>\n<meta property=\"og:image\" content=\"https:\/\/monguide.net\/wp-content\/uploads\/2024\/09\/Esclave-de-Daech.jpg\" \/>\n\t<meta property=\"og:image:width\" content=\"942\" \/>\n\t<meta property=\"og:image:height\" content=\"1500\" \/>\n\t<meta property=\"og:image:type\" content=\"image\/jpeg\" \/>\n<meta name=\"twitter:card\" content=\"summary_large_image\" \/>\n<meta name=\"twitter:label1\" content=\"Dur\u00e9e de lecture estim\u00e9e\" \/>\n\t<meta name=\"twitter:data1\" content=\"2 minutes\" \/>\n<script type=\"application\/ld+json\" class=\"yoast-schema-graph\">{\"@context\":\"https:\\\/\\\/schema.org\",\"@graph\":[{\"@type\":\"WebPage\",\"@id\":\"https:\\\/\\\/monguide.net\\\/produit\\\/esclave-de-daech\\\/\",\"url\":\"https:\\\/\\\/monguide.net\\\/produit\\\/esclave-de-daech\\\/\",\"name\":\"Esclave de Daech - Mon Guide\",\"isPartOf\":{\"@id\":\"https:\\\/\\\/monguide.net\\\/#website\"},\"primaryImageOfPage\":{\"@id\":\"https:\\\/\\\/monguide.net\\\/produit\\\/esclave-de-daech\\\/#primaryimage\"},\"image\":{\"@id\":\"https:\\\/\\\/monguide.net\\\/produit\\\/esclave-de-daech\\\/#primaryimage\"},\"thumbnailUrl\":\"https:\\\/\\\/monguide.net\\\/wp-content\\\/uploads\\\/2024\\\/09\\\/Esclave-de-Daech.jpg\",\"datePublished\":\"2024-09-29T18:14:09+00:00\",\"dateModified\":\"2026-03-27T10:36:03+00:00\",\"breadcrumb\":{\"@id\":\"https:\\\/\\\/monguide.net\\\/produit\\\/esclave-de-daech\\\/#breadcrumb\"},\"inLanguage\":\"fr-FR\",\"potentialAction\":[{\"@type\":\"ReadAction\",\"target\":[\"https:\\\/\\\/monguide.net\\\/produit\\\/esclave-de-daech\\\/\"]}]},{\"@type\":\"ImageObject\",\"inLanguage\":\"fr-FR\",\"@id\":\"https:\\\/\\\/monguide.net\\\/produit\\\/esclave-de-daech\\\/#primaryimage\",\"url\":\"https:\\\/\\\/monguide.net\\\/wp-content\\\/uploads\\\/2024\\\/09\\\/Esclave-de-Daech.jpg\",\"contentUrl\":\"https:\\\/\\\/monguide.net\\\/wp-content\\\/uploads\\\/2024\\\/09\\\/Esclave-de-Daech.jpg\",\"width\":942,\"height\":1500},{\"@type\":\"BreadcrumbList\",\"@id\":\"https:\\\/\\\/monguide.net\\\/produit\\\/esclave-de-daech\\\/#breadcrumb\",\"itemListElement\":[{\"@type\":\"ListItem\",\"position\":1,\"name\":\"Accueil\",\"item\":\"https:\\\/\\\/monguide.net\\\/\"},{\"@type\":\"ListItem\",\"position\":2,\"name\":\"Boutique\",\"item\":\"https:\\\/\\\/monguide.net\\\/shop\\\/\"},{\"@type\":\"ListItem\",\"position\":3,\"name\":\"Esclave de Daech\"}]},{\"@type\":\"WebSite\",\"@id\":\"https:\\\/\\\/monguide.net\\\/#website\",\"url\":\"https:\\\/\\\/monguide.net\\\/\",\"name\":\"Mon Guide\",\"description\":\"La boussole du monde. Tous vos livres et ebook \u00e0 un endroit\",\"publisher\":{\"@id\":\"https:\\\/\\\/monguide.net\\\/#organization\"},\"potentialAction\":[{\"@type\":\"SearchAction\",\"target\":{\"@type\":\"EntryPoint\",\"urlTemplate\":\"https:\\\/\\\/monguide.net\\\/?s={search_term_string}\"},\"query-input\":{\"@type\":\"PropertyValueSpecification\",\"valueRequired\":true,\"valueName\":\"search_term_string\"}}],\"inLanguage\":\"fr-FR\"},{\"@type\":\"Organization\",\"@id\":\"https:\\\/\\\/monguide.net\\\/#organization\",\"name\":\"Mon Guide\",\"url\":\"https:\\\/\\\/monguide.net\\\/\",\"logo\":{\"@type\":\"ImageObject\",\"inLanguage\":\"fr-FR\",\"@id\":\"https:\\\/\\\/monguide.net\\\/#\\\/schema\\\/logo\\\/image\\\/\",\"url\":\"http:\\\/\\\/monguide.net\\\/wp-content\\\/uploads\\\/2024\\\/05\\\/Favicon.png\",\"contentUrl\":\"http:\\\/\\\/monguide.net\\\/wp-content\\\/uploads\\\/2024\\\/05\\\/Favicon.png\",\"width\":512,\"height\":512,\"caption\":\"Mon Guide\"},\"image\":{\"@id\":\"https:\\\/\\\/monguide.net\\\/#\\\/schema\\\/logo\\\/image\\\/\"},\"sameAs\":[\"https:\\\/\\\/web.facebook.com\\\/profile.php?id=61558559594373&ref=embed_page\"]}]}<\/script>\n<!-- \/ Yoast SEO plugin. -->","yoast_head_json":{"title":"Esclave de Daech - Mon Guide","robots":{"index":"index","follow":"follow","max-snippet":"max-snippet:-1","max-image-preview":"max-image-preview:large","max-video-preview":"max-video-preview:-1"},"canonical":"https:\/\/monguide.net\/fr\/produit\/esclave-de-daech\/","og_locale":"fr_FR","og_type":"article","og_title":"Esclave de Daech - Mon Guide","og_description":"\u00ab Daech est entr\u00e9 dans le village ! Daech attaque ! \u00bb Jinan s\u2019attendait \u00e0 devoir partir un jour ou l\u2019autre dans la pr\u00e9cipitation. Un sentiment de danger imminent s\u2019\u00e9tait r\u00e9pandu dans la r\u00e9gion d\u00e8s le d\u00e9but de l\u2019\u00e9t\u00e9 2014 et, avec lui, l\u2019impression terrifiante qu\u2019un monde allait s\u2019effondrer : le sien. Celui des y\u00e9zidis, habitant au pied des monts Sinjar, dans le nord de l\u2019Irak, non loin de la fronti\u00e8re syrienne. L\u2019offensive des djihadistes de l\u2019\u00c9tat islamique cible les minorit\u00e9s religieuses et ethniques.","og_url":"https:\/\/monguide.net\/fr\/produit\/esclave-de-daech\/","og_site_name":"Mon Guide","article_publisher":"https:\/\/web.facebook.com\/profile.php?id=61558559594373&ref=embed_page","article_modified_time":"2026-03-27T10:36:03+00:00","og_image":[{"width":942,"height":1500,"url":"https:\/\/monguide.net\/wp-content\/uploads\/2024\/09\/Esclave-de-Daech.jpg","type":"image\/jpeg"}],"twitter_card":"summary_large_image","twitter_misc":{"Dur\u00e9e de lecture estim\u00e9e":"2 minutes"},"schema":{"@context":"https:\/\/schema.org","@graph":[{"@type":"WebPage","@id":"https:\/\/monguide.net\/produit\/esclave-de-daech\/","url":"https:\/\/monguide.net\/produit\/esclave-de-daech\/","name":"Esclave de Daech - Mon Guide","isPartOf":{"@id":"https:\/\/monguide.net\/#website"},"primaryImageOfPage":{"@id":"https:\/\/monguide.net\/produit\/esclave-de-daech\/#primaryimage"},"image":{"@id":"https:\/\/monguide.net\/produit\/esclave-de-daech\/#primaryimage"},"thumbnailUrl":"https:\/\/monguide.net\/wp-content\/uploads\/2024\/09\/Esclave-de-Daech.jpg","datePublished":"2024-09-29T18:14:09+00:00","dateModified":"2026-03-27T10:36:03+00:00","breadcrumb":{"@id":"https:\/\/monguide.net\/produit\/esclave-de-daech\/#breadcrumb"},"inLanguage":"fr-FR","potentialAction":[{"@type":"ReadAction","target":["https:\/\/monguide.net\/produit\/esclave-de-daech\/"]}]},{"@type":"ImageObject","inLanguage":"fr-FR","@id":"https:\/\/monguide.net\/produit\/esclave-de-daech\/#primaryimage","url":"https:\/\/monguide.net\/wp-content\/uploads\/2024\/09\/Esclave-de-Daech.jpg","contentUrl":"https:\/\/monguide.net\/wp-content\/uploads\/2024\/09\/Esclave-de-Daech.jpg","width":942,"height":1500},{"@type":"BreadcrumbList","@id":"https:\/\/monguide.net\/produit\/esclave-de-daech\/#breadcrumb","itemListElement":[{"@type":"ListItem","position":1,"name":"Accueil","item":"https:\/\/monguide.net\/"},{"@type":"ListItem","position":2,"name":"Boutique","item":"https:\/\/monguide.net\/shop\/"},{"@type":"ListItem","position":3,"name":"Esclave de Daech"}]},{"@type":"WebSite","@id":"https:\/\/monguide.net\/#website","url":"https:\/\/monguide.net\/","name":"Mon Guide","description":"La boussole du monde. Tous vos livres et ebook \u00e0 un endroit","publisher":{"@id":"https:\/\/monguide.net\/#organization"},"potentialAction":[{"@type":"SearchAction","target":{"@type":"EntryPoint","urlTemplate":"https:\/\/monguide.net\/?s={search_term_string}"},"query-input":{"@type":"PropertyValueSpecification","valueRequired":true,"valueName":"search_term_string"}}],"inLanguage":"fr-FR"},{"@type":"Organization","@id":"https:\/\/monguide.net\/#organization","name":"Mon Guide","url":"https:\/\/monguide.net\/","logo":{"@type":"ImageObject","inLanguage":"fr-FR","@id":"https:\/\/monguide.net\/#\/schema\/logo\/image\/","url":"https:\/\/monguide.net\/wp-content\/uploads\/2024\/05\/Favicon.png","contentUrl":"https:\/\/monguide.net\/wp-content\/uploads\/2024\/05\/Favicon.png","width":512,"height":512,"caption":"Mon Guide"},"image":{"@id":"https:\/\/monguide.net\/#\/schema\/logo\/image\/"},"sameAs":["https:\/\/web.facebook.com\/profile.php?id=61558559594373&ref=embed_page"]}]}},"jetpack_sharing_enabled":true,"_links":{"self":[{"href":"https:\/\/monguide.net\/fr\/wp-json\/wp\/v2\/product\/18919","targetHints":{"allow":["GET"]}}],"collection":[{"href":"https:\/\/monguide.net\/fr\/wp-json\/wp\/v2\/product"}],"about":[{"href":"https:\/\/monguide.net\/fr\/wp-json\/wp\/v2\/types\/product"}],"replies":[{"embeddable":true,"href":"https:\/\/monguide.net\/fr\/wp-json\/wp\/v2\/comments?post=18919"}],"version-history":[{"count":0,"href":"https:\/\/monguide.net\/fr\/wp-json\/wp\/v2\/product\/18919\/revisions"}],"wp:featuredmedia":[{"embeddable":true,"href":"https:\/\/monguide.net\/fr\/wp-json\/wp\/v2\/media\/18921"}],"wp:attachment":[{"href":"https:\/\/monguide.net\/fr\/wp-json\/wp\/v2\/media?parent=18919"}],"wp:term":[{"taxonomy":"product_cat","embeddable":true,"href":"https:\/\/monguide.net\/fr\/wp-json\/wp\/v2\/product_cat?post=18919"},{"taxonomy":"product_tag","embeddable":true,"href":"https:\/\/monguide.net\/fr\/wp-json\/wp\/v2\/product_tag?post=18919"}],"curies":[{"name":"wp","href":"https:\/\/api.w.org\/{rel}","templated":true}]}}