{"id":18948,"date":"2024-10-02T18:40:11","date_gmt":"2024-10-02T16:40:11","guid":{"rendered":"https:\/\/monguide.net\/?post_type=product&#038;p=18948"},"modified":"2026-03-27T11:36:04","modified_gmt":"2026-03-27T10:36:04","slug":"le-c-en-20-heures","status":"publish","type":"product","link":"https:\/\/monguide.net\/fr\/produit\/le-c-en-20-heures\/","title":{"rendered":"Le C en 20 Heures"},"content":{"rendered":"<p>L\u2019ouvrage que vous tenez dans les mains ou que vous consultez sur votre \u00e9cran a pour objectif de vous faire d\u00e9couvrir, par la pratique, la programmation en langage C. Il a \u00e9t\u00e9 test\u00e9 par de nombreux \u00e9tudiants qui n\u2019avaient aucune connaissance pr\u00e9alable de ce langage. En 20 \u00e0 30 heures de travail, ils sont tous parvenus au terme de leur apprentissage. Si vous ne connaissez encore rien \u00e0 la programmation et que vous d\u00e9sirez apprendre, vous serez donc probablement tr\u00e8s int\u00e9ress\u00e9(e) par le contenu de cet ouvrage : il est tr\u00e8s facile d\u2019acc\u00e8s et destin\u00e9 aux grands d\u00e9butants. Il existe une multitude de fa\u00e7ons de programmer un ordinateur, qui d\u00e9pendent du mat\u00e9riel dont vous disposez, du syst\u00e8me d\u2019exploitation que vous utilisez et du langage de programmation que vous choisirez.<\/p>\n<p>Format: PDF<\/p>\n<p>Nombre de page: 233<\/p>\n<p>Langue: Fran\u00e7ais<\/p>","protected":false},"excerpt":{"rendered":"<p>Nous avons fait le choix d\u2019un syst\u00e8me d\u2019exploitation libre : GNU\/Linux et du langage C, tr\u00e8s r\u00e9pandu, largement enseign\u00e9, et finalement assez simple dans ses constructions. N\u00e9anmoins, m\u00eame si vous n\u2019utilisez pas GNU\/Linux, vous pouvez sans risque vous lancer dans la lecture de cet ouvrage. Plus de quatre-vingt-quinze pour cent de ce que vous y trouverez est utilisable sans modification avec d\u2019autres syst\u00e8mes d\u2019exploitation.<\/p>","protected":false},"featured_media":18950,"comment_status":"open","ping_status":"closed","template":"","meta":[],"product_cat":[55,317],"product_tag":[],"class_list":{"0":"post-18948","1":"product","2":"type-product","3":"status-publish","4":"has-post-thumbnail","6":"product_cat-informatique","7":"product_cat-pdf","9":"first","10":"instock","11":"sale","12":"downloadable","13":"shipping-taxable","14":"purchasable","15":"product-type-simple","16":"add-to-wishlist-after_add_to_cart"},"yoast_head":"<!-- This site is optimized with the Yoast SEO plugin v27.4 - https:\/\/yoast.com\/product\/yoast-seo-wordpress\/ -->\n<title>Le C en 20 Heures - Mon Guide<\/title>\n<meta name=\"robots\" content=\"index, follow, max-snippet:-1, max-image-preview:large, max-video-preview:-1\" \/>\n<link rel=\"canonical\" href=\"https:\/\/monguide.net\/fr\/produit\/le-c-en-20-heures\/\" \/>\n<meta property=\"og:locale\" content=\"fr_FR\" \/>\n<meta property=\"og:type\" content=\"article\" \/>\n<meta property=\"og:title\" content=\"Le C en 20 Heures - Mon Guide\" \/>\n<meta property=\"og:description\" content=\"Nous avons fait le choix d\u2019un syst\u00e8me d\u2019exploitation libre : GNU\/Linux et du langage C, tr\u00e8s r\u00e9pandu, largement enseign\u00e9, et finalement assez simple dans ses constructions. N\u00e9anmoins, m\u00eame si vous n\u2019utilisez pas GNU\/Linux, vous pouvez sans risque vous lancer dans la lecture de cet ouvrage. Plus de quatre-vingt-quinze pour cent de ce que vous y trouverez est utilisable sans modification avec d\u2019autres syst\u00e8mes d\u2019exploitation.\" \/>\n<meta property=\"og:url\" content=\"https:\/\/monguide.net\/fr\/produit\/le-c-en-20-heures\/\" \/>\n<meta property=\"og:site_name\" content=\"Mon Guide\" \/>\n<meta property=\"article:publisher\" content=\"https:\/\/web.facebook.com\/profile.php?id=61558559594373&amp;ref=embed_page\" \/>\n<meta property=\"article:modified_time\" content=\"2026-03-27T10:36:04+00:00\" \/>\n<meta property=\"og:image\" content=\"https:\/\/monguide.net\/wp-content\/uploads\/2024\/10\/Le-C-en-20-Heures.jpg\" \/>\n\t<meta property=\"og:image:width\" content=\"402\" \/>\n\t<meta property=\"og:image:height\" content=\"500\" \/>\n\t<meta property=\"og:image:type\" content=\"image\/jpeg\" \/>\n<meta name=\"twitter:card\" content=\"summary_large_image\" \/>\n<meta name=\"twitter:label1\" content=\"Dur\u00e9e de lecture estim\u00e9e\" \/>\n\t<meta name=\"twitter:data1\" content=\"1 minute\" \/>\n<script type=\"application\/ld+json\" class=\"yoast-schema-graph\">{\"@context\":\"https:\\\/\\\/schema.org\",\"@graph\":[{\"@type\":\"WebPage\",\"@id\":\"https:\\\/\\\/monguide.net\\\/produit\\\/le-c-en-20-heures\\\/\",\"url\":\"https:\\\/\\\/monguide.net\\\/produit\\\/le-c-en-20-heures\\\/\",\"name\":\"Le C en 20 Heures - Mon Guide\",\"isPartOf\":{\"@id\":\"https:\\\/\\\/monguide.net\\\/#website\"},\"primaryImageOfPage\":{\"@id\":\"https:\\\/\\\/monguide.net\\\/produit\\\/le-c-en-20-heures\\\/#primaryimage\"},\"image\":{\"@id\":\"https:\\\/\\\/monguide.net\\\/produit\\\/le-c-en-20-heures\\\/#primaryimage\"},\"thumbnailUrl\":\"https:\\\/\\\/monguide.net\\\/wp-content\\\/uploads\\\/2024\\\/10\\\/Le-C-en-20-Heures.jpg\",\"datePublished\":\"2024-10-02T16:40:11+00:00\",\"dateModified\":\"2026-03-27T10:36:04+00:00\",\"breadcrumb\":{\"@id\":\"https:\\\/\\\/monguide.net\\\/produit\\\/le-c-en-20-heures\\\/#breadcrumb\"},\"inLanguage\":\"fr-FR\",\"potentialAction\":[{\"@type\":\"ReadAction\",\"target\":[\"https:\\\/\\\/monguide.net\\\/produit\\\/le-c-en-20-heures\\\/\"]}]},{\"@type\":\"ImageObject\",\"inLanguage\":\"fr-FR\",\"@id\":\"https:\\\/\\\/monguide.net\\\/produit\\\/le-c-en-20-heures\\\/#primaryimage\",\"url\":\"https:\\\/\\\/monguide.net\\\/wp-content\\\/uploads\\\/2024\\\/10\\\/Le-C-en-20-Heures.jpg\",\"contentUrl\":\"https:\\\/\\\/monguide.net\\\/wp-content\\\/uploads\\\/2024\\\/10\\\/Le-C-en-20-Heures.jpg\",\"width\":402,\"height\":500,\"caption\":\"Version 1.0.0\"},{\"@type\":\"BreadcrumbList\",\"@id\":\"https:\\\/\\\/monguide.net\\\/produit\\\/le-c-en-20-heures\\\/#breadcrumb\",\"itemListElement\":[{\"@type\":\"ListItem\",\"position\":1,\"name\":\"Accueil\",\"item\":\"https:\\\/\\\/monguide.net\\\/\"},{\"@type\":\"ListItem\",\"position\":2,\"name\":\"Boutique\",\"item\":\"https:\\\/\\\/monguide.net\\\/shop\\\/\"},{\"@type\":\"ListItem\",\"position\":3,\"name\":\"Le C en 20 Heures\"}]},{\"@type\":\"WebSite\",\"@id\":\"https:\\\/\\\/monguide.net\\\/#website\",\"url\":\"https:\\\/\\\/monguide.net\\\/\",\"name\":\"Mon Guide\",\"description\":\"La boussole du monde. Tous vos livres et ebook \u00e0 un endroit\",\"publisher\":{\"@id\":\"https:\\\/\\\/monguide.net\\\/#organization\"},\"potentialAction\":[{\"@type\":\"SearchAction\",\"target\":{\"@type\":\"EntryPoint\",\"urlTemplate\":\"https:\\\/\\\/monguide.net\\\/?s={search_term_string}\"},\"query-input\":{\"@type\":\"PropertyValueSpecification\",\"valueRequired\":true,\"valueName\":\"search_term_string\"}}],\"inLanguage\":\"fr-FR\"},{\"@type\":\"Organization\",\"@id\":\"https:\\\/\\\/monguide.net\\\/#organization\",\"name\":\"Mon Guide\",\"url\":\"https:\\\/\\\/monguide.net\\\/\",\"logo\":{\"@type\":\"ImageObject\",\"inLanguage\":\"fr-FR\",\"@id\":\"https:\\\/\\\/monguide.net\\\/#\\\/schema\\\/logo\\\/image\\\/\",\"url\":\"http:\\\/\\\/monguide.net\\\/wp-content\\\/uploads\\\/2024\\\/05\\\/Favicon.png\",\"contentUrl\":\"http:\\\/\\\/monguide.net\\\/wp-content\\\/uploads\\\/2024\\\/05\\\/Favicon.png\",\"width\":512,\"height\":512,\"caption\":\"Mon Guide\"},\"image\":{\"@id\":\"https:\\\/\\\/monguide.net\\\/#\\\/schema\\\/logo\\\/image\\\/\"},\"sameAs\":[\"https:\\\/\\\/web.facebook.com\\\/profile.php?id=61558559594373&ref=embed_page\"]}]}<\/script>\n<!-- \/ Yoast SEO plugin. -->","yoast_head_json":{"title":"Le C en 20 Heures - Mon Guide","robots":{"index":"index","follow":"follow","max-snippet":"max-snippet:-1","max-image-preview":"max-image-preview:large","max-video-preview":"max-video-preview:-1"},"canonical":"https:\/\/monguide.net\/fr\/produit\/le-c-en-20-heures\/","og_locale":"fr_FR","og_type":"article","og_title":"Le C en 20 Heures - Mon Guide","og_description":"Nous avons fait le choix d\u2019un syst\u00e8me d\u2019exploitation libre : GNU\/Linux et du langage C, tr\u00e8s r\u00e9pandu, largement enseign\u00e9, et finalement assez simple dans ses constructions. N\u00e9anmoins, m\u00eame si vous n\u2019utilisez pas GNU\/Linux, vous pouvez sans risque vous lancer dans la lecture de cet ouvrage. Plus de quatre-vingt-quinze pour cent de ce que vous y trouverez est utilisable sans modification avec d\u2019autres syst\u00e8mes d\u2019exploitation.","og_url":"https:\/\/monguide.net\/fr\/produit\/le-c-en-20-heures\/","og_site_name":"Mon Guide","article_publisher":"https:\/\/web.facebook.com\/profile.php?id=61558559594373&ref=embed_page","article_modified_time":"2026-03-27T10:36:04+00:00","og_image":[{"width":402,"height":500,"url":"https:\/\/monguide.net\/wp-content\/uploads\/2024\/10\/Le-C-en-20-Heures.jpg","type":"image\/jpeg"}],"twitter_card":"summary_large_image","twitter_misc":{"Dur\u00e9e de lecture estim\u00e9e":"1 minute"},"schema":{"@context":"https:\/\/schema.org","@graph":[{"@type":"WebPage","@id":"https:\/\/monguide.net\/produit\/le-c-en-20-heures\/","url":"https:\/\/monguide.net\/produit\/le-c-en-20-heures\/","name":"Le C en 20 Heures - Mon Guide","isPartOf":{"@id":"https:\/\/monguide.net\/#website"},"primaryImageOfPage":{"@id":"https:\/\/monguide.net\/produit\/le-c-en-20-heures\/#primaryimage"},"image":{"@id":"https:\/\/monguide.net\/produit\/le-c-en-20-heures\/#primaryimage"},"thumbnailUrl":"https:\/\/monguide.net\/wp-content\/uploads\/2024\/10\/Le-C-en-20-Heures.jpg","datePublished":"2024-10-02T16:40:11+00:00","dateModified":"2026-03-27T10:36:04+00:00","breadcrumb":{"@id":"https:\/\/monguide.net\/produit\/le-c-en-20-heures\/#breadcrumb"},"inLanguage":"fr-FR","potentialAction":[{"@type":"ReadAction","target":["https:\/\/monguide.net\/produit\/le-c-en-20-heures\/"]}]},{"@type":"ImageObject","inLanguage":"fr-FR","@id":"https:\/\/monguide.net\/produit\/le-c-en-20-heures\/#primaryimage","url":"https:\/\/monguide.net\/wp-content\/uploads\/2024\/10\/Le-C-en-20-Heures.jpg","contentUrl":"https:\/\/monguide.net\/wp-content\/uploads\/2024\/10\/Le-C-en-20-Heures.jpg","width":402,"height":500,"caption":"Version 1.0.0"},{"@type":"BreadcrumbList","@id":"https:\/\/monguide.net\/produit\/le-c-en-20-heures\/#breadcrumb","itemListElement":[{"@type":"ListItem","position":1,"name":"Accueil","item":"https:\/\/monguide.net\/"},{"@type":"ListItem","position":2,"name":"Boutique","item":"https:\/\/monguide.net\/shop\/"},{"@type":"ListItem","position":3,"name":"Le C en 20 Heures"}]},{"@type":"WebSite","@id":"https:\/\/monguide.net\/#website","url":"https:\/\/monguide.net\/","name":"Mon Guide","description":"La boussole du monde. Tous vos livres et ebook \u00e0 un endroit","publisher":{"@id":"https:\/\/monguide.net\/#organization"},"potentialAction":[{"@type":"SearchAction","target":{"@type":"EntryPoint","urlTemplate":"https:\/\/monguide.net\/?s={search_term_string}"},"query-input":{"@type":"PropertyValueSpecification","valueRequired":true,"valueName":"search_term_string"}}],"inLanguage":"fr-FR"},{"@type":"Organization","@id":"https:\/\/monguide.net\/#organization","name":"Mon Guide","url":"https:\/\/monguide.net\/","logo":{"@type":"ImageObject","inLanguage":"fr-FR","@id":"https:\/\/monguide.net\/#\/schema\/logo\/image\/","url":"https:\/\/monguide.net\/wp-content\/uploads\/2024\/05\/Favicon.png","contentUrl":"https:\/\/monguide.net\/wp-content\/uploads\/2024\/05\/Favicon.png","width":512,"height":512,"caption":"Mon Guide"},"image":{"@id":"https:\/\/monguide.net\/#\/schema\/logo\/image\/"},"sameAs":["https:\/\/web.facebook.com\/profile.php?id=61558559594373&ref=embed_page"]}]}},"jetpack_sharing_enabled":true,"_links":{"self":[{"href":"https:\/\/monguide.net\/fr\/wp-json\/wp\/v2\/product\/18948","targetHints":{"allow":["GET"]}}],"collection":[{"href":"https:\/\/monguide.net\/fr\/wp-json\/wp\/v2\/product"}],"about":[{"href":"https:\/\/monguide.net\/fr\/wp-json\/wp\/v2\/types\/product"}],"replies":[{"embeddable":true,"href":"https:\/\/monguide.net\/fr\/wp-json\/wp\/v2\/comments?post=18948"}],"version-history":[{"count":0,"href":"https:\/\/monguide.net\/fr\/wp-json\/wp\/v2\/product\/18948\/revisions"}],"wp:featuredmedia":[{"embeddable":true,"href":"https:\/\/monguide.net\/fr\/wp-json\/wp\/v2\/media\/18950"}],"wp:attachment":[{"href":"https:\/\/monguide.net\/fr\/wp-json\/wp\/v2\/media?parent=18948"}],"wp:term":[{"taxonomy":"product_cat","embeddable":true,"href":"https:\/\/monguide.net\/fr\/wp-json\/wp\/v2\/product_cat?post=18948"},{"taxonomy":"product_tag","embeddable":true,"href":"https:\/\/monguide.net\/fr\/wp-json\/wp\/v2\/product_tag?post=18948"}],"curies":[{"name":"wp","href":"https:\/\/api.w.org\/{rel}","templated":true}]}}