{"id":19007,"date":"2024-10-03T21:18:54","date_gmt":"2024-10-03T19:18:54","guid":{"rendered":"https:\/\/monguide.net\/?post_type=product&#038;p=19007"},"modified":"2026-03-27T11:36:06","modified_gmt":"2026-03-27T10:36:06","slug":"comprendre-la-finance","status":"publish","type":"product","link":"https:\/\/monguide.net\/fr\/produit\/comprendre-la-finance\/","title":{"rendered":"Comprendre la finance"},"content":{"rendered":"<p>La finance fait r\u00eaver les uns et fait peur aux autres. Si elle ne laisse personne indiff\u00e9rent, c&#8217;est parce qu&#8217;elle a connu une mutation profonde : outil technique \u00e0 l&#8217;origine, elle a r\u00e9ussi \u00e0 s&#8217;imposer au tout premier plan et octroie aujourd&#8217;hui une puissance et importance in\u00e9gal\u00e9es \u00e0 ses acteurs comme les investisseurs institutionnels ou les banques centrales d&#8217;un c\u00f4t\u00e9 et les instances de r\u00e9gulation de l&#8217;autre.<br \/>\nPremi\u00e8re partie : La finance au service de l&#8217;\u00e9conomie ?<br \/>\nDeuxi\u00e8me partie : Un secteur controvers\u00e9<br \/>\nTroisi\u00e8me partie : La finance de demain<\/p>\n<p>Format: PDF<\/p>\n<p>Nombre de page: 116<\/p>\n<p>Langue: Fran\u00e7ais<\/p>","protected":false},"excerpt":{"rendered":"<p>Ce num\u00e9ro hors-s\u00e9rie de Probl\u00e8mes \u00e9conomiques de 116 pages, au format PDF, disponible uniquement en t\u00e9l\u00e9chargement, fait le point sur les principales \u00e9volutions en mati\u00e8re de finance et propose une synth\u00e8se claire et p\u00e9dagogique des grandes controverses et des d\u00e9fis de l&#8217;\u00e9conomie financi\u00e8re contemporaine.<\/p>","protected":false},"featured_media":19009,"comment_status":"open","ping_status":"closed","template":"","meta":[],"product_cat":[829,317,379],"product_tag":[],"class_list":{"0":"post-19007","1":"product","2":"type-product","3":"status-publish","4":"has-post-thumbnail","6":"product_cat-finances","7":"product_cat-pdf","8":"product_cat-politique","10":"first","11":"instock","12":"sale","13":"downloadable","14":"shipping-taxable","15":"purchasable","16":"product-type-simple","17":"add-to-wishlist-after_add_to_cart"},"yoast_head":"<!-- This site is optimized with the Yoast SEO plugin v27.4 - https:\/\/yoast.com\/product\/yoast-seo-wordpress\/ -->\n<title>Comprendre la finance - Mon Guide<\/title>\n<meta name=\"robots\" content=\"index, follow, max-snippet:-1, max-image-preview:large, max-video-preview:-1\" \/>\n<link rel=\"canonical\" href=\"https:\/\/monguide.net\/fr\/produit\/comprendre-la-finance\/\" \/>\n<meta property=\"og:locale\" content=\"fr_FR\" \/>\n<meta property=\"og:type\" content=\"article\" \/>\n<meta property=\"og:title\" content=\"Comprendre la finance - Mon Guide\" \/>\n<meta property=\"og:description\" content=\"Ce num\u00e9ro hors-s\u00e9rie de Probl\u00e8mes \u00e9conomiques de 116 pages, au format PDF, disponible uniquement en t\u00e9l\u00e9chargement, fait le point sur les principales \u00e9volutions en mati\u00e8re de finance et propose une synth\u00e8se claire et p\u00e9dagogique des grandes controverses et des d\u00e9fis de l&#039;\u00e9conomie financi\u00e8re contemporaine.\" \/>\n<meta property=\"og:url\" content=\"https:\/\/monguide.net\/fr\/produit\/comprendre-la-finance\/\" \/>\n<meta property=\"og:site_name\" content=\"Mon Guide\" \/>\n<meta property=\"article:publisher\" content=\"https:\/\/web.facebook.com\/profile.php?id=61558559594373&amp;ref=embed_page\" \/>\n<meta property=\"article:modified_time\" content=\"2026-03-27T10:36:06+00:00\" \/>\n<meta property=\"og:image\" content=\"https:\/\/monguide.net\/wp-content\/uploads\/2024\/10\/Comprendre-la-finance.jpg\" \/>\n\t<meta property=\"og:image:width\" content=\"1042\" \/>\n\t<meta property=\"og:image:height\" content=\"1200\" \/>\n\t<meta property=\"og:image:type\" content=\"image\/jpeg\" \/>\n<meta name=\"twitter:card\" content=\"summary_large_image\" \/>\n<meta name=\"twitter:label1\" content=\"Dur\u00e9e de lecture estim\u00e9e\" \/>\n\t<meta name=\"twitter:data1\" content=\"1 minute\" \/>\n<script type=\"application\/ld+json\" class=\"yoast-schema-graph\">{\"@context\":\"https:\\\/\\\/schema.org\",\"@graph\":[{\"@type\":\"WebPage\",\"@id\":\"https:\\\/\\\/monguide.net\\\/produit\\\/comprendre-la-finance\\\/\",\"url\":\"https:\\\/\\\/monguide.net\\\/produit\\\/comprendre-la-finance\\\/\",\"name\":\"Comprendre la finance - Mon Guide\",\"isPartOf\":{\"@id\":\"https:\\\/\\\/monguide.net\\\/#website\"},\"primaryImageOfPage\":{\"@id\":\"https:\\\/\\\/monguide.net\\\/produit\\\/comprendre-la-finance\\\/#primaryimage\"},\"image\":{\"@id\":\"https:\\\/\\\/monguide.net\\\/produit\\\/comprendre-la-finance\\\/#primaryimage\"},\"thumbnailUrl\":\"https:\\\/\\\/monguide.net\\\/wp-content\\\/uploads\\\/2024\\\/10\\\/Comprendre-la-finance.jpg\",\"datePublished\":\"2024-10-03T19:18:54+00:00\",\"dateModified\":\"2026-03-27T10:36:06+00:00\",\"breadcrumb\":{\"@id\":\"https:\\\/\\\/monguide.net\\\/produit\\\/comprendre-la-finance\\\/#breadcrumb\"},\"inLanguage\":\"fr-FR\",\"potentialAction\":[{\"@type\":\"ReadAction\",\"target\":[\"https:\\\/\\\/monguide.net\\\/produit\\\/comprendre-la-finance\\\/\"]}]},{\"@type\":\"ImageObject\",\"inLanguage\":\"fr-FR\",\"@id\":\"https:\\\/\\\/monguide.net\\\/produit\\\/comprendre-la-finance\\\/#primaryimage\",\"url\":\"https:\\\/\\\/monguide.net\\\/wp-content\\\/uploads\\\/2024\\\/10\\\/Comprendre-la-finance.jpg\",\"contentUrl\":\"https:\\\/\\\/monguide.net\\\/wp-content\\\/uploads\\\/2024\\\/10\\\/Comprendre-la-finance.jpg\",\"width\":1042,\"height\":1200},{\"@type\":\"BreadcrumbList\",\"@id\":\"https:\\\/\\\/monguide.net\\\/produit\\\/comprendre-la-finance\\\/#breadcrumb\",\"itemListElement\":[{\"@type\":\"ListItem\",\"position\":1,\"name\":\"Accueil\",\"item\":\"https:\\\/\\\/monguide.net\\\/\"},{\"@type\":\"ListItem\",\"position\":2,\"name\":\"Boutique\",\"item\":\"https:\\\/\\\/monguide.net\\\/shop\\\/\"},{\"@type\":\"ListItem\",\"position\":3,\"name\":\"Comprendre la finance\"}]},{\"@type\":\"WebSite\",\"@id\":\"https:\\\/\\\/monguide.net\\\/#website\",\"url\":\"https:\\\/\\\/monguide.net\\\/\",\"name\":\"Mon Guide\",\"description\":\"La boussole du monde. Tous vos livres et ebook \u00e0 un endroit\",\"publisher\":{\"@id\":\"https:\\\/\\\/monguide.net\\\/#organization\"},\"potentialAction\":[{\"@type\":\"SearchAction\",\"target\":{\"@type\":\"EntryPoint\",\"urlTemplate\":\"https:\\\/\\\/monguide.net\\\/?s={search_term_string}\"},\"query-input\":{\"@type\":\"PropertyValueSpecification\",\"valueRequired\":true,\"valueName\":\"search_term_string\"}}],\"inLanguage\":\"fr-FR\"},{\"@type\":\"Organization\",\"@id\":\"https:\\\/\\\/monguide.net\\\/#organization\",\"name\":\"Mon Guide\",\"url\":\"https:\\\/\\\/monguide.net\\\/\",\"logo\":{\"@type\":\"ImageObject\",\"inLanguage\":\"fr-FR\",\"@id\":\"https:\\\/\\\/monguide.net\\\/#\\\/schema\\\/logo\\\/image\\\/\",\"url\":\"http:\\\/\\\/monguide.net\\\/wp-content\\\/uploads\\\/2024\\\/05\\\/Favicon.png\",\"contentUrl\":\"http:\\\/\\\/monguide.net\\\/wp-content\\\/uploads\\\/2024\\\/05\\\/Favicon.png\",\"width\":512,\"height\":512,\"caption\":\"Mon Guide\"},\"image\":{\"@id\":\"https:\\\/\\\/monguide.net\\\/#\\\/schema\\\/logo\\\/image\\\/\"},\"sameAs\":[\"https:\\\/\\\/web.facebook.com\\\/profile.php?id=61558559594373&ref=embed_page\"]}]}<\/script>\n<!-- \/ Yoast SEO plugin. -->","yoast_head_json":{"title":"Comprendre la finance - Mon Guide","robots":{"index":"index","follow":"follow","max-snippet":"max-snippet:-1","max-image-preview":"max-image-preview:large","max-video-preview":"max-video-preview:-1"},"canonical":"https:\/\/monguide.net\/fr\/produit\/comprendre-la-finance\/","og_locale":"fr_FR","og_type":"article","og_title":"Comprendre la finance - Mon Guide","og_description":"Ce num\u00e9ro hors-s\u00e9rie de Probl\u00e8mes \u00e9conomiques de 116 pages, au format PDF, disponible uniquement en t\u00e9l\u00e9chargement, fait le point sur les principales \u00e9volutions en mati\u00e8re de finance et propose une synth\u00e8se claire et p\u00e9dagogique des grandes controverses et des d\u00e9fis de l'\u00e9conomie financi\u00e8re contemporaine.","og_url":"https:\/\/monguide.net\/fr\/produit\/comprendre-la-finance\/","og_site_name":"Mon Guide","article_publisher":"https:\/\/web.facebook.com\/profile.php?id=61558559594373&ref=embed_page","article_modified_time":"2026-03-27T10:36:06+00:00","og_image":[{"width":1042,"height":1200,"url":"https:\/\/monguide.net\/wp-content\/uploads\/2024\/10\/Comprendre-la-finance.jpg","type":"image\/jpeg"}],"twitter_card":"summary_large_image","twitter_misc":{"Dur\u00e9e de lecture estim\u00e9e":"1 minute"},"schema":{"@context":"https:\/\/schema.org","@graph":[{"@type":"WebPage","@id":"https:\/\/monguide.net\/produit\/comprendre-la-finance\/","url":"https:\/\/monguide.net\/produit\/comprendre-la-finance\/","name":"Comprendre la finance - Mon Guide","isPartOf":{"@id":"https:\/\/monguide.net\/#website"},"primaryImageOfPage":{"@id":"https:\/\/monguide.net\/produit\/comprendre-la-finance\/#primaryimage"},"image":{"@id":"https:\/\/monguide.net\/produit\/comprendre-la-finance\/#primaryimage"},"thumbnailUrl":"https:\/\/monguide.net\/wp-content\/uploads\/2024\/10\/Comprendre-la-finance.jpg","datePublished":"2024-10-03T19:18:54+00:00","dateModified":"2026-03-27T10:36:06+00:00","breadcrumb":{"@id":"https:\/\/monguide.net\/produit\/comprendre-la-finance\/#breadcrumb"},"inLanguage":"fr-FR","potentialAction":[{"@type":"ReadAction","target":["https:\/\/monguide.net\/produit\/comprendre-la-finance\/"]}]},{"@type":"ImageObject","inLanguage":"fr-FR","@id":"https:\/\/monguide.net\/produit\/comprendre-la-finance\/#primaryimage","url":"https:\/\/monguide.net\/wp-content\/uploads\/2024\/10\/Comprendre-la-finance.jpg","contentUrl":"https:\/\/monguide.net\/wp-content\/uploads\/2024\/10\/Comprendre-la-finance.jpg","width":1042,"height":1200},{"@type":"BreadcrumbList","@id":"https:\/\/monguide.net\/produit\/comprendre-la-finance\/#breadcrumb","itemListElement":[{"@type":"ListItem","position":1,"name":"Accueil","item":"https:\/\/monguide.net\/"},{"@type":"ListItem","position":2,"name":"Boutique","item":"https:\/\/monguide.net\/shop\/"},{"@type":"ListItem","position":3,"name":"Comprendre la finance"}]},{"@type":"WebSite","@id":"https:\/\/monguide.net\/#website","url":"https:\/\/monguide.net\/","name":"Mon Guide","description":"La boussole du monde. Tous vos livres et ebook \u00e0 un endroit","publisher":{"@id":"https:\/\/monguide.net\/#organization"},"potentialAction":[{"@type":"SearchAction","target":{"@type":"EntryPoint","urlTemplate":"https:\/\/monguide.net\/?s={search_term_string}"},"query-input":{"@type":"PropertyValueSpecification","valueRequired":true,"valueName":"search_term_string"}}],"inLanguage":"fr-FR"},{"@type":"Organization","@id":"https:\/\/monguide.net\/#organization","name":"Mon Guide","url":"https:\/\/monguide.net\/","logo":{"@type":"ImageObject","inLanguage":"fr-FR","@id":"https:\/\/monguide.net\/#\/schema\/logo\/image\/","url":"https:\/\/monguide.net\/wp-content\/uploads\/2024\/05\/Favicon.png","contentUrl":"https:\/\/monguide.net\/wp-content\/uploads\/2024\/05\/Favicon.png","width":512,"height":512,"caption":"Mon Guide"},"image":{"@id":"https:\/\/monguide.net\/#\/schema\/logo\/image\/"},"sameAs":["https:\/\/web.facebook.com\/profile.php?id=61558559594373&ref=embed_page"]}]}},"jetpack_sharing_enabled":true,"_links":{"self":[{"href":"https:\/\/monguide.net\/fr\/wp-json\/wp\/v2\/product\/19007","targetHints":{"allow":["GET"]}}],"collection":[{"href":"https:\/\/monguide.net\/fr\/wp-json\/wp\/v2\/product"}],"about":[{"href":"https:\/\/monguide.net\/fr\/wp-json\/wp\/v2\/types\/product"}],"replies":[{"embeddable":true,"href":"https:\/\/monguide.net\/fr\/wp-json\/wp\/v2\/comments?post=19007"}],"version-history":[{"count":0,"href":"https:\/\/monguide.net\/fr\/wp-json\/wp\/v2\/product\/19007\/revisions"}],"wp:featuredmedia":[{"embeddable":true,"href":"https:\/\/monguide.net\/fr\/wp-json\/wp\/v2\/media\/19009"}],"wp:attachment":[{"href":"https:\/\/monguide.net\/fr\/wp-json\/wp\/v2\/media?parent=19007"}],"wp:term":[{"taxonomy":"product_cat","embeddable":true,"href":"https:\/\/monguide.net\/fr\/wp-json\/wp\/v2\/product_cat?post=19007"},{"taxonomy":"product_tag","embeddable":true,"href":"https:\/\/monguide.net\/fr\/wp-json\/wp\/v2\/product_tag?post=19007"}],"curies":[{"name":"wp","href":"https:\/\/api.w.org\/{rel}","templated":true}]}}