{"id":19127,"date":"2024-10-06T21:46:35","date_gmt":"2024-10-06T19:46:35","guid":{"rendered":"https:\/\/monguide.net\/?post_type=product&#038;p=19127"},"modified":"2026-03-27T11:36:10","modified_gmt":"2026-03-27T10:36:10","slug":"toxic-croquettes","status":"publish","type":"product","link":"https:\/\/monguide.net\/fr\/produit\/toxic-croquettes\/","title":{"rendered":"Toxic croquettes"},"content":{"rendered":"<p><span class=\"a-text-bold\">Aidez votre animal \u00e0 vivre plus longtemps et en meilleure sant\u00e9. <\/span>Des millions de chiens et de chats sont nourris aux croquettes et aux p\u00e2t\u00e9s industriels. Une aubaine pour les fabricants&#8230; mais une catastrophe pour la sant\u00e9 des animaux. La v\u00e9t\u00e9rinaire Jutta Ziegler s\u2019est pench\u00e9e sur la composition des croquettes. Son verdict : formulation inadapt\u00e9e, ingr\u00e9dients de mauvaise qualit\u00e9, les croquettes sont en grande partie responsables de la flamb\u00e9e du diab\u00e8te, du surpoids, des maladies r\u00e9nales, des allergies&#8230; observ\u00e9e chez les animaux de compagnie, mais aussi et surtout de la diminution de leur dur\u00e9e de vie.<\/p>\n<p>Elle pointe au passage la d\u00e9gradation de la qualit\u00e9 des soins v\u00e9t\u00e9rinaires sous l\u2019effet de la course au profit : vaccinations inutiles, recours excessif aux antibiotiques et \u00e0 la cortisone&#8230; Des traitements nocifs qui fragilisent les animaux et augmentent leur risque de maladie.<\/p>\n<p>\u00c0 partir de cas cliniques et avec une bonne dose d\u2019humour, l\u2019auteur explique comment rep\u00e9rer et remettre en question les r\u00e9gimes et les soins v\u00e9t\u00e9rinaires qui ne se justifient pas.<\/p>\n<p>Format: PDF<\/p>\n<p>Nombre de page: 201<\/p>\n<p>Langue: Fran\u00e7ais<\/p>","protected":false},"excerpt":{"rendered":"<p><span class=\"a-text-bold\">Vous saurez dans ce guide de 201 pages, au format PDF, disponible en t\u00e9l\u00e9chargement :<\/span><br \/>\n&#8211; Comment donner \u00e0 votre animal une alimentation \u00ab naturelle \u00bb qui respecte ses besoins nutritionnels et lui permettra de vivre longtemps en bonne sant\u00e9<br \/>\n&#8211; Quels sont les vaccins vraiment indispensables et ceux qui sont inutiles<br \/>\n&#8211; Comment distinguer, d\u00e8s la salle d\u2019attente, un v\u00e9t\u00e9rinaire qui se pr\u00e9occupe davantage de la sant\u00e9 des animaux que de son porte-monnaie.<\/p>","protected":false},"featured_media":19129,"comment_status":"open","ping_status":"closed","template":"","meta":[],"product_cat":[397],"product_tag":[],"class_list":{"0":"post-19127","1":"product","2":"type-product","3":"status-publish","4":"has-post-thumbnail","6":"product_cat-animaux","8":"first","9":"instock","10":"sale","11":"downloadable","12":"shipping-taxable","13":"purchasable","14":"product-type-simple","15":"add-to-wishlist-after_add_to_cart"},"yoast_head":"<!-- This site is optimized with the Yoast SEO plugin v27.4 - https:\/\/yoast.com\/product\/yoast-seo-wordpress\/ -->\n<title>Toxic croquettes - Mon Guide<\/title>\n<meta name=\"robots\" content=\"index, follow, max-snippet:-1, max-image-preview:large, max-video-preview:-1\" \/>\n<link rel=\"canonical\" href=\"https:\/\/monguide.net\/fr\/produit\/toxic-croquettes\/\" \/>\n<meta property=\"og:locale\" content=\"fr_FR\" \/>\n<meta property=\"og:type\" content=\"article\" \/>\n<meta property=\"og:title\" content=\"Toxic croquettes - Mon Guide\" \/>\n<meta property=\"og:description\" content=\"Vous saurez dans ce guide de 201 pages, au format PDF, disponible en t\u00e9l\u00e9chargement : - Comment donner \u00e0 votre animal une alimentation \u00ab naturelle \u00bb qui respecte ses besoins nutritionnels et lui permettra de vivre longtemps en bonne sant\u00e9 - Quels sont les vaccins vraiment indispensables et ceux qui sont inutiles - Comment distinguer, d\u00e8s la salle d\u2019attente, un v\u00e9t\u00e9rinaire qui se pr\u00e9occupe davantage de la sant\u00e9 des animaux que de son porte-monnaie.\" \/>\n<meta property=\"og:url\" content=\"https:\/\/monguide.net\/fr\/produit\/toxic-croquettes\/\" \/>\n<meta property=\"og:site_name\" content=\"Mon Guide\" \/>\n<meta property=\"article:publisher\" content=\"https:\/\/web.facebook.com\/profile.php?id=61558559594373&amp;ref=embed_page\" \/>\n<meta property=\"article:modified_time\" content=\"2026-03-27T10:36:10+00:00\" \/>\n<meta property=\"og:image\" content=\"https:\/\/monguide.net\/wp-content\/uploads\/2024\/10\/Toxic-croquettes.jpg\" \/>\n\t<meta property=\"og:image:width\" content=\"997\" \/>\n\t<meta property=\"og:image:height\" content=\"1500\" \/>\n\t<meta property=\"og:image:type\" content=\"image\/jpeg\" \/>\n<meta name=\"twitter:card\" content=\"summary_large_image\" \/>\n<meta name=\"twitter:label1\" content=\"Dur\u00e9e de lecture estim\u00e9e\" \/>\n\t<meta name=\"twitter:data1\" content=\"2 minutes\" \/>\n<script type=\"application\/ld+json\" class=\"yoast-schema-graph\">{\"@context\":\"https:\\\/\\\/schema.org\",\"@graph\":[{\"@type\":\"WebPage\",\"@id\":\"https:\\\/\\\/monguide.net\\\/produit\\\/toxic-croquettes\\\/\",\"url\":\"https:\\\/\\\/monguide.net\\\/produit\\\/toxic-croquettes\\\/\",\"name\":\"Toxic croquettes - Mon Guide\",\"isPartOf\":{\"@id\":\"https:\\\/\\\/monguide.net\\\/#website\"},\"primaryImageOfPage\":{\"@id\":\"https:\\\/\\\/monguide.net\\\/produit\\\/toxic-croquettes\\\/#primaryimage\"},\"image\":{\"@id\":\"https:\\\/\\\/monguide.net\\\/produit\\\/toxic-croquettes\\\/#primaryimage\"},\"thumbnailUrl\":\"https:\\\/\\\/monguide.net\\\/wp-content\\\/uploads\\\/2024\\\/10\\\/Toxic-croquettes.jpg\",\"datePublished\":\"2024-10-06T19:46:35+00:00\",\"dateModified\":\"2026-03-27T10:36:10+00:00\",\"breadcrumb\":{\"@id\":\"https:\\\/\\\/monguide.net\\\/produit\\\/toxic-croquettes\\\/#breadcrumb\"},\"inLanguage\":\"fr-FR\",\"potentialAction\":[{\"@type\":\"ReadAction\",\"target\":[\"https:\\\/\\\/monguide.net\\\/produit\\\/toxic-croquettes\\\/\"]}]},{\"@type\":\"ImageObject\",\"inLanguage\":\"fr-FR\",\"@id\":\"https:\\\/\\\/monguide.net\\\/produit\\\/toxic-croquettes\\\/#primaryimage\",\"url\":\"https:\\\/\\\/monguide.net\\\/wp-content\\\/uploads\\\/2024\\\/10\\\/Toxic-croquettes.jpg\",\"contentUrl\":\"https:\\\/\\\/monguide.net\\\/wp-content\\\/uploads\\\/2024\\\/10\\\/Toxic-croquettes.jpg\",\"width\":997,\"height\":1500},{\"@type\":\"BreadcrumbList\",\"@id\":\"https:\\\/\\\/monguide.net\\\/produit\\\/toxic-croquettes\\\/#breadcrumb\",\"itemListElement\":[{\"@type\":\"ListItem\",\"position\":1,\"name\":\"Accueil\",\"item\":\"https:\\\/\\\/monguide.net\\\/\"},{\"@type\":\"ListItem\",\"position\":2,\"name\":\"Boutique\",\"item\":\"https:\\\/\\\/monguide.net\\\/shop\\\/\"},{\"@type\":\"ListItem\",\"position\":3,\"name\":\"Toxic croquettes\"}]},{\"@type\":\"WebSite\",\"@id\":\"https:\\\/\\\/monguide.net\\\/#website\",\"url\":\"https:\\\/\\\/monguide.net\\\/\",\"name\":\"Mon Guide\",\"description\":\"La boussole du monde. Tous vos livres et ebook \u00e0 un endroit\",\"publisher\":{\"@id\":\"https:\\\/\\\/monguide.net\\\/#organization\"},\"potentialAction\":[{\"@type\":\"SearchAction\",\"target\":{\"@type\":\"EntryPoint\",\"urlTemplate\":\"https:\\\/\\\/monguide.net\\\/?s={search_term_string}\"},\"query-input\":{\"@type\":\"PropertyValueSpecification\",\"valueRequired\":true,\"valueName\":\"search_term_string\"}}],\"inLanguage\":\"fr-FR\"},{\"@type\":\"Organization\",\"@id\":\"https:\\\/\\\/monguide.net\\\/#organization\",\"name\":\"Mon Guide\",\"url\":\"https:\\\/\\\/monguide.net\\\/\",\"logo\":{\"@type\":\"ImageObject\",\"inLanguage\":\"fr-FR\",\"@id\":\"https:\\\/\\\/monguide.net\\\/#\\\/schema\\\/logo\\\/image\\\/\",\"url\":\"http:\\\/\\\/monguide.net\\\/wp-content\\\/uploads\\\/2024\\\/05\\\/Favicon.png\",\"contentUrl\":\"http:\\\/\\\/monguide.net\\\/wp-content\\\/uploads\\\/2024\\\/05\\\/Favicon.png\",\"width\":512,\"height\":512,\"caption\":\"Mon Guide\"},\"image\":{\"@id\":\"https:\\\/\\\/monguide.net\\\/#\\\/schema\\\/logo\\\/image\\\/\"},\"sameAs\":[\"https:\\\/\\\/web.facebook.com\\\/profile.php?id=61558559594373&ref=embed_page\"]}]}<\/script>\n<!-- \/ Yoast SEO plugin. -->","yoast_head_json":{"title":"Toxic croquettes - Mon Guide","robots":{"index":"index","follow":"follow","max-snippet":"max-snippet:-1","max-image-preview":"max-image-preview:large","max-video-preview":"max-video-preview:-1"},"canonical":"https:\/\/monguide.net\/fr\/produit\/toxic-croquettes\/","og_locale":"fr_FR","og_type":"article","og_title":"Toxic croquettes - Mon Guide","og_description":"Vous saurez dans ce guide de 201 pages, au format PDF, disponible en t\u00e9l\u00e9chargement : - Comment donner \u00e0 votre animal une alimentation \u00ab naturelle \u00bb qui respecte ses besoins nutritionnels et lui permettra de vivre longtemps en bonne sant\u00e9 - Quels sont les vaccins vraiment indispensables et ceux qui sont inutiles - Comment distinguer, d\u00e8s la salle d\u2019attente, un v\u00e9t\u00e9rinaire qui se pr\u00e9occupe davantage de la sant\u00e9 des animaux que de son porte-monnaie.","og_url":"https:\/\/monguide.net\/fr\/produit\/toxic-croquettes\/","og_site_name":"Mon Guide","article_publisher":"https:\/\/web.facebook.com\/profile.php?id=61558559594373&ref=embed_page","article_modified_time":"2026-03-27T10:36:10+00:00","og_image":[{"width":997,"height":1500,"url":"https:\/\/monguide.net\/wp-content\/uploads\/2024\/10\/Toxic-croquettes.jpg","type":"image\/jpeg"}],"twitter_card":"summary_large_image","twitter_misc":{"Dur\u00e9e de lecture estim\u00e9e":"2 minutes"},"schema":{"@context":"https:\/\/schema.org","@graph":[{"@type":"WebPage","@id":"https:\/\/monguide.net\/produit\/toxic-croquettes\/","url":"https:\/\/monguide.net\/produit\/toxic-croquettes\/","name":"Toxic croquettes - Mon Guide","isPartOf":{"@id":"https:\/\/monguide.net\/#website"},"primaryImageOfPage":{"@id":"https:\/\/monguide.net\/produit\/toxic-croquettes\/#primaryimage"},"image":{"@id":"https:\/\/monguide.net\/produit\/toxic-croquettes\/#primaryimage"},"thumbnailUrl":"https:\/\/monguide.net\/wp-content\/uploads\/2024\/10\/Toxic-croquettes.jpg","datePublished":"2024-10-06T19:46:35+00:00","dateModified":"2026-03-27T10:36:10+00:00","breadcrumb":{"@id":"https:\/\/monguide.net\/produit\/toxic-croquettes\/#breadcrumb"},"inLanguage":"fr-FR","potentialAction":[{"@type":"ReadAction","target":["https:\/\/monguide.net\/produit\/toxic-croquettes\/"]}]},{"@type":"ImageObject","inLanguage":"fr-FR","@id":"https:\/\/monguide.net\/produit\/toxic-croquettes\/#primaryimage","url":"https:\/\/monguide.net\/wp-content\/uploads\/2024\/10\/Toxic-croquettes.jpg","contentUrl":"https:\/\/monguide.net\/wp-content\/uploads\/2024\/10\/Toxic-croquettes.jpg","width":997,"height":1500},{"@type":"BreadcrumbList","@id":"https:\/\/monguide.net\/produit\/toxic-croquettes\/#breadcrumb","itemListElement":[{"@type":"ListItem","position":1,"name":"Accueil","item":"https:\/\/monguide.net\/"},{"@type":"ListItem","position":2,"name":"Boutique","item":"https:\/\/monguide.net\/shop\/"},{"@type":"ListItem","position":3,"name":"Toxic croquettes"}]},{"@type":"WebSite","@id":"https:\/\/monguide.net\/#website","url":"https:\/\/monguide.net\/","name":"Mon Guide","description":"La boussole du monde. Tous vos livres et ebook \u00e0 un endroit","publisher":{"@id":"https:\/\/monguide.net\/#organization"},"potentialAction":[{"@type":"SearchAction","target":{"@type":"EntryPoint","urlTemplate":"https:\/\/monguide.net\/?s={search_term_string}"},"query-input":{"@type":"PropertyValueSpecification","valueRequired":true,"valueName":"search_term_string"}}],"inLanguage":"fr-FR"},{"@type":"Organization","@id":"https:\/\/monguide.net\/#organization","name":"Mon Guide","url":"https:\/\/monguide.net\/","logo":{"@type":"ImageObject","inLanguage":"fr-FR","@id":"https:\/\/monguide.net\/#\/schema\/logo\/image\/","url":"https:\/\/monguide.net\/wp-content\/uploads\/2024\/05\/Favicon.png","contentUrl":"https:\/\/monguide.net\/wp-content\/uploads\/2024\/05\/Favicon.png","width":512,"height":512,"caption":"Mon Guide"},"image":{"@id":"https:\/\/monguide.net\/#\/schema\/logo\/image\/"},"sameAs":["https:\/\/web.facebook.com\/profile.php?id=61558559594373&ref=embed_page"]}]}},"jetpack_sharing_enabled":true,"_links":{"self":[{"href":"https:\/\/monguide.net\/fr\/wp-json\/wp\/v2\/product\/19127","targetHints":{"allow":["GET"]}}],"collection":[{"href":"https:\/\/monguide.net\/fr\/wp-json\/wp\/v2\/product"}],"about":[{"href":"https:\/\/monguide.net\/fr\/wp-json\/wp\/v2\/types\/product"}],"replies":[{"embeddable":true,"href":"https:\/\/monguide.net\/fr\/wp-json\/wp\/v2\/comments?post=19127"}],"version-history":[{"count":0,"href":"https:\/\/monguide.net\/fr\/wp-json\/wp\/v2\/product\/19127\/revisions"}],"wp:featuredmedia":[{"embeddable":true,"href":"https:\/\/monguide.net\/fr\/wp-json\/wp\/v2\/media\/19129"}],"wp:attachment":[{"href":"https:\/\/monguide.net\/fr\/wp-json\/wp\/v2\/media?parent=19127"}],"wp:term":[{"taxonomy":"product_cat","embeddable":true,"href":"https:\/\/monguide.net\/fr\/wp-json\/wp\/v2\/product_cat?post=19127"},{"taxonomy":"product_tag","embeddable":true,"href":"https:\/\/monguide.net\/fr\/wp-json\/wp\/v2\/product_tag?post=19127"}],"curies":[{"name":"wp","href":"https:\/\/api.w.org\/{rel}","templated":true}]}}